{"id":29040,"date":"2023-03-08T14:39:19","date_gmt":"2023-03-08T13:39:19","guid":{"rendered":"https:\/\/campinglesgalets.fr\/camping-perpignan\/"},"modified":"2025-04-11T14:46:05","modified_gmt":"2025-04-11T13:46:05","slug":"camping-perpignan","status":"publish","type":"page","link":"https:\/\/campinglesgalets.fr\/nl\/camping-perpignan\/","title":{"rendered":"Camping in de buurt van Perpignan &#8211; dichtbij zee met waterpark &#8211; Les Galets"},"content":{"rendered":"","protected":false},"excerpt":{"rendered":"","protected":false},"author":1,"featured_media":299480,"parent":0,"menu_order":0,"comment_status":"closed","ping_status":"closed","template":"","meta":{"_acf_changed":false,"_et_pb_use_builder":"","_et_pb_old_content":"","_et_gb_content_width":"","footnotes":""},"class_list":["post-29040","page","type-page","status-publish","has-post-thumbnail","hentry"],"acf":[],"yoast_head":"<!-- This site is optimized with the Yoast SEO plugin v27.3 - https:\/\/yoast.com\/product\/yoast-seo-wordpress\/ -->\n<title>4-sterren camping Perpignan aan zee<\/title>\n<meta name=\"description\" content=\"D\u00e9couvrez le camping Les Galets, un havre de paix \u00e0 deux pas de Perpignan. Profitez d&#039;un cadre naturel exceptionnel et de services de qualit\u00e9 pour des vacances inoubliables en famille ou entre amis.\" \/>\n<meta name=\"robots\" content=\"index, follow, max-snippet:-1, max-image-preview:large, max-video-preview:-1\" \/>\n<link rel=\"canonical\" href=\"https:\/\/campinglesgalets.fr\/nl\/camping-perpignan\/\" \/>\n<meta property=\"og:locale\" content=\"nl_NL\" \/>\n<meta property=\"og:type\" content=\"article\" \/>\n<meta property=\"og:title\" content=\"4-sterren camping Perpignan aan zee\" \/>\n<meta property=\"og:description\" content=\"D\u00e9couvrez le camping Les Galets, un havre de paix \u00e0 deux pas de Perpignan. Profitez d&#039;un cadre naturel exceptionnel et de services de qualit\u00e9 pour des vacances inoubliables en famille ou entre amis.\" \/>\n<meta property=\"og:url\" content=\"https:\/\/campinglesgalets.fr\/nl\/camping-perpignan\/\" \/>\n<meta property=\"og:site_name\" content=\"Camping les galets\" \/>\n<meta property=\"article:modified_time\" content=\"2025-04-11T13:46:05+00:00\" \/>\n<meta property=\"og:image\" content=\"https:\/\/campinglesgalets.fr\/wp-content\/uploads\/2023\/03\/header-perpignan.png\" \/>\n\t<meta property=\"og:image:width\" content=\"1440\" \/>\n\t<meta property=\"og:image:height\" content=\"421\" \/>\n\t<meta property=\"og:image:type\" content=\"image\/png\" \/>\n<meta name=\"twitter:card\" content=\"summary_large_image\" \/>\n<meta name=\"twitter:label1\" content=\"Geschatte leestijd\" \/>\n\t<meta name=\"twitter:data1\" content=\"8 minuten\" \/>\n<script type=\"application\/ld+json\" class=\"yoast-schema-graph\">{\"@context\":\"https:\\\/\\\/schema.org\",\"@graph\":[{\"@type\":\"WebPage\",\"@id\":\"https:\\\/\\\/campinglesgalets.fr\\\/nl\\\/camping-perpignan\\\/\",\"url\":\"https:\\\/\\\/campinglesgalets.fr\\\/nl\\\/camping-perpignan\\\/\",\"name\":\"4-sterren camping Perpignan aan zee\",\"isPartOf\":{\"@id\":\"https:\\\/\\\/campinglesgalets.fr\\\/nl\\\/#website\"},\"primaryImageOfPage\":{\"@id\":\"https:\\\/\\\/campinglesgalets.fr\\\/nl\\\/camping-perpignan\\\/#primaryimage\"},\"image\":{\"@id\":\"https:\\\/\\\/campinglesgalets.fr\\\/nl\\\/camping-perpignan\\\/#primaryimage\"},\"thumbnailUrl\":\"https:\\\/\\\/campinglesgalets.fr\\\/wp-content\\\/uploads\\\/2025\\\/11\\\/AdobeStock_449025045-scaled-1.avif\",\"datePublished\":\"2023-03-08T13:39:19+00:00\",\"dateModified\":\"2025-04-11T13:46:05+00:00\",\"description\":\"D\u00e9couvrez le camping Les Galets, un havre de paix \u00e0 deux pas de Perpignan. Profitez d'un cadre naturel exceptionnel et de services de qualit\u00e9 pour des vacances inoubliables en famille ou entre amis.\",\"breadcrumb\":{\"@id\":\"https:\\\/\\\/campinglesgalets.fr\\\/nl\\\/camping-perpignan\\\/#breadcrumb\"},\"inLanguage\":\"nl-NL\",\"potentialAction\":[{\"@type\":\"ReadAction\",\"target\":[\"https:\\\/\\\/campinglesgalets.fr\\\/nl\\\/camping-perpignan\\\/\"]}]},{\"@type\":\"ImageObject\",\"inLanguage\":\"nl-NL\",\"@id\":\"https:\\\/\\\/campinglesgalets.fr\\\/nl\\\/camping-perpignan\\\/#primaryimage\",\"url\":\"https:\\\/\\\/campinglesgalets.fr\\\/wp-content\\\/uploads\\\/2025\\\/11\\\/AdobeStock_449025045-scaled-1.avif\",\"contentUrl\":\"https:\\\/\\\/campinglesgalets.fr\\\/wp-content\\\/uploads\\\/2025\\\/11\\\/AdobeStock_449025045-scaled-1.avif\",\"width\":2880,\"height\":1620},{\"@type\":\"BreadcrumbList\",\"@id\":\"https:\\\/\\\/campinglesgalets.fr\\\/nl\\\/camping-perpignan\\\/#breadcrumb\",\"itemListElement\":[{\"@type\":\"ListItem\",\"position\":1,\"name\":\"Camping \u00e0 Argel\u00e8s-sur-Mer\",\"item\":\"https:\\\/\\\/campinglesgalets.fr\\\/nl\\\/\"},{\"@type\":\"ListItem\",\"position\":2,\"name\":\"Camping in de buurt van Perpignan &#8211; dichtbij zee met waterpark &#8211; Les Galets\"}]},{\"@type\":\"WebSite\",\"@id\":\"https:\\\/\\\/campinglesgalets.fr\\\/nl\\\/#website\",\"url\":\"https:\\\/\\\/campinglesgalets.fr\\\/nl\\\/\",\"name\":\"Camping les galets\",\"description\":\"Camping Argel\u00e8s-sur-Mer\",\"publisher\":{\"@id\":\"https:\\\/\\\/campinglesgalets.fr\\\/nl\\\/#organization\"},\"potentialAction\":[{\"@type\":\"SearchAction\",\"target\":{\"@type\":\"EntryPoint\",\"urlTemplate\":\"https:\\\/\\\/campinglesgalets.fr\\\/nl\\\/?s={search_term_string}\"},\"query-input\":{\"@type\":\"PropertyValueSpecification\",\"valueRequired\":true,\"valueName\":\"search_term_string\"}}],\"inLanguage\":\"nl-NL\"},{\"@type\":\"Organization\",\"@id\":\"https:\\\/\\\/campinglesgalets.fr\\\/nl\\\/#organization\",\"name\":\"Camping les Galets\",\"url\":\"https:\\\/\\\/campinglesgalets.fr\\\/nl\\\/\",\"logo\":{\"@type\":\"ImageObject\",\"inLanguage\":\"nl-NL\",\"@id\":\"https:\\\/\\\/campinglesgalets.fr\\\/nl\\\/#\\\/schema\\\/logo\\\/image\\\/\",\"url\":\"https:\\\/\\\/campinglesgalets.fr\\\/wp-content\\\/uploads\\\/2025\\\/10\\\/Logo_Footer.svg\",\"contentUrl\":\"https:\\\/\\\/campinglesgalets.fr\\\/wp-content\\\/uploads\\\/2025\\\/10\\\/Logo_Footer.svg\",\"width\":267,\"height\":175,\"caption\":\"Camping les Galets\"},\"image\":{\"@id\":\"https:\\\/\\\/campinglesgalets.fr\\\/nl\\\/#\\\/schema\\\/logo\\\/image\\\/\"}}]}<\/script>\n<!-- \/ Yoast SEO plugin. -->","yoast_head_json":{"title":"4-sterren camping Perpignan aan zee","description":"D\u00e9couvrez le camping Les Galets, un havre de paix \u00e0 deux pas de Perpignan. Profitez d'un cadre naturel exceptionnel et de services de qualit\u00e9 pour des vacances inoubliables en famille ou entre amis.","robots":{"index":"index","follow":"follow","max-snippet":"max-snippet:-1","max-image-preview":"max-image-preview:large","max-video-preview":"max-video-preview:-1"},"canonical":"https:\/\/campinglesgalets.fr\/nl\/camping-perpignan\/","og_locale":"nl_NL","og_type":"article","og_title":"4-sterren camping Perpignan aan zee","og_description":"D\u00e9couvrez le camping Les Galets, un havre de paix \u00e0 deux pas de Perpignan. Profitez d'un cadre naturel exceptionnel et de services de qualit\u00e9 pour des vacances inoubliables en famille ou entre amis.","og_url":"https:\/\/campinglesgalets.fr\/nl\/camping-perpignan\/","og_site_name":"Camping les galets","article_modified_time":"2025-04-11T13:46:05+00:00","og_image":[{"width":1440,"height":421,"url":"https:\/\/campinglesgalets.fr\/wp-content\/uploads\/2023\/03\/header-perpignan.png","type":"image\/png"}],"twitter_card":"summary_large_image","twitter_misc":{"Geschatte leestijd":"8 minuten"},"schema":{"@context":"https:\/\/schema.org","@graph":[{"@type":"WebPage","@id":"https:\/\/campinglesgalets.fr\/nl\/camping-perpignan\/","url":"https:\/\/campinglesgalets.fr\/nl\/camping-perpignan\/","name":"4-sterren camping Perpignan aan zee","isPartOf":{"@id":"https:\/\/campinglesgalets.fr\/nl\/#website"},"primaryImageOfPage":{"@id":"https:\/\/campinglesgalets.fr\/nl\/camping-perpignan\/#primaryimage"},"image":{"@id":"https:\/\/campinglesgalets.fr\/nl\/camping-perpignan\/#primaryimage"},"thumbnailUrl":"https:\/\/campinglesgalets.fr\/wp-content\/uploads\/2025\/11\/AdobeStock_449025045-scaled-1.avif","datePublished":"2023-03-08T13:39:19+00:00","dateModified":"2025-04-11T13:46:05+00:00","description":"D\u00e9couvrez le camping Les Galets, un havre de paix \u00e0 deux pas de Perpignan. Profitez d'un cadre naturel exceptionnel et de services de qualit\u00e9 pour des vacances inoubliables en famille ou entre amis.","breadcrumb":{"@id":"https:\/\/campinglesgalets.fr\/nl\/camping-perpignan\/#breadcrumb"},"inLanguage":"nl-NL","potentialAction":[{"@type":"ReadAction","target":["https:\/\/campinglesgalets.fr\/nl\/camping-perpignan\/"]}]},{"@type":"ImageObject","inLanguage":"nl-NL","@id":"https:\/\/campinglesgalets.fr\/nl\/camping-perpignan\/#primaryimage","url":"https:\/\/campinglesgalets.fr\/wp-content\/uploads\/2025\/11\/AdobeStock_449025045-scaled-1.avif","contentUrl":"https:\/\/campinglesgalets.fr\/wp-content\/uploads\/2025\/11\/AdobeStock_449025045-scaled-1.avif","width":2880,"height":1620},{"@type":"BreadcrumbList","@id":"https:\/\/campinglesgalets.fr\/nl\/camping-perpignan\/#breadcrumb","itemListElement":[{"@type":"ListItem","position":1,"name":"Camping \u00e0 Argel\u00e8s-sur-Mer","item":"https:\/\/campinglesgalets.fr\/nl\/"},{"@type":"ListItem","position":2,"name":"Camping in de buurt van Perpignan &#8211; dichtbij zee met waterpark &#8211; Les Galets"}]},{"@type":"WebSite","@id":"https:\/\/campinglesgalets.fr\/nl\/#website","url":"https:\/\/campinglesgalets.fr\/nl\/","name":"Camping les galets","description":"Camping Argel\u00e8s-sur-Mer","publisher":{"@id":"https:\/\/campinglesgalets.fr\/nl\/#organization"},"potentialAction":[{"@type":"SearchAction","target":{"@type":"EntryPoint","urlTemplate":"https:\/\/campinglesgalets.fr\/nl\/?s={search_term_string}"},"query-input":{"@type":"PropertyValueSpecification","valueRequired":true,"valueName":"search_term_string"}}],"inLanguage":"nl-NL"},{"@type":"Organization","@id":"https:\/\/campinglesgalets.fr\/nl\/#organization","name":"Camping les Galets","url":"https:\/\/campinglesgalets.fr\/nl\/","logo":{"@type":"ImageObject","inLanguage":"nl-NL","@id":"https:\/\/campinglesgalets.fr\/nl\/#\/schema\/logo\/image\/","url":"https:\/\/campinglesgalets.fr\/wp-content\/uploads\/2025\/10\/Logo_Footer.svg","contentUrl":"https:\/\/campinglesgalets.fr\/wp-content\/uploads\/2025\/10\/Logo_Footer.svg","width":267,"height":175,"caption":"Camping les Galets"},"image":{"@id":"https:\/\/campinglesgalets.fr\/nl\/#\/schema\/logo\/image\/"}}]}},"_links":{"self":[{"href":"https:\/\/campinglesgalets.fr\/nl\/wp-json\/wp\/v2\/pages\/29040","targetHints":{"allow":["GET"]}}],"collection":[{"href":"https:\/\/campinglesgalets.fr\/nl\/wp-json\/wp\/v2\/pages"}],"about":[{"href":"https:\/\/campinglesgalets.fr\/nl\/wp-json\/wp\/v2\/types\/page"}],"author":[{"embeddable":true,"href":"https:\/\/campinglesgalets.fr\/nl\/wp-json\/wp\/v2\/users\/1"}],"replies":[{"embeddable":true,"href":"https:\/\/campinglesgalets.fr\/nl\/wp-json\/wp\/v2\/comments?post=29040"}],"version-history":[{"count":0,"href":"https:\/\/campinglesgalets.fr\/nl\/wp-json\/wp\/v2\/pages\/29040\/revisions"}],"wp:featuredmedia":[{"embeddable":true,"href":"https:\/\/campinglesgalets.fr\/nl\/wp-json\/wp\/v2\/media\/299480"}],"wp:attachment":[{"href":"https:\/\/campinglesgalets.fr\/nl\/wp-json\/wp\/v2\/media?parent=29040"}],"curies":[{"name":"wp","href":"https:\/\/api.w.org\/{rel}","templated":true}]}}