{"id":25882,"date":"2023-03-08T15:08:15","date_gmt":"2023-03-08T14:08:15","guid":{"rendered":"https:\/\/campinglesgalets.fr\/pass-patrimoine\/"},"modified":"2023-03-28T15:37:09","modified_gmt":"2023-03-28T14:37:09","slug":"pass-patrimoine","status":"publish","type":"page","link":"https:\/\/campinglesgalets.fr\/nl\/pass-patrimoine\/","title":{"rendered":"Pass Patrimoine"},"content":{"rendered":"<p>De afdeling Pyrenee\u00ebn-Ori\u00ebntales zal liefhebbers van erfgoed en cultuur aanspreken, u zult niet nalaten orgels van Ille-sur-Tet, het fort van Salses en vele andere historische bezienswaardigheden te bezoeken.<\/p>\n<p>Ontvang een gereduceerd tarief bij uw tweede bezoek, leer meer over de gebruiksvoorwaarden en de betrokken historische monumenten, door uw Heritage Pass te downloaden door hier te klikken!<\/p>\n<p>Als u een groot liefhebber bent van erfgoed, zult u zeker de mooiste monumenten van Perpignan en de Oostelijke Pyrenee\u00ebn willen bezoeken tijdens uw bezoek aan Catalaans land.<\/p>\n<p>Met de Heritage Pass u profiteren van kortingen op de ticketprijs van meer dan 60 betaalde culturele sites in de 66: abdijen, kastelen, musea, forten, middeleeuwse dorpen&#8230; Deze speciale pas geeft u toegang tot een gereduceerde prijs voor het tweede bezoek aan een site. De korting is geldig bijvoorbeeld als u samen reist. U betaalt de normale prijs voor een ticket, en een goedkoper tarief zal worden toegepast op de mensen die u vergezellen.<\/p>\n<p>De Heritage Pass 66 is volledig gratis. U het krijgen in de 60 sites, in de VVV-kantoren en de partner receptie faciliteiten. Het draagt bij aan de invloed van de Catalaanse cultuur en zal u toelaten om de fantastische culturele schatten van de Oostelijke Pyrenee\u00ebn te ontdekken, terwijl het verminderen van uw uitgaven.<\/p>\n<p>Neem de tijd om het document te downloaden met alle informatie over de Heritage Pass voor uw verblijf op de Argel\u00e8s sur Mer camping. Het bevat praktische informatie zoals lijst, schema&#8217;s, tarieven met en zonder vermindering van alle partnersites.<\/p>\n","protected":false},"excerpt":{"rendered":"<p>De afdeling Pyrenee\u00ebn-Ori\u00ebntales zal liefhebbers van erfgoed en cultuur aanspreken, u zult niet nalaten orgels van Ille-sur-Tet, het fort van Salses en vele andere historische bezienswaardigheden te bezoeken. Ontvang een gereduceerd tarief bij uw tweede bezoek, leer meer over de gebruiksvoorwaarden en de betrokken historische monumenten, door uw Heritage Pass te downloaden door hier te [&hellip;]<\/p>\n","protected":false},"author":1,"featured_media":24815,"parent":0,"menu_order":0,"comment_status":"closed","ping_status":"closed","template":"","meta":{"_acf_changed":false,"_et_pb_use_builder":"","_et_pb_old_content":"","_et_gb_content_width":"","footnotes":""},"class_list":["post-25882","page","type-page","status-publish","has-post-thumbnail","hentry"],"acf":[],"yoast_head":"<!-- This site is optimized with the Yoast SEO plugin v27.3 - https:\/\/yoast.com\/product\/yoast-seo-wordpress\/ -->\n<title>Heritage Pass 66: kortingen op uw bezoeken aan de Oostelijke Pyrenee\u00ebn<\/title>\n<meta name=\"robots\" content=\"index, follow, max-snippet:-1, max-image-preview:large, max-video-preview:-1\" \/>\n<link rel=\"canonical\" href=\"https:\/\/campinglesgalets.fr\/nl\/pass-patrimoine\/\" \/>\n<meta property=\"og:locale\" content=\"nl_NL\" \/>\n<meta property=\"og:type\" content=\"article\" \/>\n<meta property=\"og:title\" content=\"Heritage Pass 66: kortingen op uw bezoeken aan de Oostelijke Pyrenee\u00ebn\" \/>\n<meta property=\"og:description\" content=\"De afdeling Pyrenee\u00ebn-Ori\u00ebntales zal liefhebbers van erfgoed en cultuur aanspreken, u zult niet nalaten orgels van Ille-sur-Tet, het fort van Salses en vele andere historische bezienswaardigheden te bezoeken. Ontvang een gereduceerd tarief bij uw tweede bezoek, leer meer over de gebruiksvoorwaarden en de betrokken historische monumenten, door uw Heritage Pass te downloaden door hier te [&hellip;]\" \/>\n<meta property=\"og:url\" content=\"https:\/\/campinglesgalets.fr\/nl\/pass-patrimoine\/\" \/>\n<meta property=\"og:site_name\" content=\"Camping les galets\" \/>\n<meta property=\"article:modified_time\" content=\"2023-03-28T14:37:09+00:00\" \/>\n<meta property=\"og:image\" content=\"https:\/\/campinglesgalets.fr\/wp-content\/uploads\/2023\/03\/notre_dame_du_chateau_light.jpg\" \/>\n\t<meta property=\"og:image:width\" content=\"1500\" \/>\n\t<meta property=\"og:image:height\" content=\"1004\" \/>\n\t<meta property=\"og:image:type\" content=\"image\/jpeg\" \/>\n<meta name=\"twitter:card\" content=\"summary_large_image\" \/>\n<meta name=\"twitter:label1\" content=\"Geschatte leestijd\" \/>\n\t<meta name=\"twitter:data1\" content=\"2 minuten\" \/>\n<script type=\"application\/ld+json\" class=\"yoast-schema-graph\">{\"@context\":\"https:\\\/\\\/schema.org\",\"@graph\":[{\"@type\":\"WebPage\",\"@id\":\"https:\\\/\\\/campinglesgalets.fr\\\/nl\\\/pass-patrimoine\\\/\",\"url\":\"https:\\\/\\\/campinglesgalets.fr\\\/nl\\\/pass-patrimoine\\\/\",\"name\":\"Heritage Pass 66: kortingen op uw bezoeken aan de Oostelijke Pyrenee\u00ebn\",\"isPartOf\":{\"@id\":\"https:\\\/\\\/campinglesgalets.fr\\\/nl\\\/#website\"},\"primaryImageOfPage\":{\"@id\":\"https:\\\/\\\/campinglesgalets.fr\\\/nl\\\/pass-patrimoine\\\/#primaryimage\"},\"image\":{\"@id\":\"https:\\\/\\\/campinglesgalets.fr\\\/nl\\\/pass-patrimoine\\\/#primaryimage\"},\"thumbnailUrl\":\"https:\\\/\\\/campinglesgalets.fr\\\/wp-content\\\/uploads\\\/2023\\\/03\\\/notre_dame_du_chateau_light.jpg\",\"datePublished\":\"2023-03-08T14:08:15+00:00\",\"dateModified\":\"2023-03-28T14:37:09+00:00\",\"breadcrumb\":{\"@id\":\"https:\\\/\\\/campinglesgalets.fr\\\/nl\\\/pass-patrimoine\\\/#breadcrumb\"},\"inLanguage\":\"nl-NL\",\"potentialAction\":[{\"@type\":\"ReadAction\",\"target\":[\"https:\\\/\\\/campinglesgalets.fr\\\/nl\\\/pass-patrimoine\\\/\"]}]},{\"@type\":\"ImageObject\",\"inLanguage\":\"nl-NL\",\"@id\":\"https:\\\/\\\/campinglesgalets.fr\\\/nl\\\/pass-patrimoine\\\/#primaryimage\",\"url\":\"https:\\\/\\\/campinglesgalets.fr\\\/wp-content\\\/uploads\\\/2023\\\/03\\\/notre_dame_du_chateau_light.jpg\",\"contentUrl\":\"https:\\\/\\\/campinglesgalets.fr\\\/wp-content\\\/uploads\\\/2023\\\/03\\\/notre_dame_du_chateau_light.jpg\",\"width\":1500,\"height\":1004},{\"@type\":\"BreadcrumbList\",\"@id\":\"https:\\\/\\\/campinglesgalets.fr\\\/nl\\\/pass-patrimoine\\\/#breadcrumb\",\"itemListElement\":[{\"@type\":\"ListItem\",\"position\":1,\"name\":\"Camping \u00e0 Argel\u00e8s-sur-Mer\",\"item\":\"https:\\\/\\\/campinglesgalets.fr\\\/nl\\\/\"},{\"@type\":\"ListItem\",\"position\":2,\"name\":\"Pass Patrimoine\"}]},{\"@type\":\"WebSite\",\"@id\":\"https:\\\/\\\/campinglesgalets.fr\\\/nl\\\/#website\",\"url\":\"https:\\\/\\\/campinglesgalets.fr\\\/nl\\\/\",\"name\":\"Camping les galets\",\"description\":\"Camping Argel\u00e8s-sur-Mer\",\"publisher\":{\"@id\":\"https:\\\/\\\/campinglesgalets.fr\\\/nl\\\/#organization\"},\"potentialAction\":[{\"@type\":\"SearchAction\",\"target\":{\"@type\":\"EntryPoint\",\"urlTemplate\":\"https:\\\/\\\/campinglesgalets.fr\\\/nl\\\/?s={search_term_string}\"},\"query-input\":{\"@type\":\"PropertyValueSpecification\",\"valueRequired\":true,\"valueName\":\"search_term_string\"}}],\"inLanguage\":\"nl-NL\"},{\"@type\":\"Organization\",\"@id\":\"https:\\\/\\\/campinglesgalets.fr\\\/nl\\\/#organization\",\"name\":\"Camping les Galets\",\"url\":\"https:\\\/\\\/campinglesgalets.fr\\\/nl\\\/\",\"logo\":{\"@type\":\"ImageObject\",\"inLanguage\":\"nl-NL\",\"@id\":\"https:\\\/\\\/campinglesgalets.fr\\\/nl\\\/#\\\/schema\\\/logo\\\/image\\\/\",\"url\":\"https:\\\/\\\/campinglesgalets.fr\\\/wp-content\\\/uploads\\\/2025\\\/10\\\/Logo_Footer.svg\",\"contentUrl\":\"https:\\\/\\\/campinglesgalets.fr\\\/wp-content\\\/uploads\\\/2025\\\/10\\\/Logo_Footer.svg\",\"width\":267,\"height\":175,\"caption\":\"Camping les Galets\"},\"image\":{\"@id\":\"https:\\\/\\\/campinglesgalets.fr\\\/nl\\\/#\\\/schema\\\/logo\\\/image\\\/\"}}]}<\/script>\n<!-- \/ Yoast SEO plugin. -->","yoast_head_json":{"title":"Heritage Pass 66: kortingen op uw bezoeken aan de Oostelijke Pyrenee\u00ebn","robots":{"index":"index","follow":"follow","max-snippet":"max-snippet:-1","max-image-preview":"max-image-preview:large","max-video-preview":"max-video-preview:-1"},"canonical":"https:\/\/campinglesgalets.fr\/nl\/pass-patrimoine\/","og_locale":"nl_NL","og_type":"article","og_title":"Heritage Pass 66: kortingen op uw bezoeken aan de Oostelijke Pyrenee\u00ebn","og_description":"De afdeling Pyrenee\u00ebn-Ori\u00ebntales zal liefhebbers van erfgoed en cultuur aanspreken, u zult niet nalaten orgels van Ille-sur-Tet, het fort van Salses en vele andere historische bezienswaardigheden te bezoeken. Ontvang een gereduceerd tarief bij uw tweede bezoek, leer meer over de gebruiksvoorwaarden en de betrokken historische monumenten, door uw Heritage Pass te downloaden door hier te [&hellip;]","og_url":"https:\/\/campinglesgalets.fr\/nl\/pass-patrimoine\/","og_site_name":"Camping les galets","article_modified_time":"2023-03-28T14:37:09+00:00","og_image":[{"width":1500,"height":1004,"url":"https:\/\/campinglesgalets.fr\/wp-content\/uploads\/2023\/03\/notre_dame_du_chateau_light.jpg","type":"image\/jpeg"}],"twitter_card":"summary_large_image","twitter_misc":{"Geschatte leestijd":"2 minuten"},"schema":{"@context":"https:\/\/schema.org","@graph":[{"@type":"WebPage","@id":"https:\/\/campinglesgalets.fr\/nl\/pass-patrimoine\/","url":"https:\/\/campinglesgalets.fr\/nl\/pass-patrimoine\/","name":"Heritage Pass 66: kortingen op uw bezoeken aan de Oostelijke Pyrenee\u00ebn","isPartOf":{"@id":"https:\/\/campinglesgalets.fr\/nl\/#website"},"primaryImageOfPage":{"@id":"https:\/\/campinglesgalets.fr\/nl\/pass-patrimoine\/#primaryimage"},"image":{"@id":"https:\/\/campinglesgalets.fr\/nl\/pass-patrimoine\/#primaryimage"},"thumbnailUrl":"https:\/\/campinglesgalets.fr\/wp-content\/uploads\/2023\/03\/notre_dame_du_chateau_light.jpg","datePublished":"2023-03-08T14:08:15+00:00","dateModified":"2023-03-28T14:37:09+00:00","breadcrumb":{"@id":"https:\/\/campinglesgalets.fr\/nl\/pass-patrimoine\/#breadcrumb"},"inLanguage":"nl-NL","potentialAction":[{"@type":"ReadAction","target":["https:\/\/campinglesgalets.fr\/nl\/pass-patrimoine\/"]}]},{"@type":"ImageObject","inLanguage":"nl-NL","@id":"https:\/\/campinglesgalets.fr\/nl\/pass-patrimoine\/#primaryimage","url":"https:\/\/campinglesgalets.fr\/wp-content\/uploads\/2023\/03\/notre_dame_du_chateau_light.jpg","contentUrl":"https:\/\/campinglesgalets.fr\/wp-content\/uploads\/2023\/03\/notre_dame_du_chateau_light.jpg","width":1500,"height":1004},{"@type":"BreadcrumbList","@id":"https:\/\/campinglesgalets.fr\/nl\/pass-patrimoine\/#breadcrumb","itemListElement":[{"@type":"ListItem","position":1,"name":"Camping \u00e0 Argel\u00e8s-sur-Mer","item":"https:\/\/campinglesgalets.fr\/nl\/"},{"@type":"ListItem","position":2,"name":"Pass Patrimoine"}]},{"@type":"WebSite","@id":"https:\/\/campinglesgalets.fr\/nl\/#website","url":"https:\/\/campinglesgalets.fr\/nl\/","name":"Camping les galets","description":"Camping Argel\u00e8s-sur-Mer","publisher":{"@id":"https:\/\/campinglesgalets.fr\/nl\/#organization"},"potentialAction":[{"@type":"SearchAction","target":{"@type":"EntryPoint","urlTemplate":"https:\/\/campinglesgalets.fr\/nl\/?s={search_term_string}"},"query-input":{"@type":"PropertyValueSpecification","valueRequired":true,"valueName":"search_term_string"}}],"inLanguage":"nl-NL"},{"@type":"Organization","@id":"https:\/\/campinglesgalets.fr\/nl\/#organization","name":"Camping les Galets","url":"https:\/\/campinglesgalets.fr\/nl\/","logo":{"@type":"ImageObject","inLanguage":"nl-NL","@id":"https:\/\/campinglesgalets.fr\/nl\/#\/schema\/logo\/image\/","url":"https:\/\/campinglesgalets.fr\/wp-content\/uploads\/2025\/10\/Logo_Footer.svg","contentUrl":"https:\/\/campinglesgalets.fr\/wp-content\/uploads\/2025\/10\/Logo_Footer.svg","width":267,"height":175,"caption":"Camping les Galets"},"image":{"@id":"https:\/\/campinglesgalets.fr\/nl\/#\/schema\/logo\/image\/"}}]}},"_links":{"self":[{"href":"https:\/\/campinglesgalets.fr\/nl\/wp-json\/wp\/v2\/pages\/25882","targetHints":{"allow":["GET"]}}],"collection":[{"href":"https:\/\/campinglesgalets.fr\/nl\/wp-json\/wp\/v2\/pages"}],"about":[{"href":"https:\/\/campinglesgalets.fr\/nl\/wp-json\/wp\/v2\/types\/page"}],"author":[{"embeddable":true,"href":"https:\/\/campinglesgalets.fr\/nl\/wp-json\/wp\/v2\/users\/1"}],"replies":[{"embeddable":true,"href":"https:\/\/campinglesgalets.fr\/nl\/wp-json\/wp\/v2\/comments?post=25882"}],"version-history":[{"count":0,"href":"https:\/\/campinglesgalets.fr\/nl\/wp-json\/wp\/v2\/pages\/25882\/revisions"}],"wp:featuredmedia":[{"embeddable":true,"href":"https:\/\/campinglesgalets.fr\/nl\/wp-json\/wp\/v2\/media\/24815"}],"wp:attachment":[{"href":"https:\/\/campinglesgalets.fr\/nl\/wp-json\/wp\/v2\/media?parent=25882"}],"curies":[{"name":"wp","href":"https:\/\/api.w.org\/{rel}","templated":true}]}}