{"id":25665,"date":"2023-03-07T17:15:08","date_gmt":"2023-03-07T16:15:08","guid":{"rendered":"https:\/\/campinglesgalets.fr\/nos-partenaires\/"},"modified":"2026-03-30T10:18:47","modified_gmt":"2026-03-30T09:18:47","slug":"onze-partners","status":"publish","type":"page","link":"https:\/\/campinglesgalets.fr\/nl\/onze-partners\/","title":{"rendered":"Onze partners"},"content":{"rendered":"<p><strong><em>In Argel\u00e8s-sur-Mer, op minder dan 5 km afstand van de camping of in \u00e9\u00e9n van de dorpjes dichtbij:<\/em><\/strong><\/p>\n<ul>\n<li>Boottochten, zeevissen : <strong>Compagnie KAPMER <a href=\"https:\/\/www.kapmer.fr\/\">https:\/\/www.kapmer.fr\/<\/a><u><\/u><\/strong><\/li>\n<li>Strandclub : <strong>Club Emeraude : op 5 minuten fietsafstand, verhuur van ligbedden,surfplanken&#8230;\u00a0 <u><a href=\"https:\/\/clubemeraude.fr\/\" target=\"_blank\" rel=\"noopener noreferrer\">http:\/\/club-emeraude.com<\/a><\/u><\/strong><\/li>\n<li>Zeekayak: <strong>Blue B\u00e9ar: ontdek de mooie rotskust : <a href=\"https:\/\/www.blue-bear.org\/\">https:\/\/www.blue-bear.org\/<\/a><\/strong><\/li>\n<li>Mountainbiken, fietsverhuur :<a href=\"https:\/\/www.blue-bear.org\/\"><strong> https:\/\/www.blue-bear.org\/<\/strong><\/a><\/li>\n<li>Paardrijden :<strong>Rando Ranch<\/strong> <strong><u><a href=\"http:\/\/www.randoranch66.com\" target=\"_blank\" rel=\"noopener noreferrer\"> http:\/\/www.randoranch66.com<\/a><\/u><\/strong><br \/>\n<u><\/u><\/li>\n<li><strong>Excursies met de bus<\/strong>: vertrek vanaf de camping :<strong> Argel\u00e8s Tourisme Voyage<\/strong>:<u> <strong><a href=\"http:\/\/www.argeles-tourisme.com\">http:\/\/argeles-tourisme.com<\/a><\/strong><\/u><\/li>\n<li><strong>Wandeltochten<\/strong> vanaf\u00a0 Argeles-sur-mer met : <u><strong><a href=\"http:\/\/www.accompagnateur-montagne-pyrenees.com\/pages\/randonnees_argeles_sur_mer.html\">Rando Evasion http:\/\/www.accompagnateur-montagne-pyrenees.com<\/a><\/strong><\/u><\/li>\n<li><strong>Wildwaterpark &#8216;Aqualand&#8217; : verkoop van kaartjes aan de receptie<\/strong><strong>\u00a0 <u><a href=\"http:\/\/www.aqualand.fr\">http:\/\/www.aqualand.fr<\/a><\/u><\/strong><\/li>\n<\/ul>\n<p><strong><em>In het naast gelegen d\u00e9partement de l&#8217;Aude op ongeveer 90km<\/em><\/strong> afstand:<\/p>\n<ul>\n<li>R\u00e9serve africaine de Sigean :\u00a0<u> <strong><a href=\"http:\/\/www.reserveafricainesigean.fr\/\">http:\/\/www.reserveafricainesigean.fr\/<\/a><\/strong><\/u><\/li>\n<li>Wildwatersport in Axat: <strong><a href=\"https:\/\/www.eauvivepassion.fr\/fr\/\">https:\/\/www.eauvivepassion.fr\/fr\/<\/a><\/strong><u><\/u><\/li>\n<\/ul>\n","protected":false},"excerpt":{"rendered":"<p>In Argel\u00e8s-sur-Mer, op minder dan 5 km afstand van de camping of in \u00e9\u00e9n van de dorpjes dichtbij: Boottochten, zeevissen : Compagnie KAPMER https:\/\/www.kapmer.fr\/ Strandclub : Club Emeraude : op 5 minuten fietsafstand, verhuur van ligbedden,surfplanken&#8230;\u00a0 http:\/\/club-emeraude.com Zeekayak: Blue B\u00e9ar: ontdek de mooie rotskust : https:\/\/www.blue-bear.org\/ Mountainbiken, fietsverhuur : https:\/\/www.blue-bear.org\/ Paardrijden :Rando Ranch http:\/\/www.randoranch66.com Excursies [&hellip;]<\/p>\n","protected":false},"author":1,"featured_media":24705,"parent":0,"menu_order":0,"comment_status":"closed","ping_status":"closed","template":"","meta":{"_acf_changed":false,"_et_pb_use_builder":"","_et_pb_old_content":"","_et_gb_content_width":"","footnotes":""},"class_list":["post-25665","page","type-page","status-publish","has-post-thumbnail","hentry"],"acf":[],"yoast_head":"<!-- This site is optimized with the Yoast SEO plugin v27.3 - https:\/\/yoast.com\/product\/yoast-seo-wordpress\/ -->\n<title>Onze partners - Camping les galets<\/title>\n<meta name=\"description\" content=\"Maak kennis met onze lokale partners die uw vakantie-ervaring op Camping Les Galets verrijken.\" \/>\n<meta name=\"robots\" content=\"index, follow, max-snippet:-1, max-image-preview:large, max-video-preview:-1\" \/>\n<link rel=\"canonical\" href=\"https:\/\/campinglesgalets.fr\/nl\/onze-partners\/\" \/>\n<meta property=\"og:locale\" content=\"nl_NL\" \/>\n<meta property=\"og:type\" content=\"article\" \/>\n<meta property=\"og:title\" content=\"Onze partners - Camping les galets\" \/>\n<meta property=\"og:description\" content=\"Maak kennis met onze lokale partners die uw vakantie-ervaring op Camping Les Galets verrijken.\" \/>\n<meta property=\"og:url\" content=\"https:\/\/campinglesgalets.fr\/nl\/onze-partners\/\" \/>\n<meta property=\"og:site_name\" content=\"Camping les galets\" \/>\n<meta property=\"article:modified_time\" content=\"2026-03-30T09:18:47+00:00\" \/>\n<meta property=\"og:image\" content=\"https:\/\/campinglesgalets.fr\/wp-content\/uploads\/2023\/03\/paddle_mer_argeles_plage-2100x1934-1.jpg\" \/>\n\t<meta property=\"og:image:width\" content=\"2100\" \/>\n\t<meta property=\"og:image:height\" content=\"1934\" \/>\n\t<meta property=\"og:image:type\" content=\"image\/jpeg\" \/>\n<meta name=\"twitter:card\" content=\"summary_large_image\" \/>\n<meta name=\"twitter:label1\" content=\"Geschatte leestijd\" \/>\n\t<meta name=\"twitter:data1\" content=\"1 minuut\" \/>\n<script type=\"application\/ld+json\" class=\"yoast-schema-graph\">{\"@context\":\"https:\\\/\\\/schema.org\",\"@graph\":[{\"@type\":\"WebPage\",\"@id\":\"https:\\\/\\\/campinglesgalets.fr\\\/nl\\\/onze-partners\\\/\",\"url\":\"https:\\\/\\\/campinglesgalets.fr\\\/nl\\\/onze-partners\\\/\",\"name\":\"Onze partners - Camping les galets\",\"isPartOf\":{\"@id\":\"https:\\\/\\\/campinglesgalets.fr\\\/nl\\\/#website\"},\"primaryImageOfPage\":{\"@id\":\"https:\\\/\\\/campinglesgalets.fr\\\/nl\\\/onze-partners\\\/#primaryimage\"},\"image\":{\"@id\":\"https:\\\/\\\/campinglesgalets.fr\\\/nl\\\/onze-partners\\\/#primaryimage\"},\"thumbnailUrl\":\"https:\\\/\\\/campinglesgalets.fr\\\/wp-content\\\/uploads\\\/2023\\\/03\\\/paddle_mer_argeles_plage-2100x1934-1.jpg\",\"datePublished\":\"2023-03-07T16:15:08+00:00\",\"dateModified\":\"2026-03-30T09:18:47+00:00\",\"description\":\"Maak kennis met onze lokale partners die uw vakantie-ervaring op Camping Les Galets verrijken.\",\"breadcrumb\":{\"@id\":\"https:\\\/\\\/campinglesgalets.fr\\\/nl\\\/onze-partners\\\/#breadcrumb\"},\"inLanguage\":\"nl-NL\",\"potentialAction\":[{\"@type\":\"ReadAction\",\"target\":[\"https:\\\/\\\/campinglesgalets.fr\\\/nl\\\/onze-partners\\\/\"]}]},{\"@type\":\"ImageObject\",\"inLanguage\":\"nl-NL\",\"@id\":\"https:\\\/\\\/campinglesgalets.fr\\\/nl\\\/onze-partners\\\/#primaryimage\",\"url\":\"https:\\\/\\\/campinglesgalets.fr\\\/wp-content\\\/uploads\\\/2023\\\/03\\\/paddle_mer_argeles_plage-2100x1934-1.jpg\",\"contentUrl\":\"https:\\\/\\\/campinglesgalets.fr\\\/wp-content\\\/uploads\\\/2023\\\/03\\\/paddle_mer_argeles_plage-2100x1934-1.jpg\",\"width\":2100,\"height\":1934},{\"@type\":\"BreadcrumbList\",\"@id\":\"https:\\\/\\\/campinglesgalets.fr\\\/nl\\\/onze-partners\\\/#breadcrumb\",\"itemListElement\":[{\"@type\":\"ListItem\",\"position\":1,\"name\":\"Camping \u00e0 Argel\u00e8s-sur-Mer\",\"item\":\"https:\\\/\\\/campinglesgalets.fr\\\/nl\\\/\"},{\"@type\":\"ListItem\",\"position\":2,\"name\":\"Onze partners\"}]},{\"@type\":\"WebSite\",\"@id\":\"https:\\\/\\\/campinglesgalets.fr\\\/nl\\\/#website\",\"url\":\"https:\\\/\\\/campinglesgalets.fr\\\/nl\\\/\",\"name\":\"Camping les galets\",\"description\":\"Camping Argel\u00e8s-sur-Mer\",\"publisher\":{\"@id\":\"https:\\\/\\\/campinglesgalets.fr\\\/nl\\\/#organization\"},\"potentialAction\":[{\"@type\":\"SearchAction\",\"target\":{\"@type\":\"EntryPoint\",\"urlTemplate\":\"https:\\\/\\\/campinglesgalets.fr\\\/nl\\\/?s={search_term_string}\"},\"query-input\":{\"@type\":\"PropertyValueSpecification\",\"valueRequired\":true,\"valueName\":\"search_term_string\"}}],\"inLanguage\":\"nl-NL\"},{\"@type\":\"Organization\",\"@id\":\"https:\\\/\\\/campinglesgalets.fr\\\/nl\\\/#organization\",\"name\":\"Camping les Galets\",\"url\":\"https:\\\/\\\/campinglesgalets.fr\\\/nl\\\/\",\"logo\":{\"@type\":\"ImageObject\",\"inLanguage\":\"nl-NL\",\"@id\":\"https:\\\/\\\/campinglesgalets.fr\\\/nl\\\/#\\\/schema\\\/logo\\\/image\\\/\",\"url\":\"https:\\\/\\\/campinglesgalets.fr\\\/wp-content\\\/uploads\\\/2025\\\/10\\\/Logo_Footer.svg\",\"contentUrl\":\"https:\\\/\\\/campinglesgalets.fr\\\/wp-content\\\/uploads\\\/2025\\\/10\\\/Logo_Footer.svg\",\"width\":267,\"height\":175,\"caption\":\"Camping les Galets\"},\"image\":{\"@id\":\"https:\\\/\\\/campinglesgalets.fr\\\/nl\\\/#\\\/schema\\\/logo\\\/image\\\/\"}}]}<\/script>\n<!-- \/ Yoast SEO plugin. -->","yoast_head_json":{"title":"Onze partners - Camping les galets","description":"Maak kennis met onze lokale partners die uw vakantie-ervaring op Camping Les Galets verrijken.","robots":{"index":"index","follow":"follow","max-snippet":"max-snippet:-1","max-image-preview":"max-image-preview:large","max-video-preview":"max-video-preview:-1"},"canonical":"https:\/\/campinglesgalets.fr\/nl\/onze-partners\/","og_locale":"nl_NL","og_type":"article","og_title":"Onze partners - Camping les galets","og_description":"Maak kennis met onze lokale partners die uw vakantie-ervaring op Camping Les Galets verrijken.","og_url":"https:\/\/campinglesgalets.fr\/nl\/onze-partners\/","og_site_name":"Camping les galets","article_modified_time":"2026-03-30T09:18:47+00:00","og_image":[{"width":2100,"height":1934,"url":"https:\/\/campinglesgalets.fr\/wp-content\/uploads\/2023\/03\/paddle_mer_argeles_plage-2100x1934-1.jpg","type":"image\/jpeg"}],"twitter_card":"summary_large_image","twitter_misc":{"Geschatte leestijd":"1 minuut"},"schema":{"@context":"https:\/\/schema.org","@graph":[{"@type":"WebPage","@id":"https:\/\/campinglesgalets.fr\/nl\/onze-partners\/","url":"https:\/\/campinglesgalets.fr\/nl\/onze-partners\/","name":"Onze partners - Camping les galets","isPartOf":{"@id":"https:\/\/campinglesgalets.fr\/nl\/#website"},"primaryImageOfPage":{"@id":"https:\/\/campinglesgalets.fr\/nl\/onze-partners\/#primaryimage"},"image":{"@id":"https:\/\/campinglesgalets.fr\/nl\/onze-partners\/#primaryimage"},"thumbnailUrl":"https:\/\/campinglesgalets.fr\/wp-content\/uploads\/2023\/03\/paddle_mer_argeles_plage-2100x1934-1.jpg","datePublished":"2023-03-07T16:15:08+00:00","dateModified":"2026-03-30T09:18:47+00:00","description":"Maak kennis met onze lokale partners die uw vakantie-ervaring op Camping Les Galets verrijken.","breadcrumb":{"@id":"https:\/\/campinglesgalets.fr\/nl\/onze-partners\/#breadcrumb"},"inLanguage":"nl-NL","potentialAction":[{"@type":"ReadAction","target":["https:\/\/campinglesgalets.fr\/nl\/onze-partners\/"]}]},{"@type":"ImageObject","inLanguage":"nl-NL","@id":"https:\/\/campinglesgalets.fr\/nl\/onze-partners\/#primaryimage","url":"https:\/\/campinglesgalets.fr\/wp-content\/uploads\/2023\/03\/paddle_mer_argeles_plage-2100x1934-1.jpg","contentUrl":"https:\/\/campinglesgalets.fr\/wp-content\/uploads\/2023\/03\/paddle_mer_argeles_plage-2100x1934-1.jpg","width":2100,"height":1934},{"@type":"BreadcrumbList","@id":"https:\/\/campinglesgalets.fr\/nl\/onze-partners\/#breadcrumb","itemListElement":[{"@type":"ListItem","position":1,"name":"Camping \u00e0 Argel\u00e8s-sur-Mer","item":"https:\/\/campinglesgalets.fr\/nl\/"},{"@type":"ListItem","position":2,"name":"Onze partners"}]},{"@type":"WebSite","@id":"https:\/\/campinglesgalets.fr\/nl\/#website","url":"https:\/\/campinglesgalets.fr\/nl\/","name":"Camping les galets","description":"Camping Argel\u00e8s-sur-Mer","publisher":{"@id":"https:\/\/campinglesgalets.fr\/nl\/#organization"},"potentialAction":[{"@type":"SearchAction","target":{"@type":"EntryPoint","urlTemplate":"https:\/\/campinglesgalets.fr\/nl\/?s={search_term_string}"},"query-input":{"@type":"PropertyValueSpecification","valueRequired":true,"valueName":"search_term_string"}}],"inLanguage":"nl-NL"},{"@type":"Organization","@id":"https:\/\/campinglesgalets.fr\/nl\/#organization","name":"Camping les Galets","url":"https:\/\/campinglesgalets.fr\/nl\/","logo":{"@type":"ImageObject","inLanguage":"nl-NL","@id":"https:\/\/campinglesgalets.fr\/nl\/#\/schema\/logo\/image\/","url":"https:\/\/campinglesgalets.fr\/wp-content\/uploads\/2025\/10\/Logo_Footer.svg","contentUrl":"https:\/\/campinglesgalets.fr\/wp-content\/uploads\/2025\/10\/Logo_Footer.svg","width":267,"height":175,"caption":"Camping les Galets"},"image":{"@id":"https:\/\/campinglesgalets.fr\/nl\/#\/schema\/logo\/image\/"}}]}},"_links":{"self":[{"href":"https:\/\/campinglesgalets.fr\/nl\/wp-json\/wp\/v2\/pages\/25665","targetHints":{"allow":["GET"]}}],"collection":[{"href":"https:\/\/campinglesgalets.fr\/nl\/wp-json\/wp\/v2\/pages"}],"about":[{"href":"https:\/\/campinglesgalets.fr\/nl\/wp-json\/wp\/v2\/types\/page"}],"author":[{"embeddable":true,"href":"https:\/\/campinglesgalets.fr\/nl\/wp-json\/wp\/v2\/users\/1"}],"replies":[{"embeddable":true,"href":"https:\/\/campinglesgalets.fr\/nl\/wp-json\/wp\/v2\/comments?post=25665"}],"version-history":[{"count":3,"href":"https:\/\/campinglesgalets.fr\/nl\/wp-json\/wp\/v2\/pages\/25665\/revisions"}],"predecessor-version":[{"id":311773,"href":"https:\/\/campinglesgalets.fr\/nl\/wp-json\/wp\/v2\/pages\/25665\/revisions\/311773"}],"wp:featuredmedia":[{"embeddable":true,"href":"https:\/\/campinglesgalets.fr\/nl\/wp-json\/wp\/v2\/media\/24705"}],"wp:attachment":[{"href":"https:\/\/campinglesgalets.fr\/nl\/wp-json\/wp\/v2\/media?parent=25665"}],"curies":[{"name":"wp","href":"https:\/\/api.w.org\/{rel}","templated":true}]}}