{"id":25649,"date":"2023-03-07T17:13:41","date_gmt":"2023-03-07T16:13:41","guid":{"rendered":"https:\/\/campinglesgalets.fr\/tourisme-saint-cyprien\/"},"modified":"2025-04-11T14:45:26","modified_gmt":"2025-04-11T13:45:26","slug":"tourisme-saint-cyprien","status":"publish","type":"page","link":"https:\/\/campinglesgalets.fr\/nl\/tourisme-saint-cyprien\/","title":{"rendered":"Bezoek Saint-Cyprien &#8211; Wat te doen en te zien in Saint-Cyprien"},"content":{"rendered":"<p>Liefhebbers van lekker rustig aan doen zullen niet teleurgesteld worden door een verblijf in het <strong>Mediterraanse<\/strong> dorpje <strong>Saint-Cyprien<\/strong>. Met <strong>320 dagen zon per jaar<\/strong> zijn de temperaturen mild in de badplaats Saint-Cyprien, in de <a href=\"https:\/\/campinglesgalets.fr\/nl\/les-pyrenees-orientales\/\">Pyr\u00e9n\u00e9es-Orientales<\/a>. Dankzij de<strong> ligging aan zee<\/strong> zijn de<strong> stranden<\/strong> de belangrijkste attracties in Saint-Cyprien, of je nu wilt <strong>wandelen<\/strong>, <strong>zwemmen<\/strong> of gewoon luieren. Naast de stranden zijn er nog een aantal andere plekken die zeker een bezoek waard zijn, zoals de <strong>Jardin des Plantes<\/strong> en het <strong>Parc de la Prade<\/strong>.<\/p>\n<p><img loading=\"lazy\" decoding=\"async\" class=\"size-full wp-image-22630 aligncenter\" src=\"https:\/\/campinglesgalets.fr\/wp-content\/uploads\/2023\/03\/saint-cyprien-plage-camping-600x237-1.jpg\" alt=\"\" width=\"600\" height=\"237\" \/><\/p>\n<h2>Wat te doen in Saint Cyprien ?<\/h2>\n<p>Hier volgt onze selectie van de populairste bezienswaardigheden in Saint-Cyprien:<\/p>\n<ul>\n<li><strong>De haven<\/strong> : Om Saint-Cyprien goed te verkennen, is een<strong> boottocht<\/strong> een originele activiteit die je niet mag missen. Rondleidingen duren gemiddeld een uur en kunnen het beste &#8217;s ochtends worden gedaan.<\/li>\n<li><b>Ontdek het historisch stadscentrum<\/b> : Ga naar het historische hart van <strong>Saint Cyprien<\/strong> voor een hele andere omgeving. Een charmant centrum met mooie stenen gebouwen.<\/li>\n<li><strong>De Plantentuin &#8211; Jardin des Plantes<\/strong> : een oase van rust en groen, elke middag geopend van 13.30 tot 17.00 uur. Een onvergetelijke ervaring in dit eeuwenoude park van 5 hectare.<\/li>\n<li><strong>Park de la Prade<\/strong> : is een niet te missen plek in <strong>Saint Cyprien<\/strong>, het hele jaar geopend. een grote speeltuin en multi-sportplaats, maar ook een barbecue- en picknickplaats.<\/li>\n<\/ul>\n<h2>De activiteiten in Saint Cyprien<\/h2>\n<p>Om de lokale gezelligheid te ontdekken:<\/p>\n<ul>\n<li>Slenter over de<strong> markten<\/strong> en proef de 100% lokale producten, vooral in de zomermaanden.<\/li>\n<li><strong>Golfen<\/strong>: geniet van golfen met de verschillende golfbanen in de stad Saint Cyprien. Geniet van het prachtige uitzicht over de Middellandse Zee en de bergketen, in het bijzonder de majestueuze Mont Canigou.<\/li>\n<li>Sportliefhebbers kunnen hun hart ophalen in het <strong>Grand Stade les Capellans<\/strong> met zijn sportruimte, racketsporten en fitness- en cardiotrainingscentrum.<\/li>\n<li>Het <strong>JOA Casino in St-Cyprien<\/strong> voor fans van kansspelen!<\/li>\n<\/ul>\n<h2>De stranden van Saint Cyprien<\/h2>\n<p>De kustlijn biedt<strong> 6 km zandstrand<\/strong> om te genieten van de gezonde zeelucht, langs de kades, de haven en de lagune. Op slechts 6 km van de camping in Argeles sur mer.<\/p>\n<ul>\n<li><strong>Het noord strand<\/strong> : Liefhebbers van windsurfen kunnen hier hun hart ophalen. Er zijn ook twee surfclubs die kitesurf- en stand-up paddle-lessen aanbieden.<\/li>\n<li><strong>Rodin<\/strong> <strong>strand<\/strong> ligt vlak bij de grote markt, met een sportterrein dat van juni tot september geopend is voor beachvolleybal.<\/li>\n<li><strong>Strand Pont Tournant<\/strong> is een strand\u00a0 uitgerust voor mindervaliden.<\/li>\n<\/ul>\n<p><strong>Ontdek ook:<\/strong><\/p>\n<ul>\n<li><a href=\"https:\/\/campinglesgalets.fr\/nl\/middellandse-zee\/\">La Mer M\u00e9diterran\u00e9e<\/a><\/li>\n<li><a href=\"https:\/\/campinglesgalets.fr\/nl\/les-pyrenees-orientales\/\">Les Pyr\u00e9nn\u00e9es Orientales<\/a><\/li>\n<li><a href=\"https:\/\/campinglesgalets.fr\/nl\/camping-vlakbij-collioure-verhuur-van-stacarvans\/\">Collioure<\/a><\/li>\n<li><a href=\"https:\/\/campinglesgalets.fr\/nl\/tourisme-perpignan\/\">Perpignan<\/a><\/li>\n<\/ul>\n","protected":false},"excerpt":{"rendered":"<p>Liefhebbers van lekker rustig aan doen zullen niet teleurgesteld worden door een verblijf in het Mediterraanse dorpje Saint-Cyprien. Met 320 dagen zon per jaar zijn de temperaturen mild in de badplaats Saint-Cyprien, in de Pyr\u00e9n\u00e9es-Orientales. Dankzij de ligging aan zee zijn de stranden de belangrijkste attracties in Saint-Cyprien, of je nu wilt wandelen, zwemmen of [&hellip;]<\/p>\n","protected":false},"author":1,"featured_media":24700,"parent":0,"menu_order":0,"comment_status":"closed","ping_status":"closed","template":"","meta":{"_acf_changed":false,"_et_pb_use_builder":"","_et_pb_old_content":"","_et_gb_content_width":"","footnotes":""},"class_list":["post-25649","page","type-page","status-publish","has-post-thumbnail","hentry"],"acf":[],"yoast_head":"<!-- This site is optimized with the Yoast SEO plugin v27.3 - https:\/\/yoast.com\/product\/yoast-seo-wordpress\/ -->\n<title>Saint-Cyprien bezoeken - Wat is er te zien en te doen in Saint-Cyprien?<\/title>\n<meta name=\"description\" content=\"Profitez de votre s\u00e9jour en camping 4 \u00e9toiles \u00e0 Argel\u00e8s, au camping les Galets, pour visiter la station baln\u00e9aire de Saint-Cyprien.\" \/>\n<meta name=\"robots\" content=\"index, follow, max-snippet:-1, max-image-preview:large, max-video-preview:-1\" \/>\n<link rel=\"canonical\" href=\"https:\/\/campinglesgalets.fr\/nl\/tourisme-saint-cyprien\/\" \/>\n<meta property=\"og:locale\" content=\"nl_NL\" \/>\n<meta property=\"og:type\" content=\"article\" \/>\n<meta property=\"og:title\" content=\"Saint-Cyprien bezoeken - Wat is er te zien en te doen in Saint-Cyprien?\" \/>\n<meta property=\"og:description\" content=\"Profitez de votre s\u00e9jour en camping 4 \u00e9toiles \u00e0 Argel\u00e8s, au camping les Galets, pour visiter la station baln\u00e9aire de Saint-Cyprien.\" \/>\n<meta property=\"og:url\" content=\"https:\/\/campinglesgalets.fr\/nl\/tourisme-saint-cyprien\/\" \/>\n<meta property=\"og:site_name\" content=\"Camping les galets\" \/>\n<meta property=\"article:modified_time\" content=\"2025-04-11T13:45:26+00:00\" \/>\n<meta property=\"og:image\" content=\"https:\/\/campinglesgalets.fr\/wp-content\/uploads\/2023\/03\/velo-saint-cyprien.jpg\" \/>\n\t<meta property=\"og:image:width\" content=\"1900\" \/>\n\t<meta property=\"og:image:height\" content=\"650\" \/>\n\t<meta property=\"og:image:type\" content=\"image\/jpeg\" \/>\n<meta name=\"twitter:card\" content=\"summary_large_image\" \/>\n<meta name=\"twitter:label1\" content=\"Geschatte leestijd\" \/>\n\t<meta name=\"twitter:data1\" content=\"3 minuten\" \/>\n<script type=\"application\/ld+json\" class=\"yoast-schema-graph\">{\"@context\":\"https:\\\/\\\/schema.org\",\"@graph\":[{\"@type\":\"WebPage\",\"@id\":\"https:\\\/\\\/campinglesgalets.fr\\\/nl\\\/tourisme-saint-cyprien\\\/\",\"url\":\"https:\\\/\\\/campinglesgalets.fr\\\/nl\\\/tourisme-saint-cyprien\\\/\",\"name\":\"Saint-Cyprien bezoeken - Wat is er te zien en te doen in Saint-Cyprien?\",\"isPartOf\":{\"@id\":\"https:\\\/\\\/campinglesgalets.fr\\\/nl\\\/#website\"},\"primaryImageOfPage\":{\"@id\":\"https:\\\/\\\/campinglesgalets.fr\\\/nl\\\/tourisme-saint-cyprien\\\/#primaryimage\"},\"image\":{\"@id\":\"https:\\\/\\\/campinglesgalets.fr\\\/nl\\\/tourisme-saint-cyprien\\\/#primaryimage\"},\"thumbnailUrl\":\"https:\\\/\\\/campinglesgalets.fr\\\/wp-content\\\/uploads\\\/2023\\\/03\\\/velo-saint-cyprien.jpg\",\"datePublished\":\"2023-03-07T16:13:41+00:00\",\"dateModified\":\"2025-04-11T13:45:26+00:00\",\"description\":\"Profitez de votre s\u00e9jour en camping 4 \u00e9toiles \u00e0 Argel\u00e8s, au camping les Galets, pour visiter la station baln\u00e9aire de Saint-Cyprien.\",\"breadcrumb\":{\"@id\":\"https:\\\/\\\/campinglesgalets.fr\\\/nl\\\/tourisme-saint-cyprien\\\/#breadcrumb\"},\"inLanguage\":\"nl-NL\",\"potentialAction\":[{\"@type\":\"ReadAction\",\"target\":[\"https:\\\/\\\/campinglesgalets.fr\\\/nl\\\/tourisme-saint-cyprien\\\/\"]}]},{\"@type\":\"ImageObject\",\"inLanguage\":\"nl-NL\",\"@id\":\"https:\\\/\\\/campinglesgalets.fr\\\/nl\\\/tourisme-saint-cyprien\\\/#primaryimage\",\"url\":\"https:\\\/\\\/campinglesgalets.fr\\\/wp-content\\\/uploads\\\/2023\\\/03\\\/velo-saint-cyprien.jpg\",\"contentUrl\":\"https:\\\/\\\/campinglesgalets.fr\\\/wp-content\\\/uploads\\\/2023\\\/03\\\/velo-saint-cyprien.jpg\",\"width\":1900,\"height\":650},{\"@type\":\"BreadcrumbList\",\"@id\":\"https:\\\/\\\/campinglesgalets.fr\\\/nl\\\/tourisme-saint-cyprien\\\/#breadcrumb\",\"itemListElement\":[{\"@type\":\"ListItem\",\"position\":1,\"name\":\"Camping \u00e0 Argel\u00e8s-sur-Mer\",\"item\":\"https:\\\/\\\/campinglesgalets.fr\\\/nl\\\/\"},{\"@type\":\"ListItem\",\"position\":2,\"name\":\"Bezoek Saint-Cyprien &#8211; Wat te doen en te zien in Saint-Cyprien\"}]},{\"@type\":\"WebSite\",\"@id\":\"https:\\\/\\\/campinglesgalets.fr\\\/nl\\\/#website\",\"url\":\"https:\\\/\\\/campinglesgalets.fr\\\/nl\\\/\",\"name\":\"Camping les galets\",\"description\":\"Camping Argel\u00e8s-sur-Mer\",\"publisher\":{\"@id\":\"https:\\\/\\\/campinglesgalets.fr\\\/nl\\\/#organization\"},\"potentialAction\":[{\"@type\":\"SearchAction\",\"target\":{\"@type\":\"EntryPoint\",\"urlTemplate\":\"https:\\\/\\\/campinglesgalets.fr\\\/nl\\\/?s={search_term_string}\"},\"query-input\":{\"@type\":\"PropertyValueSpecification\",\"valueRequired\":true,\"valueName\":\"search_term_string\"}}],\"inLanguage\":\"nl-NL\"},{\"@type\":\"Organization\",\"@id\":\"https:\\\/\\\/campinglesgalets.fr\\\/nl\\\/#organization\",\"name\":\"Camping les Galets\",\"url\":\"https:\\\/\\\/campinglesgalets.fr\\\/nl\\\/\",\"logo\":{\"@type\":\"ImageObject\",\"inLanguage\":\"nl-NL\",\"@id\":\"https:\\\/\\\/campinglesgalets.fr\\\/nl\\\/#\\\/schema\\\/logo\\\/image\\\/\",\"url\":\"https:\\\/\\\/campinglesgalets.fr\\\/wp-content\\\/uploads\\\/2025\\\/10\\\/Logo_Footer.svg\",\"contentUrl\":\"https:\\\/\\\/campinglesgalets.fr\\\/wp-content\\\/uploads\\\/2025\\\/10\\\/Logo_Footer.svg\",\"width\":267,\"height\":175,\"caption\":\"Camping les Galets\"},\"image\":{\"@id\":\"https:\\\/\\\/campinglesgalets.fr\\\/nl\\\/#\\\/schema\\\/logo\\\/image\\\/\"}}]}<\/script>\n<!-- \/ Yoast SEO plugin. -->","yoast_head_json":{"title":"Saint-Cyprien bezoeken - Wat is er te zien en te doen in Saint-Cyprien?","description":"Profitez de votre s\u00e9jour en camping 4 \u00e9toiles \u00e0 Argel\u00e8s, au camping les Galets, pour visiter la station baln\u00e9aire de Saint-Cyprien.","robots":{"index":"index","follow":"follow","max-snippet":"max-snippet:-1","max-image-preview":"max-image-preview:large","max-video-preview":"max-video-preview:-1"},"canonical":"https:\/\/campinglesgalets.fr\/nl\/tourisme-saint-cyprien\/","og_locale":"nl_NL","og_type":"article","og_title":"Saint-Cyprien bezoeken - Wat is er te zien en te doen in Saint-Cyprien?","og_description":"Profitez de votre s\u00e9jour en camping 4 \u00e9toiles \u00e0 Argel\u00e8s, au camping les Galets, pour visiter la station baln\u00e9aire de Saint-Cyprien.","og_url":"https:\/\/campinglesgalets.fr\/nl\/tourisme-saint-cyprien\/","og_site_name":"Camping les galets","article_modified_time":"2025-04-11T13:45:26+00:00","og_image":[{"width":1900,"height":650,"url":"https:\/\/campinglesgalets.fr\/wp-content\/uploads\/2023\/03\/velo-saint-cyprien.jpg","type":"image\/jpeg"}],"twitter_card":"summary_large_image","twitter_misc":{"Geschatte leestijd":"3 minuten"},"schema":{"@context":"https:\/\/schema.org","@graph":[{"@type":"WebPage","@id":"https:\/\/campinglesgalets.fr\/nl\/tourisme-saint-cyprien\/","url":"https:\/\/campinglesgalets.fr\/nl\/tourisme-saint-cyprien\/","name":"Saint-Cyprien bezoeken - Wat is er te zien en te doen in Saint-Cyprien?","isPartOf":{"@id":"https:\/\/campinglesgalets.fr\/nl\/#website"},"primaryImageOfPage":{"@id":"https:\/\/campinglesgalets.fr\/nl\/tourisme-saint-cyprien\/#primaryimage"},"image":{"@id":"https:\/\/campinglesgalets.fr\/nl\/tourisme-saint-cyprien\/#primaryimage"},"thumbnailUrl":"https:\/\/campinglesgalets.fr\/wp-content\/uploads\/2023\/03\/velo-saint-cyprien.jpg","datePublished":"2023-03-07T16:13:41+00:00","dateModified":"2025-04-11T13:45:26+00:00","description":"Profitez de votre s\u00e9jour en camping 4 \u00e9toiles \u00e0 Argel\u00e8s, au camping les Galets, pour visiter la station baln\u00e9aire de Saint-Cyprien.","breadcrumb":{"@id":"https:\/\/campinglesgalets.fr\/nl\/tourisme-saint-cyprien\/#breadcrumb"},"inLanguage":"nl-NL","potentialAction":[{"@type":"ReadAction","target":["https:\/\/campinglesgalets.fr\/nl\/tourisme-saint-cyprien\/"]}]},{"@type":"ImageObject","inLanguage":"nl-NL","@id":"https:\/\/campinglesgalets.fr\/nl\/tourisme-saint-cyprien\/#primaryimage","url":"https:\/\/campinglesgalets.fr\/wp-content\/uploads\/2023\/03\/velo-saint-cyprien.jpg","contentUrl":"https:\/\/campinglesgalets.fr\/wp-content\/uploads\/2023\/03\/velo-saint-cyprien.jpg","width":1900,"height":650},{"@type":"BreadcrumbList","@id":"https:\/\/campinglesgalets.fr\/nl\/tourisme-saint-cyprien\/#breadcrumb","itemListElement":[{"@type":"ListItem","position":1,"name":"Camping \u00e0 Argel\u00e8s-sur-Mer","item":"https:\/\/campinglesgalets.fr\/nl\/"},{"@type":"ListItem","position":2,"name":"Bezoek Saint-Cyprien &#8211; Wat te doen en te zien in Saint-Cyprien"}]},{"@type":"WebSite","@id":"https:\/\/campinglesgalets.fr\/nl\/#website","url":"https:\/\/campinglesgalets.fr\/nl\/","name":"Camping les galets","description":"Camping Argel\u00e8s-sur-Mer","publisher":{"@id":"https:\/\/campinglesgalets.fr\/nl\/#organization"},"potentialAction":[{"@type":"SearchAction","target":{"@type":"EntryPoint","urlTemplate":"https:\/\/campinglesgalets.fr\/nl\/?s={search_term_string}"},"query-input":{"@type":"PropertyValueSpecification","valueRequired":true,"valueName":"search_term_string"}}],"inLanguage":"nl-NL"},{"@type":"Organization","@id":"https:\/\/campinglesgalets.fr\/nl\/#organization","name":"Camping les Galets","url":"https:\/\/campinglesgalets.fr\/nl\/","logo":{"@type":"ImageObject","inLanguage":"nl-NL","@id":"https:\/\/campinglesgalets.fr\/nl\/#\/schema\/logo\/image\/","url":"https:\/\/campinglesgalets.fr\/wp-content\/uploads\/2025\/10\/Logo_Footer.svg","contentUrl":"https:\/\/campinglesgalets.fr\/wp-content\/uploads\/2025\/10\/Logo_Footer.svg","width":267,"height":175,"caption":"Camping les Galets"},"image":{"@id":"https:\/\/campinglesgalets.fr\/nl\/#\/schema\/logo\/image\/"}}]}},"_links":{"self":[{"href":"https:\/\/campinglesgalets.fr\/nl\/wp-json\/wp\/v2\/pages\/25649","targetHints":{"allow":["GET"]}}],"collection":[{"href":"https:\/\/campinglesgalets.fr\/nl\/wp-json\/wp\/v2\/pages"}],"about":[{"href":"https:\/\/campinglesgalets.fr\/nl\/wp-json\/wp\/v2\/types\/page"}],"author":[{"embeddable":true,"href":"https:\/\/campinglesgalets.fr\/nl\/wp-json\/wp\/v2\/users\/1"}],"replies":[{"embeddable":true,"href":"https:\/\/campinglesgalets.fr\/nl\/wp-json\/wp\/v2\/comments?post=25649"}],"version-history":[{"count":0,"href":"https:\/\/campinglesgalets.fr\/nl\/wp-json\/wp\/v2\/pages\/25649\/revisions"}],"wp:featuredmedia":[{"embeddable":true,"href":"https:\/\/campinglesgalets.fr\/nl\/wp-json\/wp\/v2\/media\/24700"}],"wp:attachment":[{"href":"https:\/\/campinglesgalets.fr\/nl\/wp-json\/wp\/v2\/media?parent=25649"}],"curies":[{"name":"wp","href":"https:\/\/api.w.org\/{rel}","templated":true}]}}