{"id":25643,"date":"2023-03-07T17:11:15","date_gmt":"2023-03-07T16:11:15","guid":{"rendered":"https:\/\/campinglesgalets.fr\/tourisme-perpignan\/"},"modified":"2025-04-11T14:49:55","modified_gmt":"2025-04-11T13:49:55","slug":"tourisme-perpignan","status":"publish","type":"page","link":"https:\/\/campinglesgalets.fr\/nl\/tourisme-perpignan\/","title":{"rendered":"Perpignan bezoeken &#8211; Ons advies voor de activiteiten en bezichtigingen"},"content":{"rendered":"<p>De stad<strong> Perpignan<\/strong> in de <a href=\"https:\/\/campinglesgalets.fr\/nl\/les-pyrenees-orientales\/\">Pyr\u00e9n\u00e9es Orientales<\/a>, bekend als de hoofdstad van de Roussillon, wordt gekenmerkt door zijn sterke Catalaanse identiteit en weelderige panorama&#8217;s. Het is een plek die toeristen aantrekt met zijn talloze bezienswaardigheden, waaronder<strong> monumenten<\/strong> en <strong>musea<\/strong>. Tussen <strong>wandelingen<\/strong> en <strong>excursie<\/strong>s door zijn er eindeloze mogelijkheden voor activiteiten voor elk type bezoeker. Of het nu gaat om <strong>kajakken<\/strong> op zee, canyoning in de Gorges of <strong>diepzeeduiken<\/strong>, er is voor elk wat wils. Hier zijn een paar idee\u00ebn voor bezoeken en activiteiten om te gaan doen tijdens een bezoek aan<strong> Perpignan<\/strong>.<\/p>\n<h2>Wat bezoeken in Perpignan ?<\/h2>\n<p><strong>Tussen de zee en de bergen<\/strong> heeft Perpignan, in Zuid-Frankrijk, genoeg te bieden om de stad te ontdekken. Met zijn rijke historische erfgoed wacht de stad erop om verkend te worden.<\/p>\n<ul>\n<li>Om te beginnen is de <strong>Castillet<\/strong> het embleem van Perpignan, een oude toren van rode baksteen die werd gebouwd tijdens het bewind van Peter IV van Aragon in de 14e eeuw. Tegenwoordig is er een klein Catalaans museum over volkskunst en -tradities gevestigd.<\/li>\n<li>Het <strong>Paleis van de Koningen van Mallorca<\/strong>, waar je meer te weten kunt komen over de geschiedenis van de Koningen van Mallorca tijdens een rondleiding van ongeveer anderhalf uur.<br \/>\nHet Mus\u00e9e des Poup\u00e9es Bella op 6, avenue du Languedoc: meer dan 500 poppen en foto&#8217;s en posters van kunstenaars worden tentoongesteld in dit originele museum.<\/li>\n<li>Het<strong> Mus\u00e9e Rigaud<\/strong> aan 16 rue de l&#8217;Ange is de thuisbasis van de \u201cklein formaat\u201d collectie, met in totaal 210 schilderijen van hedendaagse kunstenaars waaronder Rigaud, Picasso, Dufy, Maillol en Miro.<\/li>\n<li>Bezoek de feestelijke stad <strong>C\u00e9ret<\/strong>, waar een aantal populaire evenementen plaatsvinden, zoals het Sardane festival en het kersenfestival.<\/li>\n<li><strong>Het fort van Salses<\/strong> nodigt je uit voor een historische rondleiding in een uitzonderlijke natuurlijke omgeving tussen de Corbi\u00e8res en de meren van Salses.<\/li>\n<li><strong>Villefranche-de-Conflent<\/strong>: maak een uitstapje naar het kleine stadje Villefranche-de-Content, omringd door bergen. Het is erg populair bij toeristen in de zomer en kan het beste &#8217;s ochtends worden bezocht.<\/li>\n<\/ul>\n<p><img loading=\"lazy\" decoding=\"async\" class=\"size-full wp-image-22628 aligncenter\" src=\"https:\/\/campinglesgalets.fr\/wp-content\/uploads\/2023\/03\/perpignan-300x100-1.jpg\" alt=\"\" width=\"300\" height=\"100\" \/><\/p>\n<h2>Dingen om te doen in Perpignan<\/h2>\n<p>De Catalaanse stad biedt een ruime keuze aan vrijetijdsactiviteiten, naast de bovengenoemde bezienswaardigheden.<\/p>\n<ul>\n<li><strong>Een boottocht<\/strong> is de beste manier om de kustlijn te bezoeken, want de stad ligt op slechts 13 km van de<strong> Middellandse Zee<\/strong>. Met 300 dagen zon per jaar is een boottocht een geweldige ervaring om samen met vrienden en familie te doen.<\/li>\n<li>Sensatiezoekers kunnen gaan canyoning in de Gorges, waarvan er genoeg zijn in <strong>Perpignan<\/strong>. In de buurt van het dorp C\u00e9ret in het <strong>Alb\u00e8res-massief<\/strong> kun je van watervallen abseilen, in afgronden springen of van natuurlijke glijbanen glijden.<\/li>\n<li>Heerlijk ontspannen op \u00e9\u00e9n van de <strong>stranden<\/strong> rondom Perpignan. Op de grote witte zandvlakten zijn watersporten aan de orde van de dag, of je je nu in zee stort of luiert op de kleine, rustige stranden of baaitjes die de kustlijn vormen.<\/li>\n<\/ul>\n<h2>Perpignan, een feestelijke stad<\/h2>\n<p>Dit oude fort aan de Middellandse Zeekust, met zijn hoge, smalle huizen die vaak oranje, rood of roze gekleurd zijn, is ook een stad met wijken waar heel verschillende gemeenschappen wonen en waar veel festivals plaatsvinden. De <strong>Sardana<\/strong>, een populaire Catalaanse dans, wordt hier vaak opgevoerd. De stad viert ook <strong>Saint Jordi&#8217;s Day<\/strong> en Saint John&#8217;s Day, dan wordt de vlam die in de burcht het <strong>Castillet<\/strong> wordt bewaard naar de top van de<strong> berg Canigou<\/strong> gedragen. De processie van de l&#8217;archiconfr\u00e9rie van de Sanch is de gebeurtenis van de paasdagen in het Catalaanse land, nog een kans voor de stad om haar kleurrijke tradities in ere te houden. Naast een overvolle kalender met festivals en evenementen heeft de stad ook een groot aantal bars, die allemaal de gezellige sfeer van de streek uitstralen, zoals de niet te missen tapasbars, typisch voor Zuid-Frankrijk. Als je op een camping in de buurt van Perpignan verblijft, kun je van al deze festiviteiten genieten.<\/p>\n<p><strong>Ontdek ook :<\/strong><\/p>\n<ul>\n<li><a href=\"https:\/\/campinglesgalets.fr\/nl\/middellandse-zee\/\">La Mer M\u00e9diterran\u00e9e<\/a><\/li>\n<li><a href=\"https:\/\/campinglesgalets.fr\/nl\/les-pyrenees-orientales\/\">Les Pyr\u00e9nn\u00e9es Orientales<\/a><\/li>\n<li><a href=\"https:\/\/campinglesgalets.fr\/nl\/camping-vlakbij-collioure-verhuur-van-stacarvans\/\">Collioure<\/a><\/li>\n<li><a href=\"https:\/\/campinglesgalets.fr\/nl\/tourisme-saint-cyprien\/\">Saint Cyprien<\/a><\/li>\n<\/ul>\n","protected":false},"excerpt":{"rendered":"<p>De stad Perpignan in de Pyr\u00e9n\u00e9es Orientales, bekend als de hoofdstad van de Roussillon, wordt gekenmerkt door zijn sterke Catalaanse identiteit en weelderige panorama&#8217;s. Het is een plek die toeristen aantrekt met zijn talloze bezienswaardigheden, waaronder monumenten en musea. Tussen wandelingen en excursies door zijn er eindeloze mogelijkheden voor activiteiten voor elk type bezoeker. Of [&hellip;]<\/p>\n","protected":false},"author":1,"featured_media":24695,"parent":0,"menu_order":0,"comment_status":"closed","ping_status":"closed","template":"","meta":{"_acf_changed":false,"_et_pb_use_builder":"","_et_pb_old_content":"","_et_gb_content_width":"","footnotes":""},"class_list":["post-25643","page","type-page","status-publish","has-post-thumbnail","hentry"],"acf":[],"yoast_head":"<!-- This site is optimized with the Yoast SEO plugin v27.4 - https:\/\/yoast.com\/product\/yoast-seo-wordpress\/ -->\n<title>Perpignan bezoeken - Wat is er te zien en te doen in Perpignan?<\/title>\n<meta name=\"description\" content=\"Profitez de votre s\u00e9jour en camping 4 \u00e9toiles \u00e0 Argel\u00e8s, aux Galets, pour visiter la magnifique ville de Perpignan.\" \/>\n<meta name=\"robots\" content=\"index, follow, max-snippet:-1, max-image-preview:large, max-video-preview:-1\" \/>\n<link rel=\"canonical\" href=\"https:\/\/campinglesgalets.fr\/nl\/tourisme-perpignan\/\" \/>\n<meta property=\"og:locale\" content=\"nl_NL\" \/>\n<meta property=\"og:type\" content=\"article\" \/>\n<meta property=\"og:title\" content=\"Perpignan bezoeken - Wat is er te zien en te doen in Perpignan?\" \/>\n<meta property=\"og:description\" content=\"Profitez de votre s\u00e9jour en camping 4 \u00e9toiles \u00e0 Argel\u00e8s, aux Galets, pour visiter la magnifique ville de Perpignan.\" \/>\n<meta property=\"og:url\" content=\"https:\/\/campinglesgalets.fr\/nl\/tourisme-perpignan\/\" \/>\n<meta property=\"og:site_name\" content=\"Camping les galets\" \/>\n<meta property=\"article:modified_time\" content=\"2025-04-11T13:49:55+00:00\" \/>\n<meta property=\"og:image\" content=\"https:\/\/campinglesgalets.fr\/wp-content\/uploads\/2023\/03\/img-perpignan-2.jpg\" \/>\n\t<meta property=\"og:image:width\" content=\"285\" \/>\n\t<meta property=\"og:image:height\" content=\"229\" \/>\n\t<meta property=\"og:image:type\" content=\"image\/jpeg\" \/>\n<meta name=\"twitter:card\" content=\"summary_large_image\" \/>\n<meta name=\"twitter:label1\" content=\"Geschatte leestijd\" \/>\n\t<meta name=\"twitter:data1\" content=\"4 minuten\" \/>\n<script type=\"application\/ld+json\" class=\"yoast-schema-graph\">{\"@context\":\"https:\\\/\\\/schema.org\",\"@graph\":[{\"@type\":\"WebPage\",\"@id\":\"https:\\\/\\\/campinglesgalets.fr\\\/nl\\\/tourisme-perpignan\\\/\",\"url\":\"https:\\\/\\\/campinglesgalets.fr\\\/nl\\\/tourisme-perpignan\\\/\",\"name\":\"Perpignan bezoeken - Wat is er te zien en te doen in Perpignan?\",\"isPartOf\":{\"@id\":\"https:\\\/\\\/campinglesgalets.fr\\\/nl\\\/#website\"},\"primaryImageOfPage\":{\"@id\":\"https:\\\/\\\/campinglesgalets.fr\\\/nl\\\/tourisme-perpignan\\\/#primaryimage\"},\"image\":{\"@id\":\"https:\\\/\\\/campinglesgalets.fr\\\/nl\\\/tourisme-perpignan\\\/#primaryimage\"},\"thumbnailUrl\":\"https:\\\/\\\/campinglesgalets.fr\\\/wp-content\\\/uploads\\\/2023\\\/03\\\/img-perpignan-2.jpg\",\"datePublished\":\"2023-03-07T16:11:15+00:00\",\"dateModified\":\"2025-04-11T13:49:55+00:00\",\"description\":\"Profitez de votre s\u00e9jour en camping 4 \u00e9toiles \u00e0 Argel\u00e8s, aux Galets, pour visiter la magnifique ville de Perpignan.\",\"breadcrumb\":{\"@id\":\"https:\\\/\\\/campinglesgalets.fr\\\/nl\\\/tourisme-perpignan\\\/#breadcrumb\"},\"inLanguage\":\"nl-NL\",\"potentialAction\":[{\"@type\":\"ReadAction\",\"target\":[\"https:\\\/\\\/campinglesgalets.fr\\\/nl\\\/tourisme-perpignan\\\/\"]}]},{\"@type\":\"ImageObject\",\"inLanguage\":\"nl-NL\",\"@id\":\"https:\\\/\\\/campinglesgalets.fr\\\/nl\\\/tourisme-perpignan\\\/#primaryimage\",\"url\":\"https:\\\/\\\/campinglesgalets.fr\\\/wp-content\\\/uploads\\\/2023\\\/03\\\/img-perpignan-2.jpg\",\"contentUrl\":\"https:\\\/\\\/campinglesgalets.fr\\\/wp-content\\\/uploads\\\/2023\\\/03\\\/img-perpignan-2.jpg\",\"width\":285,\"height\":229},{\"@type\":\"BreadcrumbList\",\"@id\":\"https:\\\/\\\/campinglesgalets.fr\\\/nl\\\/tourisme-perpignan\\\/#breadcrumb\",\"itemListElement\":[{\"@type\":\"ListItem\",\"position\":1,\"name\":\"Camping \u00e0 Argel\u00e8s-sur-Mer\",\"item\":\"https:\\\/\\\/campinglesgalets.fr\\\/nl\\\/\"},{\"@type\":\"ListItem\",\"position\":2,\"name\":\"Perpignan bezoeken &#8211; Ons advies voor de activiteiten en bezichtigingen\"}]},{\"@type\":\"WebSite\",\"@id\":\"https:\\\/\\\/campinglesgalets.fr\\\/nl\\\/#website\",\"url\":\"https:\\\/\\\/campinglesgalets.fr\\\/nl\\\/\",\"name\":\"Camping les galets\",\"description\":\"Camping Argel\u00e8s-sur-Mer\",\"publisher\":{\"@id\":\"https:\\\/\\\/campinglesgalets.fr\\\/nl\\\/#organization\"},\"potentialAction\":[{\"@type\":\"SearchAction\",\"target\":{\"@type\":\"EntryPoint\",\"urlTemplate\":\"https:\\\/\\\/campinglesgalets.fr\\\/nl\\\/?s={search_term_string}\"},\"query-input\":{\"@type\":\"PropertyValueSpecification\",\"valueRequired\":true,\"valueName\":\"search_term_string\"}}],\"inLanguage\":\"nl-NL\"},{\"@type\":\"Organization\",\"@id\":\"https:\\\/\\\/campinglesgalets.fr\\\/nl\\\/#organization\",\"name\":\"Camping les Galets\",\"url\":\"https:\\\/\\\/campinglesgalets.fr\\\/nl\\\/\",\"logo\":{\"@type\":\"ImageObject\",\"inLanguage\":\"nl-NL\",\"@id\":\"https:\\\/\\\/campinglesgalets.fr\\\/nl\\\/#\\\/schema\\\/logo\\\/image\\\/\",\"url\":\"https:\\\/\\\/campinglesgalets.fr\\\/wp-content\\\/uploads\\\/2025\\\/10\\\/Logo_Footer.svg\",\"contentUrl\":\"https:\\\/\\\/campinglesgalets.fr\\\/wp-content\\\/uploads\\\/2025\\\/10\\\/Logo_Footer.svg\",\"width\":267,\"height\":175,\"caption\":\"Camping les Galets\"},\"image\":{\"@id\":\"https:\\\/\\\/campinglesgalets.fr\\\/nl\\\/#\\\/schema\\\/logo\\\/image\\\/\"}}]}<\/script>\n<!-- \/ Yoast SEO plugin. -->","yoast_head_json":{"title":"Perpignan bezoeken - Wat is er te zien en te doen in Perpignan?","description":"Profitez de votre s\u00e9jour en camping 4 \u00e9toiles \u00e0 Argel\u00e8s, aux Galets, pour visiter la magnifique ville de Perpignan.","robots":{"index":"index","follow":"follow","max-snippet":"max-snippet:-1","max-image-preview":"max-image-preview:large","max-video-preview":"max-video-preview:-1"},"canonical":"https:\/\/campinglesgalets.fr\/nl\/tourisme-perpignan\/","og_locale":"nl_NL","og_type":"article","og_title":"Perpignan bezoeken - Wat is er te zien en te doen in Perpignan?","og_description":"Profitez de votre s\u00e9jour en camping 4 \u00e9toiles \u00e0 Argel\u00e8s, aux Galets, pour visiter la magnifique ville de Perpignan.","og_url":"https:\/\/campinglesgalets.fr\/nl\/tourisme-perpignan\/","og_site_name":"Camping les galets","article_modified_time":"2025-04-11T13:49:55+00:00","og_image":[{"width":285,"height":229,"url":"https:\/\/campinglesgalets.fr\/wp-content\/uploads\/2023\/03\/img-perpignan-2.jpg","type":"image\/jpeg"}],"twitter_card":"summary_large_image","twitter_misc":{"Geschatte leestijd":"4 minuten"},"schema":{"@context":"https:\/\/schema.org","@graph":[{"@type":"WebPage","@id":"https:\/\/campinglesgalets.fr\/nl\/tourisme-perpignan\/","url":"https:\/\/campinglesgalets.fr\/nl\/tourisme-perpignan\/","name":"Perpignan bezoeken - Wat is er te zien en te doen in Perpignan?","isPartOf":{"@id":"https:\/\/campinglesgalets.fr\/nl\/#website"},"primaryImageOfPage":{"@id":"https:\/\/campinglesgalets.fr\/nl\/tourisme-perpignan\/#primaryimage"},"image":{"@id":"https:\/\/campinglesgalets.fr\/nl\/tourisme-perpignan\/#primaryimage"},"thumbnailUrl":"https:\/\/campinglesgalets.fr\/wp-content\/uploads\/2023\/03\/img-perpignan-2.jpg","datePublished":"2023-03-07T16:11:15+00:00","dateModified":"2025-04-11T13:49:55+00:00","description":"Profitez de votre s\u00e9jour en camping 4 \u00e9toiles \u00e0 Argel\u00e8s, aux Galets, pour visiter la magnifique ville de Perpignan.","breadcrumb":{"@id":"https:\/\/campinglesgalets.fr\/nl\/tourisme-perpignan\/#breadcrumb"},"inLanguage":"nl-NL","potentialAction":[{"@type":"ReadAction","target":["https:\/\/campinglesgalets.fr\/nl\/tourisme-perpignan\/"]}]},{"@type":"ImageObject","inLanguage":"nl-NL","@id":"https:\/\/campinglesgalets.fr\/nl\/tourisme-perpignan\/#primaryimage","url":"https:\/\/campinglesgalets.fr\/wp-content\/uploads\/2023\/03\/img-perpignan-2.jpg","contentUrl":"https:\/\/campinglesgalets.fr\/wp-content\/uploads\/2023\/03\/img-perpignan-2.jpg","width":285,"height":229},{"@type":"BreadcrumbList","@id":"https:\/\/campinglesgalets.fr\/nl\/tourisme-perpignan\/#breadcrumb","itemListElement":[{"@type":"ListItem","position":1,"name":"Camping \u00e0 Argel\u00e8s-sur-Mer","item":"https:\/\/campinglesgalets.fr\/nl\/"},{"@type":"ListItem","position":2,"name":"Perpignan bezoeken &#8211; Ons advies voor de activiteiten en bezichtigingen"}]},{"@type":"WebSite","@id":"https:\/\/campinglesgalets.fr\/nl\/#website","url":"https:\/\/campinglesgalets.fr\/nl\/","name":"Camping les galets","description":"Camping Argel\u00e8s-sur-Mer","publisher":{"@id":"https:\/\/campinglesgalets.fr\/nl\/#organization"},"potentialAction":[{"@type":"SearchAction","target":{"@type":"EntryPoint","urlTemplate":"https:\/\/campinglesgalets.fr\/nl\/?s={search_term_string}"},"query-input":{"@type":"PropertyValueSpecification","valueRequired":true,"valueName":"search_term_string"}}],"inLanguage":"nl-NL"},{"@type":"Organization","@id":"https:\/\/campinglesgalets.fr\/nl\/#organization","name":"Camping les Galets","url":"https:\/\/campinglesgalets.fr\/nl\/","logo":{"@type":"ImageObject","inLanguage":"nl-NL","@id":"https:\/\/campinglesgalets.fr\/nl\/#\/schema\/logo\/image\/","url":"https:\/\/campinglesgalets.fr\/wp-content\/uploads\/2025\/10\/Logo_Footer.svg","contentUrl":"https:\/\/campinglesgalets.fr\/wp-content\/uploads\/2025\/10\/Logo_Footer.svg","width":267,"height":175,"caption":"Camping les Galets"},"image":{"@id":"https:\/\/campinglesgalets.fr\/nl\/#\/schema\/logo\/image\/"}}]}},"_links":{"self":[{"href":"https:\/\/campinglesgalets.fr\/nl\/wp-json\/wp\/v2\/pages\/25643","targetHints":{"allow":["GET"]}}],"collection":[{"href":"https:\/\/campinglesgalets.fr\/nl\/wp-json\/wp\/v2\/pages"}],"about":[{"href":"https:\/\/campinglesgalets.fr\/nl\/wp-json\/wp\/v2\/types\/page"}],"author":[{"embeddable":true,"href":"https:\/\/campinglesgalets.fr\/nl\/wp-json\/wp\/v2\/users\/1"}],"replies":[{"embeddable":true,"href":"https:\/\/campinglesgalets.fr\/nl\/wp-json\/wp\/v2\/comments?post=25643"}],"version-history":[{"count":0,"href":"https:\/\/campinglesgalets.fr\/nl\/wp-json\/wp\/v2\/pages\/25643\/revisions"}],"wp:featuredmedia":[{"embeddable":true,"href":"https:\/\/campinglesgalets.fr\/nl\/wp-json\/wp\/v2\/media\/24695"}],"wp:attachment":[{"href":"https:\/\/campinglesgalets.fr\/nl\/wp-json\/wp\/v2\/media?parent=25643"}],"curies":[{"name":"wp","href":"https:\/\/api.w.org\/{rel}","templated":true}]}}