{"id":25613,"date":"2023-03-03T16:24:30","date_gmt":"2023-03-03T15:24:30","guid":{"rendered":"https:\/\/campinglesgalets.fr\/contact-et-acces\/"},"modified":"2025-10-06T13:03:22","modified_gmt":"2025-10-06T12:03:22","slug":"contact-en-bereik","status":"publish","type":"page","link":"https:\/\/campinglesgalets.fr\/nl\/contact-en-bereik\/","title":{"rendered":"Contact en bereik"},"content":{"rendered":"<h2>Camping\u00a0 \u201cLes Galets\u201d<\/h2>\n<p>Route de Taxo a la Mer &#8211; Plage Nord<br \/>\n66701 Argel\u00e8s-sur-mer<\/p>\n<h2>Contact<\/h2>\n<p>U heeft een virtuele rondleiding door onze camping gemaakt en u wilt uw volgende vakantie samen met uw partner, famillie of vrienden op de 4-sterren camping Les Galets in Argel\u00e8s-sur-mer in Occitani\u00eb doorbrengen? Aarzel niet om ons al uw vragen te stellen voordat u uw comfortabele staanplaats of uw volledige uitgeruste luxe stacaravan reserveert, u kunt:<\/p>\n<p>Het online formulier invullen; Ons bellen op +33468810812 of per post Camping Les Galets &#8211; Route de Taxo \u00e0 la Mer &#8211; Plage Nord &#8211; 66701 Argel\u00e8s-sur-Mer.<\/p>\n<p>Welke uitrusting vind ik in mijn verhuur? Wanneer vindt de betaling plaats? Ligt de camping in een rustige omgeving en dicht bij de stranden? Wat zijn de kindvriendelijke faciliteiten? Wat zijn de aangebode diensten en de georganiseerde activiteiten ter plaatse? Wat zijn de belangrijkste dingen te zien en te doen in de omgeving? Neem contact met ons op en wij helpen u om uw vakantie te plannen!<\/p>\n<hr \/>\n<p>Openingstijden :<\/p>\n<ul>\n<li>April, Mei, Juni en September : 8.30 tot 12.30 uur en van 14 tot 18.30 uur<\/li>\n<li>Juli en Augustus : van 8 tot 13 en van 15 tot 19.30 uur<\/li>\n<li>Oktober &#8211; Maart : van 9 tot 12.30 uur en van 14 tot 17.30 uur<\/li>\n<\/ul>\n<h2>Toegang tot de camping<\/h2>\n<p>Met de auto<\/p>\n<p>Vanuit Parijs (873 km, 8:10): A10 richting Orl\u00e9ans, A71 naar Clermont-Ferrand, A75 naar B\u00e9ziers, A9 naar Perpignan en dan D914 (richting Saint-Cyprien en Argel\u00e8s).<br \/>\nVan Toulouse (233 km, 2u18): A61 naar Narbonne, A9 naar Perpignan en vervolgens D914 (richting Saint-Cyprien en Argel\u00e8s).<br \/>\nVan Montpellier (181 km, 1u52): A9 naar Perpignan en vervolgens D914 (richting Saint-Cyprien en Argel\u00e8s).<\/p>\n<p>Voordat u Argel\u00e8s binnenrijdt, bij de rotonde gaat het richting PLAGE NORD, route de Taxo. De camping ligt aan de linkerkant, ongeveer 1 km.<\/p>\n<p>Met de trein<\/p>\n<p>SNCF-stations van Perpignan en Argel\u00e8s.<\/p>\n<p>Met het vliegtuig<\/p>\n<p>Luchthaven Perpignan-Rivesaltes of girona (spanje)<\/p>\n<p><strong>GPS :<\/strong> Argel\u00e8s-sur-mer<br \/>\n42\u00b0 34\u2032 21.00\u2033N &#8211; 3\u00b0 1\u2032 32.02\u2033 E<br \/>\nTel. <strong>+33 4 68 81 08 12<\/strong> &#8211; Fax <strong>+33 4 68 81 68 76<\/strong><\/p>\n","protected":false},"excerpt":{"rendered":"<p>Camping\u00a0 \u201cLes Galets\u201d Route de Taxo a la Mer &#8211; Plage Nord 66701 Argel\u00e8s-sur-mer Contact U heeft een virtuele rondleiding door onze camping gemaakt en u wilt uw volgende vakantie samen met uw partner, famillie of vrienden op de 4-sterren camping Les Galets in Argel\u00e8s-sur-mer in Occitani\u00eb doorbrengen? Aarzel niet om ons al uw vragen [&hellip;]<\/p>\n","protected":false},"author":1,"featured_media":24075,"parent":0,"menu_order":0,"comment_status":"closed","ping_status":"closed","template":"","meta":{"_acf_changed":false,"_et_pb_use_builder":"","_et_pb_old_content":"","_et_gb_content_width":"","footnotes":""},"class_list":["post-25613","page","type-page","status-publish","has-post-thumbnail","hentry"],"acf":[],"yoast_head":"<!-- This site is optimized with the Yoast SEO plugin v27.3 - https:\/\/yoast.com\/product\/yoast-seo-wordpress\/ -->\n<title>Contact en bereik - Camping les galets<\/title>\n<meta name=\"description\" content=\"Alle contactgegevens en routebeschrijving om gemakkelijk naar Camping Les Galets te komen.\" \/>\n<meta name=\"robots\" content=\"index, follow, max-snippet:-1, max-image-preview:large, max-video-preview:-1\" \/>\n<link rel=\"canonical\" href=\"https:\/\/campinglesgalets.fr\/nl\/contact-en-bereik\/\" \/>\n<meta property=\"og:locale\" content=\"nl_NL\" \/>\n<meta property=\"og:type\" content=\"article\" \/>\n<meta property=\"og:title\" content=\"Contact en bereik - Camping les galets\" \/>\n<meta property=\"og:description\" content=\"Alle contactgegevens en routebeschrijving om gemakkelijk naar Camping Les Galets te komen.\" \/>\n<meta property=\"og:url\" content=\"https:\/\/campinglesgalets.fr\/nl\/contact-en-bereik\/\" \/>\n<meta property=\"og:site_name\" content=\"Camping les galets\" \/>\n<meta property=\"article:modified_time\" content=\"2025-10-06T12:03:22+00:00\" \/>\n<meta property=\"og:image\" content=\"https:\/\/campinglesgalets.fr\/wp-content\/uploads\/2020\/04\/sejour-st-cyprien-plage-1.jpg\" \/>\n\t<meta property=\"og:image:width\" content=\"1200\" \/>\n\t<meta property=\"og:image:height\" content=\"617\" \/>\n\t<meta property=\"og:image:type\" content=\"image\/jpeg\" \/>\n<meta name=\"twitter:card\" content=\"summary_large_image\" \/>\n<meta name=\"twitter:label1\" content=\"Geschatte leestijd\" \/>\n\t<meta name=\"twitter:data1\" content=\"2 minuten\" \/>\n<script type=\"application\/ld+json\" class=\"yoast-schema-graph\">{\"@context\":\"https:\\\/\\\/schema.org\",\"@graph\":[{\"@type\":\"WebPage\",\"@id\":\"https:\\\/\\\/campinglesgalets.fr\\\/nl\\\/contact-en-bereik\\\/\",\"url\":\"https:\\\/\\\/campinglesgalets.fr\\\/nl\\\/contact-en-bereik\\\/\",\"name\":\"Contact en bereik - Camping les galets\",\"isPartOf\":{\"@id\":\"https:\\\/\\\/campinglesgalets.fr\\\/nl\\\/#website\"},\"primaryImageOfPage\":{\"@id\":\"https:\\\/\\\/campinglesgalets.fr\\\/nl\\\/contact-en-bereik\\\/#primaryimage\"},\"image\":{\"@id\":\"https:\\\/\\\/campinglesgalets.fr\\\/nl\\\/contact-en-bereik\\\/#primaryimage\"},\"thumbnailUrl\":\"https:\\\/\\\/campinglesgalets.fr\\\/wp-content\\\/uploads\\\/2020\\\/04\\\/sejour-st-cyprien-plage-1.jpg\",\"datePublished\":\"2023-03-03T15:24:30+00:00\",\"dateModified\":\"2025-10-06T12:03:22+00:00\",\"description\":\"Alle contactgegevens en routebeschrijving om gemakkelijk naar Camping Les Galets te komen.\",\"breadcrumb\":{\"@id\":\"https:\\\/\\\/campinglesgalets.fr\\\/nl\\\/contact-en-bereik\\\/#breadcrumb\"},\"inLanguage\":\"nl-NL\",\"potentialAction\":[{\"@type\":\"ReadAction\",\"target\":[\"https:\\\/\\\/campinglesgalets.fr\\\/nl\\\/contact-en-bereik\\\/\"]}]},{\"@type\":\"ImageObject\",\"inLanguage\":\"nl-NL\",\"@id\":\"https:\\\/\\\/campinglesgalets.fr\\\/nl\\\/contact-en-bereik\\\/#primaryimage\",\"url\":\"https:\\\/\\\/campinglesgalets.fr\\\/wp-content\\\/uploads\\\/2020\\\/04\\\/sejour-st-cyprien-plage-1.jpg\",\"contentUrl\":\"https:\\\/\\\/campinglesgalets.fr\\\/wp-content\\\/uploads\\\/2020\\\/04\\\/sejour-st-cyprien-plage-1.jpg\",\"width\":1200,\"height\":617},{\"@type\":\"BreadcrumbList\",\"@id\":\"https:\\\/\\\/campinglesgalets.fr\\\/nl\\\/contact-en-bereik\\\/#breadcrumb\",\"itemListElement\":[{\"@type\":\"ListItem\",\"position\":1,\"name\":\"Camping \u00e0 Argel\u00e8s-sur-Mer\",\"item\":\"https:\\\/\\\/campinglesgalets.fr\\\/nl\\\/\"},{\"@type\":\"ListItem\",\"position\":2,\"name\":\"Contact en bereik\"}]},{\"@type\":\"WebSite\",\"@id\":\"https:\\\/\\\/campinglesgalets.fr\\\/nl\\\/#website\",\"url\":\"https:\\\/\\\/campinglesgalets.fr\\\/nl\\\/\",\"name\":\"Camping les galets\",\"description\":\"Camping Argel\u00e8s-sur-Mer\",\"publisher\":{\"@id\":\"https:\\\/\\\/campinglesgalets.fr\\\/nl\\\/#organization\"},\"potentialAction\":[{\"@type\":\"SearchAction\",\"target\":{\"@type\":\"EntryPoint\",\"urlTemplate\":\"https:\\\/\\\/campinglesgalets.fr\\\/nl\\\/?s={search_term_string}\"},\"query-input\":{\"@type\":\"PropertyValueSpecification\",\"valueRequired\":true,\"valueName\":\"search_term_string\"}}],\"inLanguage\":\"nl-NL\"},{\"@type\":\"Organization\",\"@id\":\"https:\\\/\\\/campinglesgalets.fr\\\/nl\\\/#organization\",\"name\":\"Camping les Galets\",\"url\":\"https:\\\/\\\/campinglesgalets.fr\\\/nl\\\/\",\"logo\":{\"@type\":\"ImageObject\",\"inLanguage\":\"nl-NL\",\"@id\":\"https:\\\/\\\/campinglesgalets.fr\\\/nl\\\/#\\\/schema\\\/logo\\\/image\\\/\",\"url\":\"https:\\\/\\\/campinglesgalets.fr\\\/wp-content\\\/uploads\\\/2025\\\/10\\\/Logo_Footer.svg\",\"contentUrl\":\"https:\\\/\\\/campinglesgalets.fr\\\/wp-content\\\/uploads\\\/2025\\\/10\\\/Logo_Footer.svg\",\"width\":267,\"height\":175,\"caption\":\"Camping les Galets\"},\"image\":{\"@id\":\"https:\\\/\\\/campinglesgalets.fr\\\/nl\\\/#\\\/schema\\\/logo\\\/image\\\/\"}}]}<\/script>\n<!-- \/ Yoast SEO plugin. -->","yoast_head_json":{"title":"Contact en bereik - Camping les galets","description":"Alle contactgegevens en routebeschrijving om gemakkelijk naar Camping Les Galets te komen.","robots":{"index":"index","follow":"follow","max-snippet":"max-snippet:-1","max-image-preview":"max-image-preview:large","max-video-preview":"max-video-preview:-1"},"canonical":"https:\/\/campinglesgalets.fr\/nl\/contact-en-bereik\/","og_locale":"nl_NL","og_type":"article","og_title":"Contact en bereik - Camping les galets","og_description":"Alle contactgegevens en routebeschrijving om gemakkelijk naar Camping Les Galets te komen.","og_url":"https:\/\/campinglesgalets.fr\/nl\/contact-en-bereik\/","og_site_name":"Camping les galets","article_modified_time":"2025-10-06T12:03:22+00:00","og_image":[{"width":1200,"height":617,"url":"https:\/\/campinglesgalets.fr\/wp-content\/uploads\/2020\/04\/sejour-st-cyprien-plage-1.jpg","type":"image\/jpeg"}],"twitter_card":"summary_large_image","twitter_misc":{"Geschatte leestijd":"2 minuten"},"schema":{"@context":"https:\/\/schema.org","@graph":[{"@type":"WebPage","@id":"https:\/\/campinglesgalets.fr\/nl\/contact-en-bereik\/","url":"https:\/\/campinglesgalets.fr\/nl\/contact-en-bereik\/","name":"Contact en bereik - Camping les galets","isPartOf":{"@id":"https:\/\/campinglesgalets.fr\/nl\/#website"},"primaryImageOfPage":{"@id":"https:\/\/campinglesgalets.fr\/nl\/contact-en-bereik\/#primaryimage"},"image":{"@id":"https:\/\/campinglesgalets.fr\/nl\/contact-en-bereik\/#primaryimage"},"thumbnailUrl":"https:\/\/campinglesgalets.fr\/wp-content\/uploads\/2020\/04\/sejour-st-cyprien-plage-1.jpg","datePublished":"2023-03-03T15:24:30+00:00","dateModified":"2025-10-06T12:03:22+00:00","description":"Alle contactgegevens en routebeschrijving om gemakkelijk naar Camping Les Galets te komen.","breadcrumb":{"@id":"https:\/\/campinglesgalets.fr\/nl\/contact-en-bereik\/#breadcrumb"},"inLanguage":"nl-NL","potentialAction":[{"@type":"ReadAction","target":["https:\/\/campinglesgalets.fr\/nl\/contact-en-bereik\/"]}]},{"@type":"ImageObject","inLanguage":"nl-NL","@id":"https:\/\/campinglesgalets.fr\/nl\/contact-en-bereik\/#primaryimage","url":"https:\/\/campinglesgalets.fr\/wp-content\/uploads\/2020\/04\/sejour-st-cyprien-plage-1.jpg","contentUrl":"https:\/\/campinglesgalets.fr\/wp-content\/uploads\/2020\/04\/sejour-st-cyprien-plage-1.jpg","width":1200,"height":617},{"@type":"BreadcrumbList","@id":"https:\/\/campinglesgalets.fr\/nl\/contact-en-bereik\/#breadcrumb","itemListElement":[{"@type":"ListItem","position":1,"name":"Camping \u00e0 Argel\u00e8s-sur-Mer","item":"https:\/\/campinglesgalets.fr\/nl\/"},{"@type":"ListItem","position":2,"name":"Contact en bereik"}]},{"@type":"WebSite","@id":"https:\/\/campinglesgalets.fr\/nl\/#website","url":"https:\/\/campinglesgalets.fr\/nl\/","name":"Camping les galets","description":"Camping Argel\u00e8s-sur-Mer","publisher":{"@id":"https:\/\/campinglesgalets.fr\/nl\/#organization"},"potentialAction":[{"@type":"SearchAction","target":{"@type":"EntryPoint","urlTemplate":"https:\/\/campinglesgalets.fr\/nl\/?s={search_term_string}"},"query-input":{"@type":"PropertyValueSpecification","valueRequired":true,"valueName":"search_term_string"}}],"inLanguage":"nl-NL"},{"@type":"Organization","@id":"https:\/\/campinglesgalets.fr\/nl\/#organization","name":"Camping les Galets","url":"https:\/\/campinglesgalets.fr\/nl\/","logo":{"@type":"ImageObject","inLanguage":"nl-NL","@id":"https:\/\/campinglesgalets.fr\/nl\/#\/schema\/logo\/image\/","url":"https:\/\/campinglesgalets.fr\/wp-content\/uploads\/2025\/10\/Logo_Footer.svg","contentUrl":"https:\/\/campinglesgalets.fr\/wp-content\/uploads\/2025\/10\/Logo_Footer.svg","width":267,"height":175,"caption":"Camping les Galets"},"image":{"@id":"https:\/\/campinglesgalets.fr\/nl\/#\/schema\/logo\/image\/"}}]}},"_links":{"self":[{"href":"https:\/\/campinglesgalets.fr\/nl\/wp-json\/wp\/v2\/pages\/25613","targetHints":{"allow":["GET"]}}],"collection":[{"href":"https:\/\/campinglesgalets.fr\/nl\/wp-json\/wp\/v2\/pages"}],"about":[{"href":"https:\/\/campinglesgalets.fr\/nl\/wp-json\/wp\/v2\/types\/page"}],"author":[{"embeddable":true,"href":"https:\/\/campinglesgalets.fr\/nl\/wp-json\/wp\/v2\/users\/1"}],"replies":[{"embeddable":true,"href":"https:\/\/campinglesgalets.fr\/nl\/wp-json\/wp\/v2\/comments?post=25613"}],"version-history":[{"count":0,"href":"https:\/\/campinglesgalets.fr\/nl\/wp-json\/wp\/v2\/pages\/25613\/revisions"}],"wp:featuredmedia":[{"embeddable":true,"href":"https:\/\/campinglesgalets.fr\/nl\/wp-json\/wp\/v2\/media\/24075"}],"wp:attachment":[{"href":"https:\/\/campinglesgalets.fr\/nl\/wp-json\/wp\/v2\/media?parent=25613"}],"curies":[{"name":"wp","href":"https:\/\/api.w.org\/{rel}","templated":true}]}}