{"id":25370,"date":"2023-03-06T16:44:14","date_gmt":"2023-03-06T15:44:14","guid":{"rendered":"https:\/\/campinglesgalets.fr\/soirees-animees\/"},"modified":"2023-03-27T15:21:42","modified_gmt":"2023-03-27T14:21:42","slug":"optredens","status":"publish","type":"page","link":"https:\/\/campinglesgalets.fr\/nl\/optredens\/","title":{"rendered":"Entertainement"},"content":{"rendered":"","protected":false},"excerpt":{"rendered":"","protected":false},"author":1,"featured_media":24395,"parent":0,"menu_order":0,"comment_status":"closed","ping_status":"closed","template":"","meta":{"_acf_changed":false,"_et_pb_use_builder":"","_et_pb_old_content":"","_et_gb_content_width":"","footnotes":""},"class_list":["post-25370","page","type-page","status-publish","has-post-thumbnail","hentry"],"acf":[],"yoast_head":"<!-- This site is optimized with the Yoast SEO plugin v27.4 - https:\/\/yoast.com\/product\/yoast-seo-wordpress\/ -->\n<title>Camping club met &#039;s avonds entertainment in Argeles sur mer<\/title>\n<meta name=\"description\" content=\"Venez passer des soir\u00e9es inoubliables en famille ou entre amis au camping Les Galets, situ\u00e9 \u00e0 Argel\u00e8s dans les Pyr\u00e9n\u00e9es-Orientales (66).\" \/>\n<meta name=\"robots\" content=\"index, follow, max-snippet:-1, max-image-preview:large, max-video-preview:-1\" \/>\n<link rel=\"canonical\" href=\"https:\/\/campinglesgalets.fr\/nl\/optredens\/\" \/>\n<meta property=\"og:locale\" content=\"nl_NL\" \/>\n<meta property=\"og:type\" content=\"article\" \/>\n<meta property=\"og:title\" content=\"Camping club met &#039;s avonds entertainment in Argeles sur mer\" \/>\n<meta property=\"og:description\" content=\"Venez passer des soir\u00e9es inoubliables en famille ou entre amis au camping Les Galets, situ\u00e9 \u00e0 Argel\u00e8s dans les Pyr\u00e9n\u00e9es-Orientales (66).\" \/>\n<meta property=\"og:url\" content=\"https:\/\/campinglesgalets.fr\/nl\/optredens\/\" \/>\n<meta property=\"og:site_name\" content=\"Camping les galets\" \/>\n<meta property=\"article:modified_time\" content=\"2023-03-27T14:21:42+00:00\" \/>\n<meta property=\"og:image\" content=\"https:\/\/campinglesgalets.fr\/wp-content\/uploads\/2023\/03\/photos_2015_tri_manuel_030-2100x1337-1.jpg\" \/>\n\t<meta property=\"og:image:width\" content=\"2100\" \/>\n\t<meta property=\"og:image:height\" content=\"1337\" \/>\n\t<meta property=\"og:image:type\" content=\"image\/jpeg\" \/>\n<meta name=\"twitter:card\" content=\"summary_large_image\" \/>\n<script type=\"application\/ld+json\" class=\"yoast-schema-graph\">{\"@context\":\"https:\\\/\\\/schema.org\",\"@graph\":[{\"@type\":\"WebPage\",\"@id\":\"https:\\\/\\\/campinglesgalets.fr\\\/nl\\\/optredens\\\/\",\"url\":\"https:\\\/\\\/campinglesgalets.fr\\\/nl\\\/optredens\\\/\",\"name\":\"Camping club met 's avonds entertainment in Argeles sur mer\",\"isPartOf\":{\"@id\":\"https:\\\/\\\/campinglesgalets.fr\\\/nl\\\/#website\"},\"primaryImageOfPage\":{\"@id\":\"https:\\\/\\\/campinglesgalets.fr\\\/nl\\\/optredens\\\/#primaryimage\"},\"image\":{\"@id\":\"https:\\\/\\\/campinglesgalets.fr\\\/nl\\\/optredens\\\/#primaryimage\"},\"thumbnailUrl\":\"https:\\\/\\\/campinglesgalets.fr\\\/wp-content\\\/uploads\\\/2023\\\/03\\\/photos_2015_tri_manuel_030-2100x1337-1.jpg\",\"datePublished\":\"2023-03-06T15:44:14+00:00\",\"dateModified\":\"2023-03-27T14:21:42+00:00\",\"description\":\"Venez passer des soir\u00e9es inoubliables en famille ou entre amis au camping Les Galets, situ\u00e9 \u00e0 Argel\u00e8s dans les Pyr\u00e9n\u00e9es-Orientales (66).\",\"breadcrumb\":{\"@id\":\"https:\\\/\\\/campinglesgalets.fr\\\/nl\\\/optredens\\\/#breadcrumb\"},\"inLanguage\":\"nl-NL\",\"potentialAction\":[{\"@type\":\"ReadAction\",\"target\":[\"https:\\\/\\\/campinglesgalets.fr\\\/nl\\\/optredens\\\/\"]}]},{\"@type\":\"ImageObject\",\"inLanguage\":\"nl-NL\",\"@id\":\"https:\\\/\\\/campinglesgalets.fr\\\/nl\\\/optredens\\\/#primaryimage\",\"url\":\"https:\\\/\\\/campinglesgalets.fr\\\/wp-content\\\/uploads\\\/2023\\\/03\\\/photos_2015_tri_manuel_030-2100x1337-1.jpg\",\"contentUrl\":\"https:\\\/\\\/campinglesgalets.fr\\\/wp-content\\\/uploads\\\/2023\\\/03\\\/photos_2015_tri_manuel_030-2100x1337-1.jpg\",\"width\":2100,\"height\":1337,\"caption\":\"camping avec club enfant\"},{\"@type\":\"BreadcrumbList\",\"@id\":\"https:\\\/\\\/campinglesgalets.fr\\\/nl\\\/optredens\\\/#breadcrumb\",\"itemListElement\":[{\"@type\":\"ListItem\",\"position\":1,\"name\":\"Camping \u00e0 Argel\u00e8s-sur-Mer\",\"item\":\"https:\\\/\\\/campinglesgalets.fr\\\/nl\\\/\"},{\"@type\":\"ListItem\",\"position\":2,\"name\":\"Entertainement\"}]},{\"@type\":\"WebSite\",\"@id\":\"https:\\\/\\\/campinglesgalets.fr\\\/nl\\\/#website\",\"url\":\"https:\\\/\\\/campinglesgalets.fr\\\/nl\\\/\",\"name\":\"Camping les galets\",\"description\":\"Camping Argel\u00e8s-sur-Mer\",\"publisher\":{\"@id\":\"https:\\\/\\\/campinglesgalets.fr\\\/nl\\\/#organization\"},\"potentialAction\":[{\"@type\":\"SearchAction\",\"target\":{\"@type\":\"EntryPoint\",\"urlTemplate\":\"https:\\\/\\\/campinglesgalets.fr\\\/nl\\\/?s={search_term_string}\"},\"query-input\":{\"@type\":\"PropertyValueSpecification\",\"valueRequired\":true,\"valueName\":\"search_term_string\"}}],\"inLanguage\":\"nl-NL\"},{\"@type\":\"Organization\",\"@id\":\"https:\\\/\\\/campinglesgalets.fr\\\/nl\\\/#organization\",\"name\":\"Camping les Galets\",\"url\":\"https:\\\/\\\/campinglesgalets.fr\\\/nl\\\/\",\"logo\":{\"@type\":\"ImageObject\",\"inLanguage\":\"nl-NL\",\"@id\":\"https:\\\/\\\/campinglesgalets.fr\\\/nl\\\/#\\\/schema\\\/logo\\\/image\\\/\",\"url\":\"https:\\\/\\\/campinglesgalets.fr\\\/wp-content\\\/uploads\\\/2025\\\/10\\\/Logo_Footer.svg\",\"contentUrl\":\"https:\\\/\\\/campinglesgalets.fr\\\/wp-content\\\/uploads\\\/2025\\\/10\\\/Logo_Footer.svg\",\"width\":267,\"height\":175,\"caption\":\"Camping les Galets\"},\"image\":{\"@id\":\"https:\\\/\\\/campinglesgalets.fr\\\/nl\\\/#\\\/schema\\\/logo\\\/image\\\/\"}}]}<\/script>\n<!-- \/ Yoast SEO plugin. -->","yoast_head_json":{"title":"Camping club met 's avonds entertainment in Argeles sur mer","description":"Venez passer des soir\u00e9es inoubliables en famille ou entre amis au camping Les Galets, situ\u00e9 \u00e0 Argel\u00e8s dans les Pyr\u00e9n\u00e9es-Orientales (66).","robots":{"index":"index","follow":"follow","max-snippet":"max-snippet:-1","max-image-preview":"max-image-preview:large","max-video-preview":"max-video-preview:-1"},"canonical":"https:\/\/campinglesgalets.fr\/nl\/optredens\/","og_locale":"nl_NL","og_type":"article","og_title":"Camping club met 's avonds entertainment in Argeles sur mer","og_description":"Venez passer des soir\u00e9es inoubliables en famille ou entre amis au camping Les Galets, situ\u00e9 \u00e0 Argel\u00e8s dans les Pyr\u00e9n\u00e9es-Orientales (66).","og_url":"https:\/\/campinglesgalets.fr\/nl\/optredens\/","og_site_name":"Camping les galets","article_modified_time":"2023-03-27T14:21:42+00:00","og_image":[{"width":2100,"height":1337,"url":"https:\/\/campinglesgalets.fr\/wp-content\/uploads\/2023\/03\/photos_2015_tri_manuel_030-2100x1337-1.jpg","type":"image\/jpeg"}],"twitter_card":"summary_large_image","schema":{"@context":"https:\/\/schema.org","@graph":[{"@type":"WebPage","@id":"https:\/\/campinglesgalets.fr\/nl\/optredens\/","url":"https:\/\/campinglesgalets.fr\/nl\/optredens\/","name":"Camping club met 's avonds entertainment in Argeles sur mer","isPartOf":{"@id":"https:\/\/campinglesgalets.fr\/nl\/#website"},"primaryImageOfPage":{"@id":"https:\/\/campinglesgalets.fr\/nl\/optredens\/#primaryimage"},"image":{"@id":"https:\/\/campinglesgalets.fr\/nl\/optredens\/#primaryimage"},"thumbnailUrl":"https:\/\/campinglesgalets.fr\/wp-content\/uploads\/2023\/03\/photos_2015_tri_manuel_030-2100x1337-1.jpg","datePublished":"2023-03-06T15:44:14+00:00","dateModified":"2023-03-27T14:21:42+00:00","description":"Venez passer des soir\u00e9es inoubliables en famille ou entre amis au camping Les Galets, situ\u00e9 \u00e0 Argel\u00e8s dans les Pyr\u00e9n\u00e9es-Orientales (66).","breadcrumb":{"@id":"https:\/\/campinglesgalets.fr\/nl\/optredens\/#breadcrumb"},"inLanguage":"nl-NL","potentialAction":[{"@type":"ReadAction","target":["https:\/\/campinglesgalets.fr\/nl\/optredens\/"]}]},{"@type":"ImageObject","inLanguage":"nl-NL","@id":"https:\/\/campinglesgalets.fr\/nl\/optredens\/#primaryimage","url":"https:\/\/campinglesgalets.fr\/wp-content\/uploads\/2023\/03\/photos_2015_tri_manuel_030-2100x1337-1.jpg","contentUrl":"https:\/\/campinglesgalets.fr\/wp-content\/uploads\/2023\/03\/photos_2015_tri_manuel_030-2100x1337-1.jpg","width":2100,"height":1337,"caption":"camping avec club enfant"},{"@type":"BreadcrumbList","@id":"https:\/\/campinglesgalets.fr\/nl\/optredens\/#breadcrumb","itemListElement":[{"@type":"ListItem","position":1,"name":"Camping \u00e0 Argel\u00e8s-sur-Mer","item":"https:\/\/campinglesgalets.fr\/nl\/"},{"@type":"ListItem","position":2,"name":"Entertainement"}]},{"@type":"WebSite","@id":"https:\/\/campinglesgalets.fr\/nl\/#website","url":"https:\/\/campinglesgalets.fr\/nl\/","name":"Camping les galets","description":"Camping Argel\u00e8s-sur-Mer","publisher":{"@id":"https:\/\/campinglesgalets.fr\/nl\/#organization"},"potentialAction":[{"@type":"SearchAction","target":{"@type":"EntryPoint","urlTemplate":"https:\/\/campinglesgalets.fr\/nl\/?s={search_term_string}"},"query-input":{"@type":"PropertyValueSpecification","valueRequired":true,"valueName":"search_term_string"}}],"inLanguage":"nl-NL"},{"@type":"Organization","@id":"https:\/\/campinglesgalets.fr\/nl\/#organization","name":"Camping les Galets","url":"https:\/\/campinglesgalets.fr\/nl\/","logo":{"@type":"ImageObject","inLanguage":"nl-NL","@id":"https:\/\/campinglesgalets.fr\/nl\/#\/schema\/logo\/image\/","url":"https:\/\/campinglesgalets.fr\/wp-content\/uploads\/2025\/10\/Logo_Footer.svg","contentUrl":"https:\/\/campinglesgalets.fr\/wp-content\/uploads\/2025\/10\/Logo_Footer.svg","width":267,"height":175,"caption":"Camping les Galets"},"image":{"@id":"https:\/\/campinglesgalets.fr\/nl\/#\/schema\/logo\/image\/"}}]}},"_links":{"self":[{"href":"https:\/\/campinglesgalets.fr\/nl\/wp-json\/wp\/v2\/pages\/25370","targetHints":{"allow":["GET"]}}],"collection":[{"href":"https:\/\/campinglesgalets.fr\/nl\/wp-json\/wp\/v2\/pages"}],"about":[{"href":"https:\/\/campinglesgalets.fr\/nl\/wp-json\/wp\/v2\/types\/page"}],"author":[{"embeddable":true,"href":"https:\/\/campinglesgalets.fr\/nl\/wp-json\/wp\/v2\/users\/1"}],"replies":[{"embeddable":true,"href":"https:\/\/campinglesgalets.fr\/nl\/wp-json\/wp\/v2\/comments?post=25370"}],"version-history":[{"count":0,"href":"https:\/\/campinglesgalets.fr\/nl\/wp-json\/wp\/v2\/pages\/25370\/revisions"}],"wp:featuredmedia":[{"embeddable":true,"href":"https:\/\/campinglesgalets.fr\/nl\/wp-json\/wp\/v2\/media\/24395"}],"wp:attachment":[{"href":"https:\/\/campinglesgalets.fr\/nl\/wp-json\/wp\/v2\/media?parent=25370"}],"curies":[{"name":"wp","href":"https:\/\/api.w.org\/{rel}","templated":true}]}}