{"id":25339,"date":"2023-03-03T17:44:15","date_gmt":"2023-03-03T16:44:15","guid":{"rendered":"https:\/\/campinglesgalets.fr\/club-enfants\/"},"modified":"2025-05-16T12:48:46","modified_gmt":"2025-05-16T11:48:46","slug":"animatie-en-activiiteiten","status":"publish","type":"page","link":"https:\/\/campinglesgalets.fr\/nl\/animatie-en-activiiteiten\/","title":{"rendered":"Animatie en Activiteiten"},"content":{"rendered":"","protected":false},"excerpt":{"rendered":"","protected":false},"author":1,"featured_media":24395,"parent":0,"menu_order":0,"comment_status":"closed","ping_status":"closed","template":"","meta":{"_acf_changed":false,"_et_pb_use_builder":"","_et_pb_old_content":"","_et_gb_content_width":"","footnotes":""},"class_list":["post-25339","page","type-page","status-publish","has-post-thumbnail","hentry"],"acf":[],"yoast_head":"<!-- This site is optimized with the Yoast SEO plugin v27.3 - https:\/\/yoast.com\/product\/yoast-seo-wordpress\/ -->\n<title>Familie Camping Argeles | Camping met kinderclub in Argeles sur mer<\/title>\n<meta name=\"description\" content=\"Le club enfant du camping Les Galets, c&#039;est des activit\u00e9s de plein air, spectacles, sports, etc. Ouvert d&#039;avril \u00e0 septembre pendant les vacances scolaires, et les weekend prolong\u00e9s de mai et juin.\" \/>\n<meta name=\"robots\" content=\"index, follow, max-snippet:-1, max-image-preview:large, max-video-preview:-1\" \/>\n<link rel=\"canonical\" href=\"https:\/\/campinglesgalets.fr\/nl\/animatie-en-activiiteiten\/\" \/>\n<meta property=\"og:locale\" content=\"nl_NL\" \/>\n<meta property=\"og:type\" content=\"article\" \/>\n<meta property=\"og:title\" content=\"Familie Camping Argeles | Camping met kinderclub in Argeles sur mer\" \/>\n<meta property=\"og:description\" content=\"Le club enfant du camping Les Galets, c&#039;est des activit\u00e9s de plein air, spectacles, sports, etc. Ouvert d&#039;avril \u00e0 septembre pendant les vacances scolaires, et les weekend prolong\u00e9s de mai et juin.\" \/>\n<meta property=\"og:url\" content=\"https:\/\/campinglesgalets.fr\/nl\/animatie-en-activiiteiten\/\" \/>\n<meta property=\"og:site_name\" content=\"Camping les galets\" \/>\n<meta property=\"article:modified_time\" content=\"2025-05-16T11:48:46+00:00\" \/>\n<meta property=\"og:image\" content=\"https:\/\/campinglesgalets.fr\/wp-content\/uploads\/2023\/03\/photos_2015_tri_manuel_030-2100x1337-1.jpg\" \/>\n\t<meta property=\"og:image:width\" content=\"2100\" \/>\n\t<meta property=\"og:image:height\" content=\"1337\" \/>\n\t<meta property=\"og:image:type\" content=\"image\/jpeg\" \/>\n<meta name=\"twitter:card\" content=\"summary_large_image\" \/>\n<meta name=\"twitter:label1\" content=\"Geschatte leestijd\" \/>\n\t<meta name=\"twitter:data1\" content=\"4 minuten\" \/>\n<script type=\"application\/ld+json\" class=\"yoast-schema-graph\">{\"@context\":\"https:\\\/\\\/schema.org\",\"@graph\":[{\"@type\":\"WebPage\",\"@id\":\"https:\\\/\\\/campinglesgalets.fr\\\/nl\\\/animatie-en-activiiteiten\\\/\",\"url\":\"https:\\\/\\\/campinglesgalets.fr\\\/nl\\\/animatie-en-activiiteiten\\\/\",\"name\":\"Familie Camping Argeles | Camping met kinderclub in Argeles sur mer\",\"isPartOf\":{\"@id\":\"https:\\\/\\\/campinglesgalets.fr\\\/nl\\\/#website\"},\"primaryImageOfPage\":{\"@id\":\"https:\\\/\\\/campinglesgalets.fr\\\/nl\\\/animatie-en-activiiteiten\\\/#primaryimage\"},\"image\":{\"@id\":\"https:\\\/\\\/campinglesgalets.fr\\\/nl\\\/animatie-en-activiiteiten\\\/#primaryimage\"},\"thumbnailUrl\":\"https:\\\/\\\/campinglesgalets.fr\\\/wp-content\\\/uploads\\\/2023\\\/03\\\/photos_2015_tri_manuel_030-2100x1337-1.jpg\",\"datePublished\":\"2023-03-03T16:44:15+00:00\",\"dateModified\":\"2025-05-16T11:48:46+00:00\",\"description\":\"Le club enfant du camping Les Galets, c'est des activit\u00e9s de plein air, spectacles, sports, etc. Ouvert d'avril \u00e0 septembre pendant les vacances scolaires, et les weekend prolong\u00e9s de mai et juin.\",\"breadcrumb\":{\"@id\":\"https:\\\/\\\/campinglesgalets.fr\\\/nl\\\/animatie-en-activiiteiten\\\/#breadcrumb\"},\"inLanguage\":\"nl-NL\",\"potentialAction\":[{\"@type\":\"ReadAction\",\"target\":[\"https:\\\/\\\/campinglesgalets.fr\\\/nl\\\/animatie-en-activiiteiten\\\/\"]}]},{\"@type\":\"ImageObject\",\"inLanguage\":\"nl-NL\",\"@id\":\"https:\\\/\\\/campinglesgalets.fr\\\/nl\\\/animatie-en-activiiteiten\\\/#primaryimage\",\"url\":\"https:\\\/\\\/campinglesgalets.fr\\\/wp-content\\\/uploads\\\/2023\\\/03\\\/photos_2015_tri_manuel_030-2100x1337-1.jpg\",\"contentUrl\":\"https:\\\/\\\/campinglesgalets.fr\\\/wp-content\\\/uploads\\\/2023\\\/03\\\/photos_2015_tri_manuel_030-2100x1337-1.jpg\",\"width\":2100,\"height\":1337,\"caption\":\"camping avec club enfant\"},{\"@type\":\"BreadcrumbList\",\"@id\":\"https:\\\/\\\/campinglesgalets.fr\\\/nl\\\/animatie-en-activiiteiten\\\/#breadcrumb\",\"itemListElement\":[{\"@type\":\"ListItem\",\"position\":1,\"name\":\"Camping \u00e0 Argel\u00e8s-sur-Mer\",\"item\":\"https:\\\/\\\/campinglesgalets.fr\\\/nl\\\/\"},{\"@type\":\"ListItem\",\"position\":2,\"name\":\"Animatie en Activiteiten\"}]},{\"@type\":\"WebSite\",\"@id\":\"https:\\\/\\\/campinglesgalets.fr\\\/nl\\\/#website\",\"url\":\"https:\\\/\\\/campinglesgalets.fr\\\/nl\\\/\",\"name\":\"Camping les galets\",\"description\":\"Camping Argel\u00e8s-sur-Mer\",\"publisher\":{\"@id\":\"https:\\\/\\\/campinglesgalets.fr\\\/nl\\\/#organization\"},\"potentialAction\":[{\"@type\":\"SearchAction\",\"target\":{\"@type\":\"EntryPoint\",\"urlTemplate\":\"https:\\\/\\\/campinglesgalets.fr\\\/nl\\\/?s={search_term_string}\"},\"query-input\":{\"@type\":\"PropertyValueSpecification\",\"valueRequired\":true,\"valueName\":\"search_term_string\"}}],\"inLanguage\":\"nl-NL\"},{\"@type\":\"Organization\",\"@id\":\"https:\\\/\\\/campinglesgalets.fr\\\/nl\\\/#organization\",\"name\":\"Camping les Galets\",\"url\":\"https:\\\/\\\/campinglesgalets.fr\\\/nl\\\/\",\"logo\":{\"@type\":\"ImageObject\",\"inLanguage\":\"nl-NL\",\"@id\":\"https:\\\/\\\/campinglesgalets.fr\\\/nl\\\/#\\\/schema\\\/logo\\\/image\\\/\",\"url\":\"https:\\\/\\\/campinglesgalets.fr\\\/wp-content\\\/uploads\\\/2025\\\/10\\\/Logo_Footer.svg\",\"contentUrl\":\"https:\\\/\\\/campinglesgalets.fr\\\/wp-content\\\/uploads\\\/2025\\\/10\\\/Logo_Footer.svg\",\"width\":267,\"height\":175,\"caption\":\"Camping les Galets\"},\"image\":{\"@id\":\"https:\\\/\\\/campinglesgalets.fr\\\/nl\\\/#\\\/schema\\\/logo\\\/image\\\/\"}}]}<\/script>\n<!-- \/ Yoast SEO plugin. -->","yoast_head_json":{"title":"Familie Camping Argeles | Camping met kinderclub in Argeles sur mer","description":"Le club enfant du camping Les Galets, c'est des activit\u00e9s de plein air, spectacles, sports, etc. Ouvert d'avril \u00e0 septembre pendant les vacances scolaires, et les weekend prolong\u00e9s de mai et juin.","robots":{"index":"index","follow":"follow","max-snippet":"max-snippet:-1","max-image-preview":"max-image-preview:large","max-video-preview":"max-video-preview:-1"},"canonical":"https:\/\/campinglesgalets.fr\/nl\/animatie-en-activiiteiten\/","og_locale":"nl_NL","og_type":"article","og_title":"Familie Camping Argeles | Camping met kinderclub in Argeles sur mer","og_description":"Le club enfant du camping Les Galets, c'est des activit\u00e9s de plein air, spectacles, sports, etc. Ouvert d'avril \u00e0 septembre pendant les vacances scolaires, et les weekend prolong\u00e9s de mai et juin.","og_url":"https:\/\/campinglesgalets.fr\/nl\/animatie-en-activiiteiten\/","og_site_name":"Camping les galets","article_modified_time":"2025-05-16T11:48:46+00:00","og_image":[{"width":2100,"height":1337,"url":"https:\/\/campinglesgalets.fr\/wp-content\/uploads\/2023\/03\/photos_2015_tri_manuel_030-2100x1337-1.jpg","type":"image\/jpeg"}],"twitter_card":"summary_large_image","twitter_misc":{"Geschatte leestijd":"4 minuten"},"schema":{"@context":"https:\/\/schema.org","@graph":[{"@type":"WebPage","@id":"https:\/\/campinglesgalets.fr\/nl\/animatie-en-activiiteiten\/","url":"https:\/\/campinglesgalets.fr\/nl\/animatie-en-activiiteiten\/","name":"Familie Camping Argeles | Camping met kinderclub in Argeles sur mer","isPartOf":{"@id":"https:\/\/campinglesgalets.fr\/nl\/#website"},"primaryImageOfPage":{"@id":"https:\/\/campinglesgalets.fr\/nl\/animatie-en-activiiteiten\/#primaryimage"},"image":{"@id":"https:\/\/campinglesgalets.fr\/nl\/animatie-en-activiiteiten\/#primaryimage"},"thumbnailUrl":"https:\/\/campinglesgalets.fr\/wp-content\/uploads\/2023\/03\/photos_2015_tri_manuel_030-2100x1337-1.jpg","datePublished":"2023-03-03T16:44:15+00:00","dateModified":"2025-05-16T11:48:46+00:00","description":"Le club enfant du camping Les Galets, c'est des activit\u00e9s de plein air, spectacles, sports, etc. Ouvert d'avril \u00e0 septembre pendant les vacances scolaires, et les weekend prolong\u00e9s de mai et juin.","breadcrumb":{"@id":"https:\/\/campinglesgalets.fr\/nl\/animatie-en-activiiteiten\/#breadcrumb"},"inLanguage":"nl-NL","potentialAction":[{"@type":"ReadAction","target":["https:\/\/campinglesgalets.fr\/nl\/animatie-en-activiiteiten\/"]}]},{"@type":"ImageObject","inLanguage":"nl-NL","@id":"https:\/\/campinglesgalets.fr\/nl\/animatie-en-activiiteiten\/#primaryimage","url":"https:\/\/campinglesgalets.fr\/wp-content\/uploads\/2023\/03\/photos_2015_tri_manuel_030-2100x1337-1.jpg","contentUrl":"https:\/\/campinglesgalets.fr\/wp-content\/uploads\/2023\/03\/photos_2015_tri_manuel_030-2100x1337-1.jpg","width":2100,"height":1337,"caption":"camping avec club enfant"},{"@type":"BreadcrumbList","@id":"https:\/\/campinglesgalets.fr\/nl\/animatie-en-activiiteiten\/#breadcrumb","itemListElement":[{"@type":"ListItem","position":1,"name":"Camping \u00e0 Argel\u00e8s-sur-Mer","item":"https:\/\/campinglesgalets.fr\/nl\/"},{"@type":"ListItem","position":2,"name":"Animatie en Activiteiten"}]},{"@type":"WebSite","@id":"https:\/\/campinglesgalets.fr\/nl\/#website","url":"https:\/\/campinglesgalets.fr\/nl\/","name":"Camping les galets","description":"Camping Argel\u00e8s-sur-Mer","publisher":{"@id":"https:\/\/campinglesgalets.fr\/nl\/#organization"},"potentialAction":[{"@type":"SearchAction","target":{"@type":"EntryPoint","urlTemplate":"https:\/\/campinglesgalets.fr\/nl\/?s={search_term_string}"},"query-input":{"@type":"PropertyValueSpecification","valueRequired":true,"valueName":"search_term_string"}}],"inLanguage":"nl-NL"},{"@type":"Organization","@id":"https:\/\/campinglesgalets.fr\/nl\/#organization","name":"Camping les Galets","url":"https:\/\/campinglesgalets.fr\/nl\/","logo":{"@type":"ImageObject","inLanguage":"nl-NL","@id":"https:\/\/campinglesgalets.fr\/nl\/#\/schema\/logo\/image\/","url":"https:\/\/campinglesgalets.fr\/wp-content\/uploads\/2025\/10\/Logo_Footer.svg","contentUrl":"https:\/\/campinglesgalets.fr\/wp-content\/uploads\/2025\/10\/Logo_Footer.svg","width":267,"height":175,"caption":"Camping les Galets"},"image":{"@id":"https:\/\/campinglesgalets.fr\/nl\/#\/schema\/logo\/image\/"}}]}},"_links":{"self":[{"href":"https:\/\/campinglesgalets.fr\/nl\/wp-json\/wp\/v2\/pages\/25339","targetHints":{"allow":["GET"]}}],"collection":[{"href":"https:\/\/campinglesgalets.fr\/nl\/wp-json\/wp\/v2\/pages"}],"about":[{"href":"https:\/\/campinglesgalets.fr\/nl\/wp-json\/wp\/v2\/types\/page"}],"author":[{"embeddable":true,"href":"https:\/\/campinglesgalets.fr\/nl\/wp-json\/wp\/v2\/users\/1"}],"replies":[{"embeddable":true,"href":"https:\/\/campinglesgalets.fr\/nl\/wp-json\/wp\/v2\/comments?post=25339"}],"version-history":[{"count":0,"href":"https:\/\/campinglesgalets.fr\/nl\/wp-json\/wp\/v2\/pages\/25339\/revisions"}],"wp:featuredmedia":[{"embeddable":true,"href":"https:\/\/campinglesgalets.fr\/nl\/wp-json\/wp\/v2\/media\/24395"}],"wp:attachment":[{"href":"https:\/\/campinglesgalets.fr\/nl\/wp-json\/wp\/v2\/media?parent=25339"}],"curies":[{"name":"wp","href":"https:\/\/api.w.org\/{rel}","templated":true}]}}