{"id":29254,"date":"2023-03-08T14:37:20","date_gmt":"2023-03-08T13:37:20","guid":{"rendered":"https:\/\/campinglesgalets.fr\/camping-saint-cyprien\/"},"modified":"2026-02-19T15:43:40","modified_gmt":"2026-02-19T14:43:40","slug":"camping-saint-cyprien","status":"publish","type":"page","link":"https:\/\/campinglesgalets.fr\/es\/camping-saint-cyprien\/","title":{"rendered":"Camping pr\u00e8s de 4 \u00e9toiles Saint-Cyprien dans les Pyr\u00e9n\u00e9es Orientales"},"content":{"rendered":"","protected":false},"excerpt":{"rendered":"<p><script type=\"application\/ld+json\">\n{\n  \"@context\": \"https:\/\/schema.org\",\n  \"@type\": \"Campground\",\n  \"name\": \"Camping Les Galets \u2013 Camping Saint Cyprien\",\n  \"image\": [\n    \"https:\/\/campinglesgalets.fr\/wp-content\/uploads\/2023\/02\/mobil-home_premium_exterieur_259_800600.jpg\",\n    \"https:\/\/campinglesgalets.fr\/wp-content\/uploads\/2023\/02\/mobil-home_standard_exterieur.webp\",\n    \"https:\/\/campinglesgalets.fr\/wp-content\/uploads\/2023\/02\/chalet_aurore_exterieur-1024x684-1.jpg\"\n  ],\n  \"url\": \"https:\/\/campinglesgalets.fr\/camping-saint-cyprien\/\",\n  \"telephone\": \"+33 4 68 81 08 12\",\n  \"description\": \"Camping 4 \u00e9toiles \u00e0 Saint Cyprien\/Argel\u00e8s-sur-Mer, en bord de mer, avec mobil-homes, chalets et emplacements nature, id\u00e9al pour des vacances en famille sous le soleil de la M\u00e9diterran\u00e9e.\",\n  \"address\": {\n    \"@type\": \"PostalAddress\",\n    \"streetAddress\": \"Route de Taxo \u00e0 la Mer \u2013 Plage Nord\",\n    \"addressLocality\": \"Argel\u00e8s-sur-Mer\",\n    \"postalCode\": \"66701\",\n    \"addressCountry\": \"FR\"\n  },\n  \"geo\": {\n    \"@type\": \"GeoCoordinates\",\n    \"latitude\": 42.57,\n    \"longitude\": 3.03\n  },\n  \"priceRange\": \"\u20ac\u20ac\",\n  \"aggregateRating\": {\n    \"@type\": \"AggregateRating\",\n    \"ratingValue\": \"4.6\",\n    \"reviewCount\": \"1291\"\n  }\n}\n<\/script><\/p>\n","protected":false},"author":1,"featured_media":24258,"parent":0,"menu_order":0,"comment_status":"closed","ping_status":"closed","template":"","meta":{"_acf_changed":false,"_et_pb_use_builder":"","_et_pb_old_content":"","_et_gb_content_width":"","footnotes":""},"class_list":["post-29254","page","type-page","status-publish","has-post-thumbnail","hentry"],"acf":[],"yoast_head":"<!-- This site is optimized with the Yoast SEO plugin v27.4 - https:\/\/yoast.com\/product\/yoast-seo-wordpress\/ -->\n<title>Camping 4 \u00e9toiles Saint Cyprien en bord de mer<\/title>\n<meta name=\"description\" content=\"Vivez des vacances inoubliables au camping Les Galets, id\u00e9alement situ\u00e9 pr\u00e8s de Saint Cyprien. D\u00e9tendez-vous dans un cadre naturel pr\u00e9serv\u00e9 et profitez des nombreuses activit\u00e9s propos\u00e9es sur place.\" \/>\n<meta name=\"robots\" content=\"index, follow, max-snippet:-1, max-image-preview:large, max-video-preview:-1\" \/>\n<link rel=\"canonical\" href=\"https:\/\/campinglesgalets.fr\/es\/camping-saint-cyprien\/\" \/>\n<meta property=\"og:locale\" content=\"es_ES\" \/>\n<meta property=\"og:type\" content=\"article\" \/>\n<meta property=\"og:title\" content=\"Camping 4 \u00e9toiles Saint Cyprien en bord de mer\" \/>\n<meta property=\"og:description\" content=\"Vivez des vacances inoubliables au camping Les Galets, id\u00e9alement situ\u00e9 pr\u00e8s de Saint Cyprien. D\u00e9tendez-vous dans un cadre naturel pr\u00e9serv\u00e9 et profitez des nombreuses activit\u00e9s propos\u00e9es sur place.\" \/>\n<meta property=\"og:url\" content=\"https:\/\/campinglesgalets.fr\/es\/camping-saint-cyprien\/\" \/>\n<meta property=\"og:site_name\" content=\"Camping les galets\" \/>\n<meta property=\"article:modified_time\" content=\"2026-02-19T14:43:40+00:00\" \/>\n<meta property=\"og:image\" content=\"https:\/\/campinglesgalets.fr\/wp-content\/uploads\/2023\/03\/SAINT-CYPRIEN.jpg\" \/>\n\t<meta property=\"og:image:width\" content=\"1440\" \/>\n\t<meta property=\"og:image:height\" content=\"421\" \/>\n\t<meta property=\"og:image:type\" content=\"image\/jpeg\" \/>\n<meta name=\"twitter:card\" content=\"summary_large_image\" \/>\n<meta name=\"twitter:label1\" content=\"Tiempo de lectura\" \/>\n\t<meta name=\"twitter:data1\" content=\"8 minutos\" \/>\n<script type=\"application\/ld+json\" class=\"yoast-schema-graph\">{\"@context\":\"https:\\\/\\\/schema.org\",\"@graph\":[{\"@type\":\"WebPage\",\"@id\":\"https:\\\/\\\/campinglesgalets.fr\\\/es\\\/camping-saint-cyprien\\\/\",\"url\":\"https:\\\/\\\/campinglesgalets.fr\\\/es\\\/camping-saint-cyprien\\\/\",\"name\":\"Camping 4 \u00e9toiles Saint Cyprien en bord de mer\",\"isPartOf\":{\"@id\":\"https:\\\/\\\/campinglesgalets.fr\\\/es\\\/#website\"},\"primaryImageOfPage\":{\"@id\":\"https:\\\/\\\/campinglesgalets.fr\\\/es\\\/camping-saint-cyprien\\\/#primaryimage\"},\"image\":{\"@id\":\"https:\\\/\\\/campinglesgalets.fr\\\/es\\\/camping-saint-cyprien\\\/#primaryimage\"},\"thumbnailUrl\":\"https:\\\/\\\/campinglesgalets.fr\\\/wp-content\\\/uploads\\\/2021\\\/10\\\/velo-saint-cyprien.jpg\",\"datePublished\":\"2023-03-08T13:37:20+00:00\",\"dateModified\":\"2026-02-19T14:43:40+00:00\",\"description\":\"Vivez des vacances inoubliables au camping Les Galets, id\u00e9alement situ\u00e9 pr\u00e8s de Saint Cyprien. D\u00e9tendez-vous dans un cadre naturel pr\u00e9serv\u00e9 et profitez des nombreuses activit\u00e9s propos\u00e9es sur place.\",\"breadcrumb\":{\"@id\":\"https:\\\/\\\/campinglesgalets.fr\\\/es\\\/camping-saint-cyprien\\\/#breadcrumb\"},\"inLanguage\":\"es\",\"potentialAction\":[{\"@type\":\"ReadAction\",\"target\":[\"https:\\\/\\\/campinglesgalets.fr\\\/es\\\/camping-saint-cyprien\\\/\"]}]},{\"@type\":\"ImageObject\",\"inLanguage\":\"es\",\"@id\":\"https:\\\/\\\/campinglesgalets.fr\\\/es\\\/camping-saint-cyprien\\\/#primaryimage\",\"url\":\"https:\\\/\\\/campinglesgalets.fr\\\/wp-content\\\/uploads\\\/2021\\\/10\\\/velo-saint-cyprien.jpg\",\"contentUrl\":\"https:\\\/\\\/campinglesgalets.fr\\\/wp-content\\\/uploads\\\/2021\\\/10\\\/velo-saint-cyprien.jpg\",\"width\":1900,\"height\":650},{\"@type\":\"BreadcrumbList\",\"@id\":\"https:\\\/\\\/campinglesgalets.fr\\\/es\\\/camping-saint-cyprien\\\/#breadcrumb\",\"itemListElement\":[{\"@type\":\"ListItem\",\"position\":1,\"name\":\"Camping \u00e0 Argel\u00e8s-sur-Mer\",\"item\":\"https:\\\/\\\/campinglesgalets.fr\\\/es\\\/\"},{\"@type\":\"ListItem\",\"position\":2,\"name\":\"Camping pr\u00e8s de 4 \u00e9toiles Saint-Cyprien dans les Pyr\u00e9n\u00e9es Orientales\"}]},{\"@type\":\"WebSite\",\"@id\":\"https:\\\/\\\/campinglesgalets.fr\\\/es\\\/#website\",\"url\":\"https:\\\/\\\/campinglesgalets.fr\\\/es\\\/\",\"name\":\"Camping les galets\",\"description\":\"Camping Argel\u00e8s sur Mer\",\"publisher\":{\"@id\":\"https:\\\/\\\/campinglesgalets.fr\\\/es\\\/#organization\"},\"potentialAction\":[{\"@type\":\"SearchAction\",\"target\":{\"@type\":\"EntryPoint\",\"urlTemplate\":\"https:\\\/\\\/campinglesgalets.fr\\\/es\\\/?s={search_term_string}\"},\"query-input\":{\"@type\":\"PropertyValueSpecification\",\"valueRequired\":true,\"valueName\":\"search_term_string\"}}],\"inLanguage\":\"es\"},{\"@type\":\"Organization\",\"@id\":\"https:\\\/\\\/campinglesgalets.fr\\\/es\\\/#organization\",\"name\":\"Camping les Galets\",\"url\":\"https:\\\/\\\/campinglesgalets.fr\\\/es\\\/\",\"logo\":{\"@type\":\"ImageObject\",\"inLanguage\":\"es\",\"@id\":\"https:\\\/\\\/campinglesgalets.fr\\\/es\\\/#\\\/schema\\\/logo\\\/image\\\/\",\"url\":\"https:\\\/\\\/campinglesgalets.fr\\\/wp-content\\\/uploads\\\/2025\\\/10\\\/Logo_Footer.svg\",\"contentUrl\":\"https:\\\/\\\/campinglesgalets.fr\\\/wp-content\\\/uploads\\\/2025\\\/10\\\/Logo_Footer.svg\",\"width\":267,\"height\":175,\"caption\":\"Camping les Galets\"},\"image\":{\"@id\":\"https:\\\/\\\/campinglesgalets.fr\\\/es\\\/#\\\/schema\\\/logo\\\/image\\\/\"}}]}<\/script>\n<!-- \/ Yoast SEO plugin. -->","yoast_head_json":{"title":"Camping 4 \u00e9toiles Saint Cyprien en bord de mer","description":"Vivez des vacances inoubliables au camping Les Galets, id\u00e9alement situ\u00e9 pr\u00e8s de Saint Cyprien. D\u00e9tendez-vous dans un cadre naturel pr\u00e9serv\u00e9 et profitez des nombreuses activit\u00e9s propos\u00e9es sur place.","robots":{"index":"index","follow":"follow","max-snippet":"max-snippet:-1","max-image-preview":"max-image-preview:large","max-video-preview":"max-video-preview:-1"},"canonical":"https:\/\/campinglesgalets.fr\/es\/camping-saint-cyprien\/","og_locale":"es_ES","og_type":"article","og_title":"Camping 4 \u00e9toiles Saint Cyprien en bord de mer","og_description":"Vivez des vacances inoubliables au camping Les Galets, id\u00e9alement situ\u00e9 pr\u00e8s de Saint Cyprien. D\u00e9tendez-vous dans un cadre naturel pr\u00e9serv\u00e9 et profitez des nombreuses activit\u00e9s propos\u00e9es sur place.","og_url":"https:\/\/campinglesgalets.fr\/es\/camping-saint-cyprien\/","og_site_name":"Camping les galets","article_modified_time":"2026-02-19T14:43:40+00:00","og_image":[{"width":1440,"height":421,"url":"https:\/\/campinglesgalets.fr\/wp-content\/uploads\/2023\/03\/SAINT-CYPRIEN.jpg","type":"image\/jpeg"}],"twitter_card":"summary_large_image","twitter_misc":{"Tiempo de lectura":"8 minutos"},"schema":{"@context":"https:\/\/schema.org","@graph":[{"@type":"WebPage","@id":"https:\/\/campinglesgalets.fr\/es\/camping-saint-cyprien\/","url":"https:\/\/campinglesgalets.fr\/es\/camping-saint-cyprien\/","name":"Camping 4 \u00e9toiles Saint Cyprien en bord de mer","isPartOf":{"@id":"https:\/\/campinglesgalets.fr\/es\/#website"},"primaryImageOfPage":{"@id":"https:\/\/campinglesgalets.fr\/es\/camping-saint-cyprien\/#primaryimage"},"image":{"@id":"https:\/\/campinglesgalets.fr\/es\/camping-saint-cyprien\/#primaryimage"},"thumbnailUrl":"https:\/\/campinglesgalets.fr\/wp-content\/uploads\/2021\/10\/velo-saint-cyprien.jpg","datePublished":"2023-03-08T13:37:20+00:00","dateModified":"2026-02-19T14:43:40+00:00","description":"Vivez des vacances inoubliables au camping Les Galets, id\u00e9alement situ\u00e9 pr\u00e8s de Saint Cyprien. D\u00e9tendez-vous dans un cadre naturel pr\u00e9serv\u00e9 et profitez des nombreuses activit\u00e9s propos\u00e9es sur place.","breadcrumb":{"@id":"https:\/\/campinglesgalets.fr\/es\/camping-saint-cyprien\/#breadcrumb"},"inLanguage":"es","potentialAction":[{"@type":"ReadAction","target":["https:\/\/campinglesgalets.fr\/es\/camping-saint-cyprien\/"]}]},{"@type":"ImageObject","inLanguage":"es","@id":"https:\/\/campinglesgalets.fr\/es\/camping-saint-cyprien\/#primaryimage","url":"https:\/\/campinglesgalets.fr\/wp-content\/uploads\/2021\/10\/velo-saint-cyprien.jpg","contentUrl":"https:\/\/campinglesgalets.fr\/wp-content\/uploads\/2021\/10\/velo-saint-cyprien.jpg","width":1900,"height":650},{"@type":"BreadcrumbList","@id":"https:\/\/campinglesgalets.fr\/es\/camping-saint-cyprien\/#breadcrumb","itemListElement":[{"@type":"ListItem","position":1,"name":"Camping \u00e0 Argel\u00e8s-sur-Mer","item":"https:\/\/campinglesgalets.fr\/es\/"},{"@type":"ListItem","position":2,"name":"Camping pr\u00e8s de 4 \u00e9toiles Saint-Cyprien dans les Pyr\u00e9n\u00e9es Orientales"}]},{"@type":"WebSite","@id":"https:\/\/campinglesgalets.fr\/es\/#website","url":"https:\/\/campinglesgalets.fr\/es\/","name":"Camping les galets","description":"Camping Argel\u00e8s sur Mer","publisher":{"@id":"https:\/\/campinglesgalets.fr\/es\/#organization"},"potentialAction":[{"@type":"SearchAction","target":{"@type":"EntryPoint","urlTemplate":"https:\/\/campinglesgalets.fr\/es\/?s={search_term_string}"},"query-input":{"@type":"PropertyValueSpecification","valueRequired":true,"valueName":"search_term_string"}}],"inLanguage":"es"},{"@type":"Organization","@id":"https:\/\/campinglesgalets.fr\/es\/#organization","name":"Camping les Galets","url":"https:\/\/campinglesgalets.fr\/es\/","logo":{"@type":"ImageObject","inLanguage":"es","@id":"https:\/\/campinglesgalets.fr\/es\/#\/schema\/logo\/image\/","url":"https:\/\/campinglesgalets.fr\/wp-content\/uploads\/2025\/10\/Logo_Footer.svg","contentUrl":"https:\/\/campinglesgalets.fr\/wp-content\/uploads\/2025\/10\/Logo_Footer.svg","width":267,"height":175,"caption":"Camping les Galets"},"image":{"@id":"https:\/\/campinglesgalets.fr\/es\/#\/schema\/logo\/image\/"}}]}},"_links":{"self":[{"href":"https:\/\/campinglesgalets.fr\/es\/wp-json\/wp\/v2\/pages\/29254","targetHints":{"allow":["GET"]}}],"collection":[{"href":"https:\/\/campinglesgalets.fr\/es\/wp-json\/wp\/v2\/pages"}],"about":[{"href":"https:\/\/campinglesgalets.fr\/es\/wp-json\/wp\/v2\/types\/page"}],"author":[{"embeddable":true,"href":"https:\/\/campinglesgalets.fr\/es\/wp-json\/wp\/v2\/users\/1"}],"replies":[{"embeddable":true,"href":"https:\/\/campinglesgalets.fr\/es\/wp-json\/wp\/v2\/comments?post=29254"}],"version-history":[{"count":1,"href":"https:\/\/campinglesgalets.fr\/es\/wp-json\/wp\/v2\/pages\/29254\/revisions"}],"predecessor-version":[{"id":311650,"href":"https:\/\/campinglesgalets.fr\/es\/wp-json\/wp\/v2\/pages\/29254\/revisions\/311650"}],"wp:featuredmedia":[{"embeddable":true,"href":"https:\/\/campinglesgalets.fr\/es\/wp-json\/wp\/v2\/media\/24258"}],"wp:attachment":[{"href":"https:\/\/campinglesgalets.fr\/es\/wp-json\/wp\/v2\/media?parent=29254"}],"curies":[{"name":"wp","href":"https:\/\/api.w.org\/{rel}","templated":true}]}}