{"id":29043,"date":"2023-03-08T14:39:19","date_gmt":"2023-03-08T13:39:19","guid":{"rendered":"https:\/\/campinglesgalets.fr\/camping-perpignan\/"},"modified":"2025-10-03T13:50:48","modified_gmt":"2025-10-03T12:50:48","slug":"camping-perpignan","status":"publish","type":"page","link":"https:\/\/campinglesgalets.fr\/es\/camping-perpignan\/","title":{"rendered":"Camping cerca de Perpignan &#8211; cerca del mar con parque acu\u00e1tico &#8211; Les Galets"},"content":{"rendered":"","protected":false},"excerpt":{"rendered":"","protected":false},"author":1,"featured_media":299483,"parent":0,"menu_order":0,"comment_status":"closed","ping_status":"closed","template":"","meta":{"_acf_changed":false,"_et_pb_use_builder":"","_et_pb_old_content":"","_et_gb_content_width":"","footnotes":""},"class_list":["post-29043","page","type-page","status-publish","has-post-thumbnail","hentry"],"acf":[],"yoast_head":"<!-- This site is optimized with the Yoast SEO plugin v27.5 - https:\/\/yoast.com\/product\/yoast-seo-wordpress\/ -->\n<title>Camping 4 estrellas cerca de Perpi\u00f1\u00e1n<\/title>\n<meta name=\"description\" content=\"Disfruta de unas vacaciones \u00fanicas en un camping 4 estrellas cerca de Perpi\u00f1\u00e1n, con acceso r\u00e1pido a la playa y todo el confort para tu familia.\" \/>\n<meta name=\"robots\" content=\"index, follow, max-snippet:-1, max-image-preview:large, max-video-preview:-1\" \/>\n<link rel=\"canonical\" href=\"https:\/\/campinglesgalets.fr\/es\/camping-perpignan\/\" \/>\n<meta property=\"og:locale\" content=\"es_ES\" \/>\n<meta property=\"og:type\" content=\"article\" \/>\n<meta property=\"og:title\" content=\"Camping 4 estrellas cerca de Perpi\u00f1\u00e1n\" \/>\n<meta property=\"og:description\" content=\"Disfruta de unas vacaciones \u00fanicas en un camping 4 estrellas cerca de Perpi\u00f1\u00e1n, con acceso r\u00e1pido a la playa y todo el confort para tu familia.\" \/>\n<meta property=\"og:url\" content=\"https:\/\/campinglesgalets.fr\/es\/camping-perpignan\/\" \/>\n<meta property=\"og:site_name\" content=\"Camping les galets\" \/>\n<meta property=\"article:modified_time\" content=\"2025-10-03T12:50:48+00:00\" \/>\n<meta property=\"og:image\" content=\"https:\/\/campinglesgalets.fr\/wp-content\/uploads\/2025\/11\/AdobeStock_449025045-scaled-1.avif\" \/>\n<meta name=\"twitter:card\" content=\"summary_large_image\" \/>\n<meta name=\"twitter:image\" content=\"https:\/\/campinglesgalets.fr\/wp-content\/uploads\/2025\/11\/AdobeStock_449025045-scaled-1.avif\" \/>\n<meta name=\"twitter:label1\" content=\"Tiempo de lectura\" \/>\n\t<meta name=\"twitter:data1\" content=\"8 minutos\" \/>\n<script type=\"application\/ld+json\" class=\"yoast-schema-graph\">{\"@context\":\"https:\\\/\\\/schema.org\",\"@graph\":[{\"@type\":\"WebPage\",\"@id\":\"https:\\\/\\\/campinglesgalets.fr\\\/es\\\/camping-perpignan\\\/\",\"url\":\"https:\\\/\\\/campinglesgalets.fr\\\/es\\\/camping-perpignan\\\/\",\"name\":\"Camping 4 estrellas cerca de Perpi\u00f1\u00e1n\",\"isPartOf\":{\"@id\":\"https:\\\/\\\/campinglesgalets.fr\\\/es\\\/#website\"},\"primaryImageOfPage\":{\"@id\":\"https:\\\/\\\/campinglesgalets.fr\\\/es\\\/camping-perpignan\\\/#primaryimage\"},\"image\":{\"@id\":\"https:\\\/\\\/campinglesgalets.fr\\\/es\\\/camping-perpignan\\\/#primaryimage\"},\"thumbnailUrl\":\"https:\\\/\\\/campinglesgalets.fr\\\/wp-content\\\/uploads\\\/2025\\\/11\\\/AdobeStock_449025045-scaled-1.avif\",\"datePublished\":\"2023-03-08T13:39:19+00:00\",\"dateModified\":\"2025-10-03T12:50:48+00:00\",\"description\":\"Disfruta de unas vacaciones \u00fanicas en un camping 4 estrellas cerca de Perpi\u00f1\u00e1n, con acceso r\u00e1pido a la playa y todo el confort para tu familia.\",\"breadcrumb\":{\"@id\":\"https:\\\/\\\/campinglesgalets.fr\\\/es\\\/camping-perpignan\\\/#breadcrumb\"},\"inLanguage\":\"es\",\"potentialAction\":[{\"@type\":\"ReadAction\",\"target\":[\"https:\\\/\\\/campinglesgalets.fr\\\/es\\\/camping-perpignan\\\/\"]}]},{\"@type\":\"ImageObject\",\"inLanguage\":\"es\",\"@id\":\"https:\\\/\\\/campinglesgalets.fr\\\/es\\\/camping-perpignan\\\/#primaryimage\",\"url\":\"https:\\\/\\\/campinglesgalets.fr\\\/wp-content\\\/uploads\\\/2025\\\/11\\\/AdobeStock_449025045-scaled-1.avif\",\"contentUrl\":\"https:\\\/\\\/campinglesgalets.fr\\\/wp-content\\\/uploads\\\/2025\\\/11\\\/AdobeStock_449025045-scaled-1.avif\",\"width\":2880,\"height\":1620},{\"@type\":\"BreadcrumbList\",\"@id\":\"https:\\\/\\\/campinglesgalets.fr\\\/es\\\/camping-perpignan\\\/#breadcrumb\",\"itemListElement\":[{\"@type\":\"ListItem\",\"position\":1,\"name\":\"Camping \u00e0 Argel\u00e8s-sur-Mer\",\"item\":\"https:\\\/\\\/campinglesgalets.fr\\\/es\\\/\"},{\"@type\":\"ListItem\",\"position\":2,\"name\":\"Camping cerca de Perpignan &#8211; cerca del mar con parque acu\u00e1tico &#8211; Les Galets\"}]},{\"@type\":\"WebSite\",\"@id\":\"https:\\\/\\\/campinglesgalets.fr\\\/es\\\/#website\",\"url\":\"https:\\\/\\\/campinglesgalets.fr\\\/es\\\/\",\"name\":\"Camping les galets\",\"description\":\"Camping Argel\u00e8s sur Mer\",\"publisher\":{\"@id\":\"https:\\\/\\\/campinglesgalets.fr\\\/es\\\/#organization\"},\"potentialAction\":[{\"@type\":\"SearchAction\",\"target\":{\"@type\":\"EntryPoint\",\"urlTemplate\":\"https:\\\/\\\/campinglesgalets.fr\\\/es\\\/?s={search_term_string}\"},\"query-input\":{\"@type\":\"PropertyValueSpecification\",\"valueRequired\":true,\"valueName\":\"search_term_string\"}}],\"inLanguage\":\"es\"},{\"@type\":\"Organization\",\"@id\":\"https:\\\/\\\/campinglesgalets.fr\\\/es\\\/#organization\",\"name\":\"Camping les Galets\",\"url\":\"https:\\\/\\\/campinglesgalets.fr\\\/es\\\/\",\"logo\":{\"@type\":\"ImageObject\",\"inLanguage\":\"es\",\"@id\":\"https:\\\/\\\/campinglesgalets.fr\\\/es\\\/#\\\/schema\\\/logo\\\/image\\\/\",\"url\":\"https:\\\/\\\/campinglesgalets.fr\\\/wp-content\\\/uploads\\\/2025\\\/10\\\/Logo_Footer.svg\",\"contentUrl\":\"https:\\\/\\\/campinglesgalets.fr\\\/wp-content\\\/uploads\\\/2025\\\/10\\\/Logo_Footer.svg\",\"width\":267,\"height\":175,\"caption\":\"Camping les Galets\"},\"image\":{\"@id\":\"https:\\\/\\\/campinglesgalets.fr\\\/es\\\/#\\\/schema\\\/logo\\\/image\\\/\"}}]}<\/script>\n<!-- \/ Yoast SEO plugin. -->","yoast_head_json":{"title":"Camping 4 estrellas cerca de Perpi\u00f1\u00e1n","description":"Disfruta de unas vacaciones \u00fanicas en un camping 4 estrellas cerca de Perpi\u00f1\u00e1n, con acceso r\u00e1pido a la playa y todo el confort para tu familia.","robots":{"index":"index","follow":"follow","max-snippet":"max-snippet:-1","max-image-preview":"max-image-preview:large","max-video-preview":"max-video-preview:-1"},"canonical":"https:\/\/campinglesgalets.fr\/es\/camping-perpignan\/","og_locale":"es_ES","og_type":"article","og_title":"Camping 4 estrellas cerca de Perpi\u00f1\u00e1n","og_description":"Disfruta de unas vacaciones \u00fanicas en un camping 4 estrellas cerca de Perpi\u00f1\u00e1n, con acceso r\u00e1pido a la playa y todo el confort para tu familia.","og_url":"https:\/\/campinglesgalets.fr\/es\/camping-perpignan\/","og_site_name":"Camping les galets","article_modified_time":"2025-10-03T12:50:48+00:00","og_image":[{"url":"https:\/\/campinglesgalets.fr\/wp-content\/uploads\/2025\/11\/AdobeStock_449025045-scaled-1.avif","type":"","width":"","height":""}],"twitter_card":"summary_large_image","twitter_image":"https:\/\/campinglesgalets.fr\/wp-content\/uploads\/2025\/11\/AdobeStock_449025045-scaled-1.avif","twitter_misc":{"Tiempo de lectura":"8 minutos"},"schema":{"@context":"https:\/\/schema.org","@graph":[{"@type":"WebPage","@id":"https:\/\/campinglesgalets.fr\/es\/camping-perpignan\/","url":"https:\/\/campinglesgalets.fr\/es\/camping-perpignan\/","name":"Camping 4 estrellas cerca de Perpi\u00f1\u00e1n","isPartOf":{"@id":"https:\/\/campinglesgalets.fr\/es\/#website"},"primaryImageOfPage":{"@id":"https:\/\/campinglesgalets.fr\/es\/camping-perpignan\/#primaryimage"},"image":{"@id":"https:\/\/campinglesgalets.fr\/es\/camping-perpignan\/#primaryimage"},"thumbnailUrl":"https:\/\/campinglesgalets.fr\/wp-content\/uploads\/2025\/11\/AdobeStock_449025045-scaled-1.avif","datePublished":"2023-03-08T13:39:19+00:00","dateModified":"2025-10-03T12:50:48+00:00","description":"Disfruta de unas vacaciones \u00fanicas en un camping 4 estrellas cerca de Perpi\u00f1\u00e1n, con acceso r\u00e1pido a la playa y todo el confort para tu familia.","breadcrumb":{"@id":"https:\/\/campinglesgalets.fr\/es\/camping-perpignan\/#breadcrumb"},"inLanguage":"es","potentialAction":[{"@type":"ReadAction","target":["https:\/\/campinglesgalets.fr\/es\/camping-perpignan\/"]}]},{"@type":"ImageObject","inLanguage":"es","@id":"https:\/\/campinglesgalets.fr\/es\/camping-perpignan\/#primaryimage","url":"https:\/\/campinglesgalets.fr\/wp-content\/uploads\/2025\/11\/AdobeStock_449025045-scaled-1.avif","contentUrl":"https:\/\/campinglesgalets.fr\/wp-content\/uploads\/2025\/11\/AdobeStock_449025045-scaled-1.avif","width":2880,"height":1620},{"@type":"BreadcrumbList","@id":"https:\/\/campinglesgalets.fr\/es\/camping-perpignan\/#breadcrumb","itemListElement":[{"@type":"ListItem","position":1,"name":"Camping \u00e0 Argel\u00e8s-sur-Mer","item":"https:\/\/campinglesgalets.fr\/es\/"},{"@type":"ListItem","position":2,"name":"Camping cerca de Perpignan &#8211; cerca del mar con parque acu\u00e1tico &#8211; Les Galets"}]},{"@type":"WebSite","@id":"https:\/\/campinglesgalets.fr\/es\/#website","url":"https:\/\/campinglesgalets.fr\/es\/","name":"Camping les galets","description":"Camping Argel\u00e8s sur Mer","publisher":{"@id":"https:\/\/campinglesgalets.fr\/es\/#organization"},"potentialAction":[{"@type":"SearchAction","target":{"@type":"EntryPoint","urlTemplate":"https:\/\/campinglesgalets.fr\/es\/?s={search_term_string}"},"query-input":{"@type":"PropertyValueSpecification","valueRequired":true,"valueName":"search_term_string"}}],"inLanguage":"es"},{"@type":"Organization","@id":"https:\/\/campinglesgalets.fr\/es\/#organization","name":"Camping les Galets","url":"https:\/\/campinglesgalets.fr\/es\/","logo":{"@type":"ImageObject","inLanguage":"es","@id":"https:\/\/campinglesgalets.fr\/es\/#\/schema\/logo\/image\/","url":"https:\/\/campinglesgalets.fr\/wp-content\/uploads\/2025\/10\/Logo_Footer.svg","contentUrl":"https:\/\/campinglesgalets.fr\/wp-content\/uploads\/2025\/10\/Logo_Footer.svg","width":267,"height":175,"caption":"Camping les Galets"},"image":{"@id":"https:\/\/campinglesgalets.fr\/es\/#\/schema\/logo\/image\/"}}]}},"_links":{"self":[{"href":"https:\/\/campinglesgalets.fr\/es\/wp-json\/wp\/v2\/pages\/29043","targetHints":{"allow":["GET"]}}],"collection":[{"href":"https:\/\/campinglesgalets.fr\/es\/wp-json\/wp\/v2\/pages"}],"about":[{"href":"https:\/\/campinglesgalets.fr\/es\/wp-json\/wp\/v2\/types\/page"}],"author":[{"embeddable":true,"href":"https:\/\/campinglesgalets.fr\/es\/wp-json\/wp\/v2\/users\/1"}],"replies":[{"embeddable":true,"href":"https:\/\/campinglesgalets.fr\/es\/wp-json\/wp\/v2\/comments?post=29043"}],"version-history":[{"count":0,"href":"https:\/\/campinglesgalets.fr\/es\/wp-json\/wp\/v2\/pages\/29043\/revisions"}],"wp:featuredmedia":[{"embeddable":true,"href":"https:\/\/campinglesgalets.fr\/es\/wp-json\/wp\/v2\/media\/299483"}],"wp:attachment":[{"href":"https:\/\/campinglesgalets.fr\/es\/wp-json\/wp\/v2\/media?parent=29043"}],"curies":[{"name":"wp","href":"https:\/\/api.w.org\/{rel}","templated":true}]}}