{"id":27991,"date":"2023-12-07T12:11:41","date_gmt":"2023-12-07T11:11:41","guid":{"rendered":"https:\/\/campinglesgalets.fr\/venez-avec-votre-voiture-electrique\/"},"modified":"2025-10-06T12:16:56","modified_gmt":"2025-10-06T11:16:56","slug":"ven-con-tu-coche-electrico","status":"publish","type":"page","link":"https:\/\/campinglesgalets.fr\/es\/ven-con-tu-coche-electrico\/","title":{"rendered":"Ven con tu coche el\u00e9ctrico"},"content":{"rendered":"<p>\u00bfEst\u00e1s buscando un camping ecol\u00f3gico donde puedas cargar tu coche el\u00e9ctrico durante tus vacaciones? \u00a1No busques m\u00e1s! En el <strong>camping Les Galets en Argel\u00e8s-sur-Mer<\/strong>, hemos instalado estaciones de carga para veh\u00edculos el\u00e9ctricos para facilitar tus trayectos y hacer tu estancia m\u00e1s c\u00f3moda. Aprovecha este servicio pr\u00e1ctico para explorar la regi\u00f3n con tranquilidad, sabiendo que tu coche estar\u00e1 listo para partir en cualquier momento gracias a nuestras estaciones de carga.<\/p>\n<h2><strong>4 estaciones de carga reservadas exclusivamente para los hu\u00e9spedes del camping<\/strong><\/h2>\n<p>Nuestras 4 <strong>Hager IRVE<\/strong> <strong>estaciones de carga<\/strong>, reservadas exclusivamente para nuestros hu\u00e9spedes, son un recurso indispensable para los propietarios de veh\u00edculos el\u00e9ctricos. Ubicadas en lugares estrat\u00e9gicos del camping, nuestras <strong>estaciones de carga<\/strong> te garantizan un acceso r\u00e1pido y f\u00e1cil a la energ\u00eda que necesitas. Cada una de estas estaciones ofrece <strong>22 kW<\/strong>, lo que te permitir\u00e1 cargar completamente tu veh\u00edculo en solo unas pocas horas. El proceso se simplifica gracias a nuestra colaboraci\u00f3n con Freshmile: solo tienes que <strong>descargar la aplicaci\u00f3n o escanear el c\u00f3digo QR<\/strong> en la estaci\u00f3n de carga para iniciar el proceso de carga. El estacionamiento tambi\u00e9n est\u00e1 pensado para tu comodidad, con 4 plazas reservadas para veh\u00edculos el\u00e9ctricos en carga. As\u00ed podr\u00e1s disfrutar de tus vacaciones mientras tienes la seguridad de que tu coche est\u00e1 bien cuidado.<\/p>\n<h2><strong>\u00bfPor qu\u00e9 elegir nuestro camping con estaci\u00f3n de carga?<\/strong><\/h2>\n<p>Elegir el <strong>camping Les Galets<\/strong> para tus vacaciones significa optar por un establecimiento comprometido con la transici\u00f3n ecol\u00f3gica. Adem\u00e1s de ofrecer emplazamientos amplios y todo el confort moderno, ponemos a disposici\u00f3n de nuestros hu\u00e9spedes un servicio de carga para veh\u00edculos el\u00e9ctricos a un precio muy atractivo. Con un precio de <strong>0,35 \u20ac por kWh<\/strong>, y sin cargos adicionales por el tiempo de carga hasta 15 horas, puedes dejar tu veh\u00edculo conectado con total tranquilidad, ya sea de d\u00eda o de noche. Este servicio exclusivo est\u00e1 disponible solo para los hu\u00e9spedes del camping, gracias a un sistema de acceso seguro con tarjetas. Esto garantiza la disponibilidad constante de las estaciones de carga para nuestros hu\u00e9spedes. Elegir el <strong>camping Les Galets<\/strong> tambi\u00e9n significa optar por una movilidad m\u00e1s sostenible, mientras disfrutas de un servicio pr\u00e1ctico y econ\u00f3mico.<\/p>\n<h2><strong>Carga tu coche en una de nuestras estaciones de carga<\/strong><\/h2>\n<p>Nuestras <strong>estaciones de carga<\/strong> para veh\u00edculos el\u00e9ctricos est\u00e1n dise\u00f1adas para ser f\u00e1ciles de usar y accesibles para todos nuestros hu\u00e9spedes. Podr\u00e1s cargar tu coche directamente en el camping sin problemas. Las estaciones de carga est\u00e1n situadas en el coraz\u00f3n de nuestro camping, para que puedas acceder f\u00e1cilmente sin tener que recorrer grandes distancias.<\/p>\n<p>Mientras tu coche el\u00e9ctrico se carga en una de nuestras estaciones, podr\u00e1s disfrutar de nuestras numerosas instalaciones: piscina, zona de bienestar, actividades deportivas y animaci\u00f3n familiar. La interfaz intuitiva de las estaciones de carga te permite seguir en tiempo real el estado de la carga, para que sepas cu\u00e1ndo tu veh\u00edculo est\u00e1 listo para partir. \u00a1Ya no tendr\u00e1s que preocuparte por buscar una estaci\u00f3n de carga fuera del camping, todo est\u00e1 al alcance de tu mano!<\/p>\n<h2><strong>Los servicios de nuestro camping con estaci\u00f3n de carga<\/strong><\/h2>\n<p>Al hospedarte en el camping de <strong>Argel\u00e8s-sur-Mer<\/strong> con piscina, disfrutar\u00e1s no solo de un entorno excepcional entre el mar y la monta\u00f1a, sino tambi\u00e9n de una amplia gama de servicios pensados para hacer tus vacaciones a\u00fan m\u00e1s agradables. Adem\u00e1s de nuestras estaciones de carga, ofrecemos una c\u00e1lida bienvenida, un restaurante con platos locales, una piscina climatizada y animaci\u00f3n para toda la familia.<\/p>\n<p>Para los m\u00e1s peque\u00f1os, hay un club infantil disponible, mientras que los adultos podr\u00e1n relajarse junto a la piscina. Todo est\u00e1 pensado para que disfrutes de unas vacaciones sin estr\u00e9s, con todos los servicios que necesitas en el lugar.<\/p>\n<p>Gracias a nuestra ubicaci\u00f3n privilegiada en Argel\u00e8s-sur-Mer, tambi\u00e9n podr\u00e1s descubrir las riquezas de la regi\u00f3n, sabiendo que tu veh\u00edculo el\u00e9ctrico est\u00e1 listo para la pr\u00f3xima aventura.<\/p>\n<p>\u00a1No esperes m\u00e1s y reserva ahora tu alquiler de mobil home o parcela en nuestro camping con estaciones de carga!<\/p>\n<p>&nbsp;<\/p>\n<p>&nbsp;<\/p>\n<p>&nbsp;<\/p>\n<p>&nbsp;<\/p>\n","protected":false},"excerpt":{"rendered":"<p>\u00bfEst\u00e1s buscando un camping ecol\u00f3gico donde puedas cargar tu coche el\u00e9ctrico durante tus vacaciones? \u00a1No busques m\u00e1s! En el camping Les Galets en Argel\u00e8s-sur-Mer, hemos instalado estaciones de carga para veh\u00edculos el\u00e9ctricos para facilitar tus trayectos y hacer tu estancia m\u00e1s c\u00f3moda. Aprovecha este servicio pr\u00e1ctico para explorar la regi\u00f3n con tranquilidad, sabiendo que tu [&hellip;]<\/p>\n","protected":false},"author":1,"featured_media":27888,"parent":0,"menu_order":0,"comment_status":"closed","ping_status":"closed","template":"","meta":{"_acf_changed":false,"_et_pb_use_builder":"","_et_pb_old_content":"","_et_gb_content_width":"","footnotes":""},"class_list":["post-27991","page","type-page","status-publish","has-post-thumbnail","hentry"],"acf":[],"yoast_head":"<!-- This site is optimized with the Yoast SEO plugin v27.4 - https:\/\/yoast.com\/product\/yoast-seo-wordpress\/ -->\n<title>Ven con tu coche el\u00e9ctrico - Camping les galets<\/title>\n<meta name=\"description\" content=\"Viaja con tu coche el\u00e9ctrico y utiliza los puntos de recarga disponibles en el camping Les Galets.\" \/>\n<meta name=\"robots\" content=\"index, follow, max-snippet:-1, max-image-preview:large, max-video-preview:-1\" \/>\n<link rel=\"canonical\" href=\"https:\/\/campinglesgalets.fr\/es\/ven-con-tu-coche-electrico\/\" \/>\n<meta property=\"og:locale\" content=\"es_ES\" \/>\n<meta property=\"og:type\" content=\"article\" \/>\n<meta property=\"og:title\" content=\"Ven con tu coche el\u00e9ctrico - Camping les galets\" \/>\n<meta property=\"og:description\" content=\"Viaja con tu coche el\u00e9ctrico y utiliza los puntos de recarga disponibles en el camping Les Galets.\" \/>\n<meta property=\"og:url\" content=\"https:\/\/campinglesgalets.fr\/es\/ven-con-tu-coche-electrico\/\" \/>\n<meta property=\"og:site_name\" content=\"Camping les galets\" \/>\n<meta property=\"article:modified_time\" content=\"2025-10-06T11:16:56+00:00\" \/>\n<meta property=\"og:image\" content=\"https:\/\/campinglesgalets.fr\/wp-content\/uploads\/2023\/12\/Quartier-pieton-arbre.jpg\" \/>\n\t<meta property=\"og:image:width\" content=\"1440\" \/>\n\t<meta property=\"og:image:height\" content=\"961\" \/>\n\t<meta property=\"og:image:type\" content=\"image\/jpeg\" \/>\n<meta name=\"twitter:card\" content=\"summary_large_image\" \/>\n<meta name=\"twitter:label1\" content=\"Tiempo de lectura\" \/>\n\t<meta name=\"twitter:data1\" content=\"4 minutos\" \/>\n<script type=\"application\/ld+json\" class=\"yoast-schema-graph\">{\"@context\":\"https:\\\/\\\/schema.org\",\"@graph\":[{\"@type\":\"WebPage\",\"@id\":\"https:\\\/\\\/campinglesgalets.fr\\\/es\\\/ven-con-tu-coche-electrico\\\/\",\"url\":\"https:\\\/\\\/campinglesgalets.fr\\\/es\\\/ven-con-tu-coche-electrico\\\/\",\"name\":\"Ven con tu coche el\u00e9ctrico - Camping les galets\",\"isPartOf\":{\"@id\":\"https:\\\/\\\/campinglesgalets.fr\\\/es\\\/#website\"},\"primaryImageOfPage\":{\"@id\":\"https:\\\/\\\/campinglesgalets.fr\\\/es\\\/ven-con-tu-coche-electrico\\\/#primaryimage\"},\"image\":{\"@id\":\"https:\\\/\\\/campinglesgalets.fr\\\/es\\\/ven-con-tu-coche-electrico\\\/#primaryimage\"},\"thumbnailUrl\":\"https:\\\/\\\/campinglesgalets.fr\\\/wp-content\\\/uploads\\\/2023\\\/12\\\/Quartier-pieton-arbre.jpg\",\"datePublished\":\"2023-12-07T11:11:41+00:00\",\"dateModified\":\"2025-10-06T11:16:56+00:00\",\"description\":\"Viaja con tu coche el\u00e9ctrico y utiliza los puntos de recarga disponibles en el camping Les Galets.\",\"breadcrumb\":{\"@id\":\"https:\\\/\\\/campinglesgalets.fr\\\/es\\\/ven-con-tu-coche-electrico\\\/#breadcrumb\"},\"inLanguage\":\"es\",\"potentialAction\":[{\"@type\":\"ReadAction\",\"target\":[\"https:\\\/\\\/campinglesgalets.fr\\\/es\\\/ven-con-tu-coche-electrico\\\/\"]}]},{\"@type\":\"ImageObject\",\"inLanguage\":\"es\",\"@id\":\"https:\\\/\\\/campinglesgalets.fr\\\/es\\\/ven-con-tu-coche-electrico\\\/#primaryimage\",\"url\":\"https:\\\/\\\/campinglesgalets.fr\\\/wp-content\\\/uploads\\\/2023\\\/12\\\/Quartier-pieton-arbre.jpg\",\"contentUrl\":\"https:\\\/\\\/campinglesgalets.fr\\\/wp-content\\\/uploads\\\/2023\\\/12\\\/Quartier-pieton-arbre.jpg\",\"width\":1440,\"height\":961},{\"@type\":\"BreadcrumbList\",\"@id\":\"https:\\\/\\\/campinglesgalets.fr\\\/es\\\/ven-con-tu-coche-electrico\\\/#breadcrumb\",\"itemListElement\":[{\"@type\":\"ListItem\",\"position\":1,\"name\":\"Camping \u00e0 Argel\u00e8s-sur-Mer\",\"item\":\"https:\\\/\\\/campinglesgalets.fr\\\/es\\\/\"},{\"@type\":\"ListItem\",\"position\":2,\"name\":\"Ven con tu coche el\u00e9ctrico\"}]},{\"@type\":\"WebSite\",\"@id\":\"https:\\\/\\\/campinglesgalets.fr\\\/es\\\/#website\",\"url\":\"https:\\\/\\\/campinglesgalets.fr\\\/es\\\/\",\"name\":\"Camping les galets\",\"description\":\"Camping Argel\u00e8s sur Mer\",\"publisher\":{\"@id\":\"https:\\\/\\\/campinglesgalets.fr\\\/es\\\/#organization\"},\"potentialAction\":[{\"@type\":\"SearchAction\",\"target\":{\"@type\":\"EntryPoint\",\"urlTemplate\":\"https:\\\/\\\/campinglesgalets.fr\\\/es\\\/?s={search_term_string}\"},\"query-input\":{\"@type\":\"PropertyValueSpecification\",\"valueRequired\":true,\"valueName\":\"search_term_string\"}}],\"inLanguage\":\"es\"},{\"@type\":\"Organization\",\"@id\":\"https:\\\/\\\/campinglesgalets.fr\\\/es\\\/#organization\",\"name\":\"Camping les Galets\",\"url\":\"https:\\\/\\\/campinglesgalets.fr\\\/es\\\/\",\"logo\":{\"@type\":\"ImageObject\",\"inLanguage\":\"es\",\"@id\":\"https:\\\/\\\/campinglesgalets.fr\\\/es\\\/#\\\/schema\\\/logo\\\/image\\\/\",\"url\":\"https:\\\/\\\/campinglesgalets.fr\\\/wp-content\\\/uploads\\\/2025\\\/10\\\/Logo_Footer.svg\",\"contentUrl\":\"https:\\\/\\\/campinglesgalets.fr\\\/wp-content\\\/uploads\\\/2025\\\/10\\\/Logo_Footer.svg\",\"width\":267,\"height\":175,\"caption\":\"Camping les Galets\"},\"image\":{\"@id\":\"https:\\\/\\\/campinglesgalets.fr\\\/es\\\/#\\\/schema\\\/logo\\\/image\\\/\"}}]}<\/script>\n<!-- \/ Yoast SEO plugin. -->","yoast_head_json":{"title":"Ven con tu coche el\u00e9ctrico - Camping les galets","description":"Viaja con tu coche el\u00e9ctrico y utiliza los puntos de recarga disponibles en el camping Les Galets.","robots":{"index":"index","follow":"follow","max-snippet":"max-snippet:-1","max-image-preview":"max-image-preview:large","max-video-preview":"max-video-preview:-1"},"canonical":"https:\/\/campinglesgalets.fr\/es\/ven-con-tu-coche-electrico\/","og_locale":"es_ES","og_type":"article","og_title":"Ven con tu coche el\u00e9ctrico - Camping les galets","og_description":"Viaja con tu coche el\u00e9ctrico y utiliza los puntos de recarga disponibles en el camping Les Galets.","og_url":"https:\/\/campinglesgalets.fr\/es\/ven-con-tu-coche-electrico\/","og_site_name":"Camping les galets","article_modified_time":"2025-10-06T11:16:56+00:00","og_image":[{"width":1440,"height":961,"url":"https:\/\/campinglesgalets.fr\/wp-content\/uploads\/2023\/12\/Quartier-pieton-arbre.jpg","type":"image\/jpeg"}],"twitter_card":"summary_large_image","twitter_misc":{"Tiempo de lectura":"4 minutos"},"schema":{"@context":"https:\/\/schema.org","@graph":[{"@type":"WebPage","@id":"https:\/\/campinglesgalets.fr\/es\/ven-con-tu-coche-electrico\/","url":"https:\/\/campinglesgalets.fr\/es\/ven-con-tu-coche-electrico\/","name":"Ven con tu coche el\u00e9ctrico - Camping les galets","isPartOf":{"@id":"https:\/\/campinglesgalets.fr\/es\/#website"},"primaryImageOfPage":{"@id":"https:\/\/campinglesgalets.fr\/es\/ven-con-tu-coche-electrico\/#primaryimage"},"image":{"@id":"https:\/\/campinglesgalets.fr\/es\/ven-con-tu-coche-electrico\/#primaryimage"},"thumbnailUrl":"https:\/\/campinglesgalets.fr\/wp-content\/uploads\/2023\/12\/Quartier-pieton-arbre.jpg","datePublished":"2023-12-07T11:11:41+00:00","dateModified":"2025-10-06T11:16:56+00:00","description":"Viaja con tu coche el\u00e9ctrico y utiliza los puntos de recarga disponibles en el camping Les Galets.","breadcrumb":{"@id":"https:\/\/campinglesgalets.fr\/es\/ven-con-tu-coche-electrico\/#breadcrumb"},"inLanguage":"es","potentialAction":[{"@type":"ReadAction","target":["https:\/\/campinglesgalets.fr\/es\/ven-con-tu-coche-electrico\/"]}]},{"@type":"ImageObject","inLanguage":"es","@id":"https:\/\/campinglesgalets.fr\/es\/ven-con-tu-coche-electrico\/#primaryimage","url":"https:\/\/campinglesgalets.fr\/wp-content\/uploads\/2023\/12\/Quartier-pieton-arbre.jpg","contentUrl":"https:\/\/campinglesgalets.fr\/wp-content\/uploads\/2023\/12\/Quartier-pieton-arbre.jpg","width":1440,"height":961},{"@type":"BreadcrumbList","@id":"https:\/\/campinglesgalets.fr\/es\/ven-con-tu-coche-electrico\/#breadcrumb","itemListElement":[{"@type":"ListItem","position":1,"name":"Camping \u00e0 Argel\u00e8s-sur-Mer","item":"https:\/\/campinglesgalets.fr\/es\/"},{"@type":"ListItem","position":2,"name":"Ven con tu coche el\u00e9ctrico"}]},{"@type":"WebSite","@id":"https:\/\/campinglesgalets.fr\/es\/#website","url":"https:\/\/campinglesgalets.fr\/es\/","name":"Camping les galets","description":"Camping Argel\u00e8s sur Mer","publisher":{"@id":"https:\/\/campinglesgalets.fr\/es\/#organization"},"potentialAction":[{"@type":"SearchAction","target":{"@type":"EntryPoint","urlTemplate":"https:\/\/campinglesgalets.fr\/es\/?s={search_term_string}"},"query-input":{"@type":"PropertyValueSpecification","valueRequired":true,"valueName":"search_term_string"}}],"inLanguage":"es"},{"@type":"Organization","@id":"https:\/\/campinglesgalets.fr\/es\/#organization","name":"Camping les Galets","url":"https:\/\/campinglesgalets.fr\/es\/","logo":{"@type":"ImageObject","inLanguage":"es","@id":"https:\/\/campinglesgalets.fr\/es\/#\/schema\/logo\/image\/","url":"https:\/\/campinglesgalets.fr\/wp-content\/uploads\/2025\/10\/Logo_Footer.svg","contentUrl":"https:\/\/campinglesgalets.fr\/wp-content\/uploads\/2025\/10\/Logo_Footer.svg","width":267,"height":175,"caption":"Camping les Galets"},"image":{"@id":"https:\/\/campinglesgalets.fr\/es\/#\/schema\/logo\/image\/"}}]}},"_links":{"self":[{"href":"https:\/\/campinglesgalets.fr\/es\/wp-json\/wp\/v2\/pages\/27991","targetHints":{"allow":["GET"]}}],"collection":[{"href":"https:\/\/campinglesgalets.fr\/es\/wp-json\/wp\/v2\/pages"}],"about":[{"href":"https:\/\/campinglesgalets.fr\/es\/wp-json\/wp\/v2\/types\/page"}],"author":[{"embeddable":true,"href":"https:\/\/campinglesgalets.fr\/es\/wp-json\/wp\/v2\/users\/1"}],"replies":[{"embeddable":true,"href":"https:\/\/campinglesgalets.fr\/es\/wp-json\/wp\/v2\/comments?post=27991"}],"version-history":[{"count":0,"href":"https:\/\/campinglesgalets.fr\/es\/wp-json\/wp\/v2\/pages\/27991\/revisions"}],"wp:featuredmedia":[{"embeddable":true,"href":"https:\/\/campinglesgalets.fr\/es\/wp-json\/wp\/v2\/media\/27888"}],"wp:attachment":[{"href":"https:\/\/campinglesgalets.fr\/es\/wp-json\/wp\/v2\/media?parent=27991"}],"curies":[{"name":"wp","href":"https:\/\/api.w.org\/{rel}","templated":true}]}}