{"id":25915,"date":"2023-03-09T16:47:53","date_gmt":"2023-03-09T15:47:53","guid":{"rendered":"https:\/\/campinglesgalets.fr\/devenir-proprietaire-dun-mobil-home-a-argeles-sur-mer\/"},"modified":"2025-10-06T11:47:48","modified_gmt":"2025-10-06T10:47:48","slug":"convertirse-en-propietario","status":"publish","type":"page","link":"https:\/\/campinglesgalets.fr\/es\/convertirse-en-propietario\/","title":{"rendered":"Convertirse en propietario"},"content":{"rendered":"<p>Convertirse en propietario de su caravana o de un chalet (casas rurales de construcci\u00f3n ligera) en Argel\u00e8s sur Mer.<\/p>\n<p>Ser propietario en el Camping-Club Les Galets en Argel\u00e8s sur Mer es elegir un estilo de vacaciones y ocio en total libertad para usted y su familia. Adquirir una caravana es disponer de un lugar de vacaciones de gran comodidad y poder aprovechar al m\u00e1ximo el entorno dedicado al ocio, la diversi\u00f3n y a los espacios verdes para una vida en osmosis al aire libre.<\/p>\n<p>En funci\u00f3n de su presupuesto podemos ofrecerle la compra de una residencia nueva o de segunda mano.<\/p>\n<p>Aproveche por completo su tiempo libre del 1 de enero al 31 de diciembre, sin que la estancia en un a\u00f1o exceda de los cinco meses. Disfrute de los beneficios de un Camping-Club 4 Estrellas. Al\u00f3jese en su moderna residencia m\u00f3vil dotada de todas las comodidades para unas vacaciones acogedoras.<\/p>\n<p><u>Alquile su caravana cuando no est\u00e9 alojado en ella\u00a0<\/u>:<\/p>\n<ul>\n<li>Confiando el alquiler de su alojamiento al Camping<\/li>\n<li>El 70\u00a0% del importe del alquiler, a precio p\u00fablico, le ser\u00e1 devuelto<\/li>\n<li>Nuestros equipos se encargan de la comercializaci\u00f3n, recepci\u00f3n, inventario y limpieza de su caravana<\/li>\n<li>Un canon anual indexado, un contrato claro el cual garantiza sus derechos<\/li>\n<\/ul>\n<p>Nuestras parcelas, de un m\u00ednimo de 100 m\u00b2, albergan caravanas de 20 a 35 m\u00b2, est\u00e1n dotadas de una terraza de madera en plena armon\u00eda con el entorno del Camping y les permiten aparcar su veh\u00edculo delante de sus instalaciones.<\/p>\n<p>Desde hace m\u00e1s de 40 a\u00f1os, 160 familias conf\u00edan en nosotros y, de esta manera, pueden disfrutar de su residencia siempre que quieren\u00a0!<\/p>\n<p>Les apetece un lugar ideal en Argel\u00e8s sur Mer, en los Pirineos Orientales, para aprovechar el clima mediterr\u00e1neo durante todo el a\u00f1o\u00a0?&#8230; no lo dude y cont\u00e1ctenos para m\u00e1s informaci\u00f3n al +33 468 810 812 o por correo electr\u00f3nico a <a href=\"mailto:lesgalets@campinglesgalets.fr\"><u>lesgalets@campinglesgalets.fr<\/u><\/a><\/p>\n","protected":false},"excerpt":{"rendered":"<p>Convertirse en propietario de su caravana o de un chalet (casas rurales de construcci\u00f3n ligera) en Argel\u00e8s sur Mer. Ser propietario en el Camping-Club Les Galets en Argel\u00e8s sur Mer es elegir un estilo de vacaciones y ocio en total libertad para usted y su familia. Adquirir una caravana es disponer de un lugar de [&hellip;]<\/p>\n","protected":false},"author":1,"featured_media":24863,"parent":0,"menu_order":0,"comment_status":"closed","ping_status":"closed","template":"","meta":{"_acf_changed":false,"_et_pb_use_builder":"","_et_pb_old_content":"","_et_gb_content_width":"","footnotes":""},"class_list":["post-25915","page","type-page","status-publish","has-post-thumbnail","hentry"],"acf":[],"yoast_head":"<!-- This site is optimized with the Yoast SEO plugin v27.4 - https:\/\/yoast.com\/product\/yoast-seo-wordpress\/ -->\n<title>Comprar casa m\u00f2bil Argeles sur Mer - Casa Mobil ha Venda en botiga Argeles<\/title>\n<meta name=\"description\" content=\"Inf\u00f3rmate sobre c\u00f3mo convertirte en propietario de un mobil-home en el camping Les Galets.\" \/>\n<meta name=\"robots\" content=\"index, follow, max-snippet:-1, max-image-preview:large, max-video-preview:-1\" \/>\n<link rel=\"canonical\" href=\"https:\/\/campinglesgalets.fr\/es\/convertirse-en-propietario\/\" \/>\n<meta property=\"og:locale\" content=\"es_ES\" \/>\n<meta property=\"og:type\" content=\"article\" \/>\n<meta property=\"og:title\" content=\"Comprar casa m\u00f2bil Argeles sur Mer - Casa Mobil ha Venda en botiga Argeles\" \/>\n<meta property=\"og:description\" content=\"Inf\u00f3rmate sobre c\u00f3mo convertirte en propietario de un mobil-home en el camping Les Galets.\" \/>\n<meta property=\"og:url\" content=\"https:\/\/campinglesgalets.fr\/es\/convertirse-en-propietario\/\" \/>\n<meta property=\"og:site_name\" content=\"Camping les galets\" \/>\n<meta property=\"article:modified_time\" content=\"2025-10-06T10:47:48+00:00\" \/>\n<meta property=\"og:image\" content=\"https:\/\/campinglesgalets.fr\/wp-content\/uploads\/2023\/03\/interieur_premium_retaillee-2100x1031-1.jpg\" \/>\n\t<meta property=\"og:image:width\" content=\"2100\" \/>\n\t<meta property=\"og:image:height\" content=\"1031\" \/>\n\t<meta property=\"og:image:type\" content=\"image\/jpeg\" \/>\n<meta name=\"twitter:card\" content=\"summary_large_image\" \/>\n<meta name=\"twitter:label1\" content=\"Tiempo de lectura\" \/>\n\t<meta name=\"twitter:data1\" content=\"2 minutos\" \/>\n<script type=\"application\/ld+json\" class=\"yoast-schema-graph\">{\"@context\":\"https:\\\/\\\/schema.org\",\"@graph\":[{\"@type\":\"WebPage\",\"@id\":\"https:\\\/\\\/campinglesgalets.fr\\\/es\\\/convertirse-en-propietario\\\/\",\"url\":\"https:\\\/\\\/campinglesgalets.fr\\\/es\\\/convertirse-en-propietario\\\/\",\"name\":\"Comprar casa m\u00f2bil Argeles sur Mer - Casa Mobil ha Venda en botiga Argeles\",\"isPartOf\":{\"@id\":\"https:\\\/\\\/campinglesgalets.fr\\\/es\\\/#website\"},\"primaryImageOfPage\":{\"@id\":\"https:\\\/\\\/campinglesgalets.fr\\\/es\\\/convertirse-en-propietario\\\/#primaryimage\"},\"image\":{\"@id\":\"https:\\\/\\\/campinglesgalets.fr\\\/es\\\/convertirse-en-propietario\\\/#primaryimage\"},\"thumbnailUrl\":\"https:\\\/\\\/campinglesgalets.fr\\\/wp-content\\\/uploads\\\/2023\\\/03\\\/interieur_premium_retaillee-2100x1031-1.jpg\",\"datePublished\":\"2023-03-09T15:47:53+00:00\",\"dateModified\":\"2025-10-06T10:47:48+00:00\",\"description\":\"Inf\u00f3rmate sobre c\u00f3mo convertirte en propietario de un mobil-home en el camping Les Galets.\",\"breadcrumb\":{\"@id\":\"https:\\\/\\\/campinglesgalets.fr\\\/es\\\/convertirse-en-propietario\\\/#breadcrumb\"},\"inLanguage\":\"es\",\"potentialAction\":[{\"@type\":\"ReadAction\",\"target\":[\"https:\\\/\\\/campinglesgalets.fr\\\/es\\\/convertirse-en-propietario\\\/\"]}]},{\"@type\":\"ImageObject\",\"inLanguage\":\"es\",\"@id\":\"https:\\\/\\\/campinglesgalets.fr\\\/es\\\/convertirse-en-propietario\\\/#primaryimage\",\"url\":\"https:\\\/\\\/campinglesgalets.fr\\\/wp-content\\\/uploads\\\/2023\\\/03\\\/interieur_premium_retaillee-2100x1031-1.jpg\",\"contentUrl\":\"https:\\\/\\\/campinglesgalets.fr\\\/wp-content\\\/uploads\\\/2023\\\/03\\\/interieur_premium_retaillee-2100x1031-1.jpg\",\"width\":2100,\"height\":1031},{\"@type\":\"BreadcrumbList\",\"@id\":\"https:\\\/\\\/campinglesgalets.fr\\\/es\\\/convertirse-en-propietario\\\/#breadcrumb\",\"itemListElement\":[{\"@type\":\"ListItem\",\"position\":1,\"name\":\"Camping \u00e0 Argel\u00e8s-sur-Mer\",\"item\":\"https:\\\/\\\/campinglesgalets.fr\\\/es\\\/\"},{\"@type\":\"ListItem\",\"position\":2,\"name\":\"Convertirse en propietario\"}]},{\"@type\":\"WebSite\",\"@id\":\"https:\\\/\\\/campinglesgalets.fr\\\/es\\\/#website\",\"url\":\"https:\\\/\\\/campinglesgalets.fr\\\/es\\\/\",\"name\":\"Camping les galets\",\"description\":\"Camping Argel\u00e8s sur Mer\",\"publisher\":{\"@id\":\"https:\\\/\\\/campinglesgalets.fr\\\/es\\\/#organization\"},\"potentialAction\":[{\"@type\":\"SearchAction\",\"target\":{\"@type\":\"EntryPoint\",\"urlTemplate\":\"https:\\\/\\\/campinglesgalets.fr\\\/es\\\/?s={search_term_string}\"},\"query-input\":{\"@type\":\"PropertyValueSpecification\",\"valueRequired\":true,\"valueName\":\"search_term_string\"}}],\"inLanguage\":\"es\"},{\"@type\":\"Organization\",\"@id\":\"https:\\\/\\\/campinglesgalets.fr\\\/es\\\/#organization\",\"name\":\"Camping les Galets\",\"url\":\"https:\\\/\\\/campinglesgalets.fr\\\/es\\\/\",\"logo\":{\"@type\":\"ImageObject\",\"inLanguage\":\"es\",\"@id\":\"https:\\\/\\\/campinglesgalets.fr\\\/es\\\/#\\\/schema\\\/logo\\\/image\\\/\",\"url\":\"https:\\\/\\\/campinglesgalets.fr\\\/wp-content\\\/uploads\\\/2025\\\/10\\\/Logo_Footer.svg\",\"contentUrl\":\"https:\\\/\\\/campinglesgalets.fr\\\/wp-content\\\/uploads\\\/2025\\\/10\\\/Logo_Footer.svg\",\"width\":267,\"height\":175,\"caption\":\"Camping les Galets\"},\"image\":{\"@id\":\"https:\\\/\\\/campinglesgalets.fr\\\/es\\\/#\\\/schema\\\/logo\\\/image\\\/\"}}]}<\/script>\n<!-- \/ Yoast SEO plugin. -->","yoast_head_json":{"title":"Comprar casa m\u00f2bil Argeles sur Mer - Casa Mobil ha Venda en botiga Argeles","description":"Inf\u00f3rmate sobre c\u00f3mo convertirte en propietario de un mobil-home en el camping Les Galets.","robots":{"index":"index","follow":"follow","max-snippet":"max-snippet:-1","max-image-preview":"max-image-preview:large","max-video-preview":"max-video-preview:-1"},"canonical":"https:\/\/campinglesgalets.fr\/es\/convertirse-en-propietario\/","og_locale":"es_ES","og_type":"article","og_title":"Comprar casa m\u00f2bil Argeles sur Mer - Casa Mobil ha Venda en botiga Argeles","og_description":"Inf\u00f3rmate sobre c\u00f3mo convertirte en propietario de un mobil-home en el camping Les Galets.","og_url":"https:\/\/campinglesgalets.fr\/es\/convertirse-en-propietario\/","og_site_name":"Camping les galets","article_modified_time":"2025-10-06T10:47:48+00:00","og_image":[{"width":2100,"height":1031,"url":"https:\/\/campinglesgalets.fr\/wp-content\/uploads\/2023\/03\/interieur_premium_retaillee-2100x1031-1.jpg","type":"image\/jpeg"}],"twitter_card":"summary_large_image","twitter_misc":{"Tiempo de lectura":"2 minutos"},"schema":{"@context":"https:\/\/schema.org","@graph":[{"@type":"WebPage","@id":"https:\/\/campinglesgalets.fr\/es\/convertirse-en-propietario\/","url":"https:\/\/campinglesgalets.fr\/es\/convertirse-en-propietario\/","name":"Comprar casa m\u00f2bil Argeles sur Mer - Casa Mobil ha Venda en botiga Argeles","isPartOf":{"@id":"https:\/\/campinglesgalets.fr\/es\/#website"},"primaryImageOfPage":{"@id":"https:\/\/campinglesgalets.fr\/es\/convertirse-en-propietario\/#primaryimage"},"image":{"@id":"https:\/\/campinglesgalets.fr\/es\/convertirse-en-propietario\/#primaryimage"},"thumbnailUrl":"https:\/\/campinglesgalets.fr\/wp-content\/uploads\/2023\/03\/interieur_premium_retaillee-2100x1031-1.jpg","datePublished":"2023-03-09T15:47:53+00:00","dateModified":"2025-10-06T10:47:48+00:00","description":"Inf\u00f3rmate sobre c\u00f3mo convertirte en propietario de un mobil-home en el camping Les Galets.","breadcrumb":{"@id":"https:\/\/campinglesgalets.fr\/es\/convertirse-en-propietario\/#breadcrumb"},"inLanguage":"es","potentialAction":[{"@type":"ReadAction","target":["https:\/\/campinglesgalets.fr\/es\/convertirse-en-propietario\/"]}]},{"@type":"ImageObject","inLanguage":"es","@id":"https:\/\/campinglesgalets.fr\/es\/convertirse-en-propietario\/#primaryimage","url":"https:\/\/campinglesgalets.fr\/wp-content\/uploads\/2023\/03\/interieur_premium_retaillee-2100x1031-1.jpg","contentUrl":"https:\/\/campinglesgalets.fr\/wp-content\/uploads\/2023\/03\/interieur_premium_retaillee-2100x1031-1.jpg","width":2100,"height":1031},{"@type":"BreadcrumbList","@id":"https:\/\/campinglesgalets.fr\/es\/convertirse-en-propietario\/#breadcrumb","itemListElement":[{"@type":"ListItem","position":1,"name":"Camping \u00e0 Argel\u00e8s-sur-Mer","item":"https:\/\/campinglesgalets.fr\/es\/"},{"@type":"ListItem","position":2,"name":"Convertirse en propietario"}]},{"@type":"WebSite","@id":"https:\/\/campinglesgalets.fr\/es\/#website","url":"https:\/\/campinglesgalets.fr\/es\/","name":"Camping les galets","description":"Camping Argel\u00e8s sur Mer","publisher":{"@id":"https:\/\/campinglesgalets.fr\/es\/#organization"},"potentialAction":[{"@type":"SearchAction","target":{"@type":"EntryPoint","urlTemplate":"https:\/\/campinglesgalets.fr\/es\/?s={search_term_string}"},"query-input":{"@type":"PropertyValueSpecification","valueRequired":true,"valueName":"search_term_string"}}],"inLanguage":"es"},{"@type":"Organization","@id":"https:\/\/campinglesgalets.fr\/es\/#organization","name":"Camping les Galets","url":"https:\/\/campinglesgalets.fr\/es\/","logo":{"@type":"ImageObject","inLanguage":"es","@id":"https:\/\/campinglesgalets.fr\/es\/#\/schema\/logo\/image\/","url":"https:\/\/campinglesgalets.fr\/wp-content\/uploads\/2025\/10\/Logo_Footer.svg","contentUrl":"https:\/\/campinglesgalets.fr\/wp-content\/uploads\/2025\/10\/Logo_Footer.svg","width":267,"height":175,"caption":"Camping les Galets"},"image":{"@id":"https:\/\/campinglesgalets.fr\/es\/#\/schema\/logo\/image\/"}}]}},"_links":{"self":[{"href":"https:\/\/campinglesgalets.fr\/es\/wp-json\/wp\/v2\/pages\/25915","targetHints":{"allow":["GET"]}}],"collection":[{"href":"https:\/\/campinglesgalets.fr\/es\/wp-json\/wp\/v2\/pages"}],"about":[{"href":"https:\/\/campinglesgalets.fr\/es\/wp-json\/wp\/v2\/types\/page"}],"author":[{"embeddable":true,"href":"https:\/\/campinglesgalets.fr\/es\/wp-json\/wp\/v2\/users\/1"}],"replies":[{"embeddable":true,"href":"https:\/\/campinglesgalets.fr\/es\/wp-json\/wp\/v2\/comments?post=25915"}],"version-history":[{"count":0,"href":"https:\/\/campinglesgalets.fr\/es\/wp-json\/wp\/v2\/pages\/25915\/revisions"}],"wp:featuredmedia":[{"embeddable":true,"href":"https:\/\/campinglesgalets.fr\/es\/wp-json\/wp\/v2\/media\/24863"}],"wp:attachment":[{"href":"https:\/\/campinglesgalets.fr\/es\/wp-json\/wp\/v2\/media?parent=25915"}],"curies":[{"name":"wp","href":"https:\/\/api.w.org\/{rel}","templated":true}]}}