{"id":25885,"date":"2023-03-08T15:08:15","date_gmt":"2023-03-08T14:08:15","guid":{"rendered":"https:\/\/campinglesgalets.fr\/pass-patrimoine\/"},"modified":"2023-03-28T15:40:20","modified_gmt":"2023-03-28T14:40:20","slug":"pass-patrimoine","status":"publish","type":"page","link":"https:\/\/campinglesgalets.fr\/es\/pass-patrimoine\/","title":{"rendered":"Pass Patrimoine"},"content":{"rendered":"<p>El departamento de Pirineos Orientales atraer\u00e1 a los amantes del patrimonio y la cultura, no dejar\u00e1 de visitar los \u00f3rganos de Ille-sur-Tet, la fortaleza de Salses y muchos otros sitios hist\u00f3ricos.<\/p>\n<p>Obtenga una tarifa con descuento en su segunda visita, obtenga m\u00e1s informaci\u00f3n sobre las condiciones de uso y los monumentos hist\u00f3ricos involucrados, descargando su Heritage Pass haciendo clic aqu\u00ed!<\/p>\n<p>Si eres un gran amante del patrimonio, sin duda querr\u00e1s visitar los monumentos m\u00e1s bellos de Perpi\u00f1\u00e1n y los Pirineos orientales durante tu visita a tierras catalanas.<\/p>\n<p>Utilizando el Heritage Pass, podr\u00e1s beneficiarte de descuentos en el precio de las entradas de m\u00e1s de 60 sitios culturales de pago en el 66: abad\u00edas, castillos, museos, fortalezas, pueblos medievales&#8230; Este pase especial le da acceso a un precio con descuento para la segunda visita a un sitio. El descuento es v\u00e1lido, por ejemplo, si viaja juntos. Usted pagar\u00e1 el precio normal de un boleto, y una tarifa m\u00e1s barata se aplicar\u00e1 a las personas que lo acompa\u00f1en.<\/p>\n<p>El Heritage Pass 66 es completamente gratuito. Se puede obtener en los 60 sitios, en las oficinas de turismo y las instalaciones de recepci\u00f3n asociadas. Contribuye a la influencia de la cultura catalana y te permitir\u00e1 descubrir los fabulosos tesoros culturales de los Pirineos orientales, reduciendo al mismo tiempo tus gastos.<\/p>\n<p>T\u00f3mese el tiempo para descargar el documento con toda la informaci\u00f3n sobre el Heritage Pass antes de su estancia en el camping Argel\u00e9s sur Mer. Contiene informaci\u00f3n pr\u00e1ctica como lista, horarios, tarifas con y sin reducci\u00f3n de todos los sitios asociados.<\/p>\n","protected":false},"excerpt":{"rendered":"<p>El departamento de Pirineos Orientales atraer\u00e1 a los amantes del patrimonio y la cultura, no dejar\u00e1 de visitar los \u00f3rganos de Ille-sur-Tet, la fortaleza de Salses y muchos otros sitios hist\u00f3ricos. Obtenga una tarifa con descuento en su segunda visita, obtenga m\u00e1s informaci\u00f3n sobre las condiciones de uso y los monumentos hist\u00f3ricos involucrados, descargando su [&hellip;]<\/p>\n","protected":false},"author":1,"featured_media":24818,"parent":0,"menu_order":0,"comment_status":"closed","ping_status":"closed","template":"","meta":{"_acf_changed":false,"_et_pb_use_builder":"","_et_pb_old_content":"","_et_gb_content_width":"","footnotes":""},"class_list":["post-25885","page","type-page","status-publish","has-post-thumbnail","hentry"],"acf":[],"yoast_head":"<!-- This site is optimized with the Yoast SEO plugin v27.3 - https:\/\/yoast.com\/product\/yoast-seo-wordpress\/ -->\n<title>Heritage Pass 66: descuentos en tus visitas a los Pirineos Orientales<\/title>\n<meta name=\"robots\" content=\"index, follow, max-snippet:-1, max-image-preview:large, max-video-preview:-1\" \/>\n<link rel=\"canonical\" href=\"https:\/\/campinglesgalets.fr\/es\/pass-patrimoine\/\" \/>\n<meta property=\"og:locale\" content=\"es_ES\" \/>\n<meta property=\"og:type\" content=\"article\" \/>\n<meta property=\"og:title\" content=\"Heritage Pass 66: descuentos en tus visitas a los Pirineos Orientales\" \/>\n<meta property=\"og:description\" content=\"El departamento de Pirineos Orientales atraer\u00e1 a los amantes del patrimonio y la cultura, no dejar\u00e1 de visitar los \u00f3rganos de Ille-sur-Tet, la fortaleza de Salses y muchos otros sitios hist\u00f3ricos. Obtenga una tarifa con descuento en su segunda visita, obtenga m\u00e1s informaci\u00f3n sobre las condiciones de uso y los monumentos hist\u00f3ricos involucrados, descargando su [&hellip;]\" \/>\n<meta property=\"og:url\" content=\"https:\/\/campinglesgalets.fr\/es\/pass-patrimoine\/\" \/>\n<meta property=\"og:site_name\" content=\"Camping les galets\" \/>\n<meta property=\"article:modified_time\" content=\"2023-03-28T14:40:20+00:00\" \/>\n<meta property=\"og:image\" content=\"https:\/\/campinglesgalets.fr\/wp-content\/uploads\/2023\/03\/notre_dame_du_chateau_light.jpg\" \/>\n\t<meta property=\"og:image:width\" content=\"1500\" \/>\n\t<meta property=\"og:image:height\" content=\"1004\" \/>\n\t<meta property=\"og:image:type\" content=\"image\/jpeg\" \/>\n<meta name=\"twitter:card\" content=\"summary_large_image\" \/>\n<meta name=\"twitter:label1\" content=\"Tiempo de lectura\" \/>\n\t<meta name=\"twitter:data1\" content=\"2 minutos\" \/>\n<script type=\"application\/ld+json\" class=\"yoast-schema-graph\">{\"@context\":\"https:\\\/\\\/schema.org\",\"@graph\":[{\"@type\":\"WebPage\",\"@id\":\"https:\\\/\\\/campinglesgalets.fr\\\/es\\\/pass-patrimoine\\\/\",\"url\":\"https:\\\/\\\/campinglesgalets.fr\\\/es\\\/pass-patrimoine\\\/\",\"name\":\"Heritage Pass 66: descuentos en tus visitas a los Pirineos Orientales\",\"isPartOf\":{\"@id\":\"https:\\\/\\\/campinglesgalets.fr\\\/es\\\/#website\"},\"primaryImageOfPage\":{\"@id\":\"https:\\\/\\\/campinglesgalets.fr\\\/es\\\/pass-patrimoine\\\/#primaryimage\"},\"image\":{\"@id\":\"https:\\\/\\\/campinglesgalets.fr\\\/es\\\/pass-patrimoine\\\/#primaryimage\"},\"thumbnailUrl\":\"https:\\\/\\\/campinglesgalets.fr\\\/wp-content\\\/uploads\\\/2023\\\/03\\\/notre_dame_du_chateau_light.jpg\",\"datePublished\":\"2023-03-08T14:08:15+00:00\",\"dateModified\":\"2023-03-28T14:40:20+00:00\",\"breadcrumb\":{\"@id\":\"https:\\\/\\\/campinglesgalets.fr\\\/es\\\/pass-patrimoine\\\/#breadcrumb\"},\"inLanguage\":\"es\",\"potentialAction\":[{\"@type\":\"ReadAction\",\"target\":[\"https:\\\/\\\/campinglesgalets.fr\\\/es\\\/pass-patrimoine\\\/\"]}]},{\"@type\":\"ImageObject\",\"inLanguage\":\"es\",\"@id\":\"https:\\\/\\\/campinglesgalets.fr\\\/es\\\/pass-patrimoine\\\/#primaryimage\",\"url\":\"https:\\\/\\\/campinglesgalets.fr\\\/wp-content\\\/uploads\\\/2023\\\/03\\\/notre_dame_du_chateau_light.jpg\",\"contentUrl\":\"https:\\\/\\\/campinglesgalets.fr\\\/wp-content\\\/uploads\\\/2023\\\/03\\\/notre_dame_du_chateau_light.jpg\",\"width\":1500,\"height\":1004},{\"@type\":\"BreadcrumbList\",\"@id\":\"https:\\\/\\\/campinglesgalets.fr\\\/es\\\/pass-patrimoine\\\/#breadcrumb\",\"itemListElement\":[{\"@type\":\"ListItem\",\"position\":1,\"name\":\"Camping \u00e0 Argel\u00e8s-sur-Mer\",\"item\":\"https:\\\/\\\/campinglesgalets.fr\\\/es\\\/\"},{\"@type\":\"ListItem\",\"position\":2,\"name\":\"Pass Patrimoine\"}]},{\"@type\":\"WebSite\",\"@id\":\"https:\\\/\\\/campinglesgalets.fr\\\/es\\\/#website\",\"url\":\"https:\\\/\\\/campinglesgalets.fr\\\/es\\\/\",\"name\":\"Camping les galets\",\"description\":\"Camping Argel\u00e8s sur Mer\",\"publisher\":{\"@id\":\"https:\\\/\\\/campinglesgalets.fr\\\/es\\\/#organization\"},\"potentialAction\":[{\"@type\":\"SearchAction\",\"target\":{\"@type\":\"EntryPoint\",\"urlTemplate\":\"https:\\\/\\\/campinglesgalets.fr\\\/es\\\/?s={search_term_string}\"},\"query-input\":{\"@type\":\"PropertyValueSpecification\",\"valueRequired\":true,\"valueName\":\"search_term_string\"}}],\"inLanguage\":\"es\"},{\"@type\":\"Organization\",\"@id\":\"https:\\\/\\\/campinglesgalets.fr\\\/es\\\/#organization\",\"name\":\"Camping les Galets\",\"url\":\"https:\\\/\\\/campinglesgalets.fr\\\/es\\\/\",\"logo\":{\"@type\":\"ImageObject\",\"inLanguage\":\"es\",\"@id\":\"https:\\\/\\\/campinglesgalets.fr\\\/es\\\/#\\\/schema\\\/logo\\\/image\\\/\",\"url\":\"https:\\\/\\\/campinglesgalets.fr\\\/wp-content\\\/uploads\\\/2025\\\/10\\\/Logo_Footer.svg\",\"contentUrl\":\"https:\\\/\\\/campinglesgalets.fr\\\/wp-content\\\/uploads\\\/2025\\\/10\\\/Logo_Footer.svg\",\"width\":267,\"height\":175,\"caption\":\"Camping les Galets\"},\"image\":{\"@id\":\"https:\\\/\\\/campinglesgalets.fr\\\/es\\\/#\\\/schema\\\/logo\\\/image\\\/\"}}]}<\/script>\n<!-- \/ Yoast SEO plugin. -->","yoast_head_json":{"title":"Heritage Pass 66: descuentos en tus visitas a los Pirineos Orientales","robots":{"index":"index","follow":"follow","max-snippet":"max-snippet:-1","max-image-preview":"max-image-preview:large","max-video-preview":"max-video-preview:-1"},"canonical":"https:\/\/campinglesgalets.fr\/es\/pass-patrimoine\/","og_locale":"es_ES","og_type":"article","og_title":"Heritage Pass 66: descuentos en tus visitas a los Pirineos Orientales","og_description":"El departamento de Pirineos Orientales atraer\u00e1 a los amantes del patrimonio y la cultura, no dejar\u00e1 de visitar los \u00f3rganos de Ille-sur-Tet, la fortaleza de Salses y muchos otros sitios hist\u00f3ricos. Obtenga una tarifa con descuento en su segunda visita, obtenga m\u00e1s informaci\u00f3n sobre las condiciones de uso y los monumentos hist\u00f3ricos involucrados, descargando su [&hellip;]","og_url":"https:\/\/campinglesgalets.fr\/es\/pass-patrimoine\/","og_site_name":"Camping les galets","article_modified_time":"2023-03-28T14:40:20+00:00","og_image":[{"width":1500,"height":1004,"url":"https:\/\/campinglesgalets.fr\/wp-content\/uploads\/2023\/03\/notre_dame_du_chateau_light.jpg","type":"image\/jpeg"}],"twitter_card":"summary_large_image","twitter_misc":{"Tiempo de lectura":"2 minutos"},"schema":{"@context":"https:\/\/schema.org","@graph":[{"@type":"WebPage","@id":"https:\/\/campinglesgalets.fr\/es\/pass-patrimoine\/","url":"https:\/\/campinglesgalets.fr\/es\/pass-patrimoine\/","name":"Heritage Pass 66: descuentos en tus visitas a los Pirineos Orientales","isPartOf":{"@id":"https:\/\/campinglesgalets.fr\/es\/#website"},"primaryImageOfPage":{"@id":"https:\/\/campinglesgalets.fr\/es\/pass-patrimoine\/#primaryimage"},"image":{"@id":"https:\/\/campinglesgalets.fr\/es\/pass-patrimoine\/#primaryimage"},"thumbnailUrl":"https:\/\/campinglesgalets.fr\/wp-content\/uploads\/2023\/03\/notre_dame_du_chateau_light.jpg","datePublished":"2023-03-08T14:08:15+00:00","dateModified":"2023-03-28T14:40:20+00:00","breadcrumb":{"@id":"https:\/\/campinglesgalets.fr\/es\/pass-patrimoine\/#breadcrumb"},"inLanguage":"es","potentialAction":[{"@type":"ReadAction","target":["https:\/\/campinglesgalets.fr\/es\/pass-patrimoine\/"]}]},{"@type":"ImageObject","inLanguage":"es","@id":"https:\/\/campinglesgalets.fr\/es\/pass-patrimoine\/#primaryimage","url":"https:\/\/campinglesgalets.fr\/wp-content\/uploads\/2023\/03\/notre_dame_du_chateau_light.jpg","contentUrl":"https:\/\/campinglesgalets.fr\/wp-content\/uploads\/2023\/03\/notre_dame_du_chateau_light.jpg","width":1500,"height":1004},{"@type":"BreadcrumbList","@id":"https:\/\/campinglesgalets.fr\/es\/pass-patrimoine\/#breadcrumb","itemListElement":[{"@type":"ListItem","position":1,"name":"Camping \u00e0 Argel\u00e8s-sur-Mer","item":"https:\/\/campinglesgalets.fr\/es\/"},{"@type":"ListItem","position":2,"name":"Pass Patrimoine"}]},{"@type":"WebSite","@id":"https:\/\/campinglesgalets.fr\/es\/#website","url":"https:\/\/campinglesgalets.fr\/es\/","name":"Camping les galets","description":"Camping Argel\u00e8s sur Mer","publisher":{"@id":"https:\/\/campinglesgalets.fr\/es\/#organization"},"potentialAction":[{"@type":"SearchAction","target":{"@type":"EntryPoint","urlTemplate":"https:\/\/campinglesgalets.fr\/es\/?s={search_term_string}"},"query-input":{"@type":"PropertyValueSpecification","valueRequired":true,"valueName":"search_term_string"}}],"inLanguage":"es"},{"@type":"Organization","@id":"https:\/\/campinglesgalets.fr\/es\/#organization","name":"Camping les Galets","url":"https:\/\/campinglesgalets.fr\/es\/","logo":{"@type":"ImageObject","inLanguage":"es","@id":"https:\/\/campinglesgalets.fr\/es\/#\/schema\/logo\/image\/","url":"https:\/\/campinglesgalets.fr\/wp-content\/uploads\/2025\/10\/Logo_Footer.svg","contentUrl":"https:\/\/campinglesgalets.fr\/wp-content\/uploads\/2025\/10\/Logo_Footer.svg","width":267,"height":175,"caption":"Camping les Galets"},"image":{"@id":"https:\/\/campinglesgalets.fr\/es\/#\/schema\/logo\/image\/"}}]}},"_links":{"self":[{"href":"https:\/\/campinglesgalets.fr\/es\/wp-json\/wp\/v2\/pages\/25885","targetHints":{"allow":["GET"]}}],"collection":[{"href":"https:\/\/campinglesgalets.fr\/es\/wp-json\/wp\/v2\/pages"}],"about":[{"href":"https:\/\/campinglesgalets.fr\/es\/wp-json\/wp\/v2\/types\/page"}],"author":[{"embeddable":true,"href":"https:\/\/campinglesgalets.fr\/es\/wp-json\/wp\/v2\/users\/1"}],"replies":[{"embeddable":true,"href":"https:\/\/campinglesgalets.fr\/es\/wp-json\/wp\/v2\/comments?post=25885"}],"version-history":[{"count":0,"href":"https:\/\/campinglesgalets.fr\/es\/wp-json\/wp\/v2\/pages\/25885\/revisions"}],"wp:featuredmedia":[{"embeddable":true,"href":"https:\/\/campinglesgalets.fr\/es\/wp-json\/wp\/v2\/media\/24818"}],"wp:attachment":[{"href":"https:\/\/campinglesgalets.fr\/es\/wp-json\/wp\/v2\/media?parent=25885"}],"curies":[{"name":"wp","href":"https:\/\/api.w.org\/{rel}","templated":true}]}}