{"id":25721,"date":"2023-03-08T15:01:13","date_gmt":"2023-03-08T14:01:13","guid":{"rendered":"https:\/\/campinglesgalets.fr\/avis-clients-guestapp\/"},"modified":"2025-10-06T10:56:46","modified_gmt":"2025-10-06T09:56:46","slug":"avis-clients-guestapp","status":"publish","type":"page","link":"https:\/\/campinglesgalets.fr\/es\/avis-clients-guestapp\/","title":{"rendered":"Aviso al consumidor GuestApp"},"content":{"rendered":"<p>Aqu\u00ed son nuestros hu\u00e9spedes quienes toman la palabra: familias, parejas, amigos&#8230; Comparten con total transparencia su experiencia con nosotros.<\/p>\n<p>Nunca agradeceremos lo suficiente a nuestros clientes sus valiosos comentarios y opiniones sobre nuestro camping. \u00bfQuiz\u00e1s pronto sea el suyo? Estaremos encantados de darle la bienvenida y leer su opini\u00f3n despu\u00e9s de su estancia en el <strong>Camping Les Galets.<\/strong><\/p>\n","protected":false},"excerpt":{"rendered":"<p>Aqu\u00ed son nuestros hu\u00e9spedes quienes toman la palabra: familias, parejas, amigos&#8230; Comparten con total transparencia su experiencia con nosotros. Nunca agradeceremos lo suficiente a nuestros clientes sus valiosos comentarios y opiniones sobre nuestro camping. \u00bfQuiz\u00e1s pronto sea el suyo? Estaremos encantados de darle la bienvenida y leer su opini\u00f3n despu\u00e9s de su estancia en el [&hellip;]<\/p>\n","protected":false},"author":1,"featured_media":23053,"parent":0,"menu_order":0,"comment_status":"closed","ping_status":"closed","template":"","meta":{"_acf_changed":false,"_et_pb_use_builder":"","_et_pb_old_content":"","_et_gb_content_width":"","footnotes":""},"class_list":["post-25721","page","type-page","status-publish","has-post-thumbnail","hentry"],"acf":[],"yoast_head":"<!-- This site is optimized with the Yoast SEO plugin v27.5 - https:\/\/yoast.com\/product\/yoast-seo-wordpress\/ -->\n<title>Opiniones verificadas por Guestapp en camping the Galets<\/title>\n<meta name=\"description\" content=\"Lee las opiniones de nuestros hu\u00e9spedes y comparte tu experiencia en el camping Les Galets de Argel\u00e8s.\" \/>\n<meta name=\"robots\" content=\"index, follow, max-snippet:-1, max-image-preview:large, max-video-preview:-1\" \/>\n<link rel=\"canonical\" href=\"https:\/\/campinglesgalets.fr\/es\/avis-clients-guestapp\/\" \/>\n<meta property=\"og:locale\" content=\"es_ES\" \/>\n<meta property=\"og:type\" content=\"article\" \/>\n<meta property=\"og:title\" content=\"Opiniones verificadas por Guestapp en camping the Galets\" \/>\n<meta property=\"og:description\" content=\"Lee las opiniones de nuestros hu\u00e9spedes y comparte tu experiencia en el camping Les Galets de Argel\u00e8s.\" \/>\n<meta property=\"og:url\" content=\"https:\/\/campinglesgalets.fr\/es\/avis-clients-guestapp\/\" \/>\n<meta property=\"og:site_name\" content=\"Camping les galets\" \/>\n<meta property=\"article:modified_time\" content=\"2025-10-06T09:56:46+00:00\" \/>\n<meta property=\"og:image\" content=\"https:\/\/campinglesgalets.fr\/wp-content\/uploads\/2023\/02\/background-slider-01-1024x719.jpeg\" \/>\n<meta name=\"twitter:card\" content=\"summary_large_image\" \/>\n<meta name=\"twitter:image\" content=\"https:\/\/campinglesgalets.fr\/wp-content\/uploads\/2023\/02\/background-slider-01-1024x719.jpeg\" \/>\n<meta name=\"twitter:label1\" content=\"Tiempo de lectura\" \/>\n\t<meta name=\"twitter:data1\" content=\"1 minuto\" \/>\n<script type=\"application\/ld+json\" class=\"yoast-schema-graph\">{\"@context\":\"https:\\\/\\\/schema.org\",\"@graph\":[{\"@type\":\"WebPage\",\"@id\":\"https:\\\/\\\/campinglesgalets.fr\\\/es\\\/avis-clients-guestapp\\\/\",\"url\":\"https:\\\/\\\/campinglesgalets.fr\\\/es\\\/avis-clients-guestapp\\\/\",\"name\":\"Opiniones verificadas por Guestapp en camping the Galets\",\"isPartOf\":{\"@id\":\"https:\\\/\\\/campinglesgalets.fr\\\/es\\\/#website\"},\"primaryImageOfPage\":{\"@id\":\"https:\\\/\\\/campinglesgalets.fr\\\/es\\\/avis-clients-guestapp\\\/#primaryimage\"},\"image\":{\"@id\":\"https:\\\/\\\/campinglesgalets.fr\\\/es\\\/avis-clients-guestapp\\\/#primaryimage\"},\"thumbnailUrl\":\"https:\\\/\\\/campinglesgalets.fr\\\/wp-content\\\/uploads\\\/2023\\\/02\\\/background-slider-01.jpeg\",\"datePublished\":\"2023-03-08T14:01:13+00:00\",\"dateModified\":\"2025-10-06T09:56:46+00:00\",\"description\":\"Lee las opiniones de nuestros hu\u00e9spedes y comparte tu experiencia en el camping Les Galets de Argel\u00e8s.\",\"breadcrumb\":{\"@id\":\"https:\\\/\\\/campinglesgalets.fr\\\/es\\\/avis-clients-guestapp\\\/#breadcrumb\"},\"inLanguage\":\"es\",\"potentialAction\":[{\"@type\":\"ReadAction\",\"target\":[\"https:\\\/\\\/campinglesgalets.fr\\\/es\\\/avis-clients-guestapp\\\/\"]}]},{\"@type\":\"ImageObject\",\"inLanguage\":\"es\",\"@id\":\"https:\\\/\\\/campinglesgalets.fr\\\/es\\\/avis-clients-guestapp\\\/#primaryimage\",\"url\":\"https:\\\/\\\/campinglesgalets.fr\\\/wp-content\\\/uploads\\\/2023\\\/02\\\/background-slider-01.jpeg\",\"contentUrl\":\"https:\\\/\\\/campinglesgalets.fr\\\/wp-content\\\/uploads\\\/2023\\\/02\\\/background-slider-01.jpeg\",\"width\":1360,\"height\":955,\"caption\":\"Espace aquatique arbor\u00e9\"},{\"@type\":\"BreadcrumbList\",\"@id\":\"https:\\\/\\\/campinglesgalets.fr\\\/es\\\/avis-clients-guestapp\\\/#breadcrumb\",\"itemListElement\":[{\"@type\":\"ListItem\",\"position\":1,\"name\":\"Camping \u00e0 Argel\u00e8s-sur-Mer\",\"item\":\"https:\\\/\\\/campinglesgalets.fr\\\/es\\\/\"},{\"@type\":\"ListItem\",\"position\":2,\"name\":\"Aviso al consumidor GuestApp\"}]},{\"@type\":\"WebSite\",\"@id\":\"https:\\\/\\\/campinglesgalets.fr\\\/es\\\/#website\",\"url\":\"https:\\\/\\\/campinglesgalets.fr\\\/es\\\/\",\"name\":\"Camping les galets\",\"description\":\"Camping Argel\u00e8s sur Mer\",\"publisher\":{\"@id\":\"https:\\\/\\\/campinglesgalets.fr\\\/es\\\/#organization\"},\"potentialAction\":[{\"@type\":\"SearchAction\",\"target\":{\"@type\":\"EntryPoint\",\"urlTemplate\":\"https:\\\/\\\/campinglesgalets.fr\\\/es\\\/?s={search_term_string}\"},\"query-input\":{\"@type\":\"PropertyValueSpecification\",\"valueRequired\":true,\"valueName\":\"search_term_string\"}}],\"inLanguage\":\"es\"},{\"@type\":\"Organization\",\"@id\":\"https:\\\/\\\/campinglesgalets.fr\\\/es\\\/#organization\",\"name\":\"Camping les Galets\",\"url\":\"https:\\\/\\\/campinglesgalets.fr\\\/es\\\/\",\"logo\":{\"@type\":\"ImageObject\",\"inLanguage\":\"es\",\"@id\":\"https:\\\/\\\/campinglesgalets.fr\\\/es\\\/#\\\/schema\\\/logo\\\/image\\\/\",\"url\":\"https:\\\/\\\/campinglesgalets.fr\\\/wp-content\\\/uploads\\\/2025\\\/10\\\/Logo_Footer.svg\",\"contentUrl\":\"https:\\\/\\\/campinglesgalets.fr\\\/wp-content\\\/uploads\\\/2025\\\/10\\\/Logo_Footer.svg\",\"width\":267,\"height\":175,\"caption\":\"Camping les Galets\"},\"image\":{\"@id\":\"https:\\\/\\\/campinglesgalets.fr\\\/es\\\/#\\\/schema\\\/logo\\\/image\\\/\"}}]}<\/script>\n<!-- \/ Yoast SEO plugin. -->","yoast_head_json":{"title":"Opiniones verificadas por Guestapp en camping the Galets","description":"Lee las opiniones de nuestros hu\u00e9spedes y comparte tu experiencia en el camping Les Galets de Argel\u00e8s.","robots":{"index":"index","follow":"follow","max-snippet":"max-snippet:-1","max-image-preview":"max-image-preview:large","max-video-preview":"max-video-preview:-1"},"canonical":"https:\/\/campinglesgalets.fr\/es\/avis-clients-guestapp\/","og_locale":"es_ES","og_type":"article","og_title":"Opiniones verificadas por Guestapp en camping the Galets","og_description":"Lee las opiniones de nuestros hu\u00e9spedes y comparte tu experiencia en el camping Les Galets de Argel\u00e8s.","og_url":"https:\/\/campinglesgalets.fr\/es\/avis-clients-guestapp\/","og_site_name":"Camping les galets","article_modified_time":"2025-10-06T09:56:46+00:00","og_image":[{"url":"https:\/\/campinglesgalets.fr\/wp-content\/uploads\/2023\/02\/background-slider-01-1024x719.jpeg","type":"","width":"","height":""}],"twitter_card":"summary_large_image","twitter_image":"https:\/\/campinglesgalets.fr\/wp-content\/uploads\/2023\/02\/background-slider-01-1024x719.jpeg","twitter_misc":{"Tiempo de lectura":"1 minuto"},"schema":{"@context":"https:\/\/schema.org","@graph":[{"@type":"WebPage","@id":"https:\/\/campinglesgalets.fr\/es\/avis-clients-guestapp\/","url":"https:\/\/campinglesgalets.fr\/es\/avis-clients-guestapp\/","name":"Opiniones verificadas por Guestapp en camping the Galets","isPartOf":{"@id":"https:\/\/campinglesgalets.fr\/es\/#website"},"primaryImageOfPage":{"@id":"https:\/\/campinglesgalets.fr\/es\/avis-clients-guestapp\/#primaryimage"},"image":{"@id":"https:\/\/campinglesgalets.fr\/es\/avis-clients-guestapp\/#primaryimage"},"thumbnailUrl":"https:\/\/campinglesgalets.fr\/wp-content\/uploads\/2023\/02\/background-slider-01.jpeg","datePublished":"2023-03-08T14:01:13+00:00","dateModified":"2025-10-06T09:56:46+00:00","description":"Lee las opiniones de nuestros hu\u00e9spedes y comparte tu experiencia en el camping Les Galets de Argel\u00e8s.","breadcrumb":{"@id":"https:\/\/campinglesgalets.fr\/es\/avis-clients-guestapp\/#breadcrumb"},"inLanguage":"es","potentialAction":[{"@type":"ReadAction","target":["https:\/\/campinglesgalets.fr\/es\/avis-clients-guestapp\/"]}]},{"@type":"ImageObject","inLanguage":"es","@id":"https:\/\/campinglesgalets.fr\/es\/avis-clients-guestapp\/#primaryimage","url":"https:\/\/campinglesgalets.fr\/wp-content\/uploads\/2023\/02\/background-slider-01.jpeg","contentUrl":"https:\/\/campinglesgalets.fr\/wp-content\/uploads\/2023\/02\/background-slider-01.jpeg","width":1360,"height":955,"caption":"Espace aquatique arbor\u00e9"},{"@type":"BreadcrumbList","@id":"https:\/\/campinglesgalets.fr\/es\/avis-clients-guestapp\/#breadcrumb","itemListElement":[{"@type":"ListItem","position":1,"name":"Camping \u00e0 Argel\u00e8s-sur-Mer","item":"https:\/\/campinglesgalets.fr\/es\/"},{"@type":"ListItem","position":2,"name":"Aviso al consumidor GuestApp"}]},{"@type":"WebSite","@id":"https:\/\/campinglesgalets.fr\/es\/#website","url":"https:\/\/campinglesgalets.fr\/es\/","name":"Camping les galets","description":"Camping Argel\u00e8s sur Mer","publisher":{"@id":"https:\/\/campinglesgalets.fr\/es\/#organization"},"potentialAction":[{"@type":"SearchAction","target":{"@type":"EntryPoint","urlTemplate":"https:\/\/campinglesgalets.fr\/es\/?s={search_term_string}"},"query-input":{"@type":"PropertyValueSpecification","valueRequired":true,"valueName":"search_term_string"}}],"inLanguage":"es"},{"@type":"Organization","@id":"https:\/\/campinglesgalets.fr\/es\/#organization","name":"Camping les Galets","url":"https:\/\/campinglesgalets.fr\/es\/","logo":{"@type":"ImageObject","inLanguage":"es","@id":"https:\/\/campinglesgalets.fr\/es\/#\/schema\/logo\/image\/","url":"https:\/\/campinglesgalets.fr\/wp-content\/uploads\/2025\/10\/Logo_Footer.svg","contentUrl":"https:\/\/campinglesgalets.fr\/wp-content\/uploads\/2025\/10\/Logo_Footer.svg","width":267,"height":175,"caption":"Camping les Galets"},"image":{"@id":"https:\/\/campinglesgalets.fr\/es\/#\/schema\/logo\/image\/"}}]}},"_links":{"self":[{"href":"https:\/\/campinglesgalets.fr\/es\/wp-json\/wp\/v2\/pages\/25721","targetHints":{"allow":["GET"]}}],"collection":[{"href":"https:\/\/campinglesgalets.fr\/es\/wp-json\/wp\/v2\/pages"}],"about":[{"href":"https:\/\/campinglesgalets.fr\/es\/wp-json\/wp\/v2\/types\/page"}],"author":[{"embeddable":true,"href":"https:\/\/campinglesgalets.fr\/es\/wp-json\/wp\/v2\/users\/1"}],"replies":[{"embeddable":true,"href":"https:\/\/campinglesgalets.fr\/es\/wp-json\/wp\/v2\/comments?post=25721"}],"version-history":[{"count":0,"href":"https:\/\/campinglesgalets.fr\/es\/wp-json\/wp\/v2\/pages\/25721\/revisions"}],"wp:featuredmedia":[{"embeddable":true,"href":"https:\/\/campinglesgalets.fr\/es\/wp-json\/wp\/v2\/media\/23053"}],"wp:attachment":[{"href":"https:\/\/campinglesgalets.fr\/es\/wp-json\/wp\/v2\/media?parent=25721"}],"curies":[{"name":"wp","href":"https:\/\/api.w.org\/{rel}","templated":true}]}}