{"id":25658,"date":"2023-03-07T17:18:47","date_gmt":"2023-03-07T16:18:47","guid":{"rendered":"https:\/\/campinglesgalets.fr\/nos-labels-de-qualite\/"},"modified":"2025-10-06T11:06:26","modified_gmt":"2025-10-06T10:06:26","slug":"clef-verte","status":"publish","type":"page","link":"https:\/\/campinglesgalets.fr\/es\/clef-verte\/","title":{"rendered":"Etiquetas"},"content":{"rendered":"<p><strong>La etiqueta Clef Verte<\/strong> es la primera etiqueta europea que garantiza la sostenibilidad ambiental de los alojamientos tur\u00edsticos.<\/p>\n<p>Clef Verte se basa en principios fundamentales de un uso responsable de los recursos naturales y pr\u00e1cticas diarias que buscan preservar el medio ambiente y garantizar su satisfacci\u00f3n.<\/p>\n<p>Durante varios a\u00f1os, el <strong>Camping Club Les Galets<\/strong>, en la regi\u00f3n de Languedoc-Roussillon, se ha comprometido a respetar el medio ambiente de nuestro territorio catal\u00e1n. Fue el primer establecimiento en Argel\u00e8s-sur-Mer en recibir esta prestigiosa y exigente etiqueta en 2007.<\/p>\n<p>La etiqueta garantiza un camping donde se preserva el medio ambiente en el sitio, con pr\u00e1cticas ecol\u00f3gicas y una fuerte acci\u00f3n de concienciaci\u00f3n y promoci\u00f3n del desarrollo sostenible.<\/p>\n<p>Estas son las principales acciones emprendidas por Camping Les Galets:<\/p>\n<ul>\n<li><strong>No se utilizan pesticidas ni herbicidas<\/strong>: Nuestros trabajadores realizan todos los trabajos de jardiner\u00eda sin productos qu\u00edmicos: trabajo manual, desbroce, acolchado\u2026<\/li>\n<li><strong>Uso de productos ecolabelados para limpieza<\/strong>: Los equipos de mantenimiento solo utilizan productos ecol\u00f3gicos certificados para la limpieza de los mobil-homes y los servicios sanitarios.<\/li>\n<li><strong>Ahorro de agua<\/strong>: Se han logrado ahorros significativos en el consumo de agua a trav\u00e9s de la detecci\u00f3n de fugas, plantaci\u00f3n de especies adaptadas al clima mediterr\u00e1neo y el uso de equipos de ahorro de agua (grifos, duchas\u2026).<\/li>\n<li><strong>Uso de energ\u00edas renovables<\/strong>: Paneles solares que producen la mayor parte del agua caliente para los sanitarios, iluminaci\u00f3n solar en todo el parque.<\/li>\n<\/ul>\n<p>&nbsp;<\/p>\n<p><img loading=\"lazy\" decoding=\"async\" class=\"wp-image-12266 size-medium\" src=\"https:\/\/campinglesgalets.fr\/wp-content\/uploads\/2020\/05\/Vegetation-luxuriante-camping-300x225.jpg\" alt=\"Parc vegetal luxuriant\" width=\"300\" height=\"225\" \/><\/p>\n<p><strong>Refugio LPO &#8211; Liga para la Protecci\u00f3n de las Aves<\/strong><\/p>\n<p>Por iniciativa de Jean-Michel Bey, el t\u00edo del gerente del camping Manuel Bey, Camping Les Galets transform\u00f3 su parque arbolado de 5 hect\u00e1reas en un refugio para aves. Este proyecto est\u00e1 en l\u00ednea con la decisi\u00f3n hist\u00f3rica del camping de comprometerse con acciones de desarrollo sostenible. El no uso de productos qu\u00edmicos para el tratamiento de los espacios verdes proporciona un suelo naturalmente rico en insectos para nuestros amigos alados.<\/p>\n<p>Se han instalado m\u00e1s de cien casas para aves en el camping, generalmente apoyadas en los \u00e1rboles, para ofrecer refugio adecuado a las especies que lo necesiten. Unas diez especies de aves viven y se reproducen en el parque del camping Les Galets: golondrinas, petirrojos, gorriones, abubillas, mirlos, p\u00edcidos, palomas, colirrojos, garcetas, carboneros, b\u00fahos&#8230;<\/p>\n<p>Tambi\u00e9n tenemos en cuenta nuestro compromiso en las nuevas plantaciones que realizamos cada a\u00f1o. Elegimos arbustos y \u00e1rboles que favorezcan la creaci\u00f3n de ecosistemas saludables (plantas mel\u00edferas, refugios para insectos\u2026).<\/p>\n<p><img loading=\"lazy\" decoding=\"async\" class=\"alignnone wp-image-11132 size-medium\" src=\"https:\/\/campinglesgalets.fr\/wp-content\/uploads\/2020\/01\/p1050701-300x225.jpg\" alt=\"\" width=\"300\" height=\"225\" \/><\/p>\n<p>Desde 2019, hemos dado el paso para ser certificados como refugio LPO. La Liga para la Protecci\u00f3n de las Aves nos apoya proporcion\u00e1ndonos la informaci\u00f3n necesaria para mantener las casas para aves, alimentar a las especies fr\u00e1giles durante el invierno y equiparnos para fomentar la reproducci\u00f3n.<\/p>\n<p><img loading=\"lazy\" decoding=\"async\" class=\"alignnone wp-image-22621 size-medium\" src=\"https:\/\/campinglesgalets.fr\/wp-content\/uploads\/2023\/03\/p1050823-500x407-1-300x244.jpg\" alt=\"\" width=\"300\" height=\"244\" \/><\/p>\n<p><strong>Camping Qualit\u00e9<\/strong><\/p>\n<p>Camping Les Galets ha optado por ser auditado por la etiqueta Camping Qualit\u00e9 para mejorar y garantizar a sus clientes un alto nivel de calidad. Los criterios para obtener la etiqueta Camping Qualit\u00e9 son m\u00e1s estrictos que la certificaci\u00f3n de 4 estrellas, lo que significa que vamos m\u00e1s all\u00e1 en cuanto a exigencia para garantizarles una excelente estancia con nosotros.<\/p>\n<p>No dude en ponerse en contacto con nosotros para m\u00e1s informaci\u00f3n. Florence y Chantal, que llevan m\u00e1s de 15 a\u00f1os trabajando en el camping, conocen perfectamente el camping y la regi\u00f3n de Argel\u00e8s-sur-Mer. Estar\u00e1n encantadas de aconsejarle y, durante su estancia, compartir\u00e1n con gusto su pasi\u00f3n por este peque\u00f1o rinc\u00f3n del para\u00edso que es la regi\u00f3n catalana.<\/p>\n<p>Esta red de m\u00e1s de 300 campings nos permite mejorar nuestra oferta y nuestros servicios cada a\u00f1o. Estamos unidos entre campings independientes serios y comprometidos con el cliente. Trabajamos en este camping a peque\u00f1a escala con la convicci\u00f3n de que la calidad y el amor por el cliente son la base del \u00e9xito.<\/p>\n<p><img loading=\"lazy\" decoding=\"async\" class=\"alignnone wp-image-22622 size-medium\" src=\"https:\/\/campinglesgalets.fr\/wp-content\/uploads\/2023\/03\/IMG_2044-533x400-1-300x225.jpg\" alt=\"\" width=\"300\" height=\"225\" \/><\/p>\n<p><strong>Etiqueta Turismo y Discapacidad<\/strong><\/p>\n<p>Camping Les Galets, orgulloso de su etiqueta Turismo y Discapacidad para discapacidades motoras y mentales, se dedica a garantizar un acceso f\u00e1cil y un servicio personalizado. Esta etiqueta Turismo y Discapacidad asegura que todos los vacacionistas disfruten de su estancia con el m\u00e1ximo confort y respeto por su autonom\u00eda.<\/p>\n<p><img loading=\"lazy\" decoding=\"async\" class=\"alignnone size-full wp-image-28430\" src=\"https:\/\/campinglesgalets.fr\/wp-content\/uploads\/2024\/05\/Quad-MeM-min.jpg\" alt=\"label tourisme et handicap\" width=\"294\" height=\"117\" \/><\/p>\n","protected":false},"excerpt":{"rendered":"<p>La etiqueta Clef Verte es la primera etiqueta europea que garantiza la sostenibilidad ambiental de los alojamientos tur\u00edsticos. Clef Verte se basa en principios fundamentales de un uso responsable de los recursos naturales y pr\u00e1cticas diarias que buscan preservar el medio ambiente y garantizar su satisfacci\u00f3n. Durante varios a\u00f1os, el Camping Club Les Galets, en [&hellip;]<\/p>\n","protected":false},"author":1,"featured_media":24713,"parent":0,"menu_order":0,"comment_status":"closed","ping_status":"closed","template":"","meta":{"_acf_changed":false,"_et_pb_use_builder":"","_et_pb_old_content":"","_et_gb_content_width":"","footnotes":""},"class_list":["post-25658","page","type-page","status-publish","has-post-thumbnail","hentry"],"acf":[],"yoast_head":"<!-- This site is optimized with the Yoast SEO plugin v27.3 - https:\/\/yoast.com\/product\/yoast-seo-wordpress\/ -->\n<title>Acampar marcat Key Verd: Europea Etiqueta por el respeta el entorn<\/title>\n<meta name=\"description\" content=\"El camping Les Galets cuenta con la etiqueta ecol\u00f3gica Clef Verte para unas vacaciones responsables.\" \/>\n<meta name=\"robots\" content=\"index, follow, max-snippet:-1, max-image-preview:large, max-video-preview:-1\" \/>\n<link rel=\"canonical\" href=\"https:\/\/campinglesgalets.fr\/es\/clef-verte\/\" \/>\n<meta property=\"og:locale\" content=\"es_ES\" \/>\n<meta property=\"og:type\" content=\"article\" \/>\n<meta property=\"og:title\" content=\"Acampar marcat Key Verd: Europea Etiqueta por el respeta el entorn\" \/>\n<meta property=\"og:description\" content=\"El camping Les Galets cuenta con la etiqueta ecol\u00f3gica Clef Verte para unas vacaciones responsables.\" \/>\n<meta property=\"og:url\" content=\"https:\/\/campinglesgalets.fr\/es\/clef-verte\/\" \/>\n<meta property=\"og:site_name\" content=\"Camping les galets\" \/>\n<meta property=\"article:modified_time\" content=\"2025-10-06T10:06:26+00:00\" \/>\n<meta property=\"og:image\" content=\"https:\/\/campinglesgalets.fr\/wp-content\/uploads\/2023\/03\/clef-verte.jpg\" \/>\n\t<meta property=\"og:image:width\" content=\"1200\" \/>\n\t<meta property=\"og:image:height\" content=\"395\" \/>\n\t<meta property=\"og:image:type\" content=\"image\/jpeg\" \/>\n<meta name=\"twitter:card\" content=\"summary_large_image\" \/>\n<meta name=\"twitter:label1\" content=\"Tiempo de lectura\" \/>\n\t<meta name=\"twitter:data1\" content=\"5 minutos\" \/>\n<script type=\"application\/ld+json\" class=\"yoast-schema-graph\">{\"@context\":\"https:\\\/\\\/schema.org\",\"@graph\":[{\"@type\":\"WebPage\",\"@id\":\"https:\\\/\\\/campinglesgalets.fr\\\/es\\\/clef-verte\\\/\",\"url\":\"https:\\\/\\\/campinglesgalets.fr\\\/es\\\/clef-verte\\\/\",\"name\":\"Acampar marcat Key Verd: Europea Etiqueta por el respeta el entorn\",\"isPartOf\":{\"@id\":\"https:\\\/\\\/campinglesgalets.fr\\\/es\\\/#website\"},\"primaryImageOfPage\":{\"@id\":\"https:\\\/\\\/campinglesgalets.fr\\\/es\\\/clef-verte\\\/#primaryimage\"},\"image\":{\"@id\":\"https:\\\/\\\/campinglesgalets.fr\\\/es\\\/clef-verte\\\/#primaryimage\"},\"thumbnailUrl\":\"https:\\\/\\\/campinglesgalets.fr\\\/wp-content\\\/uploads\\\/2023\\\/03\\\/clef-verte.jpg\",\"datePublished\":\"2023-03-07T16:18:47+00:00\",\"dateModified\":\"2025-10-06T10:06:26+00:00\",\"description\":\"El camping Les Galets cuenta con la etiqueta ecol\u00f3gica Clef Verte para unas vacaciones responsables.\",\"breadcrumb\":{\"@id\":\"https:\\\/\\\/campinglesgalets.fr\\\/es\\\/clef-verte\\\/#breadcrumb\"},\"inLanguage\":\"es\",\"potentialAction\":[{\"@type\":\"ReadAction\",\"target\":[\"https:\\\/\\\/campinglesgalets.fr\\\/es\\\/clef-verte\\\/\"]}]},{\"@type\":\"ImageObject\",\"inLanguage\":\"es\",\"@id\":\"https:\\\/\\\/campinglesgalets.fr\\\/es\\\/clef-verte\\\/#primaryimage\",\"url\":\"https:\\\/\\\/campinglesgalets.fr\\\/wp-content\\\/uploads\\\/2023\\\/03\\\/clef-verte.jpg\",\"contentUrl\":\"https:\\\/\\\/campinglesgalets.fr\\\/wp-content\\\/uploads\\\/2023\\\/03\\\/clef-verte.jpg\",\"width\":1200,\"height\":395},{\"@type\":\"BreadcrumbList\",\"@id\":\"https:\\\/\\\/campinglesgalets.fr\\\/es\\\/clef-verte\\\/#breadcrumb\",\"itemListElement\":[{\"@type\":\"ListItem\",\"position\":1,\"name\":\"Camping \u00e0 Argel\u00e8s-sur-Mer\",\"item\":\"https:\\\/\\\/campinglesgalets.fr\\\/es\\\/\"},{\"@type\":\"ListItem\",\"position\":2,\"name\":\"Etiquetas\"}]},{\"@type\":\"WebSite\",\"@id\":\"https:\\\/\\\/campinglesgalets.fr\\\/es\\\/#website\",\"url\":\"https:\\\/\\\/campinglesgalets.fr\\\/es\\\/\",\"name\":\"Camping les galets\",\"description\":\"Camping Argel\u00e8s sur Mer\",\"publisher\":{\"@id\":\"https:\\\/\\\/campinglesgalets.fr\\\/es\\\/#organization\"},\"potentialAction\":[{\"@type\":\"SearchAction\",\"target\":{\"@type\":\"EntryPoint\",\"urlTemplate\":\"https:\\\/\\\/campinglesgalets.fr\\\/es\\\/?s={search_term_string}\"},\"query-input\":{\"@type\":\"PropertyValueSpecification\",\"valueRequired\":true,\"valueName\":\"search_term_string\"}}],\"inLanguage\":\"es\"},{\"@type\":\"Organization\",\"@id\":\"https:\\\/\\\/campinglesgalets.fr\\\/es\\\/#organization\",\"name\":\"Camping les Galets\",\"url\":\"https:\\\/\\\/campinglesgalets.fr\\\/es\\\/\",\"logo\":{\"@type\":\"ImageObject\",\"inLanguage\":\"es\",\"@id\":\"https:\\\/\\\/campinglesgalets.fr\\\/es\\\/#\\\/schema\\\/logo\\\/image\\\/\",\"url\":\"https:\\\/\\\/campinglesgalets.fr\\\/wp-content\\\/uploads\\\/2025\\\/10\\\/Logo_Footer.svg\",\"contentUrl\":\"https:\\\/\\\/campinglesgalets.fr\\\/wp-content\\\/uploads\\\/2025\\\/10\\\/Logo_Footer.svg\",\"width\":267,\"height\":175,\"caption\":\"Camping les Galets\"},\"image\":{\"@id\":\"https:\\\/\\\/campinglesgalets.fr\\\/es\\\/#\\\/schema\\\/logo\\\/image\\\/\"}}]}<\/script>\n<!-- \/ Yoast SEO plugin. -->","yoast_head_json":{"title":"Acampar marcat Key Verd: Europea Etiqueta por el respeta el entorn","description":"El camping Les Galets cuenta con la etiqueta ecol\u00f3gica Clef Verte para unas vacaciones responsables.","robots":{"index":"index","follow":"follow","max-snippet":"max-snippet:-1","max-image-preview":"max-image-preview:large","max-video-preview":"max-video-preview:-1"},"canonical":"https:\/\/campinglesgalets.fr\/es\/clef-verte\/","og_locale":"es_ES","og_type":"article","og_title":"Acampar marcat Key Verd: Europea Etiqueta por el respeta el entorn","og_description":"El camping Les Galets cuenta con la etiqueta ecol\u00f3gica Clef Verte para unas vacaciones responsables.","og_url":"https:\/\/campinglesgalets.fr\/es\/clef-verte\/","og_site_name":"Camping les galets","article_modified_time":"2025-10-06T10:06:26+00:00","og_image":[{"width":1200,"height":395,"url":"https:\/\/campinglesgalets.fr\/wp-content\/uploads\/2023\/03\/clef-verte.jpg","type":"image\/jpeg"}],"twitter_card":"summary_large_image","twitter_misc":{"Tiempo de lectura":"5 minutos"},"schema":{"@context":"https:\/\/schema.org","@graph":[{"@type":"WebPage","@id":"https:\/\/campinglesgalets.fr\/es\/clef-verte\/","url":"https:\/\/campinglesgalets.fr\/es\/clef-verte\/","name":"Acampar marcat Key Verd: Europea Etiqueta por el respeta el entorn","isPartOf":{"@id":"https:\/\/campinglesgalets.fr\/es\/#website"},"primaryImageOfPage":{"@id":"https:\/\/campinglesgalets.fr\/es\/clef-verte\/#primaryimage"},"image":{"@id":"https:\/\/campinglesgalets.fr\/es\/clef-verte\/#primaryimage"},"thumbnailUrl":"https:\/\/campinglesgalets.fr\/wp-content\/uploads\/2023\/03\/clef-verte.jpg","datePublished":"2023-03-07T16:18:47+00:00","dateModified":"2025-10-06T10:06:26+00:00","description":"El camping Les Galets cuenta con la etiqueta ecol\u00f3gica Clef Verte para unas vacaciones responsables.","breadcrumb":{"@id":"https:\/\/campinglesgalets.fr\/es\/clef-verte\/#breadcrumb"},"inLanguage":"es","potentialAction":[{"@type":"ReadAction","target":["https:\/\/campinglesgalets.fr\/es\/clef-verte\/"]}]},{"@type":"ImageObject","inLanguage":"es","@id":"https:\/\/campinglesgalets.fr\/es\/clef-verte\/#primaryimage","url":"https:\/\/campinglesgalets.fr\/wp-content\/uploads\/2023\/03\/clef-verte.jpg","contentUrl":"https:\/\/campinglesgalets.fr\/wp-content\/uploads\/2023\/03\/clef-verte.jpg","width":1200,"height":395},{"@type":"BreadcrumbList","@id":"https:\/\/campinglesgalets.fr\/es\/clef-verte\/#breadcrumb","itemListElement":[{"@type":"ListItem","position":1,"name":"Camping \u00e0 Argel\u00e8s-sur-Mer","item":"https:\/\/campinglesgalets.fr\/es\/"},{"@type":"ListItem","position":2,"name":"Etiquetas"}]},{"@type":"WebSite","@id":"https:\/\/campinglesgalets.fr\/es\/#website","url":"https:\/\/campinglesgalets.fr\/es\/","name":"Camping les galets","description":"Camping Argel\u00e8s sur Mer","publisher":{"@id":"https:\/\/campinglesgalets.fr\/es\/#organization"},"potentialAction":[{"@type":"SearchAction","target":{"@type":"EntryPoint","urlTemplate":"https:\/\/campinglesgalets.fr\/es\/?s={search_term_string}"},"query-input":{"@type":"PropertyValueSpecification","valueRequired":true,"valueName":"search_term_string"}}],"inLanguage":"es"},{"@type":"Organization","@id":"https:\/\/campinglesgalets.fr\/es\/#organization","name":"Camping les Galets","url":"https:\/\/campinglesgalets.fr\/es\/","logo":{"@type":"ImageObject","inLanguage":"es","@id":"https:\/\/campinglesgalets.fr\/es\/#\/schema\/logo\/image\/","url":"https:\/\/campinglesgalets.fr\/wp-content\/uploads\/2025\/10\/Logo_Footer.svg","contentUrl":"https:\/\/campinglesgalets.fr\/wp-content\/uploads\/2025\/10\/Logo_Footer.svg","width":267,"height":175,"caption":"Camping les Galets"},"image":{"@id":"https:\/\/campinglesgalets.fr\/es\/#\/schema\/logo\/image\/"}}]}},"_links":{"self":[{"href":"https:\/\/campinglesgalets.fr\/es\/wp-json\/wp\/v2\/pages\/25658","targetHints":{"allow":["GET"]}}],"collection":[{"href":"https:\/\/campinglesgalets.fr\/es\/wp-json\/wp\/v2\/pages"}],"about":[{"href":"https:\/\/campinglesgalets.fr\/es\/wp-json\/wp\/v2\/types\/page"}],"author":[{"embeddable":true,"href":"https:\/\/campinglesgalets.fr\/es\/wp-json\/wp\/v2\/users\/1"}],"replies":[{"embeddable":true,"href":"https:\/\/campinglesgalets.fr\/es\/wp-json\/wp\/v2\/comments?post=25658"}],"version-history":[{"count":0,"href":"https:\/\/campinglesgalets.fr\/es\/wp-json\/wp\/v2\/pages\/25658\/revisions"}],"wp:featuredmedia":[{"embeddable":true,"href":"https:\/\/campinglesgalets.fr\/es\/wp-json\/wp\/v2\/media\/24713"}],"wp:attachment":[{"href":"https:\/\/campinglesgalets.fr\/es\/wp-json\/wp\/v2\/media?parent=25658"}],"curies":[{"name":"wp","href":"https:\/\/api.w.org\/{rel}","templated":true}]}}