{"id":25652,"date":"2023-03-07T17:13:41","date_gmt":"2023-03-07T16:13:41","guid":{"rendered":"https:\/\/campinglesgalets.fr\/tourisme-saint-cyprien\/"},"modified":"2025-04-14T07:26:03","modified_gmt":"2025-04-14T06:26:03","slug":"tourisme-saint-cyprien","status":"publish","type":"page","link":"https:\/\/campinglesgalets.fr\/es\/tourisme-saint-cyprien\/","title":{"rendered":"\u00bfQu\u00e9 hacer en Saint-Cyprien? Nuestros consejos sobre actividades y visitas tur\u00edsticas"},"content":{"rendered":"<p>Los amantes de la tranquilidad no quedar\u00e1n decepcionados con una estancia en el pueblo<strong> mediterr\u00e1neo<\/strong> de <strong>Saint-Cyprien<\/strong>. Con <strong>320 d\u00edas de sol al a\u00f1o<\/strong>, las temperaturas son suaves en la estaci\u00f3n balnearia de Saint-Cyprien, en la regi\u00f3n de los <a href=\"https:\/\/campinglesgalets.fr\/es\/les-pyrenees-orientales\/\">Pirineos Orientales<\/a>. Gracias a su situaci\u00f3n <strong>junto al mar<\/strong>, las playas son el principal atractivo de <strong>Saint-Cyprien<\/strong>, ya sea para pasear, nadar o simplemente holgazanear. Adem\u00e1s de las playas, hay otros lugares que merece la pena visitar, como el <strong>Jardin des Plantes<\/strong> y el <strong>Parc de la Prade<\/strong>.<\/p>\n<p><img loading=\"lazy\" decoding=\"async\" class=\"size-full wp-image-22630 aligncenter\" src=\"https:\/\/campinglesgalets.fr\/wp-content\/uploads\/2023\/03\/saint-cyprien-plage-camping-600x237-1.jpg\" alt=\"\" width=\"600\" height=\"237\" \/><\/p>\n<h2>Qu\u00e9 hacer en Saint-Cyprien ?<\/h2>\n<p>Aqu\u00ed tienes nuestra selecci\u00f3n de las atracciones m\u00e1s populares en Saint-Cyprien:<\/p>\n<ul>\n<li><strong>El puerto<\/strong> : Para explorar bien Saint-Cyprien, una excursi\u00f3n en barco es una actividad original que no debe perderse. Las visitas duran una hora de media y es preferible hacerlas por la ma\u00f1ana..<\/li>\n<li><strong>Descubrir el centro hist\u00f3rico de la ciudad<\/strong> : Dir\u00edjase al coraz\u00f3n hist\u00f3rico de Saint-Cyprien para disfrutar de un ambiente totalmente diferente. Un centro encantador con bellos edificios de piedra.<\/li>\n<li><strong>El Jard\u00edn Bot\u00e1nico &#8211; Jardin des Plantes<\/strong> : Un oasis de paz y verdor, abierto todas las tardes de 13:30 a 17:00 horas. Una experiencia inolvidable en este antiguo parque de 5 hect\u00e1reas.<\/li>\n<li><strong>Parque de la Prade<\/strong> : es un lugar ineludible de Saint Cyprien, abierto todo el a\u00f1o. Un gran parque infantil y una zona polideportiva, as\u00ed como una zona de barbacoa y picnic.<\/li>\n<\/ul>\n<h2>Actividades en Saint Cyprien<\/h2>\n<p>Descubrir la convivencia local:<\/p>\n<ul>\n<li>Pasee por los <strong>mercados<\/strong> y deguste productos 100% locales, sobre todo en los meses de verano.<\/li>\n<li><strong>Jugar al golf<\/strong>: Disfrute del golf en los diferentes campos de la localidad de <strong>Saint Cyprien<\/strong>. Disfrute de impresionantes vistas del Mediterr\u00e1neo y de la cordillera, especialmente del majestuoso Mont Canigou.<\/li>\n<li>Los amantes del deporte disfrutar\u00e1n en el <strong>Grand Stade les Capellans<\/strong> con su gimnasio, deportes de raqueta y centro de fitness y entrenamiento cardiovascular.<\/li>\n<li>El <strong>Casino JOA de St-Cyprien<\/strong> para los aficionados al juego.<\/li>\n<\/ul>\n<h2>Las playas de Saint Cyprien<\/h2>\n<p>El litoral ofrece 6 km de playas de arena para disfrutar del saludable aire marino, a lo largo de los muelles, el puerto y la laguna. A s\u00f3lo 6 km del camping de Argeles sur mer.<\/p>\n<ul>\n<li><strong>La playa norte<\/strong> : Los aficionados al windsurf se lo pasar\u00e1n en grande aqu\u00ed. Tambi\u00e9n hay dos clubes de surf que ofrecen clases de kitesurf y stand-up paddle.<\/li>\n<li><strong>La playa Rodin<\/strong> est\u00e1 cerca del mercado principal, con un campo de deportes abierto de junio a septiembre para jugar al voley playa.<\/li>\n<li><strong>La playa de Pont Tournant<\/strong> est\u00e1 habilitada para minusv\u00e1lidos.<\/li>\n<\/ul>\n<p><strong>Descubra tambi\u00e9n:<\/strong><\/p>\n<ul>\n<li><a href=\"https:\/\/campinglesgalets.fr\/es\/la-mer-mediterranee\/\">La Mer M\u00e9diterran\u00e9e<\/a><\/li>\n<li><a href=\"https:\/\/campinglesgalets.fr\/es\/les-pyrenees-orientales\/\">Les Pyr\u00e9nn\u00e9es Orientales<\/a><\/li>\n<li><a href=\"https:\/\/campinglesgalets.fr\/es\/tourisme-collioure\/\">Collioure<\/a><\/li>\n<li><a href=\"https:\/\/campinglesgalets.fr\/es\/tourisme-perpignan\/\">Perpignan<\/a><\/li>\n<\/ul>\n","protected":false},"excerpt":{"rendered":"<p>Los amantes de la tranquilidad no quedar\u00e1n decepcionados con una estancia en el pueblo mediterr\u00e1neo de Saint-Cyprien. Con 320 d\u00edas de sol al a\u00f1o, las temperaturas son suaves en la estaci\u00f3n balnearia de Saint-Cyprien, en la regi\u00f3n de los Pirineos Orientales. Gracias a su situaci\u00f3n junto al mar, las playas son el principal atractivo de [&hellip;]<\/p>\n","protected":false},"author":1,"featured_media":24703,"parent":0,"menu_order":0,"comment_status":"closed","ping_status":"closed","template":"","meta":{"_acf_changed":false,"_et_pb_use_builder":"","_et_pb_old_content":"","_et_gb_content_width":"","footnotes":""},"class_list":["post-25652","page","type-page","status-publish","has-post-thumbnail","hentry"],"acf":[],"yoast_head":"<!-- This site is optimized with the Yoast SEO plugin v27.4 - https:\/\/yoast.com\/product\/yoast-seo-wordpress\/ -->\n<title>Visitar Saint-Cyprien - \u00bfQu\u00e9 ver y hacer en Saint-Cyprien?<\/title>\n<meta name=\"description\" content=\"Profitez de votre s\u00e9jour en camping 4 \u00e9toiles \u00e0 Argel\u00e8s, au camping les Galets, pour visiter la station baln\u00e9aire de Saint-Cyprien.\" \/>\n<meta name=\"robots\" content=\"index, follow, max-snippet:-1, max-image-preview:large, max-video-preview:-1\" \/>\n<link rel=\"canonical\" href=\"https:\/\/campinglesgalets.fr\/es\/tourisme-saint-cyprien\/\" \/>\n<meta property=\"og:locale\" content=\"es_ES\" \/>\n<meta property=\"og:type\" content=\"article\" \/>\n<meta property=\"og:title\" content=\"Visitar Saint-Cyprien - \u00bfQu\u00e9 ver y hacer en Saint-Cyprien?\" \/>\n<meta property=\"og:description\" content=\"Profitez de votre s\u00e9jour en camping 4 \u00e9toiles \u00e0 Argel\u00e8s, au camping les Galets, pour visiter la station baln\u00e9aire de Saint-Cyprien.\" \/>\n<meta property=\"og:url\" content=\"https:\/\/campinglesgalets.fr\/es\/tourisme-saint-cyprien\/\" \/>\n<meta property=\"og:site_name\" content=\"Camping les galets\" \/>\n<meta property=\"article:modified_time\" content=\"2025-04-14T06:26:03+00:00\" \/>\n<meta property=\"og:image\" content=\"https:\/\/campinglesgalets.fr\/wp-content\/uploads\/2023\/03\/velo-saint-cyprien.jpg\" \/>\n\t<meta property=\"og:image:width\" content=\"1900\" \/>\n\t<meta property=\"og:image:height\" content=\"650\" \/>\n\t<meta property=\"og:image:type\" content=\"image\/jpeg\" \/>\n<meta name=\"twitter:card\" content=\"summary_large_image\" \/>\n<meta name=\"twitter:label1\" content=\"Tiempo de lectura\" \/>\n\t<meta name=\"twitter:data1\" content=\"3 minutos\" \/>\n<script type=\"application\/ld+json\" class=\"yoast-schema-graph\">{\"@context\":\"https:\\\/\\\/schema.org\",\"@graph\":[{\"@type\":\"WebPage\",\"@id\":\"https:\\\/\\\/campinglesgalets.fr\\\/es\\\/tourisme-saint-cyprien\\\/\",\"url\":\"https:\\\/\\\/campinglesgalets.fr\\\/es\\\/tourisme-saint-cyprien\\\/\",\"name\":\"Visitar Saint-Cyprien - \u00bfQu\u00e9 ver y hacer en Saint-Cyprien?\",\"isPartOf\":{\"@id\":\"https:\\\/\\\/campinglesgalets.fr\\\/es\\\/#website\"},\"primaryImageOfPage\":{\"@id\":\"https:\\\/\\\/campinglesgalets.fr\\\/es\\\/tourisme-saint-cyprien\\\/#primaryimage\"},\"image\":{\"@id\":\"https:\\\/\\\/campinglesgalets.fr\\\/es\\\/tourisme-saint-cyprien\\\/#primaryimage\"},\"thumbnailUrl\":\"https:\\\/\\\/campinglesgalets.fr\\\/wp-content\\\/uploads\\\/2023\\\/03\\\/velo-saint-cyprien.jpg\",\"datePublished\":\"2023-03-07T16:13:41+00:00\",\"dateModified\":\"2025-04-14T06:26:03+00:00\",\"description\":\"Profitez de votre s\u00e9jour en camping 4 \u00e9toiles \u00e0 Argel\u00e8s, au camping les Galets, pour visiter la station baln\u00e9aire de Saint-Cyprien.\",\"breadcrumb\":{\"@id\":\"https:\\\/\\\/campinglesgalets.fr\\\/es\\\/tourisme-saint-cyprien\\\/#breadcrumb\"},\"inLanguage\":\"es\",\"potentialAction\":[{\"@type\":\"ReadAction\",\"target\":[\"https:\\\/\\\/campinglesgalets.fr\\\/es\\\/tourisme-saint-cyprien\\\/\"]}]},{\"@type\":\"ImageObject\",\"inLanguage\":\"es\",\"@id\":\"https:\\\/\\\/campinglesgalets.fr\\\/es\\\/tourisme-saint-cyprien\\\/#primaryimage\",\"url\":\"https:\\\/\\\/campinglesgalets.fr\\\/wp-content\\\/uploads\\\/2023\\\/03\\\/velo-saint-cyprien.jpg\",\"contentUrl\":\"https:\\\/\\\/campinglesgalets.fr\\\/wp-content\\\/uploads\\\/2023\\\/03\\\/velo-saint-cyprien.jpg\",\"width\":1900,\"height\":650},{\"@type\":\"BreadcrumbList\",\"@id\":\"https:\\\/\\\/campinglesgalets.fr\\\/es\\\/tourisme-saint-cyprien\\\/#breadcrumb\",\"itemListElement\":[{\"@type\":\"ListItem\",\"position\":1,\"name\":\"Camping \u00e0 Argel\u00e8s-sur-Mer\",\"item\":\"https:\\\/\\\/campinglesgalets.fr\\\/es\\\/\"},{\"@type\":\"ListItem\",\"position\":2,\"name\":\"\u00bfQu\u00e9 hacer en Saint-Cyprien? Nuestros consejos sobre actividades y visitas tur\u00edsticas\"}]},{\"@type\":\"WebSite\",\"@id\":\"https:\\\/\\\/campinglesgalets.fr\\\/es\\\/#website\",\"url\":\"https:\\\/\\\/campinglesgalets.fr\\\/es\\\/\",\"name\":\"Camping les galets\",\"description\":\"Camping Argel\u00e8s sur Mer\",\"publisher\":{\"@id\":\"https:\\\/\\\/campinglesgalets.fr\\\/es\\\/#organization\"},\"potentialAction\":[{\"@type\":\"SearchAction\",\"target\":{\"@type\":\"EntryPoint\",\"urlTemplate\":\"https:\\\/\\\/campinglesgalets.fr\\\/es\\\/?s={search_term_string}\"},\"query-input\":{\"@type\":\"PropertyValueSpecification\",\"valueRequired\":true,\"valueName\":\"search_term_string\"}}],\"inLanguage\":\"es\"},{\"@type\":\"Organization\",\"@id\":\"https:\\\/\\\/campinglesgalets.fr\\\/es\\\/#organization\",\"name\":\"Camping les Galets\",\"url\":\"https:\\\/\\\/campinglesgalets.fr\\\/es\\\/\",\"logo\":{\"@type\":\"ImageObject\",\"inLanguage\":\"es\",\"@id\":\"https:\\\/\\\/campinglesgalets.fr\\\/es\\\/#\\\/schema\\\/logo\\\/image\\\/\",\"url\":\"https:\\\/\\\/campinglesgalets.fr\\\/wp-content\\\/uploads\\\/2025\\\/10\\\/Logo_Footer.svg\",\"contentUrl\":\"https:\\\/\\\/campinglesgalets.fr\\\/wp-content\\\/uploads\\\/2025\\\/10\\\/Logo_Footer.svg\",\"width\":267,\"height\":175,\"caption\":\"Camping les Galets\"},\"image\":{\"@id\":\"https:\\\/\\\/campinglesgalets.fr\\\/es\\\/#\\\/schema\\\/logo\\\/image\\\/\"}}]}<\/script>\n<!-- \/ Yoast SEO plugin. -->","yoast_head_json":{"title":"Visitar Saint-Cyprien - \u00bfQu\u00e9 ver y hacer en Saint-Cyprien?","description":"Profitez de votre s\u00e9jour en camping 4 \u00e9toiles \u00e0 Argel\u00e8s, au camping les Galets, pour visiter la station baln\u00e9aire de Saint-Cyprien.","robots":{"index":"index","follow":"follow","max-snippet":"max-snippet:-1","max-image-preview":"max-image-preview:large","max-video-preview":"max-video-preview:-1"},"canonical":"https:\/\/campinglesgalets.fr\/es\/tourisme-saint-cyprien\/","og_locale":"es_ES","og_type":"article","og_title":"Visitar Saint-Cyprien - \u00bfQu\u00e9 ver y hacer en Saint-Cyprien?","og_description":"Profitez de votre s\u00e9jour en camping 4 \u00e9toiles \u00e0 Argel\u00e8s, au camping les Galets, pour visiter la station baln\u00e9aire de Saint-Cyprien.","og_url":"https:\/\/campinglesgalets.fr\/es\/tourisme-saint-cyprien\/","og_site_name":"Camping les galets","article_modified_time":"2025-04-14T06:26:03+00:00","og_image":[{"width":1900,"height":650,"url":"https:\/\/campinglesgalets.fr\/wp-content\/uploads\/2023\/03\/velo-saint-cyprien.jpg","type":"image\/jpeg"}],"twitter_card":"summary_large_image","twitter_misc":{"Tiempo de lectura":"3 minutos"},"schema":{"@context":"https:\/\/schema.org","@graph":[{"@type":"WebPage","@id":"https:\/\/campinglesgalets.fr\/es\/tourisme-saint-cyprien\/","url":"https:\/\/campinglesgalets.fr\/es\/tourisme-saint-cyprien\/","name":"Visitar Saint-Cyprien - \u00bfQu\u00e9 ver y hacer en Saint-Cyprien?","isPartOf":{"@id":"https:\/\/campinglesgalets.fr\/es\/#website"},"primaryImageOfPage":{"@id":"https:\/\/campinglesgalets.fr\/es\/tourisme-saint-cyprien\/#primaryimage"},"image":{"@id":"https:\/\/campinglesgalets.fr\/es\/tourisme-saint-cyprien\/#primaryimage"},"thumbnailUrl":"https:\/\/campinglesgalets.fr\/wp-content\/uploads\/2023\/03\/velo-saint-cyprien.jpg","datePublished":"2023-03-07T16:13:41+00:00","dateModified":"2025-04-14T06:26:03+00:00","description":"Profitez de votre s\u00e9jour en camping 4 \u00e9toiles \u00e0 Argel\u00e8s, au camping les Galets, pour visiter la station baln\u00e9aire de Saint-Cyprien.","breadcrumb":{"@id":"https:\/\/campinglesgalets.fr\/es\/tourisme-saint-cyprien\/#breadcrumb"},"inLanguage":"es","potentialAction":[{"@type":"ReadAction","target":["https:\/\/campinglesgalets.fr\/es\/tourisme-saint-cyprien\/"]}]},{"@type":"ImageObject","inLanguage":"es","@id":"https:\/\/campinglesgalets.fr\/es\/tourisme-saint-cyprien\/#primaryimage","url":"https:\/\/campinglesgalets.fr\/wp-content\/uploads\/2023\/03\/velo-saint-cyprien.jpg","contentUrl":"https:\/\/campinglesgalets.fr\/wp-content\/uploads\/2023\/03\/velo-saint-cyprien.jpg","width":1900,"height":650},{"@type":"BreadcrumbList","@id":"https:\/\/campinglesgalets.fr\/es\/tourisme-saint-cyprien\/#breadcrumb","itemListElement":[{"@type":"ListItem","position":1,"name":"Camping \u00e0 Argel\u00e8s-sur-Mer","item":"https:\/\/campinglesgalets.fr\/es\/"},{"@type":"ListItem","position":2,"name":"\u00bfQu\u00e9 hacer en Saint-Cyprien? Nuestros consejos sobre actividades y visitas tur\u00edsticas"}]},{"@type":"WebSite","@id":"https:\/\/campinglesgalets.fr\/es\/#website","url":"https:\/\/campinglesgalets.fr\/es\/","name":"Camping les galets","description":"Camping Argel\u00e8s sur Mer","publisher":{"@id":"https:\/\/campinglesgalets.fr\/es\/#organization"},"potentialAction":[{"@type":"SearchAction","target":{"@type":"EntryPoint","urlTemplate":"https:\/\/campinglesgalets.fr\/es\/?s={search_term_string}"},"query-input":{"@type":"PropertyValueSpecification","valueRequired":true,"valueName":"search_term_string"}}],"inLanguage":"es"},{"@type":"Organization","@id":"https:\/\/campinglesgalets.fr\/es\/#organization","name":"Camping les Galets","url":"https:\/\/campinglesgalets.fr\/es\/","logo":{"@type":"ImageObject","inLanguage":"es","@id":"https:\/\/campinglesgalets.fr\/es\/#\/schema\/logo\/image\/","url":"https:\/\/campinglesgalets.fr\/wp-content\/uploads\/2025\/10\/Logo_Footer.svg","contentUrl":"https:\/\/campinglesgalets.fr\/wp-content\/uploads\/2025\/10\/Logo_Footer.svg","width":267,"height":175,"caption":"Camping les Galets"},"image":{"@id":"https:\/\/campinglesgalets.fr\/es\/#\/schema\/logo\/image\/"}}]}},"_links":{"self":[{"href":"https:\/\/campinglesgalets.fr\/es\/wp-json\/wp\/v2\/pages\/25652","targetHints":{"allow":["GET"]}}],"collection":[{"href":"https:\/\/campinglesgalets.fr\/es\/wp-json\/wp\/v2\/pages"}],"about":[{"href":"https:\/\/campinglesgalets.fr\/es\/wp-json\/wp\/v2\/types\/page"}],"author":[{"embeddable":true,"href":"https:\/\/campinglesgalets.fr\/es\/wp-json\/wp\/v2\/users\/1"}],"replies":[{"embeddable":true,"href":"https:\/\/campinglesgalets.fr\/es\/wp-json\/wp\/v2\/comments?post=25652"}],"version-history":[{"count":0,"href":"https:\/\/campinglesgalets.fr\/es\/wp-json\/wp\/v2\/pages\/25652\/revisions"}],"wp:featuredmedia":[{"embeddable":true,"href":"https:\/\/campinglesgalets.fr\/es\/wp-json\/wp\/v2\/media\/24703"}],"wp:attachment":[{"href":"https:\/\/campinglesgalets.fr\/es\/wp-json\/wp\/v2\/media?parent=25652"}],"curies":[{"name":"wp","href":"https:\/\/api.w.org\/{rel}","templated":true}]}}