{"id":25646,"date":"2023-03-07T17:11:15","date_gmt":"2023-03-07T16:11:15","guid":{"rendered":"https:\/\/campinglesgalets.fr\/tourisme-perpignan\/"},"modified":"2025-04-14T07:23:14","modified_gmt":"2025-04-14T06:23:14","slug":"tourisme-perpignan","status":"publish","type":"page","link":"https:\/\/campinglesgalets.fr\/es\/tourisme-perpignan\/","title":{"rendered":"Visitar Perpi\u00f1\u00e1n &#8211; Nuestros consejos sobre actividades y visitas tur\u00edsticas"},"content":{"rendered":"<p>La ciudad de<strong> Perpi\u00f1\u00e1n<\/strong>, en los<a href=\"https:\/\/campinglesgalets.fr\/es\/les-pyrenees-orientales\/\"> Pirineos Orientales<\/a>, conocida como la capital del Rosell\u00f3n, se caracteriza por su fuerte identidad catalana y sus exuberantes panoramas. Es un lugar que atrae a los turistas con sus numerosos atractivos, entre los que destacan <strong>monumentos<\/strong> y <strong>museo<\/strong>s. Entre <strong>paseos<\/strong> y <strong>excursiones<\/strong>, hay infinitas posibilidades de actividades para todo tipo de visitantes. Ya <strong>sea kayak de mar<\/strong>, barranquismo en las Gargantas o <strong>submarinismo<\/strong>, hay para todos los gustos. He aqu\u00ed algunas ideas de visitas y actividades para realizar durante su visita a <strong>Perpi\u00f1\u00e1n<\/strong>.<\/p>\n<h2><strong>\u00bfQu\u00e9 visitar en Perpi\u00f1\u00e1n?<\/strong><\/h2>\n<p><strong>Entre el mar y la monta\u00f1a<\/strong>, Perpi\u00f1\u00e1n, en el sur de Francia, tiene mucho que ofrecer para explorar. Con su rico patrimonio hist\u00f3rico, la ciudad espera ser explorada.<\/p>\n<ul>\n<li>Para empezar, el <strong>Castillet<\/strong> es el emblema de Perpi\u00f1\u00e1n, una antigua torre de ladrillo rojo construida durante el reinado de Pedro IV de Arag\u00f3n en el siglo XIV. Hoy alberga un peque\u00f1o museo catal\u00e1n sobre arte y tradiciones populares.<\/li>\n<li>El <strong>Palacio de los Reyes de Mallorca<\/strong>, donde podr\u00e1 conocer mejor la historia de los Reyes de Mallorca en una visita guiada de una hora y media aproximadamente.<\/li>\n<li>El <strong>Mus\u00e9e des Poup\u00e9es Bella<\/strong> en el 6, avenue du Languedoc: m\u00e1s de 500 mu\u00f1ecas y fotos y carteles de artistas se exponen en este original museo.<\/li>\n<li>El <strong>Museo Rigaud<\/strong>, en el 16 rue de l&#8217;Ange, alberga la colecci\u00f3n \u00abpeque\u00f1o formato\u00bb, con un total de 210 cuadros de artistas contempor\u00e1neos como Rigaud, Picasso, Dufy, Maillol o Mir\u00f3.<\/li>\n<li><strong>Visite la festiva ciudad de C\u00e9ret<\/strong>, que acoge numerosos acontecimientos populares, como la fiesta de la Sardane y la fiesta de la cereza.<\/li>\n<li><strong>La fortaleza de Salses<\/strong> le invita a un recorrido hist\u00f3rico en un marco natural excepcional entre las Corbi\u00e8res y los lagos de Salses.<\/li>\n<li><strong>Villefranche-de-Conflent<\/strong>: haga una excursi\u00f3n a la peque\u00f1a ciudad de Villefranche-de-Content, rodeada de monta\u00f1as. Es muy popular entre los turistas en verano y se visita mejor por la ma\u00f1ana.<\/li>\n<\/ul>\n<p><img loading=\"lazy\" decoding=\"async\" class=\"size-full wp-image-22628 aligncenter\" src=\"https:\/\/campinglesgalets.fr\/wp-content\/uploads\/2023\/03\/perpignan-300x100-1.jpg\" alt=\"\" width=\"300\" height=\"100\" \/><\/p>\n<h2><strong>Qu\u00e9 hacer en Perpi\u00f1\u00e1n<\/strong><\/h2>\n<p>La ciudad catalana ofrece una amplia gama de actividades de ocio, adem\u00e1s de los lugares de inter\u00e9s antes mencionados.<\/p>\n<ul>\n<li>Un<strong> paseo en barco<\/strong> es la mejor manera de visitar la costa, ya que la ciudad est\u00e1 a s\u00f3lo 13 km del mar Mediterr\u00e1neo. Con 300 d\u00edas de sol al a\u00f1o, un paseo en barco es una gran experiencia para hacer con amigos y familia.<\/li>\n<li>Los amantes de las emociones fuertes pueden practicar barranquismo en las gargantas, de las que hay muchas en Perpi\u00f1\u00e1n. Cerca del pueblo de C\u00e9ret, en el <strong>macizo de Alb\u00e8res<\/strong>, podr\u00e1 descender en r\u00e1pel desde cascadas, saltar a simas o deslizarse por toboganes naturales.<\/li>\n<li>Rel\u00e1jese en una de las <strong>playas<\/strong> de los alrededores de Perpi\u00f1\u00e1n. Los deportes n\u00e1uticos est\u00e1n a la orden del d\u00eda en los grandes arenales blancos, ya sea zambull\u00e9ndose en el mar o holgazaneando en las peque\u00f1as y tranquilas playas o calas que bordean el litoral.<\/li>\n<\/ul>\n<h2><strong>Perpi\u00f1\u00e1n, una ciudad festiva<\/strong><\/h2>\n<p>Esta antigua fortaleza de la costa mediterr\u00e1nea, con sus casas altas y estrechas a menudo coloreadas de naranja, rojo o rosa, es tambi\u00e9n una ciudad con barrios donde viven comunidades muy diferentes y donde se celebran numerosas fiestas. La Sardana, una danza popular catalana, suele representarse aqu\u00ed. La ciudad tambi\u00e9n celebra <strong>el d\u00eda de San Jordi<\/strong> y <strong>el d\u00eda de San Juan<\/strong>, cuando la llama que se conserva en el castillo de <strong>Castillet<\/strong> es llevada a la <strong>cima del monte Canigou<\/strong>. La procesi\u00f3n de l&#8217;archiconfr\u00e9rie del Sanch es el acontecimiento de Semana Santa en el pa\u00eds catal\u00e1n, otra ocasi\u00f3n para que la ciudad mantenga vivas sus coloridas tradiciones. Adem\u00e1s de un calendario repleto de fiestas y eventos, la ciudad tambi\u00e9n cuenta con un gran n\u00famero de bares, todos ellos rezumando el ambiente acogedor de la regi\u00f3n, como los imperdibles <strong>bares de tapas<\/strong>, t\u00edpicos del sur de Francia. Si se aloja en un <strong>camping cerca de Perpi\u00f1\u00e1n<\/strong>, podr\u00e1 disfrutar de todas estas fiestas.<\/p>\n<p><strong>Descubra tambi\u00e9n :<\/strong><\/p>\n<ul>\n<li><a href=\"https:\/\/campinglesgalets.fr\/es\/la-mer-mediterranee\/\">La Mer M\u00e9diterran\u00e9e<\/a><\/li>\n<li><a href=\"https:\/\/campinglesgalets.fr\/es\/les-pyrenees-orientales\/\">Les Pyr\u00e9nn\u00e9es Orientales<\/a><\/li>\n<li><a href=\"https:\/\/campinglesgalets.fr\/es\/tourisme-collioure\/\">Collioure<\/a><\/li>\n<li><a href=\"https:\/\/campinglesgalets.fr\/es\/tourisme-saint-cyprien\/\">Saint Cyprien<\/a><\/li>\n<\/ul>\n","protected":false},"excerpt":{"rendered":"<p>La ciudad de Perpi\u00f1\u00e1n, en los Pirineos Orientales, conocida como la capital del Rosell\u00f3n, se caracteriza por su fuerte identidad catalana y sus exuberantes panoramas. Es un lugar que atrae a los turistas con sus numerosos atractivos, entre los que destacan monumentos y museos. Entre paseos y excursiones, hay infinitas posibilidades de actividades para todo [&hellip;]<\/p>\n","protected":false},"author":1,"featured_media":24698,"parent":0,"menu_order":0,"comment_status":"closed","ping_status":"closed","template":"","meta":{"_acf_changed":false,"_et_pb_use_builder":"","_et_pb_old_content":"","_et_gb_content_width":"","footnotes":""},"class_list":["post-25646","page","type-page","status-publish","has-post-thumbnail","hentry"],"acf":[],"yoast_head":"<!-- This site is optimized with the Yoast SEO plugin v27.3 - https:\/\/yoast.com\/product\/yoast-seo-wordpress\/ -->\n<title>Visitar Perpignan - \u00bfQu\u00e9 ver y hacer en Perpignan?<\/title>\n<meta name=\"description\" content=\"Profitez de votre s\u00e9jour en camping 4 \u00e9toiles \u00e0 Argel\u00e8s, au camping les Galets, pour visiter l&#039;incontournable ville de Perpignan.\" \/>\n<meta name=\"robots\" content=\"index, follow, max-snippet:-1, max-image-preview:large, max-video-preview:-1\" \/>\n<link rel=\"canonical\" href=\"https:\/\/campinglesgalets.fr\/es\/tourisme-perpignan\/\" \/>\n<meta property=\"og:locale\" content=\"es_ES\" \/>\n<meta property=\"og:type\" content=\"article\" \/>\n<meta property=\"og:title\" content=\"Visitar Perpignan - \u00bfQu\u00e9 ver y hacer en Perpignan?\" \/>\n<meta property=\"og:description\" content=\"Profitez de votre s\u00e9jour en camping 4 \u00e9toiles \u00e0 Argel\u00e8s, au camping les Galets, pour visiter l&#039;incontournable ville de Perpignan.\" \/>\n<meta property=\"og:url\" content=\"https:\/\/campinglesgalets.fr\/es\/tourisme-perpignan\/\" \/>\n<meta property=\"og:site_name\" content=\"Camping les galets\" \/>\n<meta property=\"article:modified_time\" content=\"2025-04-14T06:23:14+00:00\" \/>\n<meta property=\"og:image\" content=\"https:\/\/campinglesgalets.fr\/wp-content\/uploads\/2023\/03\/img-perpignan-2.jpg\" \/>\n\t<meta property=\"og:image:width\" content=\"285\" \/>\n\t<meta property=\"og:image:height\" content=\"229\" \/>\n\t<meta property=\"og:image:type\" content=\"image\/jpeg\" \/>\n<meta name=\"twitter:card\" content=\"summary_large_image\" \/>\n<meta name=\"twitter:label1\" content=\"Tiempo de lectura\" \/>\n\t<meta name=\"twitter:data1\" content=\"4 minutos\" \/>\n<script type=\"application\/ld+json\" class=\"yoast-schema-graph\">{\"@context\":\"https:\\\/\\\/schema.org\",\"@graph\":[{\"@type\":\"WebPage\",\"@id\":\"https:\\\/\\\/campinglesgalets.fr\\\/es\\\/tourisme-perpignan\\\/\",\"url\":\"https:\\\/\\\/campinglesgalets.fr\\\/es\\\/tourisme-perpignan\\\/\",\"name\":\"Visitar Perpignan - \u00bfQu\u00e9 ver y hacer en Perpignan?\",\"isPartOf\":{\"@id\":\"https:\\\/\\\/campinglesgalets.fr\\\/es\\\/#website\"},\"primaryImageOfPage\":{\"@id\":\"https:\\\/\\\/campinglesgalets.fr\\\/es\\\/tourisme-perpignan\\\/#primaryimage\"},\"image\":{\"@id\":\"https:\\\/\\\/campinglesgalets.fr\\\/es\\\/tourisme-perpignan\\\/#primaryimage\"},\"thumbnailUrl\":\"https:\\\/\\\/campinglesgalets.fr\\\/wp-content\\\/uploads\\\/2023\\\/03\\\/img-perpignan-2.jpg\",\"datePublished\":\"2023-03-07T16:11:15+00:00\",\"dateModified\":\"2025-04-14T06:23:14+00:00\",\"description\":\"Profitez de votre s\u00e9jour en camping 4 \u00e9toiles \u00e0 Argel\u00e8s, au camping les Galets, pour visiter l'incontournable ville de Perpignan.\",\"breadcrumb\":{\"@id\":\"https:\\\/\\\/campinglesgalets.fr\\\/es\\\/tourisme-perpignan\\\/#breadcrumb\"},\"inLanguage\":\"es\",\"potentialAction\":[{\"@type\":\"ReadAction\",\"target\":[\"https:\\\/\\\/campinglesgalets.fr\\\/es\\\/tourisme-perpignan\\\/\"]}]},{\"@type\":\"ImageObject\",\"inLanguage\":\"es\",\"@id\":\"https:\\\/\\\/campinglesgalets.fr\\\/es\\\/tourisme-perpignan\\\/#primaryimage\",\"url\":\"https:\\\/\\\/campinglesgalets.fr\\\/wp-content\\\/uploads\\\/2023\\\/03\\\/img-perpignan-2.jpg\",\"contentUrl\":\"https:\\\/\\\/campinglesgalets.fr\\\/wp-content\\\/uploads\\\/2023\\\/03\\\/img-perpignan-2.jpg\",\"width\":285,\"height\":229},{\"@type\":\"BreadcrumbList\",\"@id\":\"https:\\\/\\\/campinglesgalets.fr\\\/es\\\/tourisme-perpignan\\\/#breadcrumb\",\"itemListElement\":[{\"@type\":\"ListItem\",\"position\":1,\"name\":\"Camping \u00e0 Argel\u00e8s-sur-Mer\",\"item\":\"https:\\\/\\\/campinglesgalets.fr\\\/es\\\/\"},{\"@type\":\"ListItem\",\"position\":2,\"name\":\"Visitar Perpi\u00f1\u00e1n &#8211; Nuestros consejos sobre actividades y visitas tur\u00edsticas\"}]},{\"@type\":\"WebSite\",\"@id\":\"https:\\\/\\\/campinglesgalets.fr\\\/es\\\/#website\",\"url\":\"https:\\\/\\\/campinglesgalets.fr\\\/es\\\/\",\"name\":\"Camping les galets\",\"description\":\"Camping Argel\u00e8s sur Mer\",\"publisher\":{\"@id\":\"https:\\\/\\\/campinglesgalets.fr\\\/es\\\/#organization\"},\"potentialAction\":[{\"@type\":\"SearchAction\",\"target\":{\"@type\":\"EntryPoint\",\"urlTemplate\":\"https:\\\/\\\/campinglesgalets.fr\\\/es\\\/?s={search_term_string}\"},\"query-input\":{\"@type\":\"PropertyValueSpecification\",\"valueRequired\":true,\"valueName\":\"search_term_string\"}}],\"inLanguage\":\"es\"},{\"@type\":\"Organization\",\"@id\":\"https:\\\/\\\/campinglesgalets.fr\\\/es\\\/#organization\",\"name\":\"Camping les Galets\",\"url\":\"https:\\\/\\\/campinglesgalets.fr\\\/es\\\/\",\"logo\":{\"@type\":\"ImageObject\",\"inLanguage\":\"es\",\"@id\":\"https:\\\/\\\/campinglesgalets.fr\\\/es\\\/#\\\/schema\\\/logo\\\/image\\\/\",\"url\":\"https:\\\/\\\/campinglesgalets.fr\\\/wp-content\\\/uploads\\\/2025\\\/10\\\/Logo_Footer.svg\",\"contentUrl\":\"https:\\\/\\\/campinglesgalets.fr\\\/wp-content\\\/uploads\\\/2025\\\/10\\\/Logo_Footer.svg\",\"width\":267,\"height\":175,\"caption\":\"Camping les Galets\"},\"image\":{\"@id\":\"https:\\\/\\\/campinglesgalets.fr\\\/es\\\/#\\\/schema\\\/logo\\\/image\\\/\"}}]}<\/script>\n<!-- \/ Yoast SEO plugin. -->","yoast_head_json":{"title":"Visitar Perpignan - \u00bfQu\u00e9 ver y hacer en Perpignan?","description":"Profitez de votre s\u00e9jour en camping 4 \u00e9toiles \u00e0 Argel\u00e8s, au camping les Galets, pour visiter l'incontournable ville de Perpignan.","robots":{"index":"index","follow":"follow","max-snippet":"max-snippet:-1","max-image-preview":"max-image-preview:large","max-video-preview":"max-video-preview:-1"},"canonical":"https:\/\/campinglesgalets.fr\/es\/tourisme-perpignan\/","og_locale":"es_ES","og_type":"article","og_title":"Visitar Perpignan - \u00bfQu\u00e9 ver y hacer en Perpignan?","og_description":"Profitez de votre s\u00e9jour en camping 4 \u00e9toiles \u00e0 Argel\u00e8s, au camping les Galets, pour visiter l'incontournable ville de Perpignan.","og_url":"https:\/\/campinglesgalets.fr\/es\/tourisme-perpignan\/","og_site_name":"Camping les galets","article_modified_time":"2025-04-14T06:23:14+00:00","og_image":[{"width":285,"height":229,"url":"https:\/\/campinglesgalets.fr\/wp-content\/uploads\/2023\/03\/img-perpignan-2.jpg","type":"image\/jpeg"}],"twitter_card":"summary_large_image","twitter_misc":{"Tiempo de lectura":"4 minutos"},"schema":{"@context":"https:\/\/schema.org","@graph":[{"@type":"WebPage","@id":"https:\/\/campinglesgalets.fr\/es\/tourisme-perpignan\/","url":"https:\/\/campinglesgalets.fr\/es\/tourisme-perpignan\/","name":"Visitar Perpignan - \u00bfQu\u00e9 ver y hacer en Perpignan?","isPartOf":{"@id":"https:\/\/campinglesgalets.fr\/es\/#website"},"primaryImageOfPage":{"@id":"https:\/\/campinglesgalets.fr\/es\/tourisme-perpignan\/#primaryimage"},"image":{"@id":"https:\/\/campinglesgalets.fr\/es\/tourisme-perpignan\/#primaryimage"},"thumbnailUrl":"https:\/\/campinglesgalets.fr\/wp-content\/uploads\/2023\/03\/img-perpignan-2.jpg","datePublished":"2023-03-07T16:11:15+00:00","dateModified":"2025-04-14T06:23:14+00:00","description":"Profitez de votre s\u00e9jour en camping 4 \u00e9toiles \u00e0 Argel\u00e8s, au camping les Galets, pour visiter l'incontournable ville de Perpignan.","breadcrumb":{"@id":"https:\/\/campinglesgalets.fr\/es\/tourisme-perpignan\/#breadcrumb"},"inLanguage":"es","potentialAction":[{"@type":"ReadAction","target":["https:\/\/campinglesgalets.fr\/es\/tourisme-perpignan\/"]}]},{"@type":"ImageObject","inLanguage":"es","@id":"https:\/\/campinglesgalets.fr\/es\/tourisme-perpignan\/#primaryimage","url":"https:\/\/campinglesgalets.fr\/wp-content\/uploads\/2023\/03\/img-perpignan-2.jpg","contentUrl":"https:\/\/campinglesgalets.fr\/wp-content\/uploads\/2023\/03\/img-perpignan-2.jpg","width":285,"height":229},{"@type":"BreadcrumbList","@id":"https:\/\/campinglesgalets.fr\/es\/tourisme-perpignan\/#breadcrumb","itemListElement":[{"@type":"ListItem","position":1,"name":"Camping \u00e0 Argel\u00e8s-sur-Mer","item":"https:\/\/campinglesgalets.fr\/es\/"},{"@type":"ListItem","position":2,"name":"Visitar Perpi\u00f1\u00e1n &#8211; Nuestros consejos sobre actividades y visitas tur\u00edsticas"}]},{"@type":"WebSite","@id":"https:\/\/campinglesgalets.fr\/es\/#website","url":"https:\/\/campinglesgalets.fr\/es\/","name":"Camping les galets","description":"Camping Argel\u00e8s sur Mer","publisher":{"@id":"https:\/\/campinglesgalets.fr\/es\/#organization"},"potentialAction":[{"@type":"SearchAction","target":{"@type":"EntryPoint","urlTemplate":"https:\/\/campinglesgalets.fr\/es\/?s={search_term_string}"},"query-input":{"@type":"PropertyValueSpecification","valueRequired":true,"valueName":"search_term_string"}}],"inLanguage":"es"},{"@type":"Organization","@id":"https:\/\/campinglesgalets.fr\/es\/#organization","name":"Camping les Galets","url":"https:\/\/campinglesgalets.fr\/es\/","logo":{"@type":"ImageObject","inLanguage":"es","@id":"https:\/\/campinglesgalets.fr\/es\/#\/schema\/logo\/image\/","url":"https:\/\/campinglesgalets.fr\/wp-content\/uploads\/2025\/10\/Logo_Footer.svg","contentUrl":"https:\/\/campinglesgalets.fr\/wp-content\/uploads\/2025\/10\/Logo_Footer.svg","width":267,"height":175,"caption":"Camping les Galets"},"image":{"@id":"https:\/\/campinglesgalets.fr\/es\/#\/schema\/logo\/image\/"}}]}},"_links":{"self":[{"href":"https:\/\/campinglesgalets.fr\/es\/wp-json\/wp\/v2\/pages\/25646","targetHints":{"allow":["GET"]}}],"collection":[{"href":"https:\/\/campinglesgalets.fr\/es\/wp-json\/wp\/v2\/pages"}],"about":[{"href":"https:\/\/campinglesgalets.fr\/es\/wp-json\/wp\/v2\/types\/page"}],"author":[{"embeddable":true,"href":"https:\/\/campinglesgalets.fr\/es\/wp-json\/wp\/v2\/users\/1"}],"replies":[{"embeddable":true,"href":"https:\/\/campinglesgalets.fr\/es\/wp-json\/wp\/v2\/comments?post=25646"}],"version-history":[{"count":0,"href":"https:\/\/campinglesgalets.fr\/es\/wp-json\/wp\/v2\/pages\/25646\/revisions"}],"wp:featuredmedia":[{"embeddable":true,"href":"https:\/\/campinglesgalets.fr\/es\/wp-json\/wp\/v2\/media\/24698"}],"wp:attachment":[{"href":"https:\/\/campinglesgalets.fr\/es\/wp-json\/wp\/v2\/media?parent=25646"}],"curies":[{"name":"wp","href":"https:\/\/api.w.org\/{rel}","templated":true}]}}