{"id":25640,"date":"2023-03-07T16:58:21","date_gmt":"2023-03-07T15:58:21","guid":{"rendered":"https:\/\/campinglesgalets.fr\/tourisme-collioure\/"},"modified":"2025-04-14T07:10:24","modified_gmt":"2025-04-14T06:10:24","slug":"tourisme-collioure","status":"publish","type":"page","link":"https:\/\/campinglesgalets.fr\/es\/tourisme-collioure\/","title":{"rendered":"Visitar Collioure &#8211; \u00bfQu\u00e9 ver y hacer en Collioure?"},"content":{"rendered":"<p>La <strong>ciudad costera de Collioure<\/strong> en los <a href=\"https:\/\/campinglesgalets.fr\/es\/les-pyrenees-orientales\/\">Pirineos Orientales<\/a> en la regi\u00f3n catalana de Francia tiene mucho encanto y por eso atrae a tantos turistas en los d\u00edas soleados. Con su casco antiguo, su iglesia emblem\u00e1tica, su castillo real y su museo de arte moderno, la encantadora ciudad de <strong>Collioure<\/strong> tiene mucho que ofrecer. Adem\u00e1s, se describe como uno de los pueblos m\u00e1s bellos de Occitania, una aut\u00e9ntica joya de la Costa Bermeja. Cuando est\u00e9s en Collioure, aprovecha para descubrir sus principales monumentos y disfrutar de las numerosas actividades de la zona. En la regi\u00f3n de Languedoc Rosell\u00f3n encontrar\u00e1 numerosos campings cerca de <strong>Collioure.<\/strong><\/p>\n<p><img decoding=\"async\" class=\"size-full wp-image-22625 aligncenter\" src=\"https:\/\/campinglesgalets.fr\/wp-content\/uploads\/2023\/03\/collioure-1-300x100-1.jpg\" alt=\"\" width=\"300\" \/><\/p>\n<h2>Qu\u00e9 visitar en Collioure Descubre el hermoso centro hist\u00f3rico de la ciudad<\/h2>\n<p>Da un agradable paseo por el pueblo y no olvides visitar lo siguiente:<\/p>\n<ul>\n<li><strong>Iglesia de Notre-Dame-des-Anges<\/strong>, un monumento costero del siglo XVII. El interior contiene obras maestras del barroco, incluido el retablo de Joseph Sunyer. El monumento guarda numerosos tesoros, entre ellos el retablo mayor, un enorme tr\u00edptico de madera dorada.<\/li>\n<li><strong>El Castillo Real<\/strong> es la siguiente atracci\u00f3n y se alza orgulloso a orillas de la Bah\u00eda de La Baleta. Tiene m\u00e1s de 700 a\u00f1os y fue fortificada por Vauban. Aprender\u00e1 no s\u00f3lo sobre el castillo, sino tambi\u00e9n sobre la historia del pueblo y sus alrededores.<\/li>\n<li>Podr\u00e1s hacer una pausa en la terraza de alguna de las cafeter\u00edas o helader\u00edas para contemplar la llegada de las anchoas, reci\u00e9n pescadas en el puerto.<\/li>\n<li><strong>El Molino de Collioure<\/strong> es una atracci\u00f3n imperdible a s\u00f3lo 15 minutos del castillo. Aunque el molino se eleva por encima de la ciudad, hay que hacer un esfuerzo para llegar hasta all\u00ed. Este edificio data del a\u00f1o 1337 y actualmente se utiliza para producir aceite.<\/li>\n<li>Si tienes tiempo, desv\u00edate hacia el cementerio para ver la<strong> tumba de Antonio Machado<\/strong>, el \u201cV\u00edctor Hugo espa\u00f1ol\u201d. \u00a1Se instal\u00f3 especialmente un buz\u00f3n en su tumba, que todav\u00eda est\u00e1 lleno de cartas!<\/li>\n<\/ul>\n<h2>Las actividades que hacer en Collioure<\/h2>\n<p>Dado que Collioure es una estaci\u00f3n balnearia de los Pirineos Orientales, la costa mediterr\u00e1nea es el lugar ideal para practicar deportes acu\u00e1ticos. Aqu\u00ed hay algunas ideas de cosas que hacer en Collioure:<\/p>\n<ul>\n<li><strong>Paseos en barco<\/strong>: con un barco podr\u00e1s explorar el litoral con sus bah\u00edas y playas a lo largo del mar Mediterr\u00e1neo. Desde el agua descubrir\u00e1s el pueblo de una forma completamente diferente, una gran experiencia para compartir con amigos y familiares.<\/li>\n<li><strong>Visitar las playas m\u00e1s hermosas de Collioure<\/strong>\u00a0es una manera perfecta de recargar energ\u00edas, sobre todo porque la mayor\u00eda de ellas se encuentran a poca distancia de la ciudad. Entre las m\u00e1s bellas se encuentran Plage de Faubourg, con impresionantes vistas sobre el mar Mediterr\u00e1neo; Plage de l&#8217;Ollie, una agradable playa entre rocas y vegetaci\u00f3n; Plage de l&#8217;Ouille entre Collioure y Agrel\u00e8s-sur-Mer; y Plage d&#8217;en Baux hacia Port-Vendres, una encantadora bah\u00eda rodeada de rocas y plantas.<\/li>\n<li><strong>Pruebe las especialidades locales<\/strong>, incluidas las famosas anchoas de Collioure, conocidas por su aroma a yodo. Los vinos Collioure AOC son la elecci\u00f3n perfecta para acompa\u00f1ar platos y aperitivos mediterr\u00e1neos.<\/li>\n<li>Lleve a su familia a dar un paseo por la zona, especialmente al Fuerte Saint-Elme, una fortaleza estrat\u00e9gicamente ubicada en una colina que domina el pueblo. Puedes caminar hasta all\u00ed durante unos 45 minutos. El camino costero y las monta\u00f1as del interior ofrecen muchas oportunidades para practicar senderismo y ciclismo de monta\u00f1a.<\/li>\n<li>No debe perderse\u00a0<strong>el sitio de Paulilles<\/strong>. Esta antigua f\u00e1brica de dinamita de 1870 se ha convertido parcialmente en un museo donde los visitantes pueden aprender m\u00e1s sobre la vida en la f\u00e1brica y ver modelos. Tambi\u00e9n se ofrecen visitas guiadas a la bah\u00eda. La Bah\u00eda de Paulilles es uno de los sitios clasificados m\u00e1s populares del departamento de los Pirineos Orientales.<\/li>\n<\/ul>\n<p>&nbsp;<\/p>\n<p><img loading=\"lazy\" decoding=\"async\" class=\"size-full wp-image-22626 aligncenter\" src=\"https:\/\/campinglesgalets.fr\/wp-content\/uploads\/2023\/03\/collioure-proche-camping-argeles-300x169-1.jpg\" alt=\"\" width=\"300\" height=\"169\" \/><\/p>\n<h2>Fiestas tradicionales en Collioure<\/h2>\n<p>Desde 1701, el 16 de agosto se celebra San Vicente con un gran espect\u00e1culo de fuegos artificiales, el m\u00e1s popular de la zona por su espectacular ubicaci\u00f3n en la bah\u00eda. Saint-Vincent es una gran fiesta tradicional que sol\u00eda celebrar la llegada de las reliquias del santo patr\u00f3n de la ciudad. Durante los \u00faltimos tres siglos, estas festividades se han convertido en uno de los aspectos m\u00e1s destacados de la vida urbana local. Cada a\u00f1o, miles de visitantes asisten a los distintos eventos, como desfiles mar\u00edtimos en barcas catalanas, juegos acu\u00e1ticos, conciertos y charangas, fiestas de baile, sardanas y teatro de calle\u2026 \u00a1Desde 2016, el pueblo de Collioure suma la fiesta de la anchoa! Este peque\u00f1o pescado azul, emblem\u00e1tico de la ciudad, se celebra a principios de junio con demostraciones de fileteado, degustaciones y talleres de dibujo para ni\u00f1os.<\/p>\n<p>D\u00e9couvrez tambi\u00e9n:<\/p>\n<ul>\n<li><a href=\"https:\/\/campinglesgalets.fr\/es\/tourisme-perpignan\/\">Perpignan<\/a><\/li>\n<li><a href=\"https:\/\/campinglesgalets.fr\/es\/la-mer-mediterranee\/\">la mer M\u00e9diterran\u00e9e<\/a><\/li>\n<li><a href=\"https:\/\/campinglesgalets.fr\/es\/les-pyrenees-orientales\/\">les Pyr\u00e9nn\u00e9es Orientales<\/a><\/li>\n<\/ul>\n","protected":false},"excerpt":{"rendered":"<p>La ciudad costera de Collioure en los Pirineos Orientales en la regi\u00f3n catalana de Francia tiene mucho encanto y por eso atrae a tantos turistas en los d\u00edas soleados. Con su casco antiguo, su iglesia emblem\u00e1tica, su castillo real y su museo de arte moderno, la encantadora ciudad de Collioure tiene mucho que ofrecer. Adem\u00e1s, [&hellip;]<\/p>\n","protected":false},"author":1,"featured_media":24693,"parent":0,"menu_order":0,"comment_status":"closed","ping_status":"closed","template":"","meta":{"_acf_changed":false,"_et_pb_use_builder":"","_et_pb_old_content":"","_et_gb_content_width":"","footnotes":""},"class_list":["post-25640","page","type-page","status-publish","has-post-thumbnail","hentry"],"acf":[],"yoast_head":"<!-- This site is optimized with the Yoast SEO plugin v27.3 - https:\/\/yoast.com\/product\/yoast-seo-wordpress\/ -->\n<title>Visitar Collioure - \u00bfQu\u00e9 ver y hacer en Collioure?<\/title>\n<meta name=\"description\" content=\"Profitez de votre s\u00e9jour en camping 4 \u00e9toiles \u00e0 Argel\u00e8s, au camping les Galets, pour visiter le village baln\u00e9aire de Collioure.\" \/>\n<meta name=\"robots\" content=\"index, follow, max-snippet:-1, max-image-preview:large, max-video-preview:-1\" \/>\n<link rel=\"canonical\" href=\"https:\/\/campinglesgalets.fr\/es\/tourisme-collioure\/\" \/>\n<meta property=\"og:locale\" content=\"es_ES\" \/>\n<meta property=\"og:type\" content=\"article\" \/>\n<meta property=\"og:title\" content=\"Visitar Collioure - \u00bfQu\u00e9 ver y hacer en Collioure?\" \/>\n<meta property=\"og:description\" content=\"Profitez de votre s\u00e9jour en camping 4 \u00e9toiles \u00e0 Argel\u00e8s, au camping les Galets, pour visiter le village baln\u00e9aire de Collioure.\" \/>\n<meta property=\"og:url\" content=\"https:\/\/campinglesgalets.fr\/es\/tourisme-collioure\/\" \/>\n<meta property=\"og:site_name\" content=\"Camping les galets\" \/>\n<meta property=\"article:modified_time\" content=\"2025-04-14T06:10:24+00:00\" \/>\n<meta property=\"og:image\" content=\"https:\/\/campinglesgalets.fr\/wp-content\/uploads\/2023\/03\/plage-collioure.jpg\" \/>\n\t<meta property=\"og:image:width\" content=\"1900\" \/>\n\t<meta property=\"og:image:height\" content=\"600\" \/>\n\t<meta property=\"og:image:type\" content=\"image\/jpeg\" \/>\n<meta name=\"twitter:card\" content=\"summary_large_image\" \/>\n<meta name=\"twitter:label1\" content=\"Tiempo de lectura\" \/>\n\t<meta name=\"twitter:data1\" content=\"5 minutos\" \/>\n<script type=\"application\/ld+json\" class=\"yoast-schema-graph\">{\"@context\":\"https:\\\/\\\/schema.org\",\"@graph\":[{\"@type\":\"WebPage\",\"@id\":\"https:\\\/\\\/campinglesgalets.fr\\\/es\\\/tourisme-collioure\\\/\",\"url\":\"https:\\\/\\\/campinglesgalets.fr\\\/es\\\/tourisme-collioure\\\/\",\"name\":\"Visitar Collioure - \u00bfQu\u00e9 ver y hacer en Collioure?\",\"isPartOf\":{\"@id\":\"https:\\\/\\\/campinglesgalets.fr\\\/es\\\/#website\"},\"primaryImageOfPage\":{\"@id\":\"https:\\\/\\\/campinglesgalets.fr\\\/es\\\/tourisme-collioure\\\/#primaryimage\"},\"image\":{\"@id\":\"https:\\\/\\\/campinglesgalets.fr\\\/es\\\/tourisme-collioure\\\/#primaryimage\"},\"thumbnailUrl\":\"https:\\\/\\\/campinglesgalets.fr\\\/wp-content\\\/uploads\\\/2023\\\/03\\\/plage-collioure.jpg\",\"datePublished\":\"2023-03-07T15:58:21+00:00\",\"dateModified\":\"2025-04-14T06:10:24+00:00\",\"description\":\"Profitez de votre s\u00e9jour en camping 4 \u00e9toiles \u00e0 Argel\u00e8s, au camping les Galets, pour visiter le village baln\u00e9aire de Collioure.\",\"breadcrumb\":{\"@id\":\"https:\\\/\\\/campinglesgalets.fr\\\/es\\\/tourisme-collioure\\\/#breadcrumb\"},\"inLanguage\":\"es\",\"potentialAction\":[{\"@type\":\"ReadAction\",\"target\":[\"https:\\\/\\\/campinglesgalets.fr\\\/es\\\/tourisme-collioure\\\/\"]}]},{\"@type\":\"ImageObject\",\"inLanguage\":\"es\",\"@id\":\"https:\\\/\\\/campinglesgalets.fr\\\/es\\\/tourisme-collioure\\\/#primaryimage\",\"url\":\"https:\\\/\\\/campinglesgalets.fr\\\/wp-content\\\/uploads\\\/2023\\\/03\\\/plage-collioure.jpg\",\"contentUrl\":\"https:\\\/\\\/campinglesgalets.fr\\\/wp-content\\\/uploads\\\/2023\\\/03\\\/plage-collioure.jpg\",\"width\":1900,\"height\":600,\"caption\":\"plage collioure proche argel\u00e8s sur mer\"},{\"@type\":\"BreadcrumbList\",\"@id\":\"https:\\\/\\\/campinglesgalets.fr\\\/es\\\/tourisme-collioure\\\/#breadcrumb\",\"itemListElement\":[{\"@type\":\"ListItem\",\"position\":1,\"name\":\"Camping \u00e0 Argel\u00e8s-sur-Mer\",\"item\":\"https:\\\/\\\/campinglesgalets.fr\\\/es\\\/\"},{\"@type\":\"ListItem\",\"position\":2,\"name\":\"Visitar Collioure &#8211; \u00bfQu\u00e9 ver y hacer en Collioure?\"}]},{\"@type\":\"WebSite\",\"@id\":\"https:\\\/\\\/campinglesgalets.fr\\\/es\\\/#website\",\"url\":\"https:\\\/\\\/campinglesgalets.fr\\\/es\\\/\",\"name\":\"Camping les galets\",\"description\":\"Camping Argel\u00e8s sur Mer\",\"publisher\":{\"@id\":\"https:\\\/\\\/campinglesgalets.fr\\\/es\\\/#organization\"},\"potentialAction\":[{\"@type\":\"SearchAction\",\"target\":{\"@type\":\"EntryPoint\",\"urlTemplate\":\"https:\\\/\\\/campinglesgalets.fr\\\/es\\\/?s={search_term_string}\"},\"query-input\":{\"@type\":\"PropertyValueSpecification\",\"valueRequired\":true,\"valueName\":\"search_term_string\"}}],\"inLanguage\":\"es\"},{\"@type\":\"Organization\",\"@id\":\"https:\\\/\\\/campinglesgalets.fr\\\/es\\\/#organization\",\"name\":\"Camping les Galets\",\"url\":\"https:\\\/\\\/campinglesgalets.fr\\\/es\\\/\",\"logo\":{\"@type\":\"ImageObject\",\"inLanguage\":\"es\",\"@id\":\"https:\\\/\\\/campinglesgalets.fr\\\/es\\\/#\\\/schema\\\/logo\\\/image\\\/\",\"url\":\"https:\\\/\\\/campinglesgalets.fr\\\/wp-content\\\/uploads\\\/2025\\\/10\\\/Logo_Footer.svg\",\"contentUrl\":\"https:\\\/\\\/campinglesgalets.fr\\\/wp-content\\\/uploads\\\/2025\\\/10\\\/Logo_Footer.svg\",\"width\":267,\"height\":175,\"caption\":\"Camping les Galets\"},\"image\":{\"@id\":\"https:\\\/\\\/campinglesgalets.fr\\\/es\\\/#\\\/schema\\\/logo\\\/image\\\/\"}}]}<\/script>\n<!-- \/ Yoast SEO plugin. -->","yoast_head_json":{"title":"Visitar Collioure - \u00bfQu\u00e9 ver y hacer en Collioure?","description":"Profitez de votre s\u00e9jour en camping 4 \u00e9toiles \u00e0 Argel\u00e8s, au camping les Galets, pour visiter le village baln\u00e9aire de Collioure.","robots":{"index":"index","follow":"follow","max-snippet":"max-snippet:-1","max-image-preview":"max-image-preview:large","max-video-preview":"max-video-preview:-1"},"canonical":"https:\/\/campinglesgalets.fr\/es\/tourisme-collioure\/","og_locale":"es_ES","og_type":"article","og_title":"Visitar Collioure - \u00bfQu\u00e9 ver y hacer en Collioure?","og_description":"Profitez de votre s\u00e9jour en camping 4 \u00e9toiles \u00e0 Argel\u00e8s, au camping les Galets, pour visiter le village baln\u00e9aire de Collioure.","og_url":"https:\/\/campinglesgalets.fr\/es\/tourisme-collioure\/","og_site_name":"Camping les galets","article_modified_time":"2025-04-14T06:10:24+00:00","og_image":[{"width":1900,"height":600,"url":"https:\/\/campinglesgalets.fr\/wp-content\/uploads\/2023\/03\/plage-collioure.jpg","type":"image\/jpeg"}],"twitter_card":"summary_large_image","twitter_misc":{"Tiempo de lectura":"5 minutos"},"schema":{"@context":"https:\/\/schema.org","@graph":[{"@type":"WebPage","@id":"https:\/\/campinglesgalets.fr\/es\/tourisme-collioure\/","url":"https:\/\/campinglesgalets.fr\/es\/tourisme-collioure\/","name":"Visitar Collioure - \u00bfQu\u00e9 ver y hacer en Collioure?","isPartOf":{"@id":"https:\/\/campinglesgalets.fr\/es\/#website"},"primaryImageOfPage":{"@id":"https:\/\/campinglesgalets.fr\/es\/tourisme-collioure\/#primaryimage"},"image":{"@id":"https:\/\/campinglesgalets.fr\/es\/tourisme-collioure\/#primaryimage"},"thumbnailUrl":"https:\/\/campinglesgalets.fr\/wp-content\/uploads\/2023\/03\/plage-collioure.jpg","datePublished":"2023-03-07T15:58:21+00:00","dateModified":"2025-04-14T06:10:24+00:00","description":"Profitez de votre s\u00e9jour en camping 4 \u00e9toiles \u00e0 Argel\u00e8s, au camping les Galets, pour visiter le village baln\u00e9aire de Collioure.","breadcrumb":{"@id":"https:\/\/campinglesgalets.fr\/es\/tourisme-collioure\/#breadcrumb"},"inLanguage":"es","potentialAction":[{"@type":"ReadAction","target":["https:\/\/campinglesgalets.fr\/es\/tourisme-collioure\/"]}]},{"@type":"ImageObject","inLanguage":"es","@id":"https:\/\/campinglesgalets.fr\/es\/tourisme-collioure\/#primaryimage","url":"https:\/\/campinglesgalets.fr\/wp-content\/uploads\/2023\/03\/plage-collioure.jpg","contentUrl":"https:\/\/campinglesgalets.fr\/wp-content\/uploads\/2023\/03\/plage-collioure.jpg","width":1900,"height":600,"caption":"plage collioure proche argel\u00e8s sur mer"},{"@type":"BreadcrumbList","@id":"https:\/\/campinglesgalets.fr\/es\/tourisme-collioure\/#breadcrumb","itemListElement":[{"@type":"ListItem","position":1,"name":"Camping \u00e0 Argel\u00e8s-sur-Mer","item":"https:\/\/campinglesgalets.fr\/es\/"},{"@type":"ListItem","position":2,"name":"Visitar Collioure &#8211; \u00bfQu\u00e9 ver y hacer en Collioure?"}]},{"@type":"WebSite","@id":"https:\/\/campinglesgalets.fr\/es\/#website","url":"https:\/\/campinglesgalets.fr\/es\/","name":"Camping les galets","description":"Camping Argel\u00e8s sur Mer","publisher":{"@id":"https:\/\/campinglesgalets.fr\/es\/#organization"},"potentialAction":[{"@type":"SearchAction","target":{"@type":"EntryPoint","urlTemplate":"https:\/\/campinglesgalets.fr\/es\/?s={search_term_string}"},"query-input":{"@type":"PropertyValueSpecification","valueRequired":true,"valueName":"search_term_string"}}],"inLanguage":"es"},{"@type":"Organization","@id":"https:\/\/campinglesgalets.fr\/es\/#organization","name":"Camping les Galets","url":"https:\/\/campinglesgalets.fr\/es\/","logo":{"@type":"ImageObject","inLanguage":"es","@id":"https:\/\/campinglesgalets.fr\/es\/#\/schema\/logo\/image\/","url":"https:\/\/campinglesgalets.fr\/wp-content\/uploads\/2025\/10\/Logo_Footer.svg","contentUrl":"https:\/\/campinglesgalets.fr\/wp-content\/uploads\/2025\/10\/Logo_Footer.svg","width":267,"height":175,"caption":"Camping les Galets"},"image":{"@id":"https:\/\/campinglesgalets.fr\/es\/#\/schema\/logo\/image\/"}}]}},"_links":{"self":[{"href":"https:\/\/campinglesgalets.fr\/es\/wp-json\/wp\/v2\/pages\/25640","targetHints":{"allow":["GET"]}}],"collection":[{"href":"https:\/\/campinglesgalets.fr\/es\/wp-json\/wp\/v2\/pages"}],"about":[{"href":"https:\/\/campinglesgalets.fr\/es\/wp-json\/wp\/v2\/types\/page"}],"author":[{"embeddable":true,"href":"https:\/\/campinglesgalets.fr\/es\/wp-json\/wp\/v2\/users\/1"}],"replies":[{"embeddable":true,"href":"https:\/\/campinglesgalets.fr\/es\/wp-json\/wp\/v2\/comments?post=25640"}],"version-history":[{"count":0,"href":"https:\/\/campinglesgalets.fr\/es\/wp-json\/wp\/v2\/pages\/25640\/revisions"}],"wp:featuredmedia":[{"embeddable":true,"href":"https:\/\/campinglesgalets.fr\/es\/wp-json\/wp\/v2\/media\/24693"}],"wp:attachment":[{"href":"https:\/\/campinglesgalets.fr\/es\/wp-json\/wp\/v2\/media?parent=25640"}],"curies":[{"name":"wp","href":"https:\/\/api.w.org\/{rel}","templated":true}]}}