{"id":25616,"date":"2023-03-03T16:24:30","date_gmt":"2023-03-03T15:24:30","guid":{"rendered":"https:\/\/campinglesgalets.fr\/contact-et-acces\/"},"modified":"2025-10-06T11:47:21","modified_gmt":"2025-10-06T10:47:21","slug":"contacto-y-acceso","status":"publish","type":"page","link":"https:\/\/campinglesgalets.fr\/es\/contacto-y-acceso\/","title":{"rendered":"Contacto y acceso"},"content":{"rendered":"<h2>Camping\u00a0 \u201cLes Galets\u201d<\/h2>\n<p>Route de Taxo a la Mer &#8211; Plage Nord<br \/>\n66701 Argel\u00e8s-sur-mer<\/p>\n<h2>Contactar<\/h2>\n<p>Se hizo la visita virtual de nuestro hotel al aire libre y que desea pasar sus pr\u00f3ximas vacaciones como pareja, con la familia o amigos en el 4 estrellas Camping Les Galets Argeles-sur-Mer en Occitano? Antes de reservar su c\u00f3moda ubicaci\u00f3n o su casa m\u00f3vil totalmente equipada, no dude en hacernos todas sus preguntas:<\/p>\n<p>Rellenando el formulario en l\u00ednea directamente;<br \/>\nLlam\u00e1ndonos al +33 (0) 4 68 81 08 12;<br \/>\nPor correo: Camping Les Galets &#8211; Carretera Taxo al mar &#8211; Playa Norte &#8211; 66701 Argel\u00e8s-sur-Mer.<\/p>\n<p>\u00bfQu\u00e9 equipo encontrar\u00e9 en mi alquiler? \u00bfCu\u00e1ndo se realiza el pago? \u00bfEst\u00e1 el camping en una zona tranquila y cerca de las playas? \u00bfCu\u00e1les son las instalaciones amigables para los ni\u00f1os? \u00bfServicios ofrecidos y actividades organizadas en el sitio? \u00bfLas principales cosas que ver y hacer en la zona? Cont\u00e1ctanos y te ayudaremos a planificar tus vacaciones en. Pirineos Orientales.<\/p>\n<hr \/>\n<p>Horarios de apertura de la recepci\u00f3n :<\/p>\n<ul>\n<li>Abril, Mayo, Junio, Septiembre : de 8.30 a 12.30 y de 14.00 a 17.30<\/li>\n<li>Julio y Agosto : de 8.00 a 13.00 y de 15.00 a 19.30<\/li>\n<li>De Octubre a Marzo : de 9.00 a 12.30 y de 14.00 a 17.30<\/li>\n<\/ul>\n<h2>Acceso al camping<\/h2>\n<p>En coche<\/p>\n<p>Desde Par\u00eds (873 km, 8:10): A10 hasta Orleans, A71 a Clermont-Ferrand a B\u00e9ziers A75, A9 Perpignan a continuaci\u00f3n, D914 (direcci\u00f3n Saint-Cyprien y Argel\u00e8s).<br \/>\nDesde Toulouse (233 km, 2:18): A61 a Narbonne, Perpignan A9 a continuaci\u00f3n, D914 (direcci\u00f3n Saint-Cyprien y Argel\u00e8s).<br \/>\nDesde Montpellier (181 km, 1h52): A9 hasta Perpignan, luego D914 (direcci\u00f3n Saint-Cyprien y Argel\u00e8s).<\/p>\n<p>Antes de entrar en Argel\u00e8s, en Taxo Davall, tome la carretera de Taxo a la izquierda, hacia la playa. El camping est\u00e1 a la izquierda, aproximadamente 1 km.<\/p>\n<p>En tren<\/p>\n<p>Estaciones SNCF de Perpignan y Argel\u00e8s.<\/p>\n<p>Por avi\u00f3n<\/p>\n<p>Aeropuerto de Perpignan-Rivesaltes<\/p>\n<p><strong>GPS :<\/strong> Argel\u00e8s-sur-mer<br \/>\n42\u00b0 34\u2032 21.00\u2033N &#8211; 3\u00b0 1\u2032 32.02\u2033 E<br \/>\nTel. <strong>+33 4 68 81 08 12<\/strong> &#8211; Fax <strong>+33 4 68 81 68 76<\/strong><\/p>\n","protected":false},"excerpt":{"rendered":"<p>Camping\u00a0 \u201cLes Galets\u201d Route de Taxo a la Mer &#8211; Plage Nord 66701 Argel\u00e8s-sur-mer Contactar Se hizo la visita virtual de nuestro hotel al aire libre y que desea pasar sus pr\u00f3ximas vacaciones como pareja, con la familia o amigos en el 4 estrellas Camping Les Galets Argeles-sur-Mer en Occitano? Antes de reservar su c\u00f3moda [&hellip;]<\/p>\n","protected":false},"author":1,"featured_media":24078,"parent":0,"menu_order":0,"comment_status":"closed","ping_status":"closed","template":"","meta":{"_acf_changed":false,"_et_pb_use_builder":"","_et_pb_old_content":"","_et_gb_content_width":"","footnotes":""},"class_list":["post-25616","page","type-page","status-publish","has-post-thumbnail","hentry"],"acf":[],"yoast_head":"<!-- This site is optimized with the Yoast SEO plugin v27.4 - https:\/\/yoast.com\/product\/yoast-seo-wordpress\/ -->\n<title>Contacto y acceso - Camping les galets<\/title>\n<meta name=\"description\" content=\"Encuentra toda la informaci\u00f3n de contacto y c\u00f3mo llegar f\u00e1cilmente al camping Les Galets en Argel\u00e8s.\" \/>\n<meta name=\"robots\" content=\"index, follow, max-snippet:-1, max-image-preview:large, max-video-preview:-1\" \/>\n<link rel=\"canonical\" href=\"https:\/\/campinglesgalets.fr\/es\/contacto-y-acceso\/\" \/>\n<meta property=\"og:locale\" content=\"es_ES\" \/>\n<meta property=\"og:type\" content=\"article\" \/>\n<meta property=\"og:title\" content=\"Contacto y acceso - Camping les galets\" \/>\n<meta property=\"og:description\" content=\"Encuentra toda la informaci\u00f3n de contacto y c\u00f3mo llegar f\u00e1cilmente al camping Les Galets en Argel\u00e8s.\" \/>\n<meta property=\"og:url\" content=\"https:\/\/campinglesgalets.fr\/es\/contacto-y-acceso\/\" \/>\n<meta property=\"og:site_name\" content=\"Camping les galets\" \/>\n<meta property=\"article:modified_time\" content=\"2025-10-06T10:47:21+00:00\" \/>\n<meta property=\"og:image\" content=\"https:\/\/campinglesgalets.fr\/wp-content\/uploads\/2020\/04\/sejour-st-cyprien-plage-1.jpg\" \/>\n\t<meta property=\"og:image:width\" content=\"1200\" \/>\n\t<meta property=\"og:image:height\" content=\"617\" \/>\n\t<meta property=\"og:image:type\" content=\"image\/jpeg\" \/>\n<meta name=\"twitter:card\" content=\"summary_large_image\" \/>\n<meta name=\"twitter:label1\" content=\"Tiempo de lectura\" \/>\n\t<meta name=\"twitter:data1\" content=\"2 minutos\" \/>\n<script type=\"application\/ld+json\" class=\"yoast-schema-graph\">{\"@context\":\"https:\\\/\\\/schema.org\",\"@graph\":[{\"@type\":\"WebPage\",\"@id\":\"https:\\\/\\\/campinglesgalets.fr\\\/es\\\/contacto-y-acceso\\\/\",\"url\":\"https:\\\/\\\/campinglesgalets.fr\\\/es\\\/contacto-y-acceso\\\/\",\"name\":\"Contacto y acceso - Camping les galets\",\"isPartOf\":{\"@id\":\"https:\\\/\\\/campinglesgalets.fr\\\/es\\\/#website\"},\"primaryImageOfPage\":{\"@id\":\"https:\\\/\\\/campinglesgalets.fr\\\/es\\\/contacto-y-acceso\\\/#primaryimage\"},\"image\":{\"@id\":\"https:\\\/\\\/campinglesgalets.fr\\\/es\\\/contacto-y-acceso\\\/#primaryimage\"},\"thumbnailUrl\":\"https:\\\/\\\/campinglesgalets.fr\\\/wp-content\\\/uploads\\\/2020\\\/04\\\/sejour-st-cyprien-plage-1.jpg\",\"datePublished\":\"2023-03-03T15:24:30+00:00\",\"dateModified\":\"2025-10-06T10:47:21+00:00\",\"description\":\"Encuentra toda la informaci\u00f3n de contacto y c\u00f3mo llegar f\u00e1cilmente al camping Les Galets en Argel\u00e8s.\",\"breadcrumb\":{\"@id\":\"https:\\\/\\\/campinglesgalets.fr\\\/es\\\/contacto-y-acceso\\\/#breadcrumb\"},\"inLanguage\":\"es\",\"potentialAction\":[{\"@type\":\"ReadAction\",\"target\":[\"https:\\\/\\\/campinglesgalets.fr\\\/es\\\/contacto-y-acceso\\\/\"]}]},{\"@type\":\"ImageObject\",\"inLanguage\":\"es\",\"@id\":\"https:\\\/\\\/campinglesgalets.fr\\\/es\\\/contacto-y-acceso\\\/#primaryimage\",\"url\":\"https:\\\/\\\/campinglesgalets.fr\\\/wp-content\\\/uploads\\\/2020\\\/04\\\/sejour-st-cyprien-plage-1.jpg\",\"contentUrl\":\"https:\\\/\\\/campinglesgalets.fr\\\/wp-content\\\/uploads\\\/2020\\\/04\\\/sejour-st-cyprien-plage-1.jpg\",\"width\":1200,\"height\":617},{\"@type\":\"BreadcrumbList\",\"@id\":\"https:\\\/\\\/campinglesgalets.fr\\\/es\\\/contacto-y-acceso\\\/#breadcrumb\",\"itemListElement\":[{\"@type\":\"ListItem\",\"position\":1,\"name\":\"Camping \u00e0 Argel\u00e8s-sur-Mer\",\"item\":\"https:\\\/\\\/campinglesgalets.fr\\\/es\\\/\"},{\"@type\":\"ListItem\",\"position\":2,\"name\":\"Contacto y acceso\"}]},{\"@type\":\"WebSite\",\"@id\":\"https:\\\/\\\/campinglesgalets.fr\\\/es\\\/#website\",\"url\":\"https:\\\/\\\/campinglesgalets.fr\\\/es\\\/\",\"name\":\"Camping les galets\",\"description\":\"Camping Argel\u00e8s sur Mer\",\"publisher\":{\"@id\":\"https:\\\/\\\/campinglesgalets.fr\\\/es\\\/#organization\"},\"potentialAction\":[{\"@type\":\"SearchAction\",\"target\":{\"@type\":\"EntryPoint\",\"urlTemplate\":\"https:\\\/\\\/campinglesgalets.fr\\\/es\\\/?s={search_term_string}\"},\"query-input\":{\"@type\":\"PropertyValueSpecification\",\"valueRequired\":true,\"valueName\":\"search_term_string\"}}],\"inLanguage\":\"es\"},{\"@type\":\"Organization\",\"@id\":\"https:\\\/\\\/campinglesgalets.fr\\\/es\\\/#organization\",\"name\":\"Camping les Galets\",\"url\":\"https:\\\/\\\/campinglesgalets.fr\\\/es\\\/\",\"logo\":{\"@type\":\"ImageObject\",\"inLanguage\":\"es\",\"@id\":\"https:\\\/\\\/campinglesgalets.fr\\\/es\\\/#\\\/schema\\\/logo\\\/image\\\/\",\"url\":\"https:\\\/\\\/campinglesgalets.fr\\\/wp-content\\\/uploads\\\/2025\\\/10\\\/Logo_Footer.svg\",\"contentUrl\":\"https:\\\/\\\/campinglesgalets.fr\\\/wp-content\\\/uploads\\\/2025\\\/10\\\/Logo_Footer.svg\",\"width\":267,\"height\":175,\"caption\":\"Camping les Galets\"},\"image\":{\"@id\":\"https:\\\/\\\/campinglesgalets.fr\\\/es\\\/#\\\/schema\\\/logo\\\/image\\\/\"}}]}<\/script>\n<!-- \/ Yoast SEO plugin. -->","yoast_head_json":{"title":"Contacto y acceso - Camping les galets","description":"Encuentra toda la informaci\u00f3n de contacto y c\u00f3mo llegar f\u00e1cilmente al camping Les Galets en Argel\u00e8s.","robots":{"index":"index","follow":"follow","max-snippet":"max-snippet:-1","max-image-preview":"max-image-preview:large","max-video-preview":"max-video-preview:-1"},"canonical":"https:\/\/campinglesgalets.fr\/es\/contacto-y-acceso\/","og_locale":"es_ES","og_type":"article","og_title":"Contacto y acceso - Camping les galets","og_description":"Encuentra toda la informaci\u00f3n de contacto y c\u00f3mo llegar f\u00e1cilmente al camping Les Galets en Argel\u00e8s.","og_url":"https:\/\/campinglesgalets.fr\/es\/contacto-y-acceso\/","og_site_name":"Camping les galets","article_modified_time":"2025-10-06T10:47:21+00:00","og_image":[{"width":1200,"height":617,"url":"https:\/\/campinglesgalets.fr\/wp-content\/uploads\/2020\/04\/sejour-st-cyprien-plage-1.jpg","type":"image\/jpeg"}],"twitter_card":"summary_large_image","twitter_misc":{"Tiempo de lectura":"2 minutos"},"schema":{"@context":"https:\/\/schema.org","@graph":[{"@type":"WebPage","@id":"https:\/\/campinglesgalets.fr\/es\/contacto-y-acceso\/","url":"https:\/\/campinglesgalets.fr\/es\/contacto-y-acceso\/","name":"Contacto y acceso - Camping les galets","isPartOf":{"@id":"https:\/\/campinglesgalets.fr\/es\/#website"},"primaryImageOfPage":{"@id":"https:\/\/campinglesgalets.fr\/es\/contacto-y-acceso\/#primaryimage"},"image":{"@id":"https:\/\/campinglesgalets.fr\/es\/contacto-y-acceso\/#primaryimage"},"thumbnailUrl":"https:\/\/campinglesgalets.fr\/wp-content\/uploads\/2020\/04\/sejour-st-cyprien-plage-1.jpg","datePublished":"2023-03-03T15:24:30+00:00","dateModified":"2025-10-06T10:47:21+00:00","description":"Encuentra toda la informaci\u00f3n de contacto y c\u00f3mo llegar f\u00e1cilmente al camping Les Galets en Argel\u00e8s.","breadcrumb":{"@id":"https:\/\/campinglesgalets.fr\/es\/contacto-y-acceso\/#breadcrumb"},"inLanguage":"es","potentialAction":[{"@type":"ReadAction","target":["https:\/\/campinglesgalets.fr\/es\/contacto-y-acceso\/"]}]},{"@type":"ImageObject","inLanguage":"es","@id":"https:\/\/campinglesgalets.fr\/es\/contacto-y-acceso\/#primaryimage","url":"https:\/\/campinglesgalets.fr\/wp-content\/uploads\/2020\/04\/sejour-st-cyprien-plage-1.jpg","contentUrl":"https:\/\/campinglesgalets.fr\/wp-content\/uploads\/2020\/04\/sejour-st-cyprien-plage-1.jpg","width":1200,"height":617},{"@type":"BreadcrumbList","@id":"https:\/\/campinglesgalets.fr\/es\/contacto-y-acceso\/#breadcrumb","itemListElement":[{"@type":"ListItem","position":1,"name":"Camping \u00e0 Argel\u00e8s-sur-Mer","item":"https:\/\/campinglesgalets.fr\/es\/"},{"@type":"ListItem","position":2,"name":"Contacto y acceso"}]},{"@type":"WebSite","@id":"https:\/\/campinglesgalets.fr\/es\/#website","url":"https:\/\/campinglesgalets.fr\/es\/","name":"Camping les galets","description":"Camping Argel\u00e8s sur Mer","publisher":{"@id":"https:\/\/campinglesgalets.fr\/es\/#organization"},"potentialAction":[{"@type":"SearchAction","target":{"@type":"EntryPoint","urlTemplate":"https:\/\/campinglesgalets.fr\/es\/?s={search_term_string}"},"query-input":{"@type":"PropertyValueSpecification","valueRequired":true,"valueName":"search_term_string"}}],"inLanguage":"es"},{"@type":"Organization","@id":"https:\/\/campinglesgalets.fr\/es\/#organization","name":"Camping les Galets","url":"https:\/\/campinglesgalets.fr\/es\/","logo":{"@type":"ImageObject","inLanguage":"es","@id":"https:\/\/campinglesgalets.fr\/es\/#\/schema\/logo\/image\/","url":"https:\/\/campinglesgalets.fr\/wp-content\/uploads\/2025\/10\/Logo_Footer.svg","contentUrl":"https:\/\/campinglesgalets.fr\/wp-content\/uploads\/2025\/10\/Logo_Footer.svg","width":267,"height":175,"caption":"Camping les Galets"},"image":{"@id":"https:\/\/campinglesgalets.fr\/es\/#\/schema\/logo\/image\/"}}]}},"_links":{"self":[{"href":"https:\/\/campinglesgalets.fr\/es\/wp-json\/wp\/v2\/pages\/25616","targetHints":{"allow":["GET"]}}],"collection":[{"href":"https:\/\/campinglesgalets.fr\/es\/wp-json\/wp\/v2\/pages"}],"about":[{"href":"https:\/\/campinglesgalets.fr\/es\/wp-json\/wp\/v2\/types\/page"}],"author":[{"embeddable":true,"href":"https:\/\/campinglesgalets.fr\/es\/wp-json\/wp\/v2\/users\/1"}],"replies":[{"embeddable":true,"href":"https:\/\/campinglesgalets.fr\/es\/wp-json\/wp\/v2\/comments?post=25616"}],"version-history":[{"count":0,"href":"https:\/\/campinglesgalets.fr\/es\/wp-json\/wp\/v2\/pages\/25616\/revisions"}],"wp:featuredmedia":[{"embeddable":true,"href":"https:\/\/campinglesgalets.fr\/es\/wp-json\/wp\/v2\/media\/24078"}],"wp:attachment":[{"href":"https:\/\/campinglesgalets.fr\/es\/wp-json\/wp\/v2\/media?parent=25616"}],"curies":[{"name":"wp","href":"https:\/\/api.w.org\/{rel}","templated":true}]}}