{"id":25538,"date":"2023-03-03T17:45:51","date_gmt":"2023-03-03T16:45:51","guid":{"rendered":"https:\/\/campinglesgalets.fr\/la-mer-mediterranee\/"},"modified":"2025-12-02T16:01:57","modified_gmt":"2025-12-02T15:01:57","slug":"la-mer-mediterranee","status":"publish","type":"page","link":"https:\/\/campinglesgalets.fr\/es\/la-mer-mediterranee\/","title":{"rendered":"El mar Mediterraneo"},"content":{"rendered":"","protected":false},"excerpt":{"rendered":"","protected":false},"author":1,"featured_media":24428,"parent":0,"menu_order":0,"comment_status":"closed","ping_status":"closed","template":"","meta":{"_acf_changed":false,"_et_pb_use_builder":"","_et_pb_old_content":"","_et_gb_content_width":"","footnotes":""},"class_list":["post-25538","page","type-page","status-publish","has-post-thumbnail","hentry"],"acf":[],"yoast_head":"<!-- This site is optimized with the Yoast SEO plugin v27.3 - https:\/\/yoast.com\/product\/yoast-seo-wordpress\/ -->\n<title>Acampar junto al mar Argeles | Vacaciones en el mar Mediterr\u00e1neo<\/title>\n<meta name=\"description\" content=\"S\u00e9journez dans un camping pr\u00e8s de la mer M\u00e9diterran\u00e9e et passez des vacances de r\u00eave ! D\u00e9couvrez Les Galets, votre camping \u00e0 Argel\u00e8s-sur-mer.\" \/>\n<meta name=\"robots\" content=\"index, follow, max-snippet:-1, max-image-preview:large, max-video-preview:-1\" \/>\n<link rel=\"canonical\" href=\"https:\/\/campinglesgalets.fr\/es\/la-mer-mediterranee\/\" \/>\n<meta property=\"og:locale\" content=\"es_ES\" \/>\n<meta property=\"og:type\" content=\"article\" \/>\n<meta property=\"og:title\" content=\"Acampar junto al mar Argeles | Vacaciones en el mar Mediterr\u00e1neo\" \/>\n<meta property=\"og:description\" content=\"S\u00e9journez dans un camping pr\u00e8s de la mer M\u00e9diterran\u00e9e et passez des vacances de r\u00eave ! D\u00e9couvrez Les Galets, votre camping \u00e0 Argel\u00e8s-sur-mer.\" \/>\n<meta property=\"og:url\" content=\"https:\/\/campinglesgalets.fr\/es\/la-mer-mediterranee\/\" \/>\n<meta property=\"og:site_name\" content=\"Camping les galets\" \/>\n<meta property=\"article:modified_time\" content=\"2025-12-02T15:01:57+00:00\" \/>\n<meta property=\"og:image\" content=\"https:\/\/campinglesgalets.fr\/wp-content\/uploads\/2023\/03\/argeles-sur-mer-criques.jpg\" \/>\n\t<meta property=\"og:image:width\" content=\"620\" \/>\n\t<meta property=\"og:image:height\" content=\"350\" \/>\n\t<meta property=\"og:image:type\" content=\"image\/jpeg\" \/>\n<meta name=\"twitter:card\" content=\"summary_large_image\" \/>\n<meta name=\"twitter:label1\" content=\"Tiempo de lectura\" \/>\n\t<meta name=\"twitter:data1\" content=\"2 minutos\" \/>\n<script type=\"application\/ld+json\" class=\"yoast-schema-graph\">{\"@context\":\"https:\\\/\\\/schema.org\",\"@graph\":[{\"@type\":\"WebPage\",\"@id\":\"https:\\\/\\\/campinglesgalets.fr\\\/es\\\/la-mer-mediterranee\\\/\",\"url\":\"https:\\\/\\\/campinglesgalets.fr\\\/es\\\/la-mer-mediterranee\\\/\",\"name\":\"Acampar junto al mar Argeles | Vacaciones en el mar Mediterr\u00e1neo\",\"isPartOf\":{\"@id\":\"https:\\\/\\\/campinglesgalets.fr\\\/es\\\/#website\"},\"primaryImageOfPage\":{\"@id\":\"https:\\\/\\\/campinglesgalets.fr\\\/es\\\/la-mer-mediterranee\\\/#primaryimage\"},\"image\":{\"@id\":\"https:\\\/\\\/campinglesgalets.fr\\\/es\\\/la-mer-mediterranee\\\/#primaryimage\"},\"thumbnailUrl\":\"https:\\\/\\\/campinglesgalets.fr\\\/wp-content\\\/uploads\\\/2023\\\/03\\\/argeles-sur-mer-criques.jpg\",\"datePublished\":\"2023-03-03T16:45:51+00:00\",\"dateModified\":\"2025-12-02T15:01:57+00:00\",\"description\":\"S\u00e9journez dans un camping pr\u00e8s de la mer M\u00e9diterran\u00e9e et passez des vacances de r\u00eave ! D\u00e9couvrez Les Galets, votre camping \u00e0 Argel\u00e8s-sur-mer.\",\"breadcrumb\":{\"@id\":\"https:\\\/\\\/campinglesgalets.fr\\\/es\\\/la-mer-mediterranee\\\/#breadcrumb\"},\"inLanguage\":\"es\",\"potentialAction\":[{\"@type\":\"ReadAction\",\"target\":[\"https:\\\/\\\/campinglesgalets.fr\\\/es\\\/la-mer-mediterranee\\\/\"]}]},{\"@type\":\"ImageObject\",\"inLanguage\":\"es\",\"@id\":\"https:\\\/\\\/campinglesgalets.fr\\\/es\\\/la-mer-mediterranee\\\/#primaryimage\",\"url\":\"https:\\\/\\\/campinglesgalets.fr\\\/wp-content\\\/uploads\\\/2023\\\/03\\\/argeles-sur-mer-criques.jpg\",\"contentUrl\":\"https:\\\/\\\/campinglesgalets.fr\\\/wp-content\\\/uploads\\\/2023\\\/03\\\/argeles-sur-mer-criques.jpg\",\"width\":620,\"height\":350},{\"@type\":\"BreadcrumbList\",\"@id\":\"https:\\\/\\\/campinglesgalets.fr\\\/es\\\/la-mer-mediterranee\\\/#breadcrumb\",\"itemListElement\":[{\"@type\":\"ListItem\",\"position\":1,\"name\":\"Camping \u00e0 Argel\u00e8s-sur-Mer\",\"item\":\"https:\\\/\\\/campinglesgalets.fr\\\/es\\\/\"},{\"@type\":\"ListItem\",\"position\":2,\"name\":\"El mar Mediterraneo\"}]},{\"@type\":\"WebSite\",\"@id\":\"https:\\\/\\\/campinglesgalets.fr\\\/es\\\/#website\",\"url\":\"https:\\\/\\\/campinglesgalets.fr\\\/es\\\/\",\"name\":\"Camping les galets\",\"description\":\"Camping Argel\u00e8s sur Mer\",\"publisher\":{\"@id\":\"https:\\\/\\\/campinglesgalets.fr\\\/es\\\/#organization\"},\"potentialAction\":[{\"@type\":\"SearchAction\",\"target\":{\"@type\":\"EntryPoint\",\"urlTemplate\":\"https:\\\/\\\/campinglesgalets.fr\\\/es\\\/?s={search_term_string}\"},\"query-input\":{\"@type\":\"PropertyValueSpecification\",\"valueRequired\":true,\"valueName\":\"search_term_string\"}}],\"inLanguage\":\"es\"},{\"@type\":\"Organization\",\"@id\":\"https:\\\/\\\/campinglesgalets.fr\\\/es\\\/#organization\",\"name\":\"Camping les Galets\",\"url\":\"https:\\\/\\\/campinglesgalets.fr\\\/es\\\/\",\"logo\":{\"@type\":\"ImageObject\",\"inLanguage\":\"es\",\"@id\":\"https:\\\/\\\/campinglesgalets.fr\\\/es\\\/#\\\/schema\\\/logo\\\/image\\\/\",\"url\":\"https:\\\/\\\/campinglesgalets.fr\\\/wp-content\\\/uploads\\\/2025\\\/10\\\/Logo_Footer.svg\",\"contentUrl\":\"https:\\\/\\\/campinglesgalets.fr\\\/wp-content\\\/uploads\\\/2025\\\/10\\\/Logo_Footer.svg\",\"width\":267,\"height\":175,\"caption\":\"Camping les Galets\"},\"image\":{\"@id\":\"https:\\\/\\\/campinglesgalets.fr\\\/es\\\/#\\\/schema\\\/logo\\\/image\\\/\"}}]}<\/script>\n<!-- \/ Yoast SEO plugin. -->","yoast_head_json":{"title":"Acampar junto al mar Argeles | Vacaciones en el mar Mediterr\u00e1neo","description":"S\u00e9journez dans un camping pr\u00e8s de la mer M\u00e9diterran\u00e9e et passez des vacances de r\u00eave ! D\u00e9couvrez Les Galets, votre camping \u00e0 Argel\u00e8s-sur-mer.","robots":{"index":"index","follow":"follow","max-snippet":"max-snippet:-1","max-image-preview":"max-image-preview:large","max-video-preview":"max-video-preview:-1"},"canonical":"https:\/\/campinglesgalets.fr\/es\/la-mer-mediterranee\/","og_locale":"es_ES","og_type":"article","og_title":"Acampar junto al mar Argeles | Vacaciones en el mar Mediterr\u00e1neo","og_description":"S\u00e9journez dans un camping pr\u00e8s de la mer M\u00e9diterran\u00e9e et passez des vacances de r\u00eave ! D\u00e9couvrez Les Galets, votre camping \u00e0 Argel\u00e8s-sur-mer.","og_url":"https:\/\/campinglesgalets.fr\/es\/la-mer-mediterranee\/","og_site_name":"Camping les galets","article_modified_time":"2025-12-02T15:01:57+00:00","og_image":[{"width":620,"height":350,"url":"https:\/\/campinglesgalets.fr\/wp-content\/uploads\/2023\/03\/argeles-sur-mer-criques.jpg","type":"image\/jpeg"}],"twitter_card":"summary_large_image","twitter_misc":{"Tiempo de lectura":"2 minutos"},"schema":{"@context":"https:\/\/schema.org","@graph":[{"@type":"WebPage","@id":"https:\/\/campinglesgalets.fr\/es\/la-mer-mediterranee\/","url":"https:\/\/campinglesgalets.fr\/es\/la-mer-mediterranee\/","name":"Acampar junto al mar Argeles | Vacaciones en el mar Mediterr\u00e1neo","isPartOf":{"@id":"https:\/\/campinglesgalets.fr\/es\/#website"},"primaryImageOfPage":{"@id":"https:\/\/campinglesgalets.fr\/es\/la-mer-mediterranee\/#primaryimage"},"image":{"@id":"https:\/\/campinglesgalets.fr\/es\/la-mer-mediterranee\/#primaryimage"},"thumbnailUrl":"https:\/\/campinglesgalets.fr\/wp-content\/uploads\/2023\/03\/argeles-sur-mer-criques.jpg","datePublished":"2023-03-03T16:45:51+00:00","dateModified":"2025-12-02T15:01:57+00:00","description":"S\u00e9journez dans un camping pr\u00e8s de la mer M\u00e9diterran\u00e9e et passez des vacances de r\u00eave ! D\u00e9couvrez Les Galets, votre camping \u00e0 Argel\u00e8s-sur-mer.","breadcrumb":{"@id":"https:\/\/campinglesgalets.fr\/es\/la-mer-mediterranee\/#breadcrumb"},"inLanguage":"es","potentialAction":[{"@type":"ReadAction","target":["https:\/\/campinglesgalets.fr\/es\/la-mer-mediterranee\/"]}]},{"@type":"ImageObject","inLanguage":"es","@id":"https:\/\/campinglesgalets.fr\/es\/la-mer-mediterranee\/#primaryimage","url":"https:\/\/campinglesgalets.fr\/wp-content\/uploads\/2023\/03\/argeles-sur-mer-criques.jpg","contentUrl":"https:\/\/campinglesgalets.fr\/wp-content\/uploads\/2023\/03\/argeles-sur-mer-criques.jpg","width":620,"height":350},{"@type":"BreadcrumbList","@id":"https:\/\/campinglesgalets.fr\/es\/la-mer-mediterranee\/#breadcrumb","itemListElement":[{"@type":"ListItem","position":1,"name":"Camping \u00e0 Argel\u00e8s-sur-Mer","item":"https:\/\/campinglesgalets.fr\/es\/"},{"@type":"ListItem","position":2,"name":"El mar Mediterraneo"}]},{"@type":"WebSite","@id":"https:\/\/campinglesgalets.fr\/es\/#website","url":"https:\/\/campinglesgalets.fr\/es\/","name":"Camping les galets","description":"Camping Argel\u00e8s sur Mer","publisher":{"@id":"https:\/\/campinglesgalets.fr\/es\/#organization"},"potentialAction":[{"@type":"SearchAction","target":{"@type":"EntryPoint","urlTemplate":"https:\/\/campinglesgalets.fr\/es\/?s={search_term_string}"},"query-input":{"@type":"PropertyValueSpecification","valueRequired":true,"valueName":"search_term_string"}}],"inLanguage":"es"},{"@type":"Organization","@id":"https:\/\/campinglesgalets.fr\/es\/#organization","name":"Camping les Galets","url":"https:\/\/campinglesgalets.fr\/es\/","logo":{"@type":"ImageObject","inLanguage":"es","@id":"https:\/\/campinglesgalets.fr\/es\/#\/schema\/logo\/image\/","url":"https:\/\/campinglesgalets.fr\/wp-content\/uploads\/2025\/10\/Logo_Footer.svg","contentUrl":"https:\/\/campinglesgalets.fr\/wp-content\/uploads\/2025\/10\/Logo_Footer.svg","width":267,"height":175,"caption":"Camping les Galets"},"image":{"@id":"https:\/\/campinglesgalets.fr\/es\/#\/schema\/logo\/image\/"}}]}},"_links":{"self":[{"href":"https:\/\/campinglesgalets.fr\/es\/wp-json\/wp\/v2\/pages\/25538","targetHints":{"allow":["GET"]}}],"collection":[{"href":"https:\/\/campinglesgalets.fr\/es\/wp-json\/wp\/v2\/pages"}],"about":[{"href":"https:\/\/campinglesgalets.fr\/es\/wp-json\/wp\/v2\/types\/page"}],"author":[{"embeddable":true,"href":"https:\/\/campinglesgalets.fr\/es\/wp-json\/wp\/v2\/users\/1"}],"replies":[{"embeddable":true,"href":"https:\/\/campinglesgalets.fr\/es\/wp-json\/wp\/v2\/comments?post=25538"}],"version-history":[{"count":2,"href":"https:\/\/campinglesgalets.fr\/es\/wp-json\/wp\/v2\/pages\/25538\/revisions"}],"predecessor-version":[{"id":311565,"href":"https:\/\/campinglesgalets.fr\/es\/wp-json\/wp\/v2\/pages\/25538\/revisions\/311565"}],"wp:featuredmedia":[{"embeddable":true,"href":"https:\/\/campinglesgalets.fr\/es\/wp-json\/wp\/v2\/media\/24428"}],"wp:attachment":[{"href":"https:\/\/campinglesgalets.fr\/es\/wp-json\/wp\/v2\/media?parent=25538"}],"curies":[{"name":"wp","href":"https:\/\/api.w.org\/{rel}","templated":true}]}}