{"id":25650,"date":"2023-03-07T17:13:41","date_gmt":"2023-03-07T16:13:41","guid":{"rendered":"https:\/\/campinglesgalets.fr\/tourisme-saint-cyprien\/"},"modified":"2025-04-14T08:16:07","modified_gmt":"2025-04-14T07:16:07","slug":"tourisme-saint-cyprien","status":"publish","type":"page","link":"https:\/\/campinglesgalets.fr\/en\/tourisme-saint-cyprien\/","title":{"rendered":"What to do in Saint-Cyprien? Our advice regarding activities and sightseeing"},"content":{"rendered":"<p>Lovers of taking it easy will not be disappointed by a stay in the <strong>Mediterranean<\/strong> village of <strong>Saint-Cyprien<\/strong>. With <strong>320 days of sunshine<\/strong> a year, temperatures are mild in the seaside resort of Saint-Cyprien, in the <a href=\"https:\/\/campinglesgalets.fr\/en\/les-pyrenees-orientales\/\">Pyr\u00e9n\u00e9es-Orientales<\/a> region. Thanks to its <strong>seaside<\/strong> location, the <strong>beaches<\/strong> are the main attractions in Saint-Cyprien, whether you want to<strong> walk<\/strong>, <strong>swim<\/strong> or just laze around. Besides the beaches, there are a number of other places that are definitely worth a visit, such as the <strong>Jardin des Plantes<\/strong> and the <strong>Parc de la Prade<\/strong>.<\/p>\n<p><img loading=\"lazy\" decoding=\"async\" class=\"size-full wp-image-22630 aligncenter\" src=\"https:\/\/campinglesgalets.fr\/wp-content\/uploads\/2023\/03\/saint-cyprien-plage-camping-600x237-1.jpg\" alt=\"\" width=\"600\" height=\"237\" \/><\/p>\n<h2>What to do in Saint Cyprien ?<\/h2>\n<p>Here is our selection of the most popular places to visit in Saint-Cyprien:<\/p>\n<ul>\n<li><strong>The harbour<\/strong> : To explore Saint-Cyprien properly, a boat tour is an original activity not to be missed. Tours last an hour on average and are best done in the morning.<\/li>\n<li><strong>Discover the historic city centre<\/strong> : Head to the historic heart of Saint Cyprien for a whole new setting. A charming centre with beautiful stone buildings.<\/li>\n<li><strong>The Botanical Garden &#8211; Jardin des Plantes : an oasis of peace and greenery, open every afternoon from 1.30pm to 5pm. An unforgettable experience in this ancient 5-hectare park.<\/strong><\/li>\n<li><strong>Park de la Prade<\/strong> : is an unmissable spot in Saint Cyprien, open all year round. a large playground and multi-sports area, as well as a barbecue and picnic area.<\/li>\n<\/ul>\n<h2>Activities in Saint Cyprien<\/h2>\n<p>To discover the local conviviality:<\/p>\n<ul>\n<li>Stroll through the <strong>markets<\/strong> and sample 100% local produce, especially in the summer months.<\/li>\n<li><strong>To play golf<\/strong>: Enjoy golf with the various golf courses in the town of Saint Cyprien. Enjoy stunning views over the Mediterranean Sea and the mountain range, especially the majestic Mont Canigou.<\/li>\n<li>Sports enthusiasts can indulge in the <strong>Grand Stade les Capellans<\/strong> with its gym, racquet sports and fitness and cardio training centre.<\/li>\n<li>The <strong>JOA Casino in St-Cyprien<\/strong> for fans of gaming!<\/li>\n<\/ul>\n<h2>The beaches of Saint Cyprien<\/h2>\n<p>The coastline offers <strong>6 km of sandy beaches<\/strong> to enjoy the healthy sea air, along the quays, the port and the lagoon. Just 6 km from the campsite in <strong>Argeles sur mer<\/strong>.<\/p>\n<ul>\n<li><strong>The north beach<\/strong> : Fans of windsurfing will have a great time here. There are also two surf clubs offering kitesurfing and stand-up paddle lessons.<\/li>\n<li><strong>Rodin beach<\/strong> is close to the main market, with a sports ground open from June to September for beach volleyball.<\/li>\n<li><strong>La plage du Pont Tournant<\/strong> is a beach equipped for disabled people.<\/li>\n<\/ul>\n<p><strong>See Also :<\/strong><\/p>\n<ul>\n<li><a href=\"https:\/\/campinglesgalets.fr\/en\/la-mer-mediterranee\/\">La Mer M\u00e9diterran\u00e9e<\/a><\/li>\n<li><a href=\"https:\/\/campinglesgalets.fr\/en\/les-pyrenees-orientales\/\">Les Pyr\u00e9nn\u00e9es Orientales<\/a><\/li>\n<li><a href=\"https:\/\/campinglesgalets.fr\/en\/tourisme-collioure\/\">Collioure<\/a><\/li>\n<li><a href=\"https:\/\/campinglesgalets.fr\/en\/tourisme-perpignan\/\">Perpignan<\/a><\/li>\n<\/ul>\n","protected":false},"excerpt":{"rendered":"<p>Lovers of taking it easy will not be disappointed by a stay in the Mediterranean village of Saint-Cyprien. With 320 days of sunshine a year, temperatures are mild in the seaside resort of Saint-Cyprien, in the Pyr\u00e9n\u00e9es-Orientales region. Thanks to its seaside location, the beaches are the main attractions in Saint-Cyprien, whether you want to [&hellip;]<\/p>\n","protected":false},"author":1,"featured_media":24701,"parent":0,"menu_order":0,"comment_status":"closed","ping_status":"closed","template":"","meta":{"_acf_changed":false,"_et_pb_use_builder":"","_et_pb_old_content":"","_et_gb_content_width":"","footnotes":""},"class_list":["post-25650","page","type-page","status-publish","has-post-thumbnail","hentry"],"acf":[],"yoast_head":"<!-- This site is optimized with the Yoast SEO plugin v27.4 - https:\/\/yoast.com\/product\/yoast-seo-wordpress\/ -->\n<title>Visit Saint-Cyprien - What to see and do in Saint-Cyprien?<\/title>\n<meta name=\"description\" content=\"Profitez de votre s\u00e9jour en camping 4 \u00e9toiles \u00e0 Argel\u00e8s, au camping les Galets, pour visiter la station baln\u00e9aire de Saint-Cyprien.\" \/>\n<meta name=\"robots\" content=\"index, follow, max-snippet:-1, max-image-preview:large, max-video-preview:-1\" \/>\n<link rel=\"canonical\" href=\"https:\/\/campinglesgalets.fr\/en\/tourisme-saint-cyprien\/\" \/>\n<meta property=\"og:locale\" content=\"en_US\" \/>\n<meta property=\"og:type\" content=\"article\" \/>\n<meta property=\"og:title\" content=\"Visit Saint-Cyprien - What to see and do in Saint-Cyprien?\" \/>\n<meta property=\"og:description\" content=\"Profitez de votre s\u00e9jour en camping 4 \u00e9toiles \u00e0 Argel\u00e8s, au camping les Galets, pour visiter la station baln\u00e9aire de Saint-Cyprien.\" \/>\n<meta property=\"og:url\" content=\"https:\/\/campinglesgalets.fr\/en\/tourisme-saint-cyprien\/\" \/>\n<meta property=\"og:site_name\" content=\"Camping les galets\" \/>\n<meta property=\"article:modified_time\" content=\"2025-04-14T07:16:07+00:00\" \/>\n<meta property=\"og:image\" content=\"https:\/\/campinglesgalets.fr\/wp-content\/uploads\/2023\/03\/velo-saint-cyprien.jpg\" \/>\n\t<meta property=\"og:image:width\" content=\"1900\" \/>\n\t<meta property=\"og:image:height\" content=\"650\" \/>\n\t<meta property=\"og:image:type\" content=\"image\/jpeg\" \/>\n<meta name=\"twitter:card\" content=\"summary_large_image\" \/>\n<meta name=\"twitter:label1\" content=\"Est. reading time\" \/>\n\t<meta name=\"twitter:data1\" content=\"3 minutes\" \/>\n<script type=\"application\/ld+json\" class=\"yoast-schema-graph\">{\"@context\":\"https:\\\/\\\/schema.org\",\"@graph\":[{\"@type\":\"WebPage\",\"@id\":\"https:\\\/\\\/campinglesgalets.fr\\\/en\\\/tourisme-saint-cyprien\\\/\",\"url\":\"https:\\\/\\\/campinglesgalets.fr\\\/en\\\/tourisme-saint-cyprien\\\/\",\"name\":\"Visit Saint-Cyprien - What to see and do in Saint-Cyprien?\",\"isPartOf\":{\"@id\":\"https:\\\/\\\/campinglesgalets.fr\\\/en\\\/#website\"},\"primaryImageOfPage\":{\"@id\":\"https:\\\/\\\/campinglesgalets.fr\\\/en\\\/tourisme-saint-cyprien\\\/#primaryimage\"},\"image\":{\"@id\":\"https:\\\/\\\/campinglesgalets.fr\\\/en\\\/tourisme-saint-cyprien\\\/#primaryimage\"},\"thumbnailUrl\":\"https:\\\/\\\/campinglesgalets.fr\\\/wp-content\\\/uploads\\\/2023\\\/03\\\/velo-saint-cyprien.jpg\",\"datePublished\":\"2023-03-07T16:13:41+00:00\",\"dateModified\":\"2025-04-14T07:16:07+00:00\",\"description\":\"Profitez de votre s\u00e9jour en camping 4 \u00e9toiles \u00e0 Argel\u00e8s, au camping les Galets, pour visiter la station baln\u00e9aire de Saint-Cyprien.\",\"breadcrumb\":{\"@id\":\"https:\\\/\\\/campinglesgalets.fr\\\/en\\\/tourisme-saint-cyprien\\\/#breadcrumb\"},\"inLanguage\":\"en-US\",\"potentialAction\":[{\"@type\":\"ReadAction\",\"target\":[\"https:\\\/\\\/campinglesgalets.fr\\\/en\\\/tourisme-saint-cyprien\\\/\"]}]},{\"@type\":\"ImageObject\",\"inLanguage\":\"en-US\",\"@id\":\"https:\\\/\\\/campinglesgalets.fr\\\/en\\\/tourisme-saint-cyprien\\\/#primaryimage\",\"url\":\"https:\\\/\\\/campinglesgalets.fr\\\/wp-content\\\/uploads\\\/2023\\\/03\\\/velo-saint-cyprien.jpg\",\"contentUrl\":\"https:\\\/\\\/campinglesgalets.fr\\\/wp-content\\\/uploads\\\/2023\\\/03\\\/velo-saint-cyprien.jpg\",\"width\":1900,\"height\":650},{\"@type\":\"BreadcrumbList\",\"@id\":\"https:\\\/\\\/campinglesgalets.fr\\\/en\\\/tourisme-saint-cyprien\\\/#breadcrumb\",\"itemListElement\":[{\"@type\":\"ListItem\",\"position\":1,\"name\":\"Camping \u00e0 Argel\u00e8s-sur-Mer\",\"item\":\"https:\\\/\\\/campinglesgalets.fr\\\/en\\\/\"},{\"@type\":\"ListItem\",\"position\":2,\"name\":\"What to do in Saint-Cyprien? Our advice regarding activities and sightseeing\"}]},{\"@type\":\"WebSite\",\"@id\":\"https:\\\/\\\/campinglesgalets.fr\\\/en\\\/#website\",\"url\":\"https:\\\/\\\/campinglesgalets.fr\\\/en\\\/\",\"name\":\"Camping les galets\",\"description\":\"Camping Argel\u00e8s sur Mer\",\"publisher\":{\"@id\":\"https:\\\/\\\/campinglesgalets.fr\\\/en\\\/#organization\"},\"potentialAction\":[{\"@type\":\"SearchAction\",\"target\":{\"@type\":\"EntryPoint\",\"urlTemplate\":\"https:\\\/\\\/campinglesgalets.fr\\\/en\\\/?s={search_term_string}\"},\"query-input\":{\"@type\":\"PropertyValueSpecification\",\"valueRequired\":true,\"valueName\":\"search_term_string\"}}],\"inLanguage\":\"en-US\"},{\"@type\":\"Organization\",\"@id\":\"https:\\\/\\\/campinglesgalets.fr\\\/en\\\/#organization\",\"name\":\"Camping les Galets\",\"url\":\"https:\\\/\\\/campinglesgalets.fr\\\/en\\\/\",\"logo\":{\"@type\":\"ImageObject\",\"inLanguage\":\"en-US\",\"@id\":\"https:\\\/\\\/campinglesgalets.fr\\\/en\\\/#\\\/schema\\\/logo\\\/image\\\/\",\"url\":\"https:\\\/\\\/campinglesgalets.fr\\\/wp-content\\\/uploads\\\/2025\\\/10\\\/Logo_Footer.svg\",\"contentUrl\":\"https:\\\/\\\/campinglesgalets.fr\\\/wp-content\\\/uploads\\\/2025\\\/10\\\/Logo_Footer.svg\",\"width\":267,\"height\":175,\"caption\":\"Camping les Galets\"},\"image\":{\"@id\":\"https:\\\/\\\/campinglesgalets.fr\\\/en\\\/#\\\/schema\\\/logo\\\/image\\\/\"}}]}<\/script>\n<!-- \/ Yoast SEO plugin. -->","yoast_head_json":{"title":"Visit Saint-Cyprien - What to see and do in Saint-Cyprien?","description":"Profitez de votre s\u00e9jour en camping 4 \u00e9toiles \u00e0 Argel\u00e8s, au camping les Galets, pour visiter la station baln\u00e9aire de Saint-Cyprien.","robots":{"index":"index","follow":"follow","max-snippet":"max-snippet:-1","max-image-preview":"max-image-preview:large","max-video-preview":"max-video-preview:-1"},"canonical":"https:\/\/campinglesgalets.fr\/en\/tourisme-saint-cyprien\/","og_locale":"en_US","og_type":"article","og_title":"Visit Saint-Cyprien - What to see and do in Saint-Cyprien?","og_description":"Profitez de votre s\u00e9jour en camping 4 \u00e9toiles \u00e0 Argel\u00e8s, au camping les Galets, pour visiter la station baln\u00e9aire de Saint-Cyprien.","og_url":"https:\/\/campinglesgalets.fr\/en\/tourisme-saint-cyprien\/","og_site_name":"Camping les galets","article_modified_time":"2025-04-14T07:16:07+00:00","og_image":[{"width":1900,"height":650,"url":"https:\/\/campinglesgalets.fr\/wp-content\/uploads\/2023\/03\/velo-saint-cyprien.jpg","type":"image\/jpeg"}],"twitter_card":"summary_large_image","twitter_misc":{"Est. reading time":"3 minutes"},"schema":{"@context":"https:\/\/schema.org","@graph":[{"@type":"WebPage","@id":"https:\/\/campinglesgalets.fr\/en\/tourisme-saint-cyprien\/","url":"https:\/\/campinglesgalets.fr\/en\/tourisme-saint-cyprien\/","name":"Visit Saint-Cyprien - What to see and do in Saint-Cyprien?","isPartOf":{"@id":"https:\/\/campinglesgalets.fr\/en\/#website"},"primaryImageOfPage":{"@id":"https:\/\/campinglesgalets.fr\/en\/tourisme-saint-cyprien\/#primaryimage"},"image":{"@id":"https:\/\/campinglesgalets.fr\/en\/tourisme-saint-cyprien\/#primaryimage"},"thumbnailUrl":"https:\/\/campinglesgalets.fr\/wp-content\/uploads\/2023\/03\/velo-saint-cyprien.jpg","datePublished":"2023-03-07T16:13:41+00:00","dateModified":"2025-04-14T07:16:07+00:00","description":"Profitez de votre s\u00e9jour en camping 4 \u00e9toiles \u00e0 Argel\u00e8s, au camping les Galets, pour visiter la station baln\u00e9aire de Saint-Cyprien.","breadcrumb":{"@id":"https:\/\/campinglesgalets.fr\/en\/tourisme-saint-cyprien\/#breadcrumb"},"inLanguage":"en-US","potentialAction":[{"@type":"ReadAction","target":["https:\/\/campinglesgalets.fr\/en\/tourisme-saint-cyprien\/"]}]},{"@type":"ImageObject","inLanguage":"en-US","@id":"https:\/\/campinglesgalets.fr\/en\/tourisme-saint-cyprien\/#primaryimage","url":"https:\/\/campinglesgalets.fr\/wp-content\/uploads\/2023\/03\/velo-saint-cyprien.jpg","contentUrl":"https:\/\/campinglesgalets.fr\/wp-content\/uploads\/2023\/03\/velo-saint-cyprien.jpg","width":1900,"height":650},{"@type":"BreadcrumbList","@id":"https:\/\/campinglesgalets.fr\/en\/tourisme-saint-cyprien\/#breadcrumb","itemListElement":[{"@type":"ListItem","position":1,"name":"Camping \u00e0 Argel\u00e8s-sur-Mer","item":"https:\/\/campinglesgalets.fr\/en\/"},{"@type":"ListItem","position":2,"name":"What to do in Saint-Cyprien? Our advice regarding activities and sightseeing"}]},{"@type":"WebSite","@id":"https:\/\/campinglesgalets.fr\/en\/#website","url":"https:\/\/campinglesgalets.fr\/en\/","name":"Camping les galets","description":"Camping Argel\u00e8s sur Mer","publisher":{"@id":"https:\/\/campinglesgalets.fr\/en\/#organization"},"potentialAction":[{"@type":"SearchAction","target":{"@type":"EntryPoint","urlTemplate":"https:\/\/campinglesgalets.fr\/en\/?s={search_term_string}"},"query-input":{"@type":"PropertyValueSpecification","valueRequired":true,"valueName":"search_term_string"}}],"inLanguage":"en-US"},{"@type":"Organization","@id":"https:\/\/campinglesgalets.fr\/en\/#organization","name":"Camping les Galets","url":"https:\/\/campinglesgalets.fr\/en\/","logo":{"@type":"ImageObject","inLanguage":"en-US","@id":"https:\/\/campinglesgalets.fr\/en\/#\/schema\/logo\/image\/","url":"https:\/\/campinglesgalets.fr\/wp-content\/uploads\/2025\/10\/Logo_Footer.svg","contentUrl":"https:\/\/campinglesgalets.fr\/wp-content\/uploads\/2025\/10\/Logo_Footer.svg","width":267,"height":175,"caption":"Camping les Galets"},"image":{"@id":"https:\/\/campinglesgalets.fr\/en\/#\/schema\/logo\/image\/"}}]}},"_links":{"self":[{"href":"https:\/\/campinglesgalets.fr\/en\/wp-json\/wp\/v2\/pages\/25650","targetHints":{"allow":["GET"]}}],"collection":[{"href":"https:\/\/campinglesgalets.fr\/en\/wp-json\/wp\/v2\/pages"}],"about":[{"href":"https:\/\/campinglesgalets.fr\/en\/wp-json\/wp\/v2\/types\/page"}],"author":[{"embeddable":true,"href":"https:\/\/campinglesgalets.fr\/en\/wp-json\/wp\/v2\/users\/1"}],"replies":[{"embeddable":true,"href":"https:\/\/campinglesgalets.fr\/en\/wp-json\/wp\/v2\/comments?post=25650"}],"version-history":[{"count":0,"href":"https:\/\/campinglesgalets.fr\/en\/wp-json\/wp\/v2\/pages\/25650\/revisions"}],"wp:featuredmedia":[{"embeddable":true,"href":"https:\/\/campinglesgalets.fr\/en\/wp-json\/wp\/v2\/media\/24701"}],"wp:attachment":[{"href":"https:\/\/campinglesgalets.fr\/en\/wp-json\/wp\/v2\/media?parent=25650"}],"curies":[{"name":"wp","href":"https:\/\/api.w.org\/{rel}","templated":true}]}}