{"id":25614,"date":"2023-03-03T16:24:30","date_gmt":"2023-03-03T15:24:30","guid":{"rendered":"https:\/\/campinglesgalets.fr\/contact-et-acces\/"},"modified":"2025-10-06T10:35:59","modified_gmt":"2025-10-06T09:35:59","slug":"contact-and-access","status":"publish","type":"page","link":"https:\/\/campinglesgalets.fr\/en\/contact-and-access\/","title":{"rendered":"Contact and access"},"content":{"rendered":"<h2>Camping \u201cLes Galets\u201d<\/h2>\n<p>Route de Taxo a la Mer &#8211; North beach<br \/>\n66701 Argel\u00e8s-sur-mer<\/p>\n<h2>Contact<\/h2>\n<p>Have you made the virtual tour\u00a0and you want to spend your next holidays together\u00a0with your partner, family or friends at the 4-star campsite Les Galets in Argel\u00e8s-sur-Mer in Occitanie? Do not hesitate to ask us all your questions before you book your comfortable pitch\u00a0or your\u00a0<span style=\"font-size: 13px;\">fully equipped<\/span>\u00a0luxury mobile home , you can:<\/p>\n<p>Fill in the online form ;<br \/>\nBy calling us on +33 (0) 4 68 81 08 12;<br \/>\nBy post: Camping Les Galets &#8211; Road Taxo to the Sea &#8211; North Beach &#8211; 66701 Argel\u00e8s-sur-Mer.<\/p>\n<p>What equipment will I find in my rental? When does the payment take place? Is the campsite located in a quiet area and near the beaches? What are the child-friendly facilities? What are the services offered and activities organized on site? What are the most important things to see and do in the area? Contact us and we will help you plan your holidays!<\/p>\n<hr \/>\n<p>Opening hours of the reception :<\/p>\n<ul>\n<li>April, May, June, September : 8.30 to 12.30 \/ 14.00 to 18.30<\/li>\n<li>July and August : 8.00 to 13.00 \/ 15.00 to 19.30<\/li>\n<li>October to March : 9.00 to 12.30 \/ 14.00 to 17.30<\/li>\n<\/ul>\n<h2><\/h2>\n<h2>Access to the campsite<\/h2>\n<p>By car<\/p>\n<p>From Paris (873 km, 8:10): A10 to Orl\u00e9ans, A71 to Clermont-Ferrand, A75 to B\u00e9ziers, A9 to Perpignan then D914 (direction Saint-Cyprien and Argel\u00e8s).<br \/>\nFrom Toulouse (233 km, 2h18): A61 to Narbonne, A9 to Perpignan then D914 (direction Saint-Cyprien and Argel\u00e8s).<br \/>\nFrom Montpellier (181 km, 1h52): A9 to Perpignan then D914 (direction Saint-Cyprien and Argel\u00e8s).<\/p>\n<p>Before entering Argel\u00e8s, at Taxo Davall, take the Taxo road on the left, towards the beach. The campsite is on the left, about 1 km.<\/p>\n<p>By train<\/p>\n<p>SNCF stations of Perpignan and Argel\u00e8s.<\/p>\n<p>By plane<\/p>\n<p>Perpignan-Rivesaltes airport<\/p>\n<p><strong>GPS :<\/strong> Argel\u00e8s-sur-mer<br \/>\n42\u00b0 34\u2032 21.00\u2033N &#8211; 3\u00b0 1\u2032 32.02\u2033 E<br \/>\nTel. <strong>+33 4 68 81 08 12<\/strong> &#8211; Fax <strong>+33 4 68 81 68 76<\/strong><\/p>\n","protected":false},"excerpt":{"rendered":"<p>Camping \u201cLes Galets\u201d Route de Taxo a la Mer &#8211; North beach 66701 Argel\u00e8s-sur-mer Contact Have you made the virtual tour\u00a0and you want to spend your next holidays together\u00a0with your partner, family or friends at the 4-star campsite Les Galets in Argel\u00e8s-sur-Mer in Occitanie? Do not hesitate to ask us all your questions before you [&hellip;]<\/p>\n","protected":false},"author":1,"featured_media":24076,"parent":0,"menu_order":0,"comment_status":"closed","ping_status":"closed","template":"","meta":{"_acf_changed":false,"_et_pb_use_builder":"","_et_pb_old_content":"","_et_gb_content_width":"","footnotes":""},"class_list":["post-25614","page","type-page","status-publish","has-post-thumbnail","hentry"],"acf":[],"yoast_head":"<!-- This site is optimized with the Yoast SEO plugin v27.3 - https:\/\/yoast.com\/product\/yoast-seo-wordpress\/ -->\n<title>Contact and access - Camping les galets<\/title>\n<meta name=\"description\" content=\"Find all contact details and directions to reach Camping Les Galets in Argel\u00e8s-sur-Mer.\" \/>\n<meta name=\"robots\" content=\"index, follow, max-snippet:-1, max-image-preview:large, max-video-preview:-1\" \/>\n<link rel=\"canonical\" href=\"https:\/\/campinglesgalets.fr\/en\/contact-and-access\/\" \/>\n<meta property=\"og:locale\" content=\"en_US\" \/>\n<meta property=\"og:type\" content=\"article\" \/>\n<meta property=\"og:title\" content=\"Contact and access - Camping les galets\" \/>\n<meta property=\"og:description\" content=\"Find all contact details and directions to reach Camping Les Galets in Argel\u00e8s-sur-Mer.\" \/>\n<meta property=\"og:url\" content=\"https:\/\/campinglesgalets.fr\/en\/contact-and-access\/\" \/>\n<meta property=\"og:site_name\" content=\"Camping les galets\" \/>\n<meta property=\"article:modified_time\" content=\"2025-10-06T09:35:59+00:00\" \/>\n<meta property=\"og:image\" content=\"https:\/\/campinglesgalets.fr\/wp-content\/uploads\/2020\/04\/sejour-st-cyprien-plage-1.jpg\" \/>\n\t<meta property=\"og:image:width\" content=\"1200\" \/>\n\t<meta property=\"og:image:height\" content=\"617\" \/>\n\t<meta property=\"og:image:type\" content=\"image\/jpeg\" \/>\n<meta name=\"twitter:card\" content=\"summary_large_image\" \/>\n<meta name=\"twitter:label1\" content=\"Est. reading time\" \/>\n\t<meta name=\"twitter:data1\" content=\"2 minutes\" \/>\n<script type=\"application\/ld+json\" class=\"yoast-schema-graph\">{\"@context\":\"https:\\\/\\\/schema.org\",\"@graph\":[{\"@type\":\"WebPage\",\"@id\":\"https:\\\/\\\/campinglesgalets.fr\\\/en\\\/contact-and-access\\\/\",\"url\":\"https:\\\/\\\/campinglesgalets.fr\\\/en\\\/contact-and-access\\\/\",\"name\":\"Contact and access - Camping les galets\",\"isPartOf\":{\"@id\":\"https:\\\/\\\/campinglesgalets.fr\\\/en\\\/#website\"},\"primaryImageOfPage\":{\"@id\":\"https:\\\/\\\/campinglesgalets.fr\\\/en\\\/contact-and-access\\\/#primaryimage\"},\"image\":{\"@id\":\"https:\\\/\\\/campinglesgalets.fr\\\/en\\\/contact-and-access\\\/#primaryimage\"},\"thumbnailUrl\":\"https:\\\/\\\/campinglesgalets.fr\\\/wp-content\\\/uploads\\\/2020\\\/04\\\/sejour-st-cyprien-plage-1.jpg\",\"datePublished\":\"2023-03-03T15:24:30+00:00\",\"dateModified\":\"2025-10-06T09:35:59+00:00\",\"description\":\"Find all contact details and directions to reach Camping Les Galets in Argel\u00e8s-sur-Mer.\",\"breadcrumb\":{\"@id\":\"https:\\\/\\\/campinglesgalets.fr\\\/en\\\/contact-and-access\\\/#breadcrumb\"},\"inLanguage\":\"en-US\",\"potentialAction\":[{\"@type\":\"ReadAction\",\"target\":[\"https:\\\/\\\/campinglesgalets.fr\\\/en\\\/contact-and-access\\\/\"]}]},{\"@type\":\"ImageObject\",\"inLanguage\":\"en-US\",\"@id\":\"https:\\\/\\\/campinglesgalets.fr\\\/en\\\/contact-and-access\\\/#primaryimage\",\"url\":\"https:\\\/\\\/campinglesgalets.fr\\\/wp-content\\\/uploads\\\/2020\\\/04\\\/sejour-st-cyprien-plage-1.jpg\",\"contentUrl\":\"https:\\\/\\\/campinglesgalets.fr\\\/wp-content\\\/uploads\\\/2020\\\/04\\\/sejour-st-cyprien-plage-1.jpg\",\"width\":1200,\"height\":617},{\"@type\":\"BreadcrumbList\",\"@id\":\"https:\\\/\\\/campinglesgalets.fr\\\/en\\\/contact-and-access\\\/#breadcrumb\",\"itemListElement\":[{\"@type\":\"ListItem\",\"position\":1,\"name\":\"Camping \u00e0 Argel\u00e8s-sur-Mer\",\"item\":\"https:\\\/\\\/campinglesgalets.fr\\\/en\\\/\"},{\"@type\":\"ListItem\",\"position\":2,\"name\":\"Contact and access\"}]},{\"@type\":\"WebSite\",\"@id\":\"https:\\\/\\\/campinglesgalets.fr\\\/en\\\/#website\",\"url\":\"https:\\\/\\\/campinglesgalets.fr\\\/en\\\/\",\"name\":\"Camping les galets\",\"description\":\"Camping Argel\u00e8s sur Mer\",\"publisher\":{\"@id\":\"https:\\\/\\\/campinglesgalets.fr\\\/en\\\/#organization\"},\"potentialAction\":[{\"@type\":\"SearchAction\",\"target\":{\"@type\":\"EntryPoint\",\"urlTemplate\":\"https:\\\/\\\/campinglesgalets.fr\\\/en\\\/?s={search_term_string}\"},\"query-input\":{\"@type\":\"PropertyValueSpecification\",\"valueRequired\":true,\"valueName\":\"search_term_string\"}}],\"inLanguage\":\"en-US\"},{\"@type\":\"Organization\",\"@id\":\"https:\\\/\\\/campinglesgalets.fr\\\/en\\\/#organization\",\"name\":\"Camping les Galets\",\"url\":\"https:\\\/\\\/campinglesgalets.fr\\\/en\\\/\",\"logo\":{\"@type\":\"ImageObject\",\"inLanguage\":\"en-US\",\"@id\":\"https:\\\/\\\/campinglesgalets.fr\\\/en\\\/#\\\/schema\\\/logo\\\/image\\\/\",\"url\":\"https:\\\/\\\/campinglesgalets.fr\\\/wp-content\\\/uploads\\\/2025\\\/10\\\/Logo_Footer.svg\",\"contentUrl\":\"https:\\\/\\\/campinglesgalets.fr\\\/wp-content\\\/uploads\\\/2025\\\/10\\\/Logo_Footer.svg\",\"width\":267,\"height\":175,\"caption\":\"Camping les Galets\"},\"image\":{\"@id\":\"https:\\\/\\\/campinglesgalets.fr\\\/en\\\/#\\\/schema\\\/logo\\\/image\\\/\"}}]}<\/script>\n<!-- \/ Yoast SEO plugin. -->","yoast_head_json":{"title":"Contact and access - Camping les galets","description":"Find all contact details and directions to reach Camping Les Galets in Argel\u00e8s-sur-Mer.","robots":{"index":"index","follow":"follow","max-snippet":"max-snippet:-1","max-image-preview":"max-image-preview:large","max-video-preview":"max-video-preview:-1"},"canonical":"https:\/\/campinglesgalets.fr\/en\/contact-and-access\/","og_locale":"en_US","og_type":"article","og_title":"Contact and access - Camping les galets","og_description":"Find all contact details and directions to reach Camping Les Galets in Argel\u00e8s-sur-Mer.","og_url":"https:\/\/campinglesgalets.fr\/en\/contact-and-access\/","og_site_name":"Camping les galets","article_modified_time":"2025-10-06T09:35:59+00:00","og_image":[{"width":1200,"height":617,"url":"https:\/\/campinglesgalets.fr\/wp-content\/uploads\/2020\/04\/sejour-st-cyprien-plage-1.jpg","type":"image\/jpeg"}],"twitter_card":"summary_large_image","twitter_misc":{"Est. reading time":"2 minutes"},"schema":{"@context":"https:\/\/schema.org","@graph":[{"@type":"WebPage","@id":"https:\/\/campinglesgalets.fr\/en\/contact-and-access\/","url":"https:\/\/campinglesgalets.fr\/en\/contact-and-access\/","name":"Contact and access - Camping les galets","isPartOf":{"@id":"https:\/\/campinglesgalets.fr\/en\/#website"},"primaryImageOfPage":{"@id":"https:\/\/campinglesgalets.fr\/en\/contact-and-access\/#primaryimage"},"image":{"@id":"https:\/\/campinglesgalets.fr\/en\/contact-and-access\/#primaryimage"},"thumbnailUrl":"https:\/\/campinglesgalets.fr\/wp-content\/uploads\/2020\/04\/sejour-st-cyprien-plage-1.jpg","datePublished":"2023-03-03T15:24:30+00:00","dateModified":"2025-10-06T09:35:59+00:00","description":"Find all contact details and directions to reach Camping Les Galets in Argel\u00e8s-sur-Mer.","breadcrumb":{"@id":"https:\/\/campinglesgalets.fr\/en\/contact-and-access\/#breadcrumb"},"inLanguage":"en-US","potentialAction":[{"@type":"ReadAction","target":["https:\/\/campinglesgalets.fr\/en\/contact-and-access\/"]}]},{"@type":"ImageObject","inLanguage":"en-US","@id":"https:\/\/campinglesgalets.fr\/en\/contact-and-access\/#primaryimage","url":"https:\/\/campinglesgalets.fr\/wp-content\/uploads\/2020\/04\/sejour-st-cyprien-plage-1.jpg","contentUrl":"https:\/\/campinglesgalets.fr\/wp-content\/uploads\/2020\/04\/sejour-st-cyprien-plage-1.jpg","width":1200,"height":617},{"@type":"BreadcrumbList","@id":"https:\/\/campinglesgalets.fr\/en\/contact-and-access\/#breadcrumb","itemListElement":[{"@type":"ListItem","position":1,"name":"Camping \u00e0 Argel\u00e8s-sur-Mer","item":"https:\/\/campinglesgalets.fr\/en\/"},{"@type":"ListItem","position":2,"name":"Contact and access"}]},{"@type":"WebSite","@id":"https:\/\/campinglesgalets.fr\/en\/#website","url":"https:\/\/campinglesgalets.fr\/en\/","name":"Camping les galets","description":"Camping Argel\u00e8s sur Mer","publisher":{"@id":"https:\/\/campinglesgalets.fr\/en\/#organization"},"potentialAction":[{"@type":"SearchAction","target":{"@type":"EntryPoint","urlTemplate":"https:\/\/campinglesgalets.fr\/en\/?s={search_term_string}"},"query-input":{"@type":"PropertyValueSpecification","valueRequired":true,"valueName":"search_term_string"}}],"inLanguage":"en-US"},{"@type":"Organization","@id":"https:\/\/campinglesgalets.fr\/en\/#organization","name":"Camping les Galets","url":"https:\/\/campinglesgalets.fr\/en\/","logo":{"@type":"ImageObject","inLanguage":"en-US","@id":"https:\/\/campinglesgalets.fr\/en\/#\/schema\/logo\/image\/","url":"https:\/\/campinglesgalets.fr\/wp-content\/uploads\/2025\/10\/Logo_Footer.svg","contentUrl":"https:\/\/campinglesgalets.fr\/wp-content\/uploads\/2025\/10\/Logo_Footer.svg","width":267,"height":175,"caption":"Camping les Galets"},"image":{"@id":"https:\/\/campinglesgalets.fr\/en\/#\/schema\/logo\/image\/"}}]}},"_links":{"self":[{"href":"https:\/\/campinglesgalets.fr\/en\/wp-json\/wp\/v2\/pages\/25614","targetHints":{"allow":["GET"]}}],"collection":[{"href":"https:\/\/campinglesgalets.fr\/en\/wp-json\/wp\/v2\/pages"}],"about":[{"href":"https:\/\/campinglesgalets.fr\/en\/wp-json\/wp\/v2\/types\/page"}],"author":[{"embeddable":true,"href":"https:\/\/campinglesgalets.fr\/en\/wp-json\/wp\/v2\/users\/1"}],"replies":[{"embeddable":true,"href":"https:\/\/campinglesgalets.fr\/en\/wp-json\/wp\/v2\/comments?post=25614"}],"version-history":[{"count":0,"href":"https:\/\/campinglesgalets.fr\/en\/wp-json\/wp\/v2\/pages\/25614\/revisions"}],"wp:featuredmedia":[{"embeddable":true,"href":"https:\/\/campinglesgalets.fr\/en\/wp-json\/wp\/v2\/media\/24076"}],"wp:attachment":[{"href":"https:\/\/campinglesgalets.fr\/en\/wp-json\/wp\/v2\/media?parent=25614"}],"curies":[{"name":"wp","href":"https:\/\/api.w.org\/{rel}","templated":true}]}}