{"id":25525,"date":"2026-01-08T10:45:33","date_gmt":"2026-01-08T09:45:33","guid":{"rendered":"https:\/\/campinglesgalets.fr\/les-pyrenees-orientales\/"},"modified":"2026-03-30T10:11:48","modified_gmt":"2026-03-30T09:11:48","slug":"les-pyrenees-orientales","status":"publish","type":"page","link":"https:\/\/campinglesgalets.fr\/en\/les-pyrenees-orientales\/","title":{"rendered":"Eastern Pyrenees"},"content":{"rendered":"","protected":false},"excerpt":{"rendered":"","protected":false},"author":1,"featured_media":24431,"parent":0,"menu_order":0,"comment_status":"closed","ping_status":"closed","template":"","meta":{"_acf_changed":false,"_et_pb_use_builder":"","_et_pb_old_content":"","_et_gb_content_width":"","footnotes":""},"class_list":["post-25525","page","type-page","status-publish","has-post-thumbnail","hentry"],"acf":[],"yoast_head":"<!-- This site is optimized with the Yoast SEO plugin v27.3 - https:\/\/yoast.com\/product\/yoast-seo-wordpress\/ -->\n<title>What to see and do during the holidays in the Pyrenees?<\/title>\n<meta name=\"description\" content=\"D\u00e9couvrez les Pyrenees-Orientales (66) en r\u00e9servant votre s\u00e9jour au camping Les Galets \u00e0 Argel\u00e8s, \u00e0 10min de Perpignan. Large choix d&#039;h\u00e9bergements. Ouvert d&#039;avril \u00e0 septembre.\" \/>\n<meta name=\"robots\" content=\"index, follow, max-snippet:-1, max-image-preview:large, max-video-preview:-1\" \/>\n<link rel=\"canonical\" href=\"https:\/\/campinglesgalets.fr\/en\/les-pyrenees-orientales\/\" \/>\n<meta property=\"og:locale\" content=\"en_US\" \/>\n<meta property=\"og:type\" content=\"article\" \/>\n<meta property=\"og:title\" content=\"What to see and do during the holidays in the Pyrenees?\" \/>\n<meta property=\"og:description\" content=\"D\u00e9couvrez les Pyrenees-Orientales (66) en r\u00e9servant votre s\u00e9jour au camping Les Galets \u00e0 Argel\u00e8s, \u00e0 10min de Perpignan. Large choix d&#039;h\u00e9bergements. Ouvert d&#039;avril \u00e0 septembre.\" \/>\n<meta property=\"og:url\" content=\"https:\/\/campinglesgalets.fr\/en\/les-pyrenees-orientales\/\" \/>\n<meta property=\"og:site_name\" content=\"Camping les galets\" \/>\n<meta property=\"article:modified_time\" content=\"2026-03-30T09:11:48+00:00\" \/>\n<meta property=\"og:image\" content=\"https:\/\/campinglesgalets.fr\/wp-content\/uploads\/2023\/03\/perpignan-tourisme.jpg\" \/>\n\t<meta property=\"og:image:width\" content=\"620\" \/>\n\t<meta property=\"og:image:height\" content=\"350\" \/>\n\t<meta property=\"og:image:type\" content=\"image\/jpeg\" \/>\n<meta name=\"twitter:card\" content=\"summary_large_image\" \/>\n<meta name=\"twitter:label1\" content=\"Est. reading time\" \/>\n\t<meta name=\"twitter:data1\" content=\"3 minutes\" \/>\n<script type=\"application\/ld+json\" class=\"yoast-schema-graph\">{\"@context\":\"https:\\\/\\\/schema.org\",\"@graph\":[{\"@type\":\"WebPage\",\"@id\":\"https:\\\/\\\/campinglesgalets.fr\\\/en\\\/les-pyrenees-orientales\\\/\",\"url\":\"https:\\\/\\\/campinglesgalets.fr\\\/en\\\/les-pyrenees-orientales\\\/\",\"name\":\"What to see and do during the holidays in the Pyrenees?\",\"isPartOf\":{\"@id\":\"https:\\\/\\\/campinglesgalets.fr\\\/en\\\/#website\"},\"primaryImageOfPage\":{\"@id\":\"https:\\\/\\\/campinglesgalets.fr\\\/en\\\/les-pyrenees-orientales\\\/#primaryimage\"},\"image\":{\"@id\":\"https:\\\/\\\/campinglesgalets.fr\\\/en\\\/les-pyrenees-orientales\\\/#primaryimage\"},\"thumbnailUrl\":\"https:\\\/\\\/campinglesgalets.fr\\\/wp-content\\\/uploads\\\/2023\\\/03\\\/perpignan-tourisme.jpg\",\"datePublished\":\"2026-01-08T09:45:33+00:00\",\"dateModified\":\"2026-03-30T09:11:48+00:00\",\"description\":\"D\u00e9couvrez les Pyrenees-Orientales (66) en r\u00e9servant votre s\u00e9jour au camping Les Galets \u00e0 Argel\u00e8s, \u00e0 10min de Perpignan. Large choix d'h\u00e9bergements. Ouvert d'avril \u00e0 septembre.\",\"breadcrumb\":{\"@id\":\"https:\\\/\\\/campinglesgalets.fr\\\/en\\\/les-pyrenees-orientales\\\/#breadcrumb\"},\"inLanguage\":\"en-US\",\"potentialAction\":[{\"@type\":\"ReadAction\",\"target\":[\"https:\\\/\\\/campinglesgalets.fr\\\/en\\\/les-pyrenees-orientales\\\/\"]}]},{\"@type\":\"ImageObject\",\"inLanguage\":\"en-US\",\"@id\":\"https:\\\/\\\/campinglesgalets.fr\\\/en\\\/les-pyrenees-orientales\\\/#primaryimage\",\"url\":\"https:\\\/\\\/campinglesgalets.fr\\\/wp-content\\\/uploads\\\/2023\\\/03\\\/perpignan-tourisme.jpg\",\"contentUrl\":\"https:\\\/\\\/campinglesgalets.fr\\\/wp-content\\\/uploads\\\/2023\\\/03\\\/perpignan-tourisme.jpg\",\"width\":620,\"height\":350},{\"@type\":\"BreadcrumbList\",\"@id\":\"https:\\\/\\\/campinglesgalets.fr\\\/en\\\/les-pyrenees-orientales\\\/#breadcrumb\",\"itemListElement\":[{\"@type\":\"ListItem\",\"position\":1,\"name\":\"Camping \u00e0 Argel\u00e8s-sur-Mer\",\"item\":\"https:\\\/\\\/campinglesgalets.fr\\\/en\\\/\"},{\"@type\":\"ListItem\",\"position\":2,\"name\":\"Eastern Pyrenees\"}]},{\"@type\":\"WebSite\",\"@id\":\"https:\\\/\\\/campinglesgalets.fr\\\/en\\\/#website\",\"url\":\"https:\\\/\\\/campinglesgalets.fr\\\/en\\\/\",\"name\":\"Camping les galets\",\"description\":\"Camping Argel\u00e8s sur Mer\",\"publisher\":{\"@id\":\"https:\\\/\\\/campinglesgalets.fr\\\/en\\\/#organization\"},\"potentialAction\":[{\"@type\":\"SearchAction\",\"target\":{\"@type\":\"EntryPoint\",\"urlTemplate\":\"https:\\\/\\\/campinglesgalets.fr\\\/en\\\/?s={search_term_string}\"},\"query-input\":{\"@type\":\"PropertyValueSpecification\",\"valueRequired\":true,\"valueName\":\"search_term_string\"}}],\"inLanguage\":\"en-US\"},{\"@type\":\"Organization\",\"@id\":\"https:\\\/\\\/campinglesgalets.fr\\\/en\\\/#organization\",\"name\":\"Camping les Galets\",\"url\":\"https:\\\/\\\/campinglesgalets.fr\\\/en\\\/\",\"logo\":{\"@type\":\"ImageObject\",\"inLanguage\":\"en-US\",\"@id\":\"https:\\\/\\\/campinglesgalets.fr\\\/en\\\/#\\\/schema\\\/logo\\\/image\\\/\",\"url\":\"https:\\\/\\\/campinglesgalets.fr\\\/wp-content\\\/uploads\\\/2025\\\/10\\\/Logo_Footer.svg\",\"contentUrl\":\"https:\\\/\\\/campinglesgalets.fr\\\/wp-content\\\/uploads\\\/2025\\\/10\\\/Logo_Footer.svg\",\"width\":267,\"height\":175,\"caption\":\"Camping les Galets\"},\"image\":{\"@id\":\"https:\\\/\\\/campinglesgalets.fr\\\/en\\\/#\\\/schema\\\/logo\\\/image\\\/\"}}]}<\/script>\n<!-- \/ Yoast SEO plugin. -->","yoast_head_json":{"title":"What to see and do during the holidays in the Pyrenees?","description":"D\u00e9couvrez les Pyrenees-Orientales (66) en r\u00e9servant votre s\u00e9jour au camping Les Galets \u00e0 Argel\u00e8s, \u00e0 10min de Perpignan. Large choix d'h\u00e9bergements. Ouvert d'avril \u00e0 septembre.","robots":{"index":"index","follow":"follow","max-snippet":"max-snippet:-1","max-image-preview":"max-image-preview:large","max-video-preview":"max-video-preview:-1"},"canonical":"https:\/\/campinglesgalets.fr\/en\/les-pyrenees-orientales\/","og_locale":"en_US","og_type":"article","og_title":"What to see and do during the holidays in the Pyrenees?","og_description":"D\u00e9couvrez les Pyrenees-Orientales (66) en r\u00e9servant votre s\u00e9jour au camping Les Galets \u00e0 Argel\u00e8s, \u00e0 10min de Perpignan. Large choix d'h\u00e9bergements. Ouvert d'avril \u00e0 septembre.","og_url":"https:\/\/campinglesgalets.fr\/en\/les-pyrenees-orientales\/","og_site_name":"Camping les galets","article_modified_time":"2026-03-30T09:11:48+00:00","og_image":[{"width":620,"height":350,"url":"https:\/\/campinglesgalets.fr\/wp-content\/uploads\/2023\/03\/perpignan-tourisme.jpg","type":"image\/jpeg"}],"twitter_card":"summary_large_image","twitter_misc":{"Est. reading time":"3 minutes"},"schema":{"@context":"https:\/\/schema.org","@graph":[{"@type":"WebPage","@id":"https:\/\/campinglesgalets.fr\/en\/les-pyrenees-orientales\/","url":"https:\/\/campinglesgalets.fr\/en\/les-pyrenees-orientales\/","name":"What to see and do during the holidays in the Pyrenees?","isPartOf":{"@id":"https:\/\/campinglesgalets.fr\/en\/#website"},"primaryImageOfPage":{"@id":"https:\/\/campinglesgalets.fr\/en\/les-pyrenees-orientales\/#primaryimage"},"image":{"@id":"https:\/\/campinglesgalets.fr\/en\/les-pyrenees-orientales\/#primaryimage"},"thumbnailUrl":"https:\/\/campinglesgalets.fr\/wp-content\/uploads\/2023\/03\/perpignan-tourisme.jpg","datePublished":"2026-01-08T09:45:33+00:00","dateModified":"2026-03-30T09:11:48+00:00","description":"D\u00e9couvrez les Pyrenees-Orientales (66) en r\u00e9servant votre s\u00e9jour au camping Les Galets \u00e0 Argel\u00e8s, \u00e0 10min de Perpignan. Large choix d'h\u00e9bergements. Ouvert d'avril \u00e0 septembre.","breadcrumb":{"@id":"https:\/\/campinglesgalets.fr\/en\/les-pyrenees-orientales\/#breadcrumb"},"inLanguage":"en-US","potentialAction":[{"@type":"ReadAction","target":["https:\/\/campinglesgalets.fr\/en\/les-pyrenees-orientales\/"]}]},{"@type":"ImageObject","inLanguage":"en-US","@id":"https:\/\/campinglesgalets.fr\/en\/les-pyrenees-orientales\/#primaryimage","url":"https:\/\/campinglesgalets.fr\/wp-content\/uploads\/2023\/03\/perpignan-tourisme.jpg","contentUrl":"https:\/\/campinglesgalets.fr\/wp-content\/uploads\/2023\/03\/perpignan-tourisme.jpg","width":620,"height":350},{"@type":"BreadcrumbList","@id":"https:\/\/campinglesgalets.fr\/en\/les-pyrenees-orientales\/#breadcrumb","itemListElement":[{"@type":"ListItem","position":1,"name":"Camping \u00e0 Argel\u00e8s-sur-Mer","item":"https:\/\/campinglesgalets.fr\/en\/"},{"@type":"ListItem","position":2,"name":"Eastern Pyrenees"}]},{"@type":"WebSite","@id":"https:\/\/campinglesgalets.fr\/en\/#website","url":"https:\/\/campinglesgalets.fr\/en\/","name":"Camping les galets","description":"Camping Argel\u00e8s sur Mer","publisher":{"@id":"https:\/\/campinglesgalets.fr\/en\/#organization"},"potentialAction":[{"@type":"SearchAction","target":{"@type":"EntryPoint","urlTemplate":"https:\/\/campinglesgalets.fr\/en\/?s={search_term_string}"},"query-input":{"@type":"PropertyValueSpecification","valueRequired":true,"valueName":"search_term_string"}}],"inLanguage":"en-US"},{"@type":"Organization","@id":"https:\/\/campinglesgalets.fr\/en\/#organization","name":"Camping les Galets","url":"https:\/\/campinglesgalets.fr\/en\/","logo":{"@type":"ImageObject","inLanguage":"en-US","@id":"https:\/\/campinglesgalets.fr\/en\/#\/schema\/logo\/image\/","url":"https:\/\/campinglesgalets.fr\/wp-content\/uploads\/2025\/10\/Logo_Footer.svg","contentUrl":"https:\/\/campinglesgalets.fr\/wp-content\/uploads\/2025\/10\/Logo_Footer.svg","width":267,"height":175,"caption":"Camping les Galets"},"image":{"@id":"https:\/\/campinglesgalets.fr\/en\/#\/schema\/logo\/image\/"}}]}},"_links":{"self":[{"href":"https:\/\/campinglesgalets.fr\/en\/wp-json\/wp\/v2\/pages\/25525","targetHints":{"allow":["GET"]}}],"collection":[{"href":"https:\/\/campinglesgalets.fr\/en\/wp-json\/wp\/v2\/pages"}],"about":[{"href":"https:\/\/campinglesgalets.fr\/en\/wp-json\/wp\/v2\/types\/page"}],"author":[{"embeddable":true,"href":"https:\/\/campinglesgalets.fr\/en\/wp-json\/wp\/v2\/users\/1"}],"replies":[{"embeddable":true,"href":"https:\/\/campinglesgalets.fr\/en\/wp-json\/wp\/v2\/comments?post=25525"}],"version-history":[{"count":1,"href":"https:\/\/campinglesgalets.fr\/en\/wp-json\/wp\/v2\/pages\/25525\/revisions"}],"predecessor-version":[{"id":311765,"href":"https:\/\/campinglesgalets.fr\/en\/wp-json\/wp\/v2\/pages\/25525\/revisions\/311765"}],"wp:featuredmedia":[{"embeddable":true,"href":"https:\/\/campinglesgalets.fr\/en\/wp-json\/wp\/v2\/media\/24431"}],"wp:attachment":[{"href":"https:\/\/campinglesgalets.fr\/en\/wp-json\/wp\/v2\/media?parent=25525"}],"curies":[{"name":"wp","href":"https:\/\/api.w.org\/{rel}","templated":true}]}}