{"id":25471,"date":"2023-03-03T17:49:02","date_gmt":"2023-03-03T16:49:02","guid":{"rendered":"https:\/\/campinglesgalets.fr\/camping-pieton-sans-voiture\/"},"modified":"2025-04-14T07:58:22","modified_gmt":"2025-04-14T06:58:22","slug":"camping-pieton-sans-voiture","status":"publish","type":"page","link":"https:\/\/campinglesgalets.fr\/en\/camping-pieton-sans-voiture\/","title":{"rendered":"Car-free area"},"content":{"rendered":"","protected":false},"excerpt":{"rendered":"","protected":false},"author":1,"featured_media":24411,"parent":0,"menu_order":0,"comment_status":"closed","ping_status":"closed","template":"","meta":{"_acf_changed":false,"_et_pb_use_builder":"","_et_pb_old_content":"","_et_gb_content_width":"","footnotes":""},"class_list":["post-25471","page","type-page","status-publish","has-post-thumbnail","hentry"],"acf":[],"yoast_head":"<!-- This site is optimized with the Yoast SEO plugin v27.3 - https:\/\/yoast.com\/product\/yoast-seo-wordpress\/ -->\n<title>Car-free pedestrian campsite by the sea<\/title>\n<meta name=\"description\" content=\"Vous cherchez un camping paisible en bord de mer sans voiture avec acc\u00e8s \u00e0 la plage \u00e0 pied ? Nous avons trouv\u00e9 ce qu&#039;il vous faut !\" \/>\n<meta name=\"robots\" content=\"index, follow, max-snippet:-1, max-image-preview:large, max-video-preview:-1\" \/>\n<link rel=\"canonical\" href=\"https:\/\/campinglesgalets.fr\/en\/camping-pieton-sans-voiture\/\" \/>\n<meta property=\"og:locale\" content=\"en_US\" \/>\n<meta property=\"og:type\" content=\"article\" \/>\n<meta property=\"og:title\" content=\"Car-free pedestrian campsite by the sea\" \/>\n<meta property=\"og:description\" content=\"Vous cherchez un camping paisible en bord de mer sans voiture avec acc\u00e8s \u00e0 la plage \u00e0 pied ? Nous avons trouv\u00e9 ce qu&#039;il vous faut !\" \/>\n<meta property=\"og:url\" content=\"https:\/\/campinglesgalets.fr\/en\/camping-pieton-sans-voiture\/\" \/>\n<meta property=\"og:site_name\" content=\"Camping les galets\" \/>\n<meta property=\"article:modified_time\" content=\"2025-04-14T06:58:22+00:00\" \/>\n<meta property=\"og:image\" content=\"https:\/\/campinglesgalets.fr\/wp-content\/uploads\/2023\/03\/img-header-2022.png\" \/>\n\t<meta property=\"og:image:width\" content=\"1440\" \/>\n\t<meta property=\"og:image:height\" content=\"421\" \/>\n\t<meta property=\"og:image:type\" content=\"image\/png\" \/>\n<meta name=\"twitter:card\" content=\"summary_large_image\" \/>\n<meta name=\"twitter:label1\" content=\"Est. reading time\" \/>\n\t<meta name=\"twitter:data1\" content=\"6 minutes\" \/>\n<script type=\"application\/ld+json\" class=\"yoast-schema-graph\">{\"@context\":\"https:\\\/\\\/schema.org\",\"@graph\":[{\"@type\":\"WebPage\",\"@id\":\"https:\\\/\\\/campinglesgalets.fr\\\/en\\\/camping-pieton-sans-voiture\\\/\",\"url\":\"https:\\\/\\\/campinglesgalets.fr\\\/en\\\/camping-pieton-sans-voiture\\\/\",\"name\":\"Car-free pedestrian campsite by the sea\",\"isPartOf\":{\"@id\":\"https:\\\/\\\/campinglesgalets.fr\\\/en\\\/#website\"},\"primaryImageOfPage\":{\"@id\":\"https:\\\/\\\/campinglesgalets.fr\\\/en\\\/camping-pieton-sans-voiture\\\/#primaryimage\"},\"image\":{\"@id\":\"https:\\\/\\\/campinglesgalets.fr\\\/en\\\/camping-pieton-sans-voiture\\\/#primaryimage\"},\"thumbnailUrl\":\"https:\\\/\\\/campinglesgalets.fr\\\/wp-content\\\/uploads\\\/2023\\\/03\\\/img-header-2022.png\",\"datePublished\":\"2023-03-03T16:49:02+00:00\",\"dateModified\":\"2025-04-14T06:58:22+00:00\",\"description\":\"Vous cherchez un camping paisible en bord de mer sans voiture avec acc\u00e8s \u00e0 la plage \u00e0 pied ? Nous avons trouv\u00e9 ce qu'il vous faut !\",\"breadcrumb\":{\"@id\":\"https:\\\/\\\/campinglesgalets.fr\\\/en\\\/camping-pieton-sans-voiture\\\/#breadcrumb\"},\"inLanguage\":\"en-US\",\"potentialAction\":[{\"@type\":\"ReadAction\",\"target\":[\"https:\\\/\\\/campinglesgalets.fr\\\/en\\\/camping-pieton-sans-voiture\\\/\"]}]},{\"@type\":\"ImageObject\",\"inLanguage\":\"en-US\",\"@id\":\"https:\\\/\\\/campinglesgalets.fr\\\/en\\\/camping-pieton-sans-voiture\\\/#primaryimage\",\"url\":\"https:\\\/\\\/campinglesgalets.fr\\\/wp-content\\\/uploads\\\/2023\\\/03\\\/img-header-2022.png\",\"contentUrl\":\"https:\\\/\\\/campinglesgalets.fr\\\/wp-content\\\/uploads\\\/2023\\\/03\\\/img-header-2022.png\",\"width\":1440,\"height\":421},{\"@type\":\"BreadcrumbList\",\"@id\":\"https:\\\/\\\/campinglesgalets.fr\\\/en\\\/camping-pieton-sans-voiture\\\/#breadcrumb\",\"itemListElement\":[{\"@type\":\"ListItem\",\"position\":1,\"name\":\"Camping \u00e0 Argel\u00e8s-sur-Mer\",\"item\":\"https:\\\/\\\/campinglesgalets.fr\\\/en\\\/\"},{\"@type\":\"ListItem\",\"position\":2,\"name\":\"Car-free area\"}]},{\"@type\":\"WebSite\",\"@id\":\"https:\\\/\\\/campinglesgalets.fr\\\/en\\\/#website\",\"url\":\"https:\\\/\\\/campinglesgalets.fr\\\/en\\\/\",\"name\":\"Camping les galets\",\"description\":\"Camping Argel\u00e8s sur Mer\",\"publisher\":{\"@id\":\"https:\\\/\\\/campinglesgalets.fr\\\/en\\\/#organization\"},\"potentialAction\":[{\"@type\":\"SearchAction\",\"target\":{\"@type\":\"EntryPoint\",\"urlTemplate\":\"https:\\\/\\\/campinglesgalets.fr\\\/en\\\/?s={search_term_string}\"},\"query-input\":{\"@type\":\"PropertyValueSpecification\",\"valueRequired\":true,\"valueName\":\"search_term_string\"}}],\"inLanguage\":\"en-US\"},{\"@type\":\"Organization\",\"@id\":\"https:\\\/\\\/campinglesgalets.fr\\\/en\\\/#organization\",\"name\":\"Camping les Galets\",\"url\":\"https:\\\/\\\/campinglesgalets.fr\\\/en\\\/\",\"logo\":{\"@type\":\"ImageObject\",\"inLanguage\":\"en-US\",\"@id\":\"https:\\\/\\\/campinglesgalets.fr\\\/en\\\/#\\\/schema\\\/logo\\\/image\\\/\",\"url\":\"https:\\\/\\\/campinglesgalets.fr\\\/wp-content\\\/uploads\\\/2025\\\/10\\\/Logo_Footer.svg\",\"contentUrl\":\"https:\\\/\\\/campinglesgalets.fr\\\/wp-content\\\/uploads\\\/2025\\\/10\\\/Logo_Footer.svg\",\"width\":267,\"height\":175,\"caption\":\"Camping les Galets\"},\"image\":{\"@id\":\"https:\\\/\\\/campinglesgalets.fr\\\/en\\\/#\\\/schema\\\/logo\\\/image\\\/\"}}]}<\/script>\n<!-- \/ Yoast SEO plugin. -->","yoast_head_json":{"title":"Car-free pedestrian campsite by the sea","description":"Vous cherchez un camping paisible en bord de mer sans voiture avec acc\u00e8s \u00e0 la plage \u00e0 pied ? Nous avons trouv\u00e9 ce qu'il vous faut !","robots":{"index":"index","follow":"follow","max-snippet":"max-snippet:-1","max-image-preview":"max-image-preview:large","max-video-preview":"max-video-preview:-1"},"canonical":"https:\/\/campinglesgalets.fr\/en\/camping-pieton-sans-voiture\/","og_locale":"en_US","og_type":"article","og_title":"Car-free pedestrian campsite by the sea","og_description":"Vous cherchez un camping paisible en bord de mer sans voiture avec acc\u00e8s \u00e0 la plage \u00e0 pied ? Nous avons trouv\u00e9 ce qu'il vous faut !","og_url":"https:\/\/campinglesgalets.fr\/en\/camping-pieton-sans-voiture\/","og_site_name":"Camping les galets","article_modified_time":"2025-04-14T06:58:22+00:00","og_image":[{"width":1440,"height":421,"url":"https:\/\/campinglesgalets.fr\/wp-content\/uploads\/2023\/03\/img-header-2022.png","type":"image\/png"}],"twitter_card":"summary_large_image","twitter_misc":{"Est. reading time":"6 minutes"},"schema":{"@context":"https:\/\/schema.org","@graph":[{"@type":"WebPage","@id":"https:\/\/campinglesgalets.fr\/en\/camping-pieton-sans-voiture\/","url":"https:\/\/campinglesgalets.fr\/en\/camping-pieton-sans-voiture\/","name":"Car-free pedestrian campsite by the sea","isPartOf":{"@id":"https:\/\/campinglesgalets.fr\/en\/#website"},"primaryImageOfPage":{"@id":"https:\/\/campinglesgalets.fr\/en\/camping-pieton-sans-voiture\/#primaryimage"},"image":{"@id":"https:\/\/campinglesgalets.fr\/en\/camping-pieton-sans-voiture\/#primaryimage"},"thumbnailUrl":"https:\/\/campinglesgalets.fr\/wp-content\/uploads\/2023\/03\/img-header-2022.png","datePublished":"2023-03-03T16:49:02+00:00","dateModified":"2025-04-14T06:58:22+00:00","description":"Vous cherchez un camping paisible en bord de mer sans voiture avec acc\u00e8s \u00e0 la plage \u00e0 pied ? Nous avons trouv\u00e9 ce qu'il vous faut !","breadcrumb":{"@id":"https:\/\/campinglesgalets.fr\/en\/camping-pieton-sans-voiture\/#breadcrumb"},"inLanguage":"en-US","potentialAction":[{"@type":"ReadAction","target":["https:\/\/campinglesgalets.fr\/en\/camping-pieton-sans-voiture\/"]}]},{"@type":"ImageObject","inLanguage":"en-US","@id":"https:\/\/campinglesgalets.fr\/en\/camping-pieton-sans-voiture\/#primaryimage","url":"https:\/\/campinglesgalets.fr\/wp-content\/uploads\/2023\/03\/img-header-2022.png","contentUrl":"https:\/\/campinglesgalets.fr\/wp-content\/uploads\/2023\/03\/img-header-2022.png","width":1440,"height":421},{"@type":"BreadcrumbList","@id":"https:\/\/campinglesgalets.fr\/en\/camping-pieton-sans-voiture\/#breadcrumb","itemListElement":[{"@type":"ListItem","position":1,"name":"Camping \u00e0 Argel\u00e8s-sur-Mer","item":"https:\/\/campinglesgalets.fr\/en\/"},{"@type":"ListItem","position":2,"name":"Car-free area"}]},{"@type":"WebSite","@id":"https:\/\/campinglesgalets.fr\/en\/#website","url":"https:\/\/campinglesgalets.fr\/en\/","name":"Camping les galets","description":"Camping Argel\u00e8s sur Mer","publisher":{"@id":"https:\/\/campinglesgalets.fr\/en\/#organization"},"potentialAction":[{"@type":"SearchAction","target":{"@type":"EntryPoint","urlTemplate":"https:\/\/campinglesgalets.fr\/en\/?s={search_term_string}"},"query-input":{"@type":"PropertyValueSpecification","valueRequired":true,"valueName":"search_term_string"}}],"inLanguage":"en-US"},{"@type":"Organization","@id":"https:\/\/campinglesgalets.fr\/en\/#organization","name":"Camping les Galets","url":"https:\/\/campinglesgalets.fr\/en\/","logo":{"@type":"ImageObject","inLanguage":"en-US","@id":"https:\/\/campinglesgalets.fr\/en\/#\/schema\/logo\/image\/","url":"https:\/\/campinglesgalets.fr\/wp-content\/uploads\/2025\/10\/Logo_Footer.svg","contentUrl":"https:\/\/campinglesgalets.fr\/wp-content\/uploads\/2025\/10\/Logo_Footer.svg","width":267,"height":175,"caption":"Camping les Galets"},"image":{"@id":"https:\/\/campinglesgalets.fr\/en\/#\/schema\/logo\/image\/"}}]}},"_links":{"self":[{"href":"https:\/\/campinglesgalets.fr\/en\/wp-json\/wp\/v2\/pages\/25471","targetHints":{"allow":["GET"]}}],"collection":[{"href":"https:\/\/campinglesgalets.fr\/en\/wp-json\/wp\/v2\/pages"}],"about":[{"href":"https:\/\/campinglesgalets.fr\/en\/wp-json\/wp\/v2\/types\/page"}],"author":[{"embeddable":true,"href":"https:\/\/campinglesgalets.fr\/en\/wp-json\/wp\/v2\/users\/1"}],"replies":[{"embeddable":true,"href":"https:\/\/campinglesgalets.fr\/en\/wp-json\/wp\/v2\/comments?post=25471"}],"version-history":[{"count":0,"href":"https:\/\/campinglesgalets.fr\/en\/wp-json\/wp\/v2\/pages\/25471\/revisions"}],"wp:featuredmedia":[{"embeddable":true,"href":"https:\/\/campinglesgalets.fr\/en\/wp-json\/wp\/v2\/media\/24411"}],"wp:attachment":[{"href":"https:\/\/campinglesgalets.fr\/en\/wp-json\/wp\/v2\/media?parent=25471"}],"curies":[{"name":"wp","href":"https:\/\/api.w.org\/{rel}","templated":true}]}}