{"id":25340,"date":"2023-03-03T17:44:15","date_gmt":"2023-03-03T16:44:15","guid":{"rendered":"https:\/\/campinglesgalets.fr\/club-enfants\/"},"modified":"2024-01-19T15:55:21","modified_gmt":"2024-01-19T14:55:21","slug":"childrens-club","status":"publish","type":"page","link":"https:\/\/campinglesgalets.fr\/en\/childrens-club\/","title":{"rendered":"Children&#8217;s club"},"content":{"rendered":"","protected":false},"excerpt":{"rendered":"","protected":false},"author":1,"featured_media":24396,"parent":0,"menu_order":0,"comment_status":"closed","ping_status":"closed","template":"","meta":{"_acf_changed":false,"_et_pb_use_builder":"","_et_pb_old_content":"","_et_gb_content_width":"","footnotes":""},"class_list":["post-25340","page","type-page","status-publish","has-post-thumbnail","hentry"],"acf":[],"yoast_head":"<!-- This site is optimized with the Yoast SEO plugin v27.4 - https:\/\/yoast.com\/product\/yoast-seo-wordpress\/ -->\n<title>Family Camping Argeles | Camping with children&#039;s club in Argeles sur mer<\/title>\n<meta name=\"description\" content=\"Le club enfant du camping Les Galets, c&#039;est des activit\u00e9s de plein air, spectacles, sports, etc. Ouvert d&#039;avril \u00e0 septembre pendant les vacances scolaires, et les weekend prolong\u00e9s de mai et juin.\" \/>\n<meta name=\"robots\" content=\"index, follow, max-snippet:-1, max-image-preview:large, max-video-preview:-1\" \/>\n<link rel=\"canonical\" href=\"https:\/\/campinglesgalets.fr\/en\/childrens-club\/\" \/>\n<meta property=\"og:locale\" content=\"en_US\" \/>\n<meta property=\"og:type\" content=\"article\" \/>\n<meta property=\"og:title\" content=\"Family Camping Argeles | Camping with children&#039;s club in Argeles sur mer\" \/>\n<meta property=\"og:description\" content=\"Le club enfant du camping Les Galets, c&#039;est des activit\u00e9s de plein air, spectacles, sports, etc. Ouvert d&#039;avril \u00e0 septembre pendant les vacances scolaires, et les weekend prolong\u00e9s de mai et juin.\" \/>\n<meta property=\"og:url\" content=\"https:\/\/campinglesgalets.fr\/en\/childrens-club\/\" \/>\n<meta property=\"og:site_name\" content=\"Camping les galets\" \/>\n<meta property=\"article:modified_time\" content=\"2024-01-19T14:55:21+00:00\" \/>\n<meta property=\"og:image\" content=\"https:\/\/campinglesgalets.fr\/wp-content\/uploads\/2023\/03\/photos_2015_tri_manuel_030-2100x1337-1.jpg\" \/>\n\t<meta property=\"og:image:width\" content=\"2100\" \/>\n\t<meta property=\"og:image:height\" content=\"1337\" \/>\n\t<meta property=\"og:image:type\" content=\"image\/jpeg\" \/>\n<meta name=\"twitter:card\" content=\"summary_large_image\" \/>\n<meta name=\"twitter:label1\" content=\"Est. reading time\" \/>\n\t<meta name=\"twitter:data1\" content=\"3 minutes\" \/>\n<script type=\"application\/ld+json\" class=\"yoast-schema-graph\">{\"@context\":\"https:\\\/\\\/schema.org\",\"@graph\":[{\"@type\":\"WebPage\",\"@id\":\"https:\\\/\\\/campinglesgalets.fr\\\/en\\\/childrens-club\\\/\",\"url\":\"https:\\\/\\\/campinglesgalets.fr\\\/en\\\/childrens-club\\\/\",\"name\":\"Family Camping Argeles | Camping with children's club in Argeles sur mer\",\"isPartOf\":{\"@id\":\"https:\\\/\\\/campinglesgalets.fr\\\/en\\\/#website\"},\"primaryImageOfPage\":{\"@id\":\"https:\\\/\\\/campinglesgalets.fr\\\/en\\\/childrens-club\\\/#primaryimage\"},\"image\":{\"@id\":\"https:\\\/\\\/campinglesgalets.fr\\\/en\\\/childrens-club\\\/#primaryimage\"},\"thumbnailUrl\":\"https:\\\/\\\/campinglesgalets.fr\\\/wp-content\\\/uploads\\\/2023\\\/03\\\/photos_2015_tri_manuel_030-2100x1337-1.jpg\",\"datePublished\":\"2023-03-03T16:44:15+00:00\",\"dateModified\":\"2024-01-19T14:55:21+00:00\",\"description\":\"Le club enfant du camping Les Galets, c'est des activit\u00e9s de plein air, spectacles, sports, etc. Ouvert d'avril \u00e0 septembre pendant les vacances scolaires, et les weekend prolong\u00e9s de mai et juin.\",\"breadcrumb\":{\"@id\":\"https:\\\/\\\/campinglesgalets.fr\\\/en\\\/childrens-club\\\/#breadcrumb\"},\"inLanguage\":\"en-US\",\"potentialAction\":[{\"@type\":\"ReadAction\",\"target\":[\"https:\\\/\\\/campinglesgalets.fr\\\/en\\\/childrens-club\\\/\"]}]},{\"@type\":\"ImageObject\",\"inLanguage\":\"en-US\",\"@id\":\"https:\\\/\\\/campinglesgalets.fr\\\/en\\\/childrens-club\\\/#primaryimage\",\"url\":\"https:\\\/\\\/campinglesgalets.fr\\\/wp-content\\\/uploads\\\/2023\\\/03\\\/photos_2015_tri_manuel_030-2100x1337-1.jpg\",\"contentUrl\":\"https:\\\/\\\/campinglesgalets.fr\\\/wp-content\\\/uploads\\\/2023\\\/03\\\/photos_2015_tri_manuel_030-2100x1337-1.jpg\",\"width\":2100,\"height\":1337,\"caption\":\"camping avec club enfant\"},{\"@type\":\"BreadcrumbList\",\"@id\":\"https:\\\/\\\/campinglesgalets.fr\\\/en\\\/childrens-club\\\/#breadcrumb\",\"itemListElement\":[{\"@type\":\"ListItem\",\"position\":1,\"name\":\"Camping \u00e0 Argel\u00e8s-sur-Mer\",\"item\":\"https:\\\/\\\/campinglesgalets.fr\\\/en\\\/\"},{\"@type\":\"ListItem\",\"position\":2,\"name\":\"Children&rsquo;s club\"}]},{\"@type\":\"WebSite\",\"@id\":\"https:\\\/\\\/campinglesgalets.fr\\\/en\\\/#website\",\"url\":\"https:\\\/\\\/campinglesgalets.fr\\\/en\\\/\",\"name\":\"Camping les galets\",\"description\":\"Camping Argel\u00e8s sur Mer\",\"publisher\":{\"@id\":\"https:\\\/\\\/campinglesgalets.fr\\\/en\\\/#organization\"},\"potentialAction\":[{\"@type\":\"SearchAction\",\"target\":{\"@type\":\"EntryPoint\",\"urlTemplate\":\"https:\\\/\\\/campinglesgalets.fr\\\/en\\\/?s={search_term_string}\"},\"query-input\":{\"@type\":\"PropertyValueSpecification\",\"valueRequired\":true,\"valueName\":\"search_term_string\"}}],\"inLanguage\":\"en-US\"},{\"@type\":\"Organization\",\"@id\":\"https:\\\/\\\/campinglesgalets.fr\\\/en\\\/#organization\",\"name\":\"Camping les Galets\",\"url\":\"https:\\\/\\\/campinglesgalets.fr\\\/en\\\/\",\"logo\":{\"@type\":\"ImageObject\",\"inLanguage\":\"en-US\",\"@id\":\"https:\\\/\\\/campinglesgalets.fr\\\/en\\\/#\\\/schema\\\/logo\\\/image\\\/\",\"url\":\"https:\\\/\\\/campinglesgalets.fr\\\/wp-content\\\/uploads\\\/2025\\\/10\\\/Logo_Footer.svg\",\"contentUrl\":\"https:\\\/\\\/campinglesgalets.fr\\\/wp-content\\\/uploads\\\/2025\\\/10\\\/Logo_Footer.svg\",\"width\":267,\"height\":175,\"caption\":\"Camping les Galets\"},\"image\":{\"@id\":\"https:\\\/\\\/campinglesgalets.fr\\\/en\\\/#\\\/schema\\\/logo\\\/image\\\/\"}}]}<\/script>\n<!-- \/ Yoast SEO plugin. -->","yoast_head_json":{"title":"Family Camping Argeles | Camping with children's club in Argeles sur mer","description":"Le club enfant du camping Les Galets, c'est des activit\u00e9s de plein air, spectacles, sports, etc. Ouvert d'avril \u00e0 septembre pendant les vacances scolaires, et les weekend prolong\u00e9s de mai et juin.","robots":{"index":"index","follow":"follow","max-snippet":"max-snippet:-1","max-image-preview":"max-image-preview:large","max-video-preview":"max-video-preview:-1"},"canonical":"https:\/\/campinglesgalets.fr\/en\/childrens-club\/","og_locale":"en_US","og_type":"article","og_title":"Family Camping Argeles | Camping with children's club in Argeles sur mer","og_description":"Le club enfant du camping Les Galets, c'est des activit\u00e9s de plein air, spectacles, sports, etc. Ouvert d'avril \u00e0 septembre pendant les vacances scolaires, et les weekend prolong\u00e9s de mai et juin.","og_url":"https:\/\/campinglesgalets.fr\/en\/childrens-club\/","og_site_name":"Camping les galets","article_modified_time":"2024-01-19T14:55:21+00:00","og_image":[{"width":2100,"height":1337,"url":"https:\/\/campinglesgalets.fr\/wp-content\/uploads\/2023\/03\/photos_2015_tri_manuel_030-2100x1337-1.jpg","type":"image\/jpeg"}],"twitter_card":"summary_large_image","twitter_misc":{"Est. reading time":"3 minutes"},"schema":{"@context":"https:\/\/schema.org","@graph":[{"@type":"WebPage","@id":"https:\/\/campinglesgalets.fr\/en\/childrens-club\/","url":"https:\/\/campinglesgalets.fr\/en\/childrens-club\/","name":"Family Camping Argeles | Camping with children's club in Argeles sur mer","isPartOf":{"@id":"https:\/\/campinglesgalets.fr\/en\/#website"},"primaryImageOfPage":{"@id":"https:\/\/campinglesgalets.fr\/en\/childrens-club\/#primaryimage"},"image":{"@id":"https:\/\/campinglesgalets.fr\/en\/childrens-club\/#primaryimage"},"thumbnailUrl":"https:\/\/campinglesgalets.fr\/wp-content\/uploads\/2023\/03\/photos_2015_tri_manuel_030-2100x1337-1.jpg","datePublished":"2023-03-03T16:44:15+00:00","dateModified":"2024-01-19T14:55:21+00:00","description":"Le club enfant du camping Les Galets, c'est des activit\u00e9s de plein air, spectacles, sports, etc. Ouvert d'avril \u00e0 septembre pendant les vacances scolaires, et les weekend prolong\u00e9s de mai et juin.","breadcrumb":{"@id":"https:\/\/campinglesgalets.fr\/en\/childrens-club\/#breadcrumb"},"inLanguage":"en-US","potentialAction":[{"@type":"ReadAction","target":["https:\/\/campinglesgalets.fr\/en\/childrens-club\/"]}]},{"@type":"ImageObject","inLanguage":"en-US","@id":"https:\/\/campinglesgalets.fr\/en\/childrens-club\/#primaryimage","url":"https:\/\/campinglesgalets.fr\/wp-content\/uploads\/2023\/03\/photos_2015_tri_manuel_030-2100x1337-1.jpg","contentUrl":"https:\/\/campinglesgalets.fr\/wp-content\/uploads\/2023\/03\/photos_2015_tri_manuel_030-2100x1337-1.jpg","width":2100,"height":1337,"caption":"camping avec club enfant"},{"@type":"BreadcrumbList","@id":"https:\/\/campinglesgalets.fr\/en\/childrens-club\/#breadcrumb","itemListElement":[{"@type":"ListItem","position":1,"name":"Camping \u00e0 Argel\u00e8s-sur-Mer","item":"https:\/\/campinglesgalets.fr\/en\/"},{"@type":"ListItem","position":2,"name":"Children&rsquo;s club"}]},{"@type":"WebSite","@id":"https:\/\/campinglesgalets.fr\/en\/#website","url":"https:\/\/campinglesgalets.fr\/en\/","name":"Camping les galets","description":"Camping Argel\u00e8s sur Mer","publisher":{"@id":"https:\/\/campinglesgalets.fr\/en\/#organization"},"potentialAction":[{"@type":"SearchAction","target":{"@type":"EntryPoint","urlTemplate":"https:\/\/campinglesgalets.fr\/en\/?s={search_term_string}"},"query-input":{"@type":"PropertyValueSpecification","valueRequired":true,"valueName":"search_term_string"}}],"inLanguage":"en-US"},{"@type":"Organization","@id":"https:\/\/campinglesgalets.fr\/en\/#organization","name":"Camping les Galets","url":"https:\/\/campinglesgalets.fr\/en\/","logo":{"@type":"ImageObject","inLanguage":"en-US","@id":"https:\/\/campinglesgalets.fr\/en\/#\/schema\/logo\/image\/","url":"https:\/\/campinglesgalets.fr\/wp-content\/uploads\/2025\/10\/Logo_Footer.svg","contentUrl":"https:\/\/campinglesgalets.fr\/wp-content\/uploads\/2025\/10\/Logo_Footer.svg","width":267,"height":175,"caption":"Camping les Galets"},"image":{"@id":"https:\/\/campinglesgalets.fr\/en\/#\/schema\/logo\/image\/"}}]}},"_links":{"self":[{"href":"https:\/\/campinglesgalets.fr\/en\/wp-json\/wp\/v2\/pages\/25340","targetHints":{"allow":["GET"]}}],"collection":[{"href":"https:\/\/campinglesgalets.fr\/en\/wp-json\/wp\/v2\/pages"}],"about":[{"href":"https:\/\/campinglesgalets.fr\/en\/wp-json\/wp\/v2\/types\/page"}],"author":[{"embeddable":true,"href":"https:\/\/campinglesgalets.fr\/en\/wp-json\/wp\/v2\/users\/1"}],"replies":[{"embeddable":true,"href":"https:\/\/campinglesgalets.fr\/en\/wp-json\/wp\/v2\/comments?post=25340"}],"version-history":[{"count":0,"href":"https:\/\/campinglesgalets.fr\/en\/wp-json\/wp\/v2\/pages\/25340\/revisions"}],"wp:featuredmedia":[{"embeddable":true,"href":"https:\/\/campinglesgalets.fr\/en\/wp-json\/wp\/v2\/media\/24396"}],"wp:attachment":[{"href":"https:\/\/campinglesgalets.fr\/en\/wp-json\/wp\/v2\/media?parent=25340"}],"curies":[{"name":"wp","href":"https:\/\/api.w.org\/{rel}","templated":true}]}}