{"id":29042,"date":"2023-03-08T14:39:19","date_gmt":"2023-03-08T13:39:19","guid":{"rendered":"https:\/\/campinglesgalets.fr\/camping-perpignan\/"},"modified":"2025-04-14T07:27:07","modified_gmt":"2025-04-14T06:27:07","slug":"camping-perpignan","status":"publish","type":"page","link":"https:\/\/campinglesgalets.fr\/de\/camping-perpignan\/","title":{"rendered":"Campingplatz in der N\u00e4he von Perpignan &#8211; am Meer mit Wasserpark &#8211; Les Galets"},"content":{"rendered":"","protected":false},"excerpt":{"rendered":"","protected":false},"author":1,"featured_media":299482,"parent":0,"menu_order":0,"comment_status":"closed","ping_status":"closed","template":"","meta":{"_acf_changed":false,"_et_pb_use_builder":"","_et_pb_old_content":"","_et_gb_content_width":"","footnotes":""},"class_list":["post-29042","page","type-page","status-publish","has-post-thumbnail","hentry"],"acf":[],"yoast_head":"<!-- This site is optimized with the Yoast SEO plugin v27.4 - https:\/\/yoast.com\/product\/yoast-seo-wordpress\/ -->\n<title>4-Sterne-Campingplatz in Perpignan am Meer<\/title>\n<meta name=\"description\" content=\"D\u00e9couvrez le camping Les Galets, un havre de paix \u00e0 deux pas de Perpignan. Profitez d&#039;un cadre naturel exceptionnel et de services de qualit\u00e9 pour des vacances inoubliables en famille ou entre amis.\" \/>\n<meta name=\"robots\" content=\"index, follow, max-snippet:-1, max-image-preview:large, max-video-preview:-1\" \/>\n<link rel=\"canonical\" href=\"https:\/\/campinglesgalets.fr\/de\/camping-perpignan\/\" \/>\n<meta property=\"og:locale\" content=\"de_DE\" \/>\n<meta property=\"og:type\" content=\"article\" \/>\n<meta property=\"og:title\" content=\"4-Sterne-Campingplatz in Perpignan am Meer\" \/>\n<meta property=\"og:description\" content=\"D\u00e9couvrez le camping Les Galets, un havre de paix \u00e0 deux pas de Perpignan. Profitez d&#039;un cadre naturel exceptionnel et de services de qualit\u00e9 pour des vacances inoubliables en famille ou entre amis.\" \/>\n<meta property=\"og:url\" content=\"https:\/\/campinglesgalets.fr\/de\/camping-perpignan\/\" \/>\n<meta property=\"og:site_name\" content=\"Camping les galets\" \/>\n<meta property=\"article:modified_time\" content=\"2025-04-14T06:27:07+00:00\" \/>\n<meta property=\"og:image\" content=\"https:\/\/campinglesgalets.fr\/wp-content\/uploads\/2023\/03\/header-perpignan.png\" \/>\n\t<meta property=\"og:image:width\" content=\"1440\" \/>\n\t<meta property=\"og:image:height\" content=\"421\" \/>\n\t<meta property=\"og:image:type\" content=\"image\/png\" \/>\n<meta name=\"twitter:card\" content=\"summary_large_image\" \/>\n<meta name=\"twitter:label1\" content=\"Gesch\u00e4tzte Lesezeit\" \/>\n\t<meta name=\"twitter:data1\" content=\"8\u00a0Minuten\" \/>\n<script type=\"application\/ld+json\" class=\"yoast-schema-graph\">{\"@context\":\"https:\\\/\\\/schema.org\",\"@graph\":[{\"@type\":\"WebPage\",\"@id\":\"https:\\\/\\\/campinglesgalets.fr\\\/de\\\/camping-perpignan\\\/\",\"url\":\"https:\\\/\\\/campinglesgalets.fr\\\/de\\\/camping-perpignan\\\/\",\"name\":\"4-Sterne-Campingplatz in Perpignan am Meer\",\"isPartOf\":{\"@id\":\"https:\\\/\\\/campinglesgalets.fr\\\/de\\\/#website\"},\"primaryImageOfPage\":{\"@id\":\"https:\\\/\\\/campinglesgalets.fr\\\/de\\\/camping-perpignan\\\/#primaryimage\"},\"image\":{\"@id\":\"https:\\\/\\\/campinglesgalets.fr\\\/de\\\/camping-perpignan\\\/#primaryimage\"},\"thumbnailUrl\":\"https:\\\/\\\/campinglesgalets.fr\\\/wp-content\\\/uploads\\\/2025\\\/11\\\/AdobeStock_449025045-scaled-1.avif\",\"datePublished\":\"2023-03-08T13:39:19+00:00\",\"dateModified\":\"2025-04-14T06:27:07+00:00\",\"description\":\"D\u00e9couvrez le camping Les Galets, un havre de paix \u00e0 deux pas de Perpignan. Profitez d'un cadre naturel exceptionnel et de services de qualit\u00e9 pour des vacances inoubliables en famille ou entre amis.\",\"breadcrumb\":{\"@id\":\"https:\\\/\\\/campinglesgalets.fr\\\/de\\\/camping-perpignan\\\/#breadcrumb\"},\"inLanguage\":\"de\",\"potentialAction\":[{\"@type\":\"ReadAction\",\"target\":[\"https:\\\/\\\/campinglesgalets.fr\\\/de\\\/camping-perpignan\\\/\"]}]},{\"@type\":\"ImageObject\",\"inLanguage\":\"de\",\"@id\":\"https:\\\/\\\/campinglesgalets.fr\\\/de\\\/camping-perpignan\\\/#primaryimage\",\"url\":\"https:\\\/\\\/campinglesgalets.fr\\\/wp-content\\\/uploads\\\/2025\\\/11\\\/AdobeStock_449025045-scaled-1.avif\",\"contentUrl\":\"https:\\\/\\\/campinglesgalets.fr\\\/wp-content\\\/uploads\\\/2025\\\/11\\\/AdobeStock_449025045-scaled-1.avif\",\"width\":2880,\"height\":1620},{\"@type\":\"BreadcrumbList\",\"@id\":\"https:\\\/\\\/campinglesgalets.fr\\\/de\\\/camping-perpignan\\\/#breadcrumb\",\"itemListElement\":[{\"@type\":\"ListItem\",\"position\":1,\"name\":\"Camping \u00e0 Argel\u00e8s-sur-Mer\",\"item\":\"https:\\\/\\\/campinglesgalets.fr\\\/de\\\/\"},{\"@type\":\"ListItem\",\"position\":2,\"name\":\"Campingplatz in der N\u00e4he von Perpignan &#8211; am Meer mit Wasserpark &#8211; Les Galets\"}]},{\"@type\":\"WebSite\",\"@id\":\"https:\\\/\\\/campinglesgalets.fr\\\/de\\\/#website\",\"url\":\"https:\\\/\\\/campinglesgalets.fr\\\/de\\\/\",\"name\":\"Camping les galets\",\"description\":\"Camping Argel\u00e8s-sur-Mer\",\"publisher\":{\"@id\":\"https:\\\/\\\/campinglesgalets.fr\\\/de\\\/#organization\"},\"potentialAction\":[{\"@type\":\"SearchAction\",\"target\":{\"@type\":\"EntryPoint\",\"urlTemplate\":\"https:\\\/\\\/campinglesgalets.fr\\\/de\\\/?s={search_term_string}\"},\"query-input\":{\"@type\":\"PropertyValueSpecification\",\"valueRequired\":true,\"valueName\":\"search_term_string\"}}],\"inLanguage\":\"de\"},{\"@type\":\"Organization\",\"@id\":\"https:\\\/\\\/campinglesgalets.fr\\\/de\\\/#organization\",\"name\":\"Camping les Galets\",\"url\":\"https:\\\/\\\/campinglesgalets.fr\\\/de\\\/\",\"logo\":{\"@type\":\"ImageObject\",\"inLanguage\":\"de\",\"@id\":\"https:\\\/\\\/campinglesgalets.fr\\\/de\\\/#\\\/schema\\\/logo\\\/image\\\/\",\"url\":\"https:\\\/\\\/campinglesgalets.fr\\\/wp-content\\\/uploads\\\/2025\\\/10\\\/Logo_Footer.svg\",\"contentUrl\":\"https:\\\/\\\/campinglesgalets.fr\\\/wp-content\\\/uploads\\\/2025\\\/10\\\/Logo_Footer.svg\",\"width\":267,\"height\":175,\"caption\":\"Camping les Galets\"},\"image\":{\"@id\":\"https:\\\/\\\/campinglesgalets.fr\\\/de\\\/#\\\/schema\\\/logo\\\/image\\\/\"}}]}<\/script>\n<!-- \/ Yoast SEO plugin. -->","yoast_head_json":{"title":"4-Sterne-Campingplatz in Perpignan am Meer","description":"D\u00e9couvrez le camping Les Galets, un havre de paix \u00e0 deux pas de Perpignan. Profitez d'un cadre naturel exceptionnel et de services de qualit\u00e9 pour des vacances inoubliables en famille ou entre amis.","robots":{"index":"index","follow":"follow","max-snippet":"max-snippet:-1","max-image-preview":"max-image-preview:large","max-video-preview":"max-video-preview:-1"},"canonical":"https:\/\/campinglesgalets.fr\/de\/camping-perpignan\/","og_locale":"de_DE","og_type":"article","og_title":"4-Sterne-Campingplatz in Perpignan am Meer","og_description":"D\u00e9couvrez le camping Les Galets, un havre de paix \u00e0 deux pas de Perpignan. Profitez d'un cadre naturel exceptionnel et de services de qualit\u00e9 pour des vacances inoubliables en famille ou entre amis.","og_url":"https:\/\/campinglesgalets.fr\/de\/camping-perpignan\/","og_site_name":"Camping les galets","article_modified_time":"2025-04-14T06:27:07+00:00","og_image":[{"width":1440,"height":421,"url":"https:\/\/campinglesgalets.fr\/wp-content\/uploads\/2023\/03\/header-perpignan.png","type":"image\/png"}],"twitter_card":"summary_large_image","twitter_misc":{"Gesch\u00e4tzte Lesezeit":"8\u00a0Minuten"},"schema":{"@context":"https:\/\/schema.org","@graph":[{"@type":"WebPage","@id":"https:\/\/campinglesgalets.fr\/de\/camping-perpignan\/","url":"https:\/\/campinglesgalets.fr\/de\/camping-perpignan\/","name":"4-Sterne-Campingplatz in Perpignan am Meer","isPartOf":{"@id":"https:\/\/campinglesgalets.fr\/de\/#website"},"primaryImageOfPage":{"@id":"https:\/\/campinglesgalets.fr\/de\/camping-perpignan\/#primaryimage"},"image":{"@id":"https:\/\/campinglesgalets.fr\/de\/camping-perpignan\/#primaryimage"},"thumbnailUrl":"https:\/\/campinglesgalets.fr\/wp-content\/uploads\/2025\/11\/AdobeStock_449025045-scaled-1.avif","datePublished":"2023-03-08T13:39:19+00:00","dateModified":"2025-04-14T06:27:07+00:00","description":"D\u00e9couvrez le camping Les Galets, un havre de paix \u00e0 deux pas de Perpignan. Profitez d'un cadre naturel exceptionnel et de services de qualit\u00e9 pour des vacances inoubliables en famille ou entre amis.","breadcrumb":{"@id":"https:\/\/campinglesgalets.fr\/de\/camping-perpignan\/#breadcrumb"},"inLanguage":"de","potentialAction":[{"@type":"ReadAction","target":["https:\/\/campinglesgalets.fr\/de\/camping-perpignan\/"]}]},{"@type":"ImageObject","inLanguage":"de","@id":"https:\/\/campinglesgalets.fr\/de\/camping-perpignan\/#primaryimage","url":"https:\/\/campinglesgalets.fr\/wp-content\/uploads\/2025\/11\/AdobeStock_449025045-scaled-1.avif","contentUrl":"https:\/\/campinglesgalets.fr\/wp-content\/uploads\/2025\/11\/AdobeStock_449025045-scaled-1.avif","width":2880,"height":1620},{"@type":"BreadcrumbList","@id":"https:\/\/campinglesgalets.fr\/de\/camping-perpignan\/#breadcrumb","itemListElement":[{"@type":"ListItem","position":1,"name":"Camping \u00e0 Argel\u00e8s-sur-Mer","item":"https:\/\/campinglesgalets.fr\/de\/"},{"@type":"ListItem","position":2,"name":"Campingplatz in der N\u00e4he von Perpignan &#8211; am Meer mit Wasserpark &#8211; Les Galets"}]},{"@type":"WebSite","@id":"https:\/\/campinglesgalets.fr\/de\/#website","url":"https:\/\/campinglesgalets.fr\/de\/","name":"Camping les galets","description":"Camping Argel\u00e8s-sur-Mer","publisher":{"@id":"https:\/\/campinglesgalets.fr\/de\/#organization"},"potentialAction":[{"@type":"SearchAction","target":{"@type":"EntryPoint","urlTemplate":"https:\/\/campinglesgalets.fr\/de\/?s={search_term_string}"},"query-input":{"@type":"PropertyValueSpecification","valueRequired":true,"valueName":"search_term_string"}}],"inLanguage":"de"},{"@type":"Organization","@id":"https:\/\/campinglesgalets.fr\/de\/#organization","name":"Camping les Galets","url":"https:\/\/campinglesgalets.fr\/de\/","logo":{"@type":"ImageObject","inLanguage":"de","@id":"https:\/\/campinglesgalets.fr\/de\/#\/schema\/logo\/image\/","url":"https:\/\/campinglesgalets.fr\/wp-content\/uploads\/2025\/10\/Logo_Footer.svg","contentUrl":"https:\/\/campinglesgalets.fr\/wp-content\/uploads\/2025\/10\/Logo_Footer.svg","width":267,"height":175,"caption":"Camping les Galets"},"image":{"@id":"https:\/\/campinglesgalets.fr\/de\/#\/schema\/logo\/image\/"}}]}},"_links":{"self":[{"href":"https:\/\/campinglesgalets.fr\/de\/wp-json\/wp\/v2\/pages\/29042","targetHints":{"allow":["GET"]}}],"collection":[{"href":"https:\/\/campinglesgalets.fr\/de\/wp-json\/wp\/v2\/pages"}],"about":[{"href":"https:\/\/campinglesgalets.fr\/de\/wp-json\/wp\/v2\/types\/page"}],"author":[{"embeddable":true,"href":"https:\/\/campinglesgalets.fr\/de\/wp-json\/wp\/v2\/users\/1"}],"replies":[{"embeddable":true,"href":"https:\/\/campinglesgalets.fr\/de\/wp-json\/wp\/v2\/comments?post=29042"}],"version-history":[{"count":0,"href":"https:\/\/campinglesgalets.fr\/de\/wp-json\/wp\/v2\/pages\/29042\/revisions"}],"wp:featuredmedia":[{"embeddable":true,"href":"https:\/\/campinglesgalets.fr\/de\/wp-json\/wp\/v2\/media\/299482"}],"wp:attachment":[{"href":"https:\/\/campinglesgalets.fr\/de\/wp-json\/wp\/v2\/media?parent=29042"}],"curies":[{"name":"wp","href":"https:\/\/api.w.org\/{rel}","templated":true}]}}