{"id":27990,"date":"2023-12-07T12:11:41","date_gmt":"2023-12-07T11:11:41","guid":{"rendered":"https:\/\/campinglesgalets.fr\/venez-avec-votre-voiture-electrique\/"},"modified":"2025-10-06T10:05:05","modified_gmt":"2025-10-06T09:05:05","slug":"kommen-sie-mit-ihrem-elektroauto","status":"publish","type":"page","link":"https:\/\/campinglesgalets.fr\/de\/kommen-sie-mit-ihrem-elektroauto\/","title":{"rendered":"Kommen Sie mit Ihrem Elektroauto"},"content":{"rendered":"<p>Suchen Sie einen umweltfreundlichen Campingplatz, an dem Sie Ihr Elektroauto w\u00e4hrend Ihres Urlaubs aufladen k\u00f6nnen? Suchen Sie nicht weiter! Auf dem <strong>Campingplatz Les Galets in Argel\u00e8s-sur-Mer<\/strong> haben wir <strong>Ladestationen f\u00fcr Elektrofahrzeuge<\/strong> installiert, um Ihre Reisen zu erleichtern und Ihren Aufenthalt komfortabler zu gestalten. Nutzen Sie diesen praktischen Service, um die Region in aller Ruhe zu erkunden, w\u00e4hrend Sie sicher sein k\u00f6nnen, dass Ihr Auto jederzeit dank unserer Ladestationen bereit ist, weiterzufahren.<\/p>\n<h2><strong>4 Ladestationen ausschlie\u00dflich f\u00fcr Campingg\u00e4ste<\/strong><\/h2>\n<p>Unsere 4 <strong>Hager IRVE<\/strong> Ladestationen, die exklusiv f\u00fcr unsere G\u00e4ste reserviert sind, sind ein unverzichtbares Highlight f\u00fcr Besitzer von Elektrofahrzeugen. An strategischen Orten auf dem Campingplatz gelegen, garantieren unsere Ladestationen schnellen und einfachen Zugang zu der Energie, die Sie ben\u00f6tigen. Jede dieser Stationen bietet <strong>22 kW<\/strong>, sodass Sie Ihr Fahrzeug in nur wenigen Stunden vollst\u00e4ndig aufladen k\u00f6nnen. Der Vorgang wird dank unserer Zusammenarbeit mit Freshmile vereinfacht: Sie m\u00fcssen lediglich die <strong>App herunterladen oder den QR-Code<\/strong> an der Ladestation scannen, um den Ladevorgang zu starten. Auch die Parkpl\u00e4tze wurden f\u00fcr Ihren Komfort geplant, mit 4 reservierten Stellpl\u00e4tzen f\u00fcr Elektrofahrzeuge w\u00e4hrend des Ladevorgangs. So k\u00f6nnen Sie Ihren Urlaub genie\u00dfen und gleichzeitig sicher sein, dass Ihr Auto bestens versorgt wird.<\/p>\n<h2><strong>Warum sollten Sie unseren Campingplatz mit Ladestation w\u00e4hlen?<\/strong><\/h2>\n<p>Der <strong>Campingplatz Les Galets<\/strong> f\u00fcr Ihren Urlaub bedeutet, eine Einrichtung zu w\u00e4hlen, die sich f\u00fcr den \u00f6kologischen Wandel engagiert. Neben ger\u00e4umigen Stellpl\u00e4tzen und modernem Komfort stellen wir unseren G\u00e4sten einen Ladedienst f\u00fcr Elektrofahrzeuge zu einem sehr attraktiven Preis zur Verf\u00fcgung. Mit einem Preis von <strong>0,35 \u20ac pro kWh<\/strong> und ohne zus\u00e4tzliche Geb\u00fchren f\u00fcr das Aufladen bis zu 15 Stunden k\u00f6nnen Sie Ihr Fahrzeug beruhigt angeschlossen lassen, sowohl tags\u00fcber als auch nachts. Dieser exklusive Service ist nur f\u00fcr Campingg\u00e4ste zug\u00e4nglich, dank eines sicheren Badge-Systems. Dadurch wird eine st\u00e4ndige Verf\u00fcgbarkeit der Ladestationen f\u00fcr unsere G\u00e4ste garantiert. Der Campingplatz Les Galets bedeutet auch, sich f\u00fcr eine nachhaltigere Mobilit\u00e4t zu entscheiden und gleichzeitig von einem praktischen und kosteng\u00fcnstigen Service zu profitieren.<\/p>\n<h2><strong>Laden Sie Ihr Auto an einer unserer Ladestationen<\/strong><\/h2>\n<p>Unsere Ladestationen f\u00fcr Elektrofahrzeuge sind so konzipiert, dass sie einfach zu bedienen und f\u00fcr alle unsere G\u00e4ste zug\u00e4nglich sind. Sie k\u00f6nnen Ihr Auto direkt vor Ort problemlos aufladen. Die Ladestationen befinden sich im Herzen unseres Campingplatzes, sodass Sie leicht darauf zugreifen k\u00f6nnen, ohne weite Strecken zur\u00fccklegen zu m\u00fcssen.<\/p>\n<p>W\u00e4hrend Ihr Elektroauto an einer unserer Ladestationen aufgeladen wird, k\u00f6nnen Sie unsere zahlreichen Einrichtungen genie\u00dfen: Pool, Wellnessbereich, Sportaktivit\u00e4ten und Familienanimationen. Die benutzerfreundliche Oberfl\u00e4che der Ladestationen erm\u00f6glicht es Ihnen, den Ladezustand in Echtzeit zu verfolgen, sodass Sie genau wissen, wann Ihr Fahrzeug bereit ist, weiterzufahren. Sie m\u00fcssen sich keine Sorgen mehr machen, eine Ladestation au\u00dferhalb des Campingplatzes zu suchen \u2013 alles ist direkt vor Ort!<\/p>\n<h2><strong>Die Services unseres Campingplatzes mit Ladestation<\/strong><\/h2>\n<p>W\u00e4hrend Ihres Aufenthalts auf dem <strong>Campingplatz in Argel\u00e8s-sur-Mer<\/strong> mit Pool genie\u00dfen Sie nicht nur eine au\u00dfergew\u00f6hnliche Lage zwischen Meer und Bergen, sondern auch eine Vielzahl von Services, die Ihren Urlaub noch angenehmer machen. Neben unseren Ladestationen bieten wir einen herzlichen Empfang, ein Restaurant mit lokalen Gerichten, einen beheizten Pool und Unterhaltung f\u00fcr die ganze Familie.<\/p>\n<p>F\u00fcr die j\u00fcngeren G\u00e4ste gibt es einen Kinderclub, w\u00e4hrend die Erwachsenen sich am Pool entspannen k\u00f6nnen. Alles wurde bedacht, damit Sie einen stressfreien Urlaub genie\u00dfen k\u00f6nnen, mit allen Dienstleistungen, die Sie vor Ort ben\u00f6tigen.<\/p>\n<p>Dank unserer privilegierten Lage in Argel\u00e8s-sur-Mer k\u00f6nnen Sie auch die Reicht\u00fcmer der Region entdecken, w\u00e4hrend Sie sicher sein k\u00f6nnen, dass Ihr Elektrofahrzeug bereit f\u00fcr das n\u00e4chste Abenteuer ist.<\/p>\n<p>Warten Sie nicht l\u00e4nger und buchen Sie noch heute Ihre Mobilheim- oder Stellplatzbuchung auf unserem Campingplatz mit Ladestationen!<\/p>\n<p>&nbsp;<\/p>\n<p>&nbsp;<\/p>\n","protected":false},"excerpt":{"rendered":"<p>Suchen Sie einen umweltfreundlichen Campingplatz, an dem Sie Ihr Elektroauto w\u00e4hrend Ihres Urlaubs aufladen k\u00f6nnen? Suchen Sie nicht weiter! Auf dem Campingplatz Les Galets in Argel\u00e8s-sur-Mer haben wir Ladestationen f\u00fcr Elektrofahrzeuge installiert, um Ihre Reisen zu erleichtern und Ihren Aufenthalt komfortabler zu gestalten. Nutzen Sie diesen praktischen Service, um die Region in aller Ruhe zu [&hellip;]<\/p>\n","protected":false},"author":1,"featured_media":27887,"parent":0,"menu_order":0,"comment_status":"closed","ping_status":"closed","template":"","meta":{"_acf_changed":false,"_et_pb_use_builder":"","_et_pb_old_content":"","_et_gb_content_width":"","footnotes":""},"class_list":["post-27990","page","type-page","status-publish","has-post-thumbnail","hentry"],"acf":[],"yoast_head":"<!-- This site is optimized with the Yoast SEO plugin v27.3 - https:\/\/yoast.com\/product\/yoast-seo-wordpress\/ -->\n<title>Kommen Sie mit Ihrem Elektroauto - Camping les galets<\/title>\n<meta name=\"description\" content=\"Reisen Sie mit Ihrem Elektroauto und nutzen Sie die Ladestationen auf dem Camping Les Galets.\" \/>\n<meta name=\"robots\" content=\"index, follow, max-snippet:-1, max-image-preview:large, max-video-preview:-1\" \/>\n<link rel=\"canonical\" href=\"https:\/\/campinglesgalets.fr\/de\/kommen-sie-mit-ihrem-elektroauto\/\" \/>\n<meta property=\"og:locale\" content=\"de_DE\" \/>\n<meta property=\"og:type\" content=\"article\" \/>\n<meta property=\"og:title\" content=\"Kommen Sie mit Ihrem Elektroauto - Camping les galets\" \/>\n<meta property=\"og:description\" content=\"Reisen Sie mit Ihrem Elektroauto und nutzen Sie die Ladestationen auf dem Camping Les Galets.\" \/>\n<meta property=\"og:url\" content=\"https:\/\/campinglesgalets.fr\/de\/kommen-sie-mit-ihrem-elektroauto\/\" \/>\n<meta property=\"og:site_name\" content=\"Camping les galets\" \/>\n<meta property=\"article:modified_time\" content=\"2025-10-06T09:05:05+00:00\" \/>\n<meta property=\"og:image\" content=\"https:\/\/campinglesgalets.fr\/wp-content\/uploads\/2023\/12\/Quartier-pieton-arbre.jpg\" \/>\n\t<meta property=\"og:image:width\" content=\"1440\" \/>\n\t<meta property=\"og:image:height\" content=\"961\" \/>\n\t<meta property=\"og:image:type\" content=\"image\/jpeg\" \/>\n<meta name=\"twitter:card\" content=\"summary_large_image\" \/>\n<meta name=\"twitter:label1\" content=\"Gesch\u00e4tzte Lesezeit\" \/>\n\t<meta name=\"twitter:data1\" content=\"4\u00a0Minuten\" \/>\n<script type=\"application\/ld+json\" class=\"yoast-schema-graph\">{\"@context\":\"https:\\\/\\\/schema.org\",\"@graph\":[{\"@type\":\"WebPage\",\"@id\":\"https:\\\/\\\/campinglesgalets.fr\\\/de\\\/kommen-sie-mit-ihrem-elektroauto\\\/\",\"url\":\"https:\\\/\\\/campinglesgalets.fr\\\/de\\\/kommen-sie-mit-ihrem-elektroauto\\\/\",\"name\":\"Kommen Sie mit Ihrem Elektroauto - Camping les galets\",\"isPartOf\":{\"@id\":\"https:\\\/\\\/campinglesgalets.fr\\\/de\\\/#website\"},\"primaryImageOfPage\":{\"@id\":\"https:\\\/\\\/campinglesgalets.fr\\\/de\\\/kommen-sie-mit-ihrem-elektroauto\\\/#primaryimage\"},\"image\":{\"@id\":\"https:\\\/\\\/campinglesgalets.fr\\\/de\\\/kommen-sie-mit-ihrem-elektroauto\\\/#primaryimage\"},\"thumbnailUrl\":\"https:\\\/\\\/campinglesgalets.fr\\\/wp-content\\\/uploads\\\/2023\\\/12\\\/Quartier-pieton-arbre.jpg\",\"datePublished\":\"2023-12-07T11:11:41+00:00\",\"dateModified\":\"2025-10-06T09:05:05+00:00\",\"description\":\"Reisen Sie mit Ihrem Elektroauto und nutzen Sie die Ladestationen auf dem Camping Les Galets.\",\"breadcrumb\":{\"@id\":\"https:\\\/\\\/campinglesgalets.fr\\\/de\\\/kommen-sie-mit-ihrem-elektroauto\\\/#breadcrumb\"},\"inLanguage\":\"de\",\"potentialAction\":[{\"@type\":\"ReadAction\",\"target\":[\"https:\\\/\\\/campinglesgalets.fr\\\/de\\\/kommen-sie-mit-ihrem-elektroauto\\\/\"]}]},{\"@type\":\"ImageObject\",\"inLanguage\":\"de\",\"@id\":\"https:\\\/\\\/campinglesgalets.fr\\\/de\\\/kommen-sie-mit-ihrem-elektroauto\\\/#primaryimage\",\"url\":\"https:\\\/\\\/campinglesgalets.fr\\\/wp-content\\\/uploads\\\/2023\\\/12\\\/Quartier-pieton-arbre.jpg\",\"contentUrl\":\"https:\\\/\\\/campinglesgalets.fr\\\/wp-content\\\/uploads\\\/2023\\\/12\\\/Quartier-pieton-arbre.jpg\",\"width\":1440,\"height\":961},{\"@type\":\"BreadcrumbList\",\"@id\":\"https:\\\/\\\/campinglesgalets.fr\\\/de\\\/kommen-sie-mit-ihrem-elektroauto\\\/#breadcrumb\",\"itemListElement\":[{\"@type\":\"ListItem\",\"position\":1,\"name\":\"Camping \u00e0 Argel\u00e8s-sur-Mer\",\"item\":\"https:\\\/\\\/campinglesgalets.fr\\\/de\\\/\"},{\"@type\":\"ListItem\",\"position\":2,\"name\":\"Kommen Sie mit Ihrem Elektroauto\"}]},{\"@type\":\"WebSite\",\"@id\":\"https:\\\/\\\/campinglesgalets.fr\\\/de\\\/#website\",\"url\":\"https:\\\/\\\/campinglesgalets.fr\\\/de\\\/\",\"name\":\"Camping les galets\",\"description\":\"Camping Argel\u00e8s-sur-Mer\",\"publisher\":{\"@id\":\"https:\\\/\\\/campinglesgalets.fr\\\/de\\\/#organization\"},\"potentialAction\":[{\"@type\":\"SearchAction\",\"target\":{\"@type\":\"EntryPoint\",\"urlTemplate\":\"https:\\\/\\\/campinglesgalets.fr\\\/de\\\/?s={search_term_string}\"},\"query-input\":{\"@type\":\"PropertyValueSpecification\",\"valueRequired\":true,\"valueName\":\"search_term_string\"}}],\"inLanguage\":\"de\"},{\"@type\":\"Organization\",\"@id\":\"https:\\\/\\\/campinglesgalets.fr\\\/de\\\/#organization\",\"name\":\"Camping les Galets\",\"url\":\"https:\\\/\\\/campinglesgalets.fr\\\/de\\\/\",\"logo\":{\"@type\":\"ImageObject\",\"inLanguage\":\"de\",\"@id\":\"https:\\\/\\\/campinglesgalets.fr\\\/de\\\/#\\\/schema\\\/logo\\\/image\\\/\",\"url\":\"https:\\\/\\\/campinglesgalets.fr\\\/wp-content\\\/uploads\\\/2025\\\/10\\\/Logo_Footer.svg\",\"contentUrl\":\"https:\\\/\\\/campinglesgalets.fr\\\/wp-content\\\/uploads\\\/2025\\\/10\\\/Logo_Footer.svg\",\"width\":267,\"height\":175,\"caption\":\"Camping les Galets\"},\"image\":{\"@id\":\"https:\\\/\\\/campinglesgalets.fr\\\/de\\\/#\\\/schema\\\/logo\\\/image\\\/\"}}]}<\/script>\n<!-- \/ Yoast SEO plugin. -->","yoast_head_json":{"title":"Kommen Sie mit Ihrem Elektroauto - Camping les galets","description":"Reisen Sie mit Ihrem Elektroauto und nutzen Sie die Ladestationen auf dem Camping Les Galets.","robots":{"index":"index","follow":"follow","max-snippet":"max-snippet:-1","max-image-preview":"max-image-preview:large","max-video-preview":"max-video-preview:-1"},"canonical":"https:\/\/campinglesgalets.fr\/de\/kommen-sie-mit-ihrem-elektroauto\/","og_locale":"de_DE","og_type":"article","og_title":"Kommen Sie mit Ihrem Elektroauto - Camping les galets","og_description":"Reisen Sie mit Ihrem Elektroauto und nutzen Sie die Ladestationen auf dem Camping Les Galets.","og_url":"https:\/\/campinglesgalets.fr\/de\/kommen-sie-mit-ihrem-elektroauto\/","og_site_name":"Camping les galets","article_modified_time":"2025-10-06T09:05:05+00:00","og_image":[{"width":1440,"height":961,"url":"https:\/\/campinglesgalets.fr\/wp-content\/uploads\/2023\/12\/Quartier-pieton-arbre.jpg","type":"image\/jpeg"}],"twitter_card":"summary_large_image","twitter_misc":{"Gesch\u00e4tzte Lesezeit":"4\u00a0Minuten"},"schema":{"@context":"https:\/\/schema.org","@graph":[{"@type":"WebPage","@id":"https:\/\/campinglesgalets.fr\/de\/kommen-sie-mit-ihrem-elektroauto\/","url":"https:\/\/campinglesgalets.fr\/de\/kommen-sie-mit-ihrem-elektroauto\/","name":"Kommen Sie mit Ihrem Elektroauto - Camping les galets","isPartOf":{"@id":"https:\/\/campinglesgalets.fr\/de\/#website"},"primaryImageOfPage":{"@id":"https:\/\/campinglesgalets.fr\/de\/kommen-sie-mit-ihrem-elektroauto\/#primaryimage"},"image":{"@id":"https:\/\/campinglesgalets.fr\/de\/kommen-sie-mit-ihrem-elektroauto\/#primaryimage"},"thumbnailUrl":"https:\/\/campinglesgalets.fr\/wp-content\/uploads\/2023\/12\/Quartier-pieton-arbre.jpg","datePublished":"2023-12-07T11:11:41+00:00","dateModified":"2025-10-06T09:05:05+00:00","description":"Reisen Sie mit Ihrem Elektroauto und nutzen Sie die Ladestationen auf dem Camping Les Galets.","breadcrumb":{"@id":"https:\/\/campinglesgalets.fr\/de\/kommen-sie-mit-ihrem-elektroauto\/#breadcrumb"},"inLanguage":"de","potentialAction":[{"@type":"ReadAction","target":["https:\/\/campinglesgalets.fr\/de\/kommen-sie-mit-ihrem-elektroauto\/"]}]},{"@type":"ImageObject","inLanguage":"de","@id":"https:\/\/campinglesgalets.fr\/de\/kommen-sie-mit-ihrem-elektroauto\/#primaryimage","url":"https:\/\/campinglesgalets.fr\/wp-content\/uploads\/2023\/12\/Quartier-pieton-arbre.jpg","contentUrl":"https:\/\/campinglesgalets.fr\/wp-content\/uploads\/2023\/12\/Quartier-pieton-arbre.jpg","width":1440,"height":961},{"@type":"BreadcrumbList","@id":"https:\/\/campinglesgalets.fr\/de\/kommen-sie-mit-ihrem-elektroauto\/#breadcrumb","itemListElement":[{"@type":"ListItem","position":1,"name":"Camping \u00e0 Argel\u00e8s-sur-Mer","item":"https:\/\/campinglesgalets.fr\/de\/"},{"@type":"ListItem","position":2,"name":"Kommen Sie mit Ihrem Elektroauto"}]},{"@type":"WebSite","@id":"https:\/\/campinglesgalets.fr\/de\/#website","url":"https:\/\/campinglesgalets.fr\/de\/","name":"Camping les galets","description":"Camping Argel\u00e8s-sur-Mer","publisher":{"@id":"https:\/\/campinglesgalets.fr\/de\/#organization"},"potentialAction":[{"@type":"SearchAction","target":{"@type":"EntryPoint","urlTemplate":"https:\/\/campinglesgalets.fr\/de\/?s={search_term_string}"},"query-input":{"@type":"PropertyValueSpecification","valueRequired":true,"valueName":"search_term_string"}}],"inLanguage":"de"},{"@type":"Organization","@id":"https:\/\/campinglesgalets.fr\/de\/#organization","name":"Camping les Galets","url":"https:\/\/campinglesgalets.fr\/de\/","logo":{"@type":"ImageObject","inLanguage":"de","@id":"https:\/\/campinglesgalets.fr\/de\/#\/schema\/logo\/image\/","url":"https:\/\/campinglesgalets.fr\/wp-content\/uploads\/2025\/10\/Logo_Footer.svg","contentUrl":"https:\/\/campinglesgalets.fr\/wp-content\/uploads\/2025\/10\/Logo_Footer.svg","width":267,"height":175,"caption":"Camping les Galets"},"image":{"@id":"https:\/\/campinglesgalets.fr\/de\/#\/schema\/logo\/image\/"}}]}},"_links":{"self":[{"href":"https:\/\/campinglesgalets.fr\/de\/wp-json\/wp\/v2\/pages\/27990","targetHints":{"allow":["GET"]}}],"collection":[{"href":"https:\/\/campinglesgalets.fr\/de\/wp-json\/wp\/v2\/pages"}],"about":[{"href":"https:\/\/campinglesgalets.fr\/de\/wp-json\/wp\/v2\/types\/page"}],"author":[{"embeddable":true,"href":"https:\/\/campinglesgalets.fr\/de\/wp-json\/wp\/v2\/users\/1"}],"replies":[{"embeddable":true,"href":"https:\/\/campinglesgalets.fr\/de\/wp-json\/wp\/v2\/comments?post=27990"}],"version-history":[{"count":0,"href":"https:\/\/campinglesgalets.fr\/de\/wp-json\/wp\/v2\/pages\/27990\/revisions"}],"wp:featuredmedia":[{"embeddable":true,"href":"https:\/\/campinglesgalets.fr\/de\/wp-json\/wp\/v2\/media\/27887"}],"wp:attachment":[{"href":"https:\/\/campinglesgalets.fr\/de\/wp-json\/wp\/v2\/media?parent=27990"}],"curies":[{"name":"wp","href":"https:\/\/api.w.org\/{rel}","templated":true}]}}