{"id":25914,"date":"2023-03-09T16:47:53","date_gmt":"2023-03-09T15:47:53","guid":{"rendered":"https:\/\/campinglesgalets.fr\/devenir-proprietaire-dun-mobil-home-a-argeles-sur-mer\/"},"modified":"2025-10-06T10:15:37","modified_gmt":"2025-10-06T09:15:37","slug":"wohnungseigentumer","status":"publish","type":"page","link":"https:\/\/campinglesgalets.fr\/de\/wohnungseigentumer\/","title":{"rendered":"Wohnungseigent\u00fcmer"},"content":{"rendered":"<p>Sie k\u00f6nnen auch Eigent\u00fcmer eines Mobilhomes oder Chalets in Argel\u00e8s-sur-mer werden (nicht als dauerhafter Wohnsitz). Wenn Sie sich daf\u00fcr entscheiden, Eigent\u00fcmer im <em>Camping-Club Les Galets<\/em> zu werden, haben\u00a0 Sie die M\u00f6glichkeit, Ihre Ferien und Freizeit regelm\u00e4\u00dfig in einem Feriendomizil zu verbringen, das Ihnen einen hohen Komfort, Natur pur und zahlreiche Freizeitm\u00f6glichkeiten zugleich bietet. Je nach Budget, bieten wir Ihnen den Kauf einer neuen oder schon etwas \u00e4lteren Unterkunft an.<\/p>\n<p>Profitieren Sie von Ihrer freien Zeit ab dem 1. Januar bis zum 31. Dezember; Sie d\u00fcrfen bis zu maximal 5 Monate im Jahr hier verbringen. Genie\u00dfen Sie alle Vorteile eines vier-Stern Camping-Clubs. Wohnen Sie in Ihrer eigenen, modernen Unterkunft, ausgestattet mit allem, was man f\u00fcr sch\u00f6ne Ferien ben\u00f6tigt.<\/p>\n<p><u>Vermieten Sie Ihr Mobilhome, wenn Sie es gerade nicht selber nutzen:<\/u><\/p>\n<ul>\n<li>Die Campingplatzleitung \u00fcbernimmt die Vermietung f\u00fcr Sie<\/li>\n<li>Sie erhalten 70% der Mieteinnahmen<\/li>\n<li>Unser Team k\u00fcmmert sich um die Vermarktung, die Instandhaltung und Reinigung sowie den Empfang der Mieter<\/li>\n<li>Sie zahlen eine j\u00e4hrliche Geb\u00fchr und erhalten einen Vertrag, der Ihre Rechte sichert<\/li>\n<\/ul>\n<p>Unsere Mobilhomes befinden sich auf Parzellen von mindestens 100m\u00b2 \u00a0und sind 20-35m\u00b2 gro\u00df. Sie besitzen eine Holzterrasse,\u00a0 die sich wunderbar in das Ambiente des Campingplatzes einf\u00fcgt. Zu jedem Grundst\u00fcck gibt es einen Autostellplatz. Seit mehr als 40 Jahren erweisen uns 160 Familien ihr Vertrauen und k\u00f6nnen ihre Unterkunft genie\u00dfen wann immer sie es wollen!<\/p>\n<p>Haben Sie Lust auf ein zweites Standbein in Argeles-sur-mer in den <em>Pyr\u00e9n\u00e9es Orientales,<\/em> um ganzj\u00e4hrig das Mittelmeerklima genie\u00dfen zu k\u00f6nnen?&#8230; z\u00f6gern Sie nicht uns zu kontaktieren. F\u00fcr weitere Informationen stehen wir gerne zur Verf\u00fcgung. Tel: 0033-4-68.81.08.12 oder per mail: <a href=\"mailto:lesgalets@campinglesgalets.fr\">lesgalets@campinglesgalets.fr<\/a><\/p>\n","protected":false},"excerpt":{"rendered":"<p>Sie k\u00f6nnen auch Eigent\u00fcmer eines Mobilhomes oder Chalets in Argel\u00e8s-sur-mer werden (nicht als dauerhafter Wohnsitz). Wenn Sie sich daf\u00fcr entscheiden, Eigent\u00fcmer im Camping-Club Les Galets zu werden, haben\u00a0 Sie die M\u00f6glichkeit, Ihre Ferien und Freizeit regelm\u00e4\u00dfig in einem Feriendomizil zu verbringen, das Ihnen einen hohen Komfort, Natur pur und zahlreiche Freizeitm\u00f6glichkeiten zugleich bietet. Je nach [&hellip;]<\/p>\n","protected":false},"author":1,"featured_media":24862,"parent":0,"menu_order":0,"comment_status":"closed","ping_status":"closed","template":"","meta":{"_acf_changed":false,"_et_pb_use_builder":"","_et_pb_old_content":"","_et_gb_content_width":"","footnotes":""},"class_list":["post-25914","page","type-page","status-publish","has-post-thumbnail","hentry"],"acf":[],"yoast_head":"<!-- This site is optimized with the Yoast SEO plugin v27.4 - https:\/\/yoast.com\/product\/yoast-seo-wordpress\/ -->\n<title>Kauf Mobilheim Argeles sur Mer - Mobilheim zum Verkauf in Camping Argeles<\/title>\n<meta name=\"description\" content=\"Erfahren Sie, wie Sie Eigent\u00fcmer eines Mobilheims im Camping Les Galets werden k\u00f6nnen.\" \/>\n<meta name=\"robots\" content=\"index, follow, max-snippet:-1, max-image-preview:large, max-video-preview:-1\" \/>\n<link rel=\"canonical\" href=\"https:\/\/campinglesgalets.fr\/de\/wohnungseigentumer\/\" \/>\n<meta property=\"og:locale\" content=\"de_DE\" \/>\n<meta property=\"og:type\" content=\"article\" \/>\n<meta property=\"og:title\" content=\"Kauf Mobilheim Argeles sur Mer - Mobilheim zum Verkauf in Camping Argeles\" \/>\n<meta property=\"og:description\" content=\"Erfahren Sie, wie Sie Eigent\u00fcmer eines Mobilheims im Camping Les Galets werden k\u00f6nnen.\" \/>\n<meta property=\"og:url\" content=\"https:\/\/campinglesgalets.fr\/de\/wohnungseigentumer\/\" \/>\n<meta property=\"og:site_name\" content=\"Camping les galets\" \/>\n<meta property=\"article:modified_time\" content=\"2025-10-06T09:15:37+00:00\" \/>\n<meta property=\"og:image\" content=\"https:\/\/campinglesgalets.fr\/wp-content\/uploads\/2023\/03\/interieur_premium_retaillee-2100x1031-1.jpg\" \/>\n\t<meta property=\"og:image:width\" content=\"2100\" \/>\n\t<meta property=\"og:image:height\" content=\"1031\" \/>\n\t<meta property=\"og:image:type\" content=\"image\/jpeg\" \/>\n<meta name=\"twitter:card\" content=\"summary_large_image\" \/>\n<meta name=\"twitter:label1\" content=\"Gesch\u00e4tzte Lesezeit\" \/>\n\t<meta name=\"twitter:data1\" content=\"2\u00a0Minuten\" \/>\n<script type=\"application\/ld+json\" class=\"yoast-schema-graph\">{\"@context\":\"https:\\\/\\\/schema.org\",\"@graph\":[{\"@type\":\"WebPage\",\"@id\":\"https:\\\/\\\/campinglesgalets.fr\\\/de\\\/wohnungseigentumer\\\/\",\"url\":\"https:\\\/\\\/campinglesgalets.fr\\\/de\\\/wohnungseigentumer\\\/\",\"name\":\"Kauf Mobilheim Argeles sur Mer - Mobilheim zum Verkauf in Camping Argeles\",\"isPartOf\":{\"@id\":\"https:\\\/\\\/campinglesgalets.fr\\\/de\\\/#website\"},\"primaryImageOfPage\":{\"@id\":\"https:\\\/\\\/campinglesgalets.fr\\\/de\\\/wohnungseigentumer\\\/#primaryimage\"},\"image\":{\"@id\":\"https:\\\/\\\/campinglesgalets.fr\\\/de\\\/wohnungseigentumer\\\/#primaryimage\"},\"thumbnailUrl\":\"https:\\\/\\\/campinglesgalets.fr\\\/wp-content\\\/uploads\\\/2023\\\/03\\\/interieur_premium_retaillee-2100x1031-1.jpg\",\"datePublished\":\"2023-03-09T15:47:53+00:00\",\"dateModified\":\"2025-10-06T09:15:37+00:00\",\"description\":\"Erfahren Sie, wie Sie Eigent\u00fcmer eines Mobilheims im Camping Les Galets werden k\u00f6nnen.\",\"breadcrumb\":{\"@id\":\"https:\\\/\\\/campinglesgalets.fr\\\/de\\\/wohnungseigentumer\\\/#breadcrumb\"},\"inLanguage\":\"de\",\"potentialAction\":[{\"@type\":\"ReadAction\",\"target\":[\"https:\\\/\\\/campinglesgalets.fr\\\/de\\\/wohnungseigentumer\\\/\"]}]},{\"@type\":\"ImageObject\",\"inLanguage\":\"de\",\"@id\":\"https:\\\/\\\/campinglesgalets.fr\\\/de\\\/wohnungseigentumer\\\/#primaryimage\",\"url\":\"https:\\\/\\\/campinglesgalets.fr\\\/wp-content\\\/uploads\\\/2023\\\/03\\\/interieur_premium_retaillee-2100x1031-1.jpg\",\"contentUrl\":\"https:\\\/\\\/campinglesgalets.fr\\\/wp-content\\\/uploads\\\/2023\\\/03\\\/interieur_premium_retaillee-2100x1031-1.jpg\",\"width\":2100,\"height\":1031},{\"@type\":\"BreadcrumbList\",\"@id\":\"https:\\\/\\\/campinglesgalets.fr\\\/de\\\/wohnungseigentumer\\\/#breadcrumb\",\"itemListElement\":[{\"@type\":\"ListItem\",\"position\":1,\"name\":\"Camping \u00e0 Argel\u00e8s-sur-Mer\",\"item\":\"https:\\\/\\\/campinglesgalets.fr\\\/de\\\/\"},{\"@type\":\"ListItem\",\"position\":2,\"name\":\"Wohnungseigent\u00fcmer\"}]},{\"@type\":\"WebSite\",\"@id\":\"https:\\\/\\\/campinglesgalets.fr\\\/de\\\/#website\",\"url\":\"https:\\\/\\\/campinglesgalets.fr\\\/de\\\/\",\"name\":\"Camping les galets\",\"description\":\"Camping Argel\u00e8s-sur-Mer\",\"publisher\":{\"@id\":\"https:\\\/\\\/campinglesgalets.fr\\\/de\\\/#organization\"},\"potentialAction\":[{\"@type\":\"SearchAction\",\"target\":{\"@type\":\"EntryPoint\",\"urlTemplate\":\"https:\\\/\\\/campinglesgalets.fr\\\/de\\\/?s={search_term_string}\"},\"query-input\":{\"@type\":\"PropertyValueSpecification\",\"valueRequired\":true,\"valueName\":\"search_term_string\"}}],\"inLanguage\":\"de\"},{\"@type\":\"Organization\",\"@id\":\"https:\\\/\\\/campinglesgalets.fr\\\/de\\\/#organization\",\"name\":\"Camping les Galets\",\"url\":\"https:\\\/\\\/campinglesgalets.fr\\\/de\\\/\",\"logo\":{\"@type\":\"ImageObject\",\"inLanguage\":\"de\",\"@id\":\"https:\\\/\\\/campinglesgalets.fr\\\/de\\\/#\\\/schema\\\/logo\\\/image\\\/\",\"url\":\"https:\\\/\\\/campinglesgalets.fr\\\/wp-content\\\/uploads\\\/2025\\\/10\\\/Logo_Footer.svg\",\"contentUrl\":\"https:\\\/\\\/campinglesgalets.fr\\\/wp-content\\\/uploads\\\/2025\\\/10\\\/Logo_Footer.svg\",\"width\":267,\"height\":175,\"caption\":\"Camping les Galets\"},\"image\":{\"@id\":\"https:\\\/\\\/campinglesgalets.fr\\\/de\\\/#\\\/schema\\\/logo\\\/image\\\/\"}}]}<\/script>\n<!-- \/ Yoast SEO plugin. -->","yoast_head_json":{"title":"Kauf Mobilheim Argeles sur Mer - Mobilheim zum Verkauf in Camping Argeles","description":"Erfahren Sie, wie Sie Eigent\u00fcmer eines Mobilheims im Camping Les Galets werden k\u00f6nnen.","robots":{"index":"index","follow":"follow","max-snippet":"max-snippet:-1","max-image-preview":"max-image-preview:large","max-video-preview":"max-video-preview:-1"},"canonical":"https:\/\/campinglesgalets.fr\/de\/wohnungseigentumer\/","og_locale":"de_DE","og_type":"article","og_title":"Kauf Mobilheim Argeles sur Mer - Mobilheim zum Verkauf in Camping Argeles","og_description":"Erfahren Sie, wie Sie Eigent\u00fcmer eines Mobilheims im Camping Les Galets werden k\u00f6nnen.","og_url":"https:\/\/campinglesgalets.fr\/de\/wohnungseigentumer\/","og_site_name":"Camping les galets","article_modified_time":"2025-10-06T09:15:37+00:00","og_image":[{"width":2100,"height":1031,"url":"https:\/\/campinglesgalets.fr\/wp-content\/uploads\/2023\/03\/interieur_premium_retaillee-2100x1031-1.jpg","type":"image\/jpeg"}],"twitter_card":"summary_large_image","twitter_misc":{"Gesch\u00e4tzte Lesezeit":"2\u00a0Minuten"},"schema":{"@context":"https:\/\/schema.org","@graph":[{"@type":"WebPage","@id":"https:\/\/campinglesgalets.fr\/de\/wohnungseigentumer\/","url":"https:\/\/campinglesgalets.fr\/de\/wohnungseigentumer\/","name":"Kauf Mobilheim Argeles sur Mer - Mobilheim zum Verkauf in Camping Argeles","isPartOf":{"@id":"https:\/\/campinglesgalets.fr\/de\/#website"},"primaryImageOfPage":{"@id":"https:\/\/campinglesgalets.fr\/de\/wohnungseigentumer\/#primaryimage"},"image":{"@id":"https:\/\/campinglesgalets.fr\/de\/wohnungseigentumer\/#primaryimage"},"thumbnailUrl":"https:\/\/campinglesgalets.fr\/wp-content\/uploads\/2023\/03\/interieur_premium_retaillee-2100x1031-1.jpg","datePublished":"2023-03-09T15:47:53+00:00","dateModified":"2025-10-06T09:15:37+00:00","description":"Erfahren Sie, wie Sie Eigent\u00fcmer eines Mobilheims im Camping Les Galets werden k\u00f6nnen.","breadcrumb":{"@id":"https:\/\/campinglesgalets.fr\/de\/wohnungseigentumer\/#breadcrumb"},"inLanguage":"de","potentialAction":[{"@type":"ReadAction","target":["https:\/\/campinglesgalets.fr\/de\/wohnungseigentumer\/"]}]},{"@type":"ImageObject","inLanguage":"de","@id":"https:\/\/campinglesgalets.fr\/de\/wohnungseigentumer\/#primaryimage","url":"https:\/\/campinglesgalets.fr\/wp-content\/uploads\/2023\/03\/interieur_premium_retaillee-2100x1031-1.jpg","contentUrl":"https:\/\/campinglesgalets.fr\/wp-content\/uploads\/2023\/03\/interieur_premium_retaillee-2100x1031-1.jpg","width":2100,"height":1031},{"@type":"BreadcrumbList","@id":"https:\/\/campinglesgalets.fr\/de\/wohnungseigentumer\/#breadcrumb","itemListElement":[{"@type":"ListItem","position":1,"name":"Camping \u00e0 Argel\u00e8s-sur-Mer","item":"https:\/\/campinglesgalets.fr\/de\/"},{"@type":"ListItem","position":2,"name":"Wohnungseigent\u00fcmer"}]},{"@type":"WebSite","@id":"https:\/\/campinglesgalets.fr\/de\/#website","url":"https:\/\/campinglesgalets.fr\/de\/","name":"Camping les galets","description":"Camping Argel\u00e8s-sur-Mer","publisher":{"@id":"https:\/\/campinglesgalets.fr\/de\/#organization"},"potentialAction":[{"@type":"SearchAction","target":{"@type":"EntryPoint","urlTemplate":"https:\/\/campinglesgalets.fr\/de\/?s={search_term_string}"},"query-input":{"@type":"PropertyValueSpecification","valueRequired":true,"valueName":"search_term_string"}}],"inLanguage":"de"},{"@type":"Organization","@id":"https:\/\/campinglesgalets.fr\/de\/#organization","name":"Camping les Galets","url":"https:\/\/campinglesgalets.fr\/de\/","logo":{"@type":"ImageObject","inLanguage":"de","@id":"https:\/\/campinglesgalets.fr\/de\/#\/schema\/logo\/image\/","url":"https:\/\/campinglesgalets.fr\/wp-content\/uploads\/2025\/10\/Logo_Footer.svg","contentUrl":"https:\/\/campinglesgalets.fr\/wp-content\/uploads\/2025\/10\/Logo_Footer.svg","width":267,"height":175,"caption":"Camping les Galets"},"image":{"@id":"https:\/\/campinglesgalets.fr\/de\/#\/schema\/logo\/image\/"}}]}},"_links":{"self":[{"href":"https:\/\/campinglesgalets.fr\/de\/wp-json\/wp\/v2\/pages\/25914","targetHints":{"allow":["GET"]}}],"collection":[{"href":"https:\/\/campinglesgalets.fr\/de\/wp-json\/wp\/v2\/pages"}],"about":[{"href":"https:\/\/campinglesgalets.fr\/de\/wp-json\/wp\/v2\/types\/page"}],"author":[{"embeddable":true,"href":"https:\/\/campinglesgalets.fr\/de\/wp-json\/wp\/v2\/users\/1"}],"replies":[{"embeddable":true,"href":"https:\/\/campinglesgalets.fr\/de\/wp-json\/wp\/v2\/comments?post=25914"}],"version-history":[{"count":0,"href":"https:\/\/campinglesgalets.fr\/de\/wp-json\/wp\/v2\/pages\/25914\/revisions"}],"wp:featuredmedia":[{"embeddable":true,"href":"https:\/\/campinglesgalets.fr\/de\/wp-json\/wp\/v2\/media\/24862"}],"wp:attachment":[{"href":"https:\/\/campinglesgalets.fr\/de\/wp-json\/wp\/v2\/media?parent=25914"}],"curies":[{"name":"wp","href":"https:\/\/api.w.org\/{rel}","templated":true}]}}