{"id":25884,"date":"2023-03-08T15:08:15","date_gmt":"2023-03-08T14:08:15","guid":{"rendered":"https:\/\/campinglesgalets.fr\/pass-patrimoine\/"},"modified":"2023-03-28T15:39:27","modified_gmt":"2023-03-28T14:39:27","slug":"pass-patrimoine","status":"publish","type":"page","link":"https:\/\/campinglesgalets.fr\/de\/pass-patrimoine\/","title":{"rendered":"Pass Patrimoine"},"content":{"rendered":"<p>Das Departement Pyrenees-Orientales wird Liebhabern des Kulturerbes und der Kultur gefallen, sie werden nicht vers\u00e4umen, die Orgel von Ille-sur-Tet, die Festung von Salses und viele andere historische St\u00e4tten zu besuchen.<\/p>\n<p>Erhalten Sie einen erm\u00e4\u00dfigten Preis f\u00fcr Ihren zweiten Besuch, erfahren Sie mehr \u00fcber die Nutzungsbedingungen und die betreffenden historischen Denkm\u00e4ler, indem Sie Ihren Heritage Pass herunterladen, indem Sie hier klicken!<\/p>\n<p>Wenn Sie ein gro\u00dfer Liebhaber des Kulturerbes sind, werden Sie sicherlich die sch\u00f6nsten Monumente von Perpignan und den \u00f6stlichen Pyren\u00e4en w\u00e4hrend Ihres Besuchs auf katalanischem Boden besuchen m\u00f6chten.<\/p>\n<p>Mit dem Heritage Pass erhalten Sie Rabatte auf den Ticketpreis von mehr als 60 kostenpflichtigen Kulturst\u00e4tten in der 66: Abteien, Schl\u00f6sser, Museen, Festungen, mittelalterliche D\u00f6rfer&#8230; Dieser spezielle Pass bietet Ihnen zugang zu einem erm\u00e4\u00dfigten Preis f\u00fcr den zweiten Besuch einer Website. Die Erm\u00e4\u00dfigung gilt zum Beispiel, wenn Sie zu mehreren Reisen sind. Sie zahlen den normalen Preis f\u00fcr ein Ticket, und ein g\u00fcnstigerer Preis wird f\u00fcr die Mitbetreuer angewendet.<\/p>\n<p>Der Heritage Pass 66 ist v\u00f6llig kostenlos. Sie k\u00f6nnen es an den 60 Standorten, in den Fremdenverkehrs\u00e4mtern und den Partner-Betreuungseinrichtungen erhalten. Es tr\u00e4gt zur Ausstrahlung der katalanischen Kultur bei und erm\u00f6glicht es Ihnen, die fabelhaften kulturellen Sch\u00e4tze der \u00f6stlichen Pyren\u00e4en zu entdecken und gleichzeitig Ihre Ausgaben zu senken.<\/p>\n<p>Nehmen Sie sich die Zeit, das Dokument mit allen Informationen \u00fcber den Heritage Pass vor Ihrem Aufenthalt auf dem Campingplatz Argel\u00e8s sur Mer herunterzuladen. Es enth\u00e4lt praktische Informationen wie Liste, Fahrpl\u00e4ne, Tarife mit und ohne Erm\u00e4\u00dfigung aller Partner-Websites.<\/p>\n","protected":false},"excerpt":{"rendered":"<p>Das Departement Pyrenees-Orientales wird Liebhabern des Kulturerbes und der Kultur gefallen, sie werden nicht vers\u00e4umen, die Orgel von Ille-sur-Tet, die Festung von Salses und viele andere historische St\u00e4tten zu besuchen. Erhalten Sie einen erm\u00e4\u00dfigten Preis f\u00fcr Ihren zweiten Besuch, erfahren Sie mehr \u00fcber die Nutzungsbedingungen und die betreffenden historischen Denkm\u00e4ler, indem Sie Ihren Heritage Pass [&hellip;]<\/p>\n","protected":false},"author":1,"featured_media":24817,"parent":0,"menu_order":0,"comment_status":"closed","ping_status":"closed","template":"","meta":{"_acf_changed":false,"_et_pb_use_builder":"","_et_pb_old_content":"","_et_gb_content_width":"","footnotes":""},"class_list":["post-25884","page","type-page","status-publish","has-post-thumbnail","hentry"],"acf":[],"yoast_head":"<!-- This site is optimized with the Yoast SEO plugin v27.3 - https:\/\/yoast.com\/product\/yoast-seo-wordpress\/ -->\n<title>Heritage Pass 66: Rabatte auf Ihre Besuche in den \u00f6stlichen Pyren\u00e4en<\/title>\n<meta name=\"robots\" content=\"index, follow, max-snippet:-1, max-image-preview:large, max-video-preview:-1\" \/>\n<link rel=\"canonical\" href=\"https:\/\/campinglesgalets.fr\/de\/pass-patrimoine\/\" \/>\n<meta property=\"og:locale\" content=\"de_DE\" \/>\n<meta property=\"og:type\" content=\"article\" \/>\n<meta property=\"og:title\" content=\"Heritage Pass 66: Rabatte auf Ihre Besuche in den \u00f6stlichen Pyren\u00e4en\" \/>\n<meta property=\"og:description\" content=\"Das Departement Pyrenees-Orientales wird Liebhabern des Kulturerbes und der Kultur gefallen, sie werden nicht vers\u00e4umen, die Orgel von Ille-sur-Tet, die Festung von Salses und viele andere historische St\u00e4tten zu besuchen. Erhalten Sie einen erm\u00e4\u00dfigten Preis f\u00fcr Ihren zweiten Besuch, erfahren Sie mehr \u00fcber die Nutzungsbedingungen und die betreffenden historischen Denkm\u00e4ler, indem Sie Ihren Heritage Pass [&hellip;]\" \/>\n<meta property=\"og:url\" content=\"https:\/\/campinglesgalets.fr\/de\/pass-patrimoine\/\" \/>\n<meta property=\"og:site_name\" content=\"Camping les galets\" \/>\n<meta property=\"article:modified_time\" content=\"2023-03-28T14:39:27+00:00\" \/>\n<meta property=\"og:image\" content=\"https:\/\/campinglesgalets.fr\/wp-content\/uploads\/2023\/03\/notre_dame_du_chateau_light.jpg\" \/>\n\t<meta property=\"og:image:width\" content=\"1500\" \/>\n\t<meta property=\"og:image:height\" content=\"1004\" \/>\n\t<meta property=\"og:image:type\" content=\"image\/jpeg\" \/>\n<meta name=\"twitter:card\" content=\"summary_large_image\" \/>\n<meta name=\"twitter:label1\" content=\"Gesch\u00e4tzte Lesezeit\" \/>\n\t<meta name=\"twitter:data1\" content=\"2\u00a0Minuten\" \/>\n<script type=\"application\/ld+json\" class=\"yoast-schema-graph\">{\"@context\":\"https:\\\/\\\/schema.org\",\"@graph\":[{\"@type\":\"WebPage\",\"@id\":\"https:\\\/\\\/campinglesgalets.fr\\\/de\\\/pass-patrimoine\\\/\",\"url\":\"https:\\\/\\\/campinglesgalets.fr\\\/de\\\/pass-patrimoine\\\/\",\"name\":\"Heritage Pass 66: Rabatte auf Ihre Besuche in den \u00f6stlichen Pyren\u00e4en\",\"isPartOf\":{\"@id\":\"https:\\\/\\\/campinglesgalets.fr\\\/de\\\/#website\"},\"primaryImageOfPage\":{\"@id\":\"https:\\\/\\\/campinglesgalets.fr\\\/de\\\/pass-patrimoine\\\/#primaryimage\"},\"image\":{\"@id\":\"https:\\\/\\\/campinglesgalets.fr\\\/de\\\/pass-patrimoine\\\/#primaryimage\"},\"thumbnailUrl\":\"https:\\\/\\\/campinglesgalets.fr\\\/wp-content\\\/uploads\\\/2023\\\/03\\\/notre_dame_du_chateau_light.jpg\",\"datePublished\":\"2023-03-08T14:08:15+00:00\",\"dateModified\":\"2023-03-28T14:39:27+00:00\",\"breadcrumb\":{\"@id\":\"https:\\\/\\\/campinglesgalets.fr\\\/de\\\/pass-patrimoine\\\/#breadcrumb\"},\"inLanguage\":\"de\",\"potentialAction\":[{\"@type\":\"ReadAction\",\"target\":[\"https:\\\/\\\/campinglesgalets.fr\\\/de\\\/pass-patrimoine\\\/\"]}]},{\"@type\":\"ImageObject\",\"inLanguage\":\"de\",\"@id\":\"https:\\\/\\\/campinglesgalets.fr\\\/de\\\/pass-patrimoine\\\/#primaryimage\",\"url\":\"https:\\\/\\\/campinglesgalets.fr\\\/wp-content\\\/uploads\\\/2023\\\/03\\\/notre_dame_du_chateau_light.jpg\",\"contentUrl\":\"https:\\\/\\\/campinglesgalets.fr\\\/wp-content\\\/uploads\\\/2023\\\/03\\\/notre_dame_du_chateau_light.jpg\",\"width\":1500,\"height\":1004},{\"@type\":\"BreadcrumbList\",\"@id\":\"https:\\\/\\\/campinglesgalets.fr\\\/de\\\/pass-patrimoine\\\/#breadcrumb\",\"itemListElement\":[{\"@type\":\"ListItem\",\"position\":1,\"name\":\"Camping \u00e0 Argel\u00e8s-sur-Mer\",\"item\":\"https:\\\/\\\/campinglesgalets.fr\\\/de\\\/\"},{\"@type\":\"ListItem\",\"position\":2,\"name\":\"Pass Patrimoine\"}]},{\"@type\":\"WebSite\",\"@id\":\"https:\\\/\\\/campinglesgalets.fr\\\/de\\\/#website\",\"url\":\"https:\\\/\\\/campinglesgalets.fr\\\/de\\\/\",\"name\":\"Camping les galets\",\"description\":\"Camping Argel\u00e8s-sur-Mer\",\"publisher\":{\"@id\":\"https:\\\/\\\/campinglesgalets.fr\\\/de\\\/#organization\"},\"potentialAction\":[{\"@type\":\"SearchAction\",\"target\":{\"@type\":\"EntryPoint\",\"urlTemplate\":\"https:\\\/\\\/campinglesgalets.fr\\\/de\\\/?s={search_term_string}\"},\"query-input\":{\"@type\":\"PropertyValueSpecification\",\"valueRequired\":true,\"valueName\":\"search_term_string\"}}],\"inLanguage\":\"de\"},{\"@type\":\"Organization\",\"@id\":\"https:\\\/\\\/campinglesgalets.fr\\\/de\\\/#organization\",\"name\":\"Camping les Galets\",\"url\":\"https:\\\/\\\/campinglesgalets.fr\\\/de\\\/\",\"logo\":{\"@type\":\"ImageObject\",\"inLanguage\":\"de\",\"@id\":\"https:\\\/\\\/campinglesgalets.fr\\\/de\\\/#\\\/schema\\\/logo\\\/image\\\/\",\"url\":\"https:\\\/\\\/campinglesgalets.fr\\\/wp-content\\\/uploads\\\/2025\\\/10\\\/Logo_Footer.svg\",\"contentUrl\":\"https:\\\/\\\/campinglesgalets.fr\\\/wp-content\\\/uploads\\\/2025\\\/10\\\/Logo_Footer.svg\",\"width\":267,\"height\":175,\"caption\":\"Camping les Galets\"},\"image\":{\"@id\":\"https:\\\/\\\/campinglesgalets.fr\\\/de\\\/#\\\/schema\\\/logo\\\/image\\\/\"}}]}<\/script>\n<!-- \/ Yoast SEO plugin. -->","yoast_head_json":{"title":"Heritage Pass 66: Rabatte auf Ihre Besuche in den \u00f6stlichen Pyren\u00e4en","robots":{"index":"index","follow":"follow","max-snippet":"max-snippet:-1","max-image-preview":"max-image-preview:large","max-video-preview":"max-video-preview:-1"},"canonical":"https:\/\/campinglesgalets.fr\/de\/pass-patrimoine\/","og_locale":"de_DE","og_type":"article","og_title":"Heritage Pass 66: Rabatte auf Ihre Besuche in den \u00f6stlichen Pyren\u00e4en","og_description":"Das Departement Pyrenees-Orientales wird Liebhabern des Kulturerbes und der Kultur gefallen, sie werden nicht vers\u00e4umen, die Orgel von Ille-sur-Tet, die Festung von Salses und viele andere historische St\u00e4tten zu besuchen. Erhalten Sie einen erm\u00e4\u00dfigten Preis f\u00fcr Ihren zweiten Besuch, erfahren Sie mehr \u00fcber die Nutzungsbedingungen und die betreffenden historischen Denkm\u00e4ler, indem Sie Ihren Heritage Pass [&hellip;]","og_url":"https:\/\/campinglesgalets.fr\/de\/pass-patrimoine\/","og_site_name":"Camping les galets","article_modified_time":"2023-03-28T14:39:27+00:00","og_image":[{"width":1500,"height":1004,"url":"https:\/\/campinglesgalets.fr\/wp-content\/uploads\/2023\/03\/notre_dame_du_chateau_light.jpg","type":"image\/jpeg"}],"twitter_card":"summary_large_image","twitter_misc":{"Gesch\u00e4tzte Lesezeit":"2\u00a0Minuten"},"schema":{"@context":"https:\/\/schema.org","@graph":[{"@type":"WebPage","@id":"https:\/\/campinglesgalets.fr\/de\/pass-patrimoine\/","url":"https:\/\/campinglesgalets.fr\/de\/pass-patrimoine\/","name":"Heritage Pass 66: Rabatte auf Ihre Besuche in den \u00f6stlichen Pyren\u00e4en","isPartOf":{"@id":"https:\/\/campinglesgalets.fr\/de\/#website"},"primaryImageOfPage":{"@id":"https:\/\/campinglesgalets.fr\/de\/pass-patrimoine\/#primaryimage"},"image":{"@id":"https:\/\/campinglesgalets.fr\/de\/pass-patrimoine\/#primaryimage"},"thumbnailUrl":"https:\/\/campinglesgalets.fr\/wp-content\/uploads\/2023\/03\/notre_dame_du_chateau_light.jpg","datePublished":"2023-03-08T14:08:15+00:00","dateModified":"2023-03-28T14:39:27+00:00","breadcrumb":{"@id":"https:\/\/campinglesgalets.fr\/de\/pass-patrimoine\/#breadcrumb"},"inLanguage":"de","potentialAction":[{"@type":"ReadAction","target":["https:\/\/campinglesgalets.fr\/de\/pass-patrimoine\/"]}]},{"@type":"ImageObject","inLanguage":"de","@id":"https:\/\/campinglesgalets.fr\/de\/pass-patrimoine\/#primaryimage","url":"https:\/\/campinglesgalets.fr\/wp-content\/uploads\/2023\/03\/notre_dame_du_chateau_light.jpg","contentUrl":"https:\/\/campinglesgalets.fr\/wp-content\/uploads\/2023\/03\/notre_dame_du_chateau_light.jpg","width":1500,"height":1004},{"@type":"BreadcrumbList","@id":"https:\/\/campinglesgalets.fr\/de\/pass-patrimoine\/#breadcrumb","itemListElement":[{"@type":"ListItem","position":1,"name":"Camping \u00e0 Argel\u00e8s-sur-Mer","item":"https:\/\/campinglesgalets.fr\/de\/"},{"@type":"ListItem","position":2,"name":"Pass Patrimoine"}]},{"@type":"WebSite","@id":"https:\/\/campinglesgalets.fr\/de\/#website","url":"https:\/\/campinglesgalets.fr\/de\/","name":"Camping les galets","description":"Camping Argel\u00e8s-sur-Mer","publisher":{"@id":"https:\/\/campinglesgalets.fr\/de\/#organization"},"potentialAction":[{"@type":"SearchAction","target":{"@type":"EntryPoint","urlTemplate":"https:\/\/campinglesgalets.fr\/de\/?s={search_term_string}"},"query-input":{"@type":"PropertyValueSpecification","valueRequired":true,"valueName":"search_term_string"}}],"inLanguage":"de"},{"@type":"Organization","@id":"https:\/\/campinglesgalets.fr\/de\/#organization","name":"Camping les Galets","url":"https:\/\/campinglesgalets.fr\/de\/","logo":{"@type":"ImageObject","inLanguage":"de","@id":"https:\/\/campinglesgalets.fr\/de\/#\/schema\/logo\/image\/","url":"https:\/\/campinglesgalets.fr\/wp-content\/uploads\/2025\/10\/Logo_Footer.svg","contentUrl":"https:\/\/campinglesgalets.fr\/wp-content\/uploads\/2025\/10\/Logo_Footer.svg","width":267,"height":175,"caption":"Camping les Galets"},"image":{"@id":"https:\/\/campinglesgalets.fr\/de\/#\/schema\/logo\/image\/"}}]}},"_links":{"self":[{"href":"https:\/\/campinglesgalets.fr\/de\/wp-json\/wp\/v2\/pages\/25884","targetHints":{"allow":["GET"]}}],"collection":[{"href":"https:\/\/campinglesgalets.fr\/de\/wp-json\/wp\/v2\/pages"}],"about":[{"href":"https:\/\/campinglesgalets.fr\/de\/wp-json\/wp\/v2\/types\/page"}],"author":[{"embeddable":true,"href":"https:\/\/campinglesgalets.fr\/de\/wp-json\/wp\/v2\/users\/1"}],"replies":[{"embeddable":true,"href":"https:\/\/campinglesgalets.fr\/de\/wp-json\/wp\/v2\/comments?post=25884"}],"version-history":[{"count":0,"href":"https:\/\/campinglesgalets.fr\/de\/wp-json\/wp\/v2\/pages\/25884\/revisions"}],"wp:featuredmedia":[{"embeddable":true,"href":"https:\/\/campinglesgalets.fr\/de\/wp-json\/wp\/v2\/media\/24817"}],"wp:attachment":[{"href":"https:\/\/campinglesgalets.fr\/de\/wp-json\/wp\/v2\/media?parent=25884"}],"curies":[{"name":"wp","href":"https:\/\/api.w.org\/{rel}","templated":true}]}}