{"id":25735,"date":"2023-03-09T16:08:26","date_gmt":"2023-03-09T15:08:26","guid":{"rendered":"https:\/\/campinglesgalets.fr\/personnes-a-mobilite-reduite\/"},"modified":"2025-10-06T09:58:51","modified_gmt":"2025-10-06T08:58:51","slug":"gaste-mit-eingeschrankter-bewegungsfreiheit","status":"publish","type":"page","link":"https:\/\/campinglesgalets.fr\/de\/gaste-mit-eingeschrankter-bewegungsfreiheit\/","title":{"rendered":"G\u00e4ste mit eingeschr\u00e4nkter Bewegungsfreiheit"},"content":{"rendered":"","protected":false},"excerpt":{"rendered":"","protected":false},"author":1,"featured_media":23652,"parent":0,"menu_order":0,"comment_status":"closed","ping_status":"closed","template":"","meta":{"_acf_changed":false,"_et_pb_use_builder":"","_et_pb_old_content":"","_et_gb_content_width":"","footnotes":""},"class_list":["post-25735","page","type-page","status-publish","has-post-thumbnail","hentry"],"acf":[],"yoast_head":"<!-- This site is optimized with the Yoast SEO plugin v27.3 - https:\/\/yoast.com\/product\/yoast-seo-wordpress\/ -->\n<title>Campingplatz Argel\u00e8s geeignet f\u00fcr Behinderte<\/title>\n<meta name=\"description\" content=\"Informationen und Services f\u00fcr G\u00e4ste mit eingeschr\u00e4nkter Mobilit\u00e4t auf dem Camping Les Galets.\" \/>\n<meta name=\"robots\" content=\"index, follow, max-snippet:-1, max-image-preview:large, max-video-preview:-1\" \/>\n<link rel=\"canonical\" href=\"https:\/\/campinglesgalets.fr\/de\/gaste-mit-eingeschrankter-bewegungsfreiheit\/\" \/>\n<meta property=\"og:locale\" content=\"de_DE\" \/>\n<meta property=\"og:type\" content=\"article\" \/>\n<meta property=\"og:title\" content=\"Campingplatz Argel\u00e8s geeignet f\u00fcr Behinderte\" \/>\n<meta property=\"og:description\" content=\"Informationen und Services f\u00fcr G\u00e4ste mit eingeschr\u00e4nkter Mobilit\u00e4t auf dem Camping Les Galets.\" \/>\n<meta property=\"og:url\" content=\"https:\/\/campinglesgalets.fr\/de\/gaste-mit-eingeschrankter-bewegungsfreiheit\/\" \/>\n<meta property=\"og:site_name\" content=\"Camping les galets\" \/>\n<meta property=\"article:modified_time\" content=\"2025-10-06T08:58:51+00:00\" \/>\n<meta property=\"og:image\" content=\"https:\/\/campinglesgalets.fr\/wp-content\/uploads\/2020\/01\/mobil-home-pmr.jpg\" \/>\n\t<meta property=\"og:image:width\" content=\"620\" \/>\n\t<meta property=\"og:image:height\" content=\"450\" \/>\n\t<meta property=\"og:image:type\" content=\"image\/jpeg\" \/>\n<meta name=\"twitter:card\" content=\"summary_large_image\" \/>\n<meta name=\"twitter:label1\" content=\"Gesch\u00e4tzte Lesezeit\" \/>\n\t<meta name=\"twitter:data1\" content=\"3\u00a0Minuten\" \/>\n<script type=\"application\/ld+json\" class=\"yoast-schema-graph\">{\"@context\":\"https:\\\/\\\/schema.org\",\"@graph\":[{\"@type\":\"WebPage\",\"@id\":\"https:\\\/\\\/campinglesgalets.fr\\\/de\\\/gaste-mit-eingeschrankter-bewegungsfreiheit\\\/\",\"url\":\"https:\\\/\\\/campinglesgalets.fr\\\/de\\\/gaste-mit-eingeschrankter-bewegungsfreiheit\\\/\",\"name\":\"Campingplatz Argel\u00e8s geeignet f\u00fcr Behinderte\",\"isPartOf\":{\"@id\":\"https:\\\/\\\/campinglesgalets.fr\\\/de\\\/#website\"},\"primaryImageOfPage\":{\"@id\":\"https:\\\/\\\/campinglesgalets.fr\\\/de\\\/gaste-mit-eingeschrankter-bewegungsfreiheit\\\/#primaryimage\"},\"image\":{\"@id\":\"https:\\\/\\\/campinglesgalets.fr\\\/de\\\/gaste-mit-eingeschrankter-bewegungsfreiheit\\\/#primaryimage\"},\"thumbnailUrl\":\"https:\\\/\\\/campinglesgalets.fr\\\/wp-content\\\/uploads\\\/2020\\\/01\\\/mobil-home-pmr.jpg\",\"datePublished\":\"2023-03-09T15:08:26+00:00\",\"dateModified\":\"2025-10-06T08:58:51+00:00\",\"description\":\"Informationen und Services f\u00fcr G\u00e4ste mit eingeschr\u00e4nkter Mobilit\u00e4t auf dem Camping Les Galets.\",\"breadcrumb\":{\"@id\":\"https:\\\/\\\/campinglesgalets.fr\\\/de\\\/gaste-mit-eingeschrankter-bewegungsfreiheit\\\/#breadcrumb\"},\"inLanguage\":\"de\",\"potentialAction\":[{\"@type\":\"ReadAction\",\"target\":[\"https:\\\/\\\/campinglesgalets.fr\\\/de\\\/gaste-mit-eingeschrankter-bewegungsfreiheit\\\/\"]}]},{\"@type\":\"ImageObject\",\"inLanguage\":\"de\",\"@id\":\"https:\\\/\\\/campinglesgalets.fr\\\/de\\\/gaste-mit-eingeschrankter-bewegungsfreiheit\\\/#primaryimage\",\"url\":\"https:\\\/\\\/campinglesgalets.fr\\\/wp-content\\\/uploads\\\/2020\\\/01\\\/mobil-home-pmr.jpg\",\"contentUrl\":\"https:\\\/\\\/campinglesgalets.fr\\\/wp-content\\\/uploads\\\/2020\\\/01\\\/mobil-home-pmr.jpg\",\"width\":620,\"height\":450},{\"@type\":\"BreadcrumbList\",\"@id\":\"https:\\\/\\\/campinglesgalets.fr\\\/de\\\/gaste-mit-eingeschrankter-bewegungsfreiheit\\\/#breadcrumb\",\"itemListElement\":[{\"@type\":\"ListItem\",\"position\":1,\"name\":\"Camping \u00e0 Argel\u00e8s-sur-Mer\",\"item\":\"https:\\\/\\\/campinglesgalets.fr\\\/de\\\/\"},{\"@type\":\"ListItem\",\"position\":2,\"name\":\"G\u00e4ste mit eingeschr\u00e4nkter Bewegungsfreiheit\"}]},{\"@type\":\"WebSite\",\"@id\":\"https:\\\/\\\/campinglesgalets.fr\\\/de\\\/#website\",\"url\":\"https:\\\/\\\/campinglesgalets.fr\\\/de\\\/\",\"name\":\"Camping les galets\",\"description\":\"Camping Argel\u00e8s-sur-Mer\",\"publisher\":{\"@id\":\"https:\\\/\\\/campinglesgalets.fr\\\/de\\\/#organization\"},\"potentialAction\":[{\"@type\":\"SearchAction\",\"target\":{\"@type\":\"EntryPoint\",\"urlTemplate\":\"https:\\\/\\\/campinglesgalets.fr\\\/de\\\/?s={search_term_string}\"},\"query-input\":{\"@type\":\"PropertyValueSpecification\",\"valueRequired\":true,\"valueName\":\"search_term_string\"}}],\"inLanguage\":\"de\"},{\"@type\":\"Organization\",\"@id\":\"https:\\\/\\\/campinglesgalets.fr\\\/de\\\/#organization\",\"name\":\"Camping les Galets\",\"url\":\"https:\\\/\\\/campinglesgalets.fr\\\/de\\\/\",\"logo\":{\"@type\":\"ImageObject\",\"inLanguage\":\"de\",\"@id\":\"https:\\\/\\\/campinglesgalets.fr\\\/de\\\/#\\\/schema\\\/logo\\\/image\\\/\",\"url\":\"https:\\\/\\\/campinglesgalets.fr\\\/wp-content\\\/uploads\\\/2025\\\/10\\\/Logo_Footer.svg\",\"contentUrl\":\"https:\\\/\\\/campinglesgalets.fr\\\/wp-content\\\/uploads\\\/2025\\\/10\\\/Logo_Footer.svg\",\"width\":267,\"height\":175,\"caption\":\"Camping les Galets\"},\"image\":{\"@id\":\"https:\\\/\\\/campinglesgalets.fr\\\/de\\\/#\\\/schema\\\/logo\\\/image\\\/\"}}]}<\/script>\n<!-- \/ Yoast SEO plugin. -->","yoast_head_json":{"title":"Campingplatz Argel\u00e8s geeignet f\u00fcr Behinderte","description":"Informationen und Services f\u00fcr G\u00e4ste mit eingeschr\u00e4nkter Mobilit\u00e4t auf dem Camping Les Galets.","robots":{"index":"index","follow":"follow","max-snippet":"max-snippet:-1","max-image-preview":"max-image-preview:large","max-video-preview":"max-video-preview:-1"},"canonical":"https:\/\/campinglesgalets.fr\/de\/gaste-mit-eingeschrankter-bewegungsfreiheit\/","og_locale":"de_DE","og_type":"article","og_title":"Campingplatz Argel\u00e8s geeignet f\u00fcr Behinderte","og_description":"Informationen und Services f\u00fcr G\u00e4ste mit eingeschr\u00e4nkter Mobilit\u00e4t auf dem Camping Les Galets.","og_url":"https:\/\/campinglesgalets.fr\/de\/gaste-mit-eingeschrankter-bewegungsfreiheit\/","og_site_name":"Camping les galets","article_modified_time":"2025-10-06T08:58:51+00:00","og_image":[{"width":620,"height":450,"url":"https:\/\/campinglesgalets.fr\/wp-content\/uploads\/2020\/01\/mobil-home-pmr.jpg","type":"image\/jpeg"}],"twitter_card":"summary_large_image","twitter_misc":{"Gesch\u00e4tzte Lesezeit":"3\u00a0Minuten"},"schema":{"@context":"https:\/\/schema.org","@graph":[{"@type":"WebPage","@id":"https:\/\/campinglesgalets.fr\/de\/gaste-mit-eingeschrankter-bewegungsfreiheit\/","url":"https:\/\/campinglesgalets.fr\/de\/gaste-mit-eingeschrankter-bewegungsfreiheit\/","name":"Campingplatz Argel\u00e8s geeignet f\u00fcr Behinderte","isPartOf":{"@id":"https:\/\/campinglesgalets.fr\/de\/#website"},"primaryImageOfPage":{"@id":"https:\/\/campinglesgalets.fr\/de\/gaste-mit-eingeschrankter-bewegungsfreiheit\/#primaryimage"},"image":{"@id":"https:\/\/campinglesgalets.fr\/de\/gaste-mit-eingeschrankter-bewegungsfreiheit\/#primaryimage"},"thumbnailUrl":"https:\/\/campinglesgalets.fr\/wp-content\/uploads\/2020\/01\/mobil-home-pmr.jpg","datePublished":"2023-03-09T15:08:26+00:00","dateModified":"2025-10-06T08:58:51+00:00","description":"Informationen und Services f\u00fcr G\u00e4ste mit eingeschr\u00e4nkter Mobilit\u00e4t auf dem Camping Les Galets.","breadcrumb":{"@id":"https:\/\/campinglesgalets.fr\/de\/gaste-mit-eingeschrankter-bewegungsfreiheit\/#breadcrumb"},"inLanguage":"de","potentialAction":[{"@type":"ReadAction","target":["https:\/\/campinglesgalets.fr\/de\/gaste-mit-eingeschrankter-bewegungsfreiheit\/"]}]},{"@type":"ImageObject","inLanguage":"de","@id":"https:\/\/campinglesgalets.fr\/de\/gaste-mit-eingeschrankter-bewegungsfreiheit\/#primaryimage","url":"https:\/\/campinglesgalets.fr\/wp-content\/uploads\/2020\/01\/mobil-home-pmr.jpg","contentUrl":"https:\/\/campinglesgalets.fr\/wp-content\/uploads\/2020\/01\/mobil-home-pmr.jpg","width":620,"height":450},{"@type":"BreadcrumbList","@id":"https:\/\/campinglesgalets.fr\/de\/gaste-mit-eingeschrankter-bewegungsfreiheit\/#breadcrumb","itemListElement":[{"@type":"ListItem","position":1,"name":"Camping \u00e0 Argel\u00e8s-sur-Mer","item":"https:\/\/campinglesgalets.fr\/de\/"},{"@type":"ListItem","position":2,"name":"G\u00e4ste mit eingeschr\u00e4nkter Bewegungsfreiheit"}]},{"@type":"WebSite","@id":"https:\/\/campinglesgalets.fr\/de\/#website","url":"https:\/\/campinglesgalets.fr\/de\/","name":"Camping les galets","description":"Camping Argel\u00e8s-sur-Mer","publisher":{"@id":"https:\/\/campinglesgalets.fr\/de\/#organization"},"potentialAction":[{"@type":"SearchAction","target":{"@type":"EntryPoint","urlTemplate":"https:\/\/campinglesgalets.fr\/de\/?s={search_term_string}"},"query-input":{"@type":"PropertyValueSpecification","valueRequired":true,"valueName":"search_term_string"}}],"inLanguage":"de"},{"@type":"Organization","@id":"https:\/\/campinglesgalets.fr\/de\/#organization","name":"Camping les Galets","url":"https:\/\/campinglesgalets.fr\/de\/","logo":{"@type":"ImageObject","inLanguage":"de","@id":"https:\/\/campinglesgalets.fr\/de\/#\/schema\/logo\/image\/","url":"https:\/\/campinglesgalets.fr\/wp-content\/uploads\/2025\/10\/Logo_Footer.svg","contentUrl":"https:\/\/campinglesgalets.fr\/wp-content\/uploads\/2025\/10\/Logo_Footer.svg","width":267,"height":175,"caption":"Camping les Galets"},"image":{"@id":"https:\/\/campinglesgalets.fr\/de\/#\/schema\/logo\/image\/"}}]}},"_links":{"self":[{"href":"https:\/\/campinglesgalets.fr\/de\/wp-json\/wp\/v2\/pages\/25735","targetHints":{"allow":["GET"]}}],"collection":[{"href":"https:\/\/campinglesgalets.fr\/de\/wp-json\/wp\/v2\/pages"}],"about":[{"href":"https:\/\/campinglesgalets.fr\/de\/wp-json\/wp\/v2\/types\/page"}],"author":[{"embeddable":true,"href":"https:\/\/campinglesgalets.fr\/de\/wp-json\/wp\/v2\/users\/1"}],"replies":[{"embeddable":true,"href":"https:\/\/campinglesgalets.fr\/de\/wp-json\/wp\/v2\/comments?post=25735"}],"version-history":[{"count":0,"href":"https:\/\/campinglesgalets.fr\/de\/wp-json\/wp\/v2\/pages\/25735\/revisions"}],"wp:featuredmedia":[{"embeddable":true,"href":"https:\/\/campinglesgalets.fr\/de\/wp-json\/wp\/v2\/media\/23652"}],"wp:attachment":[{"href":"https:\/\/campinglesgalets.fr\/de\/wp-json\/wp\/v2\/media?parent=25735"}],"curies":[{"name":"wp","href":"https:\/\/api.w.org\/{rel}","templated":true}]}}