{"id":25657,"date":"2023-03-07T17:18:47","date_gmt":"2023-03-07T16:18:47","guid":{"rendered":"https:\/\/campinglesgalets.fr\/nos-labels-de-qualite\/"},"modified":"2025-10-06T09:53:24","modified_gmt":"2025-10-06T08:53:24","slug":"clef-verte","status":"publish","type":"page","link":"https:\/\/campinglesgalets.fr\/de\/clef-verte\/","title":{"rendered":"Labels"},"content":{"rendered":"<p><strong>Clef Verte &#8211; Europ\u00e4isches Label<\/strong><\/p>\n<p>Das Clef Verte-Label ist das erste europ\u00e4ische Label, das die Umweltvertr\u00e4glichkeit von Tourismusunterk\u00fcnften garantiert.<\/p>\n<p>Clef Verte basiert auf grundlegenden Prinzipien der verantwortungsvollen Nutzung nat\u00fcrlicher Ressourcen und t\u00e4glichen Praktiken, die darauf abzielen, die Umwelt zu erhalten und Ihre Zufriedenheit zu gew\u00e4hrleisten.<\/p>\n<p>Seit mehreren Jahren setzt sich der Camping Club Les Galets in der Region Languedoc-Roussillon f\u00fcr den Umweltschutz auf unserem katalanischen Gebiet ein. Er war die erste Einrichtung in Argel\u00e8s-sur-Mer, die dieses prestigetr\u00e4chtige und anspruchsvolle Label 2007 erhalten hat.<\/p>\n<p>Das Label garantiert einen Campingplatz, bei dem die Umwelt vor Ort bewahrt wird, mit \u00f6kologischen Praktiken und einer starken Ausrichtung auf Bewusstseinsbildung und die F\u00f6rderung nachhaltiger Entwicklung.<\/p>\n<p>Hier sind die wichtigsten Ma\u00dfnahmen, die Camping Les Galets ergriffen hat:<\/p>\n<ul>\n<li><strong>Keine Pestizide oder Herbizide<\/strong>: Unsere Mitarbeiter f\u00fchren alle Gartenarbeiten ohne Chemikalien aus: manuelle Arbeit, Rodung, Mulchen\u2026<\/li>\n<li><strong>Verwendung von umweltzertifizierten Reinigungsprodukten<\/strong>: Die Wartungsteams verwenden ausschlie\u00dflich zertifizierte umweltfreundliche Produkte zum Reinigen der Mobilheime und Sanit\u00e4ranlagen.<\/li>\n<li><strong>Wassereinsparungen<\/strong>: Durch Lecksuche, Pflanzenarten, die an das mediterrane Klima angepasst sind, und den Einsatz wassersparender Ger\u00e4te (H\u00e4hne, Duschen\u2026) wurden erhebliche Einsparungen beim Wasserverbrauch erzielt.<\/li>\n<li><strong>Nutzung erneuerbarer Energien<\/strong>: Solarpanels, die den gr\u00f6\u00dften Teil des Warmwassers f\u00fcr die Sanit\u00e4ranlagen produzieren, sowie Solarbeleuchtung im gesamten Park.<\/li>\n<\/ul>\n<p><img loading=\"lazy\" decoding=\"async\" class=\"wp-image-12266 size-medium\" src=\"https:\/\/campinglesgalets.fr\/wp-content\/uploads\/2020\/05\/Vegetation-luxuriante-camping-300x225.jpg\" alt=\"Parc vegetal luxuriant\" width=\"300\" height=\"225\" \/><\/p>\n<p><strong>LPO Zuflucht &#8211; Liga zum Schutz der V\u00f6gel<\/strong><\/p>\n<p>Auf Initiative von Jean-Michel Bey, dem Onkel des Campingplatzverwalters Manuel Bey, hat Camping Les Galets seinen 5 Hektar gro\u00dfen Park in eine Vogelzuflucht umgewandelt. Dieses Projekt steht im Einklang mit der historischen Entscheidung des Campingplatzes, sich f\u00fcr nachhaltige Entwicklung einzusetzen. Der Verzicht auf chemische Produkte bei der Pflege der Gr\u00fcnfl\u00e4chen sorgt f\u00fcr einen Boden, der von Natur aus reich an Insekten ist und somit ideal f\u00fcr unsere gefiederten Freunde.<\/p>\n<p><img loading=\"lazy\" decoding=\"async\" class=\"alignnone wp-image-22620 size-medium\" src=\"https:\/\/campinglesgalets.fr\/wp-content\/uploads\/2023\/03\/p1050722-375x500-1-225x300.jpg\" alt=\"\" width=\"225\" height=\"300\" \/><\/p>\n<p>Mehr als hundert Vogelh\u00e4user wurden auf dem Campingplatz installiert, meist an B\u00e4umen, um den V\u00f6geln, die sie ben\u00f6tigen, einen geeigneten Unterschlupf zu bieten. Etwa zehn Vogelarten leben und br\u00fcten im Park von Camping Les Galets: Schwalben, Rotkehlchen, Spatzen, Wiedehopfe, Amseln, Spechte, Tauben, Rotkehlchen, Reiher, Meisen, Eulen&#8230;<\/p>\n<p>Wir ber\u00fccksichtigen unser Engagement auch bei den Neuanpflanzungen, die wir jedes Jahr vornehmen. Wir w\u00e4hlen Str\u00e4ucher und B\u00e4ume, die f\u00fcr die Schaffung gesunder \u00d6kosysteme f\u00f6rderlich sind (bienenfreundliche Pflanzen, Insektenunterst\u00e4nde\u2026).<\/p>\n<p><img loading=\"lazy\" decoding=\"async\" class=\"alignnone wp-image-11132 size-medium\" src=\"https:\/\/campinglesgalets.fr\/wp-content\/uploads\/2020\/01\/p1050701-300x225.jpg\" alt=\"\" width=\"300\" height=\"225\" \/><\/p>\n<p>Seit 2019 haben wir den Schritt unternommen, als LPO-Zuflucht zertifiziert zu werden. Die Liga zum Schutz der V\u00f6gel unterst\u00fctzt uns mit den notwendigen Informationen, um die Vogelh\u00e4user gut zu pflegen, empfindliche Arten im Winter zu f\u00fcttern und uns mit Ausstattungen zu versorgen, die die Fortpflanzung f\u00f6rdern.<\/p>\n<p><img loading=\"lazy\" decoding=\"async\" class=\"alignnone wp-image-22621 size-medium\" src=\"https:\/\/campinglesgalets.fr\/wp-content\/uploads\/2023\/03\/p1050823-500x407-1-300x244.jpg\" alt=\"\" width=\"300\" height=\"244\" \/><\/p>\n<p><strong>Camping Qualit\u00e9<\/strong><\/p>\n<p>Camping Les Galets hat sich daf\u00fcr entschieden, durch das Camping Qualit\u00e9-Label auditiert zu werden, um sich zu verbessern und seinen Kunden ein hohes Qualit\u00e4tsniveau zu garantieren. Die Kriterien f\u00fcr das Camping Qualit\u00e9-Label sind strenger als die der 4-Sterne-Zertifizierung, was bedeutet, dass wir in Bezug auf Anforderungen noch weiter gehen, um Ihnen einen ausgezeichneten Aufenthalt bei uns zu garantieren.<\/p>\n<p>Z\u00f6gern Sie nicht, uns f\u00fcr weitere Informationen zu kontaktieren. Florence und Chantal, die seit mehr als 15 Jahren auf dem Campingplatz arbeiten, kennen den Campingplatz und die Region Argel\u00e8s-sur-Mer sehr gut. Sie beraten Sie gerne und werden w\u00e4hrend Ihres Aufenthalts ihre Leidenschaft f\u00fcr diese kleine Ecke des Paradieses, das Katalonien, mit Ihnen teilen.<\/p>\n<p>Dieses Netzwerk von mehr als 300 Campingpl\u00e4tzen erm\u00f6glicht es uns, unser Angebot und unsere Dienstleistungen jedes Jahr zu verbessern. Wir sind vereint unter seri\u00f6sen und engagierten unabh\u00e4ngigen Campingpl\u00e4tzen, die sich f\u00fcr die Zufriedenheit der Kunden einsetzen. Wir arbeiten auf diesem kleinen, famili\u00e4ren Campingplatz mit der \u00dcberzeugung, dass Qualit\u00e4t und Liebe zum Kunden die Grundlage f\u00fcr den Erfolg sind.<\/p>\n<p><img loading=\"lazy\" decoding=\"async\" class=\"alignnone wp-image-22622 size-medium\" src=\"https:\/\/campinglesgalets.fr\/wp-content\/uploads\/2023\/03\/IMG_2044-533x400-1-300x225.jpg\" alt=\"\" width=\"300\" height=\"225\" \/><\/p>\n<p><strong>Tourismus und Handicap-Label<\/strong><\/p>\n<p>Camping Les Galets, stolz auf sein Tourismus und Handicap-Label f\u00fcr motorische und geistige Behinderungen, setzt sich daf\u00fcr ein, einen barrierefreien Zugang und einen personalisierten Empfang zu gew\u00e4hrleisten. Dieses Label f\u00fcr Tourismus und Handicap stellt sicher, dass alle Urlauber ihren Aufenthalt mit maximalem Komfort und unter Wahrung ihrer Autonomie genie\u00dfen k\u00f6nnen.<\/p>\n<p><img loading=\"lazy\" decoding=\"async\" class=\"alignnone size-full wp-image-28430\" src=\"https:\/\/campinglesgalets.fr\/wp-content\/uploads\/2024\/05\/Quad-MeM-min.jpg\" alt=\"label tourisme et handicap\" width=\"294\" height=\"117\" \/><\/p>\n","protected":false},"excerpt":{"rendered":"<p>Clef Verte &#8211; Europ\u00e4isches Label Das Clef Verte-Label ist das erste europ\u00e4ische Label, das die Umweltvertr\u00e4glichkeit von Tourismusunterk\u00fcnften garantiert. Clef Verte basiert auf grundlegenden Prinzipien der verantwortungsvollen Nutzung nat\u00fcrlicher Ressourcen und t\u00e4glichen Praktiken, die darauf abzielen, die Umwelt zu erhalten und Ihre Zufriedenheit zu gew\u00e4hrleisten. Seit mehreren Jahren setzt sich der Camping Club Les Galets [&hellip;]<\/p>\n","protected":false},"author":1,"featured_media":24712,"parent":0,"menu_order":0,"comment_status":"closed","ping_status":"closed","template":"","meta":{"_acf_changed":false,"_et_pb_use_builder":"","_et_pb_old_content":"","_et_gb_content_width":"","footnotes":""},"class_list":["post-25657","page","type-page","status-publish","has-post-thumbnail","hentry"],"acf":[],"yoast_head":"<!-- This site is optimized with the Yoast SEO plugin v27.3 - https:\/\/yoast.com\/product\/yoast-seo-wordpress\/ -->\n<title>Camping beschriftet Green Key: Europ\u00e4isches Label f\u00fcr die Achtung der Umwelt<\/title>\n<meta name=\"description\" content=\"Das Camping Les Galets tr\u00e4gt das Umweltlabel Clef Verte f\u00fcr einen nachhaltigen und verantwortungsvollen Urlaub.\" \/>\n<meta name=\"robots\" content=\"index, follow, max-snippet:-1, max-image-preview:large, max-video-preview:-1\" \/>\n<link rel=\"canonical\" href=\"https:\/\/campinglesgalets.fr\/de\/clef-verte\/\" \/>\n<meta property=\"og:locale\" content=\"de_DE\" \/>\n<meta property=\"og:type\" content=\"article\" \/>\n<meta property=\"og:title\" content=\"Camping beschriftet Green Key: Europ\u00e4isches Label f\u00fcr die Achtung der Umwelt\" \/>\n<meta property=\"og:description\" content=\"Das Camping Les Galets tr\u00e4gt das Umweltlabel Clef Verte f\u00fcr einen nachhaltigen und verantwortungsvollen Urlaub.\" \/>\n<meta property=\"og:url\" content=\"https:\/\/campinglesgalets.fr\/de\/clef-verte\/\" \/>\n<meta property=\"og:site_name\" content=\"Camping les galets\" \/>\n<meta property=\"article:modified_time\" content=\"2025-10-06T08:53:24+00:00\" \/>\n<meta property=\"og:image\" content=\"https:\/\/campinglesgalets.fr\/wp-content\/uploads\/2023\/03\/clef-verte.jpg\" \/>\n\t<meta property=\"og:image:width\" content=\"1200\" \/>\n\t<meta property=\"og:image:height\" content=\"395\" \/>\n\t<meta property=\"og:image:type\" content=\"image\/jpeg\" \/>\n<meta name=\"twitter:card\" content=\"summary_large_image\" \/>\n<meta name=\"twitter:label1\" content=\"Gesch\u00e4tzte Lesezeit\" \/>\n\t<meta name=\"twitter:data1\" content=\"5\u00a0Minuten\" \/>\n<script type=\"application\/ld+json\" class=\"yoast-schema-graph\">{\"@context\":\"https:\\\/\\\/schema.org\",\"@graph\":[{\"@type\":\"WebPage\",\"@id\":\"https:\\\/\\\/campinglesgalets.fr\\\/de\\\/clef-verte\\\/\",\"url\":\"https:\\\/\\\/campinglesgalets.fr\\\/de\\\/clef-verte\\\/\",\"name\":\"Camping beschriftet Green Key: Europ\u00e4isches Label f\u00fcr die Achtung der Umwelt\",\"isPartOf\":{\"@id\":\"https:\\\/\\\/campinglesgalets.fr\\\/de\\\/#website\"},\"primaryImageOfPage\":{\"@id\":\"https:\\\/\\\/campinglesgalets.fr\\\/de\\\/clef-verte\\\/#primaryimage\"},\"image\":{\"@id\":\"https:\\\/\\\/campinglesgalets.fr\\\/de\\\/clef-verte\\\/#primaryimage\"},\"thumbnailUrl\":\"https:\\\/\\\/campinglesgalets.fr\\\/wp-content\\\/uploads\\\/2023\\\/03\\\/clef-verte.jpg\",\"datePublished\":\"2023-03-07T16:18:47+00:00\",\"dateModified\":\"2025-10-06T08:53:24+00:00\",\"description\":\"Das Camping Les Galets tr\u00e4gt das Umweltlabel Clef Verte f\u00fcr einen nachhaltigen und verantwortungsvollen Urlaub.\",\"breadcrumb\":{\"@id\":\"https:\\\/\\\/campinglesgalets.fr\\\/de\\\/clef-verte\\\/#breadcrumb\"},\"inLanguage\":\"de\",\"potentialAction\":[{\"@type\":\"ReadAction\",\"target\":[\"https:\\\/\\\/campinglesgalets.fr\\\/de\\\/clef-verte\\\/\"]}]},{\"@type\":\"ImageObject\",\"inLanguage\":\"de\",\"@id\":\"https:\\\/\\\/campinglesgalets.fr\\\/de\\\/clef-verte\\\/#primaryimage\",\"url\":\"https:\\\/\\\/campinglesgalets.fr\\\/wp-content\\\/uploads\\\/2023\\\/03\\\/clef-verte.jpg\",\"contentUrl\":\"https:\\\/\\\/campinglesgalets.fr\\\/wp-content\\\/uploads\\\/2023\\\/03\\\/clef-verte.jpg\",\"width\":1200,\"height\":395},{\"@type\":\"BreadcrumbList\",\"@id\":\"https:\\\/\\\/campinglesgalets.fr\\\/de\\\/clef-verte\\\/#breadcrumb\",\"itemListElement\":[{\"@type\":\"ListItem\",\"position\":1,\"name\":\"Camping \u00e0 Argel\u00e8s-sur-Mer\",\"item\":\"https:\\\/\\\/campinglesgalets.fr\\\/de\\\/\"},{\"@type\":\"ListItem\",\"position\":2,\"name\":\"Labels\"}]},{\"@type\":\"WebSite\",\"@id\":\"https:\\\/\\\/campinglesgalets.fr\\\/de\\\/#website\",\"url\":\"https:\\\/\\\/campinglesgalets.fr\\\/de\\\/\",\"name\":\"Camping les galets\",\"description\":\"Camping Argel\u00e8s-sur-Mer\",\"publisher\":{\"@id\":\"https:\\\/\\\/campinglesgalets.fr\\\/de\\\/#organization\"},\"potentialAction\":[{\"@type\":\"SearchAction\",\"target\":{\"@type\":\"EntryPoint\",\"urlTemplate\":\"https:\\\/\\\/campinglesgalets.fr\\\/de\\\/?s={search_term_string}\"},\"query-input\":{\"@type\":\"PropertyValueSpecification\",\"valueRequired\":true,\"valueName\":\"search_term_string\"}}],\"inLanguage\":\"de\"},{\"@type\":\"Organization\",\"@id\":\"https:\\\/\\\/campinglesgalets.fr\\\/de\\\/#organization\",\"name\":\"Camping les Galets\",\"url\":\"https:\\\/\\\/campinglesgalets.fr\\\/de\\\/\",\"logo\":{\"@type\":\"ImageObject\",\"inLanguage\":\"de\",\"@id\":\"https:\\\/\\\/campinglesgalets.fr\\\/de\\\/#\\\/schema\\\/logo\\\/image\\\/\",\"url\":\"https:\\\/\\\/campinglesgalets.fr\\\/wp-content\\\/uploads\\\/2025\\\/10\\\/Logo_Footer.svg\",\"contentUrl\":\"https:\\\/\\\/campinglesgalets.fr\\\/wp-content\\\/uploads\\\/2025\\\/10\\\/Logo_Footer.svg\",\"width\":267,\"height\":175,\"caption\":\"Camping les Galets\"},\"image\":{\"@id\":\"https:\\\/\\\/campinglesgalets.fr\\\/de\\\/#\\\/schema\\\/logo\\\/image\\\/\"}}]}<\/script>\n<!-- \/ Yoast SEO plugin. -->","yoast_head_json":{"title":"Camping beschriftet Green Key: Europ\u00e4isches Label f\u00fcr die Achtung der Umwelt","description":"Das Camping Les Galets tr\u00e4gt das Umweltlabel Clef Verte f\u00fcr einen nachhaltigen und verantwortungsvollen Urlaub.","robots":{"index":"index","follow":"follow","max-snippet":"max-snippet:-1","max-image-preview":"max-image-preview:large","max-video-preview":"max-video-preview:-1"},"canonical":"https:\/\/campinglesgalets.fr\/de\/clef-verte\/","og_locale":"de_DE","og_type":"article","og_title":"Camping beschriftet Green Key: Europ\u00e4isches Label f\u00fcr die Achtung der Umwelt","og_description":"Das Camping Les Galets tr\u00e4gt das Umweltlabel Clef Verte f\u00fcr einen nachhaltigen und verantwortungsvollen Urlaub.","og_url":"https:\/\/campinglesgalets.fr\/de\/clef-verte\/","og_site_name":"Camping les galets","article_modified_time":"2025-10-06T08:53:24+00:00","og_image":[{"width":1200,"height":395,"url":"https:\/\/campinglesgalets.fr\/wp-content\/uploads\/2023\/03\/clef-verte.jpg","type":"image\/jpeg"}],"twitter_card":"summary_large_image","twitter_misc":{"Gesch\u00e4tzte Lesezeit":"5\u00a0Minuten"},"schema":{"@context":"https:\/\/schema.org","@graph":[{"@type":"WebPage","@id":"https:\/\/campinglesgalets.fr\/de\/clef-verte\/","url":"https:\/\/campinglesgalets.fr\/de\/clef-verte\/","name":"Camping beschriftet Green Key: Europ\u00e4isches Label f\u00fcr die Achtung der Umwelt","isPartOf":{"@id":"https:\/\/campinglesgalets.fr\/de\/#website"},"primaryImageOfPage":{"@id":"https:\/\/campinglesgalets.fr\/de\/clef-verte\/#primaryimage"},"image":{"@id":"https:\/\/campinglesgalets.fr\/de\/clef-verte\/#primaryimage"},"thumbnailUrl":"https:\/\/campinglesgalets.fr\/wp-content\/uploads\/2023\/03\/clef-verte.jpg","datePublished":"2023-03-07T16:18:47+00:00","dateModified":"2025-10-06T08:53:24+00:00","description":"Das Camping Les Galets tr\u00e4gt das Umweltlabel Clef Verte f\u00fcr einen nachhaltigen und verantwortungsvollen Urlaub.","breadcrumb":{"@id":"https:\/\/campinglesgalets.fr\/de\/clef-verte\/#breadcrumb"},"inLanguage":"de","potentialAction":[{"@type":"ReadAction","target":["https:\/\/campinglesgalets.fr\/de\/clef-verte\/"]}]},{"@type":"ImageObject","inLanguage":"de","@id":"https:\/\/campinglesgalets.fr\/de\/clef-verte\/#primaryimage","url":"https:\/\/campinglesgalets.fr\/wp-content\/uploads\/2023\/03\/clef-verte.jpg","contentUrl":"https:\/\/campinglesgalets.fr\/wp-content\/uploads\/2023\/03\/clef-verte.jpg","width":1200,"height":395},{"@type":"BreadcrumbList","@id":"https:\/\/campinglesgalets.fr\/de\/clef-verte\/#breadcrumb","itemListElement":[{"@type":"ListItem","position":1,"name":"Camping \u00e0 Argel\u00e8s-sur-Mer","item":"https:\/\/campinglesgalets.fr\/de\/"},{"@type":"ListItem","position":2,"name":"Labels"}]},{"@type":"WebSite","@id":"https:\/\/campinglesgalets.fr\/de\/#website","url":"https:\/\/campinglesgalets.fr\/de\/","name":"Camping les galets","description":"Camping Argel\u00e8s-sur-Mer","publisher":{"@id":"https:\/\/campinglesgalets.fr\/de\/#organization"},"potentialAction":[{"@type":"SearchAction","target":{"@type":"EntryPoint","urlTemplate":"https:\/\/campinglesgalets.fr\/de\/?s={search_term_string}"},"query-input":{"@type":"PropertyValueSpecification","valueRequired":true,"valueName":"search_term_string"}}],"inLanguage":"de"},{"@type":"Organization","@id":"https:\/\/campinglesgalets.fr\/de\/#organization","name":"Camping les Galets","url":"https:\/\/campinglesgalets.fr\/de\/","logo":{"@type":"ImageObject","inLanguage":"de","@id":"https:\/\/campinglesgalets.fr\/de\/#\/schema\/logo\/image\/","url":"https:\/\/campinglesgalets.fr\/wp-content\/uploads\/2025\/10\/Logo_Footer.svg","contentUrl":"https:\/\/campinglesgalets.fr\/wp-content\/uploads\/2025\/10\/Logo_Footer.svg","width":267,"height":175,"caption":"Camping les Galets"},"image":{"@id":"https:\/\/campinglesgalets.fr\/de\/#\/schema\/logo\/image\/"}}]}},"_links":{"self":[{"href":"https:\/\/campinglesgalets.fr\/de\/wp-json\/wp\/v2\/pages\/25657","targetHints":{"allow":["GET"]}}],"collection":[{"href":"https:\/\/campinglesgalets.fr\/de\/wp-json\/wp\/v2\/pages"}],"about":[{"href":"https:\/\/campinglesgalets.fr\/de\/wp-json\/wp\/v2\/types\/page"}],"author":[{"embeddable":true,"href":"https:\/\/campinglesgalets.fr\/de\/wp-json\/wp\/v2\/users\/1"}],"replies":[{"embeddable":true,"href":"https:\/\/campinglesgalets.fr\/de\/wp-json\/wp\/v2\/comments?post=25657"}],"version-history":[{"count":0,"href":"https:\/\/campinglesgalets.fr\/de\/wp-json\/wp\/v2\/pages\/25657\/revisions"}],"wp:featuredmedia":[{"embeddable":true,"href":"https:\/\/campinglesgalets.fr\/de\/wp-json\/wp\/v2\/media\/24712"}],"wp:attachment":[{"href":"https:\/\/campinglesgalets.fr\/de\/wp-json\/wp\/v2\/media?parent=25657"}],"curies":[{"name":"wp","href":"https:\/\/api.w.org\/{rel}","templated":true}]}}