{"id":25651,"date":"2023-03-07T17:13:41","date_gmt":"2023-03-07T16:13:41","guid":{"rendered":"https:\/\/campinglesgalets.fr\/tourisme-saint-cyprien\/"},"modified":"2025-04-14T07:41:14","modified_gmt":"2025-04-14T06:41:14","slug":"tourisme-saint-cyprien","status":"publish","type":"page","link":"https:\/\/campinglesgalets.fr\/de\/tourisme-saint-cyprien\/","title":{"rendered":"Besuchen Sie Saint-Cyprien &#8211; Was man in Saint-Cyprien unternehmen und sehen kann"},"content":{"rendered":"<p>Wer es gerne ruhig angehen l\u00e4sst, wird von einem Aufenthalt in dem <strong>mediterranen<\/strong> Dorf <strong>Saint-Cyprien<\/strong> nicht entt\u00e4uscht sein. Mit <strong>320 Sonnentagen im Jahr<\/strong> herrschen im Badeort Saint-Cyprien in der Region <a href=\"https:\/\/campinglesgalets.fr\/de\/oestlichen-pyreneeen\/\">Pyr\u00e9n\u00e9es-Orientales <\/a>milde Temperaturen. Dank seiner <strong>Lage am Meer<\/strong> sind die <strong>Str\u00e4nde<\/strong> die Hauptattraktionen von Saint-Cyprien, ob Sie nun <strong>wandern<\/strong>, <strong>schwimmen<\/strong> oder einfach nur faulenzen wollen. Neben den Str\u00e4nden gibt es eine Reihe weiterer sehenswerter Orte wie den <strong>Jardin des Plantes<\/strong> und den <strong>Parc de la Prade<\/strong>.<\/p>\n<p><img loading=\"lazy\" decoding=\"async\" class=\"size-full wp-image-22630 aligncenter\" src=\"https:\/\/campinglesgalets.fr\/wp-content\/uploads\/2023\/03\/saint-cyprien-plage-camping-600x237-1.jpg\" alt=\"\" width=\"600\" height=\"237\" \/><\/p>\n<h2>Was kann man in Saint Cyprien unternehmen?<\/h2>\n<p>Hier ist unsere Auswahl der beliebtesten Attraktionen in Saint-Cyprien:<\/p>\n<ul>\n<li><strong>Der Hafen<\/strong> : Um Saint-Cyprien richtig zu erkunden, ist eine <strong>Bootstour<\/strong> eine originelle Aktivit\u00e4t, die man nicht verpassen sollte. Die Touren dauern im Durchschnitt eine Stunde und werden am besten am Morgen durchgef\u00fchrt.<\/li>\n<li>Entdecken Sie das <strong>historische Stadtzentrum<\/strong> : Das historische Zentrum von Saint-Cyprien bietet einen v\u00f6llig anderen Rahmen. Ein charmantes Zentrum mit sch\u00f6nen Steingeb\u00e4uden.<\/li>\n<li><strong>Der Botanische Garten &#8211; Jardin des Plantes<\/strong> : Eine Oase der Ruhe und des Gr\u00fcns, jeden Nachmittag von 13.30 bis 17.00 Uhr ge\u00f6ffnet. Ein unvergessliches Erlebnis in diesem alten, 5 Hektar gro\u00dfen Park.<\/li>\n<li><strong>Park de la Prade<\/strong> : Ein unumg\u00e4nglicher Ort in Saint Cyprien, der das ganze Jahr \u00fcber ge\u00f6ffnet ist. Ein gro\u00dfer Spielplatz und ein Multisportbereich sowie ein Grill- und Picknickplatz.<\/li>\n<\/ul>\n<h2>Aktivit\u00e4ten in Saint Cyprien<\/h2>\n<p>Entdecken Sie die lokale Geselligkeit:<\/p>\n<ul>\n<li>Bummeln Sie \u00fcber die <strong>M\u00e4rkte<\/strong> und probieren Sie 100% lokale Produkte, vor allem in den Sommermonaten.<\/li>\n<li><strong>Golf spielen<\/strong>: Genie\u00dfen Sie den Golfsport auf den verschiedenen Golfpl\u00e4tzen der Stadt Saint Cyprien. Genie\u00dfen Sie den atemberaubenden Blick auf das Mittelmeer und die Bergkette, insbesondere den majest\u00e4tischen Mont Canigou.<\/li>\n<li>F\u00fcr Sportbegeisterte gibt es das <strong>Grand Stade les Capellans<\/strong> mit einem Fitnessstudio, Schl\u00e4gersportarten und einem Zentrum f\u00fcr Fitness- und Kardiotraining.<\/li>\n<li>Das <strong>JOA-Casino in St-Cyprien<\/strong> f\u00fcr die Freunde des Gl\u00fccksspiels!<\/li>\n<\/ul>\n<h2>Die Str\u00e4nde von Saint Cyprien<\/h2>\n<p>Die K\u00fcste bietet 6 km Sandstr\u00e4nde, an denen Sie die gesunde Seeluft genie\u00dfen k\u00f6nnen, entlang der Quais, des Hafens und der Lagune. Nur 6 km vom Campingplatz in Argeles sur mer entfernt.<\/p>\n<ul>\n<li><strong>Der Nordstrand<\/strong>: Fans des Windsurfens kommen hier voll auf ihre Kosten. Es gibt auch zwei Surfclubs, die <strong>Kitesurfing- und Stand-up-Paddle-Kurse<\/strong> anbieten.<\/li>\n<li><strong>Der Strand Rodin<\/strong> befindet sich in der N\u00e4he des Hauptmarktes und verf\u00fcgt \u00fcber einen Sportplatz, der von Juni bis September f\u00fcr Beachvolleyball ge\u00f6ffnet ist.<\/li>\n<li><strong>Der Strand Pont Tournan<\/strong>t ist ein behindertengerechter Strand.<\/li>\n<\/ul>\n<p><strong>D\u00e9couvrez aussi :<\/strong><\/p>\n<ul>\n<li><a href=\"https:\/\/campinglesgalets.fr\/de\/mittelmeer\/\">La Mer M\u00e9diterran\u00e9e<\/a><\/li>\n<li><a href=\"https:\/\/campinglesgalets.fr\/de\/oestlichen-pyreneeen\/\">Les Pyr\u00e9nn\u00e9es Orientales<\/a><\/li>\n<li><a href=\"https:\/\/campinglesgalets.fr\/de\/tourisme-collioure\/\">Collioure<\/a><\/li>\n<li><a href=\"https:\/\/campinglesgalets.fr\/de\/tourisme-perpignan\/\">Perpignan<\/a><\/li>\n<\/ul>\n","protected":false},"excerpt":{"rendered":"<p>Wer es gerne ruhig angehen l\u00e4sst, wird von einem Aufenthalt in dem mediterranen Dorf Saint-Cyprien nicht entt\u00e4uscht sein. Mit 320 Sonnentagen im Jahr herrschen im Badeort Saint-Cyprien in der Region Pyr\u00e9n\u00e9es-Orientales milde Temperaturen. Dank seiner Lage am Meer sind die Str\u00e4nde die Hauptattraktionen von Saint-Cyprien, ob Sie nun wandern, schwimmen oder einfach nur faulenzen wollen. [&hellip;]<\/p>\n","protected":false},"author":1,"featured_media":24702,"parent":0,"menu_order":0,"comment_status":"closed","ping_status":"closed","template":"","meta":{"_acf_changed":false,"_et_pb_use_builder":"","_et_pb_old_content":"","_et_gb_content_width":"","footnotes":""},"class_list":["post-25651","page","type-page","status-publish","has-post-thumbnail","hentry"],"acf":[],"yoast_head":"<!-- This site is optimized with the Yoast SEO plugin v27.4 - https:\/\/yoast.com\/product\/yoast-seo-wordpress\/ -->\n<title>Besuchen Sie Saint-Cyprien \u2013 Was gibt es in Saint-Cyprien zu sehen und zu tun?<\/title>\n<meta name=\"description\" content=\"Profitez de votre s\u00e9jour en camping 4 \u00e9toiles \u00e0 Argel\u00e8s, au camping les Galets, pour visiter la station baln\u00e9aire de Saint-Cyprien.\" \/>\n<meta name=\"robots\" content=\"index, follow, max-snippet:-1, max-image-preview:large, max-video-preview:-1\" \/>\n<link rel=\"canonical\" href=\"https:\/\/campinglesgalets.fr\/de\/tourisme-saint-cyprien\/\" \/>\n<meta property=\"og:locale\" content=\"de_DE\" \/>\n<meta property=\"og:type\" content=\"article\" \/>\n<meta property=\"og:title\" content=\"Besuchen Sie Saint-Cyprien \u2013 Was gibt es in Saint-Cyprien zu sehen und zu tun?\" \/>\n<meta property=\"og:description\" content=\"Profitez de votre s\u00e9jour en camping 4 \u00e9toiles \u00e0 Argel\u00e8s, au camping les Galets, pour visiter la station baln\u00e9aire de Saint-Cyprien.\" \/>\n<meta property=\"og:url\" content=\"https:\/\/campinglesgalets.fr\/de\/tourisme-saint-cyprien\/\" \/>\n<meta property=\"og:site_name\" content=\"Camping les galets\" \/>\n<meta property=\"article:modified_time\" content=\"2025-04-14T06:41:14+00:00\" \/>\n<meta property=\"og:image\" content=\"https:\/\/campinglesgalets.fr\/wp-content\/uploads\/2023\/03\/velo-saint-cyprien.jpg\" \/>\n\t<meta property=\"og:image:width\" content=\"1900\" \/>\n\t<meta property=\"og:image:height\" content=\"650\" \/>\n\t<meta property=\"og:image:type\" content=\"image\/jpeg\" \/>\n<meta name=\"twitter:card\" content=\"summary_large_image\" \/>\n<meta name=\"twitter:label1\" content=\"Gesch\u00e4tzte Lesezeit\" \/>\n\t<meta name=\"twitter:data1\" content=\"3\u00a0Minuten\" \/>\n<script type=\"application\/ld+json\" class=\"yoast-schema-graph\">{\"@context\":\"https:\\\/\\\/schema.org\",\"@graph\":[{\"@type\":\"WebPage\",\"@id\":\"https:\\\/\\\/campinglesgalets.fr\\\/de\\\/tourisme-saint-cyprien\\\/\",\"url\":\"https:\\\/\\\/campinglesgalets.fr\\\/de\\\/tourisme-saint-cyprien\\\/\",\"name\":\"Besuchen Sie Saint-Cyprien \u2013 Was gibt es in Saint-Cyprien zu sehen und zu tun?\",\"isPartOf\":{\"@id\":\"https:\\\/\\\/campinglesgalets.fr\\\/de\\\/#website\"},\"primaryImageOfPage\":{\"@id\":\"https:\\\/\\\/campinglesgalets.fr\\\/de\\\/tourisme-saint-cyprien\\\/#primaryimage\"},\"image\":{\"@id\":\"https:\\\/\\\/campinglesgalets.fr\\\/de\\\/tourisme-saint-cyprien\\\/#primaryimage\"},\"thumbnailUrl\":\"https:\\\/\\\/campinglesgalets.fr\\\/wp-content\\\/uploads\\\/2023\\\/03\\\/velo-saint-cyprien.jpg\",\"datePublished\":\"2023-03-07T16:13:41+00:00\",\"dateModified\":\"2025-04-14T06:41:14+00:00\",\"description\":\"Profitez de votre s\u00e9jour en camping 4 \u00e9toiles \u00e0 Argel\u00e8s, au camping les Galets, pour visiter la station baln\u00e9aire de Saint-Cyprien.\",\"breadcrumb\":{\"@id\":\"https:\\\/\\\/campinglesgalets.fr\\\/de\\\/tourisme-saint-cyprien\\\/#breadcrumb\"},\"inLanguage\":\"de\",\"potentialAction\":[{\"@type\":\"ReadAction\",\"target\":[\"https:\\\/\\\/campinglesgalets.fr\\\/de\\\/tourisme-saint-cyprien\\\/\"]}]},{\"@type\":\"ImageObject\",\"inLanguage\":\"de\",\"@id\":\"https:\\\/\\\/campinglesgalets.fr\\\/de\\\/tourisme-saint-cyprien\\\/#primaryimage\",\"url\":\"https:\\\/\\\/campinglesgalets.fr\\\/wp-content\\\/uploads\\\/2023\\\/03\\\/velo-saint-cyprien.jpg\",\"contentUrl\":\"https:\\\/\\\/campinglesgalets.fr\\\/wp-content\\\/uploads\\\/2023\\\/03\\\/velo-saint-cyprien.jpg\",\"width\":1900,\"height\":650},{\"@type\":\"BreadcrumbList\",\"@id\":\"https:\\\/\\\/campinglesgalets.fr\\\/de\\\/tourisme-saint-cyprien\\\/#breadcrumb\",\"itemListElement\":[{\"@type\":\"ListItem\",\"position\":1,\"name\":\"Camping \u00e0 Argel\u00e8s-sur-Mer\",\"item\":\"https:\\\/\\\/campinglesgalets.fr\\\/de\\\/\"},{\"@type\":\"ListItem\",\"position\":2,\"name\":\"Besuchen Sie Saint-Cyprien &#8211; Was man in Saint-Cyprien unternehmen und sehen kann\"}]},{\"@type\":\"WebSite\",\"@id\":\"https:\\\/\\\/campinglesgalets.fr\\\/de\\\/#website\",\"url\":\"https:\\\/\\\/campinglesgalets.fr\\\/de\\\/\",\"name\":\"Camping les galets\",\"description\":\"Camping Argel\u00e8s-sur-Mer\",\"publisher\":{\"@id\":\"https:\\\/\\\/campinglesgalets.fr\\\/de\\\/#organization\"},\"potentialAction\":[{\"@type\":\"SearchAction\",\"target\":{\"@type\":\"EntryPoint\",\"urlTemplate\":\"https:\\\/\\\/campinglesgalets.fr\\\/de\\\/?s={search_term_string}\"},\"query-input\":{\"@type\":\"PropertyValueSpecification\",\"valueRequired\":true,\"valueName\":\"search_term_string\"}}],\"inLanguage\":\"de\"},{\"@type\":\"Organization\",\"@id\":\"https:\\\/\\\/campinglesgalets.fr\\\/de\\\/#organization\",\"name\":\"Camping les Galets\",\"url\":\"https:\\\/\\\/campinglesgalets.fr\\\/de\\\/\",\"logo\":{\"@type\":\"ImageObject\",\"inLanguage\":\"de\",\"@id\":\"https:\\\/\\\/campinglesgalets.fr\\\/de\\\/#\\\/schema\\\/logo\\\/image\\\/\",\"url\":\"https:\\\/\\\/campinglesgalets.fr\\\/wp-content\\\/uploads\\\/2025\\\/10\\\/Logo_Footer.svg\",\"contentUrl\":\"https:\\\/\\\/campinglesgalets.fr\\\/wp-content\\\/uploads\\\/2025\\\/10\\\/Logo_Footer.svg\",\"width\":267,\"height\":175,\"caption\":\"Camping les Galets\"},\"image\":{\"@id\":\"https:\\\/\\\/campinglesgalets.fr\\\/de\\\/#\\\/schema\\\/logo\\\/image\\\/\"}}]}<\/script>\n<!-- \/ Yoast SEO plugin. -->","yoast_head_json":{"title":"Besuchen Sie Saint-Cyprien \u2013 Was gibt es in Saint-Cyprien zu sehen und zu tun?","description":"Profitez de votre s\u00e9jour en camping 4 \u00e9toiles \u00e0 Argel\u00e8s, au camping les Galets, pour visiter la station baln\u00e9aire de Saint-Cyprien.","robots":{"index":"index","follow":"follow","max-snippet":"max-snippet:-1","max-image-preview":"max-image-preview:large","max-video-preview":"max-video-preview:-1"},"canonical":"https:\/\/campinglesgalets.fr\/de\/tourisme-saint-cyprien\/","og_locale":"de_DE","og_type":"article","og_title":"Besuchen Sie Saint-Cyprien \u2013 Was gibt es in Saint-Cyprien zu sehen und zu tun?","og_description":"Profitez de votre s\u00e9jour en camping 4 \u00e9toiles \u00e0 Argel\u00e8s, au camping les Galets, pour visiter la station baln\u00e9aire de Saint-Cyprien.","og_url":"https:\/\/campinglesgalets.fr\/de\/tourisme-saint-cyprien\/","og_site_name":"Camping les galets","article_modified_time":"2025-04-14T06:41:14+00:00","og_image":[{"width":1900,"height":650,"url":"https:\/\/campinglesgalets.fr\/wp-content\/uploads\/2023\/03\/velo-saint-cyprien.jpg","type":"image\/jpeg"}],"twitter_card":"summary_large_image","twitter_misc":{"Gesch\u00e4tzte Lesezeit":"3\u00a0Minuten"},"schema":{"@context":"https:\/\/schema.org","@graph":[{"@type":"WebPage","@id":"https:\/\/campinglesgalets.fr\/de\/tourisme-saint-cyprien\/","url":"https:\/\/campinglesgalets.fr\/de\/tourisme-saint-cyprien\/","name":"Besuchen Sie Saint-Cyprien \u2013 Was gibt es in Saint-Cyprien zu sehen und zu tun?","isPartOf":{"@id":"https:\/\/campinglesgalets.fr\/de\/#website"},"primaryImageOfPage":{"@id":"https:\/\/campinglesgalets.fr\/de\/tourisme-saint-cyprien\/#primaryimage"},"image":{"@id":"https:\/\/campinglesgalets.fr\/de\/tourisme-saint-cyprien\/#primaryimage"},"thumbnailUrl":"https:\/\/campinglesgalets.fr\/wp-content\/uploads\/2023\/03\/velo-saint-cyprien.jpg","datePublished":"2023-03-07T16:13:41+00:00","dateModified":"2025-04-14T06:41:14+00:00","description":"Profitez de votre s\u00e9jour en camping 4 \u00e9toiles \u00e0 Argel\u00e8s, au camping les Galets, pour visiter la station baln\u00e9aire de Saint-Cyprien.","breadcrumb":{"@id":"https:\/\/campinglesgalets.fr\/de\/tourisme-saint-cyprien\/#breadcrumb"},"inLanguage":"de","potentialAction":[{"@type":"ReadAction","target":["https:\/\/campinglesgalets.fr\/de\/tourisme-saint-cyprien\/"]}]},{"@type":"ImageObject","inLanguage":"de","@id":"https:\/\/campinglesgalets.fr\/de\/tourisme-saint-cyprien\/#primaryimage","url":"https:\/\/campinglesgalets.fr\/wp-content\/uploads\/2023\/03\/velo-saint-cyprien.jpg","contentUrl":"https:\/\/campinglesgalets.fr\/wp-content\/uploads\/2023\/03\/velo-saint-cyprien.jpg","width":1900,"height":650},{"@type":"BreadcrumbList","@id":"https:\/\/campinglesgalets.fr\/de\/tourisme-saint-cyprien\/#breadcrumb","itemListElement":[{"@type":"ListItem","position":1,"name":"Camping \u00e0 Argel\u00e8s-sur-Mer","item":"https:\/\/campinglesgalets.fr\/de\/"},{"@type":"ListItem","position":2,"name":"Besuchen Sie Saint-Cyprien &#8211; Was man in Saint-Cyprien unternehmen und sehen kann"}]},{"@type":"WebSite","@id":"https:\/\/campinglesgalets.fr\/de\/#website","url":"https:\/\/campinglesgalets.fr\/de\/","name":"Camping les galets","description":"Camping Argel\u00e8s-sur-Mer","publisher":{"@id":"https:\/\/campinglesgalets.fr\/de\/#organization"},"potentialAction":[{"@type":"SearchAction","target":{"@type":"EntryPoint","urlTemplate":"https:\/\/campinglesgalets.fr\/de\/?s={search_term_string}"},"query-input":{"@type":"PropertyValueSpecification","valueRequired":true,"valueName":"search_term_string"}}],"inLanguage":"de"},{"@type":"Organization","@id":"https:\/\/campinglesgalets.fr\/de\/#organization","name":"Camping les Galets","url":"https:\/\/campinglesgalets.fr\/de\/","logo":{"@type":"ImageObject","inLanguage":"de","@id":"https:\/\/campinglesgalets.fr\/de\/#\/schema\/logo\/image\/","url":"https:\/\/campinglesgalets.fr\/wp-content\/uploads\/2025\/10\/Logo_Footer.svg","contentUrl":"https:\/\/campinglesgalets.fr\/wp-content\/uploads\/2025\/10\/Logo_Footer.svg","width":267,"height":175,"caption":"Camping les Galets"},"image":{"@id":"https:\/\/campinglesgalets.fr\/de\/#\/schema\/logo\/image\/"}}]}},"_links":{"self":[{"href":"https:\/\/campinglesgalets.fr\/de\/wp-json\/wp\/v2\/pages\/25651","targetHints":{"allow":["GET"]}}],"collection":[{"href":"https:\/\/campinglesgalets.fr\/de\/wp-json\/wp\/v2\/pages"}],"about":[{"href":"https:\/\/campinglesgalets.fr\/de\/wp-json\/wp\/v2\/types\/page"}],"author":[{"embeddable":true,"href":"https:\/\/campinglesgalets.fr\/de\/wp-json\/wp\/v2\/users\/1"}],"replies":[{"embeddable":true,"href":"https:\/\/campinglesgalets.fr\/de\/wp-json\/wp\/v2\/comments?post=25651"}],"version-history":[{"count":0,"href":"https:\/\/campinglesgalets.fr\/de\/wp-json\/wp\/v2\/pages\/25651\/revisions"}],"wp:featuredmedia":[{"embeddable":true,"href":"https:\/\/campinglesgalets.fr\/de\/wp-json\/wp\/v2\/media\/24702"}],"wp:attachment":[{"href":"https:\/\/campinglesgalets.fr\/de\/wp-json\/wp\/v2\/media?parent=25651"}],"curies":[{"name":"wp","href":"https:\/\/api.w.org\/{rel}","templated":true}]}}