{"id":25645,"date":"2023-03-07T17:11:15","date_gmt":"2023-03-07T16:11:15","guid":{"rendered":"https:\/\/campinglesgalets.fr\/tourisme-perpignan\/"},"modified":"2025-04-14T07:39:48","modified_gmt":"2025-04-14T06:39:48","slug":"tourisme-perpignan","status":"publish","type":"page","link":"https:\/\/campinglesgalets.fr\/de\/tourisme-perpignan\/","title":{"rendered":"Perpignan besuchen &#8211; Unsere Tipps f\u00fcr Aktivit\u00e4ten und Besichtigungen"},"content":{"rendered":"<p>Die Stadt <strong>Perpignan<\/strong> in den <a href=\"https:\/\/campinglesgalets.fr\/de\/oestlichen-pyreneeen\/\">Pyr\u00e9n\u00e9es Orientales<\/a>, die als Hauptstadt des Roussillon bekannt ist, zeichnet sich durch ihre starke katalanische Identit\u00e4t und ihre \u00fcppigen Panoramen aus. Die Stadt lockt Touristen mit ihren zahlreichen Sehensw\u00fcrdigkeiten, darunter Denkm\u00e4ler und <strong>Museen<\/strong>. Zwischen <strong>Wanderungen<\/strong> und <strong>Ausfl\u00fcgen<\/strong> gibt es unz\u00e4hlige M\u00f6glichkeiten f\u00fcr Aktivit\u00e4ten f\u00fcr jeden Besuchertyp. Ob Kajakfahren auf dem Meer, Canyoning in den Schluchten oder <strong>Tiefseetauchen<\/strong>, es ist f\u00fcr jeden etwas dabei. Hier finden Sie einige Ideen f\u00fcr Besichtigungen und Aktivit\u00e4ten w\u00e4hrend Ihres Besuchs in <strong>Perpignan<\/strong>.<\/p>\n<h2><strong>Was kann man in Perpignan besichtigen?<\/strong><\/h2>\n<p><strong>Zwischen Meer und Bergen<\/strong> gelegen, hat Perpignan im S\u00fcden Frankreichs viel zu bieten. Mit ihrem reichen historischen Erbe wartet die Stadt darauf, erkundet zu werden.<\/p>\n<ul>\n<li>Das Wahrzeichen von Perpignan ist das <strong>Castillet<\/strong>, ein alter Turm aus rotem Backstein, der w\u00e4hrend der Herrschaft von Peter IV. von Aragon im 14. Heute beherbergt er ein kleines katalanisches Museum f\u00fcr Volkskunst und Traditionen.<\/li>\n<li>Der <strong>Palast der K\u00f6nige von Mallorc<\/strong>a, wo Sie bei einer etwa anderthalbst\u00fcndigen F\u00fchrung mehr \u00fcber die Geschichte der K\u00f6nige von Mallorca erfahren k\u00f6nnen.<\/li>\n<li>Das <strong>Mus\u00e9e des Poup\u00e9es Bella<\/strong> in der 6, avenue du Languedoc: In diesem originellen Museum sind mehr als 500 Puppen sowie Fotos und Poster von K\u00fcnstlern ausgestellt.<\/li>\n<li>Das <strong>Mus\u00e9e Rigaud<\/strong> in der 16 rue de l&#8217;Ange beherbergt die Sammlung des \u201ekleinen Formats\u201c mit insgesamt 210 Gem\u00e4lden zeitgen\u00f6ssischer K\u00fcnstler wie Rigaud, Picasso, Dufy, Maillol oder Miro.<\/li>\n<li>Besuchen Sie die festliche Stadt <strong>C\u00e9ret<\/strong>, in der zahlreiche beliebte Veranstaltungen wie das Sardane-Fest und das Kirschfest stattfinden.<\/li>\n<li>Die<strong> Festung von Salses<\/strong> l\u00e4dt Sie zu einem historischen Rundgang in einer au\u00dfergew\u00f6hnlichen Naturlandschaft zwischen den Corbi\u00e8res und den Seen von Salses ein.<\/li>\n<li><strong>Villefranche-de-Conflent<\/strong>: Machen Sie einen Ausflug in die kleine, von Bergen umgebene Stadt Villefranche-de-Content. Es ist im Sommer bei Touristen sehr beliebt und wird am besten am Vormittag besucht.<\/li>\n<\/ul>\n<p><img loading=\"lazy\" decoding=\"async\" class=\"size-full wp-image-22628 aligncenter\" src=\"https:\/\/campinglesgalets.fr\/wp-content\/uploads\/2023\/03\/perpignan-300x100-1.jpg\" alt=\"\" width=\"300\" height=\"100\" \/><\/p>\n<h2><strong>Unternehmungen in Perpignan<\/strong><\/h2>\n<p>Die katalanische Stadt bietet neben den oben erw\u00e4hnten Sehensw\u00fcrdigkeiten eine gro\u00dfe Auswahl an Freizeitaktivit\u00e4ten.<\/p>\n<ul>\n<li>Eine <strong>Bootsfahrt<\/strong> ist die beste Art, die K\u00fcste zu besuchen, da die Stadt nur 13 km vom Mittelmeer entfernt ist. Bei 300 Sonnentagen im Jahr ist eine Bootstour ein tolles Erlebnis f\u00fcr Freunde und Familie.<\/li>\n<li>Wer den Nervenkitzel sucht, kann in den Schluchten, von denen es in Perpignan viele gibt, <strong>Canyoning<\/strong> betreiben. In der N\u00e4he des Dorfes C\u00e9ret i<strong>m Alb\u00e8res-Massiv<\/strong> k\u00f6nnen Sie sich von Wasserf\u00e4llen abseilen, in Abgr\u00fcnde springen oder nat\u00fcrliche Rutschen hinunterrutschen.<\/li>\n<li>Entspannen Sie sich an einem der <strong>Str\u00e4nde rund um Perpignan<\/strong>. Auf den weiten, wei\u00dfen Sandstr\u00e4nden ist Wassersport angesagt, Sie k\u00f6nnen sich ins Meer st\u00fcrzen oder an den kleinen, ruhigen Str\u00e4nden und Buchten, die die K\u00fcste s\u00e4umen, faulenzen.<\/li>\n<\/ul>\n<h2><strong>Perpignan, eine festliche Stadt<\/strong><\/h2>\n<p>Diese alte Festung an der Mittelmeerk\u00fcste mit ihren hohen, schmalen H\u00e4usern, die oft orange, rot oder rosa gef\u00e4rbt sind, ist auch eine Stadt mit Stadtvierteln, in denen ganz unterschiedliche Gemeinschaften leben und in denen zahlreiche Feste gefeiert werden. Die <strong>Sardana<\/strong>, ein beliebter katalanischer Tanz, wird hier oft aufgef\u00fchrt. Die Stadt feiert auch den <strong>Tag des Heiligen<\/strong> Jordi und den <strong>Tag des Heiligen Johannes<\/strong>, an dem die Flamme, die in der Burg von <strong>Castillet<\/strong> aufbewahrt wird, auf den Gipfel des <strong>Berges Canigou<\/strong> getragen wird. Die Prozession der l&#8217;archiconfr\u00e9rie des Sanch ist das Osterereignis in Katalonien und eine weitere Gelegenheit f\u00fcr die Stadt, ihre farbenfrohen Traditionen zu pflegen. Neben einem prall gef\u00fcllten Fest- und Veranstaltungskalender verf\u00fcgt die Stadt auch \u00fcber eine Vielzahl von Bars, die allesamt die gem\u00fctliche Atmosph\u00e4re der Region ausstrahlen, wie zum Beispiel die un\u00fcbersehbaren <strong>Tapas-Bars<\/strong>, die typisch f\u00fcr <strong>S\u00fcdfrankreich<\/strong> sind. Wenn Sie auf einem Campingplatz in der N\u00e4he von Perpignan \u00fcbernachten, k\u00f6nnen Sie all diese Feste genie\u00dfen.<\/p>\n<p><strong>Entdecken Sie auch :<\/strong><\/p>\n<ul>\n<li><a href=\"https:\/\/campinglesgalets.fr\/de\/mittelmeer\/\">La Mer M\u00e9diterran\u00e9e<\/a><\/li>\n<li><a href=\"https:\/\/campinglesgalets.fr\/de\/oestlichen-pyreneeen\/\">Les Pyr\u00e9nn\u00e9es Orientales<\/a><\/li>\n<li><a href=\"https:\/\/campinglesgalets.fr\/de\/tourisme-collioure\/\">Collioure<\/a><\/li>\n<li><a href=\"https:\/\/campinglesgalets.fr\/de\/tourisme-saint-cyprien\/\">Saint Cyprien<\/a><\/li>\n<\/ul>\n","protected":false},"excerpt":{"rendered":"<p>Die Stadt Perpignan in den Pyr\u00e9n\u00e9es Orientales, die als Hauptstadt des Roussillon bekannt ist, zeichnet sich durch ihre starke katalanische Identit\u00e4t und ihre \u00fcppigen Panoramen aus. Die Stadt lockt Touristen mit ihren zahlreichen Sehensw\u00fcrdigkeiten, darunter Denkm\u00e4ler und Museen. Zwischen Wanderungen und Ausfl\u00fcgen gibt es unz\u00e4hlige M\u00f6glichkeiten f\u00fcr Aktivit\u00e4ten f\u00fcr jeden Besuchertyp. Ob Kajakfahren auf dem [&hellip;]<\/p>\n","protected":false},"author":1,"featured_media":24697,"parent":0,"menu_order":0,"comment_status":"closed","ping_status":"closed","template":"","meta":{"_acf_changed":false,"_et_pb_use_builder":"","_et_pb_old_content":"","_et_gb_content_width":"","footnotes":""},"class_list":["post-25645","page","type-page","status-publish","has-post-thumbnail","hentry"],"acf":[],"yoast_head":"<!-- This site is optimized with the Yoast SEO plugin v27.4 - https:\/\/yoast.com\/product\/yoast-seo-wordpress\/ -->\n<title>Besuchen Sie Perpignan \u2013 Was gibt es in Perpignan zu sehen und zu tun?<\/title>\n<meta name=\"description\" content=\"Profitez de votre s\u00e9jour en camping 4 \u00e9toiles \u00e0 Argel\u00e8s, au camping les Galets, pour visiter l&#039;incontournable ville de Perpignan.\" \/>\n<meta name=\"robots\" content=\"index, follow, max-snippet:-1, max-image-preview:large, max-video-preview:-1\" \/>\n<link rel=\"canonical\" href=\"https:\/\/campinglesgalets.fr\/de\/tourisme-perpignan\/\" \/>\n<meta property=\"og:locale\" content=\"de_DE\" \/>\n<meta property=\"og:type\" content=\"article\" \/>\n<meta property=\"og:title\" content=\"Besuchen Sie Perpignan \u2013 Was gibt es in Perpignan zu sehen und zu tun?\" \/>\n<meta property=\"og:description\" content=\"Profitez de votre s\u00e9jour en camping 4 \u00e9toiles \u00e0 Argel\u00e8s, au camping les Galets, pour visiter l&#039;incontournable ville de Perpignan.\" \/>\n<meta property=\"og:url\" content=\"https:\/\/campinglesgalets.fr\/de\/tourisme-perpignan\/\" \/>\n<meta property=\"og:site_name\" content=\"Camping les galets\" \/>\n<meta property=\"article:modified_time\" content=\"2025-04-14T06:39:48+00:00\" \/>\n<meta property=\"og:image\" content=\"https:\/\/campinglesgalets.fr\/wp-content\/uploads\/2023\/03\/img-perpignan-2.jpg\" \/>\n\t<meta property=\"og:image:width\" content=\"285\" \/>\n\t<meta property=\"og:image:height\" content=\"229\" \/>\n\t<meta property=\"og:image:type\" content=\"image\/jpeg\" \/>\n<meta name=\"twitter:card\" content=\"summary_large_image\" \/>\n<meta name=\"twitter:label1\" content=\"Gesch\u00e4tzte Lesezeit\" \/>\n\t<meta name=\"twitter:data1\" content=\"4\u00a0Minuten\" \/>\n<script type=\"application\/ld+json\" class=\"yoast-schema-graph\">{\"@context\":\"https:\\\/\\\/schema.org\",\"@graph\":[{\"@type\":\"WebPage\",\"@id\":\"https:\\\/\\\/campinglesgalets.fr\\\/de\\\/tourisme-perpignan\\\/\",\"url\":\"https:\\\/\\\/campinglesgalets.fr\\\/de\\\/tourisme-perpignan\\\/\",\"name\":\"Besuchen Sie Perpignan \u2013 Was gibt es in Perpignan zu sehen und zu tun?\",\"isPartOf\":{\"@id\":\"https:\\\/\\\/campinglesgalets.fr\\\/de\\\/#website\"},\"primaryImageOfPage\":{\"@id\":\"https:\\\/\\\/campinglesgalets.fr\\\/de\\\/tourisme-perpignan\\\/#primaryimage\"},\"image\":{\"@id\":\"https:\\\/\\\/campinglesgalets.fr\\\/de\\\/tourisme-perpignan\\\/#primaryimage\"},\"thumbnailUrl\":\"https:\\\/\\\/campinglesgalets.fr\\\/wp-content\\\/uploads\\\/2023\\\/03\\\/img-perpignan-2.jpg\",\"datePublished\":\"2023-03-07T16:11:15+00:00\",\"dateModified\":\"2025-04-14T06:39:48+00:00\",\"description\":\"Profitez de votre s\u00e9jour en camping 4 \u00e9toiles \u00e0 Argel\u00e8s, au camping les Galets, pour visiter l'incontournable ville de Perpignan.\",\"breadcrumb\":{\"@id\":\"https:\\\/\\\/campinglesgalets.fr\\\/de\\\/tourisme-perpignan\\\/#breadcrumb\"},\"inLanguage\":\"de\",\"potentialAction\":[{\"@type\":\"ReadAction\",\"target\":[\"https:\\\/\\\/campinglesgalets.fr\\\/de\\\/tourisme-perpignan\\\/\"]}]},{\"@type\":\"ImageObject\",\"inLanguage\":\"de\",\"@id\":\"https:\\\/\\\/campinglesgalets.fr\\\/de\\\/tourisme-perpignan\\\/#primaryimage\",\"url\":\"https:\\\/\\\/campinglesgalets.fr\\\/wp-content\\\/uploads\\\/2023\\\/03\\\/img-perpignan-2.jpg\",\"contentUrl\":\"https:\\\/\\\/campinglesgalets.fr\\\/wp-content\\\/uploads\\\/2023\\\/03\\\/img-perpignan-2.jpg\",\"width\":285,\"height\":229},{\"@type\":\"BreadcrumbList\",\"@id\":\"https:\\\/\\\/campinglesgalets.fr\\\/de\\\/tourisme-perpignan\\\/#breadcrumb\",\"itemListElement\":[{\"@type\":\"ListItem\",\"position\":1,\"name\":\"Camping \u00e0 Argel\u00e8s-sur-Mer\",\"item\":\"https:\\\/\\\/campinglesgalets.fr\\\/de\\\/\"},{\"@type\":\"ListItem\",\"position\":2,\"name\":\"Perpignan besuchen &#8211; Unsere Tipps f\u00fcr Aktivit\u00e4ten und Besichtigungen\"}]},{\"@type\":\"WebSite\",\"@id\":\"https:\\\/\\\/campinglesgalets.fr\\\/de\\\/#website\",\"url\":\"https:\\\/\\\/campinglesgalets.fr\\\/de\\\/\",\"name\":\"Camping les galets\",\"description\":\"Camping Argel\u00e8s-sur-Mer\",\"publisher\":{\"@id\":\"https:\\\/\\\/campinglesgalets.fr\\\/de\\\/#organization\"},\"potentialAction\":[{\"@type\":\"SearchAction\",\"target\":{\"@type\":\"EntryPoint\",\"urlTemplate\":\"https:\\\/\\\/campinglesgalets.fr\\\/de\\\/?s={search_term_string}\"},\"query-input\":{\"@type\":\"PropertyValueSpecification\",\"valueRequired\":true,\"valueName\":\"search_term_string\"}}],\"inLanguage\":\"de\"},{\"@type\":\"Organization\",\"@id\":\"https:\\\/\\\/campinglesgalets.fr\\\/de\\\/#organization\",\"name\":\"Camping les Galets\",\"url\":\"https:\\\/\\\/campinglesgalets.fr\\\/de\\\/\",\"logo\":{\"@type\":\"ImageObject\",\"inLanguage\":\"de\",\"@id\":\"https:\\\/\\\/campinglesgalets.fr\\\/de\\\/#\\\/schema\\\/logo\\\/image\\\/\",\"url\":\"https:\\\/\\\/campinglesgalets.fr\\\/wp-content\\\/uploads\\\/2025\\\/10\\\/Logo_Footer.svg\",\"contentUrl\":\"https:\\\/\\\/campinglesgalets.fr\\\/wp-content\\\/uploads\\\/2025\\\/10\\\/Logo_Footer.svg\",\"width\":267,\"height\":175,\"caption\":\"Camping les Galets\"},\"image\":{\"@id\":\"https:\\\/\\\/campinglesgalets.fr\\\/de\\\/#\\\/schema\\\/logo\\\/image\\\/\"}}]}<\/script>\n<!-- \/ Yoast SEO plugin. -->","yoast_head_json":{"title":"Besuchen Sie Perpignan \u2013 Was gibt es in Perpignan zu sehen und zu tun?","description":"Profitez de votre s\u00e9jour en camping 4 \u00e9toiles \u00e0 Argel\u00e8s, au camping les Galets, pour visiter l'incontournable ville de Perpignan.","robots":{"index":"index","follow":"follow","max-snippet":"max-snippet:-1","max-image-preview":"max-image-preview:large","max-video-preview":"max-video-preview:-1"},"canonical":"https:\/\/campinglesgalets.fr\/de\/tourisme-perpignan\/","og_locale":"de_DE","og_type":"article","og_title":"Besuchen Sie Perpignan \u2013 Was gibt es in Perpignan zu sehen und zu tun?","og_description":"Profitez de votre s\u00e9jour en camping 4 \u00e9toiles \u00e0 Argel\u00e8s, au camping les Galets, pour visiter l'incontournable ville de Perpignan.","og_url":"https:\/\/campinglesgalets.fr\/de\/tourisme-perpignan\/","og_site_name":"Camping les galets","article_modified_time":"2025-04-14T06:39:48+00:00","og_image":[{"width":285,"height":229,"url":"https:\/\/campinglesgalets.fr\/wp-content\/uploads\/2023\/03\/img-perpignan-2.jpg","type":"image\/jpeg"}],"twitter_card":"summary_large_image","twitter_misc":{"Gesch\u00e4tzte Lesezeit":"4\u00a0Minuten"},"schema":{"@context":"https:\/\/schema.org","@graph":[{"@type":"WebPage","@id":"https:\/\/campinglesgalets.fr\/de\/tourisme-perpignan\/","url":"https:\/\/campinglesgalets.fr\/de\/tourisme-perpignan\/","name":"Besuchen Sie Perpignan \u2013 Was gibt es in Perpignan zu sehen und zu tun?","isPartOf":{"@id":"https:\/\/campinglesgalets.fr\/de\/#website"},"primaryImageOfPage":{"@id":"https:\/\/campinglesgalets.fr\/de\/tourisme-perpignan\/#primaryimage"},"image":{"@id":"https:\/\/campinglesgalets.fr\/de\/tourisme-perpignan\/#primaryimage"},"thumbnailUrl":"https:\/\/campinglesgalets.fr\/wp-content\/uploads\/2023\/03\/img-perpignan-2.jpg","datePublished":"2023-03-07T16:11:15+00:00","dateModified":"2025-04-14T06:39:48+00:00","description":"Profitez de votre s\u00e9jour en camping 4 \u00e9toiles \u00e0 Argel\u00e8s, au camping les Galets, pour visiter l'incontournable ville de Perpignan.","breadcrumb":{"@id":"https:\/\/campinglesgalets.fr\/de\/tourisme-perpignan\/#breadcrumb"},"inLanguage":"de","potentialAction":[{"@type":"ReadAction","target":["https:\/\/campinglesgalets.fr\/de\/tourisme-perpignan\/"]}]},{"@type":"ImageObject","inLanguage":"de","@id":"https:\/\/campinglesgalets.fr\/de\/tourisme-perpignan\/#primaryimage","url":"https:\/\/campinglesgalets.fr\/wp-content\/uploads\/2023\/03\/img-perpignan-2.jpg","contentUrl":"https:\/\/campinglesgalets.fr\/wp-content\/uploads\/2023\/03\/img-perpignan-2.jpg","width":285,"height":229},{"@type":"BreadcrumbList","@id":"https:\/\/campinglesgalets.fr\/de\/tourisme-perpignan\/#breadcrumb","itemListElement":[{"@type":"ListItem","position":1,"name":"Camping \u00e0 Argel\u00e8s-sur-Mer","item":"https:\/\/campinglesgalets.fr\/de\/"},{"@type":"ListItem","position":2,"name":"Perpignan besuchen &#8211; Unsere Tipps f\u00fcr Aktivit\u00e4ten und Besichtigungen"}]},{"@type":"WebSite","@id":"https:\/\/campinglesgalets.fr\/de\/#website","url":"https:\/\/campinglesgalets.fr\/de\/","name":"Camping les galets","description":"Camping Argel\u00e8s-sur-Mer","publisher":{"@id":"https:\/\/campinglesgalets.fr\/de\/#organization"},"potentialAction":[{"@type":"SearchAction","target":{"@type":"EntryPoint","urlTemplate":"https:\/\/campinglesgalets.fr\/de\/?s={search_term_string}"},"query-input":{"@type":"PropertyValueSpecification","valueRequired":true,"valueName":"search_term_string"}}],"inLanguage":"de"},{"@type":"Organization","@id":"https:\/\/campinglesgalets.fr\/de\/#organization","name":"Camping les Galets","url":"https:\/\/campinglesgalets.fr\/de\/","logo":{"@type":"ImageObject","inLanguage":"de","@id":"https:\/\/campinglesgalets.fr\/de\/#\/schema\/logo\/image\/","url":"https:\/\/campinglesgalets.fr\/wp-content\/uploads\/2025\/10\/Logo_Footer.svg","contentUrl":"https:\/\/campinglesgalets.fr\/wp-content\/uploads\/2025\/10\/Logo_Footer.svg","width":267,"height":175,"caption":"Camping les Galets"},"image":{"@id":"https:\/\/campinglesgalets.fr\/de\/#\/schema\/logo\/image\/"}}]}},"_links":{"self":[{"href":"https:\/\/campinglesgalets.fr\/de\/wp-json\/wp\/v2\/pages\/25645","targetHints":{"allow":["GET"]}}],"collection":[{"href":"https:\/\/campinglesgalets.fr\/de\/wp-json\/wp\/v2\/pages"}],"about":[{"href":"https:\/\/campinglesgalets.fr\/de\/wp-json\/wp\/v2\/types\/page"}],"author":[{"embeddable":true,"href":"https:\/\/campinglesgalets.fr\/de\/wp-json\/wp\/v2\/users\/1"}],"replies":[{"embeddable":true,"href":"https:\/\/campinglesgalets.fr\/de\/wp-json\/wp\/v2\/comments?post=25645"}],"version-history":[{"count":0,"href":"https:\/\/campinglesgalets.fr\/de\/wp-json\/wp\/v2\/pages\/25645\/revisions"}],"wp:featuredmedia":[{"embeddable":true,"href":"https:\/\/campinglesgalets.fr\/de\/wp-json\/wp\/v2\/media\/24697"}],"wp:attachment":[{"href":"https:\/\/campinglesgalets.fr\/de\/wp-json\/wp\/v2\/media?parent=25645"}],"curies":[{"name":"wp","href":"https:\/\/api.w.org\/{rel}","templated":true}]}}