{"id":25639,"date":"2023-03-07T16:58:21","date_gmt":"2023-03-07T15:58:21","guid":{"rendered":"https:\/\/campinglesgalets.fr\/tourisme-collioure\/"},"modified":"2025-04-14T07:38:42","modified_gmt":"2025-04-14T06:38:42","slug":"tourisme-collioure","status":"publish","type":"page","link":"https:\/\/campinglesgalets.fr\/de\/tourisme-collioure\/","title":{"rendered":"Besuch in Collioure \u2013 Was gibt es in Collioure zu sehen und zu unternehmen?"},"content":{"rendered":"<p>Die <strong>K\u00fcstenstadt Collioure<\/strong> in den <a href=\"https:\/\/campinglesgalets.fr\/de\/oestlichen-pyreneeen\/\">Pyr\u00e9n\u00e9es Orientales<\/a> in der katalanischen Region Frankreichs hat viel Charme, weshalb sie an sonnigen Tagen so viele Touristen anzieht. Mit ihrer Altstadt, ihrer symboltr\u00e4chtigen Kirche, ihrem k\u00f6niglichen Schloss und ihrem Museum f\u00fcr moderne Kunst hat die <strong>charmante Stadt Collioure<\/strong> viel zu bieten. Dar\u00fcber hinaus wird sie als eine der sch\u00f6nsten St\u00e4dte Okzitaniens beschrieben, ein wahres Juwel an der C\u00f4te Vermeille. Nutzen Sie in Collioure die Gelegenheit, die wichtigsten Sehensw\u00fcrdigkeiten zu entdecken und die zahlreichen Aktivit\u00e4ten in der Umgebung zu genie\u00dfen. In der Region Languedoc Roussillon finden Sie zahlreiche Campingpl\u00e4tze in der N\u00e4he von <strong>Collioure<\/strong>.<\/p>\n<p><img decoding=\"async\" class=\"size-full wp-image-22625 aligncenter\" src=\"https:\/\/campinglesgalets.fr\/wp-content\/uploads\/2023\/03\/collioure-1-300x100-1.jpg\" alt=\"\" width=\"300\" \/><\/p>\n<h2>Was Sie in Collioure besichtigen sollten Entdecken Sie das wundersch\u00f6ne historische Stadtzentrum<\/h2>\n<p>Machen Sie einen sch\u00f6nen Spaziergang durch das Dorf und vergessen Sie nicht, Folgendes zu besuchen:<\/p>\n<ul>\n<li><strong>Kirche Notre-Dame-des-Anges<\/strong>, ein Wahrzeichen am Meer aus dem 17. Jahrhundert. Der Innenraum enth\u00e4lt barocke Meisterwerke, darunter das Altarbild von Joseph Sunyer. Das Denkmal birgt zahlreiche Sch\u00e4tze, darunter das Hochaltarbild, ein riesiges vergoldetes h\u00f6lzernes Tryptychon.<\/li>\n<li>Das <strong>K\u00f6nigsschloss<\/strong> ist die n\u00e4chste Attraktion und steht stolz am Ufer der Bucht von La Baleta. Sie ist \u00fcber 700 Jahre alt und wurde von Vauban befestigt. Sie erfahren nicht nur etwas \u00fcber das Schloss, sondern auch \u00fcber die Geschichte des Dorfes und der Umgebung.<\/li>\n<li>Sie k\u00f6nnen eine Pause auf der Terrasse eines der Caf\u00e9s oder einer Eisdiele einlegen und die Ankunft der frisch im Hafen gefangenen Sardellen beobachten.<\/li>\n<li>Die <strong>Windm\u00fchle von Collioure<\/strong> ist eine unverzichtbare Attraktion, nur 15 Minuten vom Schloss entfernt. Obwohl die M\u00fchle hoch \u00fcber der Stadt thront, muss man einige Anstrengungen unternehmen, um dorthin zu gelangen. Dieses Geb\u00e4ude stammt aus dem Jahr 1337 und wird heute zur \u00d6lherstellung genutzt.<\/li>\n<li>Wenn Sie Zeit haben, machen Sie einen Abstecher zum Friedhof, um das <strong>Grab von Antonio Machado<\/strong>, dem \u201espanischen Victor Hugo\u201c, zu besichtigen. Auf seinem Grab wurde eigens ein Briefkasten aufgestellt, der noch immer voller Briefe ist!<\/li>\n<\/ul>\n<h2>Die Aktivit\u00e4ten in Collioure<\/h2>\n<p>Da Collioure ein Badeort in den Pyr\u00e9n\u00e9es-Orientales ist, ist die Mittelmeerk\u00fcste der ideale Ort f\u00fcr Wassersportaktivit\u00e4ten. Hier sind ein paar Ideen f\u00fcr Unternehmungen in Collioure:<\/p>\n<ul>\n<li><strong>Bootsfahrten<\/strong>: Mit einem Boot k\u00f6nnen Sie die K\u00fcste mit ihren Buchten und Str\u00e4nden entlang des Mittelmeers erkunden. Vom Wasser aus entdecken Sie das Dorf auf eine ganz andere Art und Weise, ein tolles Erlebnis, das Sie mit Freunden und Familie teilen k\u00f6nnen.<\/li>\n<li><strong>Der Besuch der sch\u00f6nsten Str\u00e4nde von Collioure<\/strong> ist eine perfekte M\u00f6glichkeit, neue Energie zu tanken, zumal die meisten davon nicht weit von der Stadt entfernt liegen. Zu den sch\u00f6nsten z\u00e4hlen der Strand Faubourg mit atemberaubender Aussicht auf das Mittelmeer; Strand de l&#8217;Ollie, ein angenehmer Strand zwischen Felsen und Vegetation; Plage de l&#8217;Ouille zwischen Collioure und Agrel\u00e8s-sur-Mer; und Strand d&#8217;en Baux in Richtung Port-Vendres, einer bezaubernden Bucht, umgeben von Felsen und Pflanzen.<\/li>\n<li>Probieren Sie <strong>lokale Spezialit\u00e4ten<\/strong>, darunter die ber\u00fchmten Sardellen aus Collioure, die f\u00fcr ihr Jodaroma bekannt sind. Die Collioure AOC-Weine sind die perfekte Wahl zu mediterranen Gerichten und Aperitifs.<\/li>\n<li>Machen Sie mit Ihrer Familie einen Spaziergang in der Gegend, insbesondere zum <strong>Fort Saint-Elme<\/strong>, einer strategisch g\u00fcnstig gelegenen Festung auf einem H\u00fcgel mit Blick auf das Dorf. Sie k\u00f6nnen dorthin etwa 45 Minuten laufen. Der K\u00fcstenweg und die Berge im Landesinneren bieten zahlreiche M\u00f6glichkeiten zum Wandern und Mountainbiken.<\/li>\n<li><strong>Die St\u00e4tte Paulilles<\/strong> sollte man sich nicht entgehen lassen. Diese ehemalige Dynamitfabrik aus dem Jahr 1870 wurde teilweise in ein Museum umgewandelt, in dem Besucher mehr \u00fcber das Leben in der Fabrik erfahren und Modelle besichtigen k\u00f6nnen. Es werden auch gef\u00fchrte Touren durch die Bucht angeboten. Die Bucht von Paulilles ist eine der beliebtesten klassifizierten St\u00e4tten im D\u00e9partement Pyr\u00e9n\u00e9es Orientales.<\/li>\n<\/ul>\n<p><img loading=\"lazy\" decoding=\"async\" class=\"size-full wp-image-22626 aligncenter\" src=\"https:\/\/campinglesgalets.fr\/wp-content\/uploads\/2023\/03\/collioure-proche-camping-argeles-300x169-1.jpg\" alt=\"\" width=\"300\" height=\"169\" \/><\/p>\n<h2>Traditionelle Feste in Collioure<\/h2>\n<p>Seit 1701 wird St. Vincent am 16. August mit einem gro\u00dfen Feuerwerk gefeiert, das aufgrund seiner spektakul\u00e4ren Lage in der Bucht das beliebteste in der Gegend ist. Saint-Vincent ist ein gro\u00dfes traditionelles Fest, bei dem die Ankunft der Reliquien des Schutzpatrons der Stadt gefeiert wurde. Im Laufe der letzten drei Jahrhunderte haben sich diese Feste zu einem der H\u00f6hepunkte des lokalen Stadtlebens entwickelt. Jedes Jahr besuchen Tausende von Besuchern die verschiedenen Veranstaltungen wie Meeresparaden in katalanischen Booten, Wasserspiele, Konzerte und Blaskapellen, Tanzpartys, Sardane-Tanz und Stra\u00dfentheater &#8230; Seit 2016 gibt es im Dorf Collioure das Sardellenfest ! Dieser kleine blaue Fisch, das Wahrzeichen der Stadt, wird Anfang Juni mit Filetiervorf\u00fchrungen, Verkostungen und Zeichenworkshops f\u00fcr Kinder gefeiert.<\/p>\n<p>auch entdecken\u00a0:<\/p>\n<ul>\n<li><a href=\"https:\/\/campinglesgalets.fr\/de\/tourisme-perpignan\/\">Perpignan<\/a><\/li>\n<li><a href=\"https:\/\/campinglesgalets.fr\/de\/mittelmeer\/\">la mer M\u00e9diterran\u00e9e<\/a><\/li>\n<li><a href=\"https:\/\/campinglesgalets.fr\/de\/oestlichen-pyreneeen\/\">les Pyr\u00e9nn\u00e9es Orientales<\/a><\/li>\n<\/ul>\n","protected":false},"excerpt":{"rendered":"<p>Die K\u00fcstenstadt Collioure in den Pyr\u00e9n\u00e9es Orientales in der katalanischen Region Frankreichs hat viel Charme, weshalb sie an sonnigen Tagen so viele Touristen anzieht. Mit ihrer Altstadt, ihrer symboltr\u00e4chtigen Kirche, ihrem k\u00f6niglichen Schloss und ihrem Museum f\u00fcr moderne Kunst hat die charmante Stadt Collioure viel zu bieten. Dar\u00fcber hinaus wird sie als eine der sch\u00f6nsten [&hellip;]<\/p>\n","protected":false},"author":1,"featured_media":24692,"parent":0,"menu_order":0,"comment_status":"closed","ping_status":"closed","template":"","meta":{"_acf_changed":false,"_et_pb_use_builder":"","_et_pb_old_content":"","_et_gb_content_width":"","footnotes":""},"class_list":["post-25639","page","type-page","status-publish","has-post-thumbnail","hentry"],"acf":[],"yoast_head":"<!-- This site is optimized with the Yoast SEO plugin v27.3 - https:\/\/yoast.com\/product\/yoast-seo-wordpress\/ -->\n<title>Besuchen Sie Collioure \u2013 Was gibt es in Collioure zu sehen und zu tun?<\/title>\n<meta name=\"description\" content=\"Profitez de votre s\u00e9jour en camping 4 \u00e9toiles \u00e0 Argel\u00e8s, au camping les Galets, pour visiter le village baln\u00e9aire de Collioure.\" \/>\n<meta name=\"robots\" content=\"index, follow, max-snippet:-1, max-image-preview:large, max-video-preview:-1\" \/>\n<link rel=\"canonical\" href=\"https:\/\/campinglesgalets.fr\/de\/tourisme-collioure\/\" \/>\n<meta property=\"og:locale\" content=\"de_DE\" \/>\n<meta property=\"og:type\" content=\"article\" \/>\n<meta property=\"og:title\" content=\"Besuchen Sie Collioure \u2013 Was gibt es in Collioure zu sehen und zu tun?\" \/>\n<meta property=\"og:description\" content=\"Profitez de votre s\u00e9jour en camping 4 \u00e9toiles \u00e0 Argel\u00e8s, au camping les Galets, pour visiter le village baln\u00e9aire de Collioure.\" \/>\n<meta property=\"og:url\" content=\"https:\/\/campinglesgalets.fr\/de\/tourisme-collioure\/\" \/>\n<meta property=\"og:site_name\" content=\"Camping les galets\" \/>\n<meta property=\"article:modified_time\" content=\"2025-04-14T06:38:42+00:00\" \/>\n<meta property=\"og:image\" content=\"https:\/\/campinglesgalets.fr\/wp-content\/uploads\/2023\/03\/plage-collioure.jpg\" \/>\n\t<meta property=\"og:image:width\" content=\"1900\" \/>\n\t<meta property=\"og:image:height\" content=\"600\" \/>\n\t<meta property=\"og:image:type\" content=\"image\/jpeg\" \/>\n<meta name=\"twitter:card\" content=\"summary_large_image\" \/>\n<meta name=\"twitter:label1\" content=\"Gesch\u00e4tzte Lesezeit\" \/>\n\t<meta name=\"twitter:data1\" content=\"5\u00a0Minuten\" \/>\n<script type=\"application\/ld+json\" class=\"yoast-schema-graph\">{\"@context\":\"https:\\\/\\\/schema.org\",\"@graph\":[{\"@type\":\"WebPage\",\"@id\":\"https:\\\/\\\/campinglesgalets.fr\\\/de\\\/tourisme-collioure\\\/\",\"url\":\"https:\\\/\\\/campinglesgalets.fr\\\/de\\\/tourisme-collioure\\\/\",\"name\":\"Besuchen Sie Collioure \u2013 Was gibt es in Collioure zu sehen und zu tun?\",\"isPartOf\":{\"@id\":\"https:\\\/\\\/campinglesgalets.fr\\\/de\\\/#website\"},\"primaryImageOfPage\":{\"@id\":\"https:\\\/\\\/campinglesgalets.fr\\\/de\\\/tourisme-collioure\\\/#primaryimage\"},\"image\":{\"@id\":\"https:\\\/\\\/campinglesgalets.fr\\\/de\\\/tourisme-collioure\\\/#primaryimage\"},\"thumbnailUrl\":\"https:\\\/\\\/campinglesgalets.fr\\\/wp-content\\\/uploads\\\/2023\\\/03\\\/plage-collioure.jpg\",\"datePublished\":\"2023-03-07T15:58:21+00:00\",\"dateModified\":\"2025-04-14T06:38:42+00:00\",\"description\":\"Profitez de votre s\u00e9jour en camping 4 \u00e9toiles \u00e0 Argel\u00e8s, au camping les Galets, pour visiter le village baln\u00e9aire de Collioure.\",\"breadcrumb\":{\"@id\":\"https:\\\/\\\/campinglesgalets.fr\\\/de\\\/tourisme-collioure\\\/#breadcrumb\"},\"inLanguage\":\"de\",\"potentialAction\":[{\"@type\":\"ReadAction\",\"target\":[\"https:\\\/\\\/campinglesgalets.fr\\\/de\\\/tourisme-collioure\\\/\"]}]},{\"@type\":\"ImageObject\",\"inLanguage\":\"de\",\"@id\":\"https:\\\/\\\/campinglesgalets.fr\\\/de\\\/tourisme-collioure\\\/#primaryimage\",\"url\":\"https:\\\/\\\/campinglesgalets.fr\\\/wp-content\\\/uploads\\\/2023\\\/03\\\/plage-collioure.jpg\",\"contentUrl\":\"https:\\\/\\\/campinglesgalets.fr\\\/wp-content\\\/uploads\\\/2023\\\/03\\\/plage-collioure.jpg\",\"width\":1900,\"height\":600,\"caption\":\"plage collioure proche argel\u00e8s sur mer\"},{\"@type\":\"BreadcrumbList\",\"@id\":\"https:\\\/\\\/campinglesgalets.fr\\\/de\\\/tourisme-collioure\\\/#breadcrumb\",\"itemListElement\":[{\"@type\":\"ListItem\",\"position\":1,\"name\":\"Camping \u00e0 Argel\u00e8s-sur-Mer\",\"item\":\"https:\\\/\\\/campinglesgalets.fr\\\/de\\\/\"},{\"@type\":\"ListItem\",\"position\":2,\"name\":\"Besuch in Collioure \u2013 Was gibt es in Collioure zu sehen und zu unternehmen?\"}]},{\"@type\":\"WebSite\",\"@id\":\"https:\\\/\\\/campinglesgalets.fr\\\/de\\\/#website\",\"url\":\"https:\\\/\\\/campinglesgalets.fr\\\/de\\\/\",\"name\":\"Camping les galets\",\"description\":\"Camping Argel\u00e8s-sur-Mer\",\"publisher\":{\"@id\":\"https:\\\/\\\/campinglesgalets.fr\\\/de\\\/#organization\"},\"potentialAction\":[{\"@type\":\"SearchAction\",\"target\":{\"@type\":\"EntryPoint\",\"urlTemplate\":\"https:\\\/\\\/campinglesgalets.fr\\\/de\\\/?s={search_term_string}\"},\"query-input\":{\"@type\":\"PropertyValueSpecification\",\"valueRequired\":true,\"valueName\":\"search_term_string\"}}],\"inLanguage\":\"de\"},{\"@type\":\"Organization\",\"@id\":\"https:\\\/\\\/campinglesgalets.fr\\\/de\\\/#organization\",\"name\":\"Camping les Galets\",\"url\":\"https:\\\/\\\/campinglesgalets.fr\\\/de\\\/\",\"logo\":{\"@type\":\"ImageObject\",\"inLanguage\":\"de\",\"@id\":\"https:\\\/\\\/campinglesgalets.fr\\\/de\\\/#\\\/schema\\\/logo\\\/image\\\/\",\"url\":\"https:\\\/\\\/campinglesgalets.fr\\\/wp-content\\\/uploads\\\/2025\\\/10\\\/Logo_Footer.svg\",\"contentUrl\":\"https:\\\/\\\/campinglesgalets.fr\\\/wp-content\\\/uploads\\\/2025\\\/10\\\/Logo_Footer.svg\",\"width\":267,\"height\":175,\"caption\":\"Camping les Galets\"},\"image\":{\"@id\":\"https:\\\/\\\/campinglesgalets.fr\\\/de\\\/#\\\/schema\\\/logo\\\/image\\\/\"}}]}<\/script>\n<!-- \/ Yoast SEO plugin. -->","yoast_head_json":{"title":"Besuchen Sie Collioure \u2013 Was gibt es in Collioure zu sehen und zu tun?","description":"Profitez de votre s\u00e9jour en camping 4 \u00e9toiles \u00e0 Argel\u00e8s, au camping les Galets, pour visiter le village baln\u00e9aire de Collioure.","robots":{"index":"index","follow":"follow","max-snippet":"max-snippet:-1","max-image-preview":"max-image-preview:large","max-video-preview":"max-video-preview:-1"},"canonical":"https:\/\/campinglesgalets.fr\/de\/tourisme-collioure\/","og_locale":"de_DE","og_type":"article","og_title":"Besuchen Sie Collioure \u2013 Was gibt es in Collioure zu sehen und zu tun?","og_description":"Profitez de votre s\u00e9jour en camping 4 \u00e9toiles \u00e0 Argel\u00e8s, au camping les Galets, pour visiter le village baln\u00e9aire de Collioure.","og_url":"https:\/\/campinglesgalets.fr\/de\/tourisme-collioure\/","og_site_name":"Camping les galets","article_modified_time":"2025-04-14T06:38:42+00:00","og_image":[{"width":1900,"height":600,"url":"https:\/\/campinglesgalets.fr\/wp-content\/uploads\/2023\/03\/plage-collioure.jpg","type":"image\/jpeg"}],"twitter_card":"summary_large_image","twitter_misc":{"Gesch\u00e4tzte Lesezeit":"5\u00a0Minuten"},"schema":{"@context":"https:\/\/schema.org","@graph":[{"@type":"WebPage","@id":"https:\/\/campinglesgalets.fr\/de\/tourisme-collioure\/","url":"https:\/\/campinglesgalets.fr\/de\/tourisme-collioure\/","name":"Besuchen Sie Collioure \u2013 Was gibt es in Collioure zu sehen und zu tun?","isPartOf":{"@id":"https:\/\/campinglesgalets.fr\/de\/#website"},"primaryImageOfPage":{"@id":"https:\/\/campinglesgalets.fr\/de\/tourisme-collioure\/#primaryimage"},"image":{"@id":"https:\/\/campinglesgalets.fr\/de\/tourisme-collioure\/#primaryimage"},"thumbnailUrl":"https:\/\/campinglesgalets.fr\/wp-content\/uploads\/2023\/03\/plage-collioure.jpg","datePublished":"2023-03-07T15:58:21+00:00","dateModified":"2025-04-14T06:38:42+00:00","description":"Profitez de votre s\u00e9jour en camping 4 \u00e9toiles \u00e0 Argel\u00e8s, au camping les Galets, pour visiter le village baln\u00e9aire de Collioure.","breadcrumb":{"@id":"https:\/\/campinglesgalets.fr\/de\/tourisme-collioure\/#breadcrumb"},"inLanguage":"de","potentialAction":[{"@type":"ReadAction","target":["https:\/\/campinglesgalets.fr\/de\/tourisme-collioure\/"]}]},{"@type":"ImageObject","inLanguage":"de","@id":"https:\/\/campinglesgalets.fr\/de\/tourisme-collioure\/#primaryimage","url":"https:\/\/campinglesgalets.fr\/wp-content\/uploads\/2023\/03\/plage-collioure.jpg","contentUrl":"https:\/\/campinglesgalets.fr\/wp-content\/uploads\/2023\/03\/plage-collioure.jpg","width":1900,"height":600,"caption":"plage collioure proche argel\u00e8s sur mer"},{"@type":"BreadcrumbList","@id":"https:\/\/campinglesgalets.fr\/de\/tourisme-collioure\/#breadcrumb","itemListElement":[{"@type":"ListItem","position":1,"name":"Camping \u00e0 Argel\u00e8s-sur-Mer","item":"https:\/\/campinglesgalets.fr\/de\/"},{"@type":"ListItem","position":2,"name":"Besuch in Collioure \u2013 Was gibt es in Collioure zu sehen und zu unternehmen?"}]},{"@type":"WebSite","@id":"https:\/\/campinglesgalets.fr\/de\/#website","url":"https:\/\/campinglesgalets.fr\/de\/","name":"Camping les galets","description":"Camping Argel\u00e8s-sur-Mer","publisher":{"@id":"https:\/\/campinglesgalets.fr\/de\/#organization"},"potentialAction":[{"@type":"SearchAction","target":{"@type":"EntryPoint","urlTemplate":"https:\/\/campinglesgalets.fr\/de\/?s={search_term_string}"},"query-input":{"@type":"PropertyValueSpecification","valueRequired":true,"valueName":"search_term_string"}}],"inLanguage":"de"},{"@type":"Organization","@id":"https:\/\/campinglesgalets.fr\/de\/#organization","name":"Camping les Galets","url":"https:\/\/campinglesgalets.fr\/de\/","logo":{"@type":"ImageObject","inLanguage":"de","@id":"https:\/\/campinglesgalets.fr\/de\/#\/schema\/logo\/image\/","url":"https:\/\/campinglesgalets.fr\/wp-content\/uploads\/2025\/10\/Logo_Footer.svg","contentUrl":"https:\/\/campinglesgalets.fr\/wp-content\/uploads\/2025\/10\/Logo_Footer.svg","width":267,"height":175,"caption":"Camping les Galets"},"image":{"@id":"https:\/\/campinglesgalets.fr\/de\/#\/schema\/logo\/image\/"}}]}},"_links":{"self":[{"href":"https:\/\/campinglesgalets.fr\/de\/wp-json\/wp\/v2\/pages\/25639","targetHints":{"allow":["GET"]}}],"collection":[{"href":"https:\/\/campinglesgalets.fr\/de\/wp-json\/wp\/v2\/pages"}],"about":[{"href":"https:\/\/campinglesgalets.fr\/de\/wp-json\/wp\/v2\/types\/page"}],"author":[{"embeddable":true,"href":"https:\/\/campinglesgalets.fr\/de\/wp-json\/wp\/v2\/users\/1"}],"replies":[{"embeddable":true,"href":"https:\/\/campinglesgalets.fr\/de\/wp-json\/wp\/v2\/comments?post=25639"}],"version-history":[{"count":0,"href":"https:\/\/campinglesgalets.fr\/de\/wp-json\/wp\/v2\/pages\/25639\/revisions"}],"wp:featuredmedia":[{"embeddable":true,"href":"https:\/\/campinglesgalets.fr\/de\/wp-json\/wp\/v2\/media\/24692"}],"wp:attachment":[{"href":"https:\/\/campinglesgalets.fr\/de\/wp-json\/wp\/v2\/media?parent=25639"}],"curies":[{"name":"wp","href":"https:\/\/api.w.org\/{rel}","templated":true}]}}