{"id":25615,"date":"2023-03-03T16:24:30","date_gmt":"2023-03-03T15:24:30","guid":{"rendered":"https:\/\/campinglesgalets.fr\/contact-et-acces\/"},"modified":"2025-10-06T10:05:53","modified_gmt":"2025-10-06T09:05:53","slug":"kontakt-und-zugang","status":"publish","type":"page","link":"https:\/\/campinglesgalets.fr\/de\/kontakt-und-zugang\/","title":{"rendered":"Kontakt und Zugang"},"content":{"rendered":"<h2>Camping\u00a0 \u201cLes Galets\u201d<\/h2>\n<p>Route de Taxo a la Mer &#8211; Plage Nord<br \/>\n66701 Argel\u00e8s-sur-mer<\/p>\n<h2>Kontakt<\/h2>\n<p>Sie haben einen virtuellen Rundgang durch unseren Campingplatz gemacht und Sie m\u00f6chten Ihren n\u00e4chsten Urlaub zusammen mit ihrem Partner, mit Familie oder Freunden im 4-Sterne Camping Les Galets Argel\u00e8s-sur-Mer in Okzitanisch verbringen? Bevor Sie Ihren komfortablen Stellplatz oder Ihr voll augestattetes Luxusmobilheim buchen, z\u00f6gern Sie nicht uns alle Ihre Fragen zu stellen:<\/p>\n<p>Durch das Ausf\u00fcllen des Online-Formulars direkt;<br \/>\nRufen Sie uns an unter +33 (0) 4 68 81 08 12;<br \/>\nPer Post: Camping Les Galets &#8211; Stra\u00dfe Taxo zum Meer &#8211; North Beach &#8211; 66701 Argel\u00e8s-sur-Mer.<\/p>\n<p>Welche Ausr\u00fcstung finde ich in meiner Miete? Wann wird die Zahlung vorgenommen? Ist der Campingplatz in einer ruhigen Gegend und in der N\u00e4he der Str\u00e4nde? Was sind die kinderfreundlichen Einrichtungen? Dienstleistungen angeboten und Aktivit\u00e4ten vor Ort organisiert? Die wichtigsten Dinge zu sehen und zu tun in der Gegend? Kontaktieren Sie uns und wir helfen Ihnen bei der Planung Ihres Urlaubs in. Pyr\u00e9n\u00e9es-Orientales.<\/p>\n<hr \/>\n<p>\u00d6ffnungszeiten der Rezeption :<\/p>\n<ul>\n<li>April, Mai, Juni, September : 8:30 Uhr &#8211; 12:30 Uhr \/ 14:00 Uhr &#8211; 18:30 Uhr<\/li>\n<li>Juli und August : 8:00 Uhr &#8211; 13:00 Uhr \/ 15:00 Uhr &#8211; 19:30 Uhr<\/li>\n<li>Oktober bis M\u00e4rz : 9:00 Uhr &#8211; 12:30 \/ 14:00 Uhr &#8211; 17:30 Uhr<\/li>\n<\/ul>\n<h2>Zugang zum Campingplatz<\/h2>\n<p>Mit dem Auto<\/p>\n<p>Von Paris (873 km, 8.10): A10 bis Orleans, A71 nach Clermont-Ferrand nach B\u00e9ziers A75, A9 nach Perpignan dann D914 (Richtung Saint-Cyprien und Argel\u00e8s).<br \/>\nVon Toulouse (233 km, 2.18): A61 nach Narbonne, A9 nach Perpignan dann D914 (Richtung Saint-Cyprien und Argel\u00e8s).<br \/>\nVon Montpellier (181 km, 1h52): A9 bis Perpignan, dann D914 (Richtung Saint-Cyprien und Argel\u00e8s).<\/p>\n<p>Bevor Sie in Argel\u00e8s einfahren, nehmen Sie am Taxo Davall die Taxo-Stra\u00dfe nach links in Richtung Strand. Der Campingplatz liegt auf der linken Seite, ca. 1 km.<\/p>\n<p>Mit dem Zug<\/p>\n<p>SNCF Stationen von Perpignan und Argel\u00e8s.<\/p>\n<p>Mit dem Flugzeug<\/p>\n<p>Perpignan-Rivesaltes Flughafen<\/p>\n<p><strong>GPS :<\/strong> Argel\u00e8s-sur-mer<br \/>\n42\u00b0 34\u2032 21.00\u2033N &#8211; 3\u00b0 1\u2032 32.02\u2033 E<br \/>\nTel. <strong>+33 4 68 81 08 12<\/strong> &#8211; Fax <strong>+33 4 68 81 68 76<\/strong><\/p>\n","protected":false},"excerpt":{"rendered":"<p>Camping\u00a0 \u201cLes Galets\u201d Route de Taxo a la Mer &#8211; Plage Nord 66701 Argel\u00e8s-sur-mer Kontakt Sie haben einen virtuellen Rundgang durch unseren Campingplatz gemacht und Sie m\u00f6chten Ihren n\u00e4chsten Urlaub zusammen mit ihrem Partner, mit Familie oder Freunden im 4-Sterne Camping Les Galets Argel\u00e8s-sur-Mer in Okzitanisch verbringen? Bevor Sie Ihren komfortablen Stellplatz oder Ihr voll [&hellip;]<\/p>\n","protected":false},"author":1,"featured_media":24077,"parent":0,"menu_order":0,"comment_status":"closed","ping_status":"closed","template":"","meta":{"_acf_changed":false,"_et_pb_use_builder":"","_et_pb_old_content":"","_et_gb_content_width":"","footnotes":""},"class_list":["post-25615","page","type-page","status-publish","has-post-thumbnail","hentry"],"acf":[],"yoast_head":"<!-- This site is optimized with the Yoast SEO plugin v27.4 - https:\/\/yoast.com\/product\/yoast-seo-wordpress\/ -->\n<title>Kontakt und Zugang - Camping les galets<\/title>\n<meta name=\"description\" content=\"Alle Kontaktinformationen und Anfahrtswege zum Camping Les Galets in Argel\u00e8s-sur-Mer.\" \/>\n<meta name=\"robots\" content=\"index, follow, max-snippet:-1, max-image-preview:large, max-video-preview:-1\" \/>\n<link rel=\"canonical\" href=\"https:\/\/campinglesgalets.fr\/de\/kontakt-und-zugang\/\" \/>\n<meta property=\"og:locale\" content=\"de_DE\" \/>\n<meta property=\"og:type\" content=\"article\" \/>\n<meta property=\"og:title\" content=\"Kontakt und Zugang - Camping les galets\" \/>\n<meta property=\"og:description\" content=\"Alle Kontaktinformationen und Anfahrtswege zum Camping Les Galets in Argel\u00e8s-sur-Mer.\" \/>\n<meta property=\"og:url\" content=\"https:\/\/campinglesgalets.fr\/de\/kontakt-und-zugang\/\" \/>\n<meta property=\"og:site_name\" content=\"Camping les galets\" \/>\n<meta property=\"article:modified_time\" content=\"2025-10-06T09:05:53+00:00\" \/>\n<meta property=\"og:image\" content=\"https:\/\/campinglesgalets.fr\/wp-content\/uploads\/2020\/04\/sejour-st-cyprien-plage-1.jpg\" \/>\n\t<meta property=\"og:image:width\" content=\"1200\" \/>\n\t<meta property=\"og:image:height\" content=\"617\" \/>\n\t<meta property=\"og:image:type\" content=\"image\/jpeg\" \/>\n<meta name=\"twitter:card\" content=\"summary_large_image\" \/>\n<meta name=\"twitter:label1\" content=\"Gesch\u00e4tzte Lesezeit\" \/>\n\t<meta name=\"twitter:data1\" content=\"2\u00a0Minuten\" \/>\n<script type=\"application\/ld+json\" class=\"yoast-schema-graph\">{\"@context\":\"https:\\\/\\\/schema.org\",\"@graph\":[{\"@type\":\"WebPage\",\"@id\":\"https:\\\/\\\/campinglesgalets.fr\\\/de\\\/kontakt-und-zugang\\\/\",\"url\":\"https:\\\/\\\/campinglesgalets.fr\\\/de\\\/kontakt-und-zugang\\\/\",\"name\":\"Kontakt und Zugang - Camping les galets\",\"isPartOf\":{\"@id\":\"https:\\\/\\\/campinglesgalets.fr\\\/de\\\/#website\"},\"primaryImageOfPage\":{\"@id\":\"https:\\\/\\\/campinglesgalets.fr\\\/de\\\/kontakt-und-zugang\\\/#primaryimage\"},\"image\":{\"@id\":\"https:\\\/\\\/campinglesgalets.fr\\\/de\\\/kontakt-und-zugang\\\/#primaryimage\"},\"thumbnailUrl\":\"https:\\\/\\\/campinglesgalets.fr\\\/wp-content\\\/uploads\\\/2020\\\/04\\\/sejour-st-cyprien-plage-1.jpg\",\"datePublished\":\"2023-03-03T15:24:30+00:00\",\"dateModified\":\"2025-10-06T09:05:53+00:00\",\"description\":\"Alle Kontaktinformationen und Anfahrtswege zum Camping Les Galets in Argel\u00e8s-sur-Mer.\",\"breadcrumb\":{\"@id\":\"https:\\\/\\\/campinglesgalets.fr\\\/de\\\/kontakt-und-zugang\\\/#breadcrumb\"},\"inLanguage\":\"de\",\"potentialAction\":[{\"@type\":\"ReadAction\",\"target\":[\"https:\\\/\\\/campinglesgalets.fr\\\/de\\\/kontakt-und-zugang\\\/\"]}]},{\"@type\":\"ImageObject\",\"inLanguage\":\"de\",\"@id\":\"https:\\\/\\\/campinglesgalets.fr\\\/de\\\/kontakt-und-zugang\\\/#primaryimage\",\"url\":\"https:\\\/\\\/campinglesgalets.fr\\\/wp-content\\\/uploads\\\/2020\\\/04\\\/sejour-st-cyprien-plage-1.jpg\",\"contentUrl\":\"https:\\\/\\\/campinglesgalets.fr\\\/wp-content\\\/uploads\\\/2020\\\/04\\\/sejour-st-cyprien-plage-1.jpg\",\"width\":1200,\"height\":617},{\"@type\":\"BreadcrumbList\",\"@id\":\"https:\\\/\\\/campinglesgalets.fr\\\/de\\\/kontakt-und-zugang\\\/#breadcrumb\",\"itemListElement\":[{\"@type\":\"ListItem\",\"position\":1,\"name\":\"Camping \u00e0 Argel\u00e8s-sur-Mer\",\"item\":\"https:\\\/\\\/campinglesgalets.fr\\\/de\\\/\"},{\"@type\":\"ListItem\",\"position\":2,\"name\":\"Kontakt und Zugang\"}]},{\"@type\":\"WebSite\",\"@id\":\"https:\\\/\\\/campinglesgalets.fr\\\/de\\\/#website\",\"url\":\"https:\\\/\\\/campinglesgalets.fr\\\/de\\\/\",\"name\":\"Camping les galets\",\"description\":\"Camping Argel\u00e8s-sur-Mer\",\"publisher\":{\"@id\":\"https:\\\/\\\/campinglesgalets.fr\\\/de\\\/#organization\"},\"potentialAction\":[{\"@type\":\"SearchAction\",\"target\":{\"@type\":\"EntryPoint\",\"urlTemplate\":\"https:\\\/\\\/campinglesgalets.fr\\\/de\\\/?s={search_term_string}\"},\"query-input\":{\"@type\":\"PropertyValueSpecification\",\"valueRequired\":true,\"valueName\":\"search_term_string\"}}],\"inLanguage\":\"de\"},{\"@type\":\"Organization\",\"@id\":\"https:\\\/\\\/campinglesgalets.fr\\\/de\\\/#organization\",\"name\":\"Camping les Galets\",\"url\":\"https:\\\/\\\/campinglesgalets.fr\\\/de\\\/\",\"logo\":{\"@type\":\"ImageObject\",\"inLanguage\":\"de\",\"@id\":\"https:\\\/\\\/campinglesgalets.fr\\\/de\\\/#\\\/schema\\\/logo\\\/image\\\/\",\"url\":\"https:\\\/\\\/campinglesgalets.fr\\\/wp-content\\\/uploads\\\/2025\\\/10\\\/Logo_Footer.svg\",\"contentUrl\":\"https:\\\/\\\/campinglesgalets.fr\\\/wp-content\\\/uploads\\\/2025\\\/10\\\/Logo_Footer.svg\",\"width\":267,\"height\":175,\"caption\":\"Camping les Galets\"},\"image\":{\"@id\":\"https:\\\/\\\/campinglesgalets.fr\\\/de\\\/#\\\/schema\\\/logo\\\/image\\\/\"}}]}<\/script>\n<!-- \/ Yoast SEO plugin. -->","yoast_head_json":{"title":"Kontakt und Zugang - Camping les galets","description":"Alle Kontaktinformationen und Anfahrtswege zum Camping Les Galets in Argel\u00e8s-sur-Mer.","robots":{"index":"index","follow":"follow","max-snippet":"max-snippet:-1","max-image-preview":"max-image-preview:large","max-video-preview":"max-video-preview:-1"},"canonical":"https:\/\/campinglesgalets.fr\/de\/kontakt-und-zugang\/","og_locale":"de_DE","og_type":"article","og_title":"Kontakt und Zugang - Camping les galets","og_description":"Alle Kontaktinformationen und Anfahrtswege zum Camping Les Galets in Argel\u00e8s-sur-Mer.","og_url":"https:\/\/campinglesgalets.fr\/de\/kontakt-und-zugang\/","og_site_name":"Camping les galets","article_modified_time":"2025-10-06T09:05:53+00:00","og_image":[{"width":1200,"height":617,"url":"https:\/\/campinglesgalets.fr\/wp-content\/uploads\/2020\/04\/sejour-st-cyprien-plage-1.jpg","type":"image\/jpeg"}],"twitter_card":"summary_large_image","twitter_misc":{"Gesch\u00e4tzte Lesezeit":"2\u00a0Minuten"},"schema":{"@context":"https:\/\/schema.org","@graph":[{"@type":"WebPage","@id":"https:\/\/campinglesgalets.fr\/de\/kontakt-und-zugang\/","url":"https:\/\/campinglesgalets.fr\/de\/kontakt-und-zugang\/","name":"Kontakt und Zugang - Camping les galets","isPartOf":{"@id":"https:\/\/campinglesgalets.fr\/de\/#website"},"primaryImageOfPage":{"@id":"https:\/\/campinglesgalets.fr\/de\/kontakt-und-zugang\/#primaryimage"},"image":{"@id":"https:\/\/campinglesgalets.fr\/de\/kontakt-und-zugang\/#primaryimage"},"thumbnailUrl":"https:\/\/campinglesgalets.fr\/wp-content\/uploads\/2020\/04\/sejour-st-cyprien-plage-1.jpg","datePublished":"2023-03-03T15:24:30+00:00","dateModified":"2025-10-06T09:05:53+00:00","description":"Alle Kontaktinformationen und Anfahrtswege zum Camping Les Galets in Argel\u00e8s-sur-Mer.","breadcrumb":{"@id":"https:\/\/campinglesgalets.fr\/de\/kontakt-und-zugang\/#breadcrumb"},"inLanguage":"de","potentialAction":[{"@type":"ReadAction","target":["https:\/\/campinglesgalets.fr\/de\/kontakt-und-zugang\/"]}]},{"@type":"ImageObject","inLanguage":"de","@id":"https:\/\/campinglesgalets.fr\/de\/kontakt-und-zugang\/#primaryimage","url":"https:\/\/campinglesgalets.fr\/wp-content\/uploads\/2020\/04\/sejour-st-cyprien-plage-1.jpg","contentUrl":"https:\/\/campinglesgalets.fr\/wp-content\/uploads\/2020\/04\/sejour-st-cyprien-plage-1.jpg","width":1200,"height":617},{"@type":"BreadcrumbList","@id":"https:\/\/campinglesgalets.fr\/de\/kontakt-und-zugang\/#breadcrumb","itemListElement":[{"@type":"ListItem","position":1,"name":"Camping \u00e0 Argel\u00e8s-sur-Mer","item":"https:\/\/campinglesgalets.fr\/de\/"},{"@type":"ListItem","position":2,"name":"Kontakt und Zugang"}]},{"@type":"WebSite","@id":"https:\/\/campinglesgalets.fr\/de\/#website","url":"https:\/\/campinglesgalets.fr\/de\/","name":"Camping les galets","description":"Camping Argel\u00e8s-sur-Mer","publisher":{"@id":"https:\/\/campinglesgalets.fr\/de\/#organization"},"potentialAction":[{"@type":"SearchAction","target":{"@type":"EntryPoint","urlTemplate":"https:\/\/campinglesgalets.fr\/de\/?s={search_term_string}"},"query-input":{"@type":"PropertyValueSpecification","valueRequired":true,"valueName":"search_term_string"}}],"inLanguage":"de"},{"@type":"Organization","@id":"https:\/\/campinglesgalets.fr\/de\/#organization","name":"Camping les Galets","url":"https:\/\/campinglesgalets.fr\/de\/","logo":{"@type":"ImageObject","inLanguage":"de","@id":"https:\/\/campinglesgalets.fr\/de\/#\/schema\/logo\/image\/","url":"https:\/\/campinglesgalets.fr\/wp-content\/uploads\/2025\/10\/Logo_Footer.svg","contentUrl":"https:\/\/campinglesgalets.fr\/wp-content\/uploads\/2025\/10\/Logo_Footer.svg","width":267,"height":175,"caption":"Camping les Galets"},"image":{"@id":"https:\/\/campinglesgalets.fr\/de\/#\/schema\/logo\/image\/"}}]}},"_links":{"self":[{"href":"https:\/\/campinglesgalets.fr\/de\/wp-json\/wp\/v2\/pages\/25615","targetHints":{"allow":["GET"]}}],"collection":[{"href":"https:\/\/campinglesgalets.fr\/de\/wp-json\/wp\/v2\/pages"}],"about":[{"href":"https:\/\/campinglesgalets.fr\/de\/wp-json\/wp\/v2\/types\/page"}],"author":[{"embeddable":true,"href":"https:\/\/campinglesgalets.fr\/de\/wp-json\/wp\/v2\/users\/1"}],"replies":[{"embeddable":true,"href":"https:\/\/campinglesgalets.fr\/de\/wp-json\/wp\/v2\/comments?post=25615"}],"version-history":[{"count":0,"href":"https:\/\/campinglesgalets.fr\/de\/wp-json\/wp\/v2\/pages\/25615\/revisions"}],"wp:featuredmedia":[{"embeddable":true,"href":"https:\/\/campinglesgalets.fr\/de\/wp-json\/wp\/v2\/media\/24077"}],"wp:attachment":[{"href":"https:\/\/campinglesgalets.fr\/de\/wp-json\/wp\/v2\/media?parent=25615"}],"curies":[{"name":"wp","href":"https:\/\/api.w.org\/{rel}","templated":true}]}}