{"id":25526,"date":"2026-01-08T10:45:33","date_gmt":"2026-01-08T09:45:33","guid":{"rendered":"https:\/\/campinglesgalets.fr\/les-pyrenees-orientales\/"},"modified":"2026-03-30T10:11:17","modified_gmt":"2026-03-30T09:11:17","slug":"oestlichen-pyreneeen","status":"publish","type":"page","link":"https:\/\/campinglesgalets.fr\/de\/oestlichen-pyreneeen\/","title":{"rendered":"\u00d6stlichen Pyrenee\u00ebn"},"content":{"rendered":"","protected":false},"excerpt":{"rendered":"","protected":false},"author":1,"featured_media":24432,"parent":0,"menu_order":0,"comment_status":"closed","ping_status":"closed","template":"","meta":{"_acf_changed":false,"_et_pb_use_builder":"","_et_pb_old_content":"","_et_gb_content_width":"","footnotes":""},"class_list":["post-25526","page","type-page","status-publish","has-post-thumbnail","hentry"],"acf":[],"yoast_head":"<!-- This site is optimized with the Yoast SEO plugin v27.3 - https:\/\/yoast.com\/product\/yoast-seo-wordpress\/ -->\n<title>Was zu sehen und zu tun in den Ferien in den Pyren\u00e4en?<\/title>\n<meta name=\"description\" content=\"D\u00e9couvrez les Pyrenees-Orientales (66) en r\u00e9servant votre s\u00e9jour au camping Les Galets \u00e0 Argel\u00e8s, \u00e0 10min de Perpignan. Large choix d&#039;h\u00e9bergements. Ouvert d&#039;avril \u00e0 septembre.\" \/>\n<meta name=\"robots\" content=\"index, follow, max-snippet:-1, max-image-preview:large, max-video-preview:-1\" \/>\n<link rel=\"canonical\" href=\"https:\/\/campinglesgalets.fr\/de\/oestlichen-pyreneeen\/\" \/>\n<meta property=\"og:locale\" content=\"de_DE\" \/>\n<meta property=\"og:type\" content=\"article\" \/>\n<meta property=\"og:title\" content=\"Was zu sehen und zu tun in den Ferien in den Pyren\u00e4en?\" \/>\n<meta property=\"og:description\" content=\"D\u00e9couvrez les Pyrenees-Orientales (66) en r\u00e9servant votre s\u00e9jour au camping Les Galets \u00e0 Argel\u00e8s, \u00e0 10min de Perpignan. Large choix d&#039;h\u00e9bergements. Ouvert d&#039;avril \u00e0 septembre.\" \/>\n<meta property=\"og:url\" content=\"https:\/\/campinglesgalets.fr\/de\/oestlichen-pyreneeen\/\" \/>\n<meta property=\"og:site_name\" content=\"Camping les galets\" \/>\n<meta property=\"article:modified_time\" content=\"2026-03-30T09:11:17+00:00\" \/>\n<meta property=\"og:image\" content=\"https:\/\/campinglesgalets.fr\/wp-content\/uploads\/2023\/03\/perpignan-tourisme.jpg\" \/>\n\t<meta property=\"og:image:width\" content=\"620\" \/>\n\t<meta property=\"og:image:height\" content=\"350\" \/>\n\t<meta property=\"og:image:type\" content=\"image\/jpeg\" \/>\n<meta name=\"twitter:card\" content=\"summary_large_image\" \/>\n<meta name=\"twitter:label1\" content=\"Gesch\u00e4tzte Lesezeit\" \/>\n\t<meta name=\"twitter:data1\" content=\"3\u00a0Minuten\" \/>\n<script type=\"application\/ld+json\" class=\"yoast-schema-graph\">{\"@context\":\"https:\\\/\\\/schema.org\",\"@graph\":[{\"@type\":\"WebPage\",\"@id\":\"https:\\\/\\\/campinglesgalets.fr\\\/de\\\/oestlichen-pyreneeen\\\/\",\"url\":\"https:\\\/\\\/campinglesgalets.fr\\\/de\\\/oestlichen-pyreneeen\\\/\",\"name\":\"Was zu sehen und zu tun in den Ferien in den Pyren\u00e4en?\",\"isPartOf\":{\"@id\":\"https:\\\/\\\/campinglesgalets.fr\\\/de\\\/#website\"},\"primaryImageOfPage\":{\"@id\":\"https:\\\/\\\/campinglesgalets.fr\\\/de\\\/oestlichen-pyreneeen\\\/#primaryimage\"},\"image\":{\"@id\":\"https:\\\/\\\/campinglesgalets.fr\\\/de\\\/oestlichen-pyreneeen\\\/#primaryimage\"},\"thumbnailUrl\":\"https:\\\/\\\/campinglesgalets.fr\\\/wp-content\\\/uploads\\\/2023\\\/03\\\/perpignan-tourisme.jpg\",\"datePublished\":\"2026-01-08T09:45:33+00:00\",\"dateModified\":\"2026-03-30T09:11:17+00:00\",\"description\":\"D\u00e9couvrez les Pyrenees-Orientales (66) en r\u00e9servant votre s\u00e9jour au camping Les Galets \u00e0 Argel\u00e8s, \u00e0 10min de Perpignan. Large choix d'h\u00e9bergements. Ouvert d'avril \u00e0 septembre.\",\"breadcrumb\":{\"@id\":\"https:\\\/\\\/campinglesgalets.fr\\\/de\\\/oestlichen-pyreneeen\\\/#breadcrumb\"},\"inLanguage\":\"de\",\"potentialAction\":[{\"@type\":\"ReadAction\",\"target\":[\"https:\\\/\\\/campinglesgalets.fr\\\/de\\\/oestlichen-pyreneeen\\\/\"]}]},{\"@type\":\"ImageObject\",\"inLanguage\":\"de\",\"@id\":\"https:\\\/\\\/campinglesgalets.fr\\\/de\\\/oestlichen-pyreneeen\\\/#primaryimage\",\"url\":\"https:\\\/\\\/campinglesgalets.fr\\\/wp-content\\\/uploads\\\/2023\\\/03\\\/perpignan-tourisme.jpg\",\"contentUrl\":\"https:\\\/\\\/campinglesgalets.fr\\\/wp-content\\\/uploads\\\/2023\\\/03\\\/perpignan-tourisme.jpg\",\"width\":620,\"height\":350},{\"@type\":\"BreadcrumbList\",\"@id\":\"https:\\\/\\\/campinglesgalets.fr\\\/de\\\/oestlichen-pyreneeen\\\/#breadcrumb\",\"itemListElement\":[{\"@type\":\"ListItem\",\"position\":1,\"name\":\"Camping \u00e0 Argel\u00e8s-sur-Mer\",\"item\":\"https:\\\/\\\/campinglesgalets.fr\\\/de\\\/\"},{\"@type\":\"ListItem\",\"position\":2,\"name\":\"\u00d6stlichen Pyrenee\u00ebn\"}]},{\"@type\":\"WebSite\",\"@id\":\"https:\\\/\\\/campinglesgalets.fr\\\/de\\\/#website\",\"url\":\"https:\\\/\\\/campinglesgalets.fr\\\/de\\\/\",\"name\":\"Camping les galets\",\"description\":\"Camping Argel\u00e8s-sur-Mer\",\"publisher\":{\"@id\":\"https:\\\/\\\/campinglesgalets.fr\\\/de\\\/#organization\"},\"potentialAction\":[{\"@type\":\"SearchAction\",\"target\":{\"@type\":\"EntryPoint\",\"urlTemplate\":\"https:\\\/\\\/campinglesgalets.fr\\\/de\\\/?s={search_term_string}\"},\"query-input\":{\"@type\":\"PropertyValueSpecification\",\"valueRequired\":true,\"valueName\":\"search_term_string\"}}],\"inLanguage\":\"de\"},{\"@type\":\"Organization\",\"@id\":\"https:\\\/\\\/campinglesgalets.fr\\\/de\\\/#organization\",\"name\":\"Camping les Galets\",\"url\":\"https:\\\/\\\/campinglesgalets.fr\\\/de\\\/\",\"logo\":{\"@type\":\"ImageObject\",\"inLanguage\":\"de\",\"@id\":\"https:\\\/\\\/campinglesgalets.fr\\\/de\\\/#\\\/schema\\\/logo\\\/image\\\/\",\"url\":\"https:\\\/\\\/campinglesgalets.fr\\\/wp-content\\\/uploads\\\/2025\\\/10\\\/Logo_Footer.svg\",\"contentUrl\":\"https:\\\/\\\/campinglesgalets.fr\\\/wp-content\\\/uploads\\\/2025\\\/10\\\/Logo_Footer.svg\",\"width\":267,\"height\":175,\"caption\":\"Camping les Galets\"},\"image\":{\"@id\":\"https:\\\/\\\/campinglesgalets.fr\\\/de\\\/#\\\/schema\\\/logo\\\/image\\\/\"}}]}<\/script>\n<!-- \/ Yoast SEO plugin. -->","yoast_head_json":{"title":"Was zu sehen und zu tun in den Ferien in den Pyren\u00e4en?","description":"D\u00e9couvrez les Pyrenees-Orientales (66) en r\u00e9servant votre s\u00e9jour au camping Les Galets \u00e0 Argel\u00e8s, \u00e0 10min de Perpignan. Large choix d'h\u00e9bergements. Ouvert d'avril \u00e0 septembre.","robots":{"index":"index","follow":"follow","max-snippet":"max-snippet:-1","max-image-preview":"max-image-preview:large","max-video-preview":"max-video-preview:-1"},"canonical":"https:\/\/campinglesgalets.fr\/de\/oestlichen-pyreneeen\/","og_locale":"de_DE","og_type":"article","og_title":"Was zu sehen und zu tun in den Ferien in den Pyren\u00e4en?","og_description":"D\u00e9couvrez les Pyrenees-Orientales (66) en r\u00e9servant votre s\u00e9jour au camping Les Galets \u00e0 Argel\u00e8s, \u00e0 10min de Perpignan. Large choix d'h\u00e9bergements. Ouvert d'avril \u00e0 septembre.","og_url":"https:\/\/campinglesgalets.fr\/de\/oestlichen-pyreneeen\/","og_site_name":"Camping les galets","article_modified_time":"2026-03-30T09:11:17+00:00","og_image":[{"width":620,"height":350,"url":"https:\/\/campinglesgalets.fr\/wp-content\/uploads\/2023\/03\/perpignan-tourisme.jpg","type":"image\/jpeg"}],"twitter_card":"summary_large_image","twitter_misc":{"Gesch\u00e4tzte Lesezeit":"3\u00a0Minuten"},"schema":{"@context":"https:\/\/schema.org","@graph":[{"@type":"WebPage","@id":"https:\/\/campinglesgalets.fr\/de\/oestlichen-pyreneeen\/","url":"https:\/\/campinglesgalets.fr\/de\/oestlichen-pyreneeen\/","name":"Was zu sehen und zu tun in den Ferien in den Pyren\u00e4en?","isPartOf":{"@id":"https:\/\/campinglesgalets.fr\/de\/#website"},"primaryImageOfPage":{"@id":"https:\/\/campinglesgalets.fr\/de\/oestlichen-pyreneeen\/#primaryimage"},"image":{"@id":"https:\/\/campinglesgalets.fr\/de\/oestlichen-pyreneeen\/#primaryimage"},"thumbnailUrl":"https:\/\/campinglesgalets.fr\/wp-content\/uploads\/2023\/03\/perpignan-tourisme.jpg","datePublished":"2026-01-08T09:45:33+00:00","dateModified":"2026-03-30T09:11:17+00:00","description":"D\u00e9couvrez les Pyrenees-Orientales (66) en r\u00e9servant votre s\u00e9jour au camping Les Galets \u00e0 Argel\u00e8s, \u00e0 10min de Perpignan. Large choix d'h\u00e9bergements. Ouvert d'avril \u00e0 septembre.","breadcrumb":{"@id":"https:\/\/campinglesgalets.fr\/de\/oestlichen-pyreneeen\/#breadcrumb"},"inLanguage":"de","potentialAction":[{"@type":"ReadAction","target":["https:\/\/campinglesgalets.fr\/de\/oestlichen-pyreneeen\/"]}]},{"@type":"ImageObject","inLanguage":"de","@id":"https:\/\/campinglesgalets.fr\/de\/oestlichen-pyreneeen\/#primaryimage","url":"https:\/\/campinglesgalets.fr\/wp-content\/uploads\/2023\/03\/perpignan-tourisme.jpg","contentUrl":"https:\/\/campinglesgalets.fr\/wp-content\/uploads\/2023\/03\/perpignan-tourisme.jpg","width":620,"height":350},{"@type":"BreadcrumbList","@id":"https:\/\/campinglesgalets.fr\/de\/oestlichen-pyreneeen\/#breadcrumb","itemListElement":[{"@type":"ListItem","position":1,"name":"Camping \u00e0 Argel\u00e8s-sur-Mer","item":"https:\/\/campinglesgalets.fr\/de\/"},{"@type":"ListItem","position":2,"name":"\u00d6stlichen Pyrenee\u00ebn"}]},{"@type":"WebSite","@id":"https:\/\/campinglesgalets.fr\/de\/#website","url":"https:\/\/campinglesgalets.fr\/de\/","name":"Camping les galets","description":"Camping Argel\u00e8s-sur-Mer","publisher":{"@id":"https:\/\/campinglesgalets.fr\/de\/#organization"},"potentialAction":[{"@type":"SearchAction","target":{"@type":"EntryPoint","urlTemplate":"https:\/\/campinglesgalets.fr\/de\/?s={search_term_string}"},"query-input":{"@type":"PropertyValueSpecification","valueRequired":true,"valueName":"search_term_string"}}],"inLanguage":"de"},{"@type":"Organization","@id":"https:\/\/campinglesgalets.fr\/de\/#organization","name":"Camping les Galets","url":"https:\/\/campinglesgalets.fr\/de\/","logo":{"@type":"ImageObject","inLanguage":"de","@id":"https:\/\/campinglesgalets.fr\/de\/#\/schema\/logo\/image\/","url":"https:\/\/campinglesgalets.fr\/wp-content\/uploads\/2025\/10\/Logo_Footer.svg","contentUrl":"https:\/\/campinglesgalets.fr\/wp-content\/uploads\/2025\/10\/Logo_Footer.svg","width":267,"height":175,"caption":"Camping les Galets"},"image":{"@id":"https:\/\/campinglesgalets.fr\/de\/#\/schema\/logo\/image\/"}}]}},"_links":{"self":[{"href":"https:\/\/campinglesgalets.fr\/de\/wp-json\/wp\/v2\/pages\/25526","targetHints":{"allow":["GET"]}}],"collection":[{"href":"https:\/\/campinglesgalets.fr\/de\/wp-json\/wp\/v2\/pages"}],"about":[{"href":"https:\/\/campinglesgalets.fr\/de\/wp-json\/wp\/v2\/types\/page"}],"author":[{"embeddable":true,"href":"https:\/\/campinglesgalets.fr\/de\/wp-json\/wp\/v2\/users\/1"}],"replies":[{"embeddable":true,"href":"https:\/\/campinglesgalets.fr\/de\/wp-json\/wp\/v2\/comments?post=25526"}],"version-history":[{"count":1,"href":"https:\/\/campinglesgalets.fr\/de\/wp-json\/wp\/v2\/pages\/25526\/revisions"}],"predecessor-version":[{"id":311764,"href":"https:\/\/campinglesgalets.fr\/de\/wp-json\/wp\/v2\/pages\/25526\/revisions\/311764"}],"wp:featuredmedia":[{"embeddable":true,"href":"https:\/\/campinglesgalets.fr\/de\/wp-json\/wp\/v2\/media\/24432"}],"wp:attachment":[{"href":"https:\/\/campinglesgalets.fr\/de\/wp-json\/wp\/v2\/media?parent=25526"}],"curies":[{"name":"wp","href":"https:\/\/api.w.org\/{rel}","templated":true}]}}