{"id":25421,"date":"2023-03-06T16:45:29","date_gmt":"2023-03-06T15:45:29","guid":{"rendered":"https:\/\/campinglesgalets.fr\/promenades-randonnees\/"},"modified":"2025-10-06T10:09:56","modified_gmt":"2025-10-06T09:09:56","slug":"spaziergange-und-ausfluge","status":"publish","type":"page","link":"https:\/\/campinglesgalets.fr\/de\/spaziergange-und-ausfluge\/","title":{"rendered":"Spazierg\u00e4nge und Ausfl\u00fcge in Argeles sur mer"},"content":{"rendered":"","protected":false},"excerpt":{"rendered":"","protected":false},"author":1,"featured_media":24397,"parent":0,"menu_order":0,"comment_status":"closed","ping_status":"closed","template":"","meta":{"_acf_changed":false,"_et_pb_use_builder":"","_et_pb_old_content":"","_et_gb_content_width":"","footnotes":""},"class_list":["post-25421","page","type-page","status-publish","has-post-thumbnail","hentry"],"acf":[],"yoast_head":"<!-- This site is optimized with the Yoast SEO plugin v27.3 - https:\/\/yoast.com\/product\/yoast-seo-wordpress\/ -->\n<title>Die sch\u00f6nsten Wanderungen und Spazierg\u00e4nge in Argel\u00e8s sur Mer<\/title>\n<meta name=\"description\" content=\"Die sch\u00f6nsten Spazierg\u00e4nge und Ausfl\u00fcge rund um Argel\u00e8s-sur-Mer f\u00fcr unvergessliche Ferien.\" \/>\n<meta name=\"robots\" content=\"index, follow, max-snippet:-1, max-image-preview:large, max-video-preview:-1\" \/>\n<link rel=\"canonical\" href=\"https:\/\/campinglesgalets.fr\/de\/spaziergange-und-ausfluge\/\" \/>\n<meta property=\"og:locale\" content=\"de_DE\" \/>\n<meta property=\"og:type\" content=\"article\" \/>\n<meta property=\"og:title\" content=\"Die sch\u00f6nsten Wanderungen und Spazierg\u00e4nge in Argel\u00e8s sur Mer\" \/>\n<meta property=\"og:description\" content=\"Die sch\u00f6nsten Spazierg\u00e4nge und Ausfl\u00fcge rund um Argel\u00e8s-sur-Mer f\u00fcr unvergessliche Ferien.\" \/>\n<meta property=\"og:url\" content=\"https:\/\/campinglesgalets.fr\/de\/spaziergange-und-ausfluge\/\" \/>\n<meta property=\"og:site_name\" content=\"Camping les galets\" \/>\n<meta property=\"article:modified_time\" content=\"2025-10-06T09:09:56+00:00\" \/>\n<meta property=\"og:image\" content=\"https:\/\/campinglesgalets.fr\/wp-content\/uploads\/2023\/03\/photos_2015_tri_manuel_030-2100x1337-1.jpg\" \/>\n\t<meta property=\"og:image:width\" content=\"2100\" \/>\n\t<meta property=\"og:image:height\" content=\"1337\" \/>\n\t<meta property=\"og:image:type\" content=\"image\/jpeg\" \/>\n<meta name=\"twitter:card\" content=\"summary_large_image\" \/>\n<meta name=\"twitter:label1\" content=\"Gesch\u00e4tzte Lesezeit\" \/>\n\t<meta name=\"twitter:data1\" content=\"4\u00a0Minuten\" \/>\n<script type=\"application\/ld+json\" class=\"yoast-schema-graph\">{\"@context\":\"https:\\\/\\\/schema.org\",\"@graph\":[{\"@type\":\"WebPage\",\"@id\":\"https:\\\/\\\/campinglesgalets.fr\\\/de\\\/spaziergange-und-ausfluge\\\/\",\"url\":\"https:\\\/\\\/campinglesgalets.fr\\\/de\\\/spaziergange-und-ausfluge\\\/\",\"name\":\"Die sch\u00f6nsten Wanderungen und Spazierg\u00e4nge in Argel\u00e8s sur Mer\",\"isPartOf\":{\"@id\":\"https:\\\/\\\/campinglesgalets.fr\\\/de\\\/#website\"},\"primaryImageOfPage\":{\"@id\":\"https:\\\/\\\/campinglesgalets.fr\\\/de\\\/spaziergange-und-ausfluge\\\/#primaryimage\"},\"image\":{\"@id\":\"https:\\\/\\\/campinglesgalets.fr\\\/de\\\/spaziergange-und-ausfluge\\\/#primaryimage\"},\"thumbnailUrl\":\"https:\\\/\\\/campinglesgalets.fr\\\/wp-content\\\/uploads\\\/2023\\\/03\\\/photos_2015_tri_manuel_030-2100x1337-1.jpg\",\"datePublished\":\"2023-03-06T15:45:29+00:00\",\"dateModified\":\"2025-10-06T09:09:56+00:00\",\"description\":\"Die sch\u00f6nsten Spazierg\u00e4nge und Ausfl\u00fcge rund um Argel\u00e8s-sur-Mer f\u00fcr unvergessliche Ferien.\",\"breadcrumb\":{\"@id\":\"https:\\\/\\\/campinglesgalets.fr\\\/de\\\/spaziergange-und-ausfluge\\\/#breadcrumb\"},\"inLanguage\":\"de\",\"potentialAction\":[{\"@type\":\"ReadAction\",\"target\":[\"https:\\\/\\\/campinglesgalets.fr\\\/de\\\/spaziergange-und-ausfluge\\\/\"]}]},{\"@type\":\"ImageObject\",\"inLanguage\":\"de\",\"@id\":\"https:\\\/\\\/campinglesgalets.fr\\\/de\\\/spaziergange-und-ausfluge\\\/#primaryimage\",\"url\":\"https:\\\/\\\/campinglesgalets.fr\\\/wp-content\\\/uploads\\\/2023\\\/03\\\/photos_2015_tri_manuel_030-2100x1337-1.jpg\",\"contentUrl\":\"https:\\\/\\\/campinglesgalets.fr\\\/wp-content\\\/uploads\\\/2023\\\/03\\\/photos_2015_tri_manuel_030-2100x1337-1.jpg\",\"width\":2100,\"height\":1337,\"caption\":\"camping avec club enfant\"},{\"@type\":\"BreadcrumbList\",\"@id\":\"https:\\\/\\\/campinglesgalets.fr\\\/de\\\/spaziergange-und-ausfluge\\\/#breadcrumb\",\"itemListElement\":[{\"@type\":\"ListItem\",\"position\":1,\"name\":\"Camping \u00e0 Argel\u00e8s-sur-Mer\",\"item\":\"https:\\\/\\\/campinglesgalets.fr\\\/de\\\/\"},{\"@type\":\"ListItem\",\"position\":2,\"name\":\"Spazierg\u00e4nge und Ausfl\u00fcge in Argeles sur mer\"}]},{\"@type\":\"WebSite\",\"@id\":\"https:\\\/\\\/campinglesgalets.fr\\\/de\\\/#website\",\"url\":\"https:\\\/\\\/campinglesgalets.fr\\\/de\\\/\",\"name\":\"Camping les galets\",\"description\":\"Camping Argel\u00e8s-sur-Mer\",\"publisher\":{\"@id\":\"https:\\\/\\\/campinglesgalets.fr\\\/de\\\/#organization\"},\"potentialAction\":[{\"@type\":\"SearchAction\",\"target\":{\"@type\":\"EntryPoint\",\"urlTemplate\":\"https:\\\/\\\/campinglesgalets.fr\\\/de\\\/?s={search_term_string}\"},\"query-input\":{\"@type\":\"PropertyValueSpecification\",\"valueRequired\":true,\"valueName\":\"search_term_string\"}}],\"inLanguage\":\"de\"},{\"@type\":\"Organization\",\"@id\":\"https:\\\/\\\/campinglesgalets.fr\\\/de\\\/#organization\",\"name\":\"Camping les Galets\",\"url\":\"https:\\\/\\\/campinglesgalets.fr\\\/de\\\/\",\"logo\":{\"@type\":\"ImageObject\",\"inLanguage\":\"de\",\"@id\":\"https:\\\/\\\/campinglesgalets.fr\\\/de\\\/#\\\/schema\\\/logo\\\/image\\\/\",\"url\":\"https:\\\/\\\/campinglesgalets.fr\\\/wp-content\\\/uploads\\\/2025\\\/10\\\/Logo_Footer.svg\",\"contentUrl\":\"https:\\\/\\\/campinglesgalets.fr\\\/wp-content\\\/uploads\\\/2025\\\/10\\\/Logo_Footer.svg\",\"width\":267,\"height\":175,\"caption\":\"Camping les Galets\"},\"image\":{\"@id\":\"https:\\\/\\\/campinglesgalets.fr\\\/de\\\/#\\\/schema\\\/logo\\\/image\\\/\"}}]}<\/script>\n<!-- \/ Yoast SEO plugin. -->","yoast_head_json":{"title":"Die sch\u00f6nsten Wanderungen und Spazierg\u00e4nge in Argel\u00e8s sur Mer","description":"Die sch\u00f6nsten Spazierg\u00e4nge und Ausfl\u00fcge rund um Argel\u00e8s-sur-Mer f\u00fcr unvergessliche Ferien.","robots":{"index":"index","follow":"follow","max-snippet":"max-snippet:-1","max-image-preview":"max-image-preview:large","max-video-preview":"max-video-preview:-1"},"canonical":"https:\/\/campinglesgalets.fr\/de\/spaziergange-und-ausfluge\/","og_locale":"de_DE","og_type":"article","og_title":"Die sch\u00f6nsten Wanderungen und Spazierg\u00e4nge in Argel\u00e8s sur Mer","og_description":"Die sch\u00f6nsten Spazierg\u00e4nge und Ausfl\u00fcge rund um Argel\u00e8s-sur-Mer f\u00fcr unvergessliche Ferien.","og_url":"https:\/\/campinglesgalets.fr\/de\/spaziergange-und-ausfluge\/","og_site_name":"Camping les galets","article_modified_time":"2025-10-06T09:09:56+00:00","og_image":[{"width":2100,"height":1337,"url":"https:\/\/campinglesgalets.fr\/wp-content\/uploads\/2023\/03\/photos_2015_tri_manuel_030-2100x1337-1.jpg","type":"image\/jpeg"}],"twitter_card":"summary_large_image","twitter_misc":{"Gesch\u00e4tzte Lesezeit":"4\u00a0Minuten"},"schema":{"@context":"https:\/\/schema.org","@graph":[{"@type":"WebPage","@id":"https:\/\/campinglesgalets.fr\/de\/spaziergange-und-ausfluge\/","url":"https:\/\/campinglesgalets.fr\/de\/spaziergange-und-ausfluge\/","name":"Die sch\u00f6nsten Wanderungen und Spazierg\u00e4nge in Argel\u00e8s sur Mer","isPartOf":{"@id":"https:\/\/campinglesgalets.fr\/de\/#website"},"primaryImageOfPage":{"@id":"https:\/\/campinglesgalets.fr\/de\/spaziergange-und-ausfluge\/#primaryimage"},"image":{"@id":"https:\/\/campinglesgalets.fr\/de\/spaziergange-und-ausfluge\/#primaryimage"},"thumbnailUrl":"https:\/\/campinglesgalets.fr\/wp-content\/uploads\/2023\/03\/photos_2015_tri_manuel_030-2100x1337-1.jpg","datePublished":"2023-03-06T15:45:29+00:00","dateModified":"2025-10-06T09:09:56+00:00","description":"Die sch\u00f6nsten Spazierg\u00e4nge und Ausfl\u00fcge rund um Argel\u00e8s-sur-Mer f\u00fcr unvergessliche Ferien.","breadcrumb":{"@id":"https:\/\/campinglesgalets.fr\/de\/spaziergange-und-ausfluge\/#breadcrumb"},"inLanguage":"de","potentialAction":[{"@type":"ReadAction","target":["https:\/\/campinglesgalets.fr\/de\/spaziergange-und-ausfluge\/"]}]},{"@type":"ImageObject","inLanguage":"de","@id":"https:\/\/campinglesgalets.fr\/de\/spaziergange-und-ausfluge\/#primaryimage","url":"https:\/\/campinglesgalets.fr\/wp-content\/uploads\/2023\/03\/photos_2015_tri_manuel_030-2100x1337-1.jpg","contentUrl":"https:\/\/campinglesgalets.fr\/wp-content\/uploads\/2023\/03\/photos_2015_tri_manuel_030-2100x1337-1.jpg","width":2100,"height":1337,"caption":"camping avec club enfant"},{"@type":"BreadcrumbList","@id":"https:\/\/campinglesgalets.fr\/de\/spaziergange-und-ausfluge\/#breadcrumb","itemListElement":[{"@type":"ListItem","position":1,"name":"Camping \u00e0 Argel\u00e8s-sur-Mer","item":"https:\/\/campinglesgalets.fr\/de\/"},{"@type":"ListItem","position":2,"name":"Spazierg\u00e4nge und Ausfl\u00fcge in Argeles sur mer"}]},{"@type":"WebSite","@id":"https:\/\/campinglesgalets.fr\/de\/#website","url":"https:\/\/campinglesgalets.fr\/de\/","name":"Camping les galets","description":"Camping Argel\u00e8s-sur-Mer","publisher":{"@id":"https:\/\/campinglesgalets.fr\/de\/#organization"},"potentialAction":[{"@type":"SearchAction","target":{"@type":"EntryPoint","urlTemplate":"https:\/\/campinglesgalets.fr\/de\/?s={search_term_string}"},"query-input":{"@type":"PropertyValueSpecification","valueRequired":true,"valueName":"search_term_string"}}],"inLanguage":"de"},{"@type":"Organization","@id":"https:\/\/campinglesgalets.fr\/de\/#organization","name":"Camping les Galets","url":"https:\/\/campinglesgalets.fr\/de\/","logo":{"@type":"ImageObject","inLanguage":"de","@id":"https:\/\/campinglesgalets.fr\/de\/#\/schema\/logo\/image\/","url":"https:\/\/campinglesgalets.fr\/wp-content\/uploads\/2025\/10\/Logo_Footer.svg","contentUrl":"https:\/\/campinglesgalets.fr\/wp-content\/uploads\/2025\/10\/Logo_Footer.svg","width":267,"height":175,"caption":"Camping les Galets"},"image":{"@id":"https:\/\/campinglesgalets.fr\/de\/#\/schema\/logo\/image\/"}}]}},"_links":{"self":[{"href":"https:\/\/campinglesgalets.fr\/de\/wp-json\/wp\/v2\/pages\/25421","targetHints":{"allow":["GET"]}}],"collection":[{"href":"https:\/\/campinglesgalets.fr\/de\/wp-json\/wp\/v2\/pages"}],"about":[{"href":"https:\/\/campinglesgalets.fr\/de\/wp-json\/wp\/v2\/types\/page"}],"author":[{"embeddable":true,"href":"https:\/\/campinglesgalets.fr\/de\/wp-json\/wp\/v2\/users\/1"}],"replies":[{"embeddable":true,"href":"https:\/\/campinglesgalets.fr\/de\/wp-json\/wp\/v2\/comments?post=25421"}],"version-history":[{"count":0,"href":"https:\/\/campinglesgalets.fr\/de\/wp-json\/wp\/v2\/pages\/25421\/revisions"}],"wp:featuredmedia":[{"embeddable":true,"href":"https:\/\/campinglesgalets.fr\/de\/wp-json\/wp\/v2\/media\/24397"}],"wp:attachment":[{"href":"https:\/\/campinglesgalets.fr\/de\/wp-json\/wp\/v2\/media?parent=25421"}],"curies":[{"name":"wp","href":"https:\/\/api.w.org\/{rel}","templated":true}]}}