{"id":29039,"date":"2023-03-08T14:39:19","date_gmt":"2023-03-08T13:39:19","guid":{"rendered":"https:\/\/campinglesgalets.fr\/camping-perpignan\/"},"modified":"2025-04-14T06:44:11","modified_gmt":"2025-04-14T05:44:11","slug":"camping-perpignan","status":"publish","type":"page","link":"https:\/\/campinglesgalets.fr\/ca\/camping-perpignan\/","title":{"rendered":"Camping a prop de Perpiny\u00e0 &#8211; a prop del mar amb parc aqu\u00e0tic &#8211; Les Galets"},"content":{"rendered":"","protected":false},"excerpt":{"rendered":"","protected":false},"author":1,"featured_media":299479,"parent":0,"menu_order":0,"comment_status":"closed","ping_status":"closed","template":"","meta":{"_acf_changed":false,"_et_pb_use_builder":"","_et_pb_old_content":"","_et_gb_content_width":"","footnotes":""},"class_list":["post-29039","page","type-page","status-publish","has-post-thumbnail","hentry"],"acf":[],"yoast_head":"<!-- This site is optimized with the Yoast SEO plugin v27.3 - https:\/\/yoast.com\/product\/yoast-seo-wordpress\/ -->\n<title>C\u00e0mping 4 estrelles a Perpiny\u00e0 vora el mar<\/title>\n<meta name=\"description\" content=\"D\u00e9couvrez le camping Les Galets, un havre de paix \u00e0 deux pas de Perpignan. Profitez d&#039;un cadre naturel exceptionnel et de services de qualit\u00e9 pour des vacances inoubliables en famille ou entre amis.\" \/>\n<meta name=\"robots\" content=\"index, follow, max-snippet:-1, max-image-preview:large, max-video-preview:-1\" \/>\n<link rel=\"canonical\" href=\"https:\/\/campinglesgalets.fr\/ca\/camping-perpignan\/\" \/>\n<meta property=\"og:locale\" content=\"ca_ES\" \/>\n<meta property=\"og:type\" content=\"article\" \/>\n<meta property=\"og:title\" content=\"C\u00e0mping 4 estrelles a Perpiny\u00e0 vora el mar\" \/>\n<meta property=\"og:description\" content=\"D\u00e9couvrez le camping Les Galets, un havre de paix \u00e0 deux pas de Perpignan. Profitez d&#039;un cadre naturel exceptionnel et de services de qualit\u00e9 pour des vacances inoubliables en famille ou entre amis.\" \/>\n<meta property=\"og:url\" content=\"https:\/\/campinglesgalets.fr\/ca\/camping-perpignan\/\" \/>\n<meta property=\"og:site_name\" content=\"Camping les galets\" \/>\n<meta property=\"article:modified_time\" content=\"2025-04-14T05:44:11+00:00\" \/>\n<meta property=\"og:image\" content=\"https:\/\/campinglesgalets.fr\/wp-content\/uploads\/2023\/03\/header-perpignan.png\" \/>\n\t<meta property=\"og:image:width\" content=\"1440\" \/>\n\t<meta property=\"og:image:height\" content=\"421\" \/>\n\t<meta property=\"og:image:type\" content=\"image\/png\" \/>\n<meta name=\"twitter:card\" content=\"summary_large_image\" \/>\n<meta name=\"twitter:label1\" content=\"Temps estimat de lectura\" \/>\n\t<meta name=\"twitter:data1\" content=\"8 minuts\" \/>\n<script type=\"application\/ld+json\" class=\"yoast-schema-graph\">{\"@context\":\"https:\\\/\\\/schema.org\",\"@graph\":[{\"@type\":\"WebPage\",\"@id\":\"https:\\\/\\\/campinglesgalets.fr\\\/ca\\\/camping-perpignan\\\/\",\"url\":\"https:\\\/\\\/campinglesgalets.fr\\\/ca\\\/camping-perpignan\\\/\",\"name\":\"C\u00e0mping 4 estrelles a Perpiny\u00e0 vora el mar\",\"isPartOf\":{\"@id\":\"https:\\\/\\\/campinglesgalets.fr\\\/ca\\\/#website\"},\"primaryImageOfPage\":{\"@id\":\"https:\\\/\\\/campinglesgalets.fr\\\/ca\\\/camping-perpignan\\\/#primaryimage\"},\"image\":{\"@id\":\"https:\\\/\\\/campinglesgalets.fr\\\/ca\\\/camping-perpignan\\\/#primaryimage\"},\"thumbnailUrl\":\"https:\\\/\\\/campinglesgalets.fr\\\/wp-content\\\/uploads\\\/2025\\\/11\\\/AdobeStock_449025045-scaled-1.avif\",\"datePublished\":\"2023-03-08T13:39:19+00:00\",\"dateModified\":\"2025-04-14T05:44:11+00:00\",\"description\":\"D\u00e9couvrez le camping Les Galets, un havre de paix \u00e0 deux pas de Perpignan. Profitez d'un cadre naturel exceptionnel et de services de qualit\u00e9 pour des vacances inoubliables en famille ou entre amis.\",\"breadcrumb\":{\"@id\":\"https:\\\/\\\/campinglesgalets.fr\\\/ca\\\/camping-perpignan\\\/#breadcrumb\"},\"inLanguage\":\"ca\",\"potentialAction\":[{\"@type\":\"ReadAction\",\"target\":[\"https:\\\/\\\/campinglesgalets.fr\\\/ca\\\/camping-perpignan\\\/\"]}]},{\"@type\":\"ImageObject\",\"inLanguage\":\"ca\",\"@id\":\"https:\\\/\\\/campinglesgalets.fr\\\/ca\\\/camping-perpignan\\\/#primaryimage\",\"url\":\"https:\\\/\\\/campinglesgalets.fr\\\/wp-content\\\/uploads\\\/2025\\\/11\\\/AdobeStock_449025045-scaled-1.avif\",\"contentUrl\":\"https:\\\/\\\/campinglesgalets.fr\\\/wp-content\\\/uploads\\\/2025\\\/11\\\/AdobeStock_449025045-scaled-1.avif\",\"width\":2880,\"height\":1620},{\"@type\":\"BreadcrumbList\",\"@id\":\"https:\\\/\\\/campinglesgalets.fr\\\/ca\\\/camping-perpignan\\\/#breadcrumb\",\"itemListElement\":[{\"@type\":\"ListItem\",\"position\":1,\"name\":\"Camping \u00e0 Argel\u00e8s-sur-Mer\",\"item\":\"https:\\\/\\\/campinglesgalets.fr\\\/ca\\\/\"},{\"@type\":\"ListItem\",\"position\":2,\"name\":\"Camping a prop de Perpiny\u00e0 &#8211; a prop del mar amb parc aqu\u00e0tic &#8211; Les Galets\"}]},{\"@type\":\"WebSite\",\"@id\":\"https:\\\/\\\/campinglesgalets.fr\\\/ca\\\/#website\",\"url\":\"https:\\\/\\\/campinglesgalets.fr\\\/ca\\\/\",\"name\":\"Camping les galets\",\"description\":\"Camping Argel\u00e8s-sur-Mer\",\"publisher\":{\"@id\":\"https:\\\/\\\/campinglesgalets.fr\\\/ca\\\/#organization\"},\"potentialAction\":[{\"@type\":\"SearchAction\",\"target\":{\"@type\":\"EntryPoint\",\"urlTemplate\":\"https:\\\/\\\/campinglesgalets.fr\\\/ca\\\/?s={search_term_string}\"},\"query-input\":{\"@type\":\"PropertyValueSpecification\",\"valueRequired\":true,\"valueName\":\"search_term_string\"}}],\"inLanguage\":\"ca\"},{\"@type\":\"Organization\",\"@id\":\"https:\\\/\\\/campinglesgalets.fr\\\/ca\\\/#organization\",\"name\":\"Camping les Galets\",\"url\":\"https:\\\/\\\/campinglesgalets.fr\\\/ca\\\/\",\"logo\":{\"@type\":\"ImageObject\",\"inLanguage\":\"ca\",\"@id\":\"https:\\\/\\\/campinglesgalets.fr\\\/ca\\\/#\\\/schema\\\/logo\\\/image\\\/\",\"url\":\"https:\\\/\\\/campinglesgalets.fr\\\/wp-content\\\/uploads\\\/2025\\\/10\\\/Logo_Footer.svg\",\"contentUrl\":\"https:\\\/\\\/campinglesgalets.fr\\\/wp-content\\\/uploads\\\/2025\\\/10\\\/Logo_Footer.svg\",\"width\":267,\"height\":175,\"caption\":\"Camping les Galets\"},\"image\":{\"@id\":\"https:\\\/\\\/campinglesgalets.fr\\\/ca\\\/#\\\/schema\\\/logo\\\/image\\\/\"}}]}<\/script>\n<!-- \/ Yoast SEO plugin. -->","yoast_head_json":{"title":"C\u00e0mping 4 estrelles a Perpiny\u00e0 vora el mar","description":"D\u00e9couvrez le camping Les Galets, un havre de paix \u00e0 deux pas de Perpignan. Profitez d'un cadre naturel exceptionnel et de services de qualit\u00e9 pour des vacances inoubliables en famille ou entre amis.","robots":{"index":"index","follow":"follow","max-snippet":"max-snippet:-1","max-image-preview":"max-image-preview:large","max-video-preview":"max-video-preview:-1"},"canonical":"https:\/\/campinglesgalets.fr\/ca\/camping-perpignan\/","og_locale":"ca_ES","og_type":"article","og_title":"C\u00e0mping 4 estrelles a Perpiny\u00e0 vora el mar","og_description":"D\u00e9couvrez le camping Les Galets, un havre de paix \u00e0 deux pas de Perpignan. Profitez d'un cadre naturel exceptionnel et de services de qualit\u00e9 pour des vacances inoubliables en famille ou entre amis.","og_url":"https:\/\/campinglesgalets.fr\/ca\/camping-perpignan\/","og_site_name":"Camping les galets","article_modified_time":"2025-04-14T05:44:11+00:00","og_image":[{"width":1440,"height":421,"url":"https:\/\/campinglesgalets.fr\/wp-content\/uploads\/2023\/03\/header-perpignan.png","type":"image\/png"}],"twitter_card":"summary_large_image","twitter_misc":{"Temps estimat de lectura":"8 minuts"},"schema":{"@context":"https:\/\/schema.org","@graph":[{"@type":"WebPage","@id":"https:\/\/campinglesgalets.fr\/ca\/camping-perpignan\/","url":"https:\/\/campinglesgalets.fr\/ca\/camping-perpignan\/","name":"C\u00e0mping 4 estrelles a Perpiny\u00e0 vora el mar","isPartOf":{"@id":"https:\/\/campinglesgalets.fr\/ca\/#website"},"primaryImageOfPage":{"@id":"https:\/\/campinglesgalets.fr\/ca\/camping-perpignan\/#primaryimage"},"image":{"@id":"https:\/\/campinglesgalets.fr\/ca\/camping-perpignan\/#primaryimage"},"thumbnailUrl":"https:\/\/campinglesgalets.fr\/wp-content\/uploads\/2025\/11\/AdobeStock_449025045-scaled-1.avif","datePublished":"2023-03-08T13:39:19+00:00","dateModified":"2025-04-14T05:44:11+00:00","description":"D\u00e9couvrez le camping Les Galets, un havre de paix \u00e0 deux pas de Perpignan. Profitez d'un cadre naturel exceptionnel et de services de qualit\u00e9 pour des vacances inoubliables en famille ou entre amis.","breadcrumb":{"@id":"https:\/\/campinglesgalets.fr\/ca\/camping-perpignan\/#breadcrumb"},"inLanguage":"ca","potentialAction":[{"@type":"ReadAction","target":["https:\/\/campinglesgalets.fr\/ca\/camping-perpignan\/"]}]},{"@type":"ImageObject","inLanguage":"ca","@id":"https:\/\/campinglesgalets.fr\/ca\/camping-perpignan\/#primaryimage","url":"https:\/\/campinglesgalets.fr\/wp-content\/uploads\/2025\/11\/AdobeStock_449025045-scaled-1.avif","contentUrl":"https:\/\/campinglesgalets.fr\/wp-content\/uploads\/2025\/11\/AdobeStock_449025045-scaled-1.avif","width":2880,"height":1620},{"@type":"BreadcrumbList","@id":"https:\/\/campinglesgalets.fr\/ca\/camping-perpignan\/#breadcrumb","itemListElement":[{"@type":"ListItem","position":1,"name":"Camping \u00e0 Argel\u00e8s-sur-Mer","item":"https:\/\/campinglesgalets.fr\/ca\/"},{"@type":"ListItem","position":2,"name":"Camping a prop de Perpiny\u00e0 &#8211; a prop del mar amb parc aqu\u00e0tic &#8211; Les Galets"}]},{"@type":"WebSite","@id":"https:\/\/campinglesgalets.fr\/ca\/#website","url":"https:\/\/campinglesgalets.fr\/ca\/","name":"Camping les galets","description":"Camping Argel\u00e8s-sur-Mer","publisher":{"@id":"https:\/\/campinglesgalets.fr\/ca\/#organization"},"potentialAction":[{"@type":"SearchAction","target":{"@type":"EntryPoint","urlTemplate":"https:\/\/campinglesgalets.fr\/ca\/?s={search_term_string}"},"query-input":{"@type":"PropertyValueSpecification","valueRequired":true,"valueName":"search_term_string"}}],"inLanguage":"ca"},{"@type":"Organization","@id":"https:\/\/campinglesgalets.fr\/ca\/#organization","name":"Camping les Galets","url":"https:\/\/campinglesgalets.fr\/ca\/","logo":{"@type":"ImageObject","inLanguage":"ca","@id":"https:\/\/campinglesgalets.fr\/ca\/#\/schema\/logo\/image\/","url":"https:\/\/campinglesgalets.fr\/wp-content\/uploads\/2025\/10\/Logo_Footer.svg","contentUrl":"https:\/\/campinglesgalets.fr\/wp-content\/uploads\/2025\/10\/Logo_Footer.svg","width":267,"height":175,"caption":"Camping les Galets"},"image":{"@id":"https:\/\/campinglesgalets.fr\/ca\/#\/schema\/logo\/image\/"}}]}},"_links":{"self":[{"href":"https:\/\/campinglesgalets.fr\/ca\/wp-json\/wp\/v2\/pages\/29039","targetHints":{"allow":["GET"]}}],"collection":[{"href":"https:\/\/campinglesgalets.fr\/ca\/wp-json\/wp\/v2\/pages"}],"about":[{"href":"https:\/\/campinglesgalets.fr\/ca\/wp-json\/wp\/v2\/types\/page"}],"author":[{"embeddable":true,"href":"https:\/\/campinglesgalets.fr\/ca\/wp-json\/wp\/v2\/users\/1"}],"replies":[{"embeddable":true,"href":"https:\/\/campinglesgalets.fr\/ca\/wp-json\/wp\/v2\/comments?post=29039"}],"version-history":[{"count":0,"href":"https:\/\/campinglesgalets.fr\/ca\/wp-json\/wp\/v2\/pages\/29039\/revisions"}],"wp:featuredmedia":[{"embeddable":true,"href":"https:\/\/campinglesgalets.fr\/ca\/wp-json\/wp\/v2\/media\/299479"}],"wp:attachment":[{"href":"https:\/\/campinglesgalets.fr\/ca\/wp-json\/wp\/v2\/media?parent=29039"}],"curies":[{"name":"wp","href":"https:\/\/api.w.org\/{rel}","templated":true}]}}