{"id":27987,"date":"2023-12-07T12:11:41","date_gmt":"2023-12-07T11:11:41","guid":{"rendered":"https:\/\/campinglesgalets.fr\/venez-avec-votre-voiture-electrique\/"},"modified":"2025-10-06T08:29:37","modified_gmt":"2025-10-06T07:29:37","slug":"vine-amb-el-teu-cotxe-electric","status":"publish","type":"page","link":"https:\/\/campinglesgalets.fr\/ca\/vine-amb-el-teu-cotxe-electric\/","title":{"rendered":"Vine amb el teu cotxe el\u00e8ctric"},"content":{"rendered":"<p>Est\u00e0s buscant un c\u00e0mping ecol\u00f2gic on puguis carregar el teu cotxe el\u00e8ctric durant les vacances? No busquis m\u00e9s! Al <strong>c\u00e0mping Les Galets d&#8217;Argel\u00e8s-sur-Mer<\/strong>, hem instal\u00b7lat estacions de c\u00e0rrega per a vehicles el\u00e8ctrics per facilitar els teus trajectes i fer la teva estada m\u00e9s c\u00f2moda. Aprofita aquest servei pr\u00e0ctic per explorar la regi\u00f3 amb tranquil\u00b7litat, sabent que el teu cotxe estar\u00e0 llest per sortir en qualsevol moment gr\u00e0cies a les nostres estacions de c\u00e0rrega.<\/p>\n<h2><strong>4 estacions de c\u00e0rrega reservades exclusivament per als clients del c\u00e0mping<\/strong><\/h2>\n<p>Les nostres 4 <strong>terminals IRVE <\/strong>estacions de c\u00e0rrega, reservades exclusivament per als nostres clients, s\u00f3n un avantatge indispensable per als propietaris de vehicles el\u00e8ctrics. Situades en llocs estrat\u00e8gics del c\u00e0mping, les nostres estacions de c\u00e0rrega garanteixen un acc\u00e9s r\u00e0pid i f\u00e0cil a l&#8217;energia que necessites. Cadascuna d&#8217;aquestes estacions ofereix 22 kW de pot\u00e8ncia, permetent-te carregar completament el teu vehicle en nom\u00e9s unes hores. El proc\u00e9s es simplifica gr\u00e0cies a la nostra col\u00b7laboraci\u00f3 amb Freshmile: nom\u00e9s cal <strong>descarregar l&#8217;aplicaci\u00f3 o escanejar el codi QR<\/strong> de l&#8217;estaci\u00f3 de c\u00e0rrega per iniciar la c\u00e0rrega. El p\u00e0rquing tamb\u00e9 est\u00e0 pensat per al teu confort, amb 4 places reservades per als vehicles el\u00e8ctrics en c\u00e0rrega. Aix\u00ed podr\u00e0s gaudir de les teves vacances sabent que el teu cotxe est\u00e0 ben cuidat.<\/p>\n<h2><strong>Per qu\u00e8 triar el nostre c\u00e0mping amb estaci\u00f3 de c\u00e0rrega?<\/strong><\/h2>\n<p>Triar el <strong>c\u00e0mping Les Galets<\/strong> per a les teves vacances significa optar per un establiment comprom\u00e8s amb la transici\u00f3 ecol\u00f2gica. A m\u00e9s d&#8217;oferir parcel\u00b7les \u00e0mplies i tot el confort modern, posem a disposici\u00f3 dels nostres hostes un servei de c\u00e0rrega per a vehicles el\u00e8ctrics a un preu molt atractiu. Amb un preu fixat en <strong>0,35 \u20ac per kWh<\/strong>, i sense c\u00e0rrecs addicionals per al temps de c\u00e0rrega fins a 15 hores, pots deixar el teu vehicle connectat amb total tranquil\u00b7litat, tant de dia com de nit. Aquest servei exclusiu est\u00e0 disponible nom\u00e9s per als clients del c\u00e0mping, gr\u00e0cies a un sistema segur de targeta. Aix\u00f2 garanteix la disponibilitat constant de les estacions de c\u00e0rrega per als nostres hostes. Triar el c\u00e0mping Les Galets tamb\u00e9 significa optar per una mobilitat m\u00e9s sostenible, mentre gaudeixes d&#8217;un servei pr\u00e0ctic i econ\u00f2mic.<\/p>\n<h2><strong>Carrega el teu cotxe a una de les nostres estacions de c\u00e0rrega<\/strong><\/h2>\n<p>Les nostres <strong>estacions de c\u00e0rrega<\/strong> per a vehicles el\u00e8ctrics estan dissenyades per ser f\u00e0cils d&#8217;usar i accessibles a tots els nostres clients. Podr\u00e0s carregar el teu cotxe directament al c\u00e0mping sense problemes. Les estacions de c\u00e0rrega es troben al cor del nostre c\u00e0mping, de manera que podr\u00e0s accedir-hi f\u00e0cilment sense haver de rec\u00f3rrer grans dist\u00e0ncies.<\/p>\n<p>Mentre el teu cotxe el\u00e8ctric es carrega a una de les nostres estacions, podr\u00e0s gaudir de les nostres nombroses instal\u00b7lacions: piscina, zona de benestar, activitats esportives i animaci\u00f3 familiar. La interf\u00edcie intu\u00eftiva de les estacions de c\u00e0rrega et permet seguir en temps real l&#8217;estat de la c\u00e0rrega, perqu\u00e8 s\u00e0pigues quan el teu vehicle est\u00e0 llest per sortir. Ja no haur\u00e0s de preocupar-te per buscar una estaci\u00f3 de c\u00e0rrega fora del c\u00e0mping, tot est\u00e0 a l&#8217;abast de la teva m\u00e0!<\/p>\n<h2><strong>Els serveis del nostre c\u00e0mping amb estaci\u00f3 de c\u00e0rrega<\/strong><\/h2>\n<p>Quan et allotges al <strong>c\u00e0mping d&#8217;Argel\u00e8s-sur-Mer<\/strong> amb piscina, gaudeixes no nom\u00e9s d&#8217;un entorn excepcional entre el mar i la muntanya, sin\u00f3 tamb\u00e9 d&#8217;una \u00e0mplia gamma de serveis pensats per fer les teves vacances encara m\u00e9s agradables. A m\u00e9s de les nostres estacions de c\u00e0rrega, oferim una benvinguda c\u00e0lida, un restaurant amb plats locals, una piscina climatitzada i animaci\u00f3 per a tota la fam\u00edlia.<\/p>\n<p>Per als m\u00e9s petits, hi ha un club infantil disponible, mentre que els adults podran relaxar-se a la vora de la piscina. Tot est\u00e0 pensat perqu\u00e8 gaudeixis d&#8217;unes vacances sense estr\u00e8s, amb tots els serveis que necessites al lloc.<\/p>\n<p>Gr\u00e0cies a la nostra ubicaci\u00f3 privilegiada a Argel\u00e8s-sur-Mer, tamb\u00e9 podr\u00e0s descobrir les riqueses de la regi\u00f3, sabent que el teu vehicle el\u00e8ctric est\u00e0 llest per a la propera aventura.<\/p>\n<p>No esperis m\u00e9s i reserva ara la teva lloguer de mobil home o parcel\u00b7la al nostre c\u00e0mping amb estacions de c\u00e0rrega!<\/p>\n<p>&nbsp;<\/p>\n<p>&nbsp;<\/p>\n<p>&nbsp;<\/p>\n","protected":false},"excerpt":{"rendered":"<p>Est\u00e0s buscant un c\u00e0mping ecol\u00f2gic on puguis carregar el teu cotxe el\u00e8ctric durant les vacances? No busquis m\u00e9s! Al c\u00e0mping Les Galets d&#8217;Argel\u00e8s-sur-Mer, hem instal\u00b7lat estacions de c\u00e0rrega per a vehicles el\u00e8ctrics per facilitar els teus trajectes i fer la teva estada m\u00e9s c\u00f2moda. Aprofita aquest servei pr\u00e0ctic per explorar la regi\u00f3 amb tranquil\u00b7litat, sabent [&hellip;]<\/p>\n","protected":false},"author":1,"featured_media":27884,"parent":0,"menu_order":0,"comment_status":"closed","ping_status":"closed","template":"","meta":{"_acf_changed":false,"_et_pb_use_builder":"","_et_pb_old_content":"","_et_gb_content_width":"","footnotes":""},"class_list":["post-27987","page","type-page","status-publish","has-post-thumbnail","hentry"],"acf":[],"yoast_head":"<!-- This site is optimized with the Yoast SEO plugin v27.3 - https:\/\/yoast.com\/product\/yoast-seo-wordpress\/ -->\n<title>Vine amb el teu cotxe el\u00e8ctric - Camping les galets<\/title>\n<meta name=\"description\" content=\"Vine amb el teu cotxe el\u00e8ctric i aprofita els punts de rec\u00e0rrega disponibles al c\u00e0mping Les Galets.\" \/>\n<meta name=\"robots\" content=\"index, follow, max-snippet:-1, max-image-preview:large, max-video-preview:-1\" \/>\n<link rel=\"canonical\" href=\"https:\/\/campinglesgalets.fr\/ca\/vine-amb-el-teu-cotxe-electric\/\" \/>\n<meta property=\"og:locale\" content=\"ca_ES\" \/>\n<meta property=\"og:type\" content=\"article\" \/>\n<meta property=\"og:title\" content=\"Vine amb el teu cotxe el\u00e8ctric - Camping les galets\" \/>\n<meta property=\"og:description\" content=\"Vine amb el teu cotxe el\u00e8ctric i aprofita els punts de rec\u00e0rrega disponibles al c\u00e0mping Les Galets.\" \/>\n<meta property=\"og:url\" content=\"https:\/\/campinglesgalets.fr\/ca\/vine-amb-el-teu-cotxe-electric\/\" \/>\n<meta property=\"og:site_name\" content=\"Camping les galets\" \/>\n<meta property=\"article:modified_time\" content=\"2025-10-06T07:29:37+00:00\" \/>\n<meta property=\"og:image\" content=\"https:\/\/campinglesgalets.fr\/wp-content\/uploads\/2023\/12\/Quartier-pieton-arbre.jpg\" \/>\n\t<meta property=\"og:image:width\" content=\"1440\" \/>\n\t<meta property=\"og:image:height\" content=\"961\" \/>\n\t<meta property=\"og:image:type\" content=\"image\/jpeg\" \/>\n<meta name=\"twitter:card\" content=\"summary_large_image\" \/>\n<meta name=\"twitter:label1\" content=\"Temps estimat de lectura\" \/>\n\t<meta name=\"twitter:data1\" content=\"4 minuts\" \/>\n<script type=\"application\/ld+json\" class=\"yoast-schema-graph\">{\"@context\":\"https:\\\/\\\/schema.org\",\"@graph\":[{\"@type\":\"WebPage\",\"@id\":\"https:\\\/\\\/campinglesgalets.fr\\\/ca\\\/vine-amb-el-teu-cotxe-electric\\\/\",\"url\":\"https:\\\/\\\/campinglesgalets.fr\\\/ca\\\/vine-amb-el-teu-cotxe-electric\\\/\",\"name\":\"Vine amb el teu cotxe el\u00e8ctric - Camping les galets\",\"isPartOf\":{\"@id\":\"https:\\\/\\\/campinglesgalets.fr\\\/ca\\\/#website\"},\"primaryImageOfPage\":{\"@id\":\"https:\\\/\\\/campinglesgalets.fr\\\/ca\\\/vine-amb-el-teu-cotxe-electric\\\/#primaryimage\"},\"image\":{\"@id\":\"https:\\\/\\\/campinglesgalets.fr\\\/ca\\\/vine-amb-el-teu-cotxe-electric\\\/#primaryimage\"},\"thumbnailUrl\":\"https:\\\/\\\/campinglesgalets.fr\\\/wp-content\\\/uploads\\\/2023\\\/12\\\/Quartier-pieton-arbre.jpg\",\"datePublished\":\"2023-12-07T11:11:41+00:00\",\"dateModified\":\"2025-10-06T07:29:37+00:00\",\"description\":\"Vine amb el teu cotxe el\u00e8ctric i aprofita els punts de rec\u00e0rrega disponibles al c\u00e0mping Les Galets.\",\"breadcrumb\":{\"@id\":\"https:\\\/\\\/campinglesgalets.fr\\\/ca\\\/vine-amb-el-teu-cotxe-electric\\\/#breadcrumb\"},\"inLanguage\":\"ca\",\"potentialAction\":[{\"@type\":\"ReadAction\",\"target\":[\"https:\\\/\\\/campinglesgalets.fr\\\/ca\\\/vine-amb-el-teu-cotxe-electric\\\/\"]}]},{\"@type\":\"ImageObject\",\"inLanguage\":\"ca\",\"@id\":\"https:\\\/\\\/campinglesgalets.fr\\\/ca\\\/vine-amb-el-teu-cotxe-electric\\\/#primaryimage\",\"url\":\"https:\\\/\\\/campinglesgalets.fr\\\/wp-content\\\/uploads\\\/2023\\\/12\\\/Quartier-pieton-arbre.jpg\",\"contentUrl\":\"https:\\\/\\\/campinglesgalets.fr\\\/wp-content\\\/uploads\\\/2023\\\/12\\\/Quartier-pieton-arbre.jpg\",\"width\":1440,\"height\":961},{\"@type\":\"BreadcrumbList\",\"@id\":\"https:\\\/\\\/campinglesgalets.fr\\\/ca\\\/vine-amb-el-teu-cotxe-electric\\\/#breadcrumb\",\"itemListElement\":[{\"@type\":\"ListItem\",\"position\":1,\"name\":\"Camping \u00e0 Argel\u00e8s-sur-Mer\",\"item\":\"https:\\\/\\\/campinglesgalets.fr\\\/ca\\\/\"},{\"@type\":\"ListItem\",\"position\":2,\"name\":\"Vine amb el teu cotxe el\u00e8ctric\"}]},{\"@type\":\"WebSite\",\"@id\":\"https:\\\/\\\/campinglesgalets.fr\\\/ca\\\/#website\",\"url\":\"https:\\\/\\\/campinglesgalets.fr\\\/ca\\\/\",\"name\":\"Camping les galets\",\"description\":\"Camping Argel\u00e8s-sur-Mer\",\"publisher\":{\"@id\":\"https:\\\/\\\/campinglesgalets.fr\\\/ca\\\/#organization\"},\"potentialAction\":[{\"@type\":\"SearchAction\",\"target\":{\"@type\":\"EntryPoint\",\"urlTemplate\":\"https:\\\/\\\/campinglesgalets.fr\\\/ca\\\/?s={search_term_string}\"},\"query-input\":{\"@type\":\"PropertyValueSpecification\",\"valueRequired\":true,\"valueName\":\"search_term_string\"}}],\"inLanguage\":\"ca\"},{\"@type\":\"Organization\",\"@id\":\"https:\\\/\\\/campinglesgalets.fr\\\/ca\\\/#organization\",\"name\":\"Camping les Galets\",\"url\":\"https:\\\/\\\/campinglesgalets.fr\\\/ca\\\/\",\"logo\":{\"@type\":\"ImageObject\",\"inLanguage\":\"ca\",\"@id\":\"https:\\\/\\\/campinglesgalets.fr\\\/ca\\\/#\\\/schema\\\/logo\\\/image\\\/\",\"url\":\"https:\\\/\\\/campinglesgalets.fr\\\/wp-content\\\/uploads\\\/2025\\\/10\\\/Logo_Footer.svg\",\"contentUrl\":\"https:\\\/\\\/campinglesgalets.fr\\\/wp-content\\\/uploads\\\/2025\\\/10\\\/Logo_Footer.svg\",\"width\":267,\"height\":175,\"caption\":\"Camping les Galets\"},\"image\":{\"@id\":\"https:\\\/\\\/campinglesgalets.fr\\\/ca\\\/#\\\/schema\\\/logo\\\/image\\\/\"}}]}<\/script>\n<!-- \/ Yoast SEO plugin. -->","yoast_head_json":{"title":"Vine amb el teu cotxe el\u00e8ctric - Camping les galets","description":"Vine amb el teu cotxe el\u00e8ctric i aprofita els punts de rec\u00e0rrega disponibles al c\u00e0mping Les Galets.","robots":{"index":"index","follow":"follow","max-snippet":"max-snippet:-1","max-image-preview":"max-image-preview:large","max-video-preview":"max-video-preview:-1"},"canonical":"https:\/\/campinglesgalets.fr\/ca\/vine-amb-el-teu-cotxe-electric\/","og_locale":"ca_ES","og_type":"article","og_title":"Vine amb el teu cotxe el\u00e8ctric - Camping les galets","og_description":"Vine amb el teu cotxe el\u00e8ctric i aprofita els punts de rec\u00e0rrega disponibles al c\u00e0mping Les Galets.","og_url":"https:\/\/campinglesgalets.fr\/ca\/vine-amb-el-teu-cotxe-electric\/","og_site_name":"Camping les galets","article_modified_time":"2025-10-06T07:29:37+00:00","og_image":[{"width":1440,"height":961,"url":"https:\/\/campinglesgalets.fr\/wp-content\/uploads\/2023\/12\/Quartier-pieton-arbre.jpg","type":"image\/jpeg"}],"twitter_card":"summary_large_image","twitter_misc":{"Temps estimat de lectura":"4 minuts"},"schema":{"@context":"https:\/\/schema.org","@graph":[{"@type":"WebPage","@id":"https:\/\/campinglesgalets.fr\/ca\/vine-amb-el-teu-cotxe-electric\/","url":"https:\/\/campinglesgalets.fr\/ca\/vine-amb-el-teu-cotxe-electric\/","name":"Vine amb el teu cotxe el\u00e8ctric - Camping les galets","isPartOf":{"@id":"https:\/\/campinglesgalets.fr\/ca\/#website"},"primaryImageOfPage":{"@id":"https:\/\/campinglesgalets.fr\/ca\/vine-amb-el-teu-cotxe-electric\/#primaryimage"},"image":{"@id":"https:\/\/campinglesgalets.fr\/ca\/vine-amb-el-teu-cotxe-electric\/#primaryimage"},"thumbnailUrl":"https:\/\/campinglesgalets.fr\/wp-content\/uploads\/2023\/12\/Quartier-pieton-arbre.jpg","datePublished":"2023-12-07T11:11:41+00:00","dateModified":"2025-10-06T07:29:37+00:00","description":"Vine amb el teu cotxe el\u00e8ctric i aprofita els punts de rec\u00e0rrega disponibles al c\u00e0mping Les Galets.","breadcrumb":{"@id":"https:\/\/campinglesgalets.fr\/ca\/vine-amb-el-teu-cotxe-electric\/#breadcrumb"},"inLanguage":"ca","potentialAction":[{"@type":"ReadAction","target":["https:\/\/campinglesgalets.fr\/ca\/vine-amb-el-teu-cotxe-electric\/"]}]},{"@type":"ImageObject","inLanguage":"ca","@id":"https:\/\/campinglesgalets.fr\/ca\/vine-amb-el-teu-cotxe-electric\/#primaryimage","url":"https:\/\/campinglesgalets.fr\/wp-content\/uploads\/2023\/12\/Quartier-pieton-arbre.jpg","contentUrl":"https:\/\/campinglesgalets.fr\/wp-content\/uploads\/2023\/12\/Quartier-pieton-arbre.jpg","width":1440,"height":961},{"@type":"BreadcrumbList","@id":"https:\/\/campinglesgalets.fr\/ca\/vine-amb-el-teu-cotxe-electric\/#breadcrumb","itemListElement":[{"@type":"ListItem","position":1,"name":"Camping \u00e0 Argel\u00e8s-sur-Mer","item":"https:\/\/campinglesgalets.fr\/ca\/"},{"@type":"ListItem","position":2,"name":"Vine amb el teu cotxe el\u00e8ctric"}]},{"@type":"WebSite","@id":"https:\/\/campinglesgalets.fr\/ca\/#website","url":"https:\/\/campinglesgalets.fr\/ca\/","name":"Camping les galets","description":"Camping Argel\u00e8s-sur-Mer","publisher":{"@id":"https:\/\/campinglesgalets.fr\/ca\/#organization"},"potentialAction":[{"@type":"SearchAction","target":{"@type":"EntryPoint","urlTemplate":"https:\/\/campinglesgalets.fr\/ca\/?s={search_term_string}"},"query-input":{"@type":"PropertyValueSpecification","valueRequired":true,"valueName":"search_term_string"}}],"inLanguage":"ca"},{"@type":"Organization","@id":"https:\/\/campinglesgalets.fr\/ca\/#organization","name":"Camping les Galets","url":"https:\/\/campinglesgalets.fr\/ca\/","logo":{"@type":"ImageObject","inLanguage":"ca","@id":"https:\/\/campinglesgalets.fr\/ca\/#\/schema\/logo\/image\/","url":"https:\/\/campinglesgalets.fr\/wp-content\/uploads\/2025\/10\/Logo_Footer.svg","contentUrl":"https:\/\/campinglesgalets.fr\/wp-content\/uploads\/2025\/10\/Logo_Footer.svg","width":267,"height":175,"caption":"Camping les Galets"},"image":{"@id":"https:\/\/campinglesgalets.fr\/ca\/#\/schema\/logo\/image\/"}}]}},"_links":{"self":[{"href":"https:\/\/campinglesgalets.fr\/ca\/wp-json\/wp\/v2\/pages\/27987","targetHints":{"allow":["GET"]}}],"collection":[{"href":"https:\/\/campinglesgalets.fr\/ca\/wp-json\/wp\/v2\/pages"}],"about":[{"href":"https:\/\/campinglesgalets.fr\/ca\/wp-json\/wp\/v2\/types\/page"}],"author":[{"embeddable":true,"href":"https:\/\/campinglesgalets.fr\/ca\/wp-json\/wp\/v2\/users\/1"}],"replies":[{"embeddable":true,"href":"https:\/\/campinglesgalets.fr\/ca\/wp-json\/wp\/v2\/comments?post=27987"}],"version-history":[{"count":0,"href":"https:\/\/campinglesgalets.fr\/ca\/wp-json\/wp\/v2\/pages\/27987\/revisions"}],"wp:featuredmedia":[{"embeddable":true,"href":"https:\/\/campinglesgalets.fr\/ca\/wp-json\/wp\/v2\/media\/27884"}],"wp:attachment":[{"href":"https:\/\/campinglesgalets.fr\/ca\/wp-json\/wp\/v2\/media?parent=27987"}],"curies":[{"name":"wp","href":"https:\/\/api.w.org\/{rel}","templated":true}]}}