{"id":25911,"date":"2023-03-09T16:47:53","date_gmt":"2023-03-09T15:47:53","guid":{"rendered":"https:\/\/campinglesgalets.fr\/devenir-proprietaire-dun-mobil-home-a-argeles-sur-mer\/"},"modified":"2025-10-06T08:07:08","modified_gmt":"2025-10-06T07:07:08","slug":"esdevenir-propietari-dun-mobil-home-a-argeles-de-la-marenda","status":"publish","type":"page","link":"https:\/\/campinglesgalets.fr\/ca\/esdevenir-propietari-dun-mobil-home-a-argeles-de-la-marenda\/","title":{"rendered":"Esdevenir propietari d&#8217;un m\u00f2bil-home a Argeles de la Marenda"},"content":{"rendered":"<p>Per qu\u00e8 comprar un m\u00f2bil-home a Argeles de la Marenda?<\/p>\n<p><em><strong>Esdevenir propietari del vostre m\u00f2bil-home\u00a0a\u00a0Argeles de la Marenda.<\/strong><\/em><\/p>\n<p><em>Esdevenir propietari d\u2019un m\u00f2bil-home\u00a0a\u00a0Argeles de la Marenda <\/em>al c\u00e0mping-club Les Galets, \u00e9s fer la tria \u00a0d\u2019<u>un\u00a0estil de vacances i de lleures en tota libertat per vost\u00e9 i la vostra fam\u00edlia<\/u>.<\/p>\n<p>Adquirir un m\u00f2bil-home \u00e9s disposar d\u2019un allotjament de vacances gran confort i gaudir d\u2019un\u00a0entorn dedicat als lleures i als espais verds per una vida en osmosi amb la naturalesa.\u00a0En funci\u00f3 del vostre pressupost, podem proposar-vos la compra d\u2019una residencia\u00a0nova o d\u2019ocasi\u00f3 en un empla\u00e7ament dins el nostre\u00a0<a href=\"\/ca\/\">c\u00e0mping a Argeles de la Marenda<\/a>.<\/p>\n<p>Gaudiu del vostre temps lliure del 1er gener al 31 desembre, sens que la totalitat dels vostres sojorns \u00a0n\u2019excedeix pas\u00a0<strong>5 mesos per any<\/strong>.<\/p>\n<h2>Quins s\u00f3n els avantatges d\u2019adquirir un m\u00f2bil-home dins el nostre c\u00e0mping a Argeles?<\/h2>\n<p><strong>Beneficieu\u00a0 de tots els avantatges d\u2019un c\u00e0mping-club de 4 estrelles<\/strong>.\u00a0Sojorneu en la vostre habitaci\u00f3\u00a0 m\u00f2bil\u00a0 modern dotat de tots els equipaments de confort per vacances relaxants.<\/p>\n<p>Llogueu el vostre m\u00f2bil-home quan no hi sojorneu pas :<\/p>\n<ul>\n<li>Confiant la locaci\u00f3 del vostre m\u00f2bil-home al c\u00e0mping Les Galets<\/li>\n<li>70% del preu de la locaci\u00f3 del preu p\u00fablic us ser\u00e0 retrocedit, rendes que finan\u00e7aran el vostre allotjament i encara m\u00e9s&#8230;<\/li>\n<li>El nostre equip s\u2019encarrega de la comercialitzaci\u00f3, de l\u2019acolliment, de fer inventari,\u00a0i de netejar el m\u00f2bil-home<\/li>\n<li>Un c\u00e0non anual (lloguer de la parcel\u00b7la) indexat, un contracte clar que garanteix els vostres drets<\/li>\n<\/ul>\n<p>Les nostres parcel\u00b7les d\u2019un m\u00ednimum de 100 m\u00b2 acollen m\u00f2bil-homes de 20 \u00e0 35 m\u00b2, dotats\u00a0d\u2019una terrassa de fusta en harmonia amb el standing del c\u00e0mping, us permeten d\u2019aparcar el\u00a0vostre vehicle davant el vostre allotjament Des de m\u00e9s de 40 anys, m\u00e9s de 160 fam\u00edlies ens fan confian\u00e7a i gaudeixen aix\u00ed de la seva habitaci\u00f3 quan en tenen gana !<\/p>\n<p>Ganes d\u2019una habitaci\u00f3 a \u00a0Argeles \u00a0la Marenda en els Pirineus Orientals per gaudir del clima mediterrani durant tot l\u2019any ? Escolliu la compra d&#8217;un m\u00f2bil-home a Argeles de la\u00a0 Marenda, que us servir\u00e0 en el mateix temps de residencia de vacances en el Sud de la Fran\u00e7a i d&#8217;obtenir un retorn sobre inversi\u00f3 durable. No vacil\u00b7leu m\u00e9s i contacteu-nos per tenir de m\u00e9s amples informacions al\u00a000334.68.81.08.12 o per mail :\u00a0<a href=\"mailto:lesgalets@campinglesgalets.fr\">lesgalets@campinglesgalets.fr<\/a><\/p>\n","protected":false},"excerpt":{"rendered":"<p>Per qu\u00e8 comprar un m\u00f2bil-home a Argeles de la Marenda? Esdevenir propietari del vostre m\u00f2bil-home\u00a0a\u00a0Argeles de la Marenda. Esdevenir propietari d\u2019un m\u00f2bil-home\u00a0a\u00a0Argeles de la Marenda al c\u00e0mping-club Les Galets, \u00e9s fer la tria \u00a0d\u2019un\u00a0estil de vacances i de lleures en tota libertat per vost\u00e9 i la vostra fam\u00edlia. Adquirir un m\u00f2bil-home \u00e9s disposar d\u2019un allotjament [&hellip;]<\/p>\n","protected":false},"author":1,"featured_media":24859,"parent":0,"menu_order":0,"comment_status":"closed","ping_status":"closed","template":"","meta":{"_acf_changed":false,"_et_pb_use_builder":"","_et_pb_old_content":"","_et_gb_content_width":"","footnotes":""},"class_list":["post-25911","page","type-page","status-publish","has-post-thumbnail","hentry"],"acf":[],"yoast_head":"<!-- This site is optimized with the Yoast SEO plugin v27.4 - https:\/\/yoast.com\/product\/yoast-seo-wordpress\/ -->\n<title>Comprar casa m\u00f2bil Argeles sur Mer - Casa m\u00f2bil a la venda en botiga de Argeles<\/title>\n<meta name=\"description\" content=\"Informa\u2019t sobre com convertir-te en propietari d\u2019un mobil-home a Argelers i gaudir-ne tot l\u2019any.\" \/>\n<meta name=\"robots\" content=\"index, follow, max-snippet:-1, max-image-preview:large, max-video-preview:-1\" \/>\n<link rel=\"canonical\" href=\"https:\/\/campinglesgalets.fr\/ca\/esdevenir-propietari-dun-mobil-home-a-argeles-de-la-marenda\/\" \/>\n<meta property=\"og:locale\" content=\"ca_ES\" \/>\n<meta property=\"og:type\" content=\"article\" \/>\n<meta property=\"og:title\" content=\"Comprar casa m\u00f2bil Argeles sur Mer - Casa m\u00f2bil a la venda en botiga de Argeles\" \/>\n<meta property=\"og:description\" content=\"Informa\u2019t sobre com convertir-te en propietari d\u2019un mobil-home a Argelers i gaudir-ne tot l\u2019any.\" \/>\n<meta property=\"og:url\" content=\"https:\/\/campinglesgalets.fr\/ca\/esdevenir-propietari-dun-mobil-home-a-argeles-de-la-marenda\/\" \/>\n<meta property=\"og:site_name\" content=\"Camping les galets\" \/>\n<meta property=\"article:modified_time\" content=\"2025-10-06T07:07:08+00:00\" \/>\n<meta property=\"og:image\" content=\"https:\/\/campinglesgalets.fr\/wp-content\/uploads\/2023\/03\/interieur_premium_retaillee-2100x1031-1.jpg\" \/>\n\t<meta property=\"og:image:width\" content=\"2100\" \/>\n\t<meta property=\"og:image:height\" content=\"1031\" \/>\n\t<meta property=\"og:image:type\" content=\"image\/jpeg\" \/>\n<meta name=\"twitter:card\" content=\"summary_large_image\" \/>\n<meta name=\"twitter:label1\" content=\"Temps estimat de lectura\" \/>\n\t<meta name=\"twitter:data1\" content=\"3 minuts\" \/>\n<script type=\"application\/ld+json\" class=\"yoast-schema-graph\">{\"@context\":\"https:\\\/\\\/schema.org\",\"@graph\":[{\"@type\":\"WebPage\",\"@id\":\"https:\\\/\\\/campinglesgalets.fr\\\/ca\\\/esdevenir-propietari-dun-mobil-home-a-argeles-de-la-marenda\\\/\",\"url\":\"https:\\\/\\\/campinglesgalets.fr\\\/ca\\\/esdevenir-propietari-dun-mobil-home-a-argeles-de-la-marenda\\\/\",\"name\":\"Comprar casa m\u00f2bil Argeles sur Mer - Casa m\u00f2bil a la venda en botiga de Argeles\",\"isPartOf\":{\"@id\":\"https:\\\/\\\/campinglesgalets.fr\\\/ca\\\/#website\"},\"primaryImageOfPage\":{\"@id\":\"https:\\\/\\\/campinglesgalets.fr\\\/ca\\\/esdevenir-propietari-dun-mobil-home-a-argeles-de-la-marenda\\\/#primaryimage\"},\"image\":{\"@id\":\"https:\\\/\\\/campinglesgalets.fr\\\/ca\\\/esdevenir-propietari-dun-mobil-home-a-argeles-de-la-marenda\\\/#primaryimage\"},\"thumbnailUrl\":\"https:\\\/\\\/campinglesgalets.fr\\\/wp-content\\\/uploads\\\/2023\\\/03\\\/interieur_premium_retaillee-2100x1031-1.jpg\",\"datePublished\":\"2023-03-09T15:47:53+00:00\",\"dateModified\":\"2025-10-06T07:07:08+00:00\",\"description\":\"Informa\u2019t sobre com convertir-te en propietari d\u2019un mobil-home a Argelers i gaudir-ne tot l\u2019any.\",\"breadcrumb\":{\"@id\":\"https:\\\/\\\/campinglesgalets.fr\\\/ca\\\/esdevenir-propietari-dun-mobil-home-a-argeles-de-la-marenda\\\/#breadcrumb\"},\"inLanguage\":\"ca\",\"potentialAction\":[{\"@type\":\"ReadAction\",\"target\":[\"https:\\\/\\\/campinglesgalets.fr\\\/ca\\\/esdevenir-propietari-dun-mobil-home-a-argeles-de-la-marenda\\\/\"]}]},{\"@type\":\"ImageObject\",\"inLanguage\":\"ca\",\"@id\":\"https:\\\/\\\/campinglesgalets.fr\\\/ca\\\/esdevenir-propietari-dun-mobil-home-a-argeles-de-la-marenda\\\/#primaryimage\",\"url\":\"https:\\\/\\\/campinglesgalets.fr\\\/wp-content\\\/uploads\\\/2023\\\/03\\\/interieur_premium_retaillee-2100x1031-1.jpg\",\"contentUrl\":\"https:\\\/\\\/campinglesgalets.fr\\\/wp-content\\\/uploads\\\/2023\\\/03\\\/interieur_premium_retaillee-2100x1031-1.jpg\",\"width\":2100,\"height\":1031},{\"@type\":\"BreadcrumbList\",\"@id\":\"https:\\\/\\\/campinglesgalets.fr\\\/ca\\\/esdevenir-propietari-dun-mobil-home-a-argeles-de-la-marenda\\\/#breadcrumb\",\"itemListElement\":[{\"@type\":\"ListItem\",\"position\":1,\"name\":\"Camping \u00e0 Argel\u00e8s-sur-Mer\",\"item\":\"https:\\\/\\\/campinglesgalets.fr\\\/ca\\\/\"},{\"@type\":\"ListItem\",\"position\":2,\"name\":\"Esdevenir propietari d&rsquo;un m\u00f2bil-home a Argeles de la Marenda\"}]},{\"@type\":\"WebSite\",\"@id\":\"https:\\\/\\\/campinglesgalets.fr\\\/ca\\\/#website\",\"url\":\"https:\\\/\\\/campinglesgalets.fr\\\/ca\\\/\",\"name\":\"Camping les galets\",\"description\":\"Camping Argel\u00e8s-sur-Mer\",\"publisher\":{\"@id\":\"https:\\\/\\\/campinglesgalets.fr\\\/ca\\\/#organization\"},\"potentialAction\":[{\"@type\":\"SearchAction\",\"target\":{\"@type\":\"EntryPoint\",\"urlTemplate\":\"https:\\\/\\\/campinglesgalets.fr\\\/ca\\\/?s={search_term_string}\"},\"query-input\":{\"@type\":\"PropertyValueSpecification\",\"valueRequired\":true,\"valueName\":\"search_term_string\"}}],\"inLanguage\":\"ca\"},{\"@type\":\"Organization\",\"@id\":\"https:\\\/\\\/campinglesgalets.fr\\\/ca\\\/#organization\",\"name\":\"Camping les Galets\",\"url\":\"https:\\\/\\\/campinglesgalets.fr\\\/ca\\\/\",\"logo\":{\"@type\":\"ImageObject\",\"inLanguage\":\"ca\",\"@id\":\"https:\\\/\\\/campinglesgalets.fr\\\/ca\\\/#\\\/schema\\\/logo\\\/image\\\/\",\"url\":\"https:\\\/\\\/campinglesgalets.fr\\\/wp-content\\\/uploads\\\/2025\\\/10\\\/Logo_Footer.svg\",\"contentUrl\":\"https:\\\/\\\/campinglesgalets.fr\\\/wp-content\\\/uploads\\\/2025\\\/10\\\/Logo_Footer.svg\",\"width\":267,\"height\":175,\"caption\":\"Camping les Galets\"},\"image\":{\"@id\":\"https:\\\/\\\/campinglesgalets.fr\\\/ca\\\/#\\\/schema\\\/logo\\\/image\\\/\"}}]}<\/script>\n<!-- \/ Yoast SEO plugin. -->","yoast_head_json":{"title":"Comprar casa m\u00f2bil Argeles sur Mer - Casa m\u00f2bil a la venda en botiga de Argeles","description":"Informa\u2019t sobre com convertir-te en propietari d\u2019un mobil-home a Argelers i gaudir-ne tot l\u2019any.","robots":{"index":"index","follow":"follow","max-snippet":"max-snippet:-1","max-image-preview":"max-image-preview:large","max-video-preview":"max-video-preview:-1"},"canonical":"https:\/\/campinglesgalets.fr\/ca\/esdevenir-propietari-dun-mobil-home-a-argeles-de-la-marenda\/","og_locale":"ca_ES","og_type":"article","og_title":"Comprar casa m\u00f2bil Argeles sur Mer - Casa m\u00f2bil a la venda en botiga de Argeles","og_description":"Informa\u2019t sobre com convertir-te en propietari d\u2019un mobil-home a Argelers i gaudir-ne tot l\u2019any.","og_url":"https:\/\/campinglesgalets.fr\/ca\/esdevenir-propietari-dun-mobil-home-a-argeles-de-la-marenda\/","og_site_name":"Camping les galets","article_modified_time":"2025-10-06T07:07:08+00:00","og_image":[{"width":2100,"height":1031,"url":"https:\/\/campinglesgalets.fr\/wp-content\/uploads\/2023\/03\/interieur_premium_retaillee-2100x1031-1.jpg","type":"image\/jpeg"}],"twitter_card":"summary_large_image","twitter_misc":{"Temps estimat de lectura":"3 minuts"},"schema":{"@context":"https:\/\/schema.org","@graph":[{"@type":"WebPage","@id":"https:\/\/campinglesgalets.fr\/ca\/esdevenir-propietari-dun-mobil-home-a-argeles-de-la-marenda\/","url":"https:\/\/campinglesgalets.fr\/ca\/esdevenir-propietari-dun-mobil-home-a-argeles-de-la-marenda\/","name":"Comprar casa m\u00f2bil Argeles sur Mer - Casa m\u00f2bil a la venda en botiga de Argeles","isPartOf":{"@id":"https:\/\/campinglesgalets.fr\/ca\/#website"},"primaryImageOfPage":{"@id":"https:\/\/campinglesgalets.fr\/ca\/esdevenir-propietari-dun-mobil-home-a-argeles-de-la-marenda\/#primaryimage"},"image":{"@id":"https:\/\/campinglesgalets.fr\/ca\/esdevenir-propietari-dun-mobil-home-a-argeles-de-la-marenda\/#primaryimage"},"thumbnailUrl":"https:\/\/campinglesgalets.fr\/wp-content\/uploads\/2023\/03\/interieur_premium_retaillee-2100x1031-1.jpg","datePublished":"2023-03-09T15:47:53+00:00","dateModified":"2025-10-06T07:07:08+00:00","description":"Informa\u2019t sobre com convertir-te en propietari d\u2019un mobil-home a Argelers i gaudir-ne tot l\u2019any.","breadcrumb":{"@id":"https:\/\/campinglesgalets.fr\/ca\/esdevenir-propietari-dun-mobil-home-a-argeles-de-la-marenda\/#breadcrumb"},"inLanguage":"ca","potentialAction":[{"@type":"ReadAction","target":["https:\/\/campinglesgalets.fr\/ca\/esdevenir-propietari-dun-mobil-home-a-argeles-de-la-marenda\/"]}]},{"@type":"ImageObject","inLanguage":"ca","@id":"https:\/\/campinglesgalets.fr\/ca\/esdevenir-propietari-dun-mobil-home-a-argeles-de-la-marenda\/#primaryimage","url":"https:\/\/campinglesgalets.fr\/wp-content\/uploads\/2023\/03\/interieur_premium_retaillee-2100x1031-1.jpg","contentUrl":"https:\/\/campinglesgalets.fr\/wp-content\/uploads\/2023\/03\/interieur_premium_retaillee-2100x1031-1.jpg","width":2100,"height":1031},{"@type":"BreadcrumbList","@id":"https:\/\/campinglesgalets.fr\/ca\/esdevenir-propietari-dun-mobil-home-a-argeles-de-la-marenda\/#breadcrumb","itemListElement":[{"@type":"ListItem","position":1,"name":"Camping \u00e0 Argel\u00e8s-sur-Mer","item":"https:\/\/campinglesgalets.fr\/ca\/"},{"@type":"ListItem","position":2,"name":"Esdevenir propietari d&rsquo;un m\u00f2bil-home a Argeles de la Marenda"}]},{"@type":"WebSite","@id":"https:\/\/campinglesgalets.fr\/ca\/#website","url":"https:\/\/campinglesgalets.fr\/ca\/","name":"Camping les galets","description":"Camping Argel\u00e8s-sur-Mer","publisher":{"@id":"https:\/\/campinglesgalets.fr\/ca\/#organization"},"potentialAction":[{"@type":"SearchAction","target":{"@type":"EntryPoint","urlTemplate":"https:\/\/campinglesgalets.fr\/ca\/?s={search_term_string}"},"query-input":{"@type":"PropertyValueSpecification","valueRequired":true,"valueName":"search_term_string"}}],"inLanguage":"ca"},{"@type":"Organization","@id":"https:\/\/campinglesgalets.fr\/ca\/#organization","name":"Camping les Galets","url":"https:\/\/campinglesgalets.fr\/ca\/","logo":{"@type":"ImageObject","inLanguage":"ca","@id":"https:\/\/campinglesgalets.fr\/ca\/#\/schema\/logo\/image\/","url":"https:\/\/campinglesgalets.fr\/wp-content\/uploads\/2025\/10\/Logo_Footer.svg","contentUrl":"https:\/\/campinglesgalets.fr\/wp-content\/uploads\/2025\/10\/Logo_Footer.svg","width":267,"height":175,"caption":"Camping les Galets"},"image":{"@id":"https:\/\/campinglesgalets.fr\/ca\/#\/schema\/logo\/image\/"}}]}},"_links":{"self":[{"href":"https:\/\/campinglesgalets.fr\/ca\/wp-json\/wp\/v2\/pages\/25911","targetHints":{"allow":["GET"]}}],"collection":[{"href":"https:\/\/campinglesgalets.fr\/ca\/wp-json\/wp\/v2\/pages"}],"about":[{"href":"https:\/\/campinglesgalets.fr\/ca\/wp-json\/wp\/v2\/types\/page"}],"author":[{"embeddable":true,"href":"https:\/\/campinglesgalets.fr\/ca\/wp-json\/wp\/v2\/users\/1"}],"replies":[{"embeddable":true,"href":"https:\/\/campinglesgalets.fr\/ca\/wp-json\/wp\/v2\/comments?post=25911"}],"version-history":[{"count":0,"href":"https:\/\/campinglesgalets.fr\/ca\/wp-json\/wp\/v2\/pages\/25911\/revisions"}],"wp:featuredmedia":[{"embeddable":true,"href":"https:\/\/campinglesgalets.fr\/ca\/wp-json\/wp\/v2\/media\/24859"}],"wp:attachment":[{"href":"https:\/\/campinglesgalets.fr\/ca\/wp-json\/wp\/v2\/media?parent=25911"}],"curies":[{"name":"wp","href":"https:\/\/api.w.org\/{rel}","templated":true}]}}