{"id":25892,"date":"2023-03-08T15:09:00","date_gmt":"2023-03-08T14:09:00","guid":{"rendered":"https:\/\/campinglesgalets.fr\/plongee-sous-marine-a-argeles\/"},"modified":"2023-03-28T15:48:09","modified_gmt":"2023-03-28T14:48:09","slug":"subarinisme-a-argelers","status":"publish","type":"page","link":"https:\/\/campinglesgalets.fr\/ca\/subarinisme-a-argelers\/","title":{"rendered":"Subarinisme a Argelers"},"content":{"rendered":"<p>Preservat i protegit, el\u00a0<strong>Languedoc-Roussillon<\/strong>\u00a0\u00e9s una regi\u00f3 francesa molt interessant pel \u00a0<strong>submarinisme <\/strong>tant per la <strong>diversitat<\/strong>\u00a0dels seus\u00a0<strong>fons<\/strong>\u00a0que per <strong>la seva fauna i la seva flora<\/strong>. Que sigueu <strong>debutants o b\u00e9 submarinistes experts<\/strong>,\u00a0<strong>petits o grans<\/strong>, el submarinisme \u00e9s una <strong>activitat accessible per a tothom<\/strong>\u00a0!<\/p>\n<p>Durant tota la temporada, el\u00a0<strong>C\u00e0mping Club Les Galets<\/strong>\u00a0us proposa\u00a0 iniciacions al submarinisme. Tindreu la possibilitat de practicar el <strong>submarinisme en mar<\/strong>\u00a0o b\u00e9\u00a0 ximplement \u00a0<strong>iniciar-vos al submarinisme en piscina<\/strong>, dirigit pel nostre equip de\u00a0<strong>professionals<\/strong>. Veniu al club de submarinisme de vostre C\u00e0mping Club Les Galets, per\u00f2 vigileu, , les\u00a0places\u00a0s\u00f3n\u00a0limitades\u00a0!<\/p>\n<p>Podreu tamb\u00e9 participar a\u00a0<strong>cursos de submarinisme<\/strong>\u00a0amb el club de submarinisme\u00a0<strong>Archipel<\/strong>, un dels m\u00e9s famosos d&#8217;<strong>Argelers de la Marenda.<\/strong><\/p>\n<p>Totes aquestes activitats de submarinisme us s\u00f3n proposades des es l&#8217;edat de\u00a0<strong>8 anys<\/strong>, fins a \u00a0<strong>88 anys i encara m\u00e9s<\/strong>, una experi\u00e8ncia \u00fanica per\u00a0 <strong>records \u00fanics en fam\u00edlia<\/strong>\u00a0!<\/p>\n<p>\u00c9s evidentment una manera molt original de descobrir els <strong>paisatges mar\u00edtims<\/strong>\u00a0molt variats de\u00a0<strong>Argelers de la Marenda<\/strong>\u00a0i tamb\u00e9 les meravelles dels\u00a0<strong>Pirineus Orientals<\/strong>. Llavors tindreu una mirada diferent sobre la fauna i la flora aqu\u00e0tica del\u00a0 nostre meravell\u00f3s <strong>Pa\u00eds Catal\u00e0<\/strong>\u00a0!<\/p>\n<p><em>* (Una de les nostres empreses associades : <\/em><a href=\"http:\/\/www.archipelplongee.com\/\"><em>www.archipelplongee.com<\/em><\/a><em>)<\/em><\/p>\n","protected":false},"excerpt":{"rendered":"<p>Preservat i protegit, el\u00a0Languedoc-Roussillon\u00a0\u00e9s una regi\u00f3 francesa molt interessant pel \u00a0submarinisme tant per la diversitat\u00a0dels seus\u00a0fons\u00a0que per la seva fauna i la seva flora. Que sigueu debutants o b\u00e9 submarinistes experts,\u00a0petits o grans, el submarinisme \u00e9s una activitat accessible per a tothom\u00a0! Durant tota la temporada, el\u00a0C\u00e0mping Club Les Galets\u00a0us proposa\u00a0 iniciacions al submarinisme. Tindreu [&hellip;]<\/p>\n","protected":false},"author":1,"featured_media":24809,"parent":0,"menu_order":0,"comment_status":"closed","ping_status":"closed","template":"","meta":{"_acf_changed":false,"_et_pb_use_builder":"","_et_pb_old_content":"","_et_gb_content_width":"","footnotes":""},"class_list":["post-25892","page","type-page","status-publish","has-post-thumbnail","hentry"],"acf":[],"yoast_head":"<!-- This site is optimized with the Yoast SEO plugin v27.4 - https:\/\/yoast.com\/product\/yoast-seo-wordpress\/ -->\n<title>Argeles en submarinisme al mar-Argeles escola de busseig i Club<\/title>\n<meta name=\"robots\" content=\"index, follow, max-snippet:-1, max-image-preview:large, max-video-preview:-1\" \/>\n<link rel=\"canonical\" href=\"https:\/\/campinglesgalets.fr\/ca\/subarinisme-a-argelers\/\" \/>\n<meta property=\"og:locale\" content=\"ca_ES\" \/>\n<meta property=\"og:type\" content=\"article\" \/>\n<meta property=\"og:title\" content=\"Argeles en submarinisme al mar-Argeles escola de busseig i Club\" \/>\n<meta property=\"og:description\" content=\"Preservat i protegit, el\u00a0Languedoc-Roussillon\u00a0\u00e9s una regi\u00f3 francesa molt interessant pel \u00a0submarinisme tant per la diversitat\u00a0dels seus\u00a0fons\u00a0que per la seva fauna i la seva flora. Que sigueu debutants o b\u00e9 submarinistes experts,\u00a0petits o grans, el submarinisme \u00e9s una activitat accessible per a tothom\u00a0! Durant tota la temporada, el\u00a0C\u00e0mping Club Les Galets\u00a0us proposa\u00a0 iniciacions al submarinisme. Tindreu [&hellip;]\" \/>\n<meta property=\"og:url\" content=\"https:\/\/campinglesgalets.fr\/ca\/subarinisme-a-argelers\/\" \/>\n<meta property=\"og:site_name\" content=\"Camping les galets\" \/>\n<meta property=\"article:modified_time\" content=\"2023-03-28T14:48:09+00:00\" \/>\n<meta property=\"og:image\" content=\"https:\/\/campinglesgalets.fr\/wp-content\/uploads\/2023\/03\/plongee.jpg\" \/>\n\t<meta property=\"og:image:width\" content=\"1200\" \/>\n\t<meta property=\"og:image:height\" content=\"395\" \/>\n\t<meta property=\"og:image:type\" content=\"image\/jpeg\" \/>\n<meta name=\"twitter:card\" content=\"summary_large_image\" \/>\n<meta name=\"twitter:label1\" content=\"Temps estimat de lectura\" \/>\n\t<meta name=\"twitter:data1\" content=\"2 minuts\" \/>\n<script type=\"application\/ld+json\" class=\"yoast-schema-graph\">{\"@context\":\"https:\\\/\\\/schema.org\",\"@graph\":[{\"@type\":\"WebPage\",\"@id\":\"https:\\\/\\\/campinglesgalets.fr\\\/ca\\\/subarinisme-a-argelers\\\/\",\"url\":\"https:\\\/\\\/campinglesgalets.fr\\\/ca\\\/subarinisme-a-argelers\\\/\",\"name\":\"Argeles en submarinisme al mar-Argeles escola de busseig i Club\",\"isPartOf\":{\"@id\":\"https:\\\/\\\/campinglesgalets.fr\\\/ca\\\/#website\"},\"primaryImageOfPage\":{\"@id\":\"https:\\\/\\\/campinglesgalets.fr\\\/ca\\\/subarinisme-a-argelers\\\/#primaryimage\"},\"image\":{\"@id\":\"https:\\\/\\\/campinglesgalets.fr\\\/ca\\\/subarinisme-a-argelers\\\/#primaryimage\"},\"thumbnailUrl\":\"https:\\\/\\\/campinglesgalets.fr\\\/wp-content\\\/uploads\\\/2023\\\/03\\\/plongee.jpg\",\"datePublished\":\"2023-03-08T14:09:00+00:00\",\"dateModified\":\"2023-03-28T14:48:09+00:00\",\"breadcrumb\":{\"@id\":\"https:\\\/\\\/campinglesgalets.fr\\\/ca\\\/subarinisme-a-argelers\\\/#breadcrumb\"},\"inLanguage\":\"ca\",\"potentialAction\":[{\"@type\":\"ReadAction\",\"target\":[\"https:\\\/\\\/campinglesgalets.fr\\\/ca\\\/subarinisme-a-argelers\\\/\"]}]},{\"@type\":\"ImageObject\",\"inLanguage\":\"ca\",\"@id\":\"https:\\\/\\\/campinglesgalets.fr\\\/ca\\\/subarinisme-a-argelers\\\/#primaryimage\",\"url\":\"https:\\\/\\\/campinglesgalets.fr\\\/wp-content\\\/uploads\\\/2023\\\/03\\\/plongee.jpg\",\"contentUrl\":\"https:\\\/\\\/campinglesgalets.fr\\\/wp-content\\\/uploads\\\/2023\\\/03\\\/plongee.jpg\",\"width\":1200,\"height\":395},{\"@type\":\"BreadcrumbList\",\"@id\":\"https:\\\/\\\/campinglesgalets.fr\\\/ca\\\/subarinisme-a-argelers\\\/#breadcrumb\",\"itemListElement\":[{\"@type\":\"ListItem\",\"position\":1,\"name\":\"Camping \u00e0 Argel\u00e8s-sur-Mer\",\"item\":\"https:\\\/\\\/campinglesgalets.fr\\\/ca\\\/\"},{\"@type\":\"ListItem\",\"position\":2,\"name\":\"Subarinisme a Argelers\"}]},{\"@type\":\"WebSite\",\"@id\":\"https:\\\/\\\/campinglesgalets.fr\\\/ca\\\/#website\",\"url\":\"https:\\\/\\\/campinglesgalets.fr\\\/ca\\\/\",\"name\":\"Camping les galets\",\"description\":\"Camping Argel\u00e8s-sur-Mer\",\"publisher\":{\"@id\":\"https:\\\/\\\/campinglesgalets.fr\\\/ca\\\/#organization\"},\"potentialAction\":[{\"@type\":\"SearchAction\",\"target\":{\"@type\":\"EntryPoint\",\"urlTemplate\":\"https:\\\/\\\/campinglesgalets.fr\\\/ca\\\/?s={search_term_string}\"},\"query-input\":{\"@type\":\"PropertyValueSpecification\",\"valueRequired\":true,\"valueName\":\"search_term_string\"}}],\"inLanguage\":\"ca\"},{\"@type\":\"Organization\",\"@id\":\"https:\\\/\\\/campinglesgalets.fr\\\/ca\\\/#organization\",\"name\":\"Camping les Galets\",\"url\":\"https:\\\/\\\/campinglesgalets.fr\\\/ca\\\/\",\"logo\":{\"@type\":\"ImageObject\",\"inLanguage\":\"ca\",\"@id\":\"https:\\\/\\\/campinglesgalets.fr\\\/ca\\\/#\\\/schema\\\/logo\\\/image\\\/\",\"url\":\"https:\\\/\\\/campinglesgalets.fr\\\/wp-content\\\/uploads\\\/2025\\\/10\\\/Logo_Footer.svg\",\"contentUrl\":\"https:\\\/\\\/campinglesgalets.fr\\\/wp-content\\\/uploads\\\/2025\\\/10\\\/Logo_Footer.svg\",\"width\":267,\"height\":175,\"caption\":\"Camping les Galets\"},\"image\":{\"@id\":\"https:\\\/\\\/campinglesgalets.fr\\\/ca\\\/#\\\/schema\\\/logo\\\/image\\\/\"}}]}<\/script>\n<!-- \/ Yoast SEO plugin. -->","yoast_head_json":{"title":"Argeles en submarinisme al mar-Argeles escola de busseig i Club","robots":{"index":"index","follow":"follow","max-snippet":"max-snippet:-1","max-image-preview":"max-image-preview:large","max-video-preview":"max-video-preview:-1"},"canonical":"https:\/\/campinglesgalets.fr\/ca\/subarinisme-a-argelers\/","og_locale":"ca_ES","og_type":"article","og_title":"Argeles en submarinisme al mar-Argeles escola de busseig i Club","og_description":"Preservat i protegit, el\u00a0Languedoc-Roussillon\u00a0\u00e9s una regi\u00f3 francesa molt interessant pel \u00a0submarinisme tant per la diversitat\u00a0dels seus\u00a0fons\u00a0que per la seva fauna i la seva flora. Que sigueu debutants o b\u00e9 submarinistes experts,\u00a0petits o grans, el submarinisme \u00e9s una activitat accessible per a tothom\u00a0! Durant tota la temporada, el\u00a0C\u00e0mping Club Les Galets\u00a0us proposa\u00a0 iniciacions al submarinisme. Tindreu [&hellip;]","og_url":"https:\/\/campinglesgalets.fr\/ca\/subarinisme-a-argelers\/","og_site_name":"Camping les galets","article_modified_time":"2023-03-28T14:48:09+00:00","og_image":[{"width":1200,"height":395,"url":"https:\/\/campinglesgalets.fr\/wp-content\/uploads\/2023\/03\/plongee.jpg","type":"image\/jpeg"}],"twitter_card":"summary_large_image","twitter_misc":{"Temps estimat de lectura":"2 minuts"},"schema":{"@context":"https:\/\/schema.org","@graph":[{"@type":"WebPage","@id":"https:\/\/campinglesgalets.fr\/ca\/subarinisme-a-argelers\/","url":"https:\/\/campinglesgalets.fr\/ca\/subarinisme-a-argelers\/","name":"Argeles en submarinisme al mar-Argeles escola de busseig i Club","isPartOf":{"@id":"https:\/\/campinglesgalets.fr\/ca\/#website"},"primaryImageOfPage":{"@id":"https:\/\/campinglesgalets.fr\/ca\/subarinisme-a-argelers\/#primaryimage"},"image":{"@id":"https:\/\/campinglesgalets.fr\/ca\/subarinisme-a-argelers\/#primaryimage"},"thumbnailUrl":"https:\/\/campinglesgalets.fr\/wp-content\/uploads\/2023\/03\/plongee.jpg","datePublished":"2023-03-08T14:09:00+00:00","dateModified":"2023-03-28T14:48:09+00:00","breadcrumb":{"@id":"https:\/\/campinglesgalets.fr\/ca\/subarinisme-a-argelers\/#breadcrumb"},"inLanguage":"ca","potentialAction":[{"@type":"ReadAction","target":["https:\/\/campinglesgalets.fr\/ca\/subarinisme-a-argelers\/"]}]},{"@type":"ImageObject","inLanguage":"ca","@id":"https:\/\/campinglesgalets.fr\/ca\/subarinisme-a-argelers\/#primaryimage","url":"https:\/\/campinglesgalets.fr\/wp-content\/uploads\/2023\/03\/plongee.jpg","contentUrl":"https:\/\/campinglesgalets.fr\/wp-content\/uploads\/2023\/03\/plongee.jpg","width":1200,"height":395},{"@type":"BreadcrumbList","@id":"https:\/\/campinglesgalets.fr\/ca\/subarinisme-a-argelers\/#breadcrumb","itemListElement":[{"@type":"ListItem","position":1,"name":"Camping \u00e0 Argel\u00e8s-sur-Mer","item":"https:\/\/campinglesgalets.fr\/ca\/"},{"@type":"ListItem","position":2,"name":"Subarinisme a Argelers"}]},{"@type":"WebSite","@id":"https:\/\/campinglesgalets.fr\/ca\/#website","url":"https:\/\/campinglesgalets.fr\/ca\/","name":"Camping les galets","description":"Camping Argel\u00e8s-sur-Mer","publisher":{"@id":"https:\/\/campinglesgalets.fr\/ca\/#organization"},"potentialAction":[{"@type":"SearchAction","target":{"@type":"EntryPoint","urlTemplate":"https:\/\/campinglesgalets.fr\/ca\/?s={search_term_string}"},"query-input":{"@type":"PropertyValueSpecification","valueRequired":true,"valueName":"search_term_string"}}],"inLanguage":"ca"},{"@type":"Organization","@id":"https:\/\/campinglesgalets.fr\/ca\/#organization","name":"Camping les Galets","url":"https:\/\/campinglesgalets.fr\/ca\/","logo":{"@type":"ImageObject","inLanguage":"ca","@id":"https:\/\/campinglesgalets.fr\/ca\/#\/schema\/logo\/image\/","url":"https:\/\/campinglesgalets.fr\/wp-content\/uploads\/2025\/10\/Logo_Footer.svg","contentUrl":"https:\/\/campinglesgalets.fr\/wp-content\/uploads\/2025\/10\/Logo_Footer.svg","width":267,"height":175,"caption":"Camping les Galets"},"image":{"@id":"https:\/\/campinglesgalets.fr\/ca\/#\/schema\/logo\/image\/"}}]}},"_links":{"self":[{"href":"https:\/\/campinglesgalets.fr\/ca\/wp-json\/wp\/v2\/pages\/25892","targetHints":{"allow":["GET"]}}],"collection":[{"href":"https:\/\/campinglesgalets.fr\/ca\/wp-json\/wp\/v2\/pages"}],"about":[{"href":"https:\/\/campinglesgalets.fr\/ca\/wp-json\/wp\/v2\/types\/page"}],"author":[{"embeddable":true,"href":"https:\/\/campinglesgalets.fr\/ca\/wp-json\/wp\/v2\/users\/1"}],"replies":[{"embeddable":true,"href":"https:\/\/campinglesgalets.fr\/ca\/wp-json\/wp\/v2\/comments?post=25892"}],"version-history":[{"count":0,"href":"https:\/\/campinglesgalets.fr\/ca\/wp-json\/wp\/v2\/pages\/25892\/revisions"}],"wp:featuredmedia":[{"embeddable":true,"href":"https:\/\/campinglesgalets.fr\/ca\/wp-json\/wp\/v2\/media\/24809"}],"wp:attachment":[{"href":"https:\/\/campinglesgalets.fr\/ca\/wp-json\/wp\/v2\/media?parent=25892"}],"curies":[{"name":"wp","href":"https:\/\/api.w.org\/{rel}","templated":true}]}}