{"id":25732,"date":"2023-03-09T16:08:26","date_gmt":"2023-03-09T15:08:26","guid":{"rendered":"https:\/\/campinglesgalets.fr\/personnes-a-mobilite-reduite\/"},"modified":"2025-04-26T14:56:38","modified_gmt":"2025-04-26T13:56:38","slug":"personnes-a-mobilite-reduite","status":"publish","type":"page","link":"https:\/\/campinglesgalets.fr\/ca\/personnes-a-mobilite-reduite\/","title":{"rendered":"Persones amb mobilitat redu\u00efda"},"content":{"rendered":"","protected":false},"excerpt":{"rendered":"","protected":false},"author":1,"featured_media":23649,"parent":0,"menu_order":0,"comment_status":"closed","ping_status":"closed","template":"","meta":{"_acf_changed":false,"_et_pb_use_builder":"","_et_pb_old_content":"","_et_gb_content_width":"","footnotes":""},"class_list":["post-25732","page","type-page","status-publish","has-post-thumbnail","hentry"],"acf":[],"yoast_head":"<!-- This site is optimized with the Yoast SEO plugin v27.3 - https:\/\/yoast.com\/product\/yoast-seo-wordpress\/ -->\n<title>Acampar PMR Argeles sur Mer | Acampar Argel\u00e8s adecuado para personas con discapacidad<\/title>\n<meta name=\"description\" content=\"Au camping Les Galets 4 mobilhomes et 3 chalets disposent d&#039;un acc\u00e8s handicap\u00e9s. De plus, toutes les infrastructures sont dot\u00e9es d&#039;une rampe d&#039;acc\u00e8s pour des vacances de r\u00eaves pour tous !\" \/>\n<meta name=\"robots\" content=\"index, follow, max-snippet:-1, max-image-preview:large, max-video-preview:-1\" \/>\n<link rel=\"canonical\" href=\"https:\/\/campinglesgalets.fr\/ca\/personnes-a-mobilite-reduite\/\" \/>\n<meta property=\"og:locale\" content=\"ca_ES\" \/>\n<meta property=\"og:type\" content=\"article\" \/>\n<meta property=\"og:title\" content=\"Acampar PMR Argeles sur Mer | Acampar Argel\u00e8s adecuado para personas con discapacidad\" \/>\n<meta property=\"og:description\" content=\"Au camping Les Galets 4 mobilhomes et 3 chalets disposent d&#039;un acc\u00e8s handicap\u00e9s. De plus, toutes les infrastructures sont dot\u00e9es d&#039;une rampe d&#039;acc\u00e8s pour des vacances de r\u00eaves pour tous !\" \/>\n<meta property=\"og:url\" content=\"https:\/\/campinglesgalets.fr\/ca\/personnes-a-mobilite-reduite\/\" \/>\n<meta property=\"og:site_name\" content=\"Camping les galets\" \/>\n<meta property=\"article:modified_time\" content=\"2025-04-26T13:56:38+00:00\" \/>\n<meta property=\"og:image\" content=\"https:\/\/campinglesgalets.fr\/wp-content\/uploads\/2020\/01\/mobil-home-pmr.jpg\" \/>\n\t<meta property=\"og:image:width\" content=\"620\" \/>\n\t<meta property=\"og:image:height\" content=\"450\" \/>\n\t<meta property=\"og:image:type\" content=\"image\/jpeg\" \/>\n<meta name=\"twitter:card\" content=\"summary_large_image\" \/>\n<meta name=\"twitter:label1\" content=\"Temps estimat de lectura\" \/>\n\t<meta name=\"twitter:data1\" content=\"3 minuts\" \/>\n<script type=\"application\/ld+json\" class=\"yoast-schema-graph\">{\"@context\":\"https:\\\/\\\/schema.org\",\"@graph\":[{\"@type\":\"WebPage\",\"@id\":\"https:\\\/\\\/campinglesgalets.fr\\\/ca\\\/personnes-a-mobilite-reduite\\\/\",\"url\":\"https:\\\/\\\/campinglesgalets.fr\\\/ca\\\/personnes-a-mobilite-reduite\\\/\",\"name\":\"Acampar PMR Argeles sur Mer | Acampar Argel\u00e8s adecuado para personas con discapacidad\",\"isPartOf\":{\"@id\":\"https:\\\/\\\/campinglesgalets.fr\\\/ca\\\/#website\"},\"primaryImageOfPage\":{\"@id\":\"https:\\\/\\\/campinglesgalets.fr\\\/ca\\\/personnes-a-mobilite-reduite\\\/#primaryimage\"},\"image\":{\"@id\":\"https:\\\/\\\/campinglesgalets.fr\\\/ca\\\/personnes-a-mobilite-reduite\\\/#primaryimage\"},\"thumbnailUrl\":\"https:\\\/\\\/campinglesgalets.fr\\\/wp-content\\\/uploads\\\/2020\\\/01\\\/mobil-home-pmr.jpg\",\"datePublished\":\"2023-03-09T15:08:26+00:00\",\"dateModified\":\"2025-04-26T13:56:38+00:00\",\"description\":\"Au camping Les Galets 4 mobilhomes et 3 chalets disposent d'un acc\u00e8s handicap\u00e9s. De plus, toutes les infrastructures sont dot\u00e9es d'une rampe d'acc\u00e8s pour des vacances de r\u00eaves pour tous !\",\"breadcrumb\":{\"@id\":\"https:\\\/\\\/campinglesgalets.fr\\\/ca\\\/personnes-a-mobilite-reduite\\\/#breadcrumb\"},\"inLanguage\":\"ca\",\"potentialAction\":[{\"@type\":\"ReadAction\",\"target\":[\"https:\\\/\\\/campinglesgalets.fr\\\/ca\\\/personnes-a-mobilite-reduite\\\/\"]}]},{\"@type\":\"ImageObject\",\"inLanguage\":\"ca\",\"@id\":\"https:\\\/\\\/campinglesgalets.fr\\\/ca\\\/personnes-a-mobilite-reduite\\\/#primaryimage\",\"url\":\"https:\\\/\\\/campinglesgalets.fr\\\/wp-content\\\/uploads\\\/2020\\\/01\\\/mobil-home-pmr.jpg\",\"contentUrl\":\"https:\\\/\\\/campinglesgalets.fr\\\/wp-content\\\/uploads\\\/2020\\\/01\\\/mobil-home-pmr.jpg\",\"width\":620,\"height\":450},{\"@type\":\"BreadcrumbList\",\"@id\":\"https:\\\/\\\/campinglesgalets.fr\\\/ca\\\/personnes-a-mobilite-reduite\\\/#breadcrumb\",\"itemListElement\":[{\"@type\":\"ListItem\",\"position\":1,\"name\":\"Camping \u00e0 Argel\u00e8s-sur-Mer\",\"item\":\"https:\\\/\\\/campinglesgalets.fr\\\/ca\\\/\"},{\"@type\":\"ListItem\",\"position\":2,\"name\":\"Persones amb mobilitat redu\u00efda\"}]},{\"@type\":\"WebSite\",\"@id\":\"https:\\\/\\\/campinglesgalets.fr\\\/ca\\\/#website\",\"url\":\"https:\\\/\\\/campinglesgalets.fr\\\/ca\\\/\",\"name\":\"Camping les galets\",\"description\":\"Camping Argel\u00e8s-sur-Mer\",\"publisher\":{\"@id\":\"https:\\\/\\\/campinglesgalets.fr\\\/ca\\\/#organization\"},\"potentialAction\":[{\"@type\":\"SearchAction\",\"target\":{\"@type\":\"EntryPoint\",\"urlTemplate\":\"https:\\\/\\\/campinglesgalets.fr\\\/ca\\\/?s={search_term_string}\"},\"query-input\":{\"@type\":\"PropertyValueSpecification\",\"valueRequired\":true,\"valueName\":\"search_term_string\"}}],\"inLanguage\":\"ca\"},{\"@type\":\"Organization\",\"@id\":\"https:\\\/\\\/campinglesgalets.fr\\\/ca\\\/#organization\",\"name\":\"Camping les Galets\",\"url\":\"https:\\\/\\\/campinglesgalets.fr\\\/ca\\\/\",\"logo\":{\"@type\":\"ImageObject\",\"inLanguage\":\"ca\",\"@id\":\"https:\\\/\\\/campinglesgalets.fr\\\/ca\\\/#\\\/schema\\\/logo\\\/image\\\/\",\"url\":\"https:\\\/\\\/campinglesgalets.fr\\\/wp-content\\\/uploads\\\/2025\\\/10\\\/Logo_Footer.svg\",\"contentUrl\":\"https:\\\/\\\/campinglesgalets.fr\\\/wp-content\\\/uploads\\\/2025\\\/10\\\/Logo_Footer.svg\",\"width\":267,\"height\":175,\"caption\":\"Camping les Galets\"},\"image\":{\"@id\":\"https:\\\/\\\/campinglesgalets.fr\\\/ca\\\/#\\\/schema\\\/logo\\\/image\\\/\"}}]}<\/script>\n<!-- \/ Yoast SEO plugin. -->","yoast_head_json":{"title":"Acampar PMR Argeles sur Mer | Acampar Argel\u00e8s adecuado para personas con discapacidad","description":"Au camping Les Galets 4 mobilhomes et 3 chalets disposent d'un acc\u00e8s handicap\u00e9s. De plus, toutes les infrastructures sont dot\u00e9es d'une rampe d'acc\u00e8s pour des vacances de r\u00eaves pour tous !","robots":{"index":"index","follow":"follow","max-snippet":"max-snippet:-1","max-image-preview":"max-image-preview:large","max-video-preview":"max-video-preview:-1"},"canonical":"https:\/\/campinglesgalets.fr\/ca\/personnes-a-mobilite-reduite\/","og_locale":"ca_ES","og_type":"article","og_title":"Acampar PMR Argeles sur Mer | Acampar Argel\u00e8s adecuado para personas con discapacidad","og_description":"Au camping Les Galets 4 mobilhomes et 3 chalets disposent d'un acc\u00e8s handicap\u00e9s. De plus, toutes les infrastructures sont dot\u00e9es d'une rampe d'acc\u00e8s pour des vacances de r\u00eaves pour tous !","og_url":"https:\/\/campinglesgalets.fr\/ca\/personnes-a-mobilite-reduite\/","og_site_name":"Camping les galets","article_modified_time":"2025-04-26T13:56:38+00:00","og_image":[{"width":620,"height":450,"url":"https:\/\/campinglesgalets.fr\/wp-content\/uploads\/2020\/01\/mobil-home-pmr.jpg","type":"image\/jpeg"}],"twitter_card":"summary_large_image","twitter_misc":{"Temps estimat de lectura":"3 minuts"},"schema":{"@context":"https:\/\/schema.org","@graph":[{"@type":"WebPage","@id":"https:\/\/campinglesgalets.fr\/ca\/personnes-a-mobilite-reduite\/","url":"https:\/\/campinglesgalets.fr\/ca\/personnes-a-mobilite-reduite\/","name":"Acampar PMR Argeles sur Mer | Acampar Argel\u00e8s adecuado para personas con discapacidad","isPartOf":{"@id":"https:\/\/campinglesgalets.fr\/ca\/#website"},"primaryImageOfPage":{"@id":"https:\/\/campinglesgalets.fr\/ca\/personnes-a-mobilite-reduite\/#primaryimage"},"image":{"@id":"https:\/\/campinglesgalets.fr\/ca\/personnes-a-mobilite-reduite\/#primaryimage"},"thumbnailUrl":"https:\/\/campinglesgalets.fr\/wp-content\/uploads\/2020\/01\/mobil-home-pmr.jpg","datePublished":"2023-03-09T15:08:26+00:00","dateModified":"2025-04-26T13:56:38+00:00","description":"Au camping Les Galets 4 mobilhomes et 3 chalets disposent d'un acc\u00e8s handicap\u00e9s. De plus, toutes les infrastructures sont dot\u00e9es d'une rampe d'acc\u00e8s pour des vacances de r\u00eaves pour tous !","breadcrumb":{"@id":"https:\/\/campinglesgalets.fr\/ca\/personnes-a-mobilite-reduite\/#breadcrumb"},"inLanguage":"ca","potentialAction":[{"@type":"ReadAction","target":["https:\/\/campinglesgalets.fr\/ca\/personnes-a-mobilite-reduite\/"]}]},{"@type":"ImageObject","inLanguage":"ca","@id":"https:\/\/campinglesgalets.fr\/ca\/personnes-a-mobilite-reduite\/#primaryimage","url":"https:\/\/campinglesgalets.fr\/wp-content\/uploads\/2020\/01\/mobil-home-pmr.jpg","contentUrl":"https:\/\/campinglesgalets.fr\/wp-content\/uploads\/2020\/01\/mobil-home-pmr.jpg","width":620,"height":450},{"@type":"BreadcrumbList","@id":"https:\/\/campinglesgalets.fr\/ca\/personnes-a-mobilite-reduite\/#breadcrumb","itemListElement":[{"@type":"ListItem","position":1,"name":"Camping \u00e0 Argel\u00e8s-sur-Mer","item":"https:\/\/campinglesgalets.fr\/ca\/"},{"@type":"ListItem","position":2,"name":"Persones amb mobilitat redu\u00efda"}]},{"@type":"WebSite","@id":"https:\/\/campinglesgalets.fr\/ca\/#website","url":"https:\/\/campinglesgalets.fr\/ca\/","name":"Camping les galets","description":"Camping Argel\u00e8s-sur-Mer","publisher":{"@id":"https:\/\/campinglesgalets.fr\/ca\/#organization"},"potentialAction":[{"@type":"SearchAction","target":{"@type":"EntryPoint","urlTemplate":"https:\/\/campinglesgalets.fr\/ca\/?s={search_term_string}"},"query-input":{"@type":"PropertyValueSpecification","valueRequired":true,"valueName":"search_term_string"}}],"inLanguage":"ca"},{"@type":"Organization","@id":"https:\/\/campinglesgalets.fr\/ca\/#organization","name":"Camping les Galets","url":"https:\/\/campinglesgalets.fr\/ca\/","logo":{"@type":"ImageObject","inLanguage":"ca","@id":"https:\/\/campinglesgalets.fr\/ca\/#\/schema\/logo\/image\/","url":"https:\/\/campinglesgalets.fr\/wp-content\/uploads\/2025\/10\/Logo_Footer.svg","contentUrl":"https:\/\/campinglesgalets.fr\/wp-content\/uploads\/2025\/10\/Logo_Footer.svg","width":267,"height":175,"caption":"Camping les Galets"},"image":{"@id":"https:\/\/campinglesgalets.fr\/ca\/#\/schema\/logo\/image\/"}}]}},"_links":{"self":[{"href":"https:\/\/campinglesgalets.fr\/ca\/wp-json\/wp\/v2\/pages\/25732","targetHints":{"allow":["GET"]}}],"collection":[{"href":"https:\/\/campinglesgalets.fr\/ca\/wp-json\/wp\/v2\/pages"}],"about":[{"href":"https:\/\/campinglesgalets.fr\/ca\/wp-json\/wp\/v2\/types\/page"}],"author":[{"embeddable":true,"href":"https:\/\/campinglesgalets.fr\/ca\/wp-json\/wp\/v2\/users\/1"}],"replies":[{"embeddable":true,"href":"https:\/\/campinglesgalets.fr\/ca\/wp-json\/wp\/v2\/comments?post=25732"}],"version-history":[{"count":0,"href":"https:\/\/campinglesgalets.fr\/ca\/wp-json\/wp\/v2\/pages\/25732\/revisions"}],"wp:featuredmedia":[{"embeddable":true,"href":"https:\/\/campinglesgalets.fr\/ca\/wp-json\/wp\/v2\/media\/23649"}],"wp:attachment":[{"href":"https:\/\/campinglesgalets.fr\/ca\/wp-json\/wp\/v2\/media?parent=25732"}],"curies":[{"name":"wp","href":"https:\/\/api.w.org\/{rel}","templated":true}]}}