{"id":25674,"date":"2022-04-12T10:04:30","date_gmt":"2022-04-12T09:04:30","guid":{"rendered":"https:\/\/campinglesgalets.fr\/mentions-legales\/"},"modified":"2026-03-30T13:45:46","modified_gmt":"2026-03-30T12:45:46","slug":"mentions-legales","status":"publish","type":"page","link":"https:\/\/campinglesgalets.fr\/ca\/mentions-legales\/","title":{"rendered":"Mentions L\u00e9gales"},"content":{"rendered":"<p><em><strong>Bienvenue sur le Site Internet campinglesgalets.fr. Nous vous invitons \u00e0 prendre connaissance des mentions l\u00e9gales suivantes applicables pour toute consultation du Site Internet campinglesgalets.fr ci-apr\u00e8s d\u00e9nomm\u00e9 le \u00ab Site \u00bb, ind\u00e9pendamment du support utilis\u00e9 (ordinateur, tablettes, Smartphones).\u00a0<\/strong><\/em> <em><strong>Les mentions l\u00e9gales \u00e9tant en perp\u00e9tuelle \u00e9volution, nous vous invitons \u00e0 les consulter r\u00e9guli\u00e8rement. Ces conditions portent sur vos droits et responsabilit\u00e9s l\u00e9gales applicables d\u00e8s lors que vous consultez ou utilisez ce Site.\u00a0<\/strong><\/em><\/p>\n<h2>Informations Editeur<\/h2>\n<p>En vertu de l\u2019Article 6 sur la Loi Num\u00e9ro 2004-575 du 21 juin 2004 sur la Confiance en l\u2019Economie Num\u00e9rique, il est pr\u00e9cis\u00e9 aux Utilisateurs du Site, l\u2019identit\u00e9 des diff\u00e9rents intervenants dans le cadre de sa r\u00e9alisation et de son suivi :<\/p>\n<h3>Propri\u00e9taire du Site<\/h3>\n<p>Soci\u00e9t\u00e9 BEY ET SES ENFANTS, Soci\u00e9t\u00e9 par Actions Simplifi\u00e9es ayant son si\u00e8ge social au Camping les Galets, route de Taxo \u00e0 la mer, 66701 Argeles sur Mer ; immatricul\u00e9e au Registre du Commerce et des Soci\u00e9t\u00e9s de Perpignan sous le num\u00e9ro 714 201 282 00023.<\/p>\n<p>T\u00e9l\u00e9phone\/Fax : 04.68.81.08.12 &#8211; 04.68.81.68.76<\/p>\n<h3>Directeur de Publication<\/h3>\n<p>Monsieur Manuel Bey<\/p>\n<p>Email : manu@campinglesgalets.fr<\/p>\n<h3>M\u00e9diateur en cas de litige<\/h3>\n<p>REGLEMENT AMIABLE DES LITIGES &#8211; MEDIATION DE LA CONSOMMATION<br \/>\nConform\u00e9ment aux dispositions des articles L 611-1 et R 612-1 et suivants du Code de la Consommation concernant le r\u00e8glement amiable des litiges:<br \/>\nLorsque le consommateur a adress\u00e9 une r\u00e9clamation \u00e9crite au professionnel et qu&#8217;il n&#8217;a pas obtenu satisfaction ou de r\u00e9ponse dans un d\u00e9lai de deux mois,<br \/>\nil peut soumettre gratuitement sa r\u00e9clamation au m\u00e9diateur de la consommation. Le m\u00e9diateur doit \u00eatre saisi dans le d\u00e9lai maximal d&#8217;un an \u00e0 compter de la r\u00e9clamation initiale.<br \/>\nLe m\u00e9diateur MCP MEDIATION peut \u00eatre saisi directement en ligne \u00e0 l&#8217;adresse suivante :\u00a0<a href=\"http:\/\/www.mcpmediation.org\/\" target=\"_blank\" rel=\"noopener\" data-saferedirecturl=\"https:\/\/www.google.com\/url?q=http:\/\/www.mcpmediation.org&amp;source=gmail&amp;ust=1774961032720000&amp;usg=AOvVaw2JvnIv65y-DDagJyi0woWw\">www.mcpmediation.org<\/a>\u00a0ou par courrier<br \/>\nM\u00c9DIATION DE LA CONSOMMATION et PATRIMOINE &#8211; 12 Square Desnouettes &#8211; 75015 PARIS<\/p>\n<h3>Concepteur MultiMedia et H\u00e9bergement<\/h3>\n<p>S.A.R.L ATTRAPTEMPS &#8211; 70 avenue Alfred Kastler 66100 Perpignan.<\/p>\n<p>Email : info@attraptemps.fr<\/p>\n<p>T\u00e9l\u00e9phone\/Fax : 04 68 55 11 31 &#8211; 04 68 55 24 51<\/p>\n<h3>Cr\u00e9dits Photos<\/h3>\n<p>Thierry Vernenot ; Shutterstock<\/p>\n<h2>Propri\u00e9t\u00e9 Intellectuelle<\/h2>\n<p>Le contenu du Site fait l\u2019objet de droits d\u2019auteur. Toute utilisation, reproduction, exploitation, reprise, traduction, de toutes informations ou \u00e9l\u00e9ments du Site est soumise \u00e0 l\u2019autorisation expresse et \u00e9crite du Propri\u00e9taire du Site et\/ou de l\u2019Auteur de la cr\u00e9ation, mis \u00e0 part le droit \u00e0 la copie priv\u00e9e et non commerciale telle que reconnue par la Loi. Le manquement \u00e0 cette obligation est un acte de contrefa\u00e7on sanctionn\u00e9 par les Articles L.335-2 et suivants du Code de la Propri\u00e9t\u00e9 Intellectuelle.<\/p>\n<h2>Responsabilit\u00e9s et Garanties<\/h2>\n<p>Nous nous effor\u00e7ons de v\u00e9rifier la v\u00e9racit\u00e9 et la pr\u00e9cision des informations fournies et contenus sur le Site. Toutefois, le Site ne pourra \u00eatre tenu pour responsable des omissions, des inexactitudes ou d\u00e9fauts de mises \u00e0 jour, qu\u2019elles soient de son fait ou du fait d\u2019un tiers. Il ne peut \u00eatre garanti un acc\u00e8s permanent et ininterrompu au Site. Celui-ci ne pourra \u00eatre tenu pour responsable en cas de retards, difficult\u00e9s d\u2019accessibilit\u00e9s ou incompatibilit\u00e9s entre le pr\u00e9sent Site et le mat\u00e9riel des Utilisateurs. Nous nous r\u00e9servons le droit de modifier le Site, suspendre son acc\u00e8s \u00e0 tout moment et sans pr\u00e9avis.<\/p>\n<h2>Liens Hypertextes<\/h2>\n<p>Est ins\u00e9r\u00e9 au sein des pages du Site, des liens hypertextes permettant d\u2019acc\u00e9der \u00e0 d\u2019autres sites internet. Le Site ne peut \u00eatre tenu pour responsable du contenu ou de l\u2019accessibilit\u00e9 des sites tiers pouvant \u00eatre accessibles via ces liens hypertextes. En outre, un lien hypertexte pointant vers le Site ne pourra \u00eatre install\u00e9 sur un site internet tiers qu\u2019avec l\u2019autorisation expresse et \u00e9crite du Propri\u00e9taire du Site.<\/p>\n<h2>Donn\u00e9es personnelles<\/h2>\n<p>Le Site collecte des donn\u00e9es personnelles relatives aux Utilisateurs. Celles-ci seront utilis\u00e9es dans le seul but d\u2019am\u00e9liorer et de faciliter les besoins des services propos\u00e9s sur le Site. En conformit\u00e9 avec les dispositions de la loi du 6 janvier 1978 modifi\u00e9e relative \u00e0 l&#8217;informatique, aux fichiers et aux libert\u00e9s, le traitement automatis\u00e9 des donn\u00e9es nominatives r\u00e9alis\u00e9es \u00e0 partir du Site a fait l&#8217;objet d&#8217;une d\u00e9claration aupr\u00e8s de la Commission nationale de l&#8217;informatique et des libert\u00e9s (CNIL) sous le num\u00e9ro 1747613 v 0. En outre, conform\u00e9ment \u00e0 la Loi du 6 janvier 1978 modifi\u00e9e relative \u00e0 l\u2019informatique, aux fichiers et aux libert\u00e9s, tout Utilisateur dispose d\u2019un droit d\u2019acc\u00e8s, de rectification et d\u2019opposition aux donn\u00e9es personnelles le concernant en effectuant une demande \u00e9crite aupr\u00e8s du Site \u00e0 l\u2019adresse suivante : Camping les Galets, route de Taxo \u00e0 la mer, 66700 Argeles sur Mer.<\/p>\n<h2>Cookies<\/h2>\n<p>Lors de l\u2019utilisation du Site et selon les choix que vous avez exprim\u00e9s, des fichiers dits \u00ab cookies \u00bb peuvent \u00eatre install\u00e9s sur votre terminal (ordinateur, tablette, etc.) et des informations relatives \u00e0 la navigation de votre terminal sont susceptibles d&#8217;\u00eatre enregistr\u00e9es dans ces cookies. Un cookie est un \u00e9l\u00e9ment qui ne permet pas d&#8217;identifier l&#8217;Utilisateur mais sert \u00e0 enregistrer des informations relatives \u00e0 la navigation de celui-ci sur le site Internet. Le param\u00e9trage de votre logiciel de navigation permet d&#8217;informer de la pr\u00e9sence de cookies et \u00e9ventuellement de la refuser selon la proc\u00e9dure d\u00e9crite \u00e0 l&#8217;adresse suivante : www.cnil.fr. Le Site utilise Google Analytics, un service d&#8217;analyse de site Internet fourni par Google Inc. (\u00ab Google \u00bb). Google Analytics utilise des cookies, qui sont des fichiers textes plac\u00e9s sur votre ordinateur, pour aider le site internet \u00e0 analyser l&#8217;utilisation du Site par ses utilisateurs. Les donn\u00e9es g\u00e9n\u00e9r\u00e9es par les cookies concernant votre utilisation du Site (y compris votre adresse IP) seront transmises et stock\u00e9es par Google sur des serveurs situ\u00e9s aux Etats-Unis. Google utilisera cette information dans le but d&#8217;\u00e9valuer votre utilisation du Site, de compiler des rapports sur l&#8217;activit\u00e9 du Site \u00e0 destination de son \u00e9diteur et de fournir d&#8217;autres services relatifs \u00e0 l&#8217;activit\u00e9 du Site et \u00e0 l&#8217;utilisation d&#8217;Internet. Google est susceptible de communiquer ces donn\u00e9es \u00e0 des tiers en cas d&#8217;obligation l\u00e9gale ou lorsque ces tiers traitent ces donn\u00e9es pour le compte de Google, y compris notamment l&#8217;\u00e9diteur de ce Site. Google ne recoupera pas votre adresse IP avec toute autre donn\u00e9e d\u00e9tenue par Google. Vous pouvez d\u00e9sactiver l&#8217;utilisation de cookies en s\u00e9lectionnant les param\u00e8tres appropri\u00e9s de votre navigateur. Cependant, une telle d\u00e9sactivation pourrait emp\u00eacher l&#8217;utilisation de certaines fonctionnalit\u00e9s de ce site. En utilisant le Site, vous consentez express\u00e9ment au traitement de vos donn\u00e9es nominatives par Google dans les conditions et pour les finalit\u00e9s d\u00e9crites ci-dessus. En outre est inclus sur le Site, des applications de r\u00e9seaux sociaux, qui vous permettent de partager des contenus du Site avec d&#8217;autres personnes ou de faire conna\u00eetre \u00e0 ces autres personnes votre consultation ou votre opinion concernant un contenu du Site. Tel est notamment le cas des boutons &#8220;Partager&#8221;, &#8220;J&#8217;aime&#8221;, issus de r\u00e9seaux sociaux tels que &#8220;Facebook&#8221;, &#8220;Twitter&#8221;, Google, Linked In&#8230; Le r\u00e9seau social fournissant un tel bouton applicatif est susceptible de vous identifier gr\u00e2ce \u00e0 ce bouton, m\u00eame si vous n&#8217;avez pas utilis\u00e9 ce bouton lors de votre consultation du Site. Nous vous invitons \u00e0 consulter les politiques de protection de la vie priv\u00e9e de ces r\u00e9seaux sociaux afin de prendre connaissance des finalit\u00e9s d&#8217;utilisation, notamment publicitaires, des informations de navigation qu&#8217;ils peuvent recueillir gr\u00e2ce \u00e0 ces boutons applicatifs. Ces politiques de protection doivent notamment vous permettre d&#8217;exercer vos choix aupr\u00e8s de ces r\u00e9seaux sociaux, notamment en param\u00e9trant vos comptes d&#8217;utilisation de chacun de ces r\u00e9seaux.<\/p>\n<h2>Newsletters<\/h2>\n<p>Le Site propose aux Utilisateurs de s\u2019abonner aux fins de recevoir des Newsletters. Celles-ci contiennent des informations sur les prestations d\u00e9livr\u00e9es par le Site et non qu\u2019un caract\u00e8re purement informatif. L\u2019Utilisateur peut \u00e0 tout moment se d\u00e9sabonner en suivant le lien destin\u00e9 \u00e0 cet effet.<\/p>\n","protected":false},"excerpt":{"rendered":"<p>Bienvenue sur le Site Internet campinglesgalets.fr. Nous vous invitons \u00e0 prendre connaissance des mentions l\u00e9gales suivantes applicables pour toute consultation du Site Internet campinglesgalets.fr ci-apr\u00e8s d\u00e9nomm\u00e9 le \u00ab Site \u00bb, ind\u00e9pendamment du support utilis\u00e9 (ordinateur, tablettes, Smartphones).\u00a0 Les mentions l\u00e9gales \u00e9tant en perp\u00e9tuelle \u00e9volution, nous vous invitons \u00e0 les consulter r\u00e9guli\u00e8rement. Ces conditions portent sur [&hellip;]<\/p>\n","protected":false},"author":1,"featured_media":24739,"parent":0,"menu_order":0,"comment_status":"closed","ping_status":"closed","template":"","meta":{"_acf_changed":false,"_et_pb_use_builder":"","_et_pb_old_content":"","_et_gb_content_width":"","footnotes":""},"class_list":["post-25674","page","type-page","status-publish","has-post-thumbnail","hentry"],"acf":[],"yoast_head":"<!-- This site is optimized with the Yoast SEO plugin v27.3 - https:\/\/yoast.com\/product\/yoast-seo-wordpress\/ -->\n<title>Camping Les Galets : mentions l\u00e9gales<\/title>\n<meta name=\"description\" content=\"Bienvenue sur le Site Internet campinglesgalets.fr. Nous vous invitons \u00e0 prendre connaissance des mentions l\u00e9gales suivantes applicables pour toute consultation\" \/>\n<meta name=\"robots\" content=\"index, follow, max-snippet:-1, max-image-preview:large, max-video-preview:-1\" \/>\n<link rel=\"canonical\" href=\"https:\/\/campinglesgalets.fr\/ca\/mentions-legales\/\" \/>\n<meta property=\"og:locale\" content=\"ca_ES\" \/>\n<meta property=\"og:type\" content=\"article\" \/>\n<meta property=\"og:title\" content=\"Camping Les Galets : mentions l\u00e9gales\" \/>\n<meta property=\"og:description\" content=\"Bienvenue sur le Site Internet campinglesgalets.fr. Nous vous invitons \u00e0 prendre connaissance des mentions l\u00e9gales suivantes applicables pour toute consultation\" \/>\n<meta property=\"og:url\" content=\"https:\/\/campinglesgalets.fr\/ca\/mentions-legales\/\" \/>\n<meta property=\"og:site_name\" content=\"Camping les galets\" \/>\n<meta property=\"article:modified_time\" content=\"2026-03-30T12:45:46+00:00\" \/>\n<meta property=\"og:image\" content=\"https:\/\/campinglesgalets.fr\/wp-content\/uploads\/2023\/03\/camping-st-cyprien-plage-avec-piscine.jpg\" \/>\n\t<meta property=\"og:image:width\" content=\"800\" \/>\n\t<meta property=\"og:image:height\" content=\"500\" \/>\n\t<meta property=\"og:image:type\" content=\"image\/jpeg\" \/>\n<meta name=\"twitter:card\" content=\"summary_large_image\" \/>\n<meta name=\"twitter:label1\" content=\"Temps estimat de lectura\" \/>\n\t<meta name=\"twitter:data1\" content=\"7 minuts\" \/>\n<script type=\"application\/ld+json\" class=\"yoast-schema-graph\">{\"@context\":\"https:\\\/\\\/schema.org\",\"@graph\":[{\"@type\":\"WebPage\",\"@id\":\"https:\\\/\\\/campinglesgalets.fr\\\/ca\\\/mentions-legales\\\/\",\"url\":\"https:\\\/\\\/campinglesgalets.fr\\\/ca\\\/mentions-legales\\\/\",\"name\":\"Camping Les Galets : mentions l\u00e9gales\",\"isPartOf\":{\"@id\":\"https:\\\/\\\/campinglesgalets.fr\\\/ca\\\/#website\"},\"primaryImageOfPage\":{\"@id\":\"https:\\\/\\\/campinglesgalets.fr\\\/ca\\\/mentions-legales\\\/#primaryimage\"},\"image\":{\"@id\":\"https:\\\/\\\/campinglesgalets.fr\\\/ca\\\/mentions-legales\\\/#primaryimage\"},\"thumbnailUrl\":\"https:\\\/\\\/campinglesgalets.fr\\\/wp-content\\\/uploads\\\/2023\\\/03\\\/camping-st-cyprien-plage-avec-piscine.jpg\",\"datePublished\":\"2022-04-12T09:04:30+00:00\",\"dateModified\":\"2026-03-30T12:45:46+00:00\",\"description\":\"Bienvenue sur le Site Internet campinglesgalets.fr. Nous vous invitons \u00e0 prendre connaissance des mentions l\u00e9gales suivantes applicables pour toute consultation\",\"breadcrumb\":{\"@id\":\"https:\\\/\\\/campinglesgalets.fr\\\/ca\\\/mentions-legales\\\/#breadcrumb\"},\"inLanguage\":\"ca\",\"potentialAction\":[{\"@type\":\"ReadAction\",\"target\":[\"https:\\\/\\\/campinglesgalets.fr\\\/ca\\\/mentions-legales\\\/\"]}]},{\"@type\":\"ImageObject\",\"inLanguage\":\"ca\",\"@id\":\"https:\\\/\\\/campinglesgalets.fr\\\/ca\\\/mentions-legales\\\/#primaryimage\",\"url\":\"https:\\\/\\\/campinglesgalets.fr\\\/wp-content\\\/uploads\\\/2023\\\/03\\\/camping-st-cyprien-plage-avec-piscine.jpg\",\"contentUrl\":\"https:\\\/\\\/campinglesgalets.fr\\\/wp-content\\\/uploads\\\/2023\\\/03\\\/camping-st-cyprien-plage-avec-piscine.jpg\",\"width\":800,\"height\":500,\"caption\":\"Un parc aquatique complet parck Camping Arg\u00e8le\"},{\"@type\":\"BreadcrumbList\",\"@id\":\"https:\\\/\\\/campinglesgalets.fr\\\/ca\\\/mentions-legales\\\/#breadcrumb\",\"itemListElement\":[{\"@type\":\"ListItem\",\"position\":1,\"name\":\"Camping \u00e0 Argel\u00e8s-sur-Mer\",\"item\":\"https:\\\/\\\/campinglesgalets.fr\\\/ca\\\/\"},{\"@type\":\"ListItem\",\"position\":2,\"name\":\"Mentions L\u00e9gales\"}]},{\"@type\":\"WebSite\",\"@id\":\"https:\\\/\\\/campinglesgalets.fr\\\/ca\\\/#website\",\"url\":\"https:\\\/\\\/campinglesgalets.fr\\\/ca\\\/\",\"name\":\"Camping les galets\",\"description\":\"Camping Argel\u00e8s-sur-Mer\",\"publisher\":{\"@id\":\"https:\\\/\\\/campinglesgalets.fr\\\/ca\\\/#organization\"},\"potentialAction\":[{\"@type\":\"SearchAction\",\"target\":{\"@type\":\"EntryPoint\",\"urlTemplate\":\"https:\\\/\\\/campinglesgalets.fr\\\/ca\\\/?s={search_term_string}\"},\"query-input\":{\"@type\":\"PropertyValueSpecification\",\"valueRequired\":true,\"valueName\":\"search_term_string\"}}],\"inLanguage\":\"ca\"},{\"@type\":\"Organization\",\"@id\":\"https:\\\/\\\/campinglesgalets.fr\\\/ca\\\/#organization\",\"name\":\"Camping les Galets\",\"url\":\"https:\\\/\\\/campinglesgalets.fr\\\/ca\\\/\",\"logo\":{\"@type\":\"ImageObject\",\"inLanguage\":\"ca\",\"@id\":\"https:\\\/\\\/campinglesgalets.fr\\\/ca\\\/#\\\/schema\\\/logo\\\/image\\\/\",\"url\":\"https:\\\/\\\/campinglesgalets.fr\\\/wp-content\\\/uploads\\\/2025\\\/10\\\/Logo_Footer.svg\",\"contentUrl\":\"https:\\\/\\\/campinglesgalets.fr\\\/wp-content\\\/uploads\\\/2025\\\/10\\\/Logo_Footer.svg\",\"width\":267,\"height\":175,\"caption\":\"Camping les Galets\"},\"image\":{\"@id\":\"https:\\\/\\\/campinglesgalets.fr\\\/ca\\\/#\\\/schema\\\/logo\\\/image\\\/\"}}]}<\/script>\n<!-- \/ Yoast SEO plugin. -->","yoast_head_json":{"title":"Camping Les Galets : mentions l\u00e9gales","description":"Bienvenue sur le Site Internet campinglesgalets.fr. Nous vous invitons \u00e0 prendre connaissance des mentions l\u00e9gales suivantes applicables pour toute consultation","robots":{"index":"index","follow":"follow","max-snippet":"max-snippet:-1","max-image-preview":"max-image-preview:large","max-video-preview":"max-video-preview:-1"},"canonical":"https:\/\/campinglesgalets.fr\/ca\/mentions-legales\/","og_locale":"ca_ES","og_type":"article","og_title":"Camping Les Galets : mentions l\u00e9gales","og_description":"Bienvenue sur le Site Internet campinglesgalets.fr. Nous vous invitons \u00e0 prendre connaissance des mentions l\u00e9gales suivantes applicables pour toute consultation","og_url":"https:\/\/campinglesgalets.fr\/ca\/mentions-legales\/","og_site_name":"Camping les galets","article_modified_time":"2026-03-30T12:45:46+00:00","og_image":[{"width":800,"height":500,"url":"https:\/\/campinglesgalets.fr\/wp-content\/uploads\/2023\/03\/camping-st-cyprien-plage-avec-piscine.jpg","type":"image\/jpeg"}],"twitter_card":"summary_large_image","twitter_misc":{"Temps estimat de lectura":"7 minuts"},"schema":{"@context":"https:\/\/schema.org","@graph":[{"@type":"WebPage","@id":"https:\/\/campinglesgalets.fr\/ca\/mentions-legales\/","url":"https:\/\/campinglesgalets.fr\/ca\/mentions-legales\/","name":"Camping Les Galets : mentions l\u00e9gales","isPartOf":{"@id":"https:\/\/campinglesgalets.fr\/ca\/#website"},"primaryImageOfPage":{"@id":"https:\/\/campinglesgalets.fr\/ca\/mentions-legales\/#primaryimage"},"image":{"@id":"https:\/\/campinglesgalets.fr\/ca\/mentions-legales\/#primaryimage"},"thumbnailUrl":"https:\/\/campinglesgalets.fr\/wp-content\/uploads\/2023\/03\/camping-st-cyprien-plage-avec-piscine.jpg","datePublished":"2022-04-12T09:04:30+00:00","dateModified":"2026-03-30T12:45:46+00:00","description":"Bienvenue sur le Site Internet campinglesgalets.fr. Nous vous invitons \u00e0 prendre connaissance des mentions l\u00e9gales suivantes applicables pour toute consultation","breadcrumb":{"@id":"https:\/\/campinglesgalets.fr\/ca\/mentions-legales\/#breadcrumb"},"inLanguage":"ca","potentialAction":[{"@type":"ReadAction","target":["https:\/\/campinglesgalets.fr\/ca\/mentions-legales\/"]}]},{"@type":"ImageObject","inLanguage":"ca","@id":"https:\/\/campinglesgalets.fr\/ca\/mentions-legales\/#primaryimage","url":"https:\/\/campinglesgalets.fr\/wp-content\/uploads\/2023\/03\/camping-st-cyprien-plage-avec-piscine.jpg","contentUrl":"https:\/\/campinglesgalets.fr\/wp-content\/uploads\/2023\/03\/camping-st-cyprien-plage-avec-piscine.jpg","width":800,"height":500,"caption":"Un parc aquatique complet parck Camping Arg\u00e8le"},{"@type":"BreadcrumbList","@id":"https:\/\/campinglesgalets.fr\/ca\/mentions-legales\/#breadcrumb","itemListElement":[{"@type":"ListItem","position":1,"name":"Camping \u00e0 Argel\u00e8s-sur-Mer","item":"https:\/\/campinglesgalets.fr\/ca\/"},{"@type":"ListItem","position":2,"name":"Mentions L\u00e9gales"}]},{"@type":"WebSite","@id":"https:\/\/campinglesgalets.fr\/ca\/#website","url":"https:\/\/campinglesgalets.fr\/ca\/","name":"Camping les galets","description":"Camping Argel\u00e8s-sur-Mer","publisher":{"@id":"https:\/\/campinglesgalets.fr\/ca\/#organization"},"potentialAction":[{"@type":"SearchAction","target":{"@type":"EntryPoint","urlTemplate":"https:\/\/campinglesgalets.fr\/ca\/?s={search_term_string}"},"query-input":{"@type":"PropertyValueSpecification","valueRequired":true,"valueName":"search_term_string"}}],"inLanguage":"ca"},{"@type":"Organization","@id":"https:\/\/campinglesgalets.fr\/ca\/#organization","name":"Camping les Galets","url":"https:\/\/campinglesgalets.fr\/ca\/","logo":{"@type":"ImageObject","inLanguage":"ca","@id":"https:\/\/campinglesgalets.fr\/ca\/#\/schema\/logo\/image\/","url":"https:\/\/campinglesgalets.fr\/wp-content\/uploads\/2025\/10\/Logo_Footer.svg","contentUrl":"https:\/\/campinglesgalets.fr\/wp-content\/uploads\/2025\/10\/Logo_Footer.svg","width":267,"height":175,"caption":"Camping les Galets"},"image":{"@id":"https:\/\/campinglesgalets.fr\/ca\/#\/schema\/logo\/image\/"}}]}},"_links":{"self":[{"href":"https:\/\/campinglesgalets.fr\/ca\/wp-json\/wp\/v2\/pages\/25674","targetHints":{"allow":["GET"]}}],"collection":[{"href":"https:\/\/campinglesgalets.fr\/ca\/wp-json\/wp\/v2\/pages"}],"about":[{"href":"https:\/\/campinglesgalets.fr\/ca\/wp-json\/wp\/v2\/types\/page"}],"author":[{"embeddable":true,"href":"https:\/\/campinglesgalets.fr\/ca\/wp-json\/wp\/v2\/users\/1"}],"replies":[{"embeddable":true,"href":"https:\/\/campinglesgalets.fr\/ca\/wp-json\/wp\/v2\/comments?post=25674"}],"version-history":[{"count":1,"href":"https:\/\/campinglesgalets.fr\/ca\/wp-json\/wp\/v2\/pages\/25674\/revisions"}],"predecessor-version":[{"id":311791,"href":"https:\/\/campinglesgalets.fr\/ca\/wp-json\/wp\/v2\/pages\/25674\/revisions\/311791"}],"wp:featuredmedia":[{"embeddable":true,"href":"https:\/\/campinglesgalets.fr\/ca\/wp-json\/wp\/v2\/media\/24739"}],"wp:attachment":[{"href":"https:\/\/campinglesgalets.fr\/ca\/wp-json\/wp\/v2\/media?parent=25674"}],"curies":[{"name":"wp","href":"https:\/\/api.w.org\/{rel}","templated":true}]}}