{"id":25664,"date":"2023-03-07T17:15:08","date_gmt":"2023-03-07T16:15:08","guid":{"rendered":"https:\/\/campinglesgalets.fr\/nos-partenaires\/"},"modified":"2026-03-30T10:21:40","modified_gmt":"2026-03-30T09:21:40","slug":"els-nostres-col%c2%b7laboradors","status":"publish","type":"page","link":"https:\/\/campinglesgalets.fr\/ca\/els-nostres-col%c2%b7laboradors\/","title":{"rendered":"Els nostres col\u00b7laboradors"},"content":{"rendered":"<p>El <a href=\"\/ca\/\"><strong>c\u00e0mping Les Galets<\/strong><\/a> ha escollit els millors col\u00b7laboradors \u00a0&#8220;lleure&#8221; d&#8217;<strong>Argelers de la Marenda<\/strong> i dels <strong>Pirineus Orientals<\/strong>.<\/p>\n<p>Hem seleccionat pels vostres lleures aquestes empreses locals per la seva professionalitat. Podreu trobar-los durant l\u2019aperitiu de benvinguda del diumenge al vespre.<\/p>\n<p>Sortides pels petits (0-7anys) <strong>:<\/strong><a href=\"https:\/\/www.ferme-de-decouverte.fr\/\"><strong> https:\/\/www.ferme-de-decouverte.fr\/\u00a0<\/strong><\/a> excepcional!\u00a0 :\u00a0 els dimarts i dijous un tren-bus us transporta gratis del c\u00e0mping fins a la granja de la descoberta.<\/p>\n<p><em><strong>A Argelers de la Marenda, a menys de 5 km del c\u00e0mping o en el poble (molt a prop):<\/strong><\/em><\/p>\n<ul>\n<li>Passejades pel mar, pesca en mar, l\u00ednia mar\u00edtima per anar a Cotlliure, nits de castells de foc : <strong>Companyia \u00a0Visionaute\u00a0<\/strong><a href=\"http:\/\/compagnie-visionaute.com\/\"><strong> http:\/\/compagnie-visionaute.com<\/strong><\/a><\/li>\n<li>Club de Platja : <strong>Club\u00a0Emeraude (10% de reducci\u00f3) : a menys de 5 mn en bici:\u00a0lloguer de cataraman hobie 15,\u00a0de gandula, stand-up paddle, surf de vela, caiac&#8230; <\/strong><a href=\"https:\/\/clubemeraude.fr\/\"><strong>http:\/\/www.club-emeraude.net<\/strong><\/a><\/li>\n<li>Caiac de mar : <strong>Blue B\u00e9ar: Deixeu-vos guiar a la descoberta de la costa Vermella des del mar <a href=\"https:\/\/www.blue-bear.org\/\">https:\/\/www.blue-bear.org\/<\/a><\/strong><\/li>\n<li>Sortida VTT, lloguer de bici : <a href=\"https:\/\/www.blue-bear.org\/\">https:\/\/www.blue-bear.org\/<\/a><\/li>\n<li>Paddle en riu: <a href=\"https:\/\/riversidepaddle.com\/\">https:\/\/riversidepaddle.com\/<\/a><\/li>\n<li>Submarinisme : <strong>Archipel Plong\u00e9e<\/strong>, Port Arglers: <strong><a href=\"https:\/\/www.archipelplongee.com\/\">https:\/\/www.archipelplongee.com\/<\/a><\/strong><\/li>\n<li>Linia <strong>Trainbus per tot Argelers<\/strong> : <a href=\"http:\/\/www.trainbus.fr\/\"><strong>http:\/\/www.trainbus.fr<\/strong><\/a><\/li>\n<li><strong>Excurcions en autocar<\/strong>: Sortida directa del c\u00e0mping :<strong> Argel\u00e8s Tourisme Voyage<\/strong>: <a href=\"http:\/\/www.argeles-tourisme.com\/\"><strong>http:\/\/argeles-tourisme.com<\/strong><\/a><\/li>\n<li><strong>Aqualand : <\/strong>venda de bitllets a tarifa redu\u00efda a la recepci\u00f3 del c\u00e0mping <a href=\"http:\/\/www.aqualand.fr\/\"><strong>http:\/\/www.aqualand.fr<\/strong><\/a><\/li>\n<\/ul>\n<p><em><strong>A les portes del nostre departament, en \u00a0l&#8217;Aude descobriu a 90km<\/strong><\/em><\/p>\n<ul>\n<li>Reserva africana de Sigean :\u00a0 <a href=\"http:\/\/www.reserveafricainesigean.fr\/\"><strong>http:\/\/www.reserveafricainesigean.fr\/<\/strong><\/a><\/li>\n<li>Activitats en aigua viva\u00a0a Axat: l\u00ednia de bus en juliol i agost sortida des del c\u00e0mping : <a href=\"https:\/\/www.eauvivepassion.fr\/fr\/\">https:\/\/www.eauvivepassion.fr\/fr\/<\/a><\/li>\n<\/ul>\n","protected":false},"excerpt":{"rendered":"<p>El c\u00e0mping Les Galets ha escollit els millors col\u00b7laboradors \u00a0&#8220;lleure&#8221; d&#8217;Argelers de la Marenda i dels Pirineus Orientals. Hem seleccionat pels vostres lleures aquestes empreses locals per la seva professionalitat. Podreu trobar-los durant l\u2019aperitiu de benvinguda del diumenge al vespre. Sortides pels petits (0-7anys) : https:\/\/www.ferme-de-decouverte.fr\/\u00a0 excepcional!\u00a0 :\u00a0 els dimarts i dijous un tren-bus us [&hellip;]<\/p>\n","protected":false},"author":1,"featured_media":24704,"parent":0,"menu_order":0,"comment_status":"closed","ping_status":"closed","template":"","meta":{"_acf_changed":false,"_et_pb_use_builder":"","_et_pb_old_content":"","_et_gb_content_width":"","footnotes":""},"class_list":["post-25664","page","type-page","status-publish","has-post-thumbnail","hentry"],"acf":[],"yoast_head":"<!-- This site is optimized with the Yoast SEO plugin v27.3 - https:\/\/yoast.com\/product\/yoast-seo-wordpress\/ -->\n<title>Els nostres col\u00b7laboradors - Camping les galets<\/title>\n<meta name=\"description\" content=\"Descobreix els nostres col\u00b7laboradors i partners locals que enriqueixen l\u2019experi\u00e8ncia al c\u00e0mping Les Galets.\" \/>\n<meta name=\"robots\" content=\"index, follow, max-snippet:-1, max-image-preview:large, max-video-preview:-1\" \/>\n<link rel=\"canonical\" href=\"https:\/\/campinglesgalets.fr\/ca\/els-nostres-col%c2%b7laboradors\/\" \/>\n<meta property=\"og:locale\" content=\"ca_ES\" \/>\n<meta property=\"og:type\" content=\"article\" \/>\n<meta property=\"og:title\" content=\"Els nostres col\u00b7laboradors - Camping les galets\" \/>\n<meta property=\"og:description\" content=\"Descobreix els nostres col\u00b7laboradors i partners locals que enriqueixen l\u2019experi\u00e8ncia al c\u00e0mping Les Galets.\" \/>\n<meta property=\"og:url\" content=\"https:\/\/campinglesgalets.fr\/ca\/els-nostres-col%c2%b7laboradors\/\" \/>\n<meta property=\"og:site_name\" content=\"Camping les galets\" \/>\n<meta property=\"article:modified_time\" content=\"2026-03-30T09:21:40+00:00\" \/>\n<meta property=\"og:image\" content=\"https:\/\/campinglesgalets.fr\/wp-content\/uploads\/2023\/03\/paddle_mer_argeles_plage-2100x1934-1.jpg\" \/>\n\t<meta property=\"og:image:width\" content=\"2100\" \/>\n\t<meta property=\"og:image:height\" content=\"1934\" \/>\n\t<meta property=\"og:image:type\" content=\"image\/jpeg\" \/>\n<meta name=\"twitter:card\" content=\"summary_large_image\" \/>\n<meta name=\"twitter:label1\" content=\"Temps estimat de lectura\" \/>\n\t<meta name=\"twitter:data1\" content=\"2 minuts\" \/>\n<script type=\"application\/ld+json\" class=\"yoast-schema-graph\">{\"@context\":\"https:\\\/\\\/schema.org\",\"@graph\":[{\"@type\":\"WebPage\",\"@id\":\"https:\\\/\\\/campinglesgalets.fr\\\/ca\\\/els-nostres-col%c2%b7laboradors\\\/\",\"url\":\"https:\\\/\\\/campinglesgalets.fr\\\/ca\\\/els-nostres-col%c2%b7laboradors\\\/\",\"name\":\"Els nostres col\u00b7laboradors - Camping les galets\",\"isPartOf\":{\"@id\":\"https:\\\/\\\/campinglesgalets.fr\\\/ca\\\/#website\"},\"primaryImageOfPage\":{\"@id\":\"https:\\\/\\\/campinglesgalets.fr\\\/ca\\\/els-nostres-col%c2%b7laboradors\\\/#primaryimage\"},\"image\":{\"@id\":\"https:\\\/\\\/campinglesgalets.fr\\\/ca\\\/els-nostres-col%c2%b7laboradors\\\/#primaryimage\"},\"thumbnailUrl\":\"https:\\\/\\\/campinglesgalets.fr\\\/wp-content\\\/uploads\\\/2023\\\/03\\\/paddle_mer_argeles_plage-2100x1934-1.jpg\",\"datePublished\":\"2023-03-07T16:15:08+00:00\",\"dateModified\":\"2026-03-30T09:21:40+00:00\",\"description\":\"Descobreix els nostres col\u00b7laboradors i partners locals que enriqueixen l\u2019experi\u00e8ncia al c\u00e0mping Les Galets.\",\"breadcrumb\":{\"@id\":\"https:\\\/\\\/campinglesgalets.fr\\\/ca\\\/els-nostres-col%c2%b7laboradors\\\/#breadcrumb\"},\"inLanguage\":\"ca\",\"potentialAction\":[{\"@type\":\"ReadAction\",\"target\":[\"https:\\\/\\\/campinglesgalets.fr\\\/ca\\\/els-nostres-col%c2%b7laboradors\\\/\"]}]},{\"@type\":\"ImageObject\",\"inLanguage\":\"ca\",\"@id\":\"https:\\\/\\\/campinglesgalets.fr\\\/ca\\\/els-nostres-col%c2%b7laboradors\\\/#primaryimage\",\"url\":\"https:\\\/\\\/campinglesgalets.fr\\\/wp-content\\\/uploads\\\/2023\\\/03\\\/paddle_mer_argeles_plage-2100x1934-1.jpg\",\"contentUrl\":\"https:\\\/\\\/campinglesgalets.fr\\\/wp-content\\\/uploads\\\/2023\\\/03\\\/paddle_mer_argeles_plage-2100x1934-1.jpg\",\"width\":2100,\"height\":1934},{\"@type\":\"BreadcrumbList\",\"@id\":\"https:\\\/\\\/campinglesgalets.fr\\\/ca\\\/els-nostres-col%c2%b7laboradors\\\/#breadcrumb\",\"itemListElement\":[{\"@type\":\"ListItem\",\"position\":1,\"name\":\"Camping \u00e0 Argel\u00e8s-sur-Mer\",\"item\":\"https:\\\/\\\/campinglesgalets.fr\\\/ca\\\/\"},{\"@type\":\"ListItem\",\"position\":2,\"name\":\"Els nostres col\u00b7laboradors\"}]},{\"@type\":\"WebSite\",\"@id\":\"https:\\\/\\\/campinglesgalets.fr\\\/ca\\\/#website\",\"url\":\"https:\\\/\\\/campinglesgalets.fr\\\/ca\\\/\",\"name\":\"Camping les galets\",\"description\":\"Camping Argel\u00e8s-sur-Mer\",\"publisher\":{\"@id\":\"https:\\\/\\\/campinglesgalets.fr\\\/ca\\\/#organization\"},\"potentialAction\":[{\"@type\":\"SearchAction\",\"target\":{\"@type\":\"EntryPoint\",\"urlTemplate\":\"https:\\\/\\\/campinglesgalets.fr\\\/ca\\\/?s={search_term_string}\"},\"query-input\":{\"@type\":\"PropertyValueSpecification\",\"valueRequired\":true,\"valueName\":\"search_term_string\"}}],\"inLanguage\":\"ca\"},{\"@type\":\"Organization\",\"@id\":\"https:\\\/\\\/campinglesgalets.fr\\\/ca\\\/#organization\",\"name\":\"Camping les Galets\",\"url\":\"https:\\\/\\\/campinglesgalets.fr\\\/ca\\\/\",\"logo\":{\"@type\":\"ImageObject\",\"inLanguage\":\"ca\",\"@id\":\"https:\\\/\\\/campinglesgalets.fr\\\/ca\\\/#\\\/schema\\\/logo\\\/image\\\/\",\"url\":\"https:\\\/\\\/campinglesgalets.fr\\\/wp-content\\\/uploads\\\/2025\\\/10\\\/Logo_Footer.svg\",\"contentUrl\":\"https:\\\/\\\/campinglesgalets.fr\\\/wp-content\\\/uploads\\\/2025\\\/10\\\/Logo_Footer.svg\",\"width\":267,\"height\":175,\"caption\":\"Camping les Galets\"},\"image\":{\"@id\":\"https:\\\/\\\/campinglesgalets.fr\\\/ca\\\/#\\\/schema\\\/logo\\\/image\\\/\"}}]}<\/script>\n<!-- \/ Yoast SEO plugin. -->","yoast_head_json":{"title":"Els nostres col\u00b7laboradors - Camping les galets","description":"Descobreix els nostres col\u00b7laboradors i partners locals que enriqueixen l\u2019experi\u00e8ncia al c\u00e0mping Les Galets.","robots":{"index":"index","follow":"follow","max-snippet":"max-snippet:-1","max-image-preview":"max-image-preview:large","max-video-preview":"max-video-preview:-1"},"canonical":"https:\/\/campinglesgalets.fr\/ca\/els-nostres-col%c2%b7laboradors\/","og_locale":"ca_ES","og_type":"article","og_title":"Els nostres col\u00b7laboradors - Camping les galets","og_description":"Descobreix els nostres col\u00b7laboradors i partners locals que enriqueixen l\u2019experi\u00e8ncia al c\u00e0mping Les Galets.","og_url":"https:\/\/campinglesgalets.fr\/ca\/els-nostres-col%c2%b7laboradors\/","og_site_name":"Camping les galets","article_modified_time":"2026-03-30T09:21:40+00:00","og_image":[{"width":2100,"height":1934,"url":"https:\/\/campinglesgalets.fr\/wp-content\/uploads\/2023\/03\/paddle_mer_argeles_plage-2100x1934-1.jpg","type":"image\/jpeg"}],"twitter_card":"summary_large_image","twitter_misc":{"Temps estimat de lectura":"2 minuts"},"schema":{"@context":"https:\/\/schema.org","@graph":[{"@type":"WebPage","@id":"https:\/\/campinglesgalets.fr\/ca\/els-nostres-col%c2%b7laboradors\/","url":"https:\/\/campinglesgalets.fr\/ca\/els-nostres-col%c2%b7laboradors\/","name":"Els nostres col\u00b7laboradors - Camping les galets","isPartOf":{"@id":"https:\/\/campinglesgalets.fr\/ca\/#website"},"primaryImageOfPage":{"@id":"https:\/\/campinglesgalets.fr\/ca\/els-nostres-col%c2%b7laboradors\/#primaryimage"},"image":{"@id":"https:\/\/campinglesgalets.fr\/ca\/els-nostres-col%c2%b7laboradors\/#primaryimage"},"thumbnailUrl":"https:\/\/campinglesgalets.fr\/wp-content\/uploads\/2023\/03\/paddle_mer_argeles_plage-2100x1934-1.jpg","datePublished":"2023-03-07T16:15:08+00:00","dateModified":"2026-03-30T09:21:40+00:00","description":"Descobreix els nostres col\u00b7laboradors i partners locals que enriqueixen l\u2019experi\u00e8ncia al c\u00e0mping Les Galets.","breadcrumb":{"@id":"https:\/\/campinglesgalets.fr\/ca\/els-nostres-col%c2%b7laboradors\/#breadcrumb"},"inLanguage":"ca","potentialAction":[{"@type":"ReadAction","target":["https:\/\/campinglesgalets.fr\/ca\/els-nostres-col%c2%b7laboradors\/"]}]},{"@type":"ImageObject","inLanguage":"ca","@id":"https:\/\/campinglesgalets.fr\/ca\/els-nostres-col%c2%b7laboradors\/#primaryimage","url":"https:\/\/campinglesgalets.fr\/wp-content\/uploads\/2023\/03\/paddle_mer_argeles_plage-2100x1934-1.jpg","contentUrl":"https:\/\/campinglesgalets.fr\/wp-content\/uploads\/2023\/03\/paddle_mer_argeles_plage-2100x1934-1.jpg","width":2100,"height":1934},{"@type":"BreadcrumbList","@id":"https:\/\/campinglesgalets.fr\/ca\/els-nostres-col%c2%b7laboradors\/#breadcrumb","itemListElement":[{"@type":"ListItem","position":1,"name":"Camping \u00e0 Argel\u00e8s-sur-Mer","item":"https:\/\/campinglesgalets.fr\/ca\/"},{"@type":"ListItem","position":2,"name":"Els nostres col\u00b7laboradors"}]},{"@type":"WebSite","@id":"https:\/\/campinglesgalets.fr\/ca\/#website","url":"https:\/\/campinglesgalets.fr\/ca\/","name":"Camping les galets","description":"Camping Argel\u00e8s-sur-Mer","publisher":{"@id":"https:\/\/campinglesgalets.fr\/ca\/#organization"},"potentialAction":[{"@type":"SearchAction","target":{"@type":"EntryPoint","urlTemplate":"https:\/\/campinglesgalets.fr\/ca\/?s={search_term_string}"},"query-input":{"@type":"PropertyValueSpecification","valueRequired":true,"valueName":"search_term_string"}}],"inLanguage":"ca"},{"@type":"Organization","@id":"https:\/\/campinglesgalets.fr\/ca\/#organization","name":"Camping les Galets","url":"https:\/\/campinglesgalets.fr\/ca\/","logo":{"@type":"ImageObject","inLanguage":"ca","@id":"https:\/\/campinglesgalets.fr\/ca\/#\/schema\/logo\/image\/","url":"https:\/\/campinglesgalets.fr\/wp-content\/uploads\/2025\/10\/Logo_Footer.svg","contentUrl":"https:\/\/campinglesgalets.fr\/wp-content\/uploads\/2025\/10\/Logo_Footer.svg","width":267,"height":175,"caption":"Camping les Galets"},"image":{"@id":"https:\/\/campinglesgalets.fr\/ca\/#\/schema\/logo\/image\/"}}]}},"_links":{"self":[{"href":"https:\/\/campinglesgalets.fr\/ca\/wp-json\/wp\/v2\/pages\/25664","targetHints":{"allow":["GET"]}}],"collection":[{"href":"https:\/\/campinglesgalets.fr\/ca\/wp-json\/wp\/v2\/pages"}],"about":[{"href":"https:\/\/campinglesgalets.fr\/ca\/wp-json\/wp\/v2\/types\/page"}],"author":[{"embeddable":true,"href":"https:\/\/campinglesgalets.fr\/ca\/wp-json\/wp\/v2\/users\/1"}],"replies":[{"embeddable":true,"href":"https:\/\/campinglesgalets.fr\/ca\/wp-json\/wp\/v2\/comments?post=25664"}],"version-history":[{"count":4,"href":"https:\/\/campinglesgalets.fr\/ca\/wp-json\/wp\/v2\/pages\/25664\/revisions"}],"predecessor-version":[{"id":311777,"href":"https:\/\/campinglesgalets.fr\/ca\/wp-json\/wp\/v2\/pages\/25664\/revisions\/311777"}],"wp:featuredmedia":[{"embeddable":true,"href":"https:\/\/campinglesgalets.fr\/ca\/wp-json\/wp\/v2\/media\/24704"}],"wp:attachment":[{"href":"https:\/\/campinglesgalets.fr\/ca\/wp-json\/wp\/v2\/media?parent=25664"}],"curies":[{"name":"wp","href":"https:\/\/api.w.org\/{rel}","templated":true}]}}