{"id":25654,"date":"2023-03-07T17:18:47","date_gmt":"2023-03-07T16:18:47","guid":{"rendered":"https:\/\/campinglesgalets.fr\/nos-labels-de-qualite\/"},"modified":"2025-10-06T07:32:26","modified_gmt":"2025-10-06T06:32:26","slug":"clef-verte-label-europeen","status":"publish","type":"page","link":"https:\/\/campinglesgalets.fr\/ca\/clef-verte-label-europeen\/","title":{"rendered":"Etiqueta"},"content":{"rendered":"<p><strong>Clef Verte &#8211; Etiqueta Europea<\/strong><\/p>\n<p>L&#8217;etiqueta Clef Verte \u00e9s la primera etiqueta europea que garanteix el respecte pel medi ambient dels allotjaments tur\u00edstics.<\/p>\n<p>Clef Verte es basa en principis fonamentals d&#8217;un \u00fas responsable dels recursos naturals i de pr\u00e0ctiques di\u00e0ries que busquen preservar el medi ambient i garantir la seva satisfacci\u00f3.<\/p>\n<p>Des de fa diversos anys, el Camping Club Les Galets, a la regi\u00f3 de Languedoc-Roussillon, s&#8217;ha comprom\u00e8s a respectar el medi ambient del nostre territori catal\u00e0. Va ser el primer establiment a Argel\u00e8s-sur-Mer a rebre aquesta etiqueta tan prestigiosa i exigent el 2007.<\/p>\n<p>L&#8217;etiqueta garanteix un c\u00e0mping on es preserva l&#8217;entorn en el lloc, amb pr\u00e0ctiques ecol\u00f2giques i una forta acci\u00f3 de conscienciaci\u00f3 i promoci\u00f3 del desenvolupament sostenible.<\/p>\n<p><em><strong>Aquestes s\u00f3n les principals accions que ha empr\u00e8s el Camping Les Galets:<\/strong><\/em><\/p>\n<p><strong>No s&#8217;utilitzen pesticides ni herbicides<\/strong>: Els nostres treballadors realitzen tots els treballs de jardineria sense productes qu\u00edmics: treball manual, desbrossament, estirada de mulching\u2026<br \/>\n<strong>\u00das de productes ecolabelats per a la neteja<\/strong>: Els equips de manteniment utilitzen nom\u00e9s productes ecol\u00f2gics certificats per a la neteja dels mobil-homes i els serveis sanitaris.<br \/>\n<strong>Estalvi d&#8217;aigua<\/strong>: S&#8217;han aconseguit estalvis significatius en el consum d&#8217;aigua mitjan\u00e7ant la detecci\u00f3 de fuites, plantaci\u00f3 d&#8217;esp\u00e8cies adaptades al clima mediterrani i l&#8217;\u00fas d&#8217;equips estalviadors d&#8217;aigua (grifes, dutxes\u2026).<br \/>\n<strong>\u00das d&#8217;energies renovables<\/strong>: Panells solars que produeixen la major part de l&#8217;aigua calenta per als serveis sanitaris, il\u00b7luminaci\u00f3 solar al parc.<\/p>\n<p><img loading=\"lazy\" decoding=\"async\" class=\"wp-image-12266 size-medium\" src=\"https:\/\/campinglesgalets.fr\/wp-content\/uploads\/2020\/05\/Vegetation-luxuriante-camping-300x225.jpg\" alt=\"Parc vegetal luxuriant\" width=\"300\" height=\"225\" \/><\/p>\n<p><strong>Refugi LPO &#8211; Lliga per a la Protecci\u00f3 d&#8217;Ocells<\/strong><\/p>\n<p>Per iniciativa de Jean-Michel Bey, l&#8217;oncle del responsable del c\u00e0mping Manuel Bey, el Camping Les Galets va transformar el seu parc arbrat de 5 hect\u00e0rees en un refugi per a ocells. Aquest projecte est\u00e0 alineat amb la decisi\u00f3 hist\u00f2rica del c\u00e0mping de comprometre&#8217;s amb accions de desenvolupament sostenible. El no \u00fas de productes qu\u00edmics per al tractament dels espais verds proporciona un s\u00f2l ric en insectes de manera natural per als nostres amics alats.<\/p>\n<p><img loading=\"lazy\" decoding=\"async\" class=\"alignnone wp-image-22620 size-medium\" src=\"https:\/\/campinglesgalets.fr\/wp-content\/uploads\/2023\/03\/p1050722-375x500-1-225x300.jpg\" alt=\"\" width=\"225\" height=\"300\" \/><\/p>\n<p>S&#8217;han instal\u00b7lat m\u00e9s de cent nius d&#8217;ocells al c\u00e0mping, generalment recolzats en els arbres, per oferir un refugi adequat a les esp\u00e8cies que ho necessiten. Al voltant de deu esp\u00e8cies d&#8217;ocells viuen i es reprodueixen al parc del Camping Les Galets: orenetes, rossinyols, esparvers, ab\u00favies, merles, picots, coloms, falciots, agrons, mallerengues, mussols&#8230;<\/p>\n<p>Tamb\u00e9 tenim en compte el nostre comprom\u00eds en les noves plantacions que realitzem cada any. Triem arbustos i arbres que afavoreixen la creaci\u00f3 d&#8217;ecosistemes saludables (plantes mel\u00edferes, refugis per a insectes\u2026).<\/p>\n<p><img loading=\"lazy\" decoding=\"async\" class=\"alignnone wp-image-11132 size-medium\" src=\"https:\/\/campinglesgalets.fr\/wp-content\/uploads\/2020\/01\/p1050701-300x225.jpg\" alt=\"\" width=\"300\" height=\"225\" \/><\/p>\n<p>Des del 2019, hem fet el pas per obtenir la certificaci\u00f3 com a refugi LPO. La Lliga per a la Protecci\u00f3 d&#8217;Ocells ens d\u00f3na suport proporcionant-nos la informaci\u00f3 necess\u00e0ria per mantenir els nius, alimentar les esp\u00e8cies fr\u00e0gils durant l&#8217;hivern i equipar-nos per afavorir la reproducci\u00f3.<\/p>\n<p><img loading=\"lazy\" decoding=\"async\" class=\"alignnone wp-image-22621 size-medium\" src=\"https:\/\/campinglesgalets.fr\/wp-content\/uploads\/2023\/03\/p1050823-500x407-1-300x244.jpg\" alt=\"\" width=\"300\" height=\"244\" \/><\/p>\n<p><strong>Camping Qualit\u00e9<\/strong><\/p>\n<p>Camping Les Galets ha decidit sotmetre&#8217;s a una auditoria per l&#8217;etiqueta Camping Qualit\u00e9 per millorar i garantir als seus clients un alt nivell de qualitat. Els criteris per obtenir l&#8217;etiqueta Camping Qualit\u00e9 s\u00f3n m\u00e9s estrictes que la certificaci\u00f3 de 4 estrelles, per tant, anem m\u00e9s enll\u00e0 en termes d&#8217;exig\u00e8ncia per garantir-vos una estada excel\u00b7lent amb nosaltres.<\/p>\n<p>No dubteu a posar-vos en contacte amb nosaltres per obtenir m\u00e9s informaci\u00f3. Florence i Chantal, que fa m\u00e9s de 15 anys que treballen al c\u00e0mping, coneixen perfectament el c\u00e0mping i la regi\u00f3 d&#8217;Argel\u00e8s-sur-Mer. Estaran encantades d&#8217;assessorar-vos i, durant la vostra estada, us transmetran la seva passi\u00f3 per aquest petit rac\u00f3 de parad\u00eds que \u00e9s el pa\u00eds catal\u00e0.<\/p>\n<p>Aquesta xarxa de m\u00e9s de 300 c\u00e0mpings ens permet millorar la nostra oferta i els nostres serveis cada any. Estem units entre c\u00e0mpings independents seriosos i compromesos amb el client. Treballem en aquest c\u00e0mping de petita mida amb la convicci\u00f3 que la qualitat i l&#8217;amor pel client s\u00f3n la base de l&#8217;\u00e8xit.<\/p>\n<p><img loading=\"lazy\" decoding=\"async\" class=\"alignnone wp-image-22622 size-medium\" src=\"https:\/\/campinglesgalets.fr\/wp-content\/uploads\/2023\/03\/IMG_2044-533x400-1-300x225.jpg\" alt=\"\" width=\"300\" height=\"225\" \/><\/p>\n<p><strong>Etiqueta Turisme i Discapacitat<\/strong><\/p>\n<p>Camping Les Galets, orgull\u00f3s de la seva etiqueta Turisme i Discapacitat per a discapacitats motores i mentals, es dedica a garantir un acc\u00e9s f\u00e0cil i un servei personalitzat. Aquesta etiqueta Turisme i Discapacitat assegura que tots els turistes gaudeixin de la seva estada amb el m\u00e0xim confort i amb el respecte per la seva autonomia.<\/p>\n<p><img loading=\"lazy\" decoding=\"async\" class=\"alignnone size-full wp-image-28430\" src=\"https:\/\/campinglesgalets.fr\/wp-content\/uploads\/2024\/05\/Quad-MeM-min.jpg\" alt=\"label tourisme et handicap\" width=\"294\" height=\"117\" \/><\/p>\n","protected":false},"excerpt":{"rendered":"<p>Clef Verte &#8211; Etiqueta Europea L&#8217;etiqueta Clef Verte \u00e9s la primera etiqueta europea que garanteix el respecte pel medi ambient dels allotjaments tur\u00edstics. Clef Verte es basa en principis fonamentals d&#8217;un \u00fas responsable dels recursos naturals i de pr\u00e0ctiques di\u00e0ries que busquen preservar el medi ambient i garantir la seva satisfacci\u00f3. Des de fa diversos [&hellip;]<\/p>\n","protected":false},"author":1,"featured_media":24709,"parent":0,"menu_order":0,"comment_status":"closed","ping_status":"closed","template":"","meta":{"_acf_changed":false,"_et_pb_use_builder":"","_et_pb_old_content":"","_et_gb_content_width":"","footnotes":""},"class_list":["post-25654","page","type-page","status-publish","has-post-thumbnail","hentry"],"acf":[],"yoast_head":"<!-- This site is optimized with the Yoast SEO plugin v27.3 - https:\/\/yoast.com\/product\/yoast-seo-wordpress\/ -->\n<title>Acampar marcat Key Verd: etiqueta Europea per el respecte de l&#039;entorn<\/title>\n<meta name=\"description\" content=\"El c\u00e0mping Les Galets compta amb el segell ecol\u00f2gic Clef Verte per a unes vacances responsables i sostenibles.\" \/>\n<meta name=\"robots\" content=\"index, follow, max-snippet:-1, max-image-preview:large, max-video-preview:-1\" \/>\n<link rel=\"canonical\" href=\"https:\/\/campinglesgalets.fr\/ca\/clef-verte-label-europeen\/\" \/>\n<meta property=\"og:locale\" content=\"ca_ES\" \/>\n<meta property=\"og:type\" content=\"article\" \/>\n<meta property=\"og:title\" content=\"Acampar marcat Key Verd: etiqueta Europea per el respecte de l&#039;entorn\" \/>\n<meta property=\"og:description\" content=\"El c\u00e0mping Les Galets compta amb el segell ecol\u00f2gic Clef Verte per a unes vacances responsables i sostenibles.\" \/>\n<meta property=\"og:url\" content=\"https:\/\/campinglesgalets.fr\/ca\/clef-verte-label-europeen\/\" \/>\n<meta property=\"og:site_name\" content=\"Camping les galets\" \/>\n<meta property=\"article:modified_time\" content=\"2025-10-06T06:32:26+00:00\" \/>\n<meta property=\"og:image\" content=\"https:\/\/campinglesgalets.fr\/wp-content\/uploads\/2023\/03\/clef-verte.jpg\" \/>\n\t<meta property=\"og:image:width\" content=\"1200\" \/>\n\t<meta property=\"og:image:height\" content=\"395\" \/>\n\t<meta property=\"og:image:type\" content=\"image\/jpeg\" \/>\n<meta name=\"twitter:card\" content=\"summary_large_image\" \/>\n<meta name=\"twitter:label1\" content=\"Temps estimat de lectura\" \/>\n\t<meta name=\"twitter:data1\" content=\"5 minuts\" \/>\n<script type=\"application\/ld+json\" class=\"yoast-schema-graph\">{\"@context\":\"https:\\\/\\\/schema.org\",\"@graph\":[{\"@type\":\"WebPage\",\"@id\":\"https:\\\/\\\/campinglesgalets.fr\\\/ca\\\/clef-verte-label-europeen\\\/\",\"url\":\"https:\\\/\\\/campinglesgalets.fr\\\/ca\\\/clef-verte-label-europeen\\\/\",\"name\":\"Acampar marcat Key Verd: etiqueta Europea per el respecte de l'entorn\",\"isPartOf\":{\"@id\":\"https:\\\/\\\/campinglesgalets.fr\\\/ca\\\/#website\"},\"primaryImageOfPage\":{\"@id\":\"https:\\\/\\\/campinglesgalets.fr\\\/ca\\\/clef-verte-label-europeen\\\/#primaryimage\"},\"image\":{\"@id\":\"https:\\\/\\\/campinglesgalets.fr\\\/ca\\\/clef-verte-label-europeen\\\/#primaryimage\"},\"thumbnailUrl\":\"https:\\\/\\\/campinglesgalets.fr\\\/wp-content\\\/uploads\\\/2023\\\/03\\\/clef-verte.jpg\",\"datePublished\":\"2023-03-07T16:18:47+00:00\",\"dateModified\":\"2025-10-06T06:32:26+00:00\",\"description\":\"El c\u00e0mping Les Galets compta amb el segell ecol\u00f2gic Clef Verte per a unes vacances responsables i sostenibles.\",\"breadcrumb\":{\"@id\":\"https:\\\/\\\/campinglesgalets.fr\\\/ca\\\/clef-verte-label-europeen\\\/#breadcrumb\"},\"inLanguage\":\"ca\",\"potentialAction\":[{\"@type\":\"ReadAction\",\"target\":[\"https:\\\/\\\/campinglesgalets.fr\\\/ca\\\/clef-verte-label-europeen\\\/\"]}]},{\"@type\":\"ImageObject\",\"inLanguage\":\"ca\",\"@id\":\"https:\\\/\\\/campinglesgalets.fr\\\/ca\\\/clef-verte-label-europeen\\\/#primaryimage\",\"url\":\"https:\\\/\\\/campinglesgalets.fr\\\/wp-content\\\/uploads\\\/2023\\\/03\\\/clef-verte.jpg\",\"contentUrl\":\"https:\\\/\\\/campinglesgalets.fr\\\/wp-content\\\/uploads\\\/2023\\\/03\\\/clef-verte.jpg\",\"width\":1200,\"height\":395},{\"@type\":\"BreadcrumbList\",\"@id\":\"https:\\\/\\\/campinglesgalets.fr\\\/ca\\\/clef-verte-label-europeen\\\/#breadcrumb\",\"itemListElement\":[{\"@type\":\"ListItem\",\"position\":1,\"name\":\"Camping \u00e0 Argel\u00e8s-sur-Mer\",\"item\":\"https:\\\/\\\/campinglesgalets.fr\\\/ca\\\/\"},{\"@type\":\"ListItem\",\"position\":2,\"name\":\"Etiqueta\"}]},{\"@type\":\"WebSite\",\"@id\":\"https:\\\/\\\/campinglesgalets.fr\\\/ca\\\/#website\",\"url\":\"https:\\\/\\\/campinglesgalets.fr\\\/ca\\\/\",\"name\":\"Camping les galets\",\"description\":\"Camping Argel\u00e8s-sur-Mer\",\"publisher\":{\"@id\":\"https:\\\/\\\/campinglesgalets.fr\\\/ca\\\/#organization\"},\"potentialAction\":[{\"@type\":\"SearchAction\",\"target\":{\"@type\":\"EntryPoint\",\"urlTemplate\":\"https:\\\/\\\/campinglesgalets.fr\\\/ca\\\/?s={search_term_string}\"},\"query-input\":{\"@type\":\"PropertyValueSpecification\",\"valueRequired\":true,\"valueName\":\"search_term_string\"}}],\"inLanguage\":\"ca\"},{\"@type\":\"Organization\",\"@id\":\"https:\\\/\\\/campinglesgalets.fr\\\/ca\\\/#organization\",\"name\":\"Camping les Galets\",\"url\":\"https:\\\/\\\/campinglesgalets.fr\\\/ca\\\/\",\"logo\":{\"@type\":\"ImageObject\",\"inLanguage\":\"ca\",\"@id\":\"https:\\\/\\\/campinglesgalets.fr\\\/ca\\\/#\\\/schema\\\/logo\\\/image\\\/\",\"url\":\"https:\\\/\\\/campinglesgalets.fr\\\/wp-content\\\/uploads\\\/2025\\\/10\\\/Logo_Footer.svg\",\"contentUrl\":\"https:\\\/\\\/campinglesgalets.fr\\\/wp-content\\\/uploads\\\/2025\\\/10\\\/Logo_Footer.svg\",\"width\":267,\"height\":175,\"caption\":\"Camping les Galets\"},\"image\":{\"@id\":\"https:\\\/\\\/campinglesgalets.fr\\\/ca\\\/#\\\/schema\\\/logo\\\/image\\\/\"}}]}<\/script>\n<!-- \/ Yoast SEO plugin. -->","yoast_head_json":{"title":"Acampar marcat Key Verd: etiqueta Europea per el respecte de l'entorn","description":"El c\u00e0mping Les Galets compta amb el segell ecol\u00f2gic Clef Verte per a unes vacances responsables i sostenibles.","robots":{"index":"index","follow":"follow","max-snippet":"max-snippet:-1","max-image-preview":"max-image-preview:large","max-video-preview":"max-video-preview:-1"},"canonical":"https:\/\/campinglesgalets.fr\/ca\/clef-verte-label-europeen\/","og_locale":"ca_ES","og_type":"article","og_title":"Acampar marcat Key Verd: etiqueta Europea per el respecte de l'entorn","og_description":"El c\u00e0mping Les Galets compta amb el segell ecol\u00f2gic Clef Verte per a unes vacances responsables i sostenibles.","og_url":"https:\/\/campinglesgalets.fr\/ca\/clef-verte-label-europeen\/","og_site_name":"Camping les galets","article_modified_time":"2025-10-06T06:32:26+00:00","og_image":[{"width":1200,"height":395,"url":"https:\/\/campinglesgalets.fr\/wp-content\/uploads\/2023\/03\/clef-verte.jpg","type":"image\/jpeg"}],"twitter_card":"summary_large_image","twitter_misc":{"Temps estimat de lectura":"5 minuts"},"schema":{"@context":"https:\/\/schema.org","@graph":[{"@type":"WebPage","@id":"https:\/\/campinglesgalets.fr\/ca\/clef-verte-label-europeen\/","url":"https:\/\/campinglesgalets.fr\/ca\/clef-verte-label-europeen\/","name":"Acampar marcat Key Verd: etiqueta Europea per el respecte de l'entorn","isPartOf":{"@id":"https:\/\/campinglesgalets.fr\/ca\/#website"},"primaryImageOfPage":{"@id":"https:\/\/campinglesgalets.fr\/ca\/clef-verte-label-europeen\/#primaryimage"},"image":{"@id":"https:\/\/campinglesgalets.fr\/ca\/clef-verte-label-europeen\/#primaryimage"},"thumbnailUrl":"https:\/\/campinglesgalets.fr\/wp-content\/uploads\/2023\/03\/clef-verte.jpg","datePublished":"2023-03-07T16:18:47+00:00","dateModified":"2025-10-06T06:32:26+00:00","description":"El c\u00e0mping Les Galets compta amb el segell ecol\u00f2gic Clef Verte per a unes vacances responsables i sostenibles.","breadcrumb":{"@id":"https:\/\/campinglesgalets.fr\/ca\/clef-verte-label-europeen\/#breadcrumb"},"inLanguage":"ca","potentialAction":[{"@type":"ReadAction","target":["https:\/\/campinglesgalets.fr\/ca\/clef-verte-label-europeen\/"]}]},{"@type":"ImageObject","inLanguage":"ca","@id":"https:\/\/campinglesgalets.fr\/ca\/clef-verte-label-europeen\/#primaryimage","url":"https:\/\/campinglesgalets.fr\/wp-content\/uploads\/2023\/03\/clef-verte.jpg","contentUrl":"https:\/\/campinglesgalets.fr\/wp-content\/uploads\/2023\/03\/clef-verte.jpg","width":1200,"height":395},{"@type":"BreadcrumbList","@id":"https:\/\/campinglesgalets.fr\/ca\/clef-verte-label-europeen\/#breadcrumb","itemListElement":[{"@type":"ListItem","position":1,"name":"Camping \u00e0 Argel\u00e8s-sur-Mer","item":"https:\/\/campinglesgalets.fr\/ca\/"},{"@type":"ListItem","position":2,"name":"Etiqueta"}]},{"@type":"WebSite","@id":"https:\/\/campinglesgalets.fr\/ca\/#website","url":"https:\/\/campinglesgalets.fr\/ca\/","name":"Camping les galets","description":"Camping Argel\u00e8s-sur-Mer","publisher":{"@id":"https:\/\/campinglesgalets.fr\/ca\/#organization"},"potentialAction":[{"@type":"SearchAction","target":{"@type":"EntryPoint","urlTemplate":"https:\/\/campinglesgalets.fr\/ca\/?s={search_term_string}"},"query-input":{"@type":"PropertyValueSpecification","valueRequired":true,"valueName":"search_term_string"}}],"inLanguage":"ca"},{"@type":"Organization","@id":"https:\/\/campinglesgalets.fr\/ca\/#organization","name":"Camping les Galets","url":"https:\/\/campinglesgalets.fr\/ca\/","logo":{"@type":"ImageObject","inLanguage":"ca","@id":"https:\/\/campinglesgalets.fr\/ca\/#\/schema\/logo\/image\/","url":"https:\/\/campinglesgalets.fr\/wp-content\/uploads\/2025\/10\/Logo_Footer.svg","contentUrl":"https:\/\/campinglesgalets.fr\/wp-content\/uploads\/2025\/10\/Logo_Footer.svg","width":267,"height":175,"caption":"Camping les Galets"},"image":{"@id":"https:\/\/campinglesgalets.fr\/ca\/#\/schema\/logo\/image\/"}}]}},"_links":{"self":[{"href":"https:\/\/campinglesgalets.fr\/ca\/wp-json\/wp\/v2\/pages\/25654","targetHints":{"allow":["GET"]}}],"collection":[{"href":"https:\/\/campinglesgalets.fr\/ca\/wp-json\/wp\/v2\/pages"}],"about":[{"href":"https:\/\/campinglesgalets.fr\/ca\/wp-json\/wp\/v2\/types\/page"}],"author":[{"embeddable":true,"href":"https:\/\/campinglesgalets.fr\/ca\/wp-json\/wp\/v2\/users\/1"}],"replies":[{"embeddable":true,"href":"https:\/\/campinglesgalets.fr\/ca\/wp-json\/wp\/v2\/comments?post=25654"}],"version-history":[{"count":0,"href":"https:\/\/campinglesgalets.fr\/ca\/wp-json\/wp\/v2\/pages\/25654\/revisions"}],"wp:featuredmedia":[{"embeddable":true,"href":"https:\/\/campinglesgalets.fr\/ca\/wp-json\/wp\/v2\/media\/24709"}],"wp:attachment":[{"href":"https:\/\/campinglesgalets.fr\/ca\/wp-json\/wp\/v2\/media?parent=25654"}],"curies":[{"name":"wp","href":"https:\/\/api.w.org\/{rel}","templated":true}]}}