{"id":25648,"date":"2023-03-07T17:13:41","date_gmt":"2023-03-07T16:13:41","guid":{"rendered":"https:\/\/campinglesgalets.fr\/tourisme-saint-cyprien\/"},"modified":"2025-04-14T06:58:58","modified_gmt":"2025-04-14T05:58:58","slug":"tourisme-saint-cyprien","status":"publish","type":"page","link":"https:\/\/campinglesgalets.fr\/ca\/tourisme-saint-cyprien\/","title":{"rendered":"Qu\u00e8 fer a Saint-Cyprien? El nostre consell sobre activitats i visionats"},"content":{"rendered":"<p>Els amants de prendre-s&#8217;ho amb calma no es quedaran decebuts amb una estada al poble <strong>mediterrani<\/strong> de <strong>Saint-Cyprien<\/strong>. Amb <strong>320 dies de sol l&#8217;any<\/strong>, les temperatures s\u00f3n suaus a la localitat mar\u00edtima de Saint-Cyprien, als <a href=\"https:\/\/campinglesgalets.fr\/ca\/els-pirineus-orientals\/\">Pirineus Orientals<\/a>. Gr\u00e0cies a la seva ubicaci\u00f3 al <strong>costat del mar<\/strong>, les <strong>platges<\/strong> s\u00f3n els principals atractius de Saint-Cyprien, tant si voleu caminar, nedar o simplement relaxar-vos. A m\u00e9s de les platges, hi ha molts altres llocs que val la pena visitar, com ara el <strong>Jard\u00ed de les Plantes<\/strong> i el <strong>Parc de la Prade<\/strong>.<\/p>\n<p><img loading=\"lazy\" decoding=\"async\" class=\"size-full wp-image-22630 aligncenter\" src=\"https:\/\/campinglesgalets.fr\/wp-content\/uploads\/2023\/03\/saint-cyprien-plage-camping-600x237-1.jpg\" alt=\"\" width=\"600\" height=\"237\" \/><\/p>\n<h2>Qu\u00e8 fer a Saint Cyprien?<\/h2>\n<p>Aqu\u00ed teniu la nostra selecci\u00f3 dels llocs d&#8217;inter\u00e8s m\u00e9s populars de Saint-Cyprien:<\/p>\n<ul>\n<li><strong>El port<\/strong>: Per explorar correctament Saint-Cyprien, una excursi\u00f3 en vaixell \u00e9s una activitat original que no s&#8217;ha de perdre. Les visites tenen una durada mitjana d&#8217;una hora i es fan millor al mat\u00ed.<br \/>\nPark de la Prade: \u00e9s un lloc ineludible de Saint Cyprien, obert tot l&#8217;any. un gran parc infantil i zona poliesportiva, per\u00f2 tamb\u00e9 una zona de barbacoa i p\u00edcnic.<\/li>\n<li><strong>Descobriu el centre hist\u00f2ric<\/strong> de la ciutat: aneu al centre hist\u00f2ric de Saint Cyprien per un entorn completament diferent. Un centre amb encant amb bonics edificis de pedra.<\/li>\n<li><strong>El Jard\u00ed Bot\u00e0nic \u2013 Jardin des Plantes:<\/strong> un oasi de pau i verdor, obert cada tarda de 13:30 a 17:00. Una experi\u00e8ncia inoblidable en aquest parc centenari de 5 hect\u00e0rees.<\/li>\n<li><strong>Park de la Prade<\/strong>: \u00e9s un lloc ineludible de Saint Cyprien, obert tot l&#8217;any. un gran parc infantil i zona poliesportiva, per\u00f2 tamb\u00e9 una zona de barbacoa i p\u00edcnic.<\/li>\n<\/ul>\n<h2>Les activitats a Saint Cyprien<\/h2>\n<p>Per descobrir la conviv\u00e8ncia local:<\/p>\n<ul>\n<li>Passeja pels <strong>mercats<\/strong> i tasta els productes 100% de proximitat, sobretot als mesos d&#8217;estiu.<\/li>\n<li><strong>Golf<\/strong>: Gaudeix del golf amb els diferents camps de golf de la ciutat de Saint Cyprien. Gaudeix de les boniques vistes sobre el mar Mediterrani i la serra, especialment el majestu\u00f3s Mont Canig\u00f3.<\/li>\n<li>Els amants de l&#8217;esport poden gaudir del <strong>Grand Stade les Capellans<\/strong> amb la seva zona esportiva, esports de raqueta i centre de fitness i cardio.<\/li>\n<li>El <strong>JOA Casino a St-Cyprien<\/strong> per als aficionats als jocs d&#8217;atzar!<\/li>\n<\/ul>\n<h2>Les platges de Saint Cyprien<\/h2>\n<p>El litoral ofereix<strong> 6 km de platja<\/strong> de sorra per gaudir de l&#8217;aire mar\u00ed saludable, al llarg dels molls, el port i la llacuna. A nom\u00e9s 6 km del c\u00e0mping d&#8217;Argeles sur mer.<\/p>\n<ul>\n<li><strong>La platja nord: <\/strong>els aficionats al windsurf poden gaudir aqu\u00ed. Tamb\u00e9 hi ha dos clubs de surf que ofereixen <strong>classes de kitesurf i stand-up paddle.<\/strong>.<\/li>\n<li><strong>La platja de Rodin<\/strong> es troba a prop del mercat principal, amb una zona esportiva oberta al volei platja de juny a setembre.<\/li>\n<li><strong>La platja del Pont Tournant<\/strong> \u00e9s una platja habilitada per a persones amb mobilitat redu\u00efda.<\/li>\n<\/ul>\n<p><strong>Descobreix tamb\u00e9:<\/strong><\/p>\n<ul>\n<li><a href=\"https:\/\/campinglesgalets.fr\/ca\/el-mar-mediterrani\/\">La Mer M\u00e9diterran\u00e9e<\/a><\/li>\n<li><a href=\"https:\/\/campinglesgalets.fr\/ca\/els-pirineus-orientals\/\">Les Pyr\u00e9nn\u00e9es Orientales<\/a><\/li>\n<li><a href=\"https:\/\/campinglesgalets.fr\/ca\/tourisme-collioure\/\">Collioure<\/a><\/li>\n<li><a href=\"https:\/\/campinglesgalets.fr\/ca\/tourisme-perpignan\/\">Perpignan<\/a><\/li>\n<\/ul>\n","protected":false},"excerpt":{"rendered":"<p>Els amants de prendre-s&#8217;ho amb calma no es quedaran decebuts amb una estada al poble mediterrani de Saint-Cyprien. Amb 320 dies de sol l&#8217;any, les temperatures s\u00f3n suaus a la localitat mar\u00edtima de Saint-Cyprien, als Pirineus Orientals. Gr\u00e0cies a la seva ubicaci\u00f3 al costat del mar, les platges s\u00f3n els principals atractius de Saint-Cyprien, tant [&hellip;]<\/p>\n","protected":false},"author":1,"featured_media":24699,"parent":0,"menu_order":0,"comment_status":"closed","ping_status":"closed","template":"","meta":{"_acf_changed":false,"_et_pb_use_builder":"","_et_pb_old_content":"","_et_gb_content_width":"","footnotes":""},"class_list":["post-25648","page","type-page","status-publish","has-post-thumbnail","hentry"],"acf":[],"yoast_head":"<!-- This site is optimized with the Yoast SEO plugin v27.3 - https:\/\/yoast.com\/product\/yoast-seo-wordpress\/ -->\n<title>Visita Saint-Cyprien - Qu\u00e8 veure i fer a Saint-Cyprien?<\/title>\n<meta name=\"description\" content=\"Profitez de votre s\u00e9jour en camping 4 \u00e9toiles \u00e0 Argel\u00e8s, au camping les Galets, pour visiter la station baln\u00e9aire de Saint-Cyprien.\" \/>\n<meta name=\"robots\" content=\"index, follow, max-snippet:-1, max-image-preview:large, max-video-preview:-1\" \/>\n<link rel=\"canonical\" href=\"https:\/\/campinglesgalets.fr\/ca\/tourisme-saint-cyprien\/\" \/>\n<meta property=\"og:locale\" content=\"ca_ES\" \/>\n<meta property=\"og:type\" content=\"article\" \/>\n<meta property=\"og:title\" content=\"Visita Saint-Cyprien - Qu\u00e8 veure i fer a Saint-Cyprien?\" \/>\n<meta property=\"og:description\" content=\"Profitez de votre s\u00e9jour en camping 4 \u00e9toiles \u00e0 Argel\u00e8s, au camping les Galets, pour visiter la station baln\u00e9aire de Saint-Cyprien.\" \/>\n<meta property=\"og:url\" content=\"https:\/\/campinglesgalets.fr\/ca\/tourisme-saint-cyprien\/\" \/>\n<meta property=\"og:site_name\" content=\"Camping les galets\" \/>\n<meta property=\"article:modified_time\" content=\"2025-04-14T05:58:58+00:00\" \/>\n<meta property=\"og:image\" content=\"https:\/\/campinglesgalets.fr\/wp-content\/uploads\/2023\/03\/velo-saint-cyprien.jpg\" \/>\n\t<meta property=\"og:image:width\" content=\"1900\" \/>\n\t<meta property=\"og:image:height\" content=\"650\" \/>\n\t<meta property=\"og:image:type\" content=\"image\/jpeg\" \/>\n<meta name=\"twitter:card\" content=\"summary_large_image\" \/>\n<meta name=\"twitter:label1\" content=\"Temps estimat de lectura\" \/>\n\t<meta name=\"twitter:data1\" content=\"3 minuts\" \/>\n<script type=\"application\/ld+json\" class=\"yoast-schema-graph\">{\"@context\":\"https:\\\/\\\/schema.org\",\"@graph\":[{\"@type\":\"WebPage\",\"@id\":\"https:\\\/\\\/campinglesgalets.fr\\\/ca\\\/tourisme-saint-cyprien\\\/\",\"url\":\"https:\\\/\\\/campinglesgalets.fr\\\/ca\\\/tourisme-saint-cyprien\\\/\",\"name\":\"Visita Saint-Cyprien - Qu\u00e8 veure i fer a Saint-Cyprien?\",\"isPartOf\":{\"@id\":\"https:\\\/\\\/campinglesgalets.fr\\\/ca\\\/#website\"},\"primaryImageOfPage\":{\"@id\":\"https:\\\/\\\/campinglesgalets.fr\\\/ca\\\/tourisme-saint-cyprien\\\/#primaryimage\"},\"image\":{\"@id\":\"https:\\\/\\\/campinglesgalets.fr\\\/ca\\\/tourisme-saint-cyprien\\\/#primaryimage\"},\"thumbnailUrl\":\"https:\\\/\\\/campinglesgalets.fr\\\/wp-content\\\/uploads\\\/2023\\\/03\\\/velo-saint-cyprien.jpg\",\"datePublished\":\"2023-03-07T16:13:41+00:00\",\"dateModified\":\"2025-04-14T05:58:58+00:00\",\"description\":\"Profitez de votre s\u00e9jour en camping 4 \u00e9toiles \u00e0 Argel\u00e8s, au camping les Galets, pour visiter la station baln\u00e9aire de Saint-Cyprien.\",\"breadcrumb\":{\"@id\":\"https:\\\/\\\/campinglesgalets.fr\\\/ca\\\/tourisme-saint-cyprien\\\/#breadcrumb\"},\"inLanguage\":\"ca\",\"potentialAction\":[{\"@type\":\"ReadAction\",\"target\":[\"https:\\\/\\\/campinglesgalets.fr\\\/ca\\\/tourisme-saint-cyprien\\\/\"]}]},{\"@type\":\"ImageObject\",\"inLanguage\":\"ca\",\"@id\":\"https:\\\/\\\/campinglesgalets.fr\\\/ca\\\/tourisme-saint-cyprien\\\/#primaryimage\",\"url\":\"https:\\\/\\\/campinglesgalets.fr\\\/wp-content\\\/uploads\\\/2023\\\/03\\\/velo-saint-cyprien.jpg\",\"contentUrl\":\"https:\\\/\\\/campinglesgalets.fr\\\/wp-content\\\/uploads\\\/2023\\\/03\\\/velo-saint-cyprien.jpg\",\"width\":1900,\"height\":650},{\"@type\":\"BreadcrumbList\",\"@id\":\"https:\\\/\\\/campinglesgalets.fr\\\/ca\\\/tourisme-saint-cyprien\\\/#breadcrumb\",\"itemListElement\":[{\"@type\":\"ListItem\",\"position\":1,\"name\":\"Camping \u00e0 Argel\u00e8s-sur-Mer\",\"item\":\"https:\\\/\\\/campinglesgalets.fr\\\/ca\\\/\"},{\"@type\":\"ListItem\",\"position\":2,\"name\":\"Qu\u00e8 fer a Saint-Cyprien? El nostre consell sobre activitats i visionats\"}]},{\"@type\":\"WebSite\",\"@id\":\"https:\\\/\\\/campinglesgalets.fr\\\/ca\\\/#website\",\"url\":\"https:\\\/\\\/campinglesgalets.fr\\\/ca\\\/\",\"name\":\"Camping les galets\",\"description\":\"Camping Argel\u00e8s-sur-Mer\",\"publisher\":{\"@id\":\"https:\\\/\\\/campinglesgalets.fr\\\/ca\\\/#organization\"},\"potentialAction\":[{\"@type\":\"SearchAction\",\"target\":{\"@type\":\"EntryPoint\",\"urlTemplate\":\"https:\\\/\\\/campinglesgalets.fr\\\/ca\\\/?s={search_term_string}\"},\"query-input\":{\"@type\":\"PropertyValueSpecification\",\"valueRequired\":true,\"valueName\":\"search_term_string\"}}],\"inLanguage\":\"ca\"},{\"@type\":\"Organization\",\"@id\":\"https:\\\/\\\/campinglesgalets.fr\\\/ca\\\/#organization\",\"name\":\"Camping les Galets\",\"url\":\"https:\\\/\\\/campinglesgalets.fr\\\/ca\\\/\",\"logo\":{\"@type\":\"ImageObject\",\"inLanguage\":\"ca\",\"@id\":\"https:\\\/\\\/campinglesgalets.fr\\\/ca\\\/#\\\/schema\\\/logo\\\/image\\\/\",\"url\":\"https:\\\/\\\/campinglesgalets.fr\\\/wp-content\\\/uploads\\\/2025\\\/10\\\/Logo_Footer.svg\",\"contentUrl\":\"https:\\\/\\\/campinglesgalets.fr\\\/wp-content\\\/uploads\\\/2025\\\/10\\\/Logo_Footer.svg\",\"width\":267,\"height\":175,\"caption\":\"Camping les Galets\"},\"image\":{\"@id\":\"https:\\\/\\\/campinglesgalets.fr\\\/ca\\\/#\\\/schema\\\/logo\\\/image\\\/\"}}]}<\/script>\n<!-- \/ Yoast SEO plugin. -->","yoast_head_json":{"title":"Visita Saint-Cyprien - Qu\u00e8 veure i fer a Saint-Cyprien?","description":"Profitez de votre s\u00e9jour en camping 4 \u00e9toiles \u00e0 Argel\u00e8s, au camping les Galets, pour visiter la station baln\u00e9aire de Saint-Cyprien.","robots":{"index":"index","follow":"follow","max-snippet":"max-snippet:-1","max-image-preview":"max-image-preview:large","max-video-preview":"max-video-preview:-1"},"canonical":"https:\/\/campinglesgalets.fr\/ca\/tourisme-saint-cyprien\/","og_locale":"ca_ES","og_type":"article","og_title":"Visita Saint-Cyprien - Qu\u00e8 veure i fer a Saint-Cyprien?","og_description":"Profitez de votre s\u00e9jour en camping 4 \u00e9toiles \u00e0 Argel\u00e8s, au camping les Galets, pour visiter la station baln\u00e9aire de Saint-Cyprien.","og_url":"https:\/\/campinglesgalets.fr\/ca\/tourisme-saint-cyprien\/","og_site_name":"Camping les galets","article_modified_time":"2025-04-14T05:58:58+00:00","og_image":[{"width":1900,"height":650,"url":"https:\/\/campinglesgalets.fr\/wp-content\/uploads\/2023\/03\/velo-saint-cyprien.jpg","type":"image\/jpeg"}],"twitter_card":"summary_large_image","twitter_misc":{"Temps estimat de lectura":"3 minuts"},"schema":{"@context":"https:\/\/schema.org","@graph":[{"@type":"WebPage","@id":"https:\/\/campinglesgalets.fr\/ca\/tourisme-saint-cyprien\/","url":"https:\/\/campinglesgalets.fr\/ca\/tourisme-saint-cyprien\/","name":"Visita Saint-Cyprien - Qu\u00e8 veure i fer a Saint-Cyprien?","isPartOf":{"@id":"https:\/\/campinglesgalets.fr\/ca\/#website"},"primaryImageOfPage":{"@id":"https:\/\/campinglesgalets.fr\/ca\/tourisme-saint-cyprien\/#primaryimage"},"image":{"@id":"https:\/\/campinglesgalets.fr\/ca\/tourisme-saint-cyprien\/#primaryimage"},"thumbnailUrl":"https:\/\/campinglesgalets.fr\/wp-content\/uploads\/2023\/03\/velo-saint-cyprien.jpg","datePublished":"2023-03-07T16:13:41+00:00","dateModified":"2025-04-14T05:58:58+00:00","description":"Profitez de votre s\u00e9jour en camping 4 \u00e9toiles \u00e0 Argel\u00e8s, au camping les Galets, pour visiter la station baln\u00e9aire de Saint-Cyprien.","breadcrumb":{"@id":"https:\/\/campinglesgalets.fr\/ca\/tourisme-saint-cyprien\/#breadcrumb"},"inLanguage":"ca","potentialAction":[{"@type":"ReadAction","target":["https:\/\/campinglesgalets.fr\/ca\/tourisme-saint-cyprien\/"]}]},{"@type":"ImageObject","inLanguage":"ca","@id":"https:\/\/campinglesgalets.fr\/ca\/tourisme-saint-cyprien\/#primaryimage","url":"https:\/\/campinglesgalets.fr\/wp-content\/uploads\/2023\/03\/velo-saint-cyprien.jpg","contentUrl":"https:\/\/campinglesgalets.fr\/wp-content\/uploads\/2023\/03\/velo-saint-cyprien.jpg","width":1900,"height":650},{"@type":"BreadcrumbList","@id":"https:\/\/campinglesgalets.fr\/ca\/tourisme-saint-cyprien\/#breadcrumb","itemListElement":[{"@type":"ListItem","position":1,"name":"Camping \u00e0 Argel\u00e8s-sur-Mer","item":"https:\/\/campinglesgalets.fr\/ca\/"},{"@type":"ListItem","position":2,"name":"Qu\u00e8 fer a Saint-Cyprien? El nostre consell sobre activitats i visionats"}]},{"@type":"WebSite","@id":"https:\/\/campinglesgalets.fr\/ca\/#website","url":"https:\/\/campinglesgalets.fr\/ca\/","name":"Camping les galets","description":"Camping Argel\u00e8s-sur-Mer","publisher":{"@id":"https:\/\/campinglesgalets.fr\/ca\/#organization"},"potentialAction":[{"@type":"SearchAction","target":{"@type":"EntryPoint","urlTemplate":"https:\/\/campinglesgalets.fr\/ca\/?s={search_term_string}"},"query-input":{"@type":"PropertyValueSpecification","valueRequired":true,"valueName":"search_term_string"}}],"inLanguage":"ca"},{"@type":"Organization","@id":"https:\/\/campinglesgalets.fr\/ca\/#organization","name":"Camping les Galets","url":"https:\/\/campinglesgalets.fr\/ca\/","logo":{"@type":"ImageObject","inLanguage":"ca","@id":"https:\/\/campinglesgalets.fr\/ca\/#\/schema\/logo\/image\/","url":"https:\/\/campinglesgalets.fr\/wp-content\/uploads\/2025\/10\/Logo_Footer.svg","contentUrl":"https:\/\/campinglesgalets.fr\/wp-content\/uploads\/2025\/10\/Logo_Footer.svg","width":267,"height":175,"caption":"Camping les Galets"},"image":{"@id":"https:\/\/campinglesgalets.fr\/ca\/#\/schema\/logo\/image\/"}}]}},"_links":{"self":[{"href":"https:\/\/campinglesgalets.fr\/ca\/wp-json\/wp\/v2\/pages\/25648","targetHints":{"allow":["GET"]}}],"collection":[{"href":"https:\/\/campinglesgalets.fr\/ca\/wp-json\/wp\/v2\/pages"}],"about":[{"href":"https:\/\/campinglesgalets.fr\/ca\/wp-json\/wp\/v2\/types\/page"}],"author":[{"embeddable":true,"href":"https:\/\/campinglesgalets.fr\/ca\/wp-json\/wp\/v2\/users\/1"}],"replies":[{"embeddable":true,"href":"https:\/\/campinglesgalets.fr\/ca\/wp-json\/wp\/v2\/comments?post=25648"}],"version-history":[{"count":0,"href":"https:\/\/campinglesgalets.fr\/ca\/wp-json\/wp\/v2\/pages\/25648\/revisions"}],"wp:featuredmedia":[{"embeddable":true,"href":"https:\/\/campinglesgalets.fr\/ca\/wp-json\/wp\/v2\/media\/24699"}],"wp:attachment":[{"href":"https:\/\/campinglesgalets.fr\/ca\/wp-json\/wp\/v2\/media?parent=25648"}],"curies":[{"name":"wp","href":"https:\/\/api.w.org\/{rel}","templated":true}]}}