{"id":25642,"date":"2023-03-07T17:11:15","date_gmt":"2023-03-07T16:11:15","guid":{"rendered":"https:\/\/campinglesgalets.fr\/tourisme-perpignan\/"},"modified":"2025-04-14T06:57:25","modified_gmt":"2025-04-14T05:57:25","slug":"tourisme-perpignan","status":"publish","type":"page","link":"https:\/\/campinglesgalets.fr\/ca\/tourisme-perpignan\/","title":{"rendered":"Visitant Perpiny\u00e0 &#8211; El nostre consell per a activitats i visites tur\u00edstiques"},"content":{"rendered":"<p>Coneguda com la capital del Rossell\u00f3, la ciutat de <strong>Perpiny\u00e0<\/strong>, als <a href=\"https:\/\/campinglesgalets.fr\/ca\/els-pirineus-orientals\/\">Pirineus Orientals<\/a>, es caracteritza per la seva forta identitat catalana i les seves panor\u00e0miques exuberants. \u00c9s un lloc que atreu turistes amb els seus nombrosos atractius, entre els quals hi ha<strong> monuments<\/strong> i <strong>museus<\/strong>. Entre <strong>caminades<\/strong> i <strong>excursions<\/strong>, hi ha infinitat d&#8217;opcions d&#8217;activitats per a cada tipus de visitant. Tant si es tracta de caiac de mar, barranquisme a les <strong>Gorges <\/strong>o<strong> submarinisme<\/strong>, n&#8217;hi ha per a tots els gustos. Aqu\u00ed teniu algunes idees de visites i activitats per fer quan visiteu <strong>Perpiny\u00e0<\/strong>.<\/p>\n<h2>Qu\u00e8 visitar a Perpiny\u00e0?<\/h2>\n<p><strong>Entre el mar i la muntanya<\/strong>, Perpiny\u00e0, al sud de Fran\u00e7a, t\u00e9 molt a oferir per descobrir la ciutat. Amb el seu ric patrimoni hist\u00f2ric, la ciutat est\u00e0 esperant per ser explorada.<\/p>\n<ul>\n<li>Per comen\u00e7ar, l&#8217;emblema de Perpiny\u00e0 \u00e9s <strong>el Castillet<\/strong>, una antiga torre de ma\u00f3 vermell constru\u00efda durant el regnat de Pere IV d&#8217;Arag\u00f3 al segle XIV. Actualment acull un petit museu catal\u00e0 d&#8217;art i tradicions populars.<\/li>\n<li>El<strong> Palau dels Reis de Mallorca<\/strong>, on podreu con\u00e8ixer la hist\u00f2ria dels Reis de Mallorca en una visita guiada d&#8217;una hora i mitja aproximadament.<br \/>\nEl Mus\u00e9e des Poup\u00e9es Bella al n\u00famero 6, avenue du Languedoc: m\u00e9s de 500 nines i fotografies i cartells d&#8217;artistes s&#8217;exposen en aquest original museu<\/li>\n<li>El Museu Rigaud, al n\u00famero 16 de la rue de l&#8217;Ange, acull la col\u00b7lecci\u00f3 de &#8220;petit format&#8221;, amb un total de 210 quadres d&#8217;artistes contemporanis com Rigaud, Picasso, Dufy, Maillol i Miro.<\/li>\n<li><strong>Visiteu el poble festiu de C\u00e9ret,<\/strong> on tenen lloc una s\u00e8rie d&#8217;actes populars, com la festa de la sardana i la de la cirera.<\/li>\n<li><strong>La fortalesa de Salses<\/strong> us convida a un recorregut hist\u00f2ric en un entorn natural excepcional entre les Corbi\u00e8res i els llacs de Salses.<\/li>\n<li><strong>Villefranche-de-Conflent: <\/strong>feu una excursi\u00f3 al petit poble de Villefranche-de-Content, envoltat de muntanyes. \u00c9s molt popular entre els turistes a l&#8217;estiu i es visita millor al mat\u00ed.<\/li>\n<\/ul>\n<p><img loading=\"lazy\" decoding=\"async\" class=\"size-full wp-image-22628 aligncenter\" src=\"https:\/\/campinglesgalets.fr\/wp-content\/uploads\/2023\/03\/perpignan-300x100-1.jpg\" alt=\"\" width=\"300\" height=\"100\" \/><\/p>\n<h2>Qu\u00e8 fer a Perpiny\u00e0<\/h2>\n<p>La ciutat catalana ofereix una gran varietat d&#8217;activitats d&#8217;oci, a m\u00e9s dels llocs d&#8217;inter\u00e8s anteriors.<\/p>\n<ul>\n<li><strong>Una excursi\u00f3 amb vaixell<\/strong> \u00e9s la millor manera de visitar la costa, ja que la ciutat es troba a nom\u00e9s 13 km del mar Mediterrani. Amb 300 dies de sol a l&#8217;any, un viatge en vaixell \u00e9s una gran experi\u00e8ncia per fer amb amics i familiars.<\/li>\n<li>Els amants de l&#8217;emoci\u00f3 poden fer barranquisme a les <strong>Gorges<\/strong>, de les quals n&#8217;hi ha molts a <strong>Perpiny\u00e0<\/strong>. A prop del poble de C\u00e9ret, al <strong>mass\u00eds de les Alb\u00e8res<\/strong>, podeu baixar en r\u00e0pel per cascades, saltar a avencs o lliscar per tobogans naturals.<\/li>\n<li>Relaxeu-vos en una de les <strong>platges<\/strong> dels voltants de <strong>Perpiny\u00e0<\/strong>. A les grans planes de sorra blanca, els esports aqu\u00e0tics estan a l&#8217;ordre del dia, tant si et submergeixes al mar com si et descanses a les petites i tranquil\u00b7les platges o badies que formen el litoral.<\/li>\n<\/ul>\n<h2>Perpiny\u00e0, ciutat festiva<\/h2>\n<p>Aquesta antiga fortalesa de la costa mediterr\u00e0nia, amb les seves cases altes i estretes sovint de color taronja, vermell o rosa, \u00e9s tamb\u00e9 una ciutat amb barris on viuen comunitats molt diferents i on es fan moltes festes. Aqu\u00ed s&#8217;hi representa sovint la sardana, un ball popular catal\u00e0. La ciutat tamb\u00e9 celebra Sant Jordi i Sant Joan, quan la flama guardada a la fortalesa de <strong>Castillet<\/strong> \u00e9s portada al <strong>cim del mont Canig\u00f3<\/strong>. La process\u00f3 de penitents de Setmana Santa \u00e9s l&#8217;esdeveniment de Setmana Santa m\u00e9s important de la regi\u00f3 catalana i una oportunitat per a la ciutat de fer honor a les seves tradicions. A m\u00e9s d&#8217;un calendari ple de festivals i esdeveniments, la ciutat tamb\u00e9 compta amb un gran nombre de bars, tots els quals irradien l&#8217;ambient acollidor de la regi\u00f3, com els imperdibles bars de tapes, t\u00edpics del sud de Fran\u00e7a. Si us allotgeu en un c\u00e0mping prop de <strong>Perpiny\u00e0<\/strong> podreu gaudir de totes aquestes festes.<\/p>\n<p><strong>Descobriu tamb\u00e9:<\/strong><\/p>\n<ul>\n<li><a href=\"https:\/\/campinglesgalets.fr\/ca\/el-mar-mediterrani\/\">La Mer M\u00e9diterran\u00e9e<\/a><\/li>\n<li><a href=\"https:\/\/campinglesgalets.fr\/ca\/els-pirineus-orientals\/\">Les Pyr\u00e9nn\u00e9es Orientales<\/a><\/li>\n<li><a href=\"https:\/\/campinglesgalets.fr\/ca\/tourisme-collioure\/\">Collioure<\/a><\/li>\n<li><a href=\"https:\/\/campinglesgalets.fr\/ca\/tourisme-saint-cyprien\/\">Saint Cyprien<\/a><\/li>\n<\/ul>\n","protected":false},"excerpt":{"rendered":"<p>Coneguda com la capital del Rossell\u00f3, la ciutat de Perpiny\u00e0, als Pirineus Orientals, es caracteritza per la seva forta identitat catalana i les seves panor\u00e0miques exuberants. \u00c9s un lloc que atreu turistes amb els seus nombrosos atractius, entre els quals hi ha monuments i museus. Entre caminades i excursions, hi ha infinitat d&#8217;opcions d&#8217;activitats per [&hellip;]<\/p>\n","protected":false},"author":1,"featured_media":24694,"parent":0,"menu_order":0,"comment_status":"closed","ping_status":"closed","template":"","meta":{"_acf_changed":false,"_et_pb_use_builder":"","_et_pb_old_content":"","_et_gb_content_width":"","footnotes":""},"class_list":["post-25642","page","type-page","status-publish","has-post-thumbnail","hentry"],"acf":[],"yoast_head":"<!-- This site is optimized with the Yoast SEO plugin v27.4 - https:\/\/yoast.com\/product\/yoast-seo-wordpress\/ -->\n<title>Visita Perpiny\u00e0 - Qu\u00e8 veure i fer a Perpiny\u00e0?<\/title>\n<meta name=\"description\" content=\"Profitez de votre s\u00e9jour en camping 4 \u00e9toiles \u00e0 Argel\u00e8s, au camping les Galets, pour visiter l&#039;incontournable ville de Perpignan.\" \/>\n<meta name=\"robots\" content=\"index, follow, max-snippet:-1, max-image-preview:large, max-video-preview:-1\" \/>\n<link rel=\"canonical\" href=\"https:\/\/campinglesgalets.fr\/ca\/tourisme-perpignan\/\" \/>\n<meta property=\"og:locale\" content=\"ca_ES\" \/>\n<meta property=\"og:type\" content=\"article\" \/>\n<meta property=\"og:title\" content=\"Visita Perpiny\u00e0 - Qu\u00e8 veure i fer a Perpiny\u00e0?\" \/>\n<meta property=\"og:description\" content=\"Profitez de votre s\u00e9jour en camping 4 \u00e9toiles \u00e0 Argel\u00e8s, au camping les Galets, pour visiter l&#039;incontournable ville de Perpignan.\" \/>\n<meta property=\"og:url\" content=\"https:\/\/campinglesgalets.fr\/ca\/tourisme-perpignan\/\" \/>\n<meta property=\"og:site_name\" content=\"Camping les galets\" \/>\n<meta property=\"article:modified_time\" content=\"2025-04-14T05:57:25+00:00\" \/>\n<meta property=\"og:image\" content=\"https:\/\/campinglesgalets.fr\/wp-content\/uploads\/2023\/03\/img-perpignan-2.jpg\" \/>\n\t<meta property=\"og:image:width\" content=\"285\" \/>\n\t<meta property=\"og:image:height\" content=\"229\" \/>\n\t<meta property=\"og:image:type\" content=\"image\/jpeg\" \/>\n<meta name=\"twitter:card\" content=\"summary_large_image\" \/>\n<meta name=\"twitter:label1\" content=\"Temps estimat de lectura\" \/>\n\t<meta name=\"twitter:data1\" content=\"4 minuts\" \/>\n<script type=\"application\/ld+json\" class=\"yoast-schema-graph\">{\"@context\":\"https:\\\/\\\/schema.org\",\"@graph\":[{\"@type\":\"WebPage\",\"@id\":\"https:\\\/\\\/campinglesgalets.fr\\\/ca\\\/tourisme-perpignan\\\/\",\"url\":\"https:\\\/\\\/campinglesgalets.fr\\\/ca\\\/tourisme-perpignan\\\/\",\"name\":\"Visita Perpiny\u00e0 - Qu\u00e8 veure i fer a Perpiny\u00e0?\",\"isPartOf\":{\"@id\":\"https:\\\/\\\/campinglesgalets.fr\\\/ca\\\/#website\"},\"primaryImageOfPage\":{\"@id\":\"https:\\\/\\\/campinglesgalets.fr\\\/ca\\\/tourisme-perpignan\\\/#primaryimage\"},\"image\":{\"@id\":\"https:\\\/\\\/campinglesgalets.fr\\\/ca\\\/tourisme-perpignan\\\/#primaryimage\"},\"thumbnailUrl\":\"https:\\\/\\\/campinglesgalets.fr\\\/wp-content\\\/uploads\\\/2023\\\/03\\\/img-perpignan-2.jpg\",\"datePublished\":\"2023-03-07T16:11:15+00:00\",\"dateModified\":\"2025-04-14T05:57:25+00:00\",\"description\":\"Profitez de votre s\u00e9jour en camping 4 \u00e9toiles \u00e0 Argel\u00e8s, au camping les Galets, pour visiter l'incontournable ville de Perpignan.\",\"breadcrumb\":{\"@id\":\"https:\\\/\\\/campinglesgalets.fr\\\/ca\\\/tourisme-perpignan\\\/#breadcrumb\"},\"inLanguage\":\"ca\",\"potentialAction\":[{\"@type\":\"ReadAction\",\"target\":[\"https:\\\/\\\/campinglesgalets.fr\\\/ca\\\/tourisme-perpignan\\\/\"]}]},{\"@type\":\"ImageObject\",\"inLanguage\":\"ca\",\"@id\":\"https:\\\/\\\/campinglesgalets.fr\\\/ca\\\/tourisme-perpignan\\\/#primaryimage\",\"url\":\"https:\\\/\\\/campinglesgalets.fr\\\/wp-content\\\/uploads\\\/2023\\\/03\\\/img-perpignan-2.jpg\",\"contentUrl\":\"https:\\\/\\\/campinglesgalets.fr\\\/wp-content\\\/uploads\\\/2023\\\/03\\\/img-perpignan-2.jpg\",\"width\":285,\"height\":229},{\"@type\":\"BreadcrumbList\",\"@id\":\"https:\\\/\\\/campinglesgalets.fr\\\/ca\\\/tourisme-perpignan\\\/#breadcrumb\",\"itemListElement\":[{\"@type\":\"ListItem\",\"position\":1,\"name\":\"Camping \u00e0 Argel\u00e8s-sur-Mer\",\"item\":\"https:\\\/\\\/campinglesgalets.fr\\\/ca\\\/\"},{\"@type\":\"ListItem\",\"position\":2,\"name\":\"Visitant Perpiny\u00e0 &#8211; El nostre consell per a activitats i visites tur\u00edstiques\"}]},{\"@type\":\"WebSite\",\"@id\":\"https:\\\/\\\/campinglesgalets.fr\\\/ca\\\/#website\",\"url\":\"https:\\\/\\\/campinglesgalets.fr\\\/ca\\\/\",\"name\":\"Camping les galets\",\"description\":\"Camping Argel\u00e8s-sur-Mer\",\"publisher\":{\"@id\":\"https:\\\/\\\/campinglesgalets.fr\\\/ca\\\/#organization\"},\"potentialAction\":[{\"@type\":\"SearchAction\",\"target\":{\"@type\":\"EntryPoint\",\"urlTemplate\":\"https:\\\/\\\/campinglesgalets.fr\\\/ca\\\/?s={search_term_string}\"},\"query-input\":{\"@type\":\"PropertyValueSpecification\",\"valueRequired\":true,\"valueName\":\"search_term_string\"}}],\"inLanguage\":\"ca\"},{\"@type\":\"Organization\",\"@id\":\"https:\\\/\\\/campinglesgalets.fr\\\/ca\\\/#organization\",\"name\":\"Camping les Galets\",\"url\":\"https:\\\/\\\/campinglesgalets.fr\\\/ca\\\/\",\"logo\":{\"@type\":\"ImageObject\",\"inLanguage\":\"ca\",\"@id\":\"https:\\\/\\\/campinglesgalets.fr\\\/ca\\\/#\\\/schema\\\/logo\\\/image\\\/\",\"url\":\"https:\\\/\\\/campinglesgalets.fr\\\/wp-content\\\/uploads\\\/2025\\\/10\\\/Logo_Footer.svg\",\"contentUrl\":\"https:\\\/\\\/campinglesgalets.fr\\\/wp-content\\\/uploads\\\/2025\\\/10\\\/Logo_Footer.svg\",\"width\":267,\"height\":175,\"caption\":\"Camping les Galets\"},\"image\":{\"@id\":\"https:\\\/\\\/campinglesgalets.fr\\\/ca\\\/#\\\/schema\\\/logo\\\/image\\\/\"}}]}<\/script>\n<!-- \/ Yoast SEO plugin. -->","yoast_head_json":{"title":"Visita Perpiny\u00e0 - Qu\u00e8 veure i fer a Perpiny\u00e0?","description":"Profitez de votre s\u00e9jour en camping 4 \u00e9toiles \u00e0 Argel\u00e8s, au camping les Galets, pour visiter l'incontournable ville de Perpignan.","robots":{"index":"index","follow":"follow","max-snippet":"max-snippet:-1","max-image-preview":"max-image-preview:large","max-video-preview":"max-video-preview:-1"},"canonical":"https:\/\/campinglesgalets.fr\/ca\/tourisme-perpignan\/","og_locale":"ca_ES","og_type":"article","og_title":"Visita Perpiny\u00e0 - Qu\u00e8 veure i fer a Perpiny\u00e0?","og_description":"Profitez de votre s\u00e9jour en camping 4 \u00e9toiles \u00e0 Argel\u00e8s, au camping les Galets, pour visiter l'incontournable ville de Perpignan.","og_url":"https:\/\/campinglesgalets.fr\/ca\/tourisme-perpignan\/","og_site_name":"Camping les galets","article_modified_time":"2025-04-14T05:57:25+00:00","og_image":[{"width":285,"height":229,"url":"https:\/\/campinglesgalets.fr\/wp-content\/uploads\/2023\/03\/img-perpignan-2.jpg","type":"image\/jpeg"}],"twitter_card":"summary_large_image","twitter_misc":{"Temps estimat de lectura":"4 minuts"},"schema":{"@context":"https:\/\/schema.org","@graph":[{"@type":"WebPage","@id":"https:\/\/campinglesgalets.fr\/ca\/tourisme-perpignan\/","url":"https:\/\/campinglesgalets.fr\/ca\/tourisme-perpignan\/","name":"Visita Perpiny\u00e0 - Qu\u00e8 veure i fer a Perpiny\u00e0?","isPartOf":{"@id":"https:\/\/campinglesgalets.fr\/ca\/#website"},"primaryImageOfPage":{"@id":"https:\/\/campinglesgalets.fr\/ca\/tourisme-perpignan\/#primaryimage"},"image":{"@id":"https:\/\/campinglesgalets.fr\/ca\/tourisme-perpignan\/#primaryimage"},"thumbnailUrl":"https:\/\/campinglesgalets.fr\/wp-content\/uploads\/2023\/03\/img-perpignan-2.jpg","datePublished":"2023-03-07T16:11:15+00:00","dateModified":"2025-04-14T05:57:25+00:00","description":"Profitez de votre s\u00e9jour en camping 4 \u00e9toiles \u00e0 Argel\u00e8s, au camping les Galets, pour visiter l'incontournable ville de Perpignan.","breadcrumb":{"@id":"https:\/\/campinglesgalets.fr\/ca\/tourisme-perpignan\/#breadcrumb"},"inLanguage":"ca","potentialAction":[{"@type":"ReadAction","target":["https:\/\/campinglesgalets.fr\/ca\/tourisme-perpignan\/"]}]},{"@type":"ImageObject","inLanguage":"ca","@id":"https:\/\/campinglesgalets.fr\/ca\/tourisme-perpignan\/#primaryimage","url":"https:\/\/campinglesgalets.fr\/wp-content\/uploads\/2023\/03\/img-perpignan-2.jpg","contentUrl":"https:\/\/campinglesgalets.fr\/wp-content\/uploads\/2023\/03\/img-perpignan-2.jpg","width":285,"height":229},{"@type":"BreadcrumbList","@id":"https:\/\/campinglesgalets.fr\/ca\/tourisme-perpignan\/#breadcrumb","itemListElement":[{"@type":"ListItem","position":1,"name":"Camping \u00e0 Argel\u00e8s-sur-Mer","item":"https:\/\/campinglesgalets.fr\/ca\/"},{"@type":"ListItem","position":2,"name":"Visitant Perpiny\u00e0 &#8211; El nostre consell per a activitats i visites tur\u00edstiques"}]},{"@type":"WebSite","@id":"https:\/\/campinglesgalets.fr\/ca\/#website","url":"https:\/\/campinglesgalets.fr\/ca\/","name":"Camping les galets","description":"Camping Argel\u00e8s-sur-Mer","publisher":{"@id":"https:\/\/campinglesgalets.fr\/ca\/#organization"},"potentialAction":[{"@type":"SearchAction","target":{"@type":"EntryPoint","urlTemplate":"https:\/\/campinglesgalets.fr\/ca\/?s={search_term_string}"},"query-input":{"@type":"PropertyValueSpecification","valueRequired":true,"valueName":"search_term_string"}}],"inLanguage":"ca"},{"@type":"Organization","@id":"https:\/\/campinglesgalets.fr\/ca\/#organization","name":"Camping les Galets","url":"https:\/\/campinglesgalets.fr\/ca\/","logo":{"@type":"ImageObject","inLanguage":"ca","@id":"https:\/\/campinglesgalets.fr\/ca\/#\/schema\/logo\/image\/","url":"https:\/\/campinglesgalets.fr\/wp-content\/uploads\/2025\/10\/Logo_Footer.svg","contentUrl":"https:\/\/campinglesgalets.fr\/wp-content\/uploads\/2025\/10\/Logo_Footer.svg","width":267,"height":175,"caption":"Camping les Galets"},"image":{"@id":"https:\/\/campinglesgalets.fr\/ca\/#\/schema\/logo\/image\/"}}]}},"_links":{"self":[{"href":"https:\/\/campinglesgalets.fr\/ca\/wp-json\/wp\/v2\/pages\/25642","targetHints":{"allow":["GET"]}}],"collection":[{"href":"https:\/\/campinglesgalets.fr\/ca\/wp-json\/wp\/v2\/pages"}],"about":[{"href":"https:\/\/campinglesgalets.fr\/ca\/wp-json\/wp\/v2\/types\/page"}],"author":[{"embeddable":true,"href":"https:\/\/campinglesgalets.fr\/ca\/wp-json\/wp\/v2\/users\/1"}],"replies":[{"embeddable":true,"href":"https:\/\/campinglesgalets.fr\/ca\/wp-json\/wp\/v2\/comments?post=25642"}],"version-history":[{"count":0,"href":"https:\/\/campinglesgalets.fr\/ca\/wp-json\/wp\/v2\/pages\/25642\/revisions"}],"wp:featuredmedia":[{"embeddable":true,"href":"https:\/\/campinglesgalets.fr\/ca\/wp-json\/wp\/v2\/media\/24694"}],"wp:attachment":[{"href":"https:\/\/campinglesgalets.fr\/ca\/wp-json\/wp\/v2\/media?parent=25642"}],"curies":[{"name":"wp","href":"https:\/\/api.w.org\/{rel}","templated":true}]}}