{"id":25636,"date":"2023-03-07T16:58:21","date_gmt":"2023-03-07T15:58:21","guid":{"rendered":"https:\/\/campinglesgalets.fr\/tourisme-collioure\/"},"modified":"2025-04-14T06:56:04","modified_gmt":"2025-04-14T05:56:04","slug":"tourisme-collioure","status":"publish","type":"page","link":"https:\/\/campinglesgalets.fr\/ca\/tourisme-collioure\/","title":{"rendered":"Visitar Cotlliure &#8211; Qu\u00e8 veure i fer a Cotlliure?"},"content":{"rendered":"<p>La localitat costanera de <strong>Cotlliure<\/strong>, als <a href=\"https:\/\/campinglesgalets.fr\/ca\/els-pirineus-orientals\/\">Pirineus Orientals<\/a>, a la regi\u00f3 catalana de Fran\u00e7a, t\u00e9 molt d&#8217;encant i per aix\u00f2 atrau tants turistes els dies assolellats. Amb el seu nucli antic, la seva emblem\u00e0tica esgl\u00e9sia, el seu castell reial i el seu museu d&#8217;art modern, l&#8217;encantadora ciutat de <strong>Cotlliure<\/strong> t\u00e9 molt a oferir. A m\u00e9s, es descriu com una de les ciutats m\u00e9s belles d&#8217;Occit\u00e0nia, una aut\u00e8ntica joia de la Costa Vermella. Quan estiguis a <strong>Cotlliure<\/strong>, aprofita per descobrir els seus principals monuments i gaudir de les nombroses activitats de la zona. A la regi\u00f3 del Llenguadoc Rossell\u00f3 trobareu nombrosos c\u00e0mpings prop de Cotlliure.<\/p>\n<p><img decoding=\"async\" class=\"size-full wp-image-22625 aligncenter\" src=\"https:\/\/campinglesgalets.fr\/wp-content\/uploads\/2023\/03\/collioure-1-300x100-1.jpg\" alt=\"\" width=\"300\" \/><\/p>\n<h2>Qu\u00e8 visitar a Cotlliure Descobreix el bell centre hist\u00f2ric de la ciutat<\/h2>\n<p>Fes una bona passejada pel poble i no t&#8217;oblidis de visitar el seg\u00fcent:<\/p>\n<ul>\n<li>Esgl\u00e9sia de Notre-Dame-des-Anges, una fita mar\u00edtima del segle\u00a0XVII. L&#8217;interior cont\u00e9 obres mestres del barroc, incl\u00f2s el retaule de Joseph Sunyer. El monument guarda una s\u00e8rie de tresors, entre ells el retaule major, un enorme tr\u00edptic de fusta daurada.<\/li>\n<li>El Castell Reial \u00e9s la seg\u00fcent atracci\u00f3 i s&#8217;aixeca orgull\u00f3s a la vora de la badia de la Baleta. T\u00e9 m\u00e9s de 700 anys i va ser fortificat per Vauban. Aprendr\u00e0s no nom\u00e9s sobre el castell, sin\u00f3 tamb\u00e9 sobre la hist\u00f2ria del poble i els seus voltants.<\/li>\n<li>Pots fer una pausa a la terrassa d&#8217;alguna de les cafeteries o gelateries per veure l&#8217;arribada de les anxoves, acabades de pescar al port.<\/li>\n<li>El Mol\u00ed de Cotlliure \u00e9s una atracci\u00f3 imprescindible a nom\u00e9s 15 minuts del castell. Tot i que el mol\u00ed s&#8217;al\u00e7a sobre la ciutat, cal fer un esfor\u00e7 per arribar-hi. Aquest edifici data de l&#8217;any 1337 i actualment s&#8217;utilitza per fer oli.<\/li>\n<li>Si teniu temps, feu una volta al cementiri per veure la tomba d&#8217;Antonio Machado, el &#8220;V\u00edctor Hugo espanyol&#8221;. Es va instal\u00b7lar una b\u00fastia especialment a la seva tomba, que encara est\u00e0 plena de cartes!<\/li>\n<\/ul>\n<h2>Les activitats per fer a Cotlliure<\/h2>\n<p>Com que Cotlliure \u00e9s una localitat mar\u00edtima dels Pirineus Orientals, la costa mediterr\u00e0nia \u00e9s el lloc ideal per a la pr\u00e0ctica d&#8217;esports aqu\u00e0tics. Aqu\u00ed teniu algunes idees per fer a Cotlliure:<\/p>\n<ul>\n<li><strong>Sortides en vaixell<\/strong>: amb un vaixell podreu explorar la costa amb les seves badies i platges al llarg del mar Mediterrani. Des de l&#8217;aigua descobrireu el poble d&#8217;una manera completament diferent, una gran experi\u00e8ncia per compartir amb amics i familiars.<\/li>\n<li>Visitar les <strong>platges<\/strong> m\u00e9s boniques de Cotlliure \u00e9s una manera perfecta de carregar les piles, sobretot perqu\u00e8 la majoria es troben a poca dist\u00e0ncia de la ciutat. Entre les m\u00e9s belles hi ha Plage de Faubourg, amb unes vistes impressionants sobre el mar Mediterrani; Plage de l&#8217;Ollie, una agradable platja entre roques i vegetaci\u00f3; Plage de l&#8217;Ouille entre Cotlliure i Agrel\u00e8s-sur-Mer; i la Plage d&#8217;en Baux cap a Port-Vendres, una badia encantadora envoltada de roques i plantes.<\/li>\n<li>Tasteu <strong>especialitats locals<\/strong> com les famoses anxoves de Cotlliure, conegudes pel seu aroma iodat. Els vins AOC Cotlliure s\u00f3n l&#8217;elecci\u00f3 perfecta amb plats i aperitius mediterranis.<\/li>\n<li>Porteu la vostra fam\u00edlia a passejar per la zona, especialment al <strong>Fort Saint-Elme<\/strong>, una fortalesa estrat\u00e8gicament situada en un tur\u00f3 que domina el poble. Hi podeu caminar uns 45 minuts. El cam\u00ed costaner i les muntanyes de l&#8217;interior ofereixen moltes oportunitats per caminar i anar en bicicleta de muntanya.<\/li>\n<li>No us podeu perdre el lloc de<strong> Paulilles<\/strong>. Aquesta antiga f\u00e0brica de dinamita del 1870 s&#8217;ha convertit parcialment en un museu on els visitants poden con\u00e8ixer m\u00e9s sobre la vida a la f\u00e0brica i veure models. Tamb\u00e9 s&#8217;ofereixen visites guiades a la badia. La badia de Paulilles \u00e9s un dels llocs classificats m\u00e9s populars del departament dels Pirineus Orientals.<\/li>\n<\/ul>\n<p><img loading=\"lazy\" decoding=\"async\" class=\"size-full wp-image-22626 aligncenter\" src=\"https:\/\/campinglesgalets.fr\/wp-content\/uploads\/2023\/03\/collioure-proche-camping-argeles-300x169-1.jpg\" alt=\"\" width=\"300\" height=\"169\" \/><\/p>\n<h2>Festes tradicionals a Cotlliure<\/h2>\n<p>Des de l&#8217;any 1701, el 16 d&#8217;agost, se celebra <strong>Sant Vicen\u00e7<\/strong> amb un gran espectacle pirot\u00e8cnic, el m\u00e9s popular de la zona per la seva espectacular ubicaci\u00f3 a la badia. Saint-Vincent \u00e9s una gran festa tradicional que solia celebrar l&#8217;arribada de les rel\u00edquies del patr\u00f3 de la ciutat. Durant els darrers 3 segles, aquestes festes s&#8217;han convertit en un dels moments m\u00e9s destacats de la vida local de la ciutat. Cada any, milers de visitants assisteixen als diferents esdeveniments, com ara cercaviles mar\u00edtimes en vaixells catalans, jocs aqu\u00e0tics, concerts i bandes de m\u00fasica, ballades, sardanes i teatre de carrer&#8230; Des del 2016, el poble de Cotlliure incorpora la festa de l&#8217;anxova! Aquest peix blau, emblem\u00e0tic de la ciutat, se celebra a principis de juny amb demostracions de filet, degustacions i tallers de dibuix per a nens.<\/p>\n<p>Descobreix tamb\u00e9:<\/p>\n<ul>\n<li><a href=\"https:\/\/campinglesgalets.fr\/ca\/tourisme-perpignan\/\">Perpignan<\/a><\/li>\n<li><a href=\"https:\/\/campinglesgalets.fr\/ca\/el-mar-mediterrani\/\">la mer M\u00e9diterran\u00e9e<\/a><\/li>\n<li><a href=\"https:\/\/campinglesgalets.fr\/ca\/els-pirineus-orientals\/\">les Pyr\u00e9nn\u00e9es Orientales<\/a><\/li>\n<\/ul>\n","protected":false},"excerpt":{"rendered":"<p>La localitat costanera de Cotlliure, als Pirineus Orientals, a la regi\u00f3 catalana de Fran\u00e7a, t\u00e9 molt d&#8217;encant i per aix\u00f2 atrau tants turistes els dies assolellats. Amb el seu nucli antic, la seva emblem\u00e0tica esgl\u00e9sia, el seu castell reial i el seu museu d&#8217;art modern, l&#8217;encantadora ciutat de Cotlliure t\u00e9 molt a oferir. A m\u00e9s, [&hellip;]<\/p>\n","protected":false},"author":1,"featured_media":24689,"parent":0,"menu_order":0,"comment_status":"closed","ping_status":"closed","template":"","meta":{"_acf_changed":false,"_et_pb_use_builder":"","_et_pb_old_content":"","_et_gb_content_width":"","footnotes":""},"class_list":["post-25636","page","type-page","status-publish","has-post-thumbnail","hentry"],"acf":[],"yoast_head":"<!-- This site is optimized with the Yoast SEO plugin v27.3 - https:\/\/yoast.com\/product\/yoast-seo-wordpress\/ -->\n<title>Visita Cotlliure - Qu\u00e8 veure i fer a Cotlliure?<\/title>\n<meta name=\"description\" content=\"Profitez de votre s\u00e9jour en camping 4 \u00e9toiles \u00e0 Argel\u00e8s, au camping les Galets, pour visiter le village baln\u00e9aire de Collioure.\" \/>\n<meta name=\"robots\" content=\"index, follow, max-snippet:-1, max-image-preview:large, max-video-preview:-1\" \/>\n<link rel=\"canonical\" href=\"https:\/\/campinglesgalets.fr\/ca\/tourisme-collioure\/\" \/>\n<meta property=\"og:locale\" content=\"ca_ES\" \/>\n<meta property=\"og:type\" content=\"article\" \/>\n<meta property=\"og:title\" content=\"Visita Cotlliure - Qu\u00e8 veure i fer a Cotlliure?\" \/>\n<meta property=\"og:description\" content=\"Profitez de votre s\u00e9jour en camping 4 \u00e9toiles \u00e0 Argel\u00e8s, au camping les Galets, pour visiter le village baln\u00e9aire de Collioure.\" \/>\n<meta property=\"og:url\" content=\"https:\/\/campinglesgalets.fr\/ca\/tourisme-collioure\/\" \/>\n<meta property=\"og:site_name\" content=\"Camping les galets\" \/>\n<meta property=\"article:modified_time\" content=\"2025-04-14T05:56:04+00:00\" \/>\n<meta property=\"og:image\" content=\"https:\/\/campinglesgalets.fr\/wp-content\/uploads\/2023\/03\/plage-collioure.jpg\" \/>\n\t<meta property=\"og:image:width\" content=\"1900\" \/>\n\t<meta property=\"og:image:height\" content=\"600\" \/>\n\t<meta property=\"og:image:type\" content=\"image\/jpeg\" \/>\n<meta name=\"twitter:card\" content=\"summary_large_image\" \/>\n<meta name=\"twitter:label1\" content=\"Temps estimat de lectura\" \/>\n\t<meta name=\"twitter:data1\" content=\"5 minuts\" \/>\n<script type=\"application\/ld+json\" class=\"yoast-schema-graph\">{\"@context\":\"https:\\\/\\\/schema.org\",\"@graph\":[{\"@type\":\"WebPage\",\"@id\":\"https:\\\/\\\/campinglesgalets.fr\\\/ca\\\/tourisme-collioure\\\/\",\"url\":\"https:\\\/\\\/campinglesgalets.fr\\\/ca\\\/tourisme-collioure\\\/\",\"name\":\"Visita Cotlliure - Qu\u00e8 veure i fer a Cotlliure?\",\"isPartOf\":{\"@id\":\"https:\\\/\\\/campinglesgalets.fr\\\/ca\\\/#website\"},\"primaryImageOfPage\":{\"@id\":\"https:\\\/\\\/campinglesgalets.fr\\\/ca\\\/tourisme-collioure\\\/#primaryimage\"},\"image\":{\"@id\":\"https:\\\/\\\/campinglesgalets.fr\\\/ca\\\/tourisme-collioure\\\/#primaryimage\"},\"thumbnailUrl\":\"https:\\\/\\\/campinglesgalets.fr\\\/wp-content\\\/uploads\\\/2023\\\/03\\\/plage-collioure.jpg\",\"datePublished\":\"2023-03-07T15:58:21+00:00\",\"dateModified\":\"2025-04-14T05:56:04+00:00\",\"description\":\"Profitez de votre s\u00e9jour en camping 4 \u00e9toiles \u00e0 Argel\u00e8s, au camping les Galets, pour visiter le village baln\u00e9aire de Collioure.\",\"breadcrumb\":{\"@id\":\"https:\\\/\\\/campinglesgalets.fr\\\/ca\\\/tourisme-collioure\\\/#breadcrumb\"},\"inLanguage\":\"ca\",\"potentialAction\":[{\"@type\":\"ReadAction\",\"target\":[\"https:\\\/\\\/campinglesgalets.fr\\\/ca\\\/tourisme-collioure\\\/\"]}]},{\"@type\":\"ImageObject\",\"inLanguage\":\"ca\",\"@id\":\"https:\\\/\\\/campinglesgalets.fr\\\/ca\\\/tourisme-collioure\\\/#primaryimage\",\"url\":\"https:\\\/\\\/campinglesgalets.fr\\\/wp-content\\\/uploads\\\/2023\\\/03\\\/plage-collioure.jpg\",\"contentUrl\":\"https:\\\/\\\/campinglesgalets.fr\\\/wp-content\\\/uploads\\\/2023\\\/03\\\/plage-collioure.jpg\",\"width\":1900,\"height\":600,\"caption\":\"plage collioure proche argel\u00e8s sur mer\"},{\"@type\":\"BreadcrumbList\",\"@id\":\"https:\\\/\\\/campinglesgalets.fr\\\/ca\\\/tourisme-collioure\\\/#breadcrumb\",\"itemListElement\":[{\"@type\":\"ListItem\",\"position\":1,\"name\":\"Camping \u00e0 Argel\u00e8s-sur-Mer\",\"item\":\"https:\\\/\\\/campinglesgalets.fr\\\/ca\\\/\"},{\"@type\":\"ListItem\",\"position\":2,\"name\":\"Visitar Cotlliure &#8211; Qu\u00e8 veure i fer a Cotlliure?\"}]},{\"@type\":\"WebSite\",\"@id\":\"https:\\\/\\\/campinglesgalets.fr\\\/ca\\\/#website\",\"url\":\"https:\\\/\\\/campinglesgalets.fr\\\/ca\\\/\",\"name\":\"Camping les galets\",\"description\":\"Camping Argel\u00e8s-sur-Mer\",\"publisher\":{\"@id\":\"https:\\\/\\\/campinglesgalets.fr\\\/ca\\\/#organization\"},\"potentialAction\":[{\"@type\":\"SearchAction\",\"target\":{\"@type\":\"EntryPoint\",\"urlTemplate\":\"https:\\\/\\\/campinglesgalets.fr\\\/ca\\\/?s={search_term_string}\"},\"query-input\":{\"@type\":\"PropertyValueSpecification\",\"valueRequired\":true,\"valueName\":\"search_term_string\"}}],\"inLanguage\":\"ca\"},{\"@type\":\"Organization\",\"@id\":\"https:\\\/\\\/campinglesgalets.fr\\\/ca\\\/#organization\",\"name\":\"Camping les Galets\",\"url\":\"https:\\\/\\\/campinglesgalets.fr\\\/ca\\\/\",\"logo\":{\"@type\":\"ImageObject\",\"inLanguage\":\"ca\",\"@id\":\"https:\\\/\\\/campinglesgalets.fr\\\/ca\\\/#\\\/schema\\\/logo\\\/image\\\/\",\"url\":\"https:\\\/\\\/campinglesgalets.fr\\\/wp-content\\\/uploads\\\/2025\\\/10\\\/Logo_Footer.svg\",\"contentUrl\":\"https:\\\/\\\/campinglesgalets.fr\\\/wp-content\\\/uploads\\\/2025\\\/10\\\/Logo_Footer.svg\",\"width\":267,\"height\":175,\"caption\":\"Camping les Galets\"},\"image\":{\"@id\":\"https:\\\/\\\/campinglesgalets.fr\\\/ca\\\/#\\\/schema\\\/logo\\\/image\\\/\"}}]}<\/script>\n<!-- \/ Yoast SEO plugin. -->","yoast_head_json":{"title":"Visita Cotlliure - Qu\u00e8 veure i fer a Cotlliure?","description":"Profitez de votre s\u00e9jour en camping 4 \u00e9toiles \u00e0 Argel\u00e8s, au camping les Galets, pour visiter le village baln\u00e9aire de Collioure.","robots":{"index":"index","follow":"follow","max-snippet":"max-snippet:-1","max-image-preview":"max-image-preview:large","max-video-preview":"max-video-preview:-1"},"canonical":"https:\/\/campinglesgalets.fr\/ca\/tourisme-collioure\/","og_locale":"ca_ES","og_type":"article","og_title":"Visita Cotlliure - Qu\u00e8 veure i fer a Cotlliure?","og_description":"Profitez de votre s\u00e9jour en camping 4 \u00e9toiles \u00e0 Argel\u00e8s, au camping les Galets, pour visiter le village baln\u00e9aire de Collioure.","og_url":"https:\/\/campinglesgalets.fr\/ca\/tourisme-collioure\/","og_site_name":"Camping les galets","article_modified_time":"2025-04-14T05:56:04+00:00","og_image":[{"width":1900,"height":600,"url":"https:\/\/campinglesgalets.fr\/wp-content\/uploads\/2023\/03\/plage-collioure.jpg","type":"image\/jpeg"}],"twitter_card":"summary_large_image","twitter_misc":{"Temps estimat de lectura":"5 minuts"},"schema":{"@context":"https:\/\/schema.org","@graph":[{"@type":"WebPage","@id":"https:\/\/campinglesgalets.fr\/ca\/tourisme-collioure\/","url":"https:\/\/campinglesgalets.fr\/ca\/tourisme-collioure\/","name":"Visita Cotlliure - Qu\u00e8 veure i fer a Cotlliure?","isPartOf":{"@id":"https:\/\/campinglesgalets.fr\/ca\/#website"},"primaryImageOfPage":{"@id":"https:\/\/campinglesgalets.fr\/ca\/tourisme-collioure\/#primaryimage"},"image":{"@id":"https:\/\/campinglesgalets.fr\/ca\/tourisme-collioure\/#primaryimage"},"thumbnailUrl":"https:\/\/campinglesgalets.fr\/wp-content\/uploads\/2023\/03\/plage-collioure.jpg","datePublished":"2023-03-07T15:58:21+00:00","dateModified":"2025-04-14T05:56:04+00:00","description":"Profitez de votre s\u00e9jour en camping 4 \u00e9toiles \u00e0 Argel\u00e8s, au camping les Galets, pour visiter le village baln\u00e9aire de Collioure.","breadcrumb":{"@id":"https:\/\/campinglesgalets.fr\/ca\/tourisme-collioure\/#breadcrumb"},"inLanguage":"ca","potentialAction":[{"@type":"ReadAction","target":["https:\/\/campinglesgalets.fr\/ca\/tourisme-collioure\/"]}]},{"@type":"ImageObject","inLanguage":"ca","@id":"https:\/\/campinglesgalets.fr\/ca\/tourisme-collioure\/#primaryimage","url":"https:\/\/campinglesgalets.fr\/wp-content\/uploads\/2023\/03\/plage-collioure.jpg","contentUrl":"https:\/\/campinglesgalets.fr\/wp-content\/uploads\/2023\/03\/plage-collioure.jpg","width":1900,"height":600,"caption":"plage collioure proche argel\u00e8s sur mer"},{"@type":"BreadcrumbList","@id":"https:\/\/campinglesgalets.fr\/ca\/tourisme-collioure\/#breadcrumb","itemListElement":[{"@type":"ListItem","position":1,"name":"Camping \u00e0 Argel\u00e8s-sur-Mer","item":"https:\/\/campinglesgalets.fr\/ca\/"},{"@type":"ListItem","position":2,"name":"Visitar Cotlliure &#8211; Qu\u00e8 veure i fer a Cotlliure?"}]},{"@type":"WebSite","@id":"https:\/\/campinglesgalets.fr\/ca\/#website","url":"https:\/\/campinglesgalets.fr\/ca\/","name":"Camping les galets","description":"Camping Argel\u00e8s-sur-Mer","publisher":{"@id":"https:\/\/campinglesgalets.fr\/ca\/#organization"},"potentialAction":[{"@type":"SearchAction","target":{"@type":"EntryPoint","urlTemplate":"https:\/\/campinglesgalets.fr\/ca\/?s={search_term_string}"},"query-input":{"@type":"PropertyValueSpecification","valueRequired":true,"valueName":"search_term_string"}}],"inLanguage":"ca"},{"@type":"Organization","@id":"https:\/\/campinglesgalets.fr\/ca\/#organization","name":"Camping les Galets","url":"https:\/\/campinglesgalets.fr\/ca\/","logo":{"@type":"ImageObject","inLanguage":"ca","@id":"https:\/\/campinglesgalets.fr\/ca\/#\/schema\/logo\/image\/","url":"https:\/\/campinglesgalets.fr\/wp-content\/uploads\/2025\/10\/Logo_Footer.svg","contentUrl":"https:\/\/campinglesgalets.fr\/wp-content\/uploads\/2025\/10\/Logo_Footer.svg","width":267,"height":175,"caption":"Camping les Galets"},"image":{"@id":"https:\/\/campinglesgalets.fr\/ca\/#\/schema\/logo\/image\/"}}]}},"_links":{"self":[{"href":"https:\/\/campinglesgalets.fr\/ca\/wp-json\/wp\/v2\/pages\/25636","targetHints":{"allow":["GET"]}}],"collection":[{"href":"https:\/\/campinglesgalets.fr\/ca\/wp-json\/wp\/v2\/pages"}],"about":[{"href":"https:\/\/campinglesgalets.fr\/ca\/wp-json\/wp\/v2\/types\/page"}],"author":[{"embeddable":true,"href":"https:\/\/campinglesgalets.fr\/ca\/wp-json\/wp\/v2\/users\/1"}],"replies":[{"embeddable":true,"href":"https:\/\/campinglesgalets.fr\/ca\/wp-json\/wp\/v2\/comments?post=25636"}],"version-history":[{"count":0,"href":"https:\/\/campinglesgalets.fr\/ca\/wp-json\/wp\/v2\/pages\/25636\/revisions"}],"wp:featuredmedia":[{"embeddable":true,"href":"https:\/\/campinglesgalets.fr\/ca\/wp-json\/wp\/v2\/media\/24689"}],"wp:attachment":[{"href":"https:\/\/campinglesgalets.fr\/ca\/wp-json\/wp\/v2\/media?parent=25636"}],"curies":[{"name":"wp","href":"https:\/\/api.w.org\/{rel}","templated":true}]}}