{"id":25612,"date":"2023-03-03T16:24:30","date_gmt":"2023-03-03T15:24:30","guid":{"rendered":"https:\/\/campinglesgalets.fr\/contact-et-acces\/"},"modified":"2026-03-30T10:00:06","modified_gmt":"2026-03-30T09:00:06","slug":"contacte-i-acces","status":"publish","type":"page","link":"https:\/\/campinglesgalets.fr\/ca\/contacte-i-acces\/","title":{"rendered":"Contacte i acc\u00e9s"},"content":{"rendered":"<p>Contacteu-nos\u00a0per efectuar una reservaci\u00f3, obtenir de m\u00e9s amples informacions sobre el c\u00e0mping Les Galets, i preparar la vostra\u00a0<a href=\"https:\/\/campinglesgalets.fr\/ca\/descobriu-argelers-de-la-marenda\/\">estada a\u00a0Argeles de la Marenda<\/a>\u00a0!<\/p>\n<p>C\u00e0mping\u00a0 \u201cLes Galets\u201d<\/p>\n<p>Route de Taxo a la Mer &#8211; Plage Nord<br \/>\n66701 Argel\u00e8s-sur-mer<\/p>\n<h2>Contacte<\/h2>\n<p>Heu fet el recorregut virtual de l&#8217;hotel a l&#8217;aire lliure i voleu passar les vostres properes vacances com a parella, amb familiars o amics al c\u00e0mping Les Galets de 4 estrelles a Argel\u00e8s-sur-Mer a Occit\u00e0nia? Abans de reservar la vostra ubicaci\u00f3 confortable o la vostra casa m\u00f2bil totalment equipada, no dubteu a fer-nos arribar totes les vostres preguntes:<\/p>\n<p>En omplir el formulari en l\u00ednia directament;<br \/>\nTruqueu-nos al +33 (0) 4 68 81 08 12;<br \/>\nPer correu: Camping Les Galets &#8211; Carretera Taxo al Mar &#8211; Platja Nord &#8211; 66701 Argel\u00e8s-sur-Mer.<\/p>\n<p>Quin equip trobar\u00e9 en el meu lloguer? Quan es fa el pagament? \u00c9s el c\u00e0mping en una zona tranquil\u00b7la i prop de les platges? Quines s\u00f3n les instal\u00b7lacions aptes per a nens? Serveis oferts i activitats organitzades al lloc? Les coses principals per veure i fer a la zona? Contacta amb nosaltres i l&#8217;ajudarem a planificar les teves vacances. Pirineus Orientals.<\/p>\n<hr \/>\n<p>Horaris d\u2019obertura de la recepci\u00f3 :<\/p>\n<ul>\n<li>Abril, Maig, Juny, Setembre : 8h30 a 12h30 \/ 14h \u00e0 18h30<\/li>\n<li>Juliol i Agost : 8h a 13h \/ 15h a 19h30<\/li>\n<li>Octubre a Mar\u00e7 : 9h a 12h30 \/ 14h a 17h30<\/li>\n<\/ul>\n<h2>Acc\u00e9s al c\u00e0mping<\/h2>\n<p>En cotxe<\/p>\n<p>Des de Par\u00eds (873 km, 8:10): A10 a Orl\u00e9ans, A71 a Clermont-Ferrand, A75 a B\u00e9ziers, A9 a Perpiny\u00e0 D914 (direcci\u00f3 Saint-Cyprien i Argel\u00e8s).<br \/>\nDes de Toulouse (233 km, 2h18): A61 a Narbonne, A9 a Perpiny\u00e0 D914 (direcci\u00f3 Saint-Cyprien i Argel\u00e8s).<br \/>\nDes de Montpeller (181 km, 1h52): A9 cap a Perpiny\u00e0 fins D914 (direcci\u00f3 Saint-Cyprien i Argel\u00e8s).<\/p>\n<p>Abans d&#8217;entrar a Argel\u00e8s, a Taxo Davall, agafeu la carretera Taxo a l&#8217;esquerra, cap a la platja. El c\u00e0mping es troba a l&#8217;esquerra, a uns 1 km.<\/p>\n<p>Amb tren<\/p>\n<p>Estacions SNCF de Perpiny\u00e0 i Argel\u00e8s.<\/p>\n<p>En avi\u00f3<\/p>\n<p>Aeroport de Perpignan-Rivesaltes<\/p>\n<p>Com pagar :<\/p>\n<ul>\n<li>Xecs<\/li>\n<li>ANCV<\/li>\n<li>Targetes de cr\u00e8dit<\/li>\n<li>Esp\u00e8cies<\/li>\n<li>Transfer\u00e8ncia banc\u00e0ria<\/li>\n<\/ul>\n<p>&nbsp;<\/p>\n<p>Contactar<u>-nos<\/u><\/p>\n<p>Enlla\u00e7 Europeu amb\u00a0<u><a href=\"https:\/\/www.ryanair.com\/fr\/fr\" target=\"_blank\" rel=\"noopener noreferrer\">Ryanair<\/a>\u00a0<\/u>(Charleroi, Londres, Dublin, Dortmund:::) des de Perpiny\u00e0 o de Girona, nom\u00e9s a 1h20 d\u2019Argelers de la Marenda.<\/p>\n<p><strong>GPS :<\/strong>\u00a0Argel\u00e8s-sur-mer<br \/>\n42\u00b0 34\u2032 21.00\u2033N &#8211; 3\u00b0 1\u2032 32.02\u2033 E<br \/>\nT\u00e9l.\u00a0<strong>00334 68 81 08 12<\/strong>\u00a0&#8211; Fax\u00a0<strong>00334 68 81 68 76<\/strong><\/p>\n","protected":false},"excerpt":{"rendered":"<p>Contacteu-nos\u00a0per efectuar una reservaci\u00f3, obtenir de m\u00e9s amples informacions sobre el c\u00e0mping Les Galets, i preparar la vostra\u00a0estada a\u00a0Argeles de la Marenda\u00a0! C\u00e0mping\u00a0 \u201cLes Galets\u201d Route de Taxo a la Mer &#8211; Plage Nord 66701 Argel\u00e8s-sur-mer Contacte Heu fet el recorregut virtual de l&#8217;hotel a l&#8217;aire lliure i voleu passar les vostres properes vacances com [&hellip;]<\/p>\n","protected":false},"author":1,"featured_media":24074,"parent":0,"menu_order":0,"comment_status":"closed","ping_status":"closed","template":"","meta":{"_acf_changed":false,"_et_pb_use_builder":"","_et_pb_old_content":"","_et_gb_content_width":"","footnotes":""},"class_list":["post-25612","page","type-page","status-publish","has-post-thumbnail","hentry"],"acf":[],"yoast_head":"<!-- This site is optimized with the Yoast SEO plugin v27.4 - https:\/\/yoast.com\/product\/yoast-seo-wordpress\/ -->\n<title>Contacte i acc\u00e9s - Camping les galets<\/title>\n<meta name=\"description\" content=\"Tota la informaci\u00f3 de contacte i com arribar f\u00e0cilment al c\u00e0mping Les Galets a Argelers.\" \/>\n<meta name=\"robots\" content=\"index, follow, max-snippet:-1, max-image-preview:large, max-video-preview:-1\" \/>\n<link rel=\"canonical\" href=\"https:\/\/campinglesgalets.fr\/ca\/contacte-i-acces\/\" \/>\n<meta property=\"og:locale\" content=\"ca_ES\" \/>\n<meta property=\"og:type\" content=\"article\" \/>\n<meta property=\"og:title\" content=\"Contacte i acc\u00e9s - Camping les galets\" \/>\n<meta property=\"og:description\" content=\"Tota la informaci\u00f3 de contacte i com arribar f\u00e0cilment al c\u00e0mping Les Galets a Argelers.\" \/>\n<meta property=\"og:url\" content=\"https:\/\/campinglesgalets.fr\/ca\/contacte-i-acces\/\" \/>\n<meta property=\"og:site_name\" content=\"Camping les galets\" \/>\n<meta property=\"article:modified_time\" content=\"2026-03-30T09:00:06+00:00\" \/>\n<meta property=\"og:image\" content=\"https:\/\/campinglesgalets.fr\/wp-content\/uploads\/2020\/04\/sejour-st-cyprien-plage-1.jpg\" \/>\n\t<meta property=\"og:image:width\" content=\"1200\" \/>\n\t<meta property=\"og:image:height\" content=\"617\" \/>\n\t<meta property=\"og:image:type\" content=\"image\/jpeg\" \/>\n<meta name=\"twitter:card\" content=\"summary_large_image\" \/>\n<meta name=\"twitter:label1\" content=\"Temps estimat de lectura\" \/>\n\t<meta name=\"twitter:data1\" content=\"3 minuts\" \/>\n<script type=\"application\/ld+json\" class=\"yoast-schema-graph\">{\"@context\":\"https:\\\/\\\/schema.org\",\"@graph\":[{\"@type\":\"WebPage\",\"@id\":\"https:\\\/\\\/campinglesgalets.fr\\\/ca\\\/contacte-i-acces\\\/\",\"url\":\"https:\\\/\\\/campinglesgalets.fr\\\/ca\\\/contacte-i-acces\\\/\",\"name\":\"Contacte i acc\u00e9s - Camping les galets\",\"isPartOf\":{\"@id\":\"https:\\\/\\\/campinglesgalets.fr\\\/ca\\\/#website\"},\"primaryImageOfPage\":{\"@id\":\"https:\\\/\\\/campinglesgalets.fr\\\/ca\\\/contacte-i-acces\\\/#primaryimage\"},\"image\":{\"@id\":\"https:\\\/\\\/campinglesgalets.fr\\\/ca\\\/contacte-i-acces\\\/#primaryimage\"},\"thumbnailUrl\":\"https:\\\/\\\/campinglesgalets.fr\\\/wp-content\\\/uploads\\\/2020\\\/04\\\/sejour-st-cyprien-plage-1.jpg\",\"datePublished\":\"2023-03-03T15:24:30+00:00\",\"dateModified\":\"2026-03-30T09:00:06+00:00\",\"description\":\"Tota la informaci\u00f3 de contacte i com arribar f\u00e0cilment al c\u00e0mping Les Galets a Argelers.\",\"breadcrumb\":{\"@id\":\"https:\\\/\\\/campinglesgalets.fr\\\/ca\\\/contacte-i-acces\\\/#breadcrumb\"},\"inLanguage\":\"ca\",\"potentialAction\":[{\"@type\":\"ReadAction\",\"target\":[\"https:\\\/\\\/campinglesgalets.fr\\\/ca\\\/contacte-i-acces\\\/\"]}]},{\"@type\":\"ImageObject\",\"inLanguage\":\"ca\",\"@id\":\"https:\\\/\\\/campinglesgalets.fr\\\/ca\\\/contacte-i-acces\\\/#primaryimage\",\"url\":\"https:\\\/\\\/campinglesgalets.fr\\\/wp-content\\\/uploads\\\/2020\\\/04\\\/sejour-st-cyprien-plage-1.jpg\",\"contentUrl\":\"https:\\\/\\\/campinglesgalets.fr\\\/wp-content\\\/uploads\\\/2020\\\/04\\\/sejour-st-cyprien-plage-1.jpg\",\"width\":1200,\"height\":617},{\"@type\":\"BreadcrumbList\",\"@id\":\"https:\\\/\\\/campinglesgalets.fr\\\/ca\\\/contacte-i-acces\\\/#breadcrumb\",\"itemListElement\":[{\"@type\":\"ListItem\",\"position\":1,\"name\":\"Camping \u00e0 Argel\u00e8s-sur-Mer\",\"item\":\"https:\\\/\\\/campinglesgalets.fr\\\/ca\\\/\"},{\"@type\":\"ListItem\",\"position\":2,\"name\":\"Contacte i acc\u00e9s\"}]},{\"@type\":\"WebSite\",\"@id\":\"https:\\\/\\\/campinglesgalets.fr\\\/ca\\\/#website\",\"url\":\"https:\\\/\\\/campinglesgalets.fr\\\/ca\\\/\",\"name\":\"Camping les galets\",\"description\":\"Camping Argel\u00e8s-sur-Mer\",\"publisher\":{\"@id\":\"https:\\\/\\\/campinglesgalets.fr\\\/ca\\\/#organization\"},\"potentialAction\":[{\"@type\":\"SearchAction\",\"target\":{\"@type\":\"EntryPoint\",\"urlTemplate\":\"https:\\\/\\\/campinglesgalets.fr\\\/ca\\\/?s={search_term_string}\"},\"query-input\":{\"@type\":\"PropertyValueSpecification\",\"valueRequired\":true,\"valueName\":\"search_term_string\"}}],\"inLanguage\":\"ca\"},{\"@type\":\"Organization\",\"@id\":\"https:\\\/\\\/campinglesgalets.fr\\\/ca\\\/#organization\",\"name\":\"Camping les Galets\",\"url\":\"https:\\\/\\\/campinglesgalets.fr\\\/ca\\\/\",\"logo\":{\"@type\":\"ImageObject\",\"inLanguage\":\"ca\",\"@id\":\"https:\\\/\\\/campinglesgalets.fr\\\/ca\\\/#\\\/schema\\\/logo\\\/image\\\/\",\"url\":\"https:\\\/\\\/campinglesgalets.fr\\\/wp-content\\\/uploads\\\/2025\\\/10\\\/Logo_Footer.svg\",\"contentUrl\":\"https:\\\/\\\/campinglesgalets.fr\\\/wp-content\\\/uploads\\\/2025\\\/10\\\/Logo_Footer.svg\",\"width\":267,\"height\":175,\"caption\":\"Camping les Galets\"},\"image\":{\"@id\":\"https:\\\/\\\/campinglesgalets.fr\\\/ca\\\/#\\\/schema\\\/logo\\\/image\\\/\"}}]}<\/script>\n<!-- \/ Yoast SEO plugin. -->","yoast_head_json":{"title":"Contacte i acc\u00e9s - Camping les galets","description":"Tota la informaci\u00f3 de contacte i com arribar f\u00e0cilment al c\u00e0mping Les Galets a Argelers.","robots":{"index":"index","follow":"follow","max-snippet":"max-snippet:-1","max-image-preview":"max-image-preview:large","max-video-preview":"max-video-preview:-1"},"canonical":"https:\/\/campinglesgalets.fr\/ca\/contacte-i-acces\/","og_locale":"ca_ES","og_type":"article","og_title":"Contacte i acc\u00e9s - Camping les galets","og_description":"Tota la informaci\u00f3 de contacte i com arribar f\u00e0cilment al c\u00e0mping Les Galets a Argelers.","og_url":"https:\/\/campinglesgalets.fr\/ca\/contacte-i-acces\/","og_site_name":"Camping les galets","article_modified_time":"2026-03-30T09:00:06+00:00","og_image":[{"width":1200,"height":617,"url":"https:\/\/campinglesgalets.fr\/wp-content\/uploads\/2020\/04\/sejour-st-cyprien-plage-1.jpg","type":"image\/jpeg"}],"twitter_card":"summary_large_image","twitter_misc":{"Temps estimat de lectura":"3 minuts"},"schema":{"@context":"https:\/\/schema.org","@graph":[{"@type":"WebPage","@id":"https:\/\/campinglesgalets.fr\/ca\/contacte-i-acces\/","url":"https:\/\/campinglesgalets.fr\/ca\/contacte-i-acces\/","name":"Contacte i acc\u00e9s - Camping les galets","isPartOf":{"@id":"https:\/\/campinglesgalets.fr\/ca\/#website"},"primaryImageOfPage":{"@id":"https:\/\/campinglesgalets.fr\/ca\/contacte-i-acces\/#primaryimage"},"image":{"@id":"https:\/\/campinglesgalets.fr\/ca\/contacte-i-acces\/#primaryimage"},"thumbnailUrl":"https:\/\/campinglesgalets.fr\/wp-content\/uploads\/2020\/04\/sejour-st-cyprien-plage-1.jpg","datePublished":"2023-03-03T15:24:30+00:00","dateModified":"2026-03-30T09:00:06+00:00","description":"Tota la informaci\u00f3 de contacte i com arribar f\u00e0cilment al c\u00e0mping Les Galets a Argelers.","breadcrumb":{"@id":"https:\/\/campinglesgalets.fr\/ca\/contacte-i-acces\/#breadcrumb"},"inLanguage":"ca","potentialAction":[{"@type":"ReadAction","target":["https:\/\/campinglesgalets.fr\/ca\/contacte-i-acces\/"]}]},{"@type":"ImageObject","inLanguage":"ca","@id":"https:\/\/campinglesgalets.fr\/ca\/contacte-i-acces\/#primaryimage","url":"https:\/\/campinglesgalets.fr\/wp-content\/uploads\/2020\/04\/sejour-st-cyprien-plage-1.jpg","contentUrl":"https:\/\/campinglesgalets.fr\/wp-content\/uploads\/2020\/04\/sejour-st-cyprien-plage-1.jpg","width":1200,"height":617},{"@type":"BreadcrumbList","@id":"https:\/\/campinglesgalets.fr\/ca\/contacte-i-acces\/#breadcrumb","itemListElement":[{"@type":"ListItem","position":1,"name":"Camping \u00e0 Argel\u00e8s-sur-Mer","item":"https:\/\/campinglesgalets.fr\/ca\/"},{"@type":"ListItem","position":2,"name":"Contacte i acc\u00e9s"}]},{"@type":"WebSite","@id":"https:\/\/campinglesgalets.fr\/ca\/#website","url":"https:\/\/campinglesgalets.fr\/ca\/","name":"Camping les galets","description":"Camping Argel\u00e8s-sur-Mer","publisher":{"@id":"https:\/\/campinglesgalets.fr\/ca\/#organization"},"potentialAction":[{"@type":"SearchAction","target":{"@type":"EntryPoint","urlTemplate":"https:\/\/campinglesgalets.fr\/ca\/?s={search_term_string}"},"query-input":{"@type":"PropertyValueSpecification","valueRequired":true,"valueName":"search_term_string"}}],"inLanguage":"ca"},{"@type":"Organization","@id":"https:\/\/campinglesgalets.fr\/ca\/#organization","name":"Camping les Galets","url":"https:\/\/campinglesgalets.fr\/ca\/","logo":{"@type":"ImageObject","inLanguage":"ca","@id":"https:\/\/campinglesgalets.fr\/ca\/#\/schema\/logo\/image\/","url":"https:\/\/campinglesgalets.fr\/wp-content\/uploads\/2025\/10\/Logo_Footer.svg","contentUrl":"https:\/\/campinglesgalets.fr\/wp-content\/uploads\/2025\/10\/Logo_Footer.svg","width":267,"height":175,"caption":"Camping les Galets"},"image":{"@id":"https:\/\/campinglesgalets.fr\/ca\/#\/schema\/logo\/image\/"}}]}},"_links":{"self":[{"href":"https:\/\/campinglesgalets.fr\/ca\/wp-json\/wp\/v2\/pages\/25612","targetHints":{"allow":["GET"]}}],"collection":[{"href":"https:\/\/campinglesgalets.fr\/ca\/wp-json\/wp\/v2\/pages"}],"about":[{"href":"https:\/\/campinglesgalets.fr\/ca\/wp-json\/wp\/v2\/types\/page"}],"author":[{"embeddable":true,"href":"https:\/\/campinglesgalets.fr\/ca\/wp-json\/wp\/v2\/users\/1"}],"replies":[{"embeddable":true,"href":"https:\/\/campinglesgalets.fr\/ca\/wp-json\/wp\/v2\/comments?post=25612"}],"version-history":[{"count":1,"href":"https:\/\/campinglesgalets.fr\/ca\/wp-json\/wp\/v2\/pages\/25612\/revisions"}],"predecessor-version":[{"id":311753,"href":"https:\/\/campinglesgalets.fr\/ca\/wp-json\/wp\/v2\/pages\/25612\/revisions\/311753"}],"wp:featuredmedia":[{"embeddable":true,"href":"https:\/\/campinglesgalets.fr\/ca\/wp-json\/wp\/v2\/media\/24074"}],"wp:attachment":[{"href":"https:\/\/campinglesgalets.fr\/ca\/wp-json\/wp\/v2\/media?parent=25612"}],"curies":[{"name":"wp","href":"https:\/\/api.w.org\/{rel}","templated":true}]}}