{"id":25441,"date":"2023-03-06T16:46:01","date_gmt":"2023-03-06T15:46:01","guid":{"rendered":"https:\/\/campinglesgalets.fr\/tout-pour-votre-bien-etre\/"},"modified":"2026-03-27T14:32:32","modified_gmt":"2026-03-27T13:32:32","slug":"tot-pel-vostre-benestar","status":"publish","type":"page","link":"https:\/\/campinglesgalets.fr\/ca\/tot-pel-vostre-benestar\/","title":{"rendered":"Tot pel vostre benestar"},"content":{"rendered":"","protected":false},"excerpt":{"rendered":"","protected":false},"author":1,"featured_media":24394,"parent":0,"menu_order":0,"comment_status":"closed","ping_status":"closed","template":"","meta":{"_acf_changed":false,"_et_pb_use_builder":"","_et_pb_old_content":"","_et_gb_content_width":"","footnotes":""},"class_list":["post-25441","page","type-page","status-publish","has-post-thumbnail","hentry"],"acf":[],"yoast_head":"<!-- This site is optimized with the Yoast SEO plugin v27.4 - https:\/\/yoast.com\/product\/yoast-seo-wordpress\/ -->\n<title>El acampar amb zona de spa, spa, sal\u00f3 de bellesa i de tatuatges a Argeles sur Mer<\/title>\n<meta name=\"description\" content=\"Votre camping \u00e0 Argel\u00e8s vous propose plusieurs activit\u00e9s bien-\u00eatre : massages, soins beaut\u00e9, tatouages, etc. R\u00e9servez votre s\u00e9jour au camping Les Galets.\" \/>\n<meta name=\"robots\" content=\"index, follow, max-snippet:-1, max-image-preview:large, max-video-preview:-1\" \/>\n<link rel=\"canonical\" href=\"https:\/\/campinglesgalets.fr\/ca\/tot-pel-vostre-benestar\/\" \/>\n<meta property=\"og:locale\" content=\"ca_ES\" \/>\n<meta property=\"og:type\" content=\"article\" \/>\n<meta property=\"og:title\" content=\"El acampar amb zona de spa, spa, sal\u00f3 de bellesa i de tatuatges a Argeles sur Mer\" \/>\n<meta property=\"og:description\" content=\"Votre camping \u00e0 Argel\u00e8s vous propose plusieurs activit\u00e9s bien-\u00eatre : massages, soins beaut\u00e9, tatouages, etc. R\u00e9servez votre s\u00e9jour au camping Les Galets.\" \/>\n<meta property=\"og:url\" content=\"https:\/\/campinglesgalets.fr\/ca\/tot-pel-vostre-benestar\/\" \/>\n<meta property=\"og:site_name\" content=\"Camping les galets\" \/>\n<meta property=\"article:modified_time\" content=\"2026-03-27T13:32:32+00:00\" \/>\n<meta property=\"og:image\" content=\"https:\/\/campinglesgalets.fr\/wp-content\/uploads\/2023\/03\/photos_2015_tri_manuel_030-2100x1337-1.jpg\" \/>\n\t<meta property=\"og:image:width\" content=\"2100\" \/>\n\t<meta property=\"og:image:height\" content=\"1337\" \/>\n\t<meta property=\"og:image:type\" content=\"image\/jpeg\" \/>\n<meta name=\"twitter:card\" content=\"summary_large_image\" \/>\n<meta name=\"twitter:label1\" content=\"Temps estimat de lectura\" \/>\n\t<meta name=\"twitter:data1\" content=\"3 minuts\" \/>\n<script type=\"application\/ld+json\" class=\"yoast-schema-graph\">{\"@context\":\"https:\\\/\\\/schema.org\",\"@graph\":[{\"@type\":\"WebPage\",\"@id\":\"https:\\\/\\\/campinglesgalets.fr\\\/ca\\\/tot-pel-vostre-benestar\\\/\",\"url\":\"https:\\\/\\\/campinglesgalets.fr\\\/ca\\\/tot-pel-vostre-benestar\\\/\",\"name\":\"El acampar amb zona de spa, spa, sal\u00f3 de bellesa i de tatuatges a Argeles sur Mer\",\"isPartOf\":{\"@id\":\"https:\\\/\\\/campinglesgalets.fr\\\/ca\\\/#website\"},\"primaryImageOfPage\":{\"@id\":\"https:\\\/\\\/campinglesgalets.fr\\\/ca\\\/tot-pel-vostre-benestar\\\/#primaryimage\"},\"image\":{\"@id\":\"https:\\\/\\\/campinglesgalets.fr\\\/ca\\\/tot-pel-vostre-benestar\\\/#primaryimage\"},\"thumbnailUrl\":\"https:\\\/\\\/campinglesgalets.fr\\\/wp-content\\\/uploads\\\/2023\\\/03\\\/photos_2015_tri_manuel_030-2100x1337-1.jpg\",\"datePublished\":\"2023-03-06T15:46:01+00:00\",\"dateModified\":\"2026-03-27T13:32:32+00:00\",\"description\":\"Votre camping \u00e0 Argel\u00e8s vous propose plusieurs activit\u00e9s bien-\u00eatre : massages, soins beaut\u00e9, tatouages, etc. R\u00e9servez votre s\u00e9jour au camping Les Galets.\",\"breadcrumb\":{\"@id\":\"https:\\\/\\\/campinglesgalets.fr\\\/ca\\\/tot-pel-vostre-benestar\\\/#breadcrumb\"},\"inLanguage\":\"ca\",\"potentialAction\":[{\"@type\":\"ReadAction\",\"target\":[\"https:\\\/\\\/campinglesgalets.fr\\\/ca\\\/tot-pel-vostre-benestar\\\/\"]}]},{\"@type\":\"ImageObject\",\"inLanguage\":\"ca\",\"@id\":\"https:\\\/\\\/campinglesgalets.fr\\\/ca\\\/tot-pel-vostre-benestar\\\/#primaryimage\",\"url\":\"https:\\\/\\\/campinglesgalets.fr\\\/wp-content\\\/uploads\\\/2023\\\/03\\\/photos_2015_tri_manuel_030-2100x1337-1.jpg\",\"contentUrl\":\"https:\\\/\\\/campinglesgalets.fr\\\/wp-content\\\/uploads\\\/2023\\\/03\\\/photos_2015_tri_manuel_030-2100x1337-1.jpg\",\"width\":2100,\"height\":1337,\"caption\":\"camping avec club enfant\"},{\"@type\":\"BreadcrumbList\",\"@id\":\"https:\\\/\\\/campinglesgalets.fr\\\/ca\\\/tot-pel-vostre-benestar\\\/#breadcrumb\",\"itemListElement\":[{\"@type\":\"ListItem\",\"position\":1,\"name\":\"Camping \u00e0 Argel\u00e8s-sur-Mer\",\"item\":\"https:\\\/\\\/campinglesgalets.fr\\\/ca\\\/\"},{\"@type\":\"ListItem\",\"position\":2,\"name\":\"Tot pel vostre benestar\"}]},{\"@type\":\"WebSite\",\"@id\":\"https:\\\/\\\/campinglesgalets.fr\\\/ca\\\/#website\",\"url\":\"https:\\\/\\\/campinglesgalets.fr\\\/ca\\\/\",\"name\":\"Camping les galets\",\"description\":\"Camping Argel\u00e8s-sur-Mer\",\"publisher\":{\"@id\":\"https:\\\/\\\/campinglesgalets.fr\\\/ca\\\/#organization\"},\"potentialAction\":[{\"@type\":\"SearchAction\",\"target\":{\"@type\":\"EntryPoint\",\"urlTemplate\":\"https:\\\/\\\/campinglesgalets.fr\\\/ca\\\/?s={search_term_string}\"},\"query-input\":{\"@type\":\"PropertyValueSpecification\",\"valueRequired\":true,\"valueName\":\"search_term_string\"}}],\"inLanguage\":\"ca\"},{\"@type\":\"Organization\",\"@id\":\"https:\\\/\\\/campinglesgalets.fr\\\/ca\\\/#organization\",\"name\":\"Camping les Galets\",\"url\":\"https:\\\/\\\/campinglesgalets.fr\\\/ca\\\/\",\"logo\":{\"@type\":\"ImageObject\",\"inLanguage\":\"ca\",\"@id\":\"https:\\\/\\\/campinglesgalets.fr\\\/ca\\\/#\\\/schema\\\/logo\\\/image\\\/\",\"url\":\"https:\\\/\\\/campinglesgalets.fr\\\/wp-content\\\/uploads\\\/2025\\\/10\\\/Logo_Footer.svg\",\"contentUrl\":\"https:\\\/\\\/campinglesgalets.fr\\\/wp-content\\\/uploads\\\/2025\\\/10\\\/Logo_Footer.svg\",\"width\":267,\"height\":175,\"caption\":\"Camping les Galets\"},\"image\":{\"@id\":\"https:\\\/\\\/campinglesgalets.fr\\\/ca\\\/#\\\/schema\\\/logo\\\/image\\\/\"}}]}<\/script>\n<!-- \/ Yoast SEO plugin. -->","yoast_head_json":{"title":"El acampar amb zona de spa, spa, sal\u00f3 de bellesa i de tatuatges a Argeles sur Mer","description":"Votre camping \u00e0 Argel\u00e8s vous propose plusieurs activit\u00e9s bien-\u00eatre : massages, soins beaut\u00e9, tatouages, etc. R\u00e9servez votre s\u00e9jour au camping Les Galets.","robots":{"index":"index","follow":"follow","max-snippet":"max-snippet:-1","max-image-preview":"max-image-preview:large","max-video-preview":"max-video-preview:-1"},"canonical":"https:\/\/campinglesgalets.fr\/ca\/tot-pel-vostre-benestar\/","og_locale":"ca_ES","og_type":"article","og_title":"El acampar amb zona de spa, spa, sal\u00f3 de bellesa i de tatuatges a Argeles sur Mer","og_description":"Votre camping \u00e0 Argel\u00e8s vous propose plusieurs activit\u00e9s bien-\u00eatre : massages, soins beaut\u00e9, tatouages, etc. R\u00e9servez votre s\u00e9jour au camping Les Galets.","og_url":"https:\/\/campinglesgalets.fr\/ca\/tot-pel-vostre-benestar\/","og_site_name":"Camping les galets","article_modified_time":"2026-03-27T13:32:32+00:00","og_image":[{"width":2100,"height":1337,"url":"https:\/\/campinglesgalets.fr\/wp-content\/uploads\/2023\/03\/photos_2015_tri_manuel_030-2100x1337-1.jpg","type":"image\/jpeg"}],"twitter_card":"summary_large_image","twitter_misc":{"Temps estimat de lectura":"3 minuts"},"schema":{"@context":"https:\/\/schema.org","@graph":[{"@type":"WebPage","@id":"https:\/\/campinglesgalets.fr\/ca\/tot-pel-vostre-benestar\/","url":"https:\/\/campinglesgalets.fr\/ca\/tot-pel-vostre-benestar\/","name":"El acampar amb zona de spa, spa, sal\u00f3 de bellesa i de tatuatges a Argeles sur Mer","isPartOf":{"@id":"https:\/\/campinglesgalets.fr\/ca\/#website"},"primaryImageOfPage":{"@id":"https:\/\/campinglesgalets.fr\/ca\/tot-pel-vostre-benestar\/#primaryimage"},"image":{"@id":"https:\/\/campinglesgalets.fr\/ca\/tot-pel-vostre-benestar\/#primaryimage"},"thumbnailUrl":"https:\/\/campinglesgalets.fr\/wp-content\/uploads\/2023\/03\/photos_2015_tri_manuel_030-2100x1337-1.jpg","datePublished":"2023-03-06T15:46:01+00:00","dateModified":"2026-03-27T13:32:32+00:00","description":"Votre camping \u00e0 Argel\u00e8s vous propose plusieurs activit\u00e9s bien-\u00eatre : massages, soins beaut\u00e9, tatouages, etc. R\u00e9servez votre s\u00e9jour au camping Les Galets.","breadcrumb":{"@id":"https:\/\/campinglesgalets.fr\/ca\/tot-pel-vostre-benestar\/#breadcrumb"},"inLanguage":"ca","potentialAction":[{"@type":"ReadAction","target":["https:\/\/campinglesgalets.fr\/ca\/tot-pel-vostre-benestar\/"]}]},{"@type":"ImageObject","inLanguage":"ca","@id":"https:\/\/campinglesgalets.fr\/ca\/tot-pel-vostre-benestar\/#primaryimage","url":"https:\/\/campinglesgalets.fr\/wp-content\/uploads\/2023\/03\/photos_2015_tri_manuel_030-2100x1337-1.jpg","contentUrl":"https:\/\/campinglesgalets.fr\/wp-content\/uploads\/2023\/03\/photos_2015_tri_manuel_030-2100x1337-1.jpg","width":2100,"height":1337,"caption":"camping avec club enfant"},{"@type":"BreadcrumbList","@id":"https:\/\/campinglesgalets.fr\/ca\/tot-pel-vostre-benestar\/#breadcrumb","itemListElement":[{"@type":"ListItem","position":1,"name":"Camping \u00e0 Argel\u00e8s-sur-Mer","item":"https:\/\/campinglesgalets.fr\/ca\/"},{"@type":"ListItem","position":2,"name":"Tot pel vostre benestar"}]},{"@type":"WebSite","@id":"https:\/\/campinglesgalets.fr\/ca\/#website","url":"https:\/\/campinglesgalets.fr\/ca\/","name":"Camping les galets","description":"Camping Argel\u00e8s-sur-Mer","publisher":{"@id":"https:\/\/campinglesgalets.fr\/ca\/#organization"},"potentialAction":[{"@type":"SearchAction","target":{"@type":"EntryPoint","urlTemplate":"https:\/\/campinglesgalets.fr\/ca\/?s={search_term_string}"},"query-input":{"@type":"PropertyValueSpecification","valueRequired":true,"valueName":"search_term_string"}}],"inLanguage":"ca"},{"@type":"Organization","@id":"https:\/\/campinglesgalets.fr\/ca\/#organization","name":"Camping les Galets","url":"https:\/\/campinglesgalets.fr\/ca\/","logo":{"@type":"ImageObject","inLanguage":"ca","@id":"https:\/\/campinglesgalets.fr\/ca\/#\/schema\/logo\/image\/","url":"https:\/\/campinglesgalets.fr\/wp-content\/uploads\/2025\/10\/Logo_Footer.svg","contentUrl":"https:\/\/campinglesgalets.fr\/wp-content\/uploads\/2025\/10\/Logo_Footer.svg","width":267,"height":175,"caption":"Camping les Galets"},"image":{"@id":"https:\/\/campinglesgalets.fr\/ca\/#\/schema\/logo\/image\/"}}]}},"_links":{"self":[{"href":"https:\/\/campinglesgalets.fr\/ca\/wp-json\/wp\/v2\/pages\/25441","targetHints":{"allow":["GET"]}}],"collection":[{"href":"https:\/\/campinglesgalets.fr\/ca\/wp-json\/wp\/v2\/pages"}],"about":[{"href":"https:\/\/campinglesgalets.fr\/ca\/wp-json\/wp\/v2\/types\/page"}],"author":[{"embeddable":true,"href":"https:\/\/campinglesgalets.fr\/ca\/wp-json\/wp\/v2\/users\/1"}],"replies":[{"embeddable":true,"href":"https:\/\/campinglesgalets.fr\/ca\/wp-json\/wp\/v2\/comments?post=25441"}],"version-history":[{"count":1,"href":"https:\/\/campinglesgalets.fr\/ca\/wp-json\/wp\/v2\/pages\/25441\/revisions"}],"predecessor-version":[{"id":311737,"href":"https:\/\/campinglesgalets.fr\/ca\/wp-json\/wp\/v2\/pages\/25441\/revisions\/311737"}],"wp:featuredmedia":[{"embeddable":true,"href":"https:\/\/campinglesgalets.fr\/ca\/wp-json\/wp\/v2\/media\/24394"}],"wp:attachment":[{"href":"https:\/\/campinglesgalets.fr\/ca\/wp-json\/wp\/v2\/media?parent=25441"}],"curies":[{"name":"wp","href":"https:\/\/api.w.org\/{rel}","templated":true}]}}